{"id":88397,"date":"2024-11-14T14:07:20","date_gmt":"2024-11-14T22:07:20","guid":{"rendered":"https:\/\/bcweededible.net\/buy\/uncategorized\/aaa-mystery-ounce\/"},"modified":"2026-03-30T16:45:05","modified_gmt":"2026-03-30T23:45:05","slug":"aaa-mystery-ounce","status":"publish","type":"product","link":"https:\/\/stgbc.bcweededible.net\/fr\/buy\/gros\/pot-gros\/aaa-mystery-ounce\/","title":{"rendered":"AAA Mystery Ounce"},"content":{"rendered":"<p><strong>Pourquoi Mystery Ounce ?<\/strong><br \/>\nNous recevons parfois des paquets de fleurs m\u00e9lang\u00e9es qui ne sont pas \u00e9tiquet\u00e9s ou qui ne r\u00e9pondent pas \u00e0 nos exigences en mati\u00e8re de poids. Plut\u00f4t que de laisser ces Buds de haute qualit\u00e9 inutilis\u00e9s, nous vous faisons profiter des \u00e9conomies r\u00e9alis\u00e9es ! Ainsi, vous avez le plaisir de d\u00e9couvrir ce que vous obtenez pour une fraction du prix. Pr\u00eat \u00e0 voir ce que votre once contient ? Commandez d\u00e8s maintenant dans notre <a href=\"https:\/\/stgbc.bcweededible.net\/fr\/shop\/fleurs-cannabis\/\" target=\"_new\" rel=\"noopener\">collection Cannabis Flowers<\/a> ou explorez d&#8217;autres options de premier ordre dans notre <a href=\"https:\/\/stgbc.bcweededible.net\/fr\/shop\/fleurs-cannabis\/aaaa\/\" target=\"_new\" rel=\"noopener\">section AAAA Grade<\/a>! <\/p>\n","protected":false},"excerpt":{"rendered":"<p>D\u00e9couvrez le frisson de l&#8217;inconnu avec notre <strong>Mystery Ounce<\/strong>, qui offre une qualit\u00e9 <strong>AAA<\/strong> \u00e0 un prix incroyable ! Chaque once est un m\u00e9lange soigneusement s\u00e9lectionn\u00e9 de buds de premi\u00e8re qualit\u00e9 &#8211; id\u00e9al pour ceux qui veulent du cannabis de qualit\u00e9 sans se ruiner. \ud83c\udf1f <strong>Points forts<\/strong>: <\/p>\n<ul>\n<li>Cannabis <strong>de qualit\u00e9 AAA<\/strong> pour une puissance et une saveur excellentes.<\/li>\n<li>Un <strong>accord gagnant-gagnant &#8211;<\/strong>des fleurs de <strong>qualit\u00e9 sup\u00e9rieure \u00e0<\/strong>un <strong>prix r\u00e9duit<\/strong>.<\/li>\n<li>Les stocks sont limit\u00e9s, ne les ratez pas !<\/li>\n<\/ul>\n","protected":false},"featured_media":88493,"comment_status":"open","ping_status":"closed","template":"","meta":[],"product_brand":[],"product_cat":[290,245,558,293,294,470,289,292,719,452,549],"product_tag":[],"class_list":{"0":"post-88397","1":"product","2":"type-product","3":"status-publish","4":"has-post-thumbnail","6":"product_cat-aaa","7":"product_cat-fleurs-cannabis","8":"product_cat-gros","9":"product_cat-hybrid-fr","10":"product_cat-indica-fr","11":"product_cat-livre-de-pot","12":"product_cat-99-oz-fr","13":"product_cat-ounces-pas-cher","14":"product_cat-popcorn-smalls-fr","15":"product_cat-pot-gros","16":"product_cat-promotions","18":"first","19":"instock","20":"featured","21":"shipping-taxable","22":"purchasable","23":"product-type-variable","24":"has-default-attributes"},"yoast_head":"\n<title>Acheter AAA Mystery Ounce en Ligne Canada | BC Weed Edible<\/title>\n<meta name=\"robots\" content=\"index, follow, max-snippet:-1, max-image-preview:large, max-video-preview:-1\" \/>\n<link rel=\"canonical\" href=\"https:\/\/stgbc.bcweededible.net\/fr\/buy\/gros\/pot-gros\/aaa-mystery-ounce\/\" \/>\n<meta property=\"og:locale\" content=\"fr_FR\" \/>\n<meta property=\"og:type\" content=\"article\" \/>\n<meta property=\"og:title\" content=\"Acheter AAA Mystery Ounce en Ligne Canada | BC Weed Edible\" \/>\n<meta property=\"og:description\" content=\"D\u00e9couvrez le frisson de l&#039;inconnu avec notre Mystery Ounce, qui offre une qualit\u00e9 AAA \u00e0 un prix incroyable ! Chaque once est un m\u00e9lange soigneusement s\u00e9lectionn\u00e9 de buds de premi\u00e8re qualit\u00e9 - id\u00e9al pour ceux qui veulent du cannabis de qualit\u00e9 sans se ruiner. \ud83c\udf1f Points forts: Cannabis de qualit\u00e9 AAA pour une puissance et une saveur excellentes. Un accord gagnant-gagnant -des fleurs de qualit\u00e9 sup\u00e9rieure \u00e0un prix r\u00e9duit. Les stocks sont limit\u00e9s, ne les ratez pas !\" \/>\n<meta property=\"og:url\" content=\"https:\/\/stgbc.bcweededible.net\/fr\/buy\/gros\/pot-gros\/aaa-mystery-ounce\/\" \/>\n<meta property=\"og:site_name\" content=\"BC Weed Edible\" \/>\n<meta property=\"article:modified_time\" content=\"2026-03-30T23:45:05+00:00\" \/>\n<meta property=\"og:image\" content=\"https:\/\/stgbc.bcweededible.net\/wp-content\/uploads\/2024\/11\/Mystery-Ounce-03.jpg\" \/>\n\t<meta property=\"og:image:width\" content=\"1080\" \/>\n\t<meta property=\"og:image:height\" content=\"1080\" \/>\n\t<meta property=\"og:image:type\" content=\"image\/jpeg\" \/>\n<meta name=\"twitter:card\" content=\"summary_large_image\" \/>\n<script type=\"application\/ld+json\" class=\"yoast-schema-graph\">{\"@context\":\"https:\\\/\\\/schema.org\",\"@graph\":[{\"@type\":\"WebPage\",\"@id\":\"https:\\\/\\\/stgbc.bcweededible.net\\\/fr\\\/buy\\\/gros\\\/pot-gros\\\/aaa-mystery-ounce\\\/\",\"url\":\"https:\\\/\\\/stgbc.bcweededible.net\\\/fr\\\/buy\\\/gros\\\/pot-gros\\\/aaa-mystery-ounce\\\/\",\"name\":\"Acheter AAA Mystery Ounce en Ligne Canada | BC Weed Edible\",\"isPartOf\":{\"@id\":\"https:\\\/\\\/stgbc.bcweededible.net\\\/fr\\\/#website\"},\"primaryImageOfPage\":{\"@id\":\"https:\\\/\\\/stgbc.bcweededible.net\\\/fr\\\/buy\\\/gros\\\/pot-gros\\\/aaa-mystery-ounce\\\/#primaryimage\"},\"image\":{\"@id\":\"https:\\\/\\\/stgbc.bcweededible.net\\\/fr\\\/buy\\\/gros\\\/pot-gros\\\/aaa-mystery-ounce\\\/#primaryimage\"},\"thumbnailUrl\":\"https:\\\/\\\/stgbc.bcweededible.net\\\/wp-content\\\/uploads\\\/2024\\\/11\\\/Mystery-Ounce-03.jpg\",\"datePublished\":\"2024-11-14T22:07:20+00:00\",\"dateModified\":\"2026-03-30T23:45:05+00:00\",\"breadcrumb\":{\"@id\":\"https:\\\/\\\/stgbc.bcweededible.net\\\/fr\\\/buy\\\/gros\\\/pot-gros\\\/aaa-mystery-ounce\\\/#breadcrumb\"},\"inLanguage\":\"fr-FR\",\"potentialAction\":[{\"@type\":\"ReadAction\",\"target\":[\"https:\\\/\\\/stgbc.bcweededible.net\\\/fr\\\/buy\\\/gros\\\/pot-gros\\\/aaa-mystery-ounce\\\/\"]}]},{\"@type\":\"ImageObject\",\"inLanguage\":\"fr-FR\",\"@id\":\"https:\\\/\\\/stgbc.bcweededible.net\\\/fr\\\/buy\\\/gros\\\/pot-gros\\\/aaa-mystery-ounce\\\/#primaryimage\",\"url\":\"https:\\\/\\\/stgbc.bcweededible.net\\\/wp-content\\\/uploads\\\/2024\\\/11\\\/Mystery-Ounce-03.jpg\",\"contentUrl\":\"https:\\\/\\\/stgbc.bcweededible.net\\\/wp-content\\\/uploads\\\/2024\\\/11\\\/Mystery-Ounce-03.jpg\",\"width\":1080,\"height\":1080,\"caption\":\"mystery weed ounce\"},{\"@type\":\"BreadcrumbList\",\"@id\":\"https:\\\/\\\/stgbc.bcweededible.net\\\/fr\\\/buy\\\/gros\\\/pot-gros\\\/aaa-mystery-ounce\\\/#breadcrumb\",\"itemListElement\":[{\"@type\":\"ListItem\",\"position\":1,\"name\":\"Jujubes au Pot Canada\",\"item\":\"https:\\\/\\\/stgbc.bcweededible.net\\\/fr\\\/shop\\\/\"},{\"@type\":\"ListItem\",\"position\":2,\"name\":\"AAA Mystery Ounce\"}]},{\"@type\":\"WebSite\",\"@id\":\"https:\\\/\\\/stgbc.bcweededible.net\\\/fr\\\/#website\",\"url\":\"https:\\\/\\\/stgbc.bcweededible.net\\\/fr\\\/\",\"name\":\"BC Weed Edible\",\"description\":\"\",\"publisher\":{\"@id\":\"https:\\\/\\\/stgbc.bcweededible.net\\\/fr\\\/#organization\"},\"potentialAction\":[{\"@type\":\"SearchAction\",\"target\":{\"@type\":\"EntryPoint\",\"urlTemplate\":\"https:\\\/\\\/stgbc.bcweededible.net\\\/fr\\\/?s={search_term_string}\"},\"query-input\":{\"@type\":\"PropertyValueSpecification\",\"valueRequired\":true,\"valueName\":\"search_term_string\"}}],\"inLanguage\":\"fr-FR\"},{\"@type\":\"Organization\",\"@id\":\"https:\\\/\\\/stgbc.bcweededible.net\\\/fr\\\/#organization\",\"name\":\"BC Weed Edible\",\"url\":\"https:\\\/\\\/stgbc.bcweededible.net\\\/fr\\\/\",\"logo\":{\"@type\":\"ImageObject\",\"inLanguage\":\"fr-FR\",\"@id\":\"https:\\\/\\\/stgbc.bcweededible.net\\\/fr\\\/#\\\/schema\\\/logo\\\/image\\\/\",\"url\":\"https:\\\/\\\/stgbc.bcweededible.net\\\/wp-content\\\/uploads\\\/2021\\\/12\\\/bc-weed-edible-canada.png\",\"contentUrl\":\"https:\\\/\\\/stgbc.bcweededible.net\\\/wp-content\\\/uploads\\\/2021\\\/12\\\/bc-weed-edible-canada.png\",\"width\":270,\"height\":185,\"caption\":\"BC Weed Edible\"},\"image\":{\"@id\":\"https:\\\/\\\/stgbc.bcweededible.net\\\/fr\\\/#\\\/schema\\\/logo\\\/image\\\/\"}}]}<\/script>\n","yoast_head_json":{"title":"Acheter AAA Mystery Ounce en Ligne Canada | BC Weed Edible","robots":{"index":"index","follow":"follow","max-snippet":"max-snippet:-1","max-image-preview":"max-image-preview:large","max-video-preview":"max-video-preview:-1"},"canonical":"https:\/\/stgbc.bcweededible.net\/fr\/buy\/gros\/pot-gros\/aaa-mystery-ounce\/","og_locale":"fr_FR","og_type":"article","og_title":"Acheter AAA Mystery Ounce en Ligne Canada | BC Weed Edible","og_description":"D\u00e9couvrez le frisson de l'inconnu avec notre Mystery Ounce, qui offre une qualit\u00e9 AAA \u00e0 un prix incroyable ! Chaque once est un m\u00e9lange soigneusement s\u00e9lectionn\u00e9 de buds de premi\u00e8re qualit\u00e9 - id\u00e9al pour ceux qui veulent du cannabis de qualit\u00e9 sans se ruiner. \ud83c\udf1f Points forts: Cannabis de qualit\u00e9 AAA pour une puissance et une saveur excellentes. Un accord gagnant-gagnant -des fleurs de qualit\u00e9 sup\u00e9rieure \u00e0un prix r\u00e9duit. Les stocks sont limit\u00e9s, ne les ratez pas !","og_url":"https:\/\/stgbc.bcweededible.net\/fr\/buy\/gros\/pot-gros\/aaa-mystery-ounce\/","og_site_name":"BC Weed Edible","article_modified_time":"2026-03-30T23:45:05+00:00","og_image":[{"width":1080,"height":1080,"url":"https:\/\/stgbc.bcweededible.net\/wp-content\/uploads\/2024\/11\/Mystery-Ounce-03.jpg","type":"image\/jpeg"}],"twitter_card":"summary_large_image","schema":{"@context":"https:\/\/schema.org","@graph":[{"@type":"WebPage","@id":"https:\/\/stgbc.bcweededible.net\/fr\/buy\/gros\/pot-gros\/aaa-mystery-ounce\/","url":"https:\/\/stgbc.bcweededible.net\/fr\/buy\/gros\/pot-gros\/aaa-mystery-ounce\/","name":"Acheter AAA Mystery Ounce en Ligne Canada | BC Weed Edible","isPartOf":{"@id":"https:\/\/stgbc.bcweededible.net\/fr\/#website"},"primaryImageOfPage":{"@id":"https:\/\/stgbc.bcweededible.net\/fr\/buy\/gros\/pot-gros\/aaa-mystery-ounce\/#primaryimage"},"image":{"@id":"https:\/\/stgbc.bcweededible.net\/fr\/buy\/gros\/pot-gros\/aaa-mystery-ounce\/#primaryimage"},"thumbnailUrl":"https:\/\/stgbc.bcweededible.net\/wp-content\/uploads\/2024\/11\/Mystery-Ounce-03.jpg","datePublished":"2024-11-14T22:07:20+00:00","dateModified":"2026-03-30T23:45:05+00:00","breadcrumb":{"@id":"https:\/\/stgbc.bcweededible.net\/fr\/buy\/gros\/pot-gros\/aaa-mystery-ounce\/#breadcrumb"},"inLanguage":"fr-FR","potentialAction":[{"@type":"ReadAction","target":["https:\/\/stgbc.bcweededible.net\/fr\/buy\/gros\/pot-gros\/aaa-mystery-ounce\/"]}]},{"@type":"ImageObject","inLanguage":"fr-FR","@id":"https:\/\/stgbc.bcweededible.net\/fr\/buy\/gros\/pot-gros\/aaa-mystery-ounce\/#primaryimage","url":"https:\/\/stgbc.bcweededible.net\/wp-content\/uploads\/2024\/11\/Mystery-Ounce-03.jpg","contentUrl":"https:\/\/stgbc.bcweededible.net\/wp-content\/uploads\/2024\/11\/Mystery-Ounce-03.jpg","width":1080,"height":1080,"caption":"mystery weed ounce"},{"@type":"BreadcrumbList","@id":"https:\/\/stgbc.bcweededible.net\/fr\/buy\/gros\/pot-gros\/aaa-mystery-ounce\/#breadcrumb","itemListElement":[{"@type":"ListItem","position":1,"name":"Jujubes au Pot Canada","item":"https:\/\/stgbc.bcweededible.net\/fr\/shop\/"},{"@type":"ListItem","position":2,"name":"AAA Mystery Ounce"}]},{"@type":"WebSite","@id":"https:\/\/stgbc.bcweededible.net\/fr\/#website","url":"https:\/\/stgbc.bcweededible.net\/fr\/","name":"BC Weed Edible","description":"","publisher":{"@id":"https:\/\/stgbc.bcweededible.net\/fr\/#organization"},"potentialAction":[{"@type":"SearchAction","target":{"@type":"EntryPoint","urlTemplate":"https:\/\/stgbc.bcweededible.net\/fr\/?s={search_term_string}"},"query-input":{"@type":"PropertyValueSpecification","valueRequired":true,"valueName":"search_term_string"}}],"inLanguage":"fr-FR"},{"@type":"Organization","@id":"https:\/\/stgbc.bcweededible.net\/fr\/#organization","name":"BC Weed Edible","url":"https:\/\/stgbc.bcweededible.net\/fr\/","logo":{"@type":"ImageObject","inLanguage":"fr-FR","@id":"https:\/\/stgbc.bcweededible.net\/fr\/#\/schema\/logo\/image\/","url":"https:\/\/stgbc.bcweededible.net\/wp-content\/uploads\/2021\/12\/bc-weed-edible-canada.png","contentUrl":"https:\/\/stgbc.bcweededible.net\/wp-content\/uploads\/2021\/12\/bc-weed-edible-canada.png","width":270,"height":185,"caption":"BC Weed Edible"},"image":{"@id":"https:\/\/stgbc.bcweededible.net\/fr\/#\/schema\/logo\/image\/"}}]}},"_links":{"self":[{"href":"https:\/\/stgbc.bcweededible.net\/fr\/wp-json\/wp\/v2\/product\/88397","targetHints":{"allow":["GET"]}}],"collection":[{"href":"https:\/\/stgbc.bcweededible.net\/fr\/wp-json\/wp\/v2\/product"}],"about":[{"href":"https:\/\/stgbc.bcweededible.net\/fr\/wp-json\/wp\/v2\/types\/product"}],"replies":[{"embeddable":true,"href":"https:\/\/stgbc.bcweededible.net\/fr\/wp-json\/wp\/v2\/comments?post=88397"}],"wp:featuredmedia":[{"embeddable":true,"href":"https:\/\/stgbc.bcweededible.net\/fr\/wp-json\/wp\/v2\/media\/88493"}],"wp:attachment":[{"href":"https:\/\/stgbc.bcweededible.net\/fr\/wp-json\/wp\/v2\/media?parent=88397"}],"wp:term":[{"taxonomy":"product_brand","embeddable":true,"href":"https:\/\/stgbc.bcweededible.net\/fr\/wp-json\/wp\/v2\/product_brand?post=88397"},{"taxonomy":"product_cat","embeddable":true,"href":"https:\/\/stgbc.bcweededible.net\/fr\/wp-json\/wp\/v2\/product_cat?post=88397"},{"taxonomy":"product_tag","embeddable":true,"href":"https:\/\/stgbc.bcweededible.net\/fr\/wp-json\/wp\/v2\/product_tag?post=88397"}],"curies":[{"name":"wp","href":"https:\/\/api.w.org\/{rel}","templated":true}]}}