{"id":88391,"date":"2024-11-12T15:21:21","date_gmt":"2024-11-27T20:55:00","guid":{"rendered":"https:\/\/bcweededible.net\/buy\/uncategorized\/chariots-de-vaporisation-a-effet-en-vrac-50-chariots\/"},"modified":"2025-01-21T11:43:07","modified_gmt":"2025-01-21T19:43:07","slug":"chariots-de-vaporisation-a-effet-en-vrac-50-chariots","status":"publish","type":"product","link":"https:\/\/stgbc.bcweededible.net\/fr\/buy\/marques\/eden-edibles-fr\/eden-en-vrac\/chariots-de-vaporisation-a-effet-en-vrac-50-chariots\/","title":{"rendered":"Chariots de vaporisation \u00e0 effet en vrac (50 chariots)"},"content":{"rendered":"","protected":false},"excerpt":{"rendered":"<p>D\u00e9couvrez les <strong>cartouches de vape<\/strong> Eden <strong>\u00e0 effet de 1 gramme<\/strong>, maintenant disponibles avec une <strong>r\u00e9duction<\/strong> remarquable <strong>de 50%<\/strong>. Chaque cartouche contient 1 gramme d&#8217;extrait cibl\u00e9 sur l&#8217;effet, choisissez entre les effets Chill, Social &amp; Focus. D\u00e9couvrez la nouvelle g\u00e9n\u00e9ration de cartouches de vape utilisant un \u00e9quilibre parfait de cannabino\u00efdes et de terp\u00e8nes. <\/p>\n<table class=\"wccs-bulk-pricing-table wccs-horizontal-table\">\n<tbody>\n<tr>\n<th>Entr\u00e9e<\/th>\n<th>THC, CBD, CBN ou CBG<\/th>\n<\/tr>\n<tr>\n<td>Puissance du THC<\/td>\n<td>70%<\/td>\n<\/tr>\n<tr>\n<td>Teneur en terp\u00e8nes<\/td>\n<td>8-12%<\/td>\n<\/tr>\n<tr>\n<td>Quantit\u00e9<\/td>\n<td>1000mg par cartouche<\/td>\n<\/tr>\n<tr>\n<td>Prix unitaire<\/td>\n<td>$17.5<\/td>\n<\/tr>\n<tr>\n<td>Nombre d&#8217;unit\u00e9s<\/td>\n<td>50<\/td>\n<\/tr>\n<\/tbody>\n<\/table>\n","protected":false},"featured_media":87960,"comment_status":"open","ping_status":"closed","template":"","meta":[],"product_brand":[],"product_cat":[288,803,305,306,664,768,558,287,665],"product_tag":[],"class_list":{"0":"post-88391","1":"product","2":"type-product","3":"status-publish","4":"has-post-thumbnail","6":"product_cat-cartouches-distillat","7":"product_cat-cartouches-thc","8":"product_cat-concentres","9":"product_cat-distillat","10":"product_cat-eden-edibles-fr","11":"product_cat-eden-en-vrac","12":"product_cat-gros","13":"product_cat-vape","14":"product_cat-vapoteuse-thc-gros","16":"first","17":"instock","18":"sale","19":"shipping-taxable","20":"purchasable","21":"product-type-mix-and-match"},"yoast_head":"\n<title>Acheter un Chariots de vaporisation \u00e0 effet en vrac (50 chariots) au Canada | BC Weed Edible<\/title>\n<meta name=\"robots\" content=\"index, follow, max-snippet:-1, max-image-preview:large, max-video-preview:-1\" \/>\n<link rel=\"canonical\" href=\"https:\/\/stgbc.bcweededible.net\/fr\/buy\/marques\/eden-edibles-fr\/eden-en-vrac\/chariots-de-vaporisation-a-effet-en-vrac-50-chariots\/\" \/>\n<meta property=\"og:locale\" content=\"fr_FR\" \/>\n<meta property=\"og:type\" content=\"article\" \/>\n<meta property=\"og:title\" content=\"Acheter un Chariots de vaporisation \u00e0 effet en vrac (50 chariots) au Canada | BC Weed Edible\" \/>\n<meta property=\"og:description\" content=\"D\u00e9couvrez les cartouches de vape Eden \u00e0 effet de 1 gramme, maintenant disponibles avec une r\u00e9duction remarquable de 50%. Chaque cartouche contient 1 gramme d&#039;extrait cibl\u00e9 sur l&#039;effet, choisissez entre les effets Chill, Social &amp; Focus. D\u00e9couvrez la nouvelle g\u00e9n\u00e9ration de cartouches de vape utilisant un \u00e9quilibre parfait de cannabino\u00efdes et de terp\u00e8nes. Entr\u00e9e THC, CBD, CBN ou CBG Puissance du THC 70% Teneur en terp\u00e8nes 8-12% Quantit\u00e9 1000mg par cartouche Prix unitaire $17.5 Nombre d&#039;unit\u00e9s 50\" \/>\n<meta property=\"og:url\" content=\"https:\/\/stgbc.bcweededible.net\/fr\/buy\/marques\/eden-edibles-fr\/eden-en-vrac\/chariots-de-vaporisation-a-effet-en-vrac-50-chariots\/\" \/>\n<meta property=\"og:site_name\" content=\"BC Weed Edible\" \/>\n<meta property=\"article:modified_time\" content=\"2025-01-21T19:43:07+00:00\" \/>\n<meta property=\"og:image\" content=\"https:\/\/stgbc.bcweededible.net\/wp-content\/uploads\/2024\/11\/Bulk-effect-carts-01.jpg\" \/>\n\t<meta property=\"og:image:width\" content=\"800\" \/>\n\t<meta property=\"og:image:height\" content=\"800\" \/>\n\t<meta property=\"og:image:type\" content=\"image\/jpeg\" \/>\n<meta name=\"twitter:card\" content=\"summary_large_image\" \/>\n<script type=\"application\/ld+json\" class=\"yoast-schema-graph\">{\"@context\":\"https:\\\/\\\/schema.org\",\"@graph\":[{\"@type\":\"WebPage\",\"@id\":\"https:\\\/\\\/stgbc.bcweededible.net\\\/fr\\\/buy\\\/marques\\\/eden-edibles-fr\\\/eden-en-vrac\\\/chariots-de-vaporisation-a-effet-en-vrac-50-chariots\\\/\",\"url\":\"https:\\\/\\\/stgbc.bcweededible.net\\\/fr\\\/buy\\\/marques\\\/eden-edibles-fr\\\/eden-en-vrac\\\/chariots-de-vaporisation-a-effet-en-vrac-50-chariots\\\/\",\"name\":\"Acheter un Chariots de vaporisation \u00e0 effet en vrac (50 chariots) au Canada | BC Weed Edible\",\"isPartOf\":{\"@id\":\"https:\\\/\\\/stgbc.bcweededible.net\\\/fr\\\/#website\"},\"primaryImageOfPage\":{\"@id\":\"https:\\\/\\\/stgbc.bcweededible.net\\\/fr\\\/buy\\\/marques\\\/eden-edibles-fr\\\/eden-en-vrac\\\/chariots-de-vaporisation-a-effet-en-vrac-50-chariots\\\/#primaryimage\"},\"image\":{\"@id\":\"https:\\\/\\\/stgbc.bcweededible.net\\\/fr\\\/buy\\\/marques\\\/eden-edibles-fr\\\/eden-en-vrac\\\/chariots-de-vaporisation-a-effet-en-vrac-50-chariots\\\/#primaryimage\"},\"thumbnailUrl\":\"https:\\\/\\\/stgbc.bcweededible.net\\\/wp-content\\\/uploads\\\/2024\\\/11\\\/Bulk-effect-carts-01.jpg\",\"datePublished\":\"2024-11-27T20:55:00+00:00\",\"dateModified\":\"2025-01-21T19:43:07+00:00\",\"breadcrumb\":{\"@id\":\"https:\\\/\\\/stgbc.bcweededible.net\\\/fr\\\/buy\\\/marques\\\/eden-edibles-fr\\\/eden-en-vrac\\\/chariots-de-vaporisation-a-effet-en-vrac-50-chariots\\\/#breadcrumb\"},\"inLanguage\":\"fr-FR\",\"potentialAction\":[{\"@type\":\"ReadAction\",\"target\":[\"https:\\\/\\\/stgbc.bcweededible.net\\\/fr\\\/buy\\\/marques\\\/eden-edibles-fr\\\/eden-en-vrac\\\/chariots-de-vaporisation-a-effet-en-vrac-50-chariots\\\/\"]}]},{\"@type\":\"ImageObject\",\"inLanguage\":\"fr-FR\",\"@id\":\"https:\\\/\\\/stgbc.bcweededible.net\\\/fr\\\/buy\\\/marques\\\/eden-edibles-fr\\\/eden-en-vrac\\\/chariots-de-vaporisation-a-effet-en-vrac-50-chariots\\\/#primaryimage\",\"url\":\"https:\\\/\\\/stgbc.bcweededible.net\\\/wp-content\\\/uploads\\\/2024\\\/11\\\/Bulk-effect-carts-01.jpg\",\"contentUrl\":\"https:\\\/\\\/stgbc.bcweededible.net\\\/wp-content\\\/uploads\\\/2024\\\/11\\\/Bulk-effect-carts-01.jpg\",\"width\":800,\"height\":800,\"caption\":\"bulk effect vape carts\"},{\"@type\":\"BreadcrumbList\",\"@id\":\"https:\\\/\\\/stgbc.bcweededible.net\\\/fr\\\/buy\\\/marques\\\/eden-edibles-fr\\\/eden-en-vrac\\\/chariots-de-vaporisation-a-effet-en-vrac-50-chariots\\\/#breadcrumb\",\"itemListElement\":[{\"@type\":\"ListItem\",\"position\":1,\"name\":\"Jujubes au Pot Canada\",\"item\":\"https:\\\/\\\/stgbc.bcweededible.net\\\/fr\\\/shop\\\/\"},{\"@type\":\"ListItem\",\"position\":2,\"name\":\"Chariots de vaporisation \u00e0 effet en vrac (50 chariots)\"}]},{\"@type\":\"WebSite\",\"@id\":\"https:\\\/\\\/stgbc.bcweededible.net\\\/fr\\\/#website\",\"url\":\"https:\\\/\\\/stgbc.bcweededible.net\\\/fr\\\/\",\"name\":\"BC Weed Edible\",\"description\":\"\",\"publisher\":{\"@id\":\"https:\\\/\\\/stgbc.bcweededible.net\\\/fr\\\/#organization\"},\"potentialAction\":[{\"@type\":\"SearchAction\",\"target\":{\"@type\":\"EntryPoint\",\"urlTemplate\":\"https:\\\/\\\/stgbc.bcweededible.net\\\/fr\\\/?s={search_term_string}\"},\"query-input\":{\"@type\":\"PropertyValueSpecification\",\"valueRequired\":true,\"valueName\":\"search_term_string\"}}],\"inLanguage\":\"fr-FR\"},{\"@type\":\"Organization\",\"@id\":\"https:\\\/\\\/stgbc.bcweededible.net\\\/fr\\\/#organization\",\"name\":\"BC Weed Edible\",\"url\":\"https:\\\/\\\/stgbc.bcweededible.net\\\/fr\\\/\",\"logo\":{\"@type\":\"ImageObject\",\"inLanguage\":\"fr-FR\",\"@id\":\"https:\\\/\\\/stgbc.bcweededible.net\\\/fr\\\/#\\\/schema\\\/logo\\\/image\\\/\",\"url\":\"https:\\\/\\\/stgbc.bcweededible.net\\\/wp-content\\\/uploads\\\/2021\\\/12\\\/bc-weed-edible-canada.png\",\"contentUrl\":\"https:\\\/\\\/stgbc.bcweededible.net\\\/wp-content\\\/uploads\\\/2021\\\/12\\\/bc-weed-edible-canada.png\",\"width\":270,\"height\":185,\"caption\":\"BC Weed Edible\"},\"image\":{\"@id\":\"https:\\\/\\\/stgbc.bcweededible.net\\\/fr\\\/#\\\/schema\\\/logo\\\/image\\\/\"}}]}<\/script>\n","yoast_head_json":{"title":"Acheter un Chariots de vaporisation \u00e0 effet en vrac (50 chariots) au Canada | BC Weed Edible","robots":{"index":"index","follow":"follow","max-snippet":"max-snippet:-1","max-image-preview":"max-image-preview:large","max-video-preview":"max-video-preview:-1"},"canonical":"https:\/\/stgbc.bcweededible.net\/fr\/buy\/marques\/eden-edibles-fr\/eden-en-vrac\/chariots-de-vaporisation-a-effet-en-vrac-50-chariots\/","og_locale":"fr_FR","og_type":"article","og_title":"Acheter un Chariots de vaporisation \u00e0 effet en vrac (50 chariots) au Canada | BC Weed Edible","og_description":"D\u00e9couvrez les cartouches de vape Eden \u00e0 effet de 1 gramme, maintenant disponibles avec une r\u00e9duction remarquable de 50%. Chaque cartouche contient 1 gramme d'extrait cibl\u00e9 sur l'effet, choisissez entre les effets Chill, Social &amp; Focus. D\u00e9couvrez la nouvelle g\u00e9n\u00e9ration de cartouches de vape utilisant un \u00e9quilibre parfait de cannabino\u00efdes et de terp\u00e8nes. Entr\u00e9e THC, CBD, CBN ou CBG Puissance du THC 70% Teneur en terp\u00e8nes 8-12% Quantit\u00e9 1000mg par cartouche Prix unitaire $17.5 Nombre d'unit\u00e9s 50","og_url":"https:\/\/stgbc.bcweededible.net\/fr\/buy\/marques\/eden-edibles-fr\/eden-en-vrac\/chariots-de-vaporisation-a-effet-en-vrac-50-chariots\/","og_site_name":"BC Weed Edible","article_modified_time":"2025-01-21T19:43:07+00:00","og_image":[{"width":800,"height":800,"url":"https:\/\/stgbc.bcweededible.net\/wp-content\/uploads\/2024\/11\/Bulk-effect-carts-01.jpg","type":"image\/jpeg"}],"twitter_card":"summary_large_image","schema":{"@context":"https:\/\/schema.org","@graph":[{"@type":"WebPage","@id":"https:\/\/stgbc.bcweededible.net\/fr\/buy\/marques\/eden-edibles-fr\/eden-en-vrac\/chariots-de-vaporisation-a-effet-en-vrac-50-chariots\/","url":"https:\/\/stgbc.bcweededible.net\/fr\/buy\/marques\/eden-edibles-fr\/eden-en-vrac\/chariots-de-vaporisation-a-effet-en-vrac-50-chariots\/","name":"Acheter un Chariots de vaporisation \u00e0 effet en vrac (50 chariots) au Canada | BC Weed Edible","isPartOf":{"@id":"https:\/\/stgbc.bcweededible.net\/fr\/#website"},"primaryImageOfPage":{"@id":"https:\/\/stgbc.bcweededible.net\/fr\/buy\/marques\/eden-edibles-fr\/eden-en-vrac\/chariots-de-vaporisation-a-effet-en-vrac-50-chariots\/#primaryimage"},"image":{"@id":"https:\/\/stgbc.bcweededible.net\/fr\/buy\/marques\/eden-edibles-fr\/eden-en-vrac\/chariots-de-vaporisation-a-effet-en-vrac-50-chariots\/#primaryimage"},"thumbnailUrl":"https:\/\/stgbc.bcweededible.net\/wp-content\/uploads\/2024\/11\/Bulk-effect-carts-01.jpg","datePublished":"2024-11-27T20:55:00+00:00","dateModified":"2025-01-21T19:43:07+00:00","breadcrumb":{"@id":"https:\/\/stgbc.bcweededible.net\/fr\/buy\/marques\/eden-edibles-fr\/eden-en-vrac\/chariots-de-vaporisation-a-effet-en-vrac-50-chariots\/#breadcrumb"},"inLanguage":"fr-FR","potentialAction":[{"@type":"ReadAction","target":["https:\/\/stgbc.bcweededible.net\/fr\/buy\/marques\/eden-edibles-fr\/eden-en-vrac\/chariots-de-vaporisation-a-effet-en-vrac-50-chariots\/"]}]},{"@type":"ImageObject","inLanguage":"fr-FR","@id":"https:\/\/stgbc.bcweededible.net\/fr\/buy\/marques\/eden-edibles-fr\/eden-en-vrac\/chariots-de-vaporisation-a-effet-en-vrac-50-chariots\/#primaryimage","url":"https:\/\/stgbc.bcweededible.net\/wp-content\/uploads\/2024\/11\/Bulk-effect-carts-01.jpg","contentUrl":"https:\/\/stgbc.bcweededible.net\/wp-content\/uploads\/2024\/11\/Bulk-effect-carts-01.jpg","width":800,"height":800,"caption":"bulk effect vape carts"},{"@type":"BreadcrumbList","@id":"https:\/\/stgbc.bcweededible.net\/fr\/buy\/marques\/eden-edibles-fr\/eden-en-vrac\/chariots-de-vaporisation-a-effet-en-vrac-50-chariots\/#breadcrumb","itemListElement":[{"@type":"ListItem","position":1,"name":"Jujubes au Pot Canada","item":"https:\/\/stgbc.bcweededible.net\/fr\/shop\/"},{"@type":"ListItem","position":2,"name":"Chariots de vaporisation \u00e0 effet en vrac (50 chariots)"}]},{"@type":"WebSite","@id":"https:\/\/stgbc.bcweededible.net\/fr\/#website","url":"https:\/\/stgbc.bcweededible.net\/fr\/","name":"BC Weed Edible","description":"","publisher":{"@id":"https:\/\/stgbc.bcweededible.net\/fr\/#organization"},"potentialAction":[{"@type":"SearchAction","target":{"@type":"EntryPoint","urlTemplate":"https:\/\/stgbc.bcweededible.net\/fr\/?s={search_term_string}"},"query-input":{"@type":"PropertyValueSpecification","valueRequired":true,"valueName":"search_term_string"}}],"inLanguage":"fr-FR"},{"@type":"Organization","@id":"https:\/\/stgbc.bcweededible.net\/fr\/#organization","name":"BC Weed Edible","url":"https:\/\/stgbc.bcweededible.net\/fr\/","logo":{"@type":"ImageObject","inLanguage":"fr-FR","@id":"https:\/\/stgbc.bcweededible.net\/fr\/#\/schema\/logo\/image\/","url":"https:\/\/stgbc.bcweededible.net\/wp-content\/uploads\/2021\/12\/bc-weed-edible-canada.png","contentUrl":"https:\/\/stgbc.bcweededible.net\/wp-content\/uploads\/2021\/12\/bc-weed-edible-canada.png","width":270,"height":185,"caption":"BC Weed Edible"},"image":{"@id":"https:\/\/stgbc.bcweededible.net\/fr\/#\/schema\/logo\/image\/"}}]}},"_links":{"self":[{"href":"https:\/\/stgbc.bcweededible.net\/fr\/wp-json\/wp\/v2\/product\/88391","targetHints":{"allow":["GET"]}}],"collection":[{"href":"https:\/\/stgbc.bcweededible.net\/fr\/wp-json\/wp\/v2\/product"}],"about":[{"href":"https:\/\/stgbc.bcweededible.net\/fr\/wp-json\/wp\/v2\/types\/product"}],"replies":[{"embeddable":true,"href":"https:\/\/stgbc.bcweededible.net\/fr\/wp-json\/wp\/v2\/comments?post=88391"}],"wp:featuredmedia":[{"embeddable":true,"href":"https:\/\/stgbc.bcweededible.net\/fr\/wp-json\/wp\/v2\/media\/87960"}],"wp:attachment":[{"href":"https:\/\/stgbc.bcweededible.net\/fr\/wp-json\/wp\/v2\/media?parent=88391"}],"wp:term":[{"taxonomy":"product_brand","embeddable":true,"href":"https:\/\/stgbc.bcweededible.net\/fr\/wp-json\/wp\/v2\/product_brand?post=88391"},{"taxonomy":"product_cat","embeddable":true,"href":"https:\/\/stgbc.bcweededible.net\/fr\/wp-json\/wp\/v2\/product_cat?post=88391"},{"taxonomy":"product_tag","embeddable":true,"href":"https:\/\/stgbc.bcweededible.net\/fr\/wp-json\/wp\/v2\/product_tag?post=88391"}],"curies":[{"name":"wp","href":"https:\/\/api.w.org\/{rel}","templated":true}]}}