{"id":88390,"date":"2024-11-12T11:09:55","date_gmt":"2024-11-12T19:09:55","guid":{"rendered":"https:\/\/bcweededible.net\/buy\/uncategorized\/eden-12-cbd-vape-cart-social\/"},"modified":"2026-03-30T13:00:23","modified_gmt":"2026-03-30T20:00:23","slug":"eden-12-cbd-vape-cart-social","status":"publish","type":"product","link":"https:\/\/stgbc.bcweededible.net\/fr\/buy\/marques\/eden-edibles-fr\/eden-12-cbd-vape-cart-social\/","title":{"rendered":"Eden 1:2 CBD Vape Cart (Social)"},"content":{"rendered":"<table>\n<thead>\n<tr>\n<th><strong>Sp\u00e9cifications du produit<\/strong><\/th>\n<th><strong>D\u00e9tails<\/strong><\/th>\n<\/tr>\n<\/thead>\n<tbody>\n<tr>\n<td><strong>Rapport entre les cannabino\u00efdes<\/strong><\/td>\n<td>1:2 CBD<\/p>\n<div><\/div>\n<\/td>\n<\/tr>\n<tr>\n<td><strong>Go\u00fbt<\/strong><\/td>\n<td>Mangue<\/td>\n<\/tr>\n<tr>\n<td><strong>Effet<\/strong><\/td>\n<td>Social<\/td>\n<\/tr>\n<tr>\n<td><strong>Type de cartouche<\/strong><\/td>\n<td>Cartouche de vaporisation<\/td>\n<\/tr>\n<tr>\n<td><strong>Utilisation<\/strong><\/td>\n<td>D\u00e9tente et socialisation<\/td>\n<\/tr>\n<\/tbody>\n<\/table>\n","protected":false},"excerpt":{"rendered":"<p>Trouvez l&#8217;ambiance sociale qui vous convient avec le<strong> chariot de vaporisation CBD 1:2 d&#8217;Eden<\/strong>, con\u00e7u de mani\u00e8re experte avec une saveur de mangue rafra\u00eechissante et un rapport \u00e9quilibr\u00e9 de 1:2 entre le CBD et le THC, qui vous apportera d\u00e9tente et l\u00e9g\u00e8ret\u00e9, o\u00f9 que vous soyez.<\/p>\n","protected":false},"featured_media":87422,"comment_status":"open","ping_status":"closed","template":"","meta":[],"product_brand":[],"product_cat":[288,803,305,306,664,287,637],"product_tag":[],"class_list":{"0":"post-88390","1":"product","2":"type-product","3":"status-publish","4":"has-post-thumbnail","6":"product_cat-cartouches-distillat","7":"product_cat-cartouches-thc","8":"product_cat-concentres","9":"product_cat-distillat","10":"product_cat-eden-edibles-fr","11":"product_cat-vape","12":"product_cat-jetable","14":"first","15":"instock","16":"shipping-taxable","17":"purchasable","18":"product-type-simple"},"yoast_head":"\n<title>Acheter Eden 1:2 CBD Vape Cart (Social) Canada | BC Weed Edible<\/title>\n<meta name=\"robots\" content=\"index, follow, max-snippet:-1, max-image-preview:large, max-video-preview:-1\" \/>\n<link rel=\"canonical\" href=\"https:\/\/stgbc.bcweededible.net\/fr\/buy\/marques\/eden-edibles-fr\/eden-12-cbd-vape-cart-social\/\" \/>\n<meta property=\"og:locale\" content=\"fr_FR\" \/>\n<meta property=\"og:type\" content=\"article\" \/>\n<meta property=\"og:title\" content=\"Acheter Eden 1:2 CBD Vape Cart (Social) Canada | BC Weed Edible\" \/>\n<meta property=\"og:description\" content=\"Trouvez l&#039;ambiance sociale qui vous convient avec le chariot de vaporisation CBD 1:2 d&#039;Eden, con\u00e7u de mani\u00e8re experte avec une saveur de mangue rafra\u00eechissante et un rapport \u00e9quilibr\u00e9 de 1:2 entre le CBD et le THC, qui vous apportera d\u00e9tente et l\u00e9g\u00e8ret\u00e9, o\u00f9 que vous soyez.\" \/>\n<meta property=\"og:url\" content=\"https:\/\/stgbc.bcweededible.net\/fr\/buy\/marques\/eden-edibles-fr\/eden-12-cbd-vape-cart-social\/\" \/>\n<meta property=\"og:site_name\" content=\"BC Weed Edible\" \/>\n<meta property=\"article:modified_time\" content=\"2026-03-30T20:00:23+00:00\" \/>\n<meta property=\"og:image\" content=\"https:\/\/stgbc.bcweededible.net\/wp-content\/uploads\/2024\/11\/Vape-Cartridge-Effect-Social-Yellow.jpg\" \/>\n\t<meta property=\"og:image:width\" content=\"1080\" \/>\n\t<meta property=\"og:image:height\" content=\"1080\" \/>\n\t<meta property=\"og:image:type\" content=\"image\/jpeg\" \/>\n<meta name=\"twitter:card\" content=\"summary_large_image\" \/>\n<script type=\"application\/ld+json\" class=\"yoast-schema-graph\">{\"@context\":\"https:\\\/\\\/schema.org\",\"@graph\":[{\"@type\":\"WebPage\",\"@id\":\"https:\\\/\\\/stgbc.bcweededible.net\\\/fr\\\/buy\\\/marques\\\/eden-edibles-fr\\\/eden-12-cbd-vape-cart-social\\\/\",\"url\":\"https:\\\/\\\/stgbc.bcweededible.net\\\/fr\\\/buy\\\/marques\\\/eden-edibles-fr\\\/eden-12-cbd-vape-cart-social\\\/\",\"name\":\"Acheter Eden 1:2 CBD Vape Cart (Social) Canada | BC Weed Edible\",\"isPartOf\":{\"@id\":\"https:\\\/\\\/stgbc.bcweededible.net\\\/fr\\\/#website\"},\"primaryImageOfPage\":{\"@id\":\"https:\\\/\\\/stgbc.bcweededible.net\\\/fr\\\/buy\\\/marques\\\/eden-edibles-fr\\\/eden-12-cbd-vape-cart-social\\\/#primaryimage\"},\"image\":{\"@id\":\"https:\\\/\\\/stgbc.bcweededible.net\\\/fr\\\/buy\\\/marques\\\/eden-edibles-fr\\\/eden-12-cbd-vape-cart-social\\\/#primaryimage\"},\"thumbnailUrl\":\"https:\\\/\\\/stgbc.bcweededible.net\\\/wp-content\\\/uploads\\\/2024\\\/11\\\/Vape-Cartridge-Effect-Social-Yellow.jpg\",\"datePublished\":\"2024-11-12T19:09:55+00:00\",\"dateModified\":\"2026-03-30T20:00:23+00:00\",\"breadcrumb\":{\"@id\":\"https:\\\/\\\/stgbc.bcweededible.net\\\/fr\\\/buy\\\/marques\\\/eden-edibles-fr\\\/eden-12-cbd-vape-cart-social\\\/#breadcrumb\"},\"inLanguage\":\"fr-FR\",\"potentialAction\":[{\"@type\":\"ReadAction\",\"target\":[\"https:\\\/\\\/stgbc.bcweededible.net\\\/fr\\\/buy\\\/marques\\\/eden-edibles-fr\\\/eden-12-cbd-vape-cart-social\\\/\"]}]},{\"@type\":\"ImageObject\",\"inLanguage\":\"fr-FR\",\"@id\":\"https:\\\/\\\/stgbc.bcweededible.net\\\/fr\\\/buy\\\/marques\\\/eden-edibles-fr\\\/eden-12-cbd-vape-cart-social\\\/#primaryimage\",\"url\":\"https:\\\/\\\/stgbc.bcweededible.net\\\/wp-content\\\/uploads\\\/2024\\\/11\\\/Vape-Cartridge-Effect-Social-Yellow.jpg\",\"contentUrl\":\"https:\\\/\\\/stgbc.bcweededible.net\\\/wp-content\\\/uploads\\\/2024\\\/11\\\/Vape-Cartridge-Effect-Social-Yellow.jpg\",\"width\":1080,\"height\":1080,\"caption\":\"cbd vape cart social - eden\"},{\"@type\":\"BreadcrumbList\",\"@id\":\"https:\\\/\\\/stgbc.bcweededible.net\\\/fr\\\/buy\\\/marques\\\/eden-edibles-fr\\\/eden-12-cbd-vape-cart-social\\\/#breadcrumb\",\"itemListElement\":[{\"@type\":\"ListItem\",\"position\":1,\"name\":\"Jujubes au Pot Canada\",\"item\":\"https:\\\/\\\/stgbc.bcweededible.net\\\/fr\\\/shop\\\/\"},{\"@type\":\"ListItem\",\"position\":2,\"name\":\"Eden 1:2 CBD Vape Cart (Social)\"}]},{\"@type\":\"WebSite\",\"@id\":\"https:\\\/\\\/stgbc.bcweededible.net\\\/fr\\\/#website\",\"url\":\"https:\\\/\\\/stgbc.bcweededible.net\\\/fr\\\/\",\"name\":\"BC Weed Edible\",\"description\":\"\",\"publisher\":{\"@id\":\"https:\\\/\\\/stgbc.bcweededible.net\\\/fr\\\/#organization\"},\"potentialAction\":[{\"@type\":\"SearchAction\",\"target\":{\"@type\":\"EntryPoint\",\"urlTemplate\":\"https:\\\/\\\/stgbc.bcweededible.net\\\/fr\\\/?s={search_term_string}\"},\"query-input\":{\"@type\":\"PropertyValueSpecification\",\"valueRequired\":true,\"valueName\":\"search_term_string\"}}],\"inLanguage\":\"fr-FR\"},{\"@type\":\"Organization\",\"@id\":\"https:\\\/\\\/stgbc.bcweededible.net\\\/fr\\\/#organization\",\"name\":\"BC Weed Edible\",\"url\":\"https:\\\/\\\/stgbc.bcweededible.net\\\/fr\\\/\",\"logo\":{\"@type\":\"ImageObject\",\"inLanguage\":\"fr-FR\",\"@id\":\"https:\\\/\\\/stgbc.bcweededible.net\\\/fr\\\/#\\\/schema\\\/logo\\\/image\\\/\",\"url\":\"https:\\\/\\\/stgbc.bcweededible.net\\\/wp-content\\\/uploads\\\/2021\\\/12\\\/bc-weed-edible-canada.png\",\"contentUrl\":\"https:\\\/\\\/stgbc.bcweededible.net\\\/wp-content\\\/uploads\\\/2021\\\/12\\\/bc-weed-edible-canada.png\",\"width\":270,\"height\":185,\"caption\":\"BC Weed Edible\"},\"image\":{\"@id\":\"https:\\\/\\\/stgbc.bcweededible.net\\\/fr\\\/#\\\/schema\\\/logo\\\/image\\\/\"}}]}<\/script>\n","yoast_head_json":{"title":"Acheter Eden 1:2 CBD Vape Cart (Social) Canada | BC Weed Edible","robots":{"index":"index","follow":"follow","max-snippet":"max-snippet:-1","max-image-preview":"max-image-preview:large","max-video-preview":"max-video-preview:-1"},"canonical":"https:\/\/stgbc.bcweededible.net\/fr\/buy\/marques\/eden-edibles-fr\/eden-12-cbd-vape-cart-social\/","og_locale":"fr_FR","og_type":"article","og_title":"Acheter Eden 1:2 CBD Vape Cart (Social) Canada | BC Weed Edible","og_description":"Trouvez l'ambiance sociale qui vous convient avec le chariot de vaporisation CBD 1:2 d'Eden, con\u00e7u de mani\u00e8re experte avec une saveur de mangue rafra\u00eechissante et un rapport \u00e9quilibr\u00e9 de 1:2 entre le CBD et le THC, qui vous apportera d\u00e9tente et l\u00e9g\u00e8ret\u00e9, o\u00f9 que vous soyez.","og_url":"https:\/\/stgbc.bcweededible.net\/fr\/buy\/marques\/eden-edibles-fr\/eden-12-cbd-vape-cart-social\/","og_site_name":"BC Weed Edible","article_modified_time":"2026-03-30T20:00:23+00:00","og_image":[{"width":1080,"height":1080,"url":"https:\/\/stgbc.bcweededible.net\/wp-content\/uploads\/2024\/11\/Vape-Cartridge-Effect-Social-Yellow.jpg","type":"image\/jpeg"}],"twitter_card":"summary_large_image","schema":{"@context":"https:\/\/schema.org","@graph":[{"@type":"WebPage","@id":"https:\/\/stgbc.bcweededible.net\/fr\/buy\/marques\/eden-edibles-fr\/eden-12-cbd-vape-cart-social\/","url":"https:\/\/stgbc.bcweededible.net\/fr\/buy\/marques\/eden-edibles-fr\/eden-12-cbd-vape-cart-social\/","name":"Acheter Eden 1:2 CBD Vape Cart (Social) Canada | BC Weed Edible","isPartOf":{"@id":"https:\/\/stgbc.bcweededible.net\/fr\/#website"},"primaryImageOfPage":{"@id":"https:\/\/stgbc.bcweededible.net\/fr\/buy\/marques\/eden-edibles-fr\/eden-12-cbd-vape-cart-social\/#primaryimage"},"image":{"@id":"https:\/\/stgbc.bcweededible.net\/fr\/buy\/marques\/eden-edibles-fr\/eden-12-cbd-vape-cart-social\/#primaryimage"},"thumbnailUrl":"https:\/\/stgbc.bcweededible.net\/wp-content\/uploads\/2024\/11\/Vape-Cartridge-Effect-Social-Yellow.jpg","datePublished":"2024-11-12T19:09:55+00:00","dateModified":"2026-03-30T20:00:23+00:00","breadcrumb":{"@id":"https:\/\/stgbc.bcweededible.net\/fr\/buy\/marques\/eden-edibles-fr\/eden-12-cbd-vape-cart-social\/#breadcrumb"},"inLanguage":"fr-FR","potentialAction":[{"@type":"ReadAction","target":["https:\/\/stgbc.bcweededible.net\/fr\/buy\/marques\/eden-edibles-fr\/eden-12-cbd-vape-cart-social\/"]}]},{"@type":"ImageObject","inLanguage":"fr-FR","@id":"https:\/\/stgbc.bcweededible.net\/fr\/buy\/marques\/eden-edibles-fr\/eden-12-cbd-vape-cart-social\/#primaryimage","url":"https:\/\/stgbc.bcweededible.net\/wp-content\/uploads\/2024\/11\/Vape-Cartridge-Effect-Social-Yellow.jpg","contentUrl":"https:\/\/stgbc.bcweededible.net\/wp-content\/uploads\/2024\/11\/Vape-Cartridge-Effect-Social-Yellow.jpg","width":1080,"height":1080,"caption":"cbd vape cart social - eden"},{"@type":"BreadcrumbList","@id":"https:\/\/stgbc.bcweededible.net\/fr\/buy\/marques\/eden-edibles-fr\/eden-12-cbd-vape-cart-social\/#breadcrumb","itemListElement":[{"@type":"ListItem","position":1,"name":"Jujubes au Pot Canada","item":"https:\/\/stgbc.bcweededible.net\/fr\/shop\/"},{"@type":"ListItem","position":2,"name":"Eden 1:2 CBD Vape Cart (Social)"}]},{"@type":"WebSite","@id":"https:\/\/stgbc.bcweededible.net\/fr\/#website","url":"https:\/\/stgbc.bcweededible.net\/fr\/","name":"BC Weed Edible","description":"","publisher":{"@id":"https:\/\/stgbc.bcweededible.net\/fr\/#organization"},"potentialAction":[{"@type":"SearchAction","target":{"@type":"EntryPoint","urlTemplate":"https:\/\/stgbc.bcweededible.net\/fr\/?s={search_term_string}"},"query-input":{"@type":"PropertyValueSpecification","valueRequired":true,"valueName":"search_term_string"}}],"inLanguage":"fr-FR"},{"@type":"Organization","@id":"https:\/\/stgbc.bcweededible.net\/fr\/#organization","name":"BC Weed Edible","url":"https:\/\/stgbc.bcweededible.net\/fr\/","logo":{"@type":"ImageObject","inLanguage":"fr-FR","@id":"https:\/\/stgbc.bcweededible.net\/fr\/#\/schema\/logo\/image\/","url":"https:\/\/stgbc.bcweededible.net\/wp-content\/uploads\/2021\/12\/bc-weed-edible-canada.png","contentUrl":"https:\/\/stgbc.bcweededible.net\/wp-content\/uploads\/2021\/12\/bc-weed-edible-canada.png","width":270,"height":185,"caption":"BC Weed Edible"},"image":{"@id":"https:\/\/stgbc.bcweededible.net\/fr\/#\/schema\/logo\/image\/"}}]}},"_links":{"self":[{"href":"https:\/\/stgbc.bcweededible.net\/fr\/wp-json\/wp\/v2\/product\/88390","targetHints":{"allow":["GET"]}}],"collection":[{"href":"https:\/\/stgbc.bcweededible.net\/fr\/wp-json\/wp\/v2\/product"}],"about":[{"href":"https:\/\/stgbc.bcweededible.net\/fr\/wp-json\/wp\/v2\/types\/product"}],"replies":[{"embeddable":true,"href":"https:\/\/stgbc.bcweededible.net\/fr\/wp-json\/wp\/v2\/comments?post=88390"}],"wp:featuredmedia":[{"embeddable":true,"href":"https:\/\/stgbc.bcweededible.net\/fr\/wp-json\/wp\/v2\/media\/87422"}],"wp:attachment":[{"href":"https:\/\/stgbc.bcweededible.net\/fr\/wp-json\/wp\/v2\/media?parent=88390"}],"wp:term":[{"taxonomy":"product_brand","embeddable":true,"href":"https:\/\/stgbc.bcweededible.net\/fr\/wp-json\/wp\/v2\/product_brand?post=88390"},{"taxonomy":"product_cat","embeddable":true,"href":"https:\/\/stgbc.bcweededible.net\/fr\/wp-json\/wp\/v2\/product_cat?post=88390"},{"taxonomy":"product_tag","embeddable":true,"href":"https:\/\/stgbc.bcweededible.net\/fr\/wp-json\/wp\/v2\/product_tag?post=88390"}],"curies":[{"name":"wp","href":"https:\/\/api.w.org\/{rel}","templated":true}]}}