{"id":88386,"date":"2024-09-26T16:54:05","date_gmt":"2024-11-27T20:54:58","guid":{"rendered":"https:\/\/bcweededible.net\/buy\/uncategorized\/gelato-kiss-bubble-hash\/"},"modified":"2024-11-27T12:55:02","modified_gmt":"2024-11-27T20:55:02","slug":"gelato-kiss-bubble-hash","status":"publish","type":"product","link":"https:\/\/stgbc.bcweededible.net\/fr\/buy\/concentres\/hasch\/bubble-hash-fr\/gelato-kiss-bubble-hash\/","title":{"rendered":"Gelato Kiss Bubble Hash"},"content":{"rendered":"<table>\n<thead>\n<tr>\n<th><strong>Nom du produit<\/strong><\/th>\n<th>Gelato Kiss Bubble Hash<\/th>\n<\/tr>\n<\/thead>\n<tbody>\n<tr>\n<td><strong>Type de produit<\/strong><\/td>\n<td>Dominante Indica<\/td>\n<\/tr>\n<tr>\n<td><strong>M\u00e9thode d&#8217;extraction<\/strong><\/td>\n<td>Sans solvant (extraction \u00e0 l&#8217;eau glac\u00e9e)<\/td>\n<\/tr>\n<tr>\n<td><strong>Teneur en THC<\/strong><\/td>\n<td>\u00c9lev\u00e9e<\/td>\n<\/tr>\n<tr>\n<td><strong>Profil d&#8217;ar\u00f4me<\/strong><\/td>\n<td>Doux, cr\u00e9meux, agrumes<\/td>\n<\/tr>\n<tr>\n<td><strong>Effets<\/strong><\/td>\n<td>Euphorique, relaxant, \u00e9quilibr\u00e9<\/td>\n<\/tr>\n<tr>\n<td><strong>Id\u00e9al pour<\/strong><\/td>\n<td>Soir\u00e9e, D\u00e9tente<\/td>\n<\/tr>\n<\/tbody>\n<\/table>\n","protected":false},"excerpt":{"rendered":"<p><strong>Gelato Kiss Bubble Hash<\/strong> est un concentr\u00e9 \u00e0 dominante indica qui offre une exp\u00e9rience puissante et savoureuse avec des notes douces et cr\u00e9meuses et un high relaxant et euphorique. Cet extrait sans solvant pr\u00e9serve le spectre complet des cannabino\u00efdes et des terp\u00e8nes pour une fum\u00e9e propre et douce. <\/p>\n","protected":false},"featured_media":84218,"comment_status":"open","ping_status":"closed","template":"","meta":[],"product_brand":[],"product_cat":[800,305,628],"product_tag":[],"class_list":{"0":"post-88386","1":"product","2":"type-product","3":"status-publish","4":"has-post-thumbnail","6":"product_cat-bubble-hash-fr","7":"product_cat-concentres","8":"product_cat-hasch","10":"first","11":"outofstock","12":"sale","13":"shipping-taxable","14":"purchasable","15":"product-type-variable","16":"has-default-attributes"},"yoast_head":"\n<title>Acheter Gelato Kiss Bubble Hash Canada | BC Weed Edible<\/title>\n<meta name=\"robots\" content=\"index, follow, max-snippet:-1, max-image-preview:large, max-video-preview:-1\" \/>\n<link rel=\"canonical\" href=\"https:\/\/stgbc.bcweededible.net\/fr\/buy\/concentres\/hasch\/bubble-hash-fr\/gelato-kiss-bubble-hash\/\" \/>\n<meta property=\"og:locale\" content=\"fr_FR\" \/>\n<meta property=\"og:type\" content=\"article\" \/>\n<meta property=\"og:title\" content=\"Acheter Gelato Kiss Bubble Hash Canada | BC Weed Edible\" \/>\n<meta property=\"og:description\" content=\"Gelato Kiss Bubble Hash est un concentr\u00e9 \u00e0 dominante indica qui offre une exp\u00e9rience puissante et savoureuse avec des notes douces et cr\u00e9meuses et un high relaxant et euphorique. Cet extrait sans solvant pr\u00e9serve le spectre complet des cannabino\u00efdes et des terp\u00e8nes pour une fum\u00e9e propre et douce.\" \/>\n<meta property=\"og:url\" content=\"https:\/\/stgbc.bcweededible.net\/fr\/buy\/concentres\/hasch\/bubble-hash-fr\/gelato-kiss-bubble-hash\/\" \/>\n<meta property=\"og:site_name\" content=\"BC Weed Edible\" \/>\n<meta property=\"article:modified_time\" content=\"2024-11-27T20:55:02+00:00\" \/>\n<meta property=\"og:image\" content=\"https:\/\/stgbc.bcweededible.net\/wp-content\/uploads\/2024\/09\/gelato-kiss-bubble-hash.jpg\" \/>\n\t<meta property=\"og:image:width\" content=\"912\" \/>\n\t<meta property=\"og:image:height\" content=\"622\" \/>\n\t<meta property=\"og:image:type\" content=\"image\/jpeg\" \/>\n<meta name=\"twitter:card\" content=\"summary_large_image\" \/>\n<script type=\"application\/ld+json\" class=\"yoast-schema-graph\">{\"@context\":\"https:\\\/\\\/schema.org\",\"@graph\":[{\"@type\":\"WebPage\",\"@id\":\"https:\\\/\\\/stgbc.bcweededible.net\\\/fr\\\/buy\\\/concentres\\\/hasch\\\/bubble-hash-fr\\\/gelato-kiss-bubble-hash\\\/\",\"url\":\"https:\\\/\\\/stgbc.bcweededible.net\\\/fr\\\/buy\\\/concentres\\\/hasch\\\/bubble-hash-fr\\\/gelato-kiss-bubble-hash\\\/\",\"name\":\"Acheter Gelato Kiss Bubble Hash Canada | BC Weed Edible\",\"isPartOf\":{\"@id\":\"https:\\\/\\\/stgbc.bcweededible.net\\\/fr\\\/#website\"},\"primaryImageOfPage\":{\"@id\":\"https:\\\/\\\/stgbc.bcweededible.net\\\/fr\\\/buy\\\/concentres\\\/hasch\\\/bubble-hash-fr\\\/gelato-kiss-bubble-hash\\\/#primaryimage\"},\"image\":{\"@id\":\"https:\\\/\\\/stgbc.bcweededible.net\\\/fr\\\/buy\\\/concentres\\\/hasch\\\/bubble-hash-fr\\\/gelato-kiss-bubble-hash\\\/#primaryimage\"},\"thumbnailUrl\":\"https:\\\/\\\/stgbc.bcweededible.net\\\/wp-content\\\/uploads\\\/2024\\\/09\\\/gelato-kiss-bubble-hash.jpg\",\"datePublished\":\"2024-11-27T20:54:58+00:00\",\"dateModified\":\"2024-11-27T20:55:02+00:00\",\"breadcrumb\":{\"@id\":\"https:\\\/\\\/stgbc.bcweededible.net\\\/fr\\\/buy\\\/concentres\\\/hasch\\\/bubble-hash-fr\\\/gelato-kiss-bubble-hash\\\/#breadcrumb\"},\"inLanguage\":\"fr-FR\",\"potentialAction\":[{\"@type\":\"ReadAction\",\"target\":[\"https:\\\/\\\/stgbc.bcweededible.net\\\/fr\\\/buy\\\/concentres\\\/hasch\\\/bubble-hash-fr\\\/gelato-kiss-bubble-hash\\\/\"]}]},{\"@type\":\"ImageObject\",\"inLanguage\":\"fr-FR\",\"@id\":\"https:\\\/\\\/stgbc.bcweededible.net\\\/fr\\\/buy\\\/concentres\\\/hasch\\\/bubble-hash-fr\\\/gelato-kiss-bubble-hash\\\/#primaryimage\",\"url\":\"https:\\\/\\\/stgbc.bcweededible.net\\\/wp-content\\\/uploads\\\/2024\\\/09\\\/gelato-kiss-bubble-hash.jpg\",\"contentUrl\":\"https:\\\/\\\/stgbc.bcweededible.net\\\/wp-content\\\/uploads\\\/2024\\\/09\\\/gelato-kiss-bubble-hash.jpg\",\"width\":912,\"height\":622,\"caption\":\"gelato kiss bubble hash\"},{\"@type\":\"BreadcrumbList\",\"@id\":\"https:\\\/\\\/stgbc.bcweededible.net\\\/fr\\\/buy\\\/concentres\\\/hasch\\\/bubble-hash-fr\\\/gelato-kiss-bubble-hash\\\/#breadcrumb\",\"itemListElement\":[{\"@type\":\"ListItem\",\"position\":1,\"name\":\"Jujubes au Pot Canada\",\"item\":\"https:\\\/\\\/stgbc.bcweededible.net\\\/fr\\\/shop\\\/\"},{\"@type\":\"ListItem\",\"position\":2,\"name\":\"Gelato Kiss Bubble Hash\"}]},{\"@type\":\"WebSite\",\"@id\":\"https:\\\/\\\/stgbc.bcweededible.net\\\/fr\\\/#website\",\"url\":\"https:\\\/\\\/stgbc.bcweededible.net\\\/fr\\\/\",\"name\":\"BC Weed Edible\",\"description\":\"\",\"publisher\":{\"@id\":\"https:\\\/\\\/stgbc.bcweededible.net\\\/fr\\\/#organization\"},\"potentialAction\":[{\"@type\":\"SearchAction\",\"target\":{\"@type\":\"EntryPoint\",\"urlTemplate\":\"https:\\\/\\\/stgbc.bcweededible.net\\\/fr\\\/?s={search_term_string}\"},\"query-input\":{\"@type\":\"PropertyValueSpecification\",\"valueRequired\":true,\"valueName\":\"search_term_string\"}}],\"inLanguage\":\"fr-FR\"},{\"@type\":\"Organization\",\"@id\":\"https:\\\/\\\/stgbc.bcweededible.net\\\/fr\\\/#organization\",\"name\":\"BC Weed Edible\",\"url\":\"https:\\\/\\\/stgbc.bcweededible.net\\\/fr\\\/\",\"logo\":{\"@type\":\"ImageObject\",\"inLanguage\":\"fr-FR\",\"@id\":\"https:\\\/\\\/stgbc.bcweededible.net\\\/fr\\\/#\\\/schema\\\/logo\\\/image\\\/\",\"url\":\"https:\\\/\\\/stgbc.bcweededible.net\\\/wp-content\\\/uploads\\\/2021\\\/12\\\/bc-weed-edible-canada.png\",\"contentUrl\":\"https:\\\/\\\/stgbc.bcweededible.net\\\/wp-content\\\/uploads\\\/2021\\\/12\\\/bc-weed-edible-canada.png\",\"width\":270,\"height\":185,\"caption\":\"BC Weed Edible\"},\"image\":{\"@id\":\"https:\\\/\\\/stgbc.bcweededible.net\\\/fr\\\/#\\\/schema\\\/logo\\\/image\\\/\"}}]}<\/script>\n","yoast_head_json":{"title":"Acheter Gelato Kiss Bubble Hash Canada | BC Weed Edible","robots":{"index":"index","follow":"follow","max-snippet":"max-snippet:-1","max-image-preview":"max-image-preview:large","max-video-preview":"max-video-preview:-1"},"canonical":"https:\/\/stgbc.bcweededible.net\/fr\/buy\/concentres\/hasch\/bubble-hash-fr\/gelato-kiss-bubble-hash\/","og_locale":"fr_FR","og_type":"article","og_title":"Acheter Gelato Kiss Bubble Hash Canada | BC Weed Edible","og_description":"Gelato Kiss Bubble Hash est un concentr\u00e9 \u00e0 dominante indica qui offre une exp\u00e9rience puissante et savoureuse avec des notes douces et cr\u00e9meuses et un high relaxant et euphorique. Cet extrait sans solvant pr\u00e9serve le spectre complet des cannabino\u00efdes et des terp\u00e8nes pour une fum\u00e9e propre et douce.","og_url":"https:\/\/stgbc.bcweededible.net\/fr\/buy\/concentres\/hasch\/bubble-hash-fr\/gelato-kiss-bubble-hash\/","og_site_name":"BC Weed Edible","article_modified_time":"2024-11-27T20:55:02+00:00","og_image":[{"width":912,"height":622,"url":"https:\/\/stgbc.bcweededible.net\/wp-content\/uploads\/2024\/09\/gelato-kiss-bubble-hash.jpg","type":"image\/jpeg"}],"twitter_card":"summary_large_image","schema":{"@context":"https:\/\/schema.org","@graph":[{"@type":"WebPage","@id":"https:\/\/stgbc.bcweededible.net\/fr\/buy\/concentres\/hasch\/bubble-hash-fr\/gelato-kiss-bubble-hash\/","url":"https:\/\/stgbc.bcweededible.net\/fr\/buy\/concentres\/hasch\/bubble-hash-fr\/gelato-kiss-bubble-hash\/","name":"Acheter Gelato Kiss Bubble Hash Canada | BC Weed Edible","isPartOf":{"@id":"https:\/\/stgbc.bcweededible.net\/fr\/#website"},"primaryImageOfPage":{"@id":"https:\/\/stgbc.bcweededible.net\/fr\/buy\/concentres\/hasch\/bubble-hash-fr\/gelato-kiss-bubble-hash\/#primaryimage"},"image":{"@id":"https:\/\/stgbc.bcweededible.net\/fr\/buy\/concentres\/hasch\/bubble-hash-fr\/gelato-kiss-bubble-hash\/#primaryimage"},"thumbnailUrl":"https:\/\/stgbc.bcweededible.net\/wp-content\/uploads\/2024\/09\/gelato-kiss-bubble-hash.jpg","datePublished":"2024-11-27T20:54:58+00:00","dateModified":"2024-11-27T20:55:02+00:00","breadcrumb":{"@id":"https:\/\/stgbc.bcweededible.net\/fr\/buy\/concentres\/hasch\/bubble-hash-fr\/gelato-kiss-bubble-hash\/#breadcrumb"},"inLanguage":"fr-FR","potentialAction":[{"@type":"ReadAction","target":["https:\/\/stgbc.bcweededible.net\/fr\/buy\/concentres\/hasch\/bubble-hash-fr\/gelato-kiss-bubble-hash\/"]}]},{"@type":"ImageObject","inLanguage":"fr-FR","@id":"https:\/\/stgbc.bcweededible.net\/fr\/buy\/concentres\/hasch\/bubble-hash-fr\/gelato-kiss-bubble-hash\/#primaryimage","url":"https:\/\/stgbc.bcweededible.net\/wp-content\/uploads\/2024\/09\/gelato-kiss-bubble-hash.jpg","contentUrl":"https:\/\/stgbc.bcweededible.net\/wp-content\/uploads\/2024\/09\/gelato-kiss-bubble-hash.jpg","width":912,"height":622,"caption":"gelato kiss bubble hash"},{"@type":"BreadcrumbList","@id":"https:\/\/stgbc.bcweededible.net\/fr\/buy\/concentres\/hasch\/bubble-hash-fr\/gelato-kiss-bubble-hash\/#breadcrumb","itemListElement":[{"@type":"ListItem","position":1,"name":"Jujubes au Pot Canada","item":"https:\/\/stgbc.bcweededible.net\/fr\/shop\/"},{"@type":"ListItem","position":2,"name":"Gelato Kiss Bubble Hash"}]},{"@type":"WebSite","@id":"https:\/\/stgbc.bcweededible.net\/fr\/#website","url":"https:\/\/stgbc.bcweededible.net\/fr\/","name":"BC Weed Edible","description":"","publisher":{"@id":"https:\/\/stgbc.bcweededible.net\/fr\/#organization"},"potentialAction":[{"@type":"SearchAction","target":{"@type":"EntryPoint","urlTemplate":"https:\/\/stgbc.bcweededible.net\/fr\/?s={search_term_string}"},"query-input":{"@type":"PropertyValueSpecification","valueRequired":true,"valueName":"search_term_string"}}],"inLanguage":"fr-FR"},{"@type":"Organization","@id":"https:\/\/stgbc.bcweededible.net\/fr\/#organization","name":"BC Weed Edible","url":"https:\/\/stgbc.bcweededible.net\/fr\/","logo":{"@type":"ImageObject","inLanguage":"fr-FR","@id":"https:\/\/stgbc.bcweededible.net\/fr\/#\/schema\/logo\/image\/","url":"https:\/\/stgbc.bcweededible.net\/wp-content\/uploads\/2021\/12\/bc-weed-edible-canada.png","contentUrl":"https:\/\/stgbc.bcweededible.net\/wp-content\/uploads\/2021\/12\/bc-weed-edible-canada.png","width":270,"height":185,"caption":"BC Weed Edible"},"image":{"@id":"https:\/\/stgbc.bcweededible.net\/fr\/#\/schema\/logo\/image\/"}}]}},"_links":{"self":[{"href":"https:\/\/stgbc.bcweededible.net\/fr\/wp-json\/wp\/v2\/product\/88386","targetHints":{"allow":["GET"]}}],"collection":[{"href":"https:\/\/stgbc.bcweededible.net\/fr\/wp-json\/wp\/v2\/product"}],"about":[{"href":"https:\/\/stgbc.bcweededible.net\/fr\/wp-json\/wp\/v2\/types\/product"}],"replies":[{"embeddable":true,"href":"https:\/\/stgbc.bcweededible.net\/fr\/wp-json\/wp\/v2\/comments?post=88386"}],"wp:featuredmedia":[{"embeddable":true,"href":"https:\/\/stgbc.bcweededible.net\/fr\/wp-json\/wp\/v2\/media\/84218"}],"wp:attachment":[{"href":"https:\/\/stgbc.bcweededible.net\/fr\/wp-json\/wp\/v2\/media?parent=88386"}],"wp:term":[{"taxonomy":"product_brand","embeddable":true,"href":"https:\/\/stgbc.bcweededible.net\/fr\/wp-json\/wp\/v2\/product_brand?post=88386"},{"taxonomy":"product_cat","embeddable":true,"href":"https:\/\/stgbc.bcweededible.net\/fr\/wp-json\/wp\/v2\/product_cat?post=88386"},{"taxonomy":"product_tag","embeddable":true,"href":"https:\/\/stgbc.bcweededible.net\/fr\/wp-json\/wp\/v2\/product_tag?post=88386"}],"curies":[{"name":"wp","href":"https:\/\/api.w.org\/{rel}","templated":true}]}}