{"id":88372,"date":"2024-09-26T14:40:55","date_gmt":"2024-11-27T20:54:52","guid":{"rendered":"https:\/\/bcweededible.net\/buy\/uncategorized\/ogm-bubble-hash\/"},"modified":"2024-11-27T12:54:52","modified_gmt":"2024-11-27T20:54:52","slug":"ogm-bubble-hash","status":"publish","type":"product","link":"https:\/\/stgbc.bcweededible.net\/fr\/buy\/concentres\/hasch\/bubble-hash-fr\/ogm-bubble-hash\/","title":{"rendered":"OGM Bubble Hash"},"content":{"rendered":"<table>\n<thead>\n<tr>\n<th><strong>Informations sur le produit<\/strong><\/th>\n<th><strong>D\u00e9tails<\/strong><\/th>\n<\/tr>\n<\/thead>\n<tbody>\n<tr>\n<td><strong>Vari\u00e9t\u00e9<\/strong><\/td>\n<td>OGM (biscuits \u00e0 l&#8217;ail)<\/td>\n<\/tr>\n<tr>\n<td><strong>Forme<\/strong><\/td>\n<td>Poudre libre<\/td>\n<\/tr>\n<tr>\n<td><strong>Type de produit<\/strong><\/td>\n<td>Hybride \u00e0 dominance indica, Bubble hash<\/td>\n<\/tr>\n<tr>\n<td><strong>Texture<\/strong><\/td>\n<td>Fine, granuleuse<\/td>\n<\/tr>\n<tr>\n<td><strong>Puissance<\/strong><\/td>\n<td>40-50% DE THC<\/td>\n<\/tr>\n<tr>\n<td><strong>Id\u00e9al pour<\/strong><\/td>\n<td>Vaping, pressage de blocs de haschisch<\/td>\n<\/tr>\n<tr>\n<td><strong>Effets<\/strong><\/td>\n<td>Relaxant, s\u00e9datif, euphorique<\/td>\n<\/tr>\n<\/tbody>\n<\/table>\n","protected":false},"excerpt":{"rendered":"<p>Le GMO Bubble Hash est pr\u00e9sent\u00e9 sous sa forme non press\u00e9e, en vrac, offrant une texture de poudre fine avant d&#8217;\u00eatre transform\u00e9 en blocs de haschisch. Issu d&#8217;un puissant <strong>hybride \u00e0 dominante indica<\/strong>, ce bubble hash offre un ar\u00f4me piquant et savoureux et des effets relaxants et puissants. Parfait pour ceux qui appr\u00e9cient la relaxation profonde et les sensations euphoriques. <\/p>\n","protected":false},"featured_media":84212,"comment_status":"open","ping_status":"closed","template":"","meta":[],"product_brand":[],"product_cat":[800,305,628],"product_tag":[],"class_list":{"0":"post-88372","1":"product","2":"type-product","3":"status-publish","4":"has-post-thumbnail","6":"product_cat-bubble-hash-fr","7":"product_cat-concentres","8":"product_cat-hasch","10":"first","11":"outofstock","12":"sale","13":"shipping-taxable","14":"purchasable","15":"product-type-variable","16":"has-default-attributes"},"yoast_head":"\n<title>Acheter OGM Bubble Hash Canada | BC Weed Edible<\/title>\n<meta name=\"robots\" content=\"index, follow, max-snippet:-1, max-image-preview:large, max-video-preview:-1\" \/>\n<link rel=\"canonical\" href=\"https:\/\/stgbc.bcweededible.net\/fr\/buy\/concentres\/hasch\/bubble-hash-fr\/ogm-bubble-hash\/\" \/>\n<meta property=\"og:locale\" content=\"fr_FR\" \/>\n<meta property=\"og:type\" content=\"article\" \/>\n<meta property=\"og:title\" content=\"Acheter OGM Bubble Hash Canada | BC Weed Edible\" \/>\n<meta property=\"og:description\" content=\"Le GMO Bubble Hash est pr\u00e9sent\u00e9 sous sa forme non press\u00e9e, en vrac, offrant une texture de poudre fine avant d&#039;\u00eatre transform\u00e9 en blocs de haschisch. Issu d&#039;un puissant hybride \u00e0 dominante indica, ce bubble hash offre un ar\u00f4me piquant et savoureux et des effets relaxants et puissants. Parfait pour ceux qui appr\u00e9cient la relaxation profonde et les sensations euphoriques.\" \/>\n<meta property=\"og:url\" content=\"https:\/\/stgbc.bcweededible.net\/fr\/buy\/concentres\/hasch\/bubble-hash-fr\/ogm-bubble-hash\/\" \/>\n<meta property=\"og:site_name\" content=\"BC Weed Edible\" \/>\n<meta property=\"og:image\" content=\"https:\/\/stgbc.bcweededible.net\/wp-content\/uploads\/2024\/09\/GMO-bubble-hash-canada.jpg\" \/>\n\t<meta property=\"og:image:width\" content=\"1200\" \/>\n\t<meta property=\"og:image:height\" content=\"1049\" \/>\n\t<meta property=\"og:image:type\" content=\"image\/jpeg\" \/>\n<meta name=\"twitter:card\" content=\"summary_large_image\" \/>\n<script type=\"application\/ld+json\" class=\"yoast-schema-graph\">{\"@context\":\"https:\\\/\\\/schema.org\",\"@graph\":[{\"@type\":\"WebPage\",\"@id\":\"https:\\\/\\\/stgbc.bcweededible.net\\\/fr\\\/buy\\\/concentres\\\/hasch\\\/bubble-hash-fr\\\/ogm-bubble-hash\\\/\",\"url\":\"https:\\\/\\\/stgbc.bcweededible.net\\\/fr\\\/buy\\\/concentres\\\/hasch\\\/bubble-hash-fr\\\/ogm-bubble-hash\\\/\",\"name\":\"Acheter OGM Bubble Hash Canada | BC Weed Edible\",\"isPartOf\":{\"@id\":\"https:\\\/\\\/stgbc.bcweededible.net\\\/fr\\\/#website\"},\"primaryImageOfPage\":{\"@id\":\"https:\\\/\\\/stgbc.bcweededible.net\\\/fr\\\/buy\\\/concentres\\\/hasch\\\/bubble-hash-fr\\\/ogm-bubble-hash\\\/#primaryimage\"},\"image\":{\"@id\":\"https:\\\/\\\/stgbc.bcweededible.net\\\/fr\\\/buy\\\/concentres\\\/hasch\\\/bubble-hash-fr\\\/ogm-bubble-hash\\\/#primaryimage\"},\"thumbnailUrl\":\"https:\\\/\\\/stgbc.bcweededible.net\\\/wp-content\\\/uploads\\\/2024\\\/09\\\/GMO-bubble-hash-canada.jpg\",\"datePublished\":\"2024-11-27T20:54:52+00:00\",\"breadcrumb\":{\"@id\":\"https:\\\/\\\/stgbc.bcweededible.net\\\/fr\\\/buy\\\/concentres\\\/hasch\\\/bubble-hash-fr\\\/ogm-bubble-hash\\\/#breadcrumb\"},\"inLanguage\":\"fr-FR\",\"potentialAction\":[{\"@type\":\"ReadAction\",\"target\":[\"https:\\\/\\\/stgbc.bcweededible.net\\\/fr\\\/buy\\\/concentres\\\/hasch\\\/bubble-hash-fr\\\/ogm-bubble-hash\\\/\"]}]},{\"@type\":\"ImageObject\",\"inLanguage\":\"fr-FR\",\"@id\":\"https:\\\/\\\/stgbc.bcweededible.net\\\/fr\\\/buy\\\/concentres\\\/hasch\\\/bubble-hash-fr\\\/ogm-bubble-hash\\\/#primaryimage\",\"url\":\"https:\\\/\\\/stgbc.bcweededible.net\\\/wp-content\\\/uploads\\\/2024\\\/09\\\/GMO-bubble-hash-canada.jpg\",\"contentUrl\":\"https:\\\/\\\/stgbc.bcweededible.net\\\/wp-content\\\/uploads\\\/2024\\\/09\\\/GMO-bubble-hash-canada.jpg\",\"width\":1200,\"height\":1049,\"caption\":\"gmo loose bubble hash\"},{\"@type\":\"BreadcrumbList\",\"@id\":\"https:\\\/\\\/stgbc.bcweededible.net\\\/fr\\\/buy\\\/concentres\\\/hasch\\\/bubble-hash-fr\\\/ogm-bubble-hash\\\/#breadcrumb\",\"itemListElement\":[{\"@type\":\"ListItem\",\"position\":1,\"name\":\"Jujubes au Pot Canada\",\"item\":\"https:\\\/\\\/stgbc.bcweededible.net\\\/fr\\\/shop\\\/\"},{\"@type\":\"ListItem\",\"position\":2,\"name\":\"OGM Bubble Hash\"}]},{\"@type\":\"WebSite\",\"@id\":\"https:\\\/\\\/stgbc.bcweededible.net\\\/fr\\\/#website\",\"url\":\"https:\\\/\\\/stgbc.bcweededible.net\\\/fr\\\/\",\"name\":\"BC Weed Edible\",\"description\":\"\",\"publisher\":{\"@id\":\"https:\\\/\\\/stgbc.bcweededible.net\\\/fr\\\/#organization\"},\"potentialAction\":[{\"@type\":\"SearchAction\",\"target\":{\"@type\":\"EntryPoint\",\"urlTemplate\":\"https:\\\/\\\/stgbc.bcweededible.net\\\/fr\\\/?s={search_term_string}\"},\"query-input\":{\"@type\":\"PropertyValueSpecification\",\"valueRequired\":true,\"valueName\":\"search_term_string\"}}],\"inLanguage\":\"fr-FR\"},{\"@type\":\"Organization\",\"@id\":\"https:\\\/\\\/stgbc.bcweededible.net\\\/fr\\\/#organization\",\"name\":\"BC Weed Edible\",\"url\":\"https:\\\/\\\/stgbc.bcweededible.net\\\/fr\\\/\",\"logo\":{\"@type\":\"ImageObject\",\"inLanguage\":\"fr-FR\",\"@id\":\"https:\\\/\\\/stgbc.bcweededible.net\\\/fr\\\/#\\\/schema\\\/logo\\\/image\\\/\",\"url\":\"https:\\\/\\\/stgbc.bcweededible.net\\\/wp-content\\\/uploads\\\/2021\\\/12\\\/bc-weed-edible-canada.png\",\"contentUrl\":\"https:\\\/\\\/stgbc.bcweededible.net\\\/wp-content\\\/uploads\\\/2021\\\/12\\\/bc-weed-edible-canada.png\",\"width\":270,\"height\":185,\"caption\":\"BC Weed Edible\"},\"image\":{\"@id\":\"https:\\\/\\\/stgbc.bcweededible.net\\\/fr\\\/#\\\/schema\\\/logo\\\/image\\\/\"}}]}<\/script>\n","yoast_head_json":{"title":"Acheter OGM Bubble Hash Canada | BC Weed Edible","robots":{"index":"index","follow":"follow","max-snippet":"max-snippet:-1","max-image-preview":"max-image-preview:large","max-video-preview":"max-video-preview:-1"},"canonical":"https:\/\/stgbc.bcweededible.net\/fr\/buy\/concentres\/hasch\/bubble-hash-fr\/ogm-bubble-hash\/","og_locale":"fr_FR","og_type":"article","og_title":"Acheter OGM Bubble Hash Canada | BC Weed Edible","og_description":"Le GMO Bubble Hash est pr\u00e9sent\u00e9 sous sa forme non press\u00e9e, en vrac, offrant une texture de poudre fine avant d'\u00eatre transform\u00e9 en blocs de haschisch. Issu d'un puissant hybride \u00e0 dominante indica, ce bubble hash offre un ar\u00f4me piquant et savoureux et des effets relaxants et puissants. Parfait pour ceux qui appr\u00e9cient la relaxation profonde et les sensations euphoriques.","og_url":"https:\/\/stgbc.bcweededible.net\/fr\/buy\/concentres\/hasch\/bubble-hash-fr\/ogm-bubble-hash\/","og_site_name":"BC Weed Edible","og_image":[{"width":1200,"height":1049,"url":"https:\/\/stgbc.bcweededible.net\/wp-content\/uploads\/2024\/09\/GMO-bubble-hash-canada.jpg","type":"image\/jpeg"}],"twitter_card":"summary_large_image","schema":{"@context":"https:\/\/schema.org","@graph":[{"@type":"WebPage","@id":"https:\/\/stgbc.bcweededible.net\/fr\/buy\/concentres\/hasch\/bubble-hash-fr\/ogm-bubble-hash\/","url":"https:\/\/stgbc.bcweededible.net\/fr\/buy\/concentres\/hasch\/bubble-hash-fr\/ogm-bubble-hash\/","name":"Acheter OGM Bubble Hash Canada | BC Weed Edible","isPartOf":{"@id":"https:\/\/stgbc.bcweededible.net\/fr\/#website"},"primaryImageOfPage":{"@id":"https:\/\/stgbc.bcweededible.net\/fr\/buy\/concentres\/hasch\/bubble-hash-fr\/ogm-bubble-hash\/#primaryimage"},"image":{"@id":"https:\/\/stgbc.bcweededible.net\/fr\/buy\/concentres\/hasch\/bubble-hash-fr\/ogm-bubble-hash\/#primaryimage"},"thumbnailUrl":"https:\/\/stgbc.bcweededible.net\/wp-content\/uploads\/2024\/09\/GMO-bubble-hash-canada.jpg","datePublished":"2024-11-27T20:54:52+00:00","breadcrumb":{"@id":"https:\/\/stgbc.bcweededible.net\/fr\/buy\/concentres\/hasch\/bubble-hash-fr\/ogm-bubble-hash\/#breadcrumb"},"inLanguage":"fr-FR","potentialAction":[{"@type":"ReadAction","target":["https:\/\/stgbc.bcweededible.net\/fr\/buy\/concentres\/hasch\/bubble-hash-fr\/ogm-bubble-hash\/"]}]},{"@type":"ImageObject","inLanguage":"fr-FR","@id":"https:\/\/stgbc.bcweededible.net\/fr\/buy\/concentres\/hasch\/bubble-hash-fr\/ogm-bubble-hash\/#primaryimage","url":"https:\/\/stgbc.bcweededible.net\/wp-content\/uploads\/2024\/09\/GMO-bubble-hash-canada.jpg","contentUrl":"https:\/\/stgbc.bcweededible.net\/wp-content\/uploads\/2024\/09\/GMO-bubble-hash-canada.jpg","width":1200,"height":1049,"caption":"gmo loose bubble hash"},{"@type":"BreadcrumbList","@id":"https:\/\/stgbc.bcweededible.net\/fr\/buy\/concentres\/hasch\/bubble-hash-fr\/ogm-bubble-hash\/#breadcrumb","itemListElement":[{"@type":"ListItem","position":1,"name":"Jujubes au Pot Canada","item":"https:\/\/stgbc.bcweededible.net\/fr\/shop\/"},{"@type":"ListItem","position":2,"name":"OGM Bubble Hash"}]},{"@type":"WebSite","@id":"https:\/\/stgbc.bcweededible.net\/fr\/#website","url":"https:\/\/stgbc.bcweededible.net\/fr\/","name":"BC Weed Edible","description":"","publisher":{"@id":"https:\/\/stgbc.bcweededible.net\/fr\/#organization"},"potentialAction":[{"@type":"SearchAction","target":{"@type":"EntryPoint","urlTemplate":"https:\/\/stgbc.bcweededible.net\/fr\/?s={search_term_string}"},"query-input":{"@type":"PropertyValueSpecification","valueRequired":true,"valueName":"search_term_string"}}],"inLanguage":"fr-FR"},{"@type":"Organization","@id":"https:\/\/stgbc.bcweededible.net\/fr\/#organization","name":"BC Weed Edible","url":"https:\/\/stgbc.bcweededible.net\/fr\/","logo":{"@type":"ImageObject","inLanguage":"fr-FR","@id":"https:\/\/stgbc.bcweededible.net\/fr\/#\/schema\/logo\/image\/","url":"https:\/\/stgbc.bcweededible.net\/wp-content\/uploads\/2021\/12\/bc-weed-edible-canada.png","contentUrl":"https:\/\/stgbc.bcweededible.net\/wp-content\/uploads\/2021\/12\/bc-weed-edible-canada.png","width":270,"height":185,"caption":"BC Weed Edible"},"image":{"@id":"https:\/\/stgbc.bcweededible.net\/fr\/#\/schema\/logo\/image\/"}}]}},"_links":{"self":[{"href":"https:\/\/stgbc.bcweededible.net\/fr\/wp-json\/wp\/v2\/product\/88372","targetHints":{"allow":["GET"]}}],"collection":[{"href":"https:\/\/stgbc.bcweededible.net\/fr\/wp-json\/wp\/v2\/product"}],"about":[{"href":"https:\/\/stgbc.bcweededible.net\/fr\/wp-json\/wp\/v2\/types\/product"}],"replies":[{"embeddable":true,"href":"https:\/\/stgbc.bcweededible.net\/fr\/wp-json\/wp\/v2\/comments?post=88372"}],"wp:featuredmedia":[{"embeddable":true,"href":"https:\/\/stgbc.bcweededible.net\/fr\/wp-json\/wp\/v2\/media\/84212"}],"wp:attachment":[{"href":"https:\/\/stgbc.bcweededible.net\/fr\/wp-json\/wp\/v2\/media?parent=88372"}],"wp:term":[{"taxonomy":"product_brand","embeddable":true,"href":"https:\/\/stgbc.bcweededible.net\/fr\/wp-json\/wp\/v2\/product_brand?post=88372"},{"taxonomy":"product_cat","embeddable":true,"href":"https:\/\/stgbc.bcweededible.net\/fr\/wp-json\/wp\/v2\/product_cat?post=88372"},{"taxonomy":"product_tag","embeddable":true,"href":"https:\/\/stgbc.bcweededible.net\/fr\/wp-json\/wp\/v2\/product_tag?post=88372"}],"curies":[{"name":"wp","href":"https:\/\/api.w.org\/{rel}","templated":true}]}}