{"id":88371,"date":"2024-11-27T12:16:24","date_gmt":"2024-11-27T20:16:24","guid":{"rendered":"https:\/\/bcweededible.net\/buy\/uncategorized\/jujubes-thc-a-action-rapide\/"},"modified":"2026-02-25T13:29:27","modified_gmt":"2026-02-25T21:29:27","slug":"jujubes-thc-a-action-rapide","status":"publish","type":"product","link":"https:\/\/stgbc.bcweededible.net\/fr\/buy\/marques\/eden-edibles-fr\/jujubes-thc-a-action-rapide\/","title":{"rendered":"Jujubes THC \u00e0 action rapide"},"content":{"rendered":"<table>\n<thead>\n<tr>\n<th><strong>Puissance totale<\/strong><\/th>\n<th>200mg THC par paquet<\/th>\n<\/tr>\n<\/thead>\n<tbody>\n<tr>\n<td><strong>Nombre de portions<\/strong><\/td>\n<td>20mg par portion<\/td>\n<\/tr>\n<tr>\n<td><strong>Ingr\u00e9dients<\/strong><\/td>\n<td>Pectine, sucre, eau, ar\u00f4mes naturels, extrait de quijilla, extrait de cannabis, concentr\u00e9 de jus de fruits biologiques, acide citrique, colorants naturels.<\/td>\n<\/tr>\n<tr>\n<td><strong>Effets<\/strong><\/td>\n<td><em>Sativa<\/em>: Energisant, cr\u00e9atif, concentr\u00e9<\/p>\n<p><em>Indica<\/em>: Relax, Fun<\/td>\n<\/tr>\n<\/tbody>\n<\/table>\n","protected":false},"excerpt":{"rendered":"<p>Faites l&#8217;exp\u00e9rience de l&#8217;harmonie parfaite entre commodit\u00e9 et puissance avec les <strong>Jujubes THC \u00e0 action rapide d&#8217;Eden<\/strong>. Fabriqu\u00e9s \u00e0 l&#8217;aide de notre technologie exclusive de nano-\u00e9mulsion, ces jujubes offrent des temps d&#8217;action plus rapides et des effets am\u00e9lior\u00e9s, garantissant une exp\u00e9rience de cannabis plus rapide et plus puissante. Que vous soyez \u00e0 la recherche d&#8217;un coup de fouet pour la journ\u00e9e ou d&#8217;une soir\u00e9e relaxante, nous avons tout ce qu&#8217;il vous faut avec des variantes sativa et indica. <\/p>\n","protected":false},"featured_media":99919,"comment_status":"open","ping_status":"closed","template":"","meta":[],"product_brand":[],"product_cat":[269,244,545,246,546,664,276,549,280],"product_tag":[],"class_list":{"0":"post-88371","1":"product","2":"type-product","3":"status-publish","4":"has-post-thumbnail","6":"product_cat-200mg-fr","7":"product_cat-comestibles","8":"product_cat-comestibles-indica","9":"product_cat-pas-cher","10":"product_cat-comestibles-sativa","11":"product_cat-eden-edibles-fr","12":"product_cat-jujubes","13":"product_cat-promotions","14":"product_cat-vegan-fr","16":"first","17":"outofstock","18":"sale","19":"shipping-taxable","20":"purchasable","21":"product-type-variable"},"yoast_head":"\n<title>Acheter des Jujubes THC \u00e0 action rapide au Canada BC Weed Edible<\/title>\n<meta name=\"robots\" content=\"index, follow, max-snippet:-1, max-image-preview:large, max-video-preview:-1\" \/>\n<link rel=\"canonical\" href=\"https:\/\/stgbc.bcweededible.net\/fr\/buy\/marques\/eden-edibles-fr\/jujubes-thc-a-action-rapide\/\" \/>\n<meta property=\"og:locale\" content=\"fr_FR\" \/>\n<meta property=\"og:type\" content=\"article\" \/>\n<meta property=\"og:title\" content=\"Acheter des Jujubes THC \u00e0 action rapide au Canada BC Weed Edible\" \/>\n<meta property=\"og:description\" content=\"Faites l&#039;exp\u00e9rience de l&#039;harmonie parfaite entre commodit\u00e9 et puissance avec les Jujubes THC \u00e0 action rapide d&#039;Eden. Fabriqu\u00e9s \u00e0 l&#039;aide de notre technologie exclusive de nano-\u00e9mulsion, ces jujubes offrent des temps d&#039;action plus rapides et des effets am\u00e9lior\u00e9s, garantissant une exp\u00e9rience de cannabis plus rapide et plus puissante. Que vous soyez \u00e0 la recherche d&#039;un coup de fouet pour la journ\u00e9e ou d&#039;une soir\u00e9e relaxante, nous avons tout ce qu&#039;il vous faut avec des variantes sativa et indica.\" \/>\n<meta property=\"og:url\" content=\"https:\/\/stgbc.bcweededible.net\/fr\/buy\/marques\/eden-edibles-fr\/jujubes-thc-a-action-rapide\/\" \/>\n<meta property=\"og:site_name\" content=\"BC Weed Edible\" \/>\n<meta property=\"article:modified_time\" content=\"2026-02-25T21:29:27+00:00\" \/>\n<meta property=\"og:image\" content=\"https:\/\/stgbc.bcweededible.net\/wp-content\/uploads\/2025\/06\/fast-acting-nano-thc-gummies-sativa2.jpg\" \/>\n\t<meta property=\"og:image:width\" content=\"1080\" \/>\n\t<meta property=\"og:image:height\" content=\"1080\" \/>\n\t<meta property=\"og:image:type\" content=\"image\/jpeg\" \/>\n<meta name=\"twitter:card\" content=\"summary_large_image\" \/>\n<script type=\"application\/ld+json\" class=\"yoast-schema-graph\">{\"@context\":\"https:\\\/\\\/schema.org\",\"@graph\":[{\"@type\":\"WebPage\",\"@id\":\"https:\\\/\\\/stgbc.bcweededible.net\\\/fr\\\/buy\\\/marques\\\/eden-edibles-fr\\\/jujubes-thc-a-action-rapide\\\/\",\"url\":\"https:\\\/\\\/stgbc.bcweededible.net\\\/fr\\\/buy\\\/marques\\\/eden-edibles-fr\\\/jujubes-thc-a-action-rapide\\\/\",\"name\":\"Acheter des Jujubes THC \u00e0 action rapide au Canada BC Weed Edible\",\"isPartOf\":{\"@id\":\"https:\\\/\\\/stgbc.bcweededible.net\\\/fr\\\/#website\"},\"primaryImageOfPage\":{\"@id\":\"https:\\\/\\\/stgbc.bcweededible.net\\\/fr\\\/buy\\\/marques\\\/eden-edibles-fr\\\/jujubes-thc-a-action-rapide\\\/#primaryimage\"},\"image\":{\"@id\":\"https:\\\/\\\/stgbc.bcweededible.net\\\/fr\\\/buy\\\/marques\\\/eden-edibles-fr\\\/jujubes-thc-a-action-rapide\\\/#primaryimage\"},\"thumbnailUrl\":\"https:\\\/\\\/stgbc.bcweededible.net\\\/wp-content\\\/uploads\\\/2025\\\/06\\\/fast-acting-nano-thc-gummies-sativa2.jpg\",\"datePublished\":\"2024-11-27T20:16:24+00:00\",\"dateModified\":\"2026-02-25T21:29:27+00:00\",\"breadcrumb\":{\"@id\":\"https:\\\/\\\/stgbc.bcweededible.net\\\/fr\\\/buy\\\/marques\\\/eden-edibles-fr\\\/jujubes-thc-a-action-rapide\\\/#breadcrumb\"},\"inLanguage\":\"fr-FR\",\"potentialAction\":[{\"@type\":\"ReadAction\",\"target\":[\"https:\\\/\\\/stgbc.bcweededible.net\\\/fr\\\/buy\\\/marques\\\/eden-edibles-fr\\\/jujubes-thc-a-action-rapide\\\/\"]}]},{\"@type\":\"ImageObject\",\"inLanguage\":\"fr-FR\",\"@id\":\"https:\\\/\\\/stgbc.bcweededible.net\\\/fr\\\/buy\\\/marques\\\/eden-edibles-fr\\\/jujubes-thc-a-action-rapide\\\/#primaryimage\",\"url\":\"https:\\\/\\\/stgbc.bcweededible.net\\\/wp-content\\\/uploads\\\/2025\\\/06\\\/fast-acting-nano-thc-gummies-sativa2.jpg\",\"contentUrl\":\"https:\\\/\\\/stgbc.bcweededible.net\\\/wp-content\\\/uploads\\\/2025\\\/06\\\/fast-acting-nano-thc-gummies-sativa2.jpg\",\"width\":1080,\"height\":1080},{\"@type\":\"BreadcrumbList\",\"@id\":\"https:\\\/\\\/stgbc.bcweededible.net\\\/fr\\\/buy\\\/marques\\\/eden-edibles-fr\\\/jujubes-thc-a-action-rapide\\\/#breadcrumb\",\"itemListElement\":[{\"@type\":\"ListItem\",\"position\":1,\"name\":\"Jujubes au Pot Canada\",\"item\":\"https:\\\/\\\/stgbc.bcweededible.net\\\/fr\\\/shop\\\/\"},{\"@type\":\"ListItem\",\"position\":2,\"name\":\"Jujubes THC \u00e0 action rapide\"}]},{\"@type\":\"WebSite\",\"@id\":\"https:\\\/\\\/stgbc.bcweededible.net\\\/fr\\\/#website\",\"url\":\"https:\\\/\\\/stgbc.bcweededible.net\\\/fr\\\/\",\"name\":\"BC Weed Edible\",\"description\":\"\",\"publisher\":{\"@id\":\"https:\\\/\\\/stgbc.bcweededible.net\\\/fr\\\/#organization\"},\"potentialAction\":[{\"@type\":\"SearchAction\",\"target\":{\"@type\":\"EntryPoint\",\"urlTemplate\":\"https:\\\/\\\/stgbc.bcweededible.net\\\/fr\\\/?s={search_term_string}\"},\"query-input\":{\"@type\":\"PropertyValueSpecification\",\"valueRequired\":true,\"valueName\":\"search_term_string\"}}],\"inLanguage\":\"fr-FR\"},{\"@type\":\"Organization\",\"@id\":\"https:\\\/\\\/stgbc.bcweededible.net\\\/fr\\\/#organization\",\"name\":\"BC Weed Edible\",\"url\":\"https:\\\/\\\/stgbc.bcweededible.net\\\/fr\\\/\",\"logo\":{\"@type\":\"ImageObject\",\"inLanguage\":\"fr-FR\",\"@id\":\"https:\\\/\\\/stgbc.bcweededible.net\\\/fr\\\/#\\\/schema\\\/logo\\\/image\\\/\",\"url\":\"https:\\\/\\\/stgbc.bcweededible.net\\\/wp-content\\\/uploads\\\/2021\\\/12\\\/bc-weed-edible-canada.png\",\"contentUrl\":\"https:\\\/\\\/stgbc.bcweededible.net\\\/wp-content\\\/uploads\\\/2021\\\/12\\\/bc-weed-edible-canada.png\",\"width\":270,\"height\":185,\"caption\":\"BC Weed Edible\"},\"image\":{\"@id\":\"https:\\\/\\\/stgbc.bcweededible.net\\\/fr\\\/#\\\/schema\\\/logo\\\/image\\\/\"}}]}<\/script>\n","yoast_head_json":{"title":"Acheter des Jujubes THC \u00e0 action rapide au Canada BC Weed Edible","robots":{"index":"index","follow":"follow","max-snippet":"max-snippet:-1","max-image-preview":"max-image-preview:large","max-video-preview":"max-video-preview:-1"},"canonical":"https:\/\/stgbc.bcweededible.net\/fr\/buy\/marques\/eden-edibles-fr\/jujubes-thc-a-action-rapide\/","og_locale":"fr_FR","og_type":"article","og_title":"Acheter des Jujubes THC \u00e0 action rapide au Canada BC Weed Edible","og_description":"Faites l'exp\u00e9rience de l'harmonie parfaite entre commodit\u00e9 et puissance avec les Jujubes THC \u00e0 action rapide d'Eden. Fabriqu\u00e9s \u00e0 l'aide de notre technologie exclusive de nano-\u00e9mulsion, ces jujubes offrent des temps d'action plus rapides et des effets am\u00e9lior\u00e9s, garantissant une exp\u00e9rience de cannabis plus rapide et plus puissante. Que vous soyez \u00e0 la recherche d'un coup de fouet pour la journ\u00e9e ou d'une soir\u00e9e relaxante, nous avons tout ce qu'il vous faut avec des variantes sativa et indica.","og_url":"https:\/\/stgbc.bcweededible.net\/fr\/buy\/marques\/eden-edibles-fr\/jujubes-thc-a-action-rapide\/","og_site_name":"BC Weed Edible","article_modified_time":"2026-02-25T21:29:27+00:00","og_image":[{"width":1080,"height":1080,"url":"https:\/\/stgbc.bcweededible.net\/wp-content\/uploads\/2025\/06\/fast-acting-nano-thc-gummies-sativa2.jpg","type":"image\/jpeg"}],"twitter_card":"summary_large_image","schema":{"@context":"https:\/\/schema.org","@graph":[{"@type":"WebPage","@id":"https:\/\/stgbc.bcweededible.net\/fr\/buy\/marques\/eden-edibles-fr\/jujubes-thc-a-action-rapide\/","url":"https:\/\/stgbc.bcweededible.net\/fr\/buy\/marques\/eden-edibles-fr\/jujubes-thc-a-action-rapide\/","name":"Acheter des Jujubes THC \u00e0 action rapide au Canada BC Weed Edible","isPartOf":{"@id":"https:\/\/stgbc.bcweededible.net\/fr\/#website"},"primaryImageOfPage":{"@id":"https:\/\/stgbc.bcweededible.net\/fr\/buy\/marques\/eden-edibles-fr\/jujubes-thc-a-action-rapide\/#primaryimage"},"image":{"@id":"https:\/\/stgbc.bcweededible.net\/fr\/buy\/marques\/eden-edibles-fr\/jujubes-thc-a-action-rapide\/#primaryimage"},"thumbnailUrl":"https:\/\/stgbc.bcweededible.net\/wp-content\/uploads\/2025\/06\/fast-acting-nano-thc-gummies-sativa2.jpg","datePublished":"2024-11-27T20:16:24+00:00","dateModified":"2026-02-25T21:29:27+00:00","breadcrumb":{"@id":"https:\/\/stgbc.bcweededible.net\/fr\/buy\/marques\/eden-edibles-fr\/jujubes-thc-a-action-rapide\/#breadcrumb"},"inLanguage":"fr-FR","potentialAction":[{"@type":"ReadAction","target":["https:\/\/stgbc.bcweededible.net\/fr\/buy\/marques\/eden-edibles-fr\/jujubes-thc-a-action-rapide\/"]}]},{"@type":"ImageObject","inLanguage":"fr-FR","@id":"https:\/\/stgbc.bcweededible.net\/fr\/buy\/marques\/eden-edibles-fr\/jujubes-thc-a-action-rapide\/#primaryimage","url":"https:\/\/stgbc.bcweededible.net\/wp-content\/uploads\/2025\/06\/fast-acting-nano-thc-gummies-sativa2.jpg","contentUrl":"https:\/\/stgbc.bcweededible.net\/wp-content\/uploads\/2025\/06\/fast-acting-nano-thc-gummies-sativa2.jpg","width":1080,"height":1080},{"@type":"BreadcrumbList","@id":"https:\/\/stgbc.bcweededible.net\/fr\/buy\/marques\/eden-edibles-fr\/jujubes-thc-a-action-rapide\/#breadcrumb","itemListElement":[{"@type":"ListItem","position":1,"name":"Jujubes au Pot Canada","item":"https:\/\/stgbc.bcweededible.net\/fr\/shop\/"},{"@type":"ListItem","position":2,"name":"Jujubes THC \u00e0 action rapide"}]},{"@type":"WebSite","@id":"https:\/\/stgbc.bcweededible.net\/fr\/#website","url":"https:\/\/stgbc.bcweededible.net\/fr\/","name":"BC Weed Edible","description":"","publisher":{"@id":"https:\/\/stgbc.bcweededible.net\/fr\/#organization"},"potentialAction":[{"@type":"SearchAction","target":{"@type":"EntryPoint","urlTemplate":"https:\/\/stgbc.bcweededible.net\/fr\/?s={search_term_string}"},"query-input":{"@type":"PropertyValueSpecification","valueRequired":true,"valueName":"search_term_string"}}],"inLanguage":"fr-FR"},{"@type":"Organization","@id":"https:\/\/stgbc.bcweededible.net\/fr\/#organization","name":"BC Weed Edible","url":"https:\/\/stgbc.bcweededible.net\/fr\/","logo":{"@type":"ImageObject","inLanguage":"fr-FR","@id":"https:\/\/stgbc.bcweededible.net\/fr\/#\/schema\/logo\/image\/","url":"https:\/\/stgbc.bcweededible.net\/wp-content\/uploads\/2021\/12\/bc-weed-edible-canada.png","contentUrl":"https:\/\/stgbc.bcweededible.net\/wp-content\/uploads\/2021\/12\/bc-weed-edible-canada.png","width":270,"height":185,"caption":"BC Weed Edible"},"image":{"@id":"https:\/\/stgbc.bcweededible.net\/fr\/#\/schema\/logo\/image\/"}}]}},"_links":{"self":[{"href":"https:\/\/stgbc.bcweededible.net\/fr\/wp-json\/wp\/v2\/product\/88371","targetHints":{"allow":["GET"]}}],"collection":[{"href":"https:\/\/stgbc.bcweededible.net\/fr\/wp-json\/wp\/v2\/product"}],"about":[{"href":"https:\/\/stgbc.bcweededible.net\/fr\/wp-json\/wp\/v2\/types\/product"}],"replies":[{"embeddable":true,"href":"https:\/\/stgbc.bcweededible.net\/fr\/wp-json\/wp\/v2\/comments?post=88371"}],"wp:featuredmedia":[{"embeddable":true,"href":"https:\/\/stgbc.bcweededible.net\/fr\/wp-json\/wp\/v2\/media\/99919"}],"wp:attachment":[{"href":"https:\/\/stgbc.bcweededible.net\/fr\/wp-json\/wp\/v2\/media?parent=88371"}],"wp:term":[{"taxonomy":"product_brand","embeddable":true,"href":"https:\/\/stgbc.bcweededible.net\/fr\/wp-json\/wp\/v2\/product_brand?post=88371"},{"taxonomy":"product_cat","embeddable":true,"href":"https:\/\/stgbc.bcweededible.net\/fr\/wp-json\/wp\/v2\/product_cat?post=88371"},{"taxonomy":"product_tag","embeddable":true,"href":"https:\/\/stgbc.bcweededible.net\/fr\/wp-json\/wp\/v2\/product_tag?post=88371"}],"curies":[{"name":"wp","href":"https:\/\/api.w.org\/{rel}","templated":true}]}}