{"id":83792,"date":"2024-09-21T23:42:28","date_gmt":"2024-09-22T07:09:35","guid":{"rendered":"https:\/\/bcweededible.net\/buy\/non%20class\u00e9\/lemon-haze-shatter-sativa\/"},"modified":"2025-12-29T09:01:31","modified_gmt":"2025-12-29T17:01:31","slug":"lemon-haze-shatter-sativa","status":"publish","type":"product","link":"https:\/\/stgbc.bcweededible.net\/fr\/buy\/gros\/concentres-en-gros\/lemon-haze-shatter-sativa\/","title":{"rendered":"Lemon Haze Shatter (Sativa)"},"content":{"rendered":"<h2>A propos de Lemon Haze Shatter<\/h2>\n<ul>\n<li><strong>Consistance :<\/strong> \u00c9clats<\/li>\n<li><strong>Ph\u00e9notype :<\/strong> Hybride \u00e0 dominance <a href=\"http:\/\/bcweededible.net\/shop\/cannabis-flowers\/sativa\/\">Sativa<\/a><\/li>\n<li><strong>Teneur en THC :<\/strong> +79%<\/li>\n<li><strong>Teneur en CBD :<\/strong> &lt;1-2%<\/li>\n<li><strong>Type d&#8217;\u00e9clats :<\/strong> Nug Run Shatter (fabriqu\u00e9 \u00e0 partir de bourgeons, pas de rognures)<\/li>\n<li><strong>Fabriqu\u00e9 en :<\/strong> Belle Colombie-Britannique<\/li>\n<\/ul>\n<h2><strong>La vari\u00e9t\u00e9 Lemon Haze<\/strong><\/h2>\n<p><strong>Lemon Haze<\/strong> est une vari\u00e9t\u00e9 \u00e0 dominante sativa r\u00e9put\u00e9e pour son ar\u00f4me zest\u00e9 d&#8217;agrumes et ses effets revigorants.<br \/>\nIssue d&#8217;un croisement entre la <strong>Lemon Skunk<\/strong> et la <strong>Silver Haze<\/strong>, cette vari\u00e9t\u00e9 procure un effet \u00e9nergique et stimulant, parfait pour am\u00e9liorer l&#8217;humeur et la cr\u00e9ativit\u00e9.<br \/>\nAvec des niveaux de THC g\u00e9n\u00e9ralement compris entre 15 et 25 %, la Lemon Haze procure une exp\u00e9rience claire et concentr\u00e9e, ce qui la rend id\u00e9ale pour un usage diurne.<br \/>\nSon go\u00fbt vif de citron, combin\u00e9 \u00e0 une fum\u00e9e douce et rafra\u00eechissante, en fait un favori parmi les amateurs de sativa.<br \/>\nQue vous soyez \u00e0 la recherche d&#8217;un regain d&#8217;\u00e9nergie ou d&#8217;un rafra\u00eechissement mental, Lemon Haze vous offre une exp\u00e9rience de cannabis vibrante et \u00e9difiante.<\/p>\n","protected":false},"excerpt":{"rendered":"<p>Lemon Haze Shatter est un <a href=\"https:\/\/stgbc.bcweededible.net\/fr\/shop\/concentres\/\">extrait de cannabis de<\/a> premi\u00e8re qualit\u00e9 connu pour sa saveur d&#8217;agrumes rafra\u00eechissante et ses effets stimulants.<br \/>\nAvec une forte teneur en THC, cet extrait \u00e0 dominante sativa procure un effet \u00e9nergique et clairvoyant, parfait pour un usage diurne.<br \/>\nAppr\u00e9ciez l&#8217;ar\u00f4me piquant et la vapeur douce de Lemon Haze Shatter pour une exp\u00e9rience vibrante du cannabis. Tous nos <strong>Nug Run Shatters sont disponibles \u00e0 partir de $8 le gramme !<\/strong> Les stocks sont limit\u00e9s, profitez-en tant qu&#8217;il en reste !<\/p>\n","protected":false},"featured_media":83748,"comment_status":"open","ping_status":"closed","template":"","meta":[],"product_brand":[],"product_cat":[305,535,389],"product_tag":[],"class_list":{"0":"post-83792","1":"product","2":"type-product","3":"status-publish","4":"has-post-thumbnail","6":"product_cat-concentres","7":"product_cat-concentres-en-gros","8":"product_cat-shatter-fr","10":"first","11":"outofstock","12":"sale","13":"shipping-taxable","14":"purchasable","15":"product-type-variable","16":"has-default-attributes"},"yoast_head":"\n<title>Acheter Lemon Haze Shatter (Sativa) en ligne | Acheter Shatter Canada | BC Weed Edible<\/title>\n<meta name=\"robots\" content=\"index, follow, max-snippet:-1, max-image-preview:large, max-video-preview:-1\" \/>\n<link rel=\"canonical\" href=\"https:\/\/stgbc.bcweededible.net\/fr\/buy\/gros\/concentres-en-gros\/lemon-haze-shatter-sativa\/\" \/>\n<meta property=\"og:locale\" content=\"fr_FR\" \/>\n<meta property=\"og:type\" content=\"article\" \/>\n<meta property=\"og:title\" content=\"Acheter Lemon Haze Shatter (Sativa) en ligne | Acheter Shatter Canada | BC Weed Edible\" \/>\n<meta property=\"og:description\" content=\"Lemon Haze Shatter est un extrait de cannabis de premi\u00e8re qualit\u00e9 connu pour sa saveur d&#039;agrumes rafra\u00eechissante et ses effets stimulants. Avec une forte teneur en THC, cet extrait \u00e0 dominante sativa procure un effet \u00e9nergique et clairvoyant, parfait pour un usage diurne. Appr\u00e9ciez l&#039;ar\u00f4me piquant et la vapeur douce de Lemon Haze Shatter pour une exp\u00e9rience vibrante du cannabis. Tous nos Nug Run Shatters sont disponibles \u00e0 partir de $8 le gramme ! Les stocks sont limit\u00e9s, profitez-en tant qu&#039;il en reste !\" \/>\n<meta property=\"og:url\" content=\"https:\/\/stgbc.bcweededible.net\/fr\/buy\/gros\/concentres-en-gros\/lemon-haze-shatter-sativa\/\" \/>\n<meta property=\"og:site_name\" content=\"BC Weed Edible\" \/>\n<meta property=\"article:modified_time\" content=\"2025-12-29T17:01:31+00:00\" \/>\n<meta property=\"og:image\" content=\"https:\/\/stgbc.bcweededible.net\/wp-content\/uploads\/2024\/09\/lemon-haze-shatter-online-canada.jpg\" \/>\n\t<meta property=\"og:image:width\" content=\"1200\" \/>\n\t<meta property=\"og:image:height\" content=\"1200\" \/>\n\t<meta property=\"og:image:type\" content=\"image\/jpeg\" \/>\n<meta name=\"twitter:card\" content=\"summary_large_image\" \/>\n<meta name=\"twitter:label1\" content=\"Dur\u00e9e de lecture estim\u00e9e\" \/>\n\t<meta name=\"twitter:data1\" content=\"1 minute\" \/>\n<script type=\"application\/ld+json\" class=\"yoast-schema-graph\">{\"@context\":\"https:\\\/\\\/schema.org\",\"@graph\":[{\"@type\":\"WebPage\",\"@id\":\"https:\\\/\\\/stgbc.bcweededible.net\\\/fr\\\/buy\\\/gros\\\/concentres-en-gros\\\/lemon-haze-shatter-sativa\\\/\",\"url\":\"https:\\\/\\\/stgbc.bcweededible.net\\\/fr\\\/buy\\\/gros\\\/concentres-en-gros\\\/lemon-haze-shatter-sativa\\\/\",\"name\":\"Acheter Lemon Haze Shatter (Sativa) en ligne | Acheter Shatter Canada | BC Weed Edible\",\"isPartOf\":{\"@id\":\"https:\\\/\\\/stgbc.bcweededible.net\\\/fr\\\/#website\"},\"primaryImageOfPage\":{\"@id\":\"https:\\\/\\\/stgbc.bcweededible.net\\\/fr\\\/buy\\\/gros\\\/concentres-en-gros\\\/lemon-haze-shatter-sativa\\\/#primaryimage\"},\"image\":{\"@id\":\"https:\\\/\\\/stgbc.bcweededible.net\\\/fr\\\/buy\\\/gros\\\/concentres-en-gros\\\/lemon-haze-shatter-sativa\\\/#primaryimage\"},\"thumbnailUrl\":\"https:\\\/\\\/stgbc.bcweededible.net\\\/wp-content\\\/uploads\\\/2024\\\/09\\\/lemon-haze-shatter-online-canada.jpg\",\"datePublished\":\"2024-09-22T07:09:35+00:00\",\"dateModified\":\"2025-12-29T17:01:31+00:00\",\"breadcrumb\":{\"@id\":\"https:\\\/\\\/stgbc.bcweededible.net\\\/fr\\\/buy\\\/gros\\\/concentres-en-gros\\\/lemon-haze-shatter-sativa\\\/#breadcrumb\"},\"inLanguage\":\"fr-FR\",\"potentialAction\":[{\"@type\":\"ReadAction\",\"target\":[\"https:\\\/\\\/stgbc.bcweededible.net\\\/fr\\\/buy\\\/gros\\\/concentres-en-gros\\\/lemon-haze-shatter-sativa\\\/\"]}]},{\"@type\":\"ImageObject\",\"inLanguage\":\"fr-FR\",\"@id\":\"https:\\\/\\\/stgbc.bcweededible.net\\\/fr\\\/buy\\\/gros\\\/concentres-en-gros\\\/lemon-haze-shatter-sativa\\\/#primaryimage\",\"url\":\"https:\\\/\\\/stgbc.bcweededible.net\\\/wp-content\\\/uploads\\\/2024\\\/09\\\/lemon-haze-shatter-online-canada.jpg\",\"contentUrl\":\"https:\\\/\\\/stgbc.bcweededible.net\\\/wp-content\\\/uploads\\\/2024\\\/09\\\/lemon-haze-shatter-online-canada.jpg\",\"width\":1200,\"height\":1200,\"caption\":\"lemon haze shatter\"},{\"@type\":\"BreadcrumbList\",\"@id\":\"https:\\\/\\\/stgbc.bcweededible.net\\\/fr\\\/buy\\\/gros\\\/concentres-en-gros\\\/lemon-haze-shatter-sativa\\\/#breadcrumb\",\"itemListElement\":[{\"@type\":\"ListItem\",\"position\":1,\"name\":\"Jujubes au Pot Canada\",\"item\":\"https:\\\/\\\/stgbc.bcweededible.net\\\/fr\\\/shop\\\/\"},{\"@type\":\"ListItem\",\"position\":2,\"name\":\"Lemon Haze Shatter (Sativa)\"}]},{\"@type\":\"WebSite\",\"@id\":\"https:\\\/\\\/stgbc.bcweededible.net\\\/fr\\\/#website\",\"url\":\"https:\\\/\\\/stgbc.bcweededible.net\\\/fr\\\/\",\"name\":\"BC Weed Edible\",\"description\":\"\",\"publisher\":{\"@id\":\"https:\\\/\\\/stgbc.bcweededible.net\\\/fr\\\/#organization\"},\"potentialAction\":[{\"@type\":\"SearchAction\",\"target\":{\"@type\":\"EntryPoint\",\"urlTemplate\":\"https:\\\/\\\/stgbc.bcweededible.net\\\/fr\\\/?s={search_term_string}\"},\"query-input\":{\"@type\":\"PropertyValueSpecification\",\"valueRequired\":true,\"valueName\":\"search_term_string\"}}],\"inLanguage\":\"fr-FR\"},{\"@type\":\"Organization\",\"@id\":\"https:\\\/\\\/stgbc.bcweededible.net\\\/fr\\\/#organization\",\"name\":\"BC Weed Edible\",\"url\":\"https:\\\/\\\/stgbc.bcweededible.net\\\/fr\\\/\",\"logo\":{\"@type\":\"ImageObject\",\"inLanguage\":\"fr-FR\",\"@id\":\"https:\\\/\\\/stgbc.bcweededible.net\\\/fr\\\/#\\\/schema\\\/logo\\\/image\\\/\",\"url\":\"https:\\\/\\\/stgbc.bcweededible.net\\\/wp-content\\\/uploads\\\/2021\\\/12\\\/bc-weed-edible-canada.png\",\"contentUrl\":\"https:\\\/\\\/stgbc.bcweededible.net\\\/wp-content\\\/uploads\\\/2021\\\/12\\\/bc-weed-edible-canada.png\",\"width\":270,\"height\":185,\"caption\":\"BC Weed Edible\"},\"image\":{\"@id\":\"https:\\\/\\\/stgbc.bcweededible.net\\\/fr\\\/#\\\/schema\\\/logo\\\/image\\\/\"}}]}<\/script>\n","yoast_head_json":{"title":"Acheter Lemon Haze Shatter (Sativa) en ligne | Acheter Shatter Canada | BC Weed Edible","robots":{"index":"index","follow":"follow","max-snippet":"max-snippet:-1","max-image-preview":"max-image-preview:large","max-video-preview":"max-video-preview:-1"},"canonical":"https:\/\/stgbc.bcweededible.net\/fr\/buy\/gros\/concentres-en-gros\/lemon-haze-shatter-sativa\/","og_locale":"fr_FR","og_type":"article","og_title":"Acheter Lemon Haze Shatter (Sativa) en ligne | Acheter Shatter Canada | BC Weed Edible","og_description":"Lemon Haze Shatter est un extrait de cannabis de premi\u00e8re qualit\u00e9 connu pour sa saveur d'agrumes rafra\u00eechissante et ses effets stimulants. Avec une forte teneur en THC, cet extrait \u00e0 dominante sativa procure un effet \u00e9nergique et clairvoyant, parfait pour un usage diurne. Appr\u00e9ciez l'ar\u00f4me piquant et la vapeur douce de Lemon Haze Shatter pour une exp\u00e9rience vibrante du cannabis. Tous nos Nug Run Shatters sont disponibles \u00e0 partir de $8 le gramme ! Les stocks sont limit\u00e9s, profitez-en tant qu'il en reste !","og_url":"https:\/\/stgbc.bcweededible.net\/fr\/buy\/gros\/concentres-en-gros\/lemon-haze-shatter-sativa\/","og_site_name":"BC Weed Edible","article_modified_time":"2025-12-29T17:01:31+00:00","og_image":[{"width":1200,"height":1200,"url":"https:\/\/stgbc.bcweededible.net\/wp-content\/uploads\/2024\/09\/lemon-haze-shatter-online-canada.jpg","type":"image\/jpeg"}],"twitter_card":"summary_large_image","twitter_misc":{"Dur\u00e9e de lecture estim\u00e9e":"1 minute"},"schema":{"@context":"https:\/\/schema.org","@graph":[{"@type":"WebPage","@id":"https:\/\/stgbc.bcweededible.net\/fr\/buy\/gros\/concentres-en-gros\/lemon-haze-shatter-sativa\/","url":"https:\/\/stgbc.bcweededible.net\/fr\/buy\/gros\/concentres-en-gros\/lemon-haze-shatter-sativa\/","name":"Acheter Lemon Haze Shatter (Sativa) en ligne | Acheter Shatter Canada | BC Weed Edible","isPartOf":{"@id":"https:\/\/stgbc.bcweededible.net\/fr\/#website"},"primaryImageOfPage":{"@id":"https:\/\/stgbc.bcweededible.net\/fr\/buy\/gros\/concentres-en-gros\/lemon-haze-shatter-sativa\/#primaryimage"},"image":{"@id":"https:\/\/stgbc.bcweededible.net\/fr\/buy\/gros\/concentres-en-gros\/lemon-haze-shatter-sativa\/#primaryimage"},"thumbnailUrl":"https:\/\/stgbc.bcweededible.net\/wp-content\/uploads\/2024\/09\/lemon-haze-shatter-online-canada.jpg","datePublished":"2024-09-22T07:09:35+00:00","dateModified":"2025-12-29T17:01:31+00:00","breadcrumb":{"@id":"https:\/\/stgbc.bcweededible.net\/fr\/buy\/gros\/concentres-en-gros\/lemon-haze-shatter-sativa\/#breadcrumb"},"inLanguage":"fr-FR","potentialAction":[{"@type":"ReadAction","target":["https:\/\/stgbc.bcweededible.net\/fr\/buy\/gros\/concentres-en-gros\/lemon-haze-shatter-sativa\/"]}]},{"@type":"ImageObject","inLanguage":"fr-FR","@id":"https:\/\/stgbc.bcweededible.net\/fr\/buy\/gros\/concentres-en-gros\/lemon-haze-shatter-sativa\/#primaryimage","url":"https:\/\/stgbc.bcweededible.net\/wp-content\/uploads\/2024\/09\/lemon-haze-shatter-online-canada.jpg","contentUrl":"https:\/\/stgbc.bcweededible.net\/wp-content\/uploads\/2024\/09\/lemon-haze-shatter-online-canada.jpg","width":1200,"height":1200,"caption":"lemon haze shatter"},{"@type":"BreadcrumbList","@id":"https:\/\/stgbc.bcweededible.net\/fr\/buy\/gros\/concentres-en-gros\/lemon-haze-shatter-sativa\/#breadcrumb","itemListElement":[{"@type":"ListItem","position":1,"name":"Jujubes au Pot Canada","item":"https:\/\/stgbc.bcweededible.net\/fr\/shop\/"},{"@type":"ListItem","position":2,"name":"Lemon Haze Shatter (Sativa)"}]},{"@type":"WebSite","@id":"https:\/\/stgbc.bcweededible.net\/fr\/#website","url":"https:\/\/stgbc.bcweededible.net\/fr\/","name":"BC Weed Edible","description":"","publisher":{"@id":"https:\/\/stgbc.bcweededible.net\/fr\/#organization"},"potentialAction":[{"@type":"SearchAction","target":{"@type":"EntryPoint","urlTemplate":"https:\/\/stgbc.bcweededible.net\/fr\/?s={search_term_string}"},"query-input":{"@type":"PropertyValueSpecification","valueRequired":true,"valueName":"search_term_string"}}],"inLanguage":"fr-FR"},{"@type":"Organization","@id":"https:\/\/stgbc.bcweededible.net\/fr\/#organization","name":"BC Weed Edible","url":"https:\/\/stgbc.bcweededible.net\/fr\/","logo":{"@type":"ImageObject","inLanguage":"fr-FR","@id":"https:\/\/stgbc.bcweededible.net\/fr\/#\/schema\/logo\/image\/","url":"https:\/\/stgbc.bcweededible.net\/wp-content\/uploads\/2021\/12\/bc-weed-edible-canada.png","contentUrl":"https:\/\/stgbc.bcweededible.net\/wp-content\/uploads\/2021\/12\/bc-weed-edible-canada.png","width":270,"height":185,"caption":"BC Weed Edible"},"image":{"@id":"https:\/\/stgbc.bcweededible.net\/fr\/#\/schema\/logo\/image\/"}}]}},"_links":{"self":[{"href":"https:\/\/stgbc.bcweededible.net\/fr\/wp-json\/wp\/v2\/product\/83792","targetHints":{"allow":["GET"]}}],"collection":[{"href":"https:\/\/stgbc.bcweededible.net\/fr\/wp-json\/wp\/v2\/product"}],"about":[{"href":"https:\/\/stgbc.bcweededible.net\/fr\/wp-json\/wp\/v2\/types\/product"}],"replies":[{"embeddable":true,"href":"https:\/\/stgbc.bcweededible.net\/fr\/wp-json\/wp\/v2\/comments?post=83792"}],"wp:featuredmedia":[{"embeddable":true,"href":"https:\/\/stgbc.bcweededible.net\/fr\/wp-json\/wp\/v2\/media\/83748"}],"wp:attachment":[{"href":"https:\/\/stgbc.bcweededible.net\/fr\/wp-json\/wp\/v2\/media?parent=83792"}],"wp:term":[{"taxonomy":"product_brand","embeddable":true,"href":"https:\/\/stgbc.bcweededible.net\/fr\/wp-json\/wp\/v2\/product_brand?post=83792"},{"taxonomy":"product_cat","embeddable":true,"href":"https:\/\/stgbc.bcweededible.net\/fr\/wp-json\/wp\/v2\/product_cat?post=83792"},{"taxonomy":"product_tag","embeddable":true,"href":"https:\/\/stgbc.bcweededible.net\/fr\/wp-json\/wp\/v2\/product_tag?post=83792"}],"curies":[{"name":"wp","href":"https:\/\/api.w.org\/{rel}","templated":true}]}}