{"id":83791,"date":"2024-09-21T23:51:30","date_gmt":"2024-09-22T06:51:30","guid":{"rendered":"https:\/\/bcweededible.net\/buy\/non%20class\u00e9\/hash-a-la-fraise\/"},"modified":"2026-04-01T15:51:54","modified_gmt":"2026-04-01T22:51:54","slug":"hash-a-la-fraise","status":"publish","type":"product","link":"https:\/\/stgbc.bcweededible.net\/fr\/buy\/concentres\/hasch\/bc-hash-fr\/hash-a-la-fraise\/","title":{"rendered":"Strawberry Kush Hash"},"content":{"rendered":"<ul>\n<li><strong>G\u00e9n\u00e9tique<\/strong>: <em>Strawberry Kush<\/em> (Strawberry Cough x OG Kush)<\/li>\n<li><strong>Consistance :<\/strong> Moelleux<\/li>\n<li><strong>Teneur en THC<\/strong>: 40-50%<\/li>\n<li><strong>Saveurs et ar\u00f4mes<\/strong>: doux, fruit\u00e9, avec de riches notes de fraises et de baies subtiles.<\/li>\n<li><strong>Effets<\/strong>: Relaxation profonde, euphorie, sensation d&#8217;apaisement et soulagement du stress.<\/li>\n<\/ul>\n","protected":false},"excerpt":{"rendered":"<p><strong>Strawberry Kush Hash<\/strong> est un concentr\u00e9 de cannabis de premier ordre, \u00e9labor\u00e9 \u00e0 partir des trichomes de vari\u00e9t\u00e9s Strawberry Kush de premi\u00e8re qualit\u00e9.<br \/>\nR\u00e9put\u00e9 pour sa saveur douce et parfum\u00e9e de fraise, combin\u00e9e \u00e0 des notes de baies et de terre, ce haschisch offre une exp\u00e9rience sensorielle inoubliable.<br \/>\nCette fum\u00e9e douce et savoureuse est la pr\u00e9f\u00e9r\u00e9e de ceux qui recherchent \u00e0 la fois la saveur et la puissance.<\/p>\n","protected":false},"featured_media":83778,"comment_status":"open","ping_status":"closed","template":"","meta":[],"product_brand":[],"product_cat":[659,305,535,660,661,628,549],"product_tag":[],"class_list":{"0":"post-83791","1":"product","2":"type-product","3":"status-publish","4":"has-post-thumbnail","6":"product_cat-bc-hash-fr","7":"product_cat-concentres","8":"product_cat-concentres-en-gros","9":"product_cat-bulk-hash-fr","10":"product_cat-haschisch-bon-marche","11":"product_cat-hasch","12":"product_cat-promotions","14":"first","15":"instock","16":"sale","17":"featured","18":"shipping-taxable","19":"purchasable","20":"product-type-variable","21":"has-default-attributes"},"yoast_head":"\n<title>Acheter le Strawberry Kush Hash Canada de $4gram | BC Weed Edible<\/title>\n<meta name=\"description\" content=\"Achetez le meilleur Strawberry Kush Hash au Canada \u00e0 partir de $4\/gr chez BC Weed Edible. Livraison gratuite pour 99 $ et 20 $ de rabais sur la premi\u00e8re commande. Un seul gramme, 1oz ou 1lb, obtenez ce dont vous avez besoin maintenant !\" \/>\n<meta name=\"robots\" content=\"index, follow, max-snippet:-1, max-image-preview:large, max-video-preview:-1\" \/>\n<link rel=\"canonical\" href=\"https:\/\/stgbc.bcweededible.net\/fr\/buy\/concentres\/hasch\/bc-hash-fr\/hash-a-la-fraise\/\" \/>\n<meta property=\"og:locale\" content=\"fr_FR\" \/>\n<meta property=\"og:type\" content=\"article\" \/>\n<meta property=\"og:title\" content=\"Acheter le Strawberry Kush Hash Canada de $4gram | BC Weed Edible\" \/>\n<meta property=\"og:description\" content=\"Achetez le meilleur Strawberry Kush Hash au Canada \u00e0 partir de $4\/gr chez BC Weed Edible. Livraison gratuite pour 99 $ et 20 $ de rabais sur la premi\u00e8re commande. Un seul gramme, 1oz ou 1lb, obtenez ce dont vous avez besoin maintenant !\" \/>\n<meta property=\"og:url\" content=\"https:\/\/stgbc.bcweededible.net\/fr\/buy\/concentres\/hasch\/bc-hash-fr\/hash-a-la-fraise\/\" \/>\n<meta property=\"og:site_name\" content=\"BC Weed Edible\" \/>\n<meta property=\"article:modified_time\" content=\"2026-04-01T22:51:54+00:00\" \/>\n<meta property=\"og:image\" content=\"https:\/\/stgbc.bcweededible.net\/wp-content\/uploads\/2024\/09\/Inside-texture-of-Strawberry-Hash.webp\" \/>\n\t<meta property=\"og:image:width\" content=\"800\" \/>\n\t<meta property=\"og:image:height\" content=\"800\" \/>\n\t<meta property=\"og:image:type\" content=\"image\/webp\" \/>\n<meta name=\"twitter:card\" content=\"summary_large_image\" \/>\n<meta name=\"twitter:label1\" content=\"Dur\u00e9e de lecture estim\u00e9e\" \/>\n\t<meta name=\"twitter:data1\" content=\"1 minute\" \/>\n<script type=\"application\/ld+json\" class=\"yoast-schema-graph\">{\"@context\":\"https:\\\/\\\/schema.org\",\"@graph\":[{\"@type\":\"WebPage\",\"@id\":\"https:\\\/\\\/stgbc.bcweededible.net\\\/fr\\\/buy\\\/concentres\\\/hasch\\\/bc-hash-fr\\\/hash-a-la-fraise\\\/\",\"url\":\"https:\\\/\\\/stgbc.bcweededible.net\\\/fr\\\/buy\\\/concentres\\\/hasch\\\/bc-hash-fr\\\/hash-a-la-fraise\\\/\",\"name\":\"Acheter le Strawberry Kush Hash Canada de $4gram | BC Weed Edible\",\"isPartOf\":{\"@id\":\"https:\\\/\\\/stgbc.bcweededible.net\\\/fr\\\/#website\"},\"primaryImageOfPage\":{\"@id\":\"https:\\\/\\\/stgbc.bcweededible.net\\\/fr\\\/buy\\\/concentres\\\/hasch\\\/bc-hash-fr\\\/hash-a-la-fraise\\\/#primaryimage\"},\"image\":{\"@id\":\"https:\\\/\\\/stgbc.bcweededible.net\\\/fr\\\/buy\\\/concentres\\\/hasch\\\/bc-hash-fr\\\/hash-a-la-fraise\\\/#primaryimage\"},\"thumbnailUrl\":\"https:\\\/\\\/stgbc.bcweededible.net\\\/wp-content\\\/uploads\\\/2024\\\/09\\\/Inside-texture-of-Strawberry-Hash.webp\",\"datePublished\":\"2024-09-22T06:51:30+00:00\",\"dateModified\":\"2026-04-01T22:51:54+00:00\",\"description\":\"Achetez le meilleur Strawberry Kush Hash au Canada \u00e0 partir de $4\\\/gr chez BC Weed Edible. Livraison gratuite pour 99 $ et 20 $ de rabais sur la premi\u00e8re commande. Un seul gramme, 1oz ou 1lb, obtenez ce dont vous avez besoin maintenant !\",\"breadcrumb\":{\"@id\":\"https:\\\/\\\/stgbc.bcweededible.net\\\/fr\\\/buy\\\/concentres\\\/hasch\\\/bc-hash-fr\\\/hash-a-la-fraise\\\/#breadcrumb\"},\"inLanguage\":\"fr-FR\",\"potentialAction\":[{\"@type\":\"ReadAction\",\"target\":[\"https:\\\/\\\/stgbc.bcweededible.net\\\/fr\\\/buy\\\/concentres\\\/hasch\\\/bc-hash-fr\\\/hash-a-la-fraise\\\/\"]}]},{\"@type\":\"ImageObject\",\"inLanguage\":\"fr-FR\",\"@id\":\"https:\\\/\\\/stgbc.bcweededible.net\\\/fr\\\/buy\\\/concentres\\\/hasch\\\/bc-hash-fr\\\/hash-a-la-fraise\\\/#primaryimage\",\"url\":\"https:\\\/\\\/stgbc.bcweededible.net\\\/wp-content\\\/uploads\\\/2024\\\/09\\\/Inside-texture-of-Strawberry-Hash.webp\",\"contentUrl\":\"https:\\\/\\\/stgbc.bcweededible.net\\\/wp-content\\\/uploads\\\/2024\\\/09\\\/Inside-texture-of-Strawberry-Hash.webp\",\"width\":800,\"height\":800,\"caption\":\"strawberry hash inside view\"},{\"@type\":\"BreadcrumbList\",\"@id\":\"https:\\\/\\\/stgbc.bcweededible.net\\\/fr\\\/buy\\\/concentres\\\/hasch\\\/bc-hash-fr\\\/hash-a-la-fraise\\\/#breadcrumb\",\"itemListElement\":[{\"@type\":\"ListItem\",\"position\":1,\"name\":\"Jujubes au Pot Canada\",\"item\":\"https:\\\/\\\/stgbc.bcweededible.net\\\/fr\\\/shop\\\/\"},{\"@type\":\"ListItem\",\"position\":2,\"name\":\"Strawberry Kush Hash\"}]},{\"@type\":\"WebSite\",\"@id\":\"https:\\\/\\\/stgbc.bcweededible.net\\\/fr\\\/#website\",\"url\":\"https:\\\/\\\/stgbc.bcweededible.net\\\/fr\\\/\",\"name\":\"BC Weed Edible\",\"description\":\"\",\"publisher\":{\"@id\":\"https:\\\/\\\/stgbc.bcweededible.net\\\/fr\\\/#organization\"},\"potentialAction\":[{\"@type\":\"SearchAction\",\"target\":{\"@type\":\"EntryPoint\",\"urlTemplate\":\"https:\\\/\\\/stgbc.bcweededible.net\\\/fr\\\/?s={search_term_string}\"},\"query-input\":{\"@type\":\"PropertyValueSpecification\",\"valueRequired\":true,\"valueName\":\"search_term_string\"}}],\"inLanguage\":\"fr-FR\"},{\"@type\":\"Organization\",\"@id\":\"https:\\\/\\\/stgbc.bcweededible.net\\\/fr\\\/#organization\",\"name\":\"BC Weed Edible\",\"url\":\"https:\\\/\\\/stgbc.bcweededible.net\\\/fr\\\/\",\"logo\":{\"@type\":\"ImageObject\",\"inLanguage\":\"fr-FR\",\"@id\":\"https:\\\/\\\/stgbc.bcweededible.net\\\/fr\\\/#\\\/schema\\\/logo\\\/image\\\/\",\"url\":\"https:\\\/\\\/stgbc.bcweededible.net\\\/wp-content\\\/uploads\\\/2021\\\/12\\\/bc-weed-edible-canada.png\",\"contentUrl\":\"https:\\\/\\\/stgbc.bcweededible.net\\\/wp-content\\\/uploads\\\/2021\\\/12\\\/bc-weed-edible-canada.png\",\"width\":270,\"height\":185,\"caption\":\"BC Weed Edible\"},\"image\":{\"@id\":\"https:\\\/\\\/stgbc.bcweededible.net\\\/fr\\\/#\\\/schema\\\/logo\\\/image\\\/\"}}]}<\/script>\n","yoast_head_json":{"title":"Acheter le Strawberry Kush Hash Canada de $4gram | BC Weed Edible","description":"Achetez le meilleur Strawberry Kush Hash au Canada \u00e0 partir de $4\/gr chez BC Weed Edible. Livraison gratuite pour 99 $ et 20 $ de rabais sur la premi\u00e8re commande. Un seul gramme, 1oz ou 1lb, obtenez ce dont vous avez besoin maintenant !","robots":{"index":"index","follow":"follow","max-snippet":"max-snippet:-1","max-image-preview":"max-image-preview:large","max-video-preview":"max-video-preview:-1"},"canonical":"https:\/\/stgbc.bcweededible.net\/fr\/buy\/concentres\/hasch\/bc-hash-fr\/hash-a-la-fraise\/","og_locale":"fr_FR","og_type":"article","og_title":"Acheter le Strawberry Kush Hash Canada de $4gram | BC Weed Edible","og_description":"Achetez le meilleur Strawberry Kush Hash au Canada \u00e0 partir de $4\/gr chez BC Weed Edible. Livraison gratuite pour 99 $ et 20 $ de rabais sur la premi\u00e8re commande. Un seul gramme, 1oz ou 1lb, obtenez ce dont vous avez besoin maintenant !","og_url":"https:\/\/stgbc.bcweededible.net\/fr\/buy\/concentres\/hasch\/bc-hash-fr\/hash-a-la-fraise\/","og_site_name":"BC Weed Edible","article_modified_time":"2026-04-01T22:51:54+00:00","og_image":[{"width":800,"height":800,"url":"https:\/\/stgbc.bcweededible.net\/wp-content\/uploads\/2024\/09\/Inside-texture-of-Strawberry-Hash.webp","type":"image\/webp"}],"twitter_card":"summary_large_image","twitter_misc":{"Dur\u00e9e de lecture estim\u00e9e":"1 minute"},"schema":{"@context":"https:\/\/schema.org","@graph":[{"@type":"WebPage","@id":"https:\/\/stgbc.bcweededible.net\/fr\/buy\/concentres\/hasch\/bc-hash-fr\/hash-a-la-fraise\/","url":"https:\/\/stgbc.bcweededible.net\/fr\/buy\/concentres\/hasch\/bc-hash-fr\/hash-a-la-fraise\/","name":"Acheter le Strawberry Kush Hash Canada de $4gram | BC Weed Edible","isPartOf":{"@id":"https:\/\/stgbc.bcweededible.net\/fr\/#website"},"primaryImageOfPage":{"@id":"https:\/\/stgbc.bcweededible.net\/fr\/buy\/concentres\/hasch\/bc-hash-fr\/hash-a-la-fraise\/#primaryimage"},"image":{"@id":"https:\/\/stgbc.bcweededible.net\/fr\/buy\/concentres\/hasch\/bc-hash-fr\/hash-a-la-fraise\/#primaryimage"},"thumbnailUrl":"https:\/\/stgbc.bcweededible.net\/wp-content\/uploads\/2024\/09\/Inside-texture-of-Strawberry-Hash.webp","datePublished":"2024-09-22T06:51:30+00:00","dateModified":"2026-04-01T22:51:54+00:00","description":"Achetez le meilleur Strawberry Kush Hash au Canada \u00e0 partir de $4\/gr chez BC Weed Edible. Livraison gratuite pour 99 $ et 20 $ de rabais sur la premi\u00e8re commande. Un seul gramme, 1oz ou 1lb, obtenez ce dont vous avez besoin maintenant !","breadcrumb":{"@id":"https:\/\/stgbc.bcweededible.net\/fr\/buy\/concentres\/hasch\/bc-hash-fr\/hash-a-la-fraise\/#breadcrumb"},"inLanguage":"fr-FR","potentialAction":[{"@type":"ReadAction","target":["https:\/\/stgbc.bcweededible.net\/fr\/buy\/concentres\/hasch\/bc-hash-fr\/hash-a-la-fraise\/"]}]},{"@type":"ImageObject","inLanguage":"fr-FR","@id":"https:\/\/stgbc.bcweededible.net\/fr\/buy\/concentres\/hasch\/bc-hash-fr\/hash-a-la-fraise\/#primaryimage","url":"https:\/\/stgbc.bcweededible.net\/wp-content\/uploads\/2024\/09\/Inside-texture-of-Strawberry-Hash.webp","contentUrl":"https:\/\/stgbc.bcweededible.net\/wp-content\/uploads\/2024\/09\/Inside-texture-of-Strawberry-Hash.webp","width":800,"height":800,"caption":"strawberry hash inside view"},{"@type":"BreadcrumbList","@id":"https:\/\/stgbc.bcweededible.net\/fr\/buy\/concentres\/hasch\/bc-hash-fr\/hash-a-la-fraise\/#breadcrumb","itemListElement":[{"@type":"ListItem","position":1,"name":"Jujubes au Pot Canada","item":"https:\/\/stgbc.bcweededible.net\/fr\/shop\/"},{"@type":"ListItem","position":2,"name":"Strawberry Kush Hash"}]},{"@type":"WebSite","@id":"https:\/\/stgbc.bcweededible.net\/fr\/#website","url":"https:\/\/stgbc.bcweededible.net\/fr\/","name":"BC Weed Edible","description":"","publisher":{"@id":"https:\/\/stgbc.bcweededible.net\/fr\/#organization"},"potentialAction":[{"@type":"SearchAction","target":{"@type":"EntryPoint","urlTemplate":"https:\/\/stgbc.bcweededible.net\/fr\/?s={search_term_string}"},"query-input":{"@type":"PropertyValueSpecification","valueRequired":true,"valueName":"search_term_string"}}],"inLanguage":"fr-FR"},{"@type":"Organization","@id":"https:\/\/stgbc.bcweededible.net\/fr\/#organization","name":"BC Weed Edible","url":"https:\/\/stgbc.bcweededible.net\/fr\/","logo":{"@type":"ImageObject","inLanguage":"fr-FR","@id":"https:\/\/stgbc.bcweededible.net\/fr\/#\/schema\/logo\/image\/","url":"https:\/\/stgbc.bcweededible.net\/wp-content\/uploads\/2021\/12\/bc-weed-edible-canada.png","contentUrl":"https:\/\/stgbc.bcweededible.net\/wp-content\/uploads\/2021\/12\/bc-weed-edible-canada.png","width":270,"height":185,"caption":"BC Weed Edible"},"image":{"@id":"https:\/\/stgbc.bcweededible.net\/fr\/#\/schema\/logo\/image\/"}}]}},"_links":{"self":[{"href":"https:\/\/stgbc.bcweededible.net\/fr\/wp-json\/wp\/v2\/product\/83791","targetHints":{"allow":["GET"]}}],"collection":[{"href":"https:\/\/stgbc.bcweededible.net\/fr\/wp-json\/wp\/v2\/product"}],"about":[{"href":"https:\/\/stgbc.bcweededible.net\/fr\/wp-json\/wp\/v2\/types\/product"}],"replies":[{"embeddable":true,"href":"https:\/\/stgbc.bcweededible.net\/fr\/wp-json\/wp\/v2\/comments?post=83791"}],"wp:featuredmedia":[{"embeddable":true,"href":"https:\/\/stgbc.bcweededible.net\/fr\/wp-json\/wp\/v2\/media\/83778"}],"wp:attachment":[{"href":"https:\/\/stgbc.bcweededible.net\/fr\/wp-json\/wp\/v2\/media?parent=83791"}],"wp:term":[{"taxonomy":"product_brand","embeddable":true,"href":"https:\/\/stgbc.bcweededible.net\/fr\/wp-json\/wp\/v2\/product_brand?post=83791"},{"taxonomy":"product_cat","embeddable":true,"href":"https:\/\/stgbc.bcweededible.net\/fr\/wp-json\/wp\/v2\/product_cat?post=83791"},{"taxonomy":"product_tag","embeddable":true,"href":"https:\/\/stgbc.bcweededible.net\/fr\/wp-json\/wp\/v2\/product_tag?post=83791"}],"curies":[{"name":"wp","href":"https:\/\/api.w.org\/{rel}","templated":true}]}}