{"id":79778,"date":"2023-08-17T13:06:13","date_gmt":"2023-08-17T20:06:13","guid":{"rendered":"https:\/\/bcweededible.net\/buy\/non%20class\u00e9\/vapeur-jetable-eden-live-resin-2gr\/"},"modified":"2026-03-18T20:29:54","modified_gmt":"2026-03-19T03:29:54","slug":"wax-pen-jetable-eden-live-resin-2gr","status":"publish","type":"product","link":"https:\/\/stgbc.bcweededible.net\/fr\/buy\/concentres\/distillat\/wax-pen-jetable-eden-live-resin-2gr\/","title":{"rendered":"Wax Pen Jetable Eden Resine Vivante (2gr)"},"content":{"rendered":"","protected":false},"excerpt":{"rendered":"<p>D\u00e9couvrez le <strong>stylo \u00e0 vaper jetable Eden <a href=\"https:\/\/stgbc.bcweededible.net\/shop\/concentrates\/live-resin\/\">Live Resin<\/a><\/strong>: votre r\u00e9f\u00e9rence en mati\u00e8re de puret\u00e9, de puissance et de commodit\u00e9. Fabriqu\u00e9 avec de la <strong>r\u00e9sine vivante provenant de cannabis fra\u00eechement congel\u00e9<\/strong>, il d\u00e9livre les v\u00e9ritables saveurs et effets de la plante dans un design \u00e9l\u00e9gant et facile \u00e0 utiliser. Chaque stylo est enti\u00e8rement charg\u00e9 avec<strong> 2 grammes de Live Resin<\/strong>, pour un plaisir de longue dur\u00e9e. Il offre une<strong> exp\u00e9rience de vapotage discr\u00e8te, puissante et savoureuse<\/strong>. Vous en voulez plus ? Obtenez 50% de r\u00e9duction sur le prix r\u00e9gulier avec notre Vape jetable Live Resin en vrac!<\/p>\n<h2>\u00c0 PROPOS DE CE PRODUIT<\/h2>\n<table>\n<thead>\n<tr>\n<th><strong>Informations<\/strong><\/th>\n<th><strong>D\u00e9tails<\/strong><\/th>\n<\/tr>\n<\/thead>\n<tbody>\n<tr>\n<td>Extrait utilis\u00e9<\/td>\n<td>Live Resin<\/td>\n<\/tr>\n<tr>\n<td>Concentration en THC<\/td>\n<td>70-80% DE THC<\/td>\n<\/tr>\n<tr>\n<td>Rechargeable<\/td>\n<td>Oui<\/td>\n<\/tr>\n<tr>\n<td>VG\/PG<\/td>\n<td>Sans VG ni PG<\/td>\n<\/tr>\n<\/tbody>\n<\/table>\n","protected":false},"featured_media":79247,"comment_status":"open","ping_status":"closed","template":"","meta":[],"product_brand":[],"product_cat":[288,305,306,791,390,287,637],"product_tag":[],"class_list":{"0":"post-79778","1":"product","2":"type-product","3":"status-publish","4":"has-post-thumbnail","6":"product_cat-cartouches-distillat","7":"product_cat-concentres","8":"product_cat-distillat","9":"product_cat-full-spectrum-vapes-fr","10":"product_cat-live-resine","11":"product_cat-vape","12":"product_cat-jetable","14":"first","15":"instock","16":"sale","17":"featured","18":"shipping-taxable","19":"purchasable","20":"product-type-variable"},"yoast_head":"\n<title>Acheter Wax Pen Jetable Eden Resine Vivante (2gr) Canada \u00e0 partir de 39$ | BC Weed Edible.<\/title>\n<meta name=\"robots\" content=\"index, follow, max-snippet:-1, max-image-preview:large, max-video-preview:-1\" \/>\n<link rel=\"canonical\" href=\"https:\/\/stgbc.bcweededible.net\/fr\/buy\/concentres\/distillat\/wax-pen-jetable-eden-live-resin-2gr\/\" \/>\n<meta property=\"og:locale\" content=\"fr_FR\" \/>\n<meta property=\"og:type\" content=\"article\" \/>\n<meta property=\"og:title\" content=\"Acheter Wax Pen Jetable Eden Resine Vivante (2gr) Canada \u00e0 partir de 39$ | BC Weed Edible.\" \/>\n<meta property=\"og:description\" content=\"D\u00e9couvrez le stylo \u00e0 vaper jetable Eden Live Resin: votre r\u00e9f\u00e9rence en mati\u00e8re de puret\u00e9, de puissance et de commodit\u00e9. Fabriqu\u00e9 avec de la r\u00e9sine vivante provenant de cannabis fra\u00eechement congel\u00e9, il d\u00e9livre les v\u00e9ritables saveurs et effets de la plante dans un design \u00e9l\u00e9gant et facile \u00e0 utiliser. Chaque stylo est enti\u00e8rement charg\u00e9 avec 2 grammes de Live Resin, pour un plaisir de longue dur\u00e9e. Il offre une exp\u00e9rience de vapotage discr\u00e8te, puissante et savoureuse. Vous en voulez plus ? Obtenez 50% de r\u00e9duction sur le prix r\u00e9gulier avec notre Vape jetable Live Resin en vrac! \u00c0 PROPOS DE CE PRODUIT Informations D\u00e9tails Extrait utilis\u00e9 Live Resin Concentration en THC 70-80% DE THC Rechargeable Oui VG\/PG Sans VG ni PG\" \/>\n<meta property=\"og:url\" content=\"https:\/\/stgbc.bcweededible.net\/fr\/buy\/concentres\/distillat\/wax-pen-jetable-eden-live-resin-2gr\/\" \/>\n<meta property=\"og:site_name\" content=\"BC Weed Edible\" \/>\n<meta property=\"article:modified_time\" content=\"2026-03-19T03:29:54+00:00\" \/>\n<meta property=\"og:image\" content=\"https:\/\/stgbc.bcweededible.net\/wp-content\/uploads\/2023\/08\/Grand-Daddy-purple-live-resin-disposable-vape.jpg\" \/>\n\t<meta property=\"og:image:width\" content=\"1080\" \/>\n\t<meta property=\"og:image:height\" content=\"1080\" \/>\n\t<meta property=\"og:image:type\" content=\"image\/jpeg\" \/>\n<meta name=\"twitter:card\" content=\"summary_large_image\" \/>\n<meta name=\"twitter:label1\" content=\"Dur\u00e9e de lecture estim\u00e9e\" \/>\n\t<meta name=\"twitter:data1\" content=\"1 minute\" \/>\n<script type=\"application\/ld+json\" class=\"yoast-schema-graph\">{\"@context\":\"https:\\\/\\\/schema.org\",\"@graph\":[{\"@type\":\"WebPage\",\"@id\":\"https:\\\/\\\/stgbc.bcweededible.net\\\/fr\\\/buy\\\/concentres\\\/distillat\\\/wax-pen-jetable-eden-live-resin-2gr\\\/\",\"url\":\"https:\\\/\\\/stgbc.bcweededible.net\\\/fr\\\/buy\\\/concentres\\\/distillat\\\/wax-pen-jetable-eden-live-resin-2gr\\\/\",\"name\":\"Acheter Wax Pen Jetable Eden Resine Vivante (2gr) Canada \u00e0 partir de 39$ | BC Weed Edible.\",\"isPartOf\":{\"@id\":\"https:\\\/\\\/stgbc.bcweededible.net\\\/fr\\\/#website\"},\"primaryImageOfPage\":{\"@id\":\"https:\\\/\\\/stgbc.bcweededible.net\\\/fr\\\/buy\\\/concentres\\\/distillat\\\/wax-pen-jetable-eden-live-resin-2gr\\\/#primaryimage\"},\"image\":{\"@id\":\"https:\\\/\\\/stgbc.bcweededible.net\\\/fr\\\/buy\\\/concentres\\\/distillat\\\/wax-pen-jetable-eden-live-resin-2gr\\\/#primaryimage\"},\"thumbnailUrl\":\"https:\\\/\\\/stgbc.bcweededible.net\\\/wp-content\\\/uploads\\\/2023\\\/08\\\/Grand-Daddy-purple-live-resin-disposable-vape.jpg\",\"datePublished\":\"2023-08-17T20:06:13+00:00\",\"dateModified\":\"2026-03-19T03:29:54+00:00\",\"breadcrumb\":{\"@id\":\"https:\\\/\\\/stgbc.bcweededible.net\\\/fr\\\/buy\\\/concentres\\\/distillat\\\/wax-pen-jetable-eden-live-resin-2gr\\\/#breadcrumb\"},\"inLanguage\":\"fr-FR\",\"potentialAction\":[{\"@type\":\"ReadAction\",\"target\":[\"https:\\\/\\\/stgbc.bcweededible.net\\\/fr\\\/buy\\\/concentres\\\/distillat\\\/wax-pen-jetable-eden-live-resin-2gr\\\/\"]}]},{\"@type\":\"ImageObject\",\"inLanguage\":\"fr-FR\",\"@id\":\"https:\\\/\\\/stgbc.bcweededible.net\\\/fr\\\/buy\\\/concentres\\\/distillat\\\/wax-pen-jetable-eden-live-resin-2gr\\\/#primaryimage\",\"url\":\"https:\\\/\\\/stgbc.bcweededible.net\\\/wp-content\\\/uploads\\\/2023\\\/08\\\/Grand-Daddy-purple-live-resin-disposable-vape.jpg\",\"contentUrl\":\"https:\\\/\\\/stgbc.bcweededible.net\\\/wp-content\\\/uploads\\\/2023\\\/08\\\/Grand-Daddy-purple-live-resin-disposable-vape.jpg\",\"width\":1080,\"height\":1080,\"caption\":\"live resin disposable vape GDP\"},{\"@type\":\"BreadcrumbList\",\"@id\":\"https:\\\/\\\/stgbc.bcweededible.net\\\/fr\\\/buy\\\/concentres\\\/distillat\\\/wax-pen-jetable-eden-live-resin-2gr\\\/#breadcrumb\",\"itemListElement\":[{\"@type\":\"ListItem\",\"position\":1,\"name\":\"Jujubes au Pot Canada\",\"item\":\"https:\\\/\\\/stgbc.bcweededible.net\\\/fr\\\/shop\\\/\"},{\"@type\":\"ListItem\",\"position\":2,\"name\":\"Wax Pen Jetable Eden Resine Vivante (2gr)\"}]},{\"@type\":\"WebSite\",\"@id\":\"https:\\\/\\\/stgbc.bcweededible.net\\\/fr\\\/#website\",\"url\":\"https:\\\/\\\/stgbc.bcweededible.net\\\/fr\\\/\",\"name\":\"BC Weed Edible\",\"description\":\"\",\"publisher\":{\"@id\":\"https:\\\/\\\/stgbc.bcweededible.net\\\/fr\\\/#organization\"},\"potentialAction\":[{\"@type\":\"SearchAction\",\"target\":{\"@type\":\"EntryPoint\",\"urlTemplate\":\"https:\\\/\\\/stgbc.bcweededible.net\\\/fr\\\/?s={search_term_string}\"},\"query-input\":{\"@type\":\"PropertyValueSpecification\",\"valueRequired\":true,\"valueName\":\"search_term_string\"}}],\"inLanguage\":\"fr-FR\"},{\"@type\":\"Organization\",\"@id\":\"https:\\\/\\\/stgbc.bcweededible.net\\\/fr\\\/#organization\",\"name\":\"BC Weed Edible\",\"url\":\"https:\\\/\\\/stgbc.bcweededible.net\\\/fr\\\/\",\"logo\":{\"@type\":\"ImageObject\",\"inLanguage\":\"fr-FR\",\"@id\":\"https:\\\/\\\/stgbc.bcweededible.net\\\/fr\\\/#\\\/schema\\\/logo\\\/image\\\/\",\"url\":\"https:\\\/\\\/stgbc.bcweededible.net\\\/wp-content\\\/uploads\\\/2021\\\/12\\\/bc-weed-edible-canada.png\",\"contentUrl\":\"https:\\\/\\\/stgbc.bcweededible.net\\\/wp-content\\\/uploads\\\/2021\\\/12\\\/bc-weed-edible-canada.png\",\"width\":270,\"height\":185,\"caption\":\"BC Weed Edible\"},\"image\":{\"@id\":\"https:\\\/\\\/stgbc.bcweededible.net\\\/fr\\\/#\\\/schema\\\/logo\\\/image\\\/\"}}]}<\/script>\n","yoast_head_json":{"title":"Acheter Wax Pen Jetable Eden Resine Vivante (2gr) Canada \u00e0 partir de 39$ | BC Weed Edible.","robots":{"index":"index","follow":"follow","max-snippet":"max-snippet:-1","max-image-preview":"max-image-preview:large","max-video-preview":"max-video-preview:-1"},"canonical":"https:\/\/stgbc.bcweededible.net\/fr\/buy\/concentres\/distillat\/wax-pen-jetable-eden-live-resin-2gr\/","og_locale":"fr_FR","og_type":"article","og_title":"Acheter Wax Pen Jetable Eden Resine Vivante (2gr) Canada \u00e0 partir de 39$ | BC Weed Edible.","og_description":"D\u00e9couvrez le stylo \u00e0 vaper jetable Eden Live Resin: votre r\u00e9f\u00e9rence en mati\u00e8re de puret\u00e9, de puissance et de commodit\u00e9. Fabriqu\u00e9 avec de la r\u00e9sine vivante provenant de cannabis fra\u00eechement congel\u00e9, il d\u00e9livre les v\u00e9ritables saveurs et effets de la plante dans un design \u00e9l\u00e9gant et facile \u00e0 utiliser. Chaque stylo est enti\u00e8rement charg\u00e9 avec 2 grammes de Live Resin, pour un plaisir de longue dur\u00e9e. Il offre une exp\u00e9rience de vapotage discr\u00e8te, puissante et savoureuse. Vous en voulez plus ? Obtenez 50% de r\u00e9duction sur le prix r\u00e9gulier avec notre Vape jetable Live Resin en vrac! \u00c0 PROPOS DE CE PRODUIT Informations D\u00e9tails Extrait utilis\u00e9 Live Resin Concentration en THC 70-80% DE THC Rechargeable Oui VG\/PG Sans VG ni PG","og_url":"https:\/\/stgbc.bcweededible.net\/fr\/buy\/concentres\/distillat\/wax-pen-jetable-eden-live-resin-2gr\/","og_site_name":"BC Weed Edible","article_modified_time":"2026-03-19T03:29:54+00:00","og_image":[{"width":1080,"height":1080,"url":"https:\/\/stgbc.bcweededible.net\/wp-content\/uploads\/2023\/08\/Grand-Daddy-purple-live-resin-disposable-vape.jpg","type":"image\/jpeg"}],"twitter_card":"summary_large_image","twitter_misc":{"Dur\u00e9e de lecture estim\u00e9e":"1 minute"},"schema":{"@context":"https:\/\/schema.org","@graph":[{"@type":"WebPage","@id":"https:\/\/stgbc.bcweededible.net\/fr\/buy\/concentres\/distillat\/wax-pen-jetable-eden-live-resin-2gr\/","url":"https:\/\/stgbc.bcweededible.net\/fr\/buy\/concentres\/distillat\/wax-pen-jetable-eden-live-resin-2gr\/","name":"Acheter Wax Pen Jetable Eden Resine Vivante (2gr) Canada \u00e0 partir de 39$ | BC Weed Edible.","isPartOf":{"@id":"https:\/\/stgbc.bcweededible.net\/fr\/#website"},"primaryImageOfPage":{"@id":"https:\/\/stgbc.bcweededible.net\/fr\/buy\/concentres\/distillat\/wax-pen-jetable-eden-live-resin-2gr\/#primaryimage"},"image":{"@id":"https:\/\/stgbc.bcweededible.net\/fr\/buy\/concentres\/distillat\/wax-pen-jetable-eden-live-resin-2gr\/#primaryimage"},"thumbnailUrl":"https:\/\/stgbc.bcweededible.net\/wp-content\/uploads\/2023\/08\/Grand-Daddy-purple-live-resin-disposable-vape.jpg","datePublished":"2023-08-17T20:06:13+00:00","dateModified":"2026-03-19T03:29:54+00:00","breadcrumb":{"@id":"https:\/\/stgbc.bcweededible.net\/fr\/buy\/concentres\/distillat\/wax-pen-jetable-eden-live-resin-2gr\/#breadcrumb"},"inLanguage":"fr-FR","potentialAction":[{"@type":"ReadAction","target":["https:\/\/stgbc.bcweededible.net\/fr\/buy\/concentres\/distillat\/wax-pen-jetable-eden-live-resin-2gr\/"]}]},{"@type":"ImageObject","inLanguage":"fr-FR","@id":"https:\/\/stgbc.bcweededible.net\/fr\/buy\/concentres\/distillat\/wax-pen-jetable-eden-live-resin-2gr\/#primaryimage","url":"https:\/\/stgbc.bcweededible.net\/wp-content\/uploads\/2023\/08\/Grand-Daddy-purple-live-resin-disposable-vape.jpg","contentUrl":"https:\/\/stgbc.bcweededible.net\/wp-content\/uploads\/2023\/08\/Grand-Daddy-purple-live-resin-disposable-vape.jpg","width":1080,"height":1080,"caption":"live resin disposable vape GDP"},{"@type":"BreadcrumbList","@id":"https:\/\/stgbc.bcweededible.net\/fr\/buy\/concentres\/distillat\/wax-pen-jetable-eden-live-resin-2gr\/#breadcrumb","itemListElement":[{"@type":"ListItem","position":1,"name":"Jujubes au Pot Canada","item":"https:\/\/stgbc.bcweededible.net\/fr\/shop\/"},{"@type":"ListItem","position":2,"name":"Wax Pen Jetable Eden Resine Vivante (2gr)"}]},{"@type":"WebSite","@id":"https:\/\/stgbc.bcweededible.net\/fr\/#website","url":"https:\/\/stgbc.bcweededible.net\/fr\/","name":"BC Weed Edible","description":"","publisher":{"@id":"https:\/\/stgbc.bcweededible.net\/fr\/#organization"},"potentialAction":[{"@type":"SearchAction","target":{"@type":"EntryPoint","urlTemplate":"https:\/\/stgbc.bcweededible.net\/fr\/?s={search_term_string}"},"query-input":{"@type":"PropertyValueSpecification","valueRequired":true,"valueName":"search_term_string"}}],"inLanguage":"fr-FR"},{"@type":"Organization","@id":"https:\/\/stgbc.bcweededible.net\/fr\/#organization","name":"BC Weed Edible","url":"https:\/\/stgbc.bcweededible.net\/fr\/","logo":{"@type":"ImageObject","inLanguage":"fr-FR","@id":"https:\/\/stgbc.bcweededible.net\/fr\/#\/schema\/logo\/image\/","url":"https:\/\/stgbc.bcweededible.net\/wp-content\/uploads\/2021\/12\/bc-weed-edible-canada.png","contentUrl":"https:\/\/stgbc.bcweededible.net\/wp-content\/uploads\/2021\/12\/bc-weed-edible-canada.png","width":270,"height":185,"caption":"BC Weed Edible"},"image":{"@id":"https:\/\/stgbc.bcweededible.net\/fr\/#\/schema\/logo\/image\/"}}]}},"_links":{"self":[{"href":"https:\/\/stgbc.bcweededible.net\/fr\/wp-json\/wp\/v2\/product\/79778","targetHints":{"allow":["GET"]}}],"collection":[{"href":"https:\/\/stgbc.bcweededible.net\/fr\/wp-json\/wp\/v2\/product"}],"about":[{"href":"https:\/\/stgbc.bcweededible.net\/fr\/wp-json\/wp\/v2\/types\/product"}],"replies":[{"embeddable":true,"href":"https:\/\/stgbc.bcweededible.net\/fr\/wp-json\/wp\/v2\/comments?post=79778"}],"wp:featuredmedia":[{"embeddable":true,"href":"https:\/\/stgbc.bcweededible.net\/fr\/wp-json\/wp\/v2\/media\/79247"}],"wp:attachment":[{"href":"https:\/\/stgbc.bcweededible.net\/fr\/wp-json\/wp\/v2\/media?parent=79778"}],"wp:term":[{"taxonomy":"product_brand","embeddable":true,"href":"https:\/\/stgbc.bcweededible.net\/fr\/wp-json\/wp\/v2\/product_brand?post=79778"},{"taxonomy":"product_cat","embeddable":true,"href":"https:\/\/stgbc.bcweededible.net\/fr\/wp-json\/wp\/v2\/product_cat?post=79778"},{"taxonomy":"product_tag","embeddable":true,"href":"https:\/\/stgbc.bcweededible.net\/fr\/wp-json\/wp\/v2\/product_tag?post=79778"}],"curies":[{"name":"wp","href":"https:\/\/api.w.org\/{rel}","templated":true}]}}