{"id":77083,"date":"2024-03-20T11:04:32","date_gmt":"2024-06-17T19:23:52","guid":{"rendered":"https:\/\/bcweededible.net\/buy\/non%20class\u00e9\/1000mg-thc-sirop-limonade\/"},"modified":"2026-03-25T06:48:31","modified_gmt":"2026-03-25T13:48:31","slug":"1000mg-thc-sirop-limonade","status":"publish","type":"product","link":"https:\/\/stgbc.bcweededible.net\/fr\/buy\/marques\/eden-edibles-fr\/1000mg-thc-sirop-limonade\/","title":{"rendered":"1000mg THC Sirop Limonade"},"content":{"rendered":"<p>La dose de 1000 mg est r\u00e9serv\u00e9e aux <strong>consommateurs avertis<\/strong>. Si vous n&#8217;\u00eates pas s\u00fbr du dosage que vous devriez v\u00e9rifier, veuillez consulter notre <strong><a href=\"http:\/\/bcweededible.net\/edible-dosage-chart-by-weight\/\">Tableau des dosages comestibles par poids.<\/a><\/strong><\/p>\n<h3>D\u00e9tails du produit<\/h3>\n<table>\n<tbody>\n<tr>\n<td class=\"has-text-align-center\" style=\"text-align: left;\" data-align=\"center\"><strong>THC total<\/strong><\/td>\n<td class=\"has-text-align-center\" style=\"text-align: left;\" data-align=\"center\">1000mg THC<\/td>\n<\/tr>\n<tr>\n<td class=\"has-text-align-center\" data-align=\"center\"><strong>Dosage<\/strong><\/td>\n<td class=\"has-text-align-center\" data-align=\"center\">100mg THC par 10ml<\/td>\n<\/tr>\n<tr>\n<td class=\"has-text-align-center\" style=\"text-align: left;\" data-align=\"center\"><strong>Effets<\/strong><\/td>\n<td class=\"has-text-align-center\" style=\"text-align: left;\" data-align=\"center\">\u00c9nergie, plaisir, concentration, sommeil<\/td>\n<\/tr>\n<tr>\n<td class=\"has-text-align-center\" style=\"text-align: left;\" data-align=\"center\"><strong>Ingr\u00e9dients<\/strong><\/td>\n<td class=\"has-text-align-center\" style=\"text-align: left;\" data-align=\"center\">Sucre de canne, eau, acide citrique, jus de fruits concentr\u00e9, ar\u00f4mes naturels, l\u00e9cithine de soja, extrait de THC.<\/td>\n<\/tr>\n<tr>\n<td class=\"has-text-align-center\" style=\"text-align: left;\" data-align=\"center\"><strong>Stockage<\/strong><\/td>\n<td class=\"has-text-align-center\" style=\"text-align: left;\" data-align=\"center\">1 an \u00e0 temp\u00e9rature ambiante<\/td>\n<\/tr>\n<\/tbody>\n<\/table>\n","protected":false},"excerpt":{"rendered":"<p>Nous vous pr\u00e9sentons l&#8217;\u00e9tonnant<strong> Eden THC Lean Syrup<\/strong>, fabriqu\u00e9 \u00e0 partir d&#8217;ingr\u00e9dients naturels de haute qualit\u00e9. Vous pouvez d\u00e9sormais ajouter facilement du THC \u00e0 votre boisson pr\u00e9f\u00e9r\u00e9e. Chaqueflacon de 100 ml contient 1000 mg de THC. Vous pouvez facilement contr\u00f4ler le dosage en v\u00e9rifiant la graduation sur le flacon. Pour<strong> chaque 10 ml, vous obtiendrez 100 mg de THC dans votre boisson,<\/strong> alors soyez prudent.<\/p>\n","protected":false},"featured_media":70530,"comment_status":"open","ping_status":"closed","template":"","meta":[],"product_brand":[],"product_cat":[207,244,545,246,278,546,664,276,772,280],"product_tag":[382],"class_list":{"0":"post-77083","1":"product","2":"type-product","3":"status-publish","4":"has-post-thumbnail","6":"product_cat-1000mg-edible","7":"product_cat-comestibles","8":"product_cat-comestibles-indica","9":"product_cat-pas-cher","10":"product_cat-puissant","11":"product_cat-comestibles-sativa","12":"product_cat-eden-edibles-fr","13":"product_cat-jujubes","14":"product_cat-sirop-de-thc","15":"product_cat-vegan-fr","16":"product_tag-1000mg-fr","18":"first","19":"instock","20":"shipping-taxable","21":"purchasable","22":"product-type-variable","23":"has-default-attributes"},"yoast_head":"\n<title>Acheter un 1000mg THC Sirop Limonade au Canada | BC Weed Edible<\/title>\n<meta name=\"robots\" content=\"index, follow, max-snippet:-1, max-image-preview:large, max-video-preview:-1\" \/>\n<link rel=\"canonical\" href=\"https:\/\/stgbc.bcweededible.net\/fr\/buy\/marques\/eden-edibles-fr\/1000mg-thc-sirop-limonade\/\" \/>\n<meta property=\"og:locale\" content=\"fr_FR\" \/>\n<meta property=\"og:type\" content=\"article\" \/>\n<meta property=\"og:title\" content=\"Acheter un 1000mg THC Sirop Limonade au Canada | BC Weed Edible\" \/>\n<meta property=\"og:description\" content=\"Nous vous pr\u00e9sentons l&#039;\u00e9tonnant Eden THC Lean Syrup, fabriqu\u00e9 \u00e0 partir d&#039;ingr\u00e9dients naturels de haute qualit\u00e9. Vous pouvez d\u00e9sormais ajouter facilement du THC \u00e0 votre boisson pr\u00e9f\u00e9r\u00e9e. Chaqueflacon de 100 ml contient 1000 mg de THC. Vous pouvez facilement contr\u00f4ler le dosage en v\u00e9rifiant la graduation sur le flacon. Pour chaque 10 ml, vous obtiendrez 100 mg de THC dans votre boisson, alors soyez prudent.\" \/>\n<meta property=\"og:url\" content=\"https:\/\/stgbc.bcweededible.net\/fr\/buy\/marques\/eden-edibles-fr\/1000mg-thc-sirop-limonade\/\" \/>\n<meta property=\"og:site_name\" content=\"BC Weed Edible\" \/>\n<meta property=\"article:modified_time\" content=\"2026-03-25T13:48:31+00:00\" \/>\n<meta property=\"og:image\" content=\"https:\/\/stgbc.bcweededible.net\/wp-content\/uploads\/2024\/03\/thc-lean-syrup-1000mg-thc-lemon.jpg\" \/>\n\t<meta property=\"og:image:width\" content=\"1080\" \/>\n\t<meta property=\"og:image:height\" content=\"1080\" \/>\n\t<meta property=\"og:image:type\" content=\"image\/jpeg\" \/>\n<meta name=\"twitter:card\" content=\"summary_large_image\" \/>\n<script type=\"application\/ld+json\" class=\"yoast-schema-graph\">{\"@context\":\"https:\\\/\\\/schema.org\",\"@graph\":[{\"@type\":\"WebPage\",\"@id\":\"https:\\\/\\\/stgbc.bcweededible.net\\\/fr\\\/buy\\\/marques\\\/eden-edibles-fr\\\/1000mg-thc-sirop-limonade\\\/\",\"url\":\"https:\\\/\\\/stgbc.bcweededible.net\\\/fr\\\/buy\\\/marques\\\/eden-edibles-fr\\\/1000mg-thc-sirop-limonade\\\/\",\"name\":\"Acheter un 1000mg THC Sirop Limonade au Canada | BC Weed Edible\",\"isPartOf\":{\"@id\":\"https:\\\/\\\/stgbc.bcweededible.net\\\/fr\\\/#website\"},\"primaryImageOfPage\":{\"@id\":\"https:\\\/\\\/stgbc.bcweededible.net\\\/fr\\\/buy\\\/marques\\\/eden-edibles-fr\\\/1000mg-thc-sirop-limonade\\\/#primaryimage\"},\"image\":{\"@id\":\"https:\\\/\\\/stgbc.bcweededible.net\\\/fr\\\/buy\\\/marques\\\/eden-edibles-fr\\\/1000mg-thc-sirop-limonade\\\/#primaryimage\"},\"thumbnailUrl\":\"https:\\\/\\\/stgbc.bcweededible.net\\\/wp-content\\\/uploads\\\/2024\\\/03\\\/thc-lean-syrup-1000mg-thc-lemon.jpg\",\"datePublished\":\"2024-06-17T19:23:52+00:00\",\"dateModified\":\"2026-03-25T13:48:31+00:00\",\"breadcrumb\":{\"@id\":\"https:\\\/\\\/stgbc.bcweededible.net\\\/fr\\\/buy\\\/marques\\\/eden-edibles-fr\\\/1000mg-thc-sirop-limonade\\\/#breadcrumb\"},\"inLanguage\":\"fr-FR\",\"potentialAction\":[{\"@type\":\"ReadAction\",\"target\":[\"https:\\\/\\\/stgbc.bcweededible.net\\\/fr\\\/buy\\\/marques\\\/eden-edibles-fr\\\/1000mg-thc-sirop-limonade\\\/\"]}]},{\"@type\":\"ImageObject\",\"inLanguage\":\"fr-FR\",\"@id\":\"https:\\\/\\\/stgbc.bcweededible.net\\\/fr\\\/buy\\\/marques\\\/eden-edibles-fr\\\/1000mg-thc-sirop-limonade\\\/#primaryimage\",\"url\":\"https:\\\/\\\/stgbc.bcweededible.net\\\/wp-content\\\/uploads\\\/2024\\\/03\\\/thc-lean-syrup-1000mg-thc-lemon.jpg\",\"contentUrl\":\"https:\\\/\\\/stgbc.bcweededible.net\\\/wp-content\\\/uploads\\\/2024\\\/03\\\/thc-lean-syrup-1000mg-thc-lemon.jpg\",\"width\":1080,\"height\":1080,\"caption\":\"THC lemonade\"},{\"@type\":\"BreadcrumbList\",\"@id\":\"https:\\\/\\\/stgbc.bcweededible.net\\\/fr\\\/buy\\\/marques\\\/eden-edibles-fr\\\/1000mg-thc-sirop-limonade\\\/#breadcrumb\",\"itemListElement\":[{\"@type\":\"ListItem\",\"position\":1,\"name\":\"Jujubes au Pot Canada\",\"item\":\"https:\\\/\\\/stgbc.bcweededible.net\\\/fr\\\/shop\\\/\"},{\"@type\":\"ListItem\",\"position\":2,\"name\":\"1000mg THC Sirop Limonade\"}]},{\"@type\":\"WebSite\",\"@id\":\"https:\\\/\\\/stgbc.bcweededible.net\\\/fr\\\/#website\",\"url\":\"https:\\\/\\\/stgbc.bcweededible.net\\\/fr\\\/\",\"name\":\"BC Weed Edible\",\"description\":\"\",\"publisher\":{\"@id\":\"https:\\\/\\\/stgbc.bcweededible.net\\\/fr\\\/#organization\"},\"potentialAction\":[{\"@type\":\"SearchAction\",\"target\":{\"@type\":\"EntryPoint\",\"urlTemplate\":\"https:\\\/\\\/stgbc.bcweededible.net\\\/fr\\\/?s={search_term_string}\"},\"query-input\":{\"@type\":\"PropertyValueSpecification\",\"valueRequired\":true,\"valueName\":\"search_term_string\"}}],\"inLanguage\":\"fr-FR\"},{\"@type\":\"Organization\",\"@id\":\"https:\\\/\\\/stgbc.bcweededible.net\\\/fr\\\/#organization\",\"name\":\"BC Weed Edible\",\"url\":\"https:\\\/\\\/stgbc.bcweededible.net\\\/fr\\\/\",\"logo\":{\"@type\":\"ImageObject\",\"inLanguage\":\"fr-FR\",\"@id\":\"https:\\\/\\\/stgbc.bcweededible.net\\\/fr\\\/#\\\/schema\\\/logo\\\/image\\\/\",\"url\":\"https:\\\/\\\/stgbc.bcweededible.net\\\/wp-content\\\/uploads\\\/2021\\\/12\\\/bc-weed-edible-canada.png\",\"contentUrl\":\"https:\\\/\\\/stgbc.bcweededible.net\\\/wp-content\\\/uploads\\\/2021\\\/12\\\/bc-weed-edible-canada.png\",\"width\":270,\"height\":185,\"caption\":\"BC Weed Edible\"},\"image\":{\"@id\":\"https:\\\/\\\/stgbc.bcweededible.net\\\/fr\\\/#\\\/schema\\\/logo\\\/image\\\/\"}}]}<\/script>\n","yoast_head_json":{"title":"Acheter un 1000mg THC Sirop Limonade au Canada | BC Weed Edible","robots":{"index":"index","follow":"follow","max-snippet":"max-snippet:-1","max-image-preview":"max-image-preview:large","max-video-preview":"max-video-preview:-1"},"canonical":"https:\/\/stgbc.bcweededible.net\/fr\/buy\/marques\/eden-edibles-fr\/1000mg-thc-sirop-limonade\/","og_locale":"fr_FR","og_type":"article","og_title":"Acheter un 1000mg THC Sirop Limonade au Canada | BC Weed Edible","og_description":"Nous vous pr\u00e9sentons l'\u00e9tonnant Eden THC Lean Syrup, fabriqu\u00e9 \u00e0 partir d'ingr\u00e9dients naturels de haute qualit\u00e9. Vous pouvez d\u00e9sormais ajouter facilement du THC \u00e0 votre boisson pr\u00e9f\u00e9r\u00e9e. Chaqueflacon de 100 ml contient 1000 mg de THC. Vous pouvez facilement contr\u00f4ler le dosage en v\u00e9rifiant la graduation sur le flacon. Pour chaque 10 ml, vous obtiendrez 100 mg de THC dans votre boisson, alors soyez prudent.","og_url":"https:\/\/stgbc.bcweededible.net\/fr\/buy\/marques\/eden-edibles-fr\/1000mg-thc-sirop-limonade\/","og_site_name":"BC Weed Edible","article_modified_time":"2026-03-25T13:48:31+00:00","og_image":[{"width":1080,"height":1080,"url":"https:\/\/stgbc.bcweededible.net\/wp-content\/uploads\/2024\/03\/thc-lean-syrup-1000mg-thc-lemon.jpg","type":"image\/jpeg"}],"twitter_card":"summary_large_image","schema":{"@context":"https:\/\/schema.org","@graph":[{"@type":"WebPage","@id":"https:\/\/stgbc.bcweededible.net\/fr\/buy\/marques\/eden-edibles-fr\/1000mg-thc-sirop-limonade\/","url":"https:\/\/stgbc.bcweededible.net\/fr\/buy\/marques\/eden-edibles-fr\/1000mg-thc-sirop-limonade\/","name":"Acheter un 1000mg THC Sirop Limonade au Canada | BC Weed Edible","isPartOf":{"@id":"https:\/\/stgbc.bcweededible.net\/fr\/#website"},"primaryImageOfPage":{"@id":"https:\/\/stgbc.bcweededible.net\/fr\/buy\/marques\/eden-edibles-fr\/1000mg-thc-sirop-limonade\/#primaryimage"},"image":{"@id":"https:\/\/stgbc.bcweededible.net\/fr\/buy\/marques\/eden-edibles-fr\/1000mg-thc-sirop-limonade\/#primaryimage"},"thumbnailUrl":"https:\/\/stgbc.bcweededible.net\/wp-content\/uploads\/2024\/03\/thc-lean-syrup-1000mg-thc-lemon.jpg","datePublished":"2024-06-17T19:23:52+00:00","dateModified":"2026-03-25T13:48:31+00:00","breadcrumb":{"@id":"https:\/\/stgbc.bcweededible.net\/fr\/buy\/marques\/eden-edibles-fr\/1000mg-thc-sirop-limonade\/#breadcrumb"},"inLanguage":"fr-FR","potentialAction":[{"@type":"ReadAction","target":["https:\/\/stgbc.bcweededible.net\/fr\/buy\/marques\/eden-edibles-fr\/1000mg-thc-sirop-limonade\/"]}]},{"@type":"ImageObject","inLanguage":"fr-FR","@id":"https:\/\/stgbc.bcweededible.net\/fr\/buy\/marques\/eden-edibles-fr\/1000mg-thc-sirop-limonade\/#primaryimage","url":"https:\/\/stgbc.bcweededible.net\/wp-content\/uploads\/2024\/03\/thc-lean-syrup-1000mg-thc-lemon.jpg","contentUrl":"https:\/\/stgbc.bcweededible.net\/wp-content\/uploads\/2024\/03\/thc-lean-syrup-1000mg-thc-lemon.jpg","width":1080,"height":1080,"caption":"THC lemonade"},{"@type":"BreadcrumbList","@id":"https:\/\/stgbc.bcweededible.net\/fr\/buy\/marques\/eden-edibles-fr\/1000mg-thc-sirop-limonade\/#breadcrumb","itemListElement":[{"@type":"ListItem","position":1,"name":"Jujubes au Pot Canada","item":"https:\/\/stgbc.bcweededible.net\/fr\/shop\/"},{"@type":"ListItem","position":2,"name":"1000mg THC Sirop Limonade"}]},{"@type":"WebSite","@id":"https:\/\/stgbc.bcweededible.net\/fr\/#website","url":"https:\/\/stgbc.bcweededible.net\/fr\/","name":"BC Weed Edible","description":"","publisher":{"@id":"https:\/\/stgbc.bcweededible.net\/fr\/#organization"},"potentialAction":[{"@type":"SearchAction","target":{"@type":"EntryPoint","urlTemplate":"https:\/\/stgbc.bcweededible.net\/fr\/?s={search_term_string}"},"query-input":{"@type":"PropertyValueSpecification","valueRequired":true,"valueName":"search_term_string"}}],"inLanguage":"fr-FR"},{"@type":"Organization","@id":"https:\/\/stgbc.bcweededible.net\/fr\/#organization","name":"BC Weed Edible","url":"https:\/\/stgbc.bcweededible.net\/fr\/","logo":{"@type":"ImageObject","inLanguage":"fr-FR","@id":"https:\/\/stgbc.bcweededible.net\/fr\/#\/schema\/logo\/image\/","url":"https:\/\/stgbc.bcweededible.net\/wp-content\/uploads\/2021\/12\/bc-weed-edible-canada.png","contentUrl":"https:\/\/stgbc.bcweededible.net\/wp-content\/uploads\/2021\/12\/bc-weed-edible-canada.png","width":270,"height":185,"caption":"BC Weed Edible"},"image":{"@id":"https:\/\/stgbc.bcweededible.net\/fr\/#\/schema\/logo\/image\/"}}]}},"_links":{"self":[{"href":"https:\/\/stgbc.bcweededible.net\/fr\/wp-json\/wp\/v2\/product\/77083","targetHints":{"allow":["GET"]}}],"collection":[{"href":"https:\/\/stgbc.bcweededible.net\/fr\/wp-json\/wp\/v2\/product"}],"about":[{"href":"https:\/\/stgbc.bcweededible.net\/fr\/wp-json\/wp\/v2\/types\/product"}],"replies":[{"embeddable":true,"href":"https:\/\/stgbc.bcweededible.net\/fr\/wp-json\/wp\/v2\/comments?post=77083"}],"wp:featuredmedia":[{"embeddable":true,"href":"https:\/\/stgbc.bcweededible.net\/fr\/wp-json\/wp\/v2\/media\/70530"}],"wp:attachment":[{"href":"https:\/\/stgbc.bcweededible.net\/fr\/wp-json\/wp\/v2\/media?parent=77083"}],"wp:term":[{"taxonomy":"product_brand","embeddable":true,"href":"https:\/\/stgbc.bcweededible.net\/fr\/wp-json\/wp\/v2\/product_brand?post=77083"},{"taxonomy":"product_cat","embeddable":true,"href":"https:\/\/stgbc.bcweededible.net\/fr\/wp-json\/wp\/v2\/product_cat?post=77083"},{"taxonomy":"product_tag","embeddable":true,"href":"https:\/\/stgbc.bcweededible.net\/fr\/wp-json\/wp\/v2\/product_tag?post=77083"}],"curies":[{"name":"wp","href":"https:\/\/api.w.org\/{rel}","templated":true}]}}