{"id":77081,"date":"2024-06-03T11:15:08","date_gmt":"2024-06-03T18:15:08","guid":{"rendered":"https:\/\/bcweededible.net\/buy\/non%20class\u00e9\/aaaa-amnesia-99oz\/"},"modified":"2026-03-25T13:21:14","modified_gmt":"2026-03-25T20:21:14","slug":"aaaa-amnesia-99oz","status":"publish","type":"product","link":"https:\/\/stgbc.bcweededible.net\/fr\/buy\/fleurs-cannabis\/99-oz-fr\/aaaa-amnesia-99oz\/","title":{"rendered":"AAAA Amnesia (99oz)"},"content":{"rendered":"","protected":false},"excerpt":{"rendered":"<div class=\"break-words markdown-formatted-text\">\n<p class=\"my-0.5\"><strong>Amnesia est une vari\u00e9t\u00e9 de marijuana populaire<\/strong> de la vari\u00e9t\u00e9 <strong>dominante Sativa<\/strong> et a un taux de THC extr\u00eamement \u00e9lev\u00e9. Avec un<strong> taux moyen de THC<\/strong> impressionnant de<strong> 24 %<\/strong>, l&#8217;Amnesia est une vari\u00e9t\u00e9 exceptionnelle qui offre une d\u00e9fonce qui fait tourner la t\u00eate et une saveur exceptionnelle. Ajoutez-le \u00e0 votre liste et vivez des sensations fortes ! Ses pr\u00e9curseurs g\u00e9n\u00e9tiques sont <strong>Cinderella 99, Jack Herer et Skunk<\/strong>. L&#8217;Amnesia a des saveurs et des ar\u00f4mes terreux qui ressemblent \u00e0 ceux des<strong> agrumes, en particulier des citrons et des oranges<\/strong>. Il a un effet <strong>\u00e9nergique et stimulant<\/strong> qui illumine instantan\u00e9ment votre humeur et votre journ\u00e9e.<\/p>\n<\/div>\n<p>Gros Buds denses, de qualit\u00e9 AAAA avec de beaux pistils orange et une couleur vert fonc\u00e9. <strong>Seulement 99 $ l&#8217;oz<\/strong>! Profitez-en jusqu&#8217;\u00e0 \u00e9puisement !<\/p>\n","protected":false},"featured_media":76010,"comment_status":"open","ping_status":"closed","template":"","meta":[],"product_brand":[],"product_cat":[290,291,245,293,289,292,295],"product_tag":[],"class_list":{"0":"post-77081","1":"product","2":"type-product","3":"status-publish","4":"has-post-thumbnail","6":"product_cat-aaa","7":"product_cat-aaaa","8":"product_cat-fleurs-cannabis","9":"product_cat-hybrid-fr","10":"product_cat-99-oz-fr","11":"product_cat-ounces-pas-cher","12":"product_cat-sativa-fr","14":"first","15":"instock","16":"shipping-taxable","17":"purchasable","18":"product-type-variable","19":"has-default-attributes"},"yoast_head":"\n<title>Acheter AAAA Amnesia (99oz) en Ligne Canada | BC Weed Edible<\/title>\n<meta name=\"robots\" content=\"index, follow, max-snippet:-1, max-image-preview:large, max-video-preview:-1\" \/>\n<link rel=\"canonical\" href=\"https:\/\/stgbc.bcweededible.net\/fr\/buy\/fleurs-cannabis\/99-oz-fr\/aaaa-amnesia-99oz\/\" \/>\n<meta property=\"og:locale\" content=\"fr_FR\" \/>\n<meta property=\"og:type\" content=\"article\" \/>\n<meta property=\"og:title\" content=\"Acheter AAAA Amnesia (99oz) en Ligne Canada | BC Weed Edible\" \/>\n<meta property=\"og:description\" content=\"Amnesia est une vari\u00e9t\u00e9 de marijuana populaire de la vari\u00e9t\u00e9 dominante Sativa et a un taux de THC extr\u00eamement \u00e9lev\u00e9. Avec un taux moyen de THC impressionnant de 24 %, l&#039;Amnesia est une vari\u00e9t\u00e9 exceptionnelle qui offre une d\u00e9fonce qui fait tourner la t\u00eate et une saveur exceptionnelle. Ajoutez-le \u00e0 votre liste et vivez des sensations fortes ! Ses pr\u00e9curseurs g\u00e9n\u00e9tiques sont Cinderella 99, Jack Herer et Skunk. L&#039;Amnesia a des saveurs et des ar\u00f4mes terreux qui ressemblent \u00e0 ceux des agrumes, en particulier des citrons et des oranges. Il a un effet \u00e9nergique et stimulant qui illumine instantan\u00e9ment votre humeur et votre journ\u00e9e. Gros Buds denses, de qualit\u00e9 AAAA avec de beaux pistils orange et une couleur vert fonc\u00e9. Seulement 99 $ l&#039;oz! Profitez-en jusqu&#039;\u00e0 \u00e9puisement !\" \/>\n<meta property=\"og:url\" content=\"https:\/\/stgbc.bcweededible.net\/fr\/buy\/fleurs-cannabis\/99-oz-fr\/aaaa-amnesia-99oz\/\" \/>\n<meta property=\"og:site_name\" content=\"BC Weed Edible\" \/>\n<meta property=\"article:modified_time\" content=\"2026-03-25T20:21:14+00:00\" \/>\n<meta property=\"og:image\" content=\"https:\/\/stgbc.bcweededible.net\/wp-content\/uploads\/2024\/06\/amnesia-haze.jpg\" \/>\n\t<meta property=\"og:image:width\" content=\"1500\" \/>\n\t<meta property=\"og:image:height\" content=\"1500\" \/>\n\t<meta property=\"og:image:type\" content=\"image\/jpeg\" \/>\n<meta name=\"twitter:card\" content=\"summary_large_image\" \/>\n<script type=\"application\/ld+json\" class=\"yoast-schema-graph\">{\"@context\":\"https:\\\/\\\/schema.org\",\"@graph\":[{\"@type\":\"WebPage\",\"@id\":\"https:\\\/\\\/stgbc.bcweededible.net\\\/fr\\\/buy\\\/fleurs-cannabis\\\/99-oz-fr\\\/aaaa-amnesia-99oz\\\/\",\"url\":\"https:\\\/\\\/stgbc.bcweededible.net\\\/fr\\\/buy\\\/fleurs-cannabis\\\/99-oz-fr\\\/aaaa-amnesia-99oz\\\/\",\"name\":\"Acheter AAAA Amnesia (99oz) en Ligne Canada | BC Weed Edible\",\"isPartOf\":{\"@id\":\"https:\\\/\\\/stgbc.bcweededible.net\\\/fr\\\/#website\"},\"primaryImageOfPage\":{\"@id\":\"https:\\\/\\\/stgbc.bcweededible.net\\\/fr\\\/buy\\\/fleurs-cannabis\\\/99-oz-fr\\\/aaaa-amnesia-99oz\\\/#primaryimage\"},\"image\":{\"@id\":\"https:\\\/\\\/stgbc.bcweededible.net\\\/fr\\\/buy\\\/fleurs-cannabis\\\/99-oz-fr\\\/aaaa-amnesia-99oz\\\/#primaryimage\"},\"thumbnailUrl\":\"https:\\\/\\\/stgbc.bcweededible.net\\\/wp-content\\\/uploads\\\/2024\\\/06\\\/amnesia-haze.jpg\",\"datePublished\":\"2024-06-03T18:15:08+00:00\",\"dateModified\":\"2026-03-25T20:21:14+00:00\",\"breadcrumb\":{\"@id\":\"https:\\\/\\\/stgbc.bcweededible.net\\\/fr\\\/buy\\\/fleurs-cannabis\\\/99-oz-fr\\\/aaaa-amnesia-99oz\\\/#breadcrumb\"},\"inLanguage\":\"fr-FR\",\"potentialAction\":[{\"@type\":\"ReadAction\",\"target\":[\"https:\\\/\\\/stgbc.bcweededible.net\\\/fr\\\/buy\\\/fleurs-cannabis\\\/99-oz-fr\\\/aaaa-amnesia-99oz\\\/\"]}]},{\"@type\":\"ImageObject\",\"inLanguage\":\"fr-FR\",\"@id\":\"https:\\\/\\\/stgbc.bcweededible.net\\\/fr\\\/buy\\\/fleurs-cannabis\\\/99-oz-fr\\\/aaaa-amnesia-99oz\\\/#primaryimage\",\"url\":\"https:\\\/\\\/stgbc.bcweededible.net\\\/wp-content\\\/uploads\\\/2024\\\/06\\\/amnesia-haze.jpg\",\"contentUrl\":\"https:\\\/\\\/stgbc.bcweededible.net\\\/wp-content\\\/uploads\\\/2024\\\/06\\\/amnesia-haze.jpg\",\"width\":1500,\"height\":1500,\"caption\":\"amnesia weed\"},{\"@type\":\"BreadcrumbList\",\"@id\":\"https:\\\/\\\/stgbc.bcweededible.net\\\/fr\\\/buy\\\/fleurs-cannabis\\\/99-oz-fr\\\/aaaa-amnesia-99oz\\\/#breadcrumb\",\"itemListElement\":[{\"@type\":\"ListItem\",\"position\":1,\"name\":\"Jujubes au Pot Canada\",\"item\":\"https:\\\/\\\/stgbc.bcweededible.net\\\/fr\\\/shop\\\/\"},{\"@type\":\"ListItem\",\"position\":2,\"name\":\"AAAA Amnesia (99oz)\"}]},{\"@type\":\"WebSite\",\"@id\":\"https:\\\/\\\/stgbc.bcweededible.net\\\/fr\\\/#website\",\"url\":\"https:\\\/\\\/stgbc.bcweededible.net\\\/fr\\\/\",\"name\":\"BC Weed Edible\",\"description\":\"\",\"publisher\":{\"@id\":\"https:\\\/\\\/stgbc.bcweededible.net\\\/fr\\\/#organization\"},\"potentialAction\":[{\"@type\":\"SearchAction\",\"target\":{\"@type\":\"EntryPoint\",\"urlTemplate\":\"https:\\\/\\\/stgbc.bcweededible.net\\\/fr\\\/?s={search_term_string}\"},\"query-input\":{\"@type\":\"PropertyValueSpecification\",\"valueRequired\":true,\"valueName\":\"search_term_string\"}}],\"inLanguage\":\"fr-FR\"},{\"@type\":\"Organization\",\"@id\":\"https:\\\/\\\/stgbc.bcweededible.net\\\/fr\\\/#organization\",\"name\":\"BC Weed Edible\",\"url\":\"https:\\\/\\\/stgbc.bcweededible.net\\\/fr\\\/\",\"logo\":{\"@type\":\"ImageObject\",\"inLanguage\":\"fr-FR\",\"@id\":\"https:\\\/\\\/stgbc.bcweededible.net\\\/fr\\\/#\\\/schema\\\/logo\\\/image\\\/\",\"url\":\"https:\\\/\\\/stgbc.bcweededible.net\\\/wp-content\\\/uploads\\\/2021\\\/12\\\/bc-weed-edible-canada.png\",\"contentUrl\":\"https:\\\/\\\/stgbc.bcweededible.net\\\/wp-content\\\/uploads\\\/2021\\\/12\\\/bc-weed-edible-canada.png\",\"width\":270,\"height\":185,\"caption\":\"BC Weed Edible\"},\"image\":{\"@id\":\"https:\\\/\\\/stgbc.bcweededible.net\\\/fr\\\/#\\\/schema\\\/logo\\\/image\\\/\"}}]}<\/script>\n","yoast_head_json":{"title":"Acheter AAAA Amnesia (99oz) en Ligne Canada | BC Weed Edible","robots":{"index":"index","follow":"follow","max-snippet":"max-snippet:-1","max-image-preview":"max-image-preview:large","max-video-preview":"max-video-preview:-1"},"canonical":"https:\/\/stgbc.bcweededible.net\/fr\/buy\/fleurs-cannabis\/99-oz-fr\/aaaa-amnesia-99oz\/","og_locale":"fr_FR","og_type":"article","og_title":"Acheter AAAA Amnesia (99oz) en Ligne Canada | BC Weed Edible","og_description":"Amnesia est une vari\u00e9t\u00e9 de marijuana populaire de la vari\u00e9t\u00e9 dominante Sativa et a un taux de THC extr\u00eamement \u00e9lev\u00e9. Avec un taux moyen de THC impressionnant de 24 %, l'Amnesia est une vari\u00e9t\u00e9 exceptionnelle qui offre une d\u00e9fonce qui fait tourner la t\u00eate et une saveur exceptionnelle. Ajoutez-le \u00e0 votre liste et vivez des sensations fortes ! Ses pr\u00e9curseurs g\u00e9n\u00e9tiques sont Cinderella 99, Jack Herer et Skunk. L'Amnesia a des saveurs et des ar\u00f4mes terreux qui ressemblent \u00e0 ceux des agrumes, en particulier des citrons et des oranges. Il a un effet \u00e9nergique et stimulant qui illumine instantan\u00e9ment votre humeur et votre journ\u00e9e. Gros Buds denses, de qualit\u00e9 AAAA avec de beaux pistils orange et une couleur vert fonc\u00e9. Seulement 99 $ l'oz! Profitez-en jusqu'\u00e0 \u00e9puisement !","og_url":"https:\/\/stgbc.bcweededible.net\/fr\/buy\/fleurs-cannabis\/99-oz-fr\/aaaa-amnesia-99oz\/","og_site_name":"BC Weed Edible","article_modified_time":"2026-03-25T20:21:14+00:00","og_image":[{"width":1500,"height":1500,"url":"https:\/\/stgbc.bcweededible.net\/wp-content\/uploads\/2024\/06\/amnesia-haze.jpg","type":"image\/jpeg"}],"twitter_card":"summary_large_image","schema":{"@context":"https:\/\/schema.org","@graph":[{"@type":"WebPage","@id":"https:\/\/stgbc.bcweededible.net\/fr\/buy\/fleurs-cannabis\/99-oz-fr\/aaaa-amnesia-99oz\/","url":"https:\/\/stgbc.bcweededible.net\/fr\/buy\/fleurs-cannabis\/99-oz-fr\/aaaa-amnesia-99oz\/","name":"Acheter AAAA Amnesia (99oz) en Ligne Canada | BC Weed Edible","isPartOf":{"@id":"https:\/\/stgbc.bcweededible.net\/fr\/#website"},"primaryImageOfPage":{"@id":"https:\/\/stgbc.bcweededible.net\/fr\/buy\/fleurs-cannabis\/99-oz-fr\/aaaa-amnesia-99oz\/#primaryimage"},"image":{"@id":"https:\/\/stgbc.bcweededible.net\/fr\/buy\/fleurs-cannabis\/99-oz-fr\/aaaa-amnesia-99oz\/#primaryimage"},"thumbnailUrl":"https:\/\/stgbc.bcweededible.net\/wp-content\/uploads\/2024\/06\/amnesia-haze.jpg","datePublished":"2024-06-03T18:15:08+00:00","dateModified":"2026-03-25T20:21:14+00:00","breadcrumb":{"@id":"https:\/\/stgbc.bcweededible.net\/fr\/buy\/fleurs-cannabis\/99-oz-fr\/aaaa-amnesia-99oz\/#breadcrumb"},"inLanguage":"fr-FR","potentialAction":[{"@type":"ReadAction","target":["https:\/\/stgbc.bcweededible.net\/fr\/buy\/fleurs-cannabis\/99-oz-fr\/aaaa-amnesia-99oz\/"]}]},{"@type":"ImageObject","inLanguage":"fr-FR","@id":"https:\/\/stgbc.bcweededible.net\/fr\/buy\/fleurs-cannabis\/99-oz-fr\/aaaa-amnesia-99oz\/#primaryimage","url":"https:\/\/stgbc.bcweededible.net\/wp-content\/uploads\/2024\/06\/amnesia-haze.jpg","contentUrl":"https:\/\/stgbc.bcweededible.net\/wp-content\/uploads\/2024\/06\/amnesia-haze.jpg","width":1500,"height":1500,"caption":"amnesia weed"},{"@type":"BreadcrumbList","@id":"https:\/\/stgbc.bcweededible.net\/fr\/buy\/fleurs-cannabis\/99-oz-fr\/aaaa-amnesia-99oz\/#breadcrumb","itemListElement":[{"@type":"ListItem","position":1,"name":"Jujubes au Pot Canada","item":"https:\/\/stgbc.bcweededible.net\/fr\/shop\/"},{"@type":"ListItem","position":2,"name":"AAAA Amnesia (99oz)"}]},{"@type":"WebSite","@id":"https:\/\/stgbc.bcweededible.net\/fr\/#website","url":"https:\/\/stgbc.bcweededible.net\/fr\/","name":"BC Weed Edible","description":"","publisher":{"@id":"https:\/\/stgbc.bcweededible.net\/fr\/#organization"},"potentialAction":[{"@type":"SearchAction","target":{"@type":"EntryPoint","urlTemplate":"https:\/\/stgbc.bcweededible.net\/fr\/?s={search_term_string}"},"query-input":{"@type":"PropertyValueSpecification","valueRequired":true,"valueName":"search_term_string"}}],"inLanguage":"fr-FR"},{"@type":"Organization","@id":"https:\/\/stgbc.bcweededible.net\/fr\/#organization","name":"BC Weed Edible","url":"https:\/\/stgbc.bcweededible.net\/fr\/","logo":{"@type":"ImageObject","inLanguage":"fr-FR","@id":"https:\/\/stgbc.bcweededible.net\/fr\/#\/schema\/logo\/image\/","url":"https:\/\/stgbc.bcweededible.net\/wp-content\/uploads\/2021\/12\/bc-weed-edible-canada.png","contentUrl":"https:\/\/stgbc.bcweededible.net\/wp-content\/uploads\/2021\/12\/bc-weed-edible-canada.png","width":270,"height":185,"caption":"BC Weed Edible"},"image":{"@id":"https:\/\/stgbc.bcweededible.net\/fr\/#\/schema\/logo\/image\/"}}]}},"_links":{"self":[{"href":"https:\/\/stgbc.bcweededible.net\/fr\/wp-json\/wp\/v2\/product\/77081","targetHints":{"allow":["GET"]}}],"collection":[{"href":"https:\/\/stgbc.bcweededible.net\/fr\/wp-json\/wp\/v2\/product"}],"about":[{"href":"https:\/\/stgbc.bcweededible.net\/fr\/wp-json\/wp\/v2\/types\/product"}],"replies":[{"embeddable":true,"href":"https:\/\/stgbc.bcweededible.net\/fr\/wp-json\/wp\/v2\/comments?post=77081"}],"wp:featuredmedia":[{"embeddable":true,"href":"https:\/\/stgbc.bcweededible.net\/fr\/wp-json\/wp\/v2\/media\/76010"}],"wp:attachment":[{"href":"https:\/\/stgbc.bcweededible.net\/fr\/wp-json\/wp\/v2\/media?parent=77081"}],"wp:term":[{"taxonomy":"product_brand","embeddable":true,"href":"https:\/\/stgbc.bcweededible.net\/fr\/wp-json\/wp\/v2\/product_brand?post=77081"},{"taxonomy":"product_cat","embeddable":true,"href":"https:\/\/stgbc.bcweededible.net\/fr\/wp-json\/wp\/v2\/product_cat?post=77081"},{"taxonomy":"product_tag","embeddable":true,"href":"https:\/\/stgbc.bcweededible.net\/fr\/wp-json\/wp\/v2\/product_tag?post=77081"}],"curies":[{"name":"wp","href":"https:\/\/api.w.org\/{rel}","templated":true}]}}