{"id":72706,"date":"2024-03-27T11:21:48","date_gmt":"2024-04-17T17:49:36","guid":{"rendered":"https:\/\/bcweededible.net\/buy\/non%20class\u00e9\/bulk-magic-shroom-chocolate-bar\/"},"modified":"2024-04-30T16:17:48","modified_gmt":"2024-04-30T23:17:48","slug":"barre-choco-shroom-vrac","status":"publish","type":"product","link":"https:\/\/stgbc.bcweededible.net\/fr\/buy\/marques\/eden-edibles-fr\/eden-en-vrac\/barre-choco-shroom-vrac\/","title":{"rendered":"Barres de Chocolat Shroom en Vrac"},"content":{"rendered":"","protected":false},"excerpt":{"rendered":"<p>Nos <strong>barres de chocolat Bulk Shroom<\/strong> sont <a href=\"http:\/\/bcweededible.net\/shop\/edibles\/vegan\/\">vegan<\/a>, sont fabriqu\u00e9es avec du Penis Envy ou Golden Teachers de haute qualit\u00e9 et du chocolat noir v\u00e9n\u00e9zu\u00e9lien \u00e0 73%. <strong>Chaque barre contient 3000 mg de psilpcybine<\/strong> et 125 mg de champignon par carr\u00e9.<\/p>\n<p>Pour b\u00e9n\u00e9ficier du prix de gros de <strong>50% sur le prix de d\u00e9tail<\/strong>, il vous suffit de <strong>commander 50 tablettes de chocolat<\/strong>, ce qui est id\u00e9al si vous avez besoin de grandes quantit\u00e9s ou si vous voulez les donner autour de vous.<\/p>\n<h4>Barres chocolat\u00e9es aux champignons Infos<\/h4>\n<table>\n<tbody>\n<tr>\n<td class=\"has-text-align-center\" style=\"text-align: left;\" data-align=\"center\"><strong>Total des sacs<\/strong><\/td>\n<td class=\"has-text-align-center\" style=\"text-align: left;\" data-align=\"center\">50 Barres<\/td>\n<\/tr>\n<tr>\n<td class=\"has-text-align-center\" style=\"text-align: left;\" data-align=\"center\"><strong>Champignons par barres<\/strong><\/td>\n<td class=\"has-text-align-center\" style=\"text-align: left;\" data-align=\"center\">3000mg<\/td>\n<\/tr>\n<tr>\n<td class=\"has-text-align-center\" style=\"text-align: left;\" data-align=\"center\"><strong>Champignon par carr\u00e9<\/strong><\/td>\n<td class=\"has-text-align-center\" style=\"text-align: left;\" data-align=\"center\">125 mg<\/td>\n<\/tr>\n<tr>\n<td class=\"has-text-align-center\" style=\"text-align: left;\" data-align=\"center\"><strong>Effets<\/strong><\/td>\n<td class=\"has-text-align-center\" style=\"text-align: left;\" data-align=\"center\">\u00c9nergie, cr\u00e9ativit\u00e9<\/td>\n<\/tr>\n<tr>\n<td class=\"has-text-align-center\" style=\"text-align: left;\" data-align=\"center\"><strong>Prix en gros<\/strong><\/td>\n<td class=\"has-text-align-center\" style=\"text-align: left;\" data-align=\"center\">50% de r\u00e9duction sur le prix de vente<\/td>\n<\/tr>\n<\/tbody>\n<\/table>\n<p>&nbsp;<\/p>\n","protected":false},"featured_media":71133,"comment_status":"open","ping_status":"closed","template":"","meta":[],"product_brand":[],"product_cat":[274,244,533,664,768,280],"product_tag":[],"class_list":{"0":"post-72706","1":"product","2":"type-product","3":"status-publish","4":"has-post-thumbnail","6":"product_cat-chocolat","7":"product_cat-comestibles","8":"product_cat-comestibles-en-gros","9":"product_cat-eden-edibles-fr","10":"product_cat-eden-en-vrac","11":"product_cat-vegan-fr","13":"first","14":"instock","15":"sale","16":"shipping-taxable","17":"purchasable","18":"product-type-simple"},"yoast_head":"\n<title>Acheter une Barres de Chocolat Shroom en Vrac en ligne au Canada | Vente en gros de chocolats comestibles | BC Weed Edible<\/title>\n<meta name=\"robots\" content=\"index, follow, max-snippet:-1, max-image-preview:large, max-video-preview:-1\" \/>\n<link rel=\"canonical\" href=\"https:\/\/stgbc.bcweededible.net\/fr\/buy\/marques\/eden-edibles-fr\/eden-en-vrac\/barre-choco-shroom-vrac\/\" \/>\n<meta property=\"og:locale\" content=\"fr_FR\" \/>\n<meta property=\"og:type\" content=\"article\" \/>\n<meta property=\"og:title\" content=\"Acheter une Barres de Chocolat Shroom en Vrac en ligne au Canada | Vente en gros de chocolats comestibles | BC Weed Edible\" \/>\n<meta property=\"og:description\" content=\"Nos barres de chocolat Bulk Shroom sont vegan, sont fabriqu\u00e9es avec du Penis Envy ou Golden Teachers de haute qualit\u00e9 et du chocolat noir v\u00e9n\u00e9zu\u00e9lien \u00e0 73%. Chaque barre contient 3000 mg de psilpcybine et 125 mg de champignon par carr\u00e9. Pour b\u00e9n\u00e9ficier du prix de gros de 50% sur le prix de d\u00e9tail, il vous suffit de commander 50 tablettes de chocolat, ce qui est id\u00e9al si vous avez besoin de grandes quantit\u00e9s ou si vous voulez les donner autour de vous. Barres chocolat\u00e9es aux champignons Infos Total des sacs 50 Barres Champignons par barres 3000mg Champignon par carr\u00e9 125 mg Effets \u00c9nergie, cr\u00e9ativit\u00e9 Prix en gros 50% de r\u00e9duction sur le prix de vente &nbsp;\" \/>\n<meta property=\"og:url\" content=\"https:\/\/stgbc.bcweededible.net\/fr\/buy\/marques\/eden-edibles-fr\/eden-en-vrac\/barre-choco-shroom-vrac\/\" \/>\n<meta property=\"og:site_name\" content=\"BC Weed Edible\" \/>\n<meta property=\"article:modified_time\" content=\"2024-04-30T23:17:48+00:00\" \/>\n<meta property=\"og:image\" content=\"https:\/\/stgbc.bcweededible.net\/wp-content\/uploads\/2024\/03\/Bulk-Choco-Mushroom-Purple.jpg\" \/>\n\t<meta property=\"og:image:width\" content=\"1080\" \/>\n\t<meta property=\"og:image:height\" content=\"1080\" \/>\n\t<meta property=\"og:image:type\" content=\"image\/jpeg\" \/>\n<meta name=\"twitter:card\" content=\"summary_large_image\" \/>\n<script type=\"application\/ld+json\" class=\"yoast-schema-graph\">{\"@context\":\"https:\\\/\\\/schema.org\",\"@graph\":[{\"@type\":\"WebPage\",\"@id\":\"https:\\\/\\\/stgbc.bcweededible.net\\\/fr\\\/buy\\\/marques\\\/eden-edibles-fr\\\/eden-en-vrac\\\/barre-choco-shroom-vrac\\\/\",\"url\":\"https:\\\/\\\/stgbc.bcweededible.net\\\/fr\\\/buy\\\/marques\\\/eden-edibles-fr\\\/eden-en-vrac\\\/barre-choco-shroom-vrac\\\/\",\"name\":\"Acheter une Barres de Chocolat Shroom en Vrac en ligne au Canada | Vente en gros de chocolats comestibles | BC Weed Edible\",\"isPartOf\":{\"@id\":\"https:\\\/\\\/stgbc.bcweededible.net\\\/fr\\\/#website\"},\"primaryImageOfPage\":{\"@id\":\"https:\\\/\\\/stgbc.bcweededible.net\\\/fr\\\/buy\\\/marques\\\/eden-edibles-fr\\\/eden-en-vrac\\\/barre-choco-shroom-vrac\\\/#primaryimage\"},\"image\":{\"@id\":\"https:\\\/\\\/stgbc.bcweededible.net\\\/fr\\\/buy\\\/marques\\\/eden-edibles-fr\\\/eden-en-vrac\\\/barre-choco-shroom-vrac\\\/#primaryimage\"},\"thumbnailUrl\":\"https:\\\/\\\/stgbc.bcweededible.net\\\/wp-content\\\/uploads\\\/2024\\\/03\\\/Bulk-Choco-Mushroom-Purple.jpg\",\"datePublished\":\"2024-04-17T17:49:36+00:00\",\"dateModified\":\"2024-04-30T23:17:48+00:00\",\"breadcrumb\":{\"@id\":\"https:\\\/\\\/stgbc.bcweededible.net\\\/fr\\\/buy\\\/marques\\\/eden-edibles-fr\\\/eden-en-vrac\\\/barre-choco-shroom-vrac\\\/#breadcrumb\"},\"inLanguage\":\"fr-FR\",\"potentialAction\":[{\"@type\":\"ReadAction\",\"target\":[\"https:\\\/\\\/stgbc.bcweededible.net\\\/fr\\\/buy\\\/marques\\\/eden-edibles-fr\\\/eden-en-vrac\\\/barre-choco-shroom-vrac\\\/\"]}]},{\"@type\":\"ImageObject\",\"inLanguage\":\"fr-FR\",\"@id\":\"https:\\\/\\\/stgbc.bcweededible.net\\\/fr\\\/buy\\\/marques\\\/eden-edibles-fr\\\/eden-en-vrac\\\/barre-choco-shroom-vrac\\\/#primaryimage\",\"url\":\"https:\\\/\\\/stgbc.bcweededible.net\\\/wp-content\\\/uploads\\\/2024\\\/03\\\/Bulk-Choco-Mushroom-Purple.jpg\",\"contentUrl\":\"https:\\\/\\\/stgbc.bcweededible.net\\\/wp-content\\\/uploads\\\/2024\\\/03\\\/Bulk-Choco-Mushroom-Purple.jpg\",\"width\":1080,\"height\":1080,\"caption\":\"bulk magic mushroom chocolate bar 3 bars\"},{\"@type\":\"BreadcrumbList\",\"@id\":\"https:\\\/\\\/stgbc.bcweededible.net\\\/fr\\\/buy\\\/marques\\\/eden-edibles-fr\\\/eden-en-vrac\\\/barre-choco-shroom-vrac\\\/#breadcrumb\",\"itemListElement\":[{\"@type\":\"ListItem\",\"position\":1,\"name\":\"Jujubes au Pot Canada\",\"item\":\"https:\\\/\\\/stgbc.bcweededible.net\\\/fr\\\/shop\\\/\"},{\"@type\":\"ListItem\",\"position\":2,\"name\":\"Barres de Chocolat Shroom en Vrac\"}]},{\"@type\":\"WebSite\",\"@id\":\"https:\\\/\\\/stgbc.bcweededible.net\\\/fr\\\/#website\",\"url\":\"https:\\\/\\\/stgbc.bcweededible.net\\\/fr\\\/\",\"name\":\"BC Weed Edible\",\"description\":\"\",\"publisher\":{\"@id\":\"https:\\\/\\\/stgbc.bcweededible.net\\\/fr\\\/#organization\"},\"potentialAction\":[{\"@type\":\"SearchAction\",\"target\":{\"@type\":\"EntryPoint\",\"urlTemplate\":\"https:\\\/\\\/stgbc.bcweededible.net\\\/fr\\\/?s={search_term_string}\"},\"query-input\":{\"@type\":\"PropertyValueSpecification\",\"valueRequired\":true,\"valueName\":\"search_term_string\"}}],\"inLanguage\":\"fr-FR\"},{\"@type\":\"Organization\",\"@id\":\"https:\\\/\\\/stgbc.bcweededible.net\\\/fr\\\/#organization\",\"name\":\"BC Weed Edible\",\"url\":\"https:\\\/\\\/stgbc.bcweededible.net\\\/fr\\\/\",\"logo\":{\"@type\":\"ImageObject\",\"inLanguage\":\"fr-FR\",\"@id\":\"https:\\\/\\\/stgbc.bcweededible.net\\\/fr\\\/#\\\/schema\\\/logo\\\/image\\\/\",\"url\":\"https:\\\/\\\/stgbc.bcweededible.net\\\/wp-content\\\/uploads\\\/2021\\\/12\\\/bc-weed-edible-canada.png\",\"contentUrl\":\"https:\\\/\\\/stgbc.bcweededible.net\\\/wp-content\\\/uploads\\\/2021\\\/12\\\/bc-weed-edible-canada.png\",\"width\":270,\"height\":185,\"caption\":\"BC Weed Edible\"},\"image\":{\"@id\":\"https:\\\/\\\/stgbc.bcweededible.net\\\/fr\\\/#\\\/schema\\\/logo\\\/image\\\/\"}}]}<\/script>\n","yoast_head_json":{"title":"Acheter une Barres de Chocolat Shroom en Vrac en ligne au Canada | Vente en gros de chocolats comestibles | BC Weed Edible","robots":{"index":"index","follow":"follow","max-snippet":"max-snippet:-1","max-image-preview":"max-image-preview:large","max-video-preview":"max-video-preview:-1"},"canonical":"https:\/\/stgbc.bcweededible.net\/fr\/buy\/marques\/eden-edibles-fr\/eden-en-vrac\/barre-choco-shroom-vrac\/","og_locale":"fr_FR","og_type":"article","og_title":"Acheter une Barres de Chocolat Shroom en Vrac en ligne au Canada | Vente en gros de chocolats comestibles | BC Weed Edible","og_description":"Nos barres de chocolat Bulk Shroom sont vegan, sont fabriqu\u00e9es avec du Penis Envy ou Golden Teachers de haute qualit\u00e9 et du chocolat noir v\u00e9n\u00e9zu\u00e9lien \u00e0 73%. Chaque barre contient 3000 mg de psilpcybine et 125 mg de champignon par carr\u00e9. Pour b\u00e9n\u00e9ficier du prix de gros de 50% sur le prix de d\u00e9tail, il vous suffit de commander 50 tablettes de chocolat, ce qui est id\u00e9al si vous avez besoin de grandes quantit\u00e9s ou si vous voulez les donner autour de vous. Barres chocolat\u00e9es aux champignons Infos Total des sacs 50 Barres Champignons par barres 3000mg Champignon par carr\u00e9 125 mg Effets \u00c9nergie, cr\u00e9ativit\u00e9 Prix en gros 50% de r\u00e9duction sur le prix de vente &nbsp;","og_url":"https:\/\/stgbc.bcweededible.net\/fr\/buy\/marques\/eden-edibles-fr\/eden-en-vrac\/barre-choco-shroom-vrac\/","og_site_name":"BC Weed Edible","article_modified_time":"2024-04-30T23:17:48+00:00","og_image":[{"width":1080,"height":1080,"url":"https:\/\/stgbc.bcweededible.net\/wp-content\/uploads\/2024\/03\/Bulk-Choco-Mushroom-Purple.jpg","type":"image\/jpeg"}],"twitter_card":"summary_large_image","schema":{"@context":"https:\/\/schema.org","@graph":[{"@type":"WebPage","@id":"https:\/\/stgbc.bcweededible.net\/fr\/buy\/marques\/eden-edibles-fr\/eden-en-vrac\/barre-choco-shroom-vrac\/","url":"https:\/\/stgbc.bcweededible.net\/fr\/buy\/marques\/eden-edibles-fr\/eden-en-vrac\/barre-choco-shroom-vrac\/","name":"Acheter une Barres de Chocolat Shroom en Vrac en ligne au Canada | Vente en gros de chocolats comestibles | BC Weed Edible","isPartOf":{"@id":"https:\/\/stgbc.bcweededible.net\/fr\/#website"},"primaryImageOfPage":{"@id":"https:\/\/stgbc.bcweededible.net\/fr\/buy\/marques\/eden-edibles-fr\/eden-en-vrac\/barre-choco-shroom-vrac\/#primaryimage"},"image":{"@id":"https:\/\/stgbc.bcweededible.net\/fr\/buy\/marques\/eden-edibles-fr\/eden-en-vrac\/barre-choco-shroom-vrac\/#primaryimage"},"thumbnailUrl":"https:\/\/stgbc.bcweededible.net\/wp-content\/uploads\/2024\/03\/Bulk-Choco-Mushroom-Purple.jpg","datePublished":"2024-04-17T17:49:36+00:00","dateModified":"2024-04-30T23:17:48+00:00","breadcrumb":{"@id":"https:\/\/stgbc.bcweededible.net\/fr\/buy\/marques\/eden-edibles-fr\/eden-en-vrac\/barre-choco-shroom-vrac\/#breadcrumb"},"inLanguage":"fr-FR","potentialAction":[{"@type":"ReadAction","target":["https:\/\/stgbc.bcweededible.net\/fr\/buy\/marques\/eden-edibles-fr\/eden-en-vrac\/barre-choco-shroom-vrac\/"]}]},{"@type":"ImageObject","inLanguage":"fr-FR","@id":"https:\/\/stgbc.bcweededible.net\/fr\/buy\/marques\/eden-edibles-fr\/eden-en-vrac\/barre-choco-shroom-vrac\/#primaryimage","url":"https:\/\/stgbc.bcweededible.net\/wp-content\/uploads\/2024\/03\/Bulk-Choco-Mushroom-Purple.jpg","contentUrl":"https:\/\/stgbc.bcweededible.net\/wp-content\/uploads\/2024\/03\/Bulk-Choco-Mushroom-Purple.jpg","width":1080,"height":1080,"caption":"bulk magic mushroom chocolate bar 3 bars"},{"@type":"BreadcrumbList","@id":"https:\/\/stgbc.bcweededible.net\/fr\/buy\/marques\/eden-edibles-fr\/eden-en-vrac\/barre-choco-shroom-vrac\/#breadcrumb","itemListElement":[{"@type":"ListItem","position":1,"name":"Jujubes au Pot Canada","item":"https:\/\/stgbc.bcweededible.net\/fr\/shop\/"},{"@type":"ListItem","position":2,"name":"Barres de Chocolat Shroom en Vrac"}]},{"@type":"WebSite","@id":"https:\/\/stgbc.bcweededible.net\/fr\/#website","url":"https:\/\/stgbc.bcweededible.net\/fr\/","name":"BC Weed Edible","description":"","publisher":{"@id":"https:\/\/stgbc.bcweededible.net\/fr\/#organization"},"potentialAction":[{"@type":"SearchAction","target":{"@type":"EntryPoint","urlTemplate":"https:\/\/stgbc.bcweededible.net\/fr\/?s={search_term_string}"},"query-input":{"@type":"PropertyValueSpecification","valueRequired":true,"valueName":"search_term_string"}}],"inLanguage":"fr-FR"},{"@type":"Organization","@id":"https:\/\/stgbc.bcweededible.net\/fr\/#organization","name":"BC Weed Edible","url":"https:\/\/stgbc.bcweededible.net\/fr\/","logo":{"@type":"ImageObject","inLanguage":"fr-FR","@id":"https:\/\/stgbc.bcweededible.net\/fr\/#\/schema\/logo\/image\/","url":"https:\/\/stgbc.bcweededible.net\/wp-content\/uploads\/2021\/12\/bc-weed-edible-canada.png","contentUrl":"https:\/\/stgbc.bcweededible.net\/wp-content\/uploads\/2021\/12\/bc-weed-edible-canada.png","width":270,"height":185,"caption":"BC Weed Edible"},"image":{"@id":"https:\/\/stgbc.bcweededible.net\/fr\/#\/schema\/logo\/image\/"}}]}},"_links":{"self":[{"href":"https:\/\/stgbc.bcweededible.net\/fr\/wp-json\/wp\/v2\/product\/72706","targetHints":{"allow":["GET"]}}],"collection":[{"href":"https:\/\/stgbc.bcweededible.net\/fr\/wp-json\/wp\/v2\/product"}],"about":[{"href":"https:\/\/stgbc.bcweededible.net\/fr\/wp-json\/wp\/v2\/types\/product"}],"replies":[{"embeddable":true,"href":"https:\/\/stgbc.bcweededible.net\/fr\/wp-json\/wp\/v2\/comments?post=72706"}],"wp:featuredmedia":[{"embeddable":true,"href":"https:\/\/stgbc.bcweededible.net\/fr\/wp-json\/wp\/v2\/media\/71133"}],"wp:attachment":[{"href":"https:\/\/stgbc.bcweededible.net\/fr\/wp-json\/wp\/v2\/media?parent=72706"}],"wp:term":[{"taxonomy":"product_brand","embeddable":true,"href":"https:\/\/stgbc.bcweededible.net\/fr\/wp-json\/wp\/v2\/product_brand?post=72706"},{"taxonomy":"product_cat","embeddable":true,"href":"https:\/\/stgbc.bcweededible.net\/fr\/wp-json\/wp\/v2\/product_cat?post=72706"},{"taxonomy":"product_tag","embeddable":true,"href":"https:\/\/stgbc.bcweededible.net\/fr\/wp-json\/wp\/v2\/product_tag?post=72706"}],"curies":[{"name":"wp","href":"https:\/\/api.w.org\/{rel}","templated":true}]}}