{"id":72703,"date":"2024-04-17T10:09:21","date_gmt":"2024-04-17T17:49:35","guid":{"rendered":"https:\/\/bcweededible.net\/buy\/non%20class\u00e9\/mota-mango-jelly-thc-sativa-ou-indica\/"},"modified":"2025-10-12T11:16:40","modified_gmt":"2025-10-12T18:16:40","slug":"mota-mango-jelly-thc-sativa-ou-indica","status":"publish","type":"product","link":"https:\/\/stgbc.bcweededible.net\/fr\/buy\/marques\/mota-gummies-fr\/mota-mango-jelly-thc-sativa-ou-indica\/","title":{"rendered":"Mota Mango Jelly THC (Sativa ou Indica)"},"content":{"rendered":"","protected":false},"excerpt":{"rendered":"<h4 class=\"fusion-responsive-typography-calculated\" data-fontsize=\"21\" data-lineheight=\"21px\">120mg THC<\/h4>\n<p>Fabriqu\u00e9es de A \u00e0 Z, ces gel\u00e9es sont infus\u00e9es avec 120 mg de THC et sont disponibles en Sativa et Indica. Chaque paquet contient une gel\u00e9e divis\u00e9e en 8 carr\u00e9s, pour un total de 15 mg par carr\u00e9. Destin\u00e9 aux patients \u00e0 haute tol\u00e9rance, mais \u00e9galement aux utilisateurs \u00e0 faible tol\u00e9rance lorsqu&#8217;il est divis\u00e9 en plus petites doses. Un bon moyen pour les patients de trouver le dosage qui leur convient le mieux. Chaque commande comprend une gel\u00e9e.<\/p>\n","protected":false},"featured_media":16261,"comment_status":"open","ping_status":"closed","template":"","meta":[],"product_brand":[],"product_cat":[244,276,555],"product_tag":[588],"class_list":{"0":"post-72703","1":"product","2":"type-product","3":"status-publish","4":"has-post-thumbnail","6":"product_cat-comestibles","7":"product_cat-jujubes","8":"product_cat-mota-gummies-fr","9":"product_tag-10mg-gummies","11":"first","12":"outofstock","13":"shipping-taxable","14":"purchasable","15":"product-type-variable"},"yoast_head":"\n<title>Acheter la Mota Mango Jelly THC (Sativa ou Indica) en ligne Canada | BC Weed Edible<\/title>\n<meta name=\"robots\" content=\"index, follow, max-snippet:-1, max-image-preview:large, max-video-preview:-1\" \/>\n<link rel=\"canonical\" href=\"https:\/\/stgbc.bcweededible.net\/fr\/buy\/marques\/mota-gummies-fr\/mota-mango-jelly-thc-sativa-ou-indica\/\" \/>\n<meta property=\"og:locale\" content=\"fr_FR\" \/>\n<meta property=\"og:type\" content=\"article\" \/>\n<meta property=\"og:title\" content=\"Acheter la Mota Mango Jelly THC (Sativa ou Indica) en ligne Canada | BC Weed Edible\" \/>\n<meta property=\"og:description\" content=\"120mg THC Fabriqu\u00e9es de A \u00e0 Z, ces gel\u00e9es sont infus\u00e9es avec 120 mg de THC et sont disponibles en Sativa et Indica. Chaque paquet contient une gel\u00e9e divis\u00e9e en 8 carr\u00e9s, pour un total de 15 mg par carr\u00e9. Destin\u00e9 aux patients \u00e0 haute tol\u00e9rance, mais \u00e9galement aux utilisateurs \u00e0 faible tol\u00e9rance lorsqu&#039;il est divis\u00e9 en plus petites doses. Un bon moyen pour les patients de trouver le dosage qui leur convient le mieux. Chaque commande comprend une gel\u00e9e.\" \/>\n<meta property=\"og:url\" content=\"https:\/\/stgbc.bcweededible.net\/fr\/buy\/marques\/mota-gummies-fr\/mota-mango-jelly-thc-sativa-ou-indica\/\" \/>\n<meta property=\"og:site_name\" content=\"BC Weed Edible\" \/>\n<meta property=\"article:modified_time\" content=\"2025-10-12T18:16:40+00:00\" \/>\n<meta property=\"og:image\" content=\"https:\/\/stgbc.bcweededible.net\/wp-content\/uploads\/2022\/06\/mota-jelly-gummies-1.jpeg\" \/>\n\t<meta property=\"og:image:width\" content=\"1024\" \/>\n\t<meta property=\"og:image:height\" content=\"1024\" \/>\n\t<meta property=\"og:image:type\" content=\"image\/jpeg\" \/>\n<meta name=\"twitter:card\" content=\"summary_large_image\" \/>\n<script type=\"application\/ld+json\" class=\"yoast-schema-graph\">{\"@context\":\"https:\\\/\\\/schema.org\",\"@graph\":[{\"@type\":\"WebPage\",\"@id\":\"https:\\\/\\\/stgbc.bcweededible.net\\\/fr\\\/buy\\\/marques\\\/mota-gummies-fr\\\/mota-mango-jelly-thc-sativa-ou-indica\\\/\",\"url\":\"https:\\\/\\\/stgbc.bcweededible.net\\\/fr\\\/buy\\\/marques\\\/mota-gummies-fr\\\/mota-mango-jelly-thc-sativa-ou-indica\\\/\",\"name\":\"Acheter la Mota Mango Jelly THC (Sativa ou Indica) en ligne Canada | BC Weed Edible\",\"isPartOf\":{\"@id\":\"https:\\\/\\\/stgbc.bcweededible.net\\\/fr\\\/#website\"},\"primaryImageOfPage\":{\"@id\":\"https:\\\/\\\/stgbc.bcweededible.net\\\/fr\\\/buy\\\/marques\\\/mota-gummies-fr\\\/mota-mango-jelly-thc-sativa-ou-indica\\\/#primaryimage\"},\"image\":{\"@id\":\"https:\\\/\\\/stgbc.bcweededible.net\\\/fr\\\/buy\\\/marques\\\/mota-gummies-fr\\\/mota-mango-jelly-thc-sativa-ou-indica\\\/#primaryimage\"},\"thumbnailUrl\":\"https:\\\/\\\/stgbc.bcweededible.net\\\/wp-content\\\/uploads\\\/2022\\\/06\\\/mota-jelly-gummies-1.jpeg\",\"datePublished\":\"2024-04-17T17:49:35+00:00\",\"dateModified\":\"2025-10-12T18:16:40+00:00\",\"breadcrumb\":{\"@id\":\"https:\\\/\\\/stgbc.bcweededible.net\\\/fr\\\/buy\\\/marques\\\/mota-gummies-fr\\\/mota-mango-jelly-thc-sativa-ou-indica\\\/#breadcrumb\"},\"inLanguage\":\"fr-FR\",\"potentialAction\":[{\"@type\":\"ReadAction\",\"target\":[\"https:\\\/\\\/stgbc.bcweededible.net\\\/fr\\\/buy\\\/marques\\\/mota-gummies-fr\\\/mota-mango-jelly-thc-sativa-ou-indica\\\/\"]}]},{\"@type\":\"ImageObject\",\"inLanguage\":\"fr-FR\",\"@id\":\"https:\\\/\\\/stgbc.bcweededible.net\\\/fr\\\/buy\\\/marques\\\/mota-gummies-fr\\\/mota-mango-jelly-thc-sativa-ou-indica\\\/#primaryimage\",\"url\":\"https:\\\/\\\/stgbc.bcweededible.net\\\/wp-content\\\/uploads\\\/2022\\\/06\\\/mota-jelly-gummies-1.jpeg\",\"contentUrl\":\"https:\\\/\\\/stgbc.bcweededible.net\\\/wp-content\\\/uploads\\\/2022\\\/06\\\/mota-jelly-gummies-1.jpeg\",\"width\":1024,\"height\":1024,\"caption\":\"mota gummies jelly\"},{\"@type\":\"BreadcrumbList\",\"@id\":\"https:\\\/\\\/stgbc.bcweededible.net\\\/fr\\\/buy\\\/marques\\\/mota-gummies-fr\\\/mota-mango-jelly-thc-sativa-ou-indica\\\/#breadcrumb\",\"itemListElement\":[{\"@type\":\"ListItem\",\"position\":1,\"name\":\"Jujubes au Pot Canada\",\"item\":\"https:\\\/\\\/stgbc.bcweededible.net\\\/fr\\\/shop\\\/\"},{\"@type\":\"ListItem\",\"position\":2,\"name\":\"Mota Mango Jelly THC (Sativa ou Indica)\"}]},{\"@type\":\"WebSite\",\"@id\":\"https:\\\/\\\/stgbc.bcweededible.net\\\/fr\\\/#website\",\"url\":\"https:\\\/\\\/stgbc.bcweededible.net\\\/fr\\\/\",\"name\":\"BC Weed Edible\",\"description\":\"\",\"publisher\":{\"@id\":\"https:\\\/\\\/stgbc.bcweededible.net\\\/fr\\\/#organization\"},\"potentialAction\":[{\"@type\":\"SearchAction\",\"target\":{\"@type\":\"EntryPoint\",\"urlTemplate\":\"https:\\\/\\\/stgbc.bcweededible.net\\\/fr\\\/?s={search_term_string}\"},\"query-input\":{\"@type\":\"PropertyValueSpecification\",\"valueRequired\":true,\"valueName\":\"search_term_string\"}}],\"inLanguage\":\"fr-FR\"},{\"@type\":\"Organization\",\"@id\":\"https:\\\/\\\/stgbc.bcweededible.net\\\/fr\\\/#organization\",\"name\":\"BC Weed Edible\",\"url\":\"https:\\\/\\\/stgbc.bcweededible.net\\\/fr\\\/\",\"logo\":{\"@type\":\"ImageObject\",\"inLanguage\":\"fr-FR\",\"@id\":\"https:\\\/\\\/stgbc.bcweededible.net\\\/fr\\\/#\\\/schema\\\/logo\\\/image\\\/\",\"url\":\"https:\\\/\\\/stgbc.bcweededible.net\\\/wp-content\\\/uploads\\\/2021\\\/12\\\/bc-weed-edible-canada.png\",\"contentUrl\":\"https:\\\/\\\/stgbc.bcweededible.net\\\/wp-content\\\/uploads\\\/2021\\\/12\\\/bc-weed-edible-canada.png\",\"width\":270,\"height\":185,\"caption\":\"BC Weed Edible\"},\"image\":{\"@id\":\"https:\\\/\\\/stgbc.bcweededible.net\\\/fr\\\/#\\\/schema\\\/logo\\\/image\\\/\"}}]}<\/script>\n","yoast_head_json":{"title":"Acheter la Mota Mango Jelly THC (Sativa ou Indica) en ligne Canada | BC Weed Edible","robots":{"index":"index","follow":"follow","max-snippet":"max-snippet:-1","max-image-preview":"max-image-preview:large","max-video-preview":"max-video-preview:-1"},"canonical":"https:\/\/stgbc.bcweededible.net\/fr\/buy\/marques\/mota-gummies-fr\/mota-mango-jelly-thc-sativa-ou-indica\/","og_locale":"fr_FR","og_type":"article","og_title":"Acheter la Mota Mango Jelly THC (Sativa ou Indica) en ligne Canada | BC Weed Edible","og_description":"120mg THC Fabriqu\u00e9es de A \u00e0 Z, ces gel\u00e9es sont infus\u00e9es avec 120 mg de THC et sont disponibles en Sativa et Indica. Chaque paquet contient une gel\u00e9e divis\u00e9e en 8 carr\u00e9s, pour un total de 15 mg par carr\u00e9. Destin\u00e9 aux patients \u00e0 haute tol\u00e9rance, mais \u00e9galement aux utilisateurs \u00e0 faible tol\u00e9rance lorsqu'il est divis\u00e9 en plus petites doses. Un bon moyen pour les patients de trouver le dosage qui leur convient le mieux. Chaque commande comprend une gel\u00e9e.","og_url":"https:\/\/stgbc.bcweededible.net\/fr\/buy\/marques\/mota-gummies-fr\/mota-mango-jelly-thc-sativa-ou-indica\/","og_site_name":"BC Weed Edible","article_modified_time":"2025-10-12T18:16:40+00:00","og_image":[{"width":1024,"height":1024,"url":"https:\/\/stgbc.bcweededible.net\/wp-content\/uploads\/2022\/06\/mota-jelly-gummies-1.jpeg","type":"image\/jpeg"}],"twitter_card":"summary_large_image","schema":{"@context":"https:\/\/schema.org","@graph":[{"@type":"WebPage","@id":"https:\/\/stgbc.bcweededible.net\/fr\/buy\/marques\/mota-gummies-fr\/mota-mango-jelly-thc-sativa-ou-indica\/","url":"https:\/\/stgbc.bcweededible.net\/fr\/buy\/marques\/mota-gummies-fr\/mota-mango-jelly-thc-sativa-ou-indica\/","name":"Acheter la Mota Mango Jelly THC (Sativa ou Indica) en ligne Canada | BC Weed Edible","isPartOf":{"@id":"https:\/\/stgbc.bcweededible.net\/fr\/#website"},"primaryImageOfPage":{"@id":"https:\/\/stgbc.bcweededible.net\/fr\/buy\/marques\/mota-gummies-fr\/mota-mango-jelly-thc-sativa-ou-indica\/#primaryimage"},"image":{"@id":"https:\/\/stgbc.bcweededible.net\/fr\/buy\/marques\/mota-gummies-fr\/mota-mango-jelly-thc-sativa-ou-indica\/#primaryimage"},"thumbnailUrl":"https:\/\/stgbc.bcweededible.net\/wp-content\/uploads\/2022\/06\/mota-jelly-gummies-1.jpeg","datePublished":"2024-04-17T17:49:35+00:00","dateModified":"2025-10-12T18:16:40+00:00","breadcrumb":{"@id":"https:\/\/stgbc.bcweededible.net\/fr\/buy\/marques\/mota-gummies-fr\/mota-mango-jelly-thc-sativa-ou-indica\/#breadcrumb"},"inLanguage":"fr-FR","potentialAction":[{"@type":"ReadAction","target":["https:\/\/stgbc.bcweededible.net\/fr\/buy\/marques\/mota-gummies-fr\/mota-mango-jelly-thc-sativa-ou-indica\/"]}]},{"@type":"ImageObject","inLanguage":"fr-FR","@id":"https:\/\/stgbc.bcweededible.net\/fr\/buy\/marques\/mota-gummies-fr\/mota-mango-jelly-thc-sativa-ou-indica\/#primaryimage","url":"https:\/\/stgbc.bcweededible.net\/wp-content\/uploads\/2022\/06\/mota-jelly-gummies-1.jpeg","contentUrl":"https:\/\/stgbc.bcweededible.net\/wp-content\/uploads\/2022\/06\/mota-jelly-gummies-1.jpeg","width":1024,"height":1024,"caption":"mota gummies jelly"},{"@type":"BreadcrumbList","@id":"https:\/\/stgbc.bcweededible.net\/fr\/buy\/marques\/mota-gummies-fr\/mota-mango-jelly-thc-sativa-ou-indica\/#breadcrumb","itemListElement":[{"@type":"ListItem","position":1,"name":"Jujubes au Pot Canada","item":"https:\/\/stgbc.bcweededible.net\/fr\/shop\/"},{"@type":"ListItem","position":2,"name":"Mota Mango Jelly THC (Sativa ou Indica)"}]},{"@type":"WebSite","@id":"https:\/\/stgbc.bcweededible.net\/fr\/#website","url":"https:\/\/stgbc.bcweededible.net\/fr\/","name":"BC Weed Edible","description":"","publisher":{"@id":"https:\/\/stgbc.bcweededible.net\/fr\/#organization"},"potentialAction":[{"@type":"SearchAction","target":{"@type":"EntryPoint","urlTemplate":"https:\/\/stgbc.bcweededible.net\/fr\/?s={search_term_string}"},"query-input":{"@type":"PropertyValueSpecification","valueRequired":true,"valueName":"search_term_string"}}],"inLanguage":"fr-FR"},{"@type":"Organization","@id":"https:\/\/stgbc.bcweededible.net\/fr\/#organization","name":"BC Weed Edible","url":"https:\/\/stgbc.bcweededible.net\/fr\/","logo":{"@type":"ImageObject","inLanguage":"fr-FR","@id":"https:\/\/stgbc.bcweededible.net\/fr\/#\/schema\/logo\/image\/","url":"https:\/\/stgbc.bcweededible.net\/wp-content\/uploads\/2021\/12\/bc-weed-edible-canada.png","contentUrl":"https:\/\/stgbc.bcweededible.net\/wp-content\/uploads\/2021\/12\/bc-weed-edible-canada.png","width":270,"height":185,"caption":"BC Weed Edible"},"image":{"@id":"https:\/\/stgbc.bcweededible.net\/fr\/#\/schema\/logo\/image\/"}}]}},"_links":{"self":[{"href":"https:\/\/stgbc.bcweededible.net\/fr\/wp-json\/wp\/v2\/product\/72703","targetHints":{"allow":["GET"]}}],"collection":[{"href":"https:\/\/stgbc.bcweededible.net\/fr\/wp-json\/wp\/v2\/product"}],"about":[{"href":"https:\/\/stgbc.bcweededible.net\/fr\/wp-json\/wp\/v2\/types\/product"}],"replies":[{"embeddable":true,"href":"https:\/\/stgbc.bcweededible.net\/fr\/wp-json\/wp\/v2\/comments?post=72703"}],"wp:featuredmedia":[{"embeddable":true,"href":"https:\/\/stgbc.bcweededible.net\/fr\/wp-json\/wp\/v2\/media\/16261"}],"wp:attachment":[{"href":"https:\/\/stgbc.bcweededible.net\/fr\/wp-json\/wp\/v2\/media?parent=72703"}],"wp:term":[{"taxonomy":"product_brand","embeddable":true,"href":"https:\/\/stgbc.bcweededible.net\/fr\/wp-json\/wp\/v2\/product_brand?post=72703"},{"taxonomy":"product_cat","embeddable":true,"href":"https:\/\/stgbc.bcweededible.net\/fr\/wp-json\/wp\/v2\/product_cat?post=72703"},{"taxonomy":"product_tag","embeddable":true,"href":"https:\/\/stgbc.bcweededible.net\/fr\/wp-json\/wp\/v2\/product_tag?post=72703"}],"curies":[{"name":"wp","href":"https:\/\/api.w.org\/{rel}","templated":true}]}}