{"id":69887,"date":"2024-03-12T17:06:16","date_gmt":"2024-03-13T00:26:48","guid":{"rendered":"https:\/\/bcweededible.net\/buy\/non%20class\u00e9\/moonrock-infused-pre-rolls\/"},"modified":"2024-11-14T09:17:51","modified_gmt":"2024-11-14T17:17:51","slug":"pre-roules-infuses-au-moonrock","status":"publish","type":"product","link":"https:\/\/stgbc.bcweededible.net\/fr\/buy\/concentres\/kief-fr\/pre-roules-infuses-au-moonrock\/","title":{"rendered":"Pr\u00e9-roul\u00e9s Infus\u00e9s au Moonrock"},"content":{"rendered":"","protected":false},"excerpt":{"rendered":"<p>Offrez-vous l&#8217;opulence du <strong>preroll infus\u00e9 Moonrock de SpaceXotics<\/strong>. Ce preroll contient <strong>1,2 g de fleurs de premi\u00e8re qualit\u00e9<\/strong>, m\u00e9ticuleusement<strong> infus\u00e9es avec <\/strong>un<strong><a href=\"https:\/\/stgbc.bcweededible.net\/shop\/concentrates\/distillate\/\">distillat de THC<\/a> de premi\u00e8re qualit\u00e9 et enrichies de <a href=\"https:\/\/stgbc.bcweededible.net\/shop\/concentrates\/kief\/\">kief<\/a><\/strong>. Abandonnez-vous \u00e0 la douceur succulente de saveurs savamment m\u00e9lang\u00e9es, qui vous invitent \u00e0 un voyage sensoriel sans pareil. Plongez dans le royaume du raffinement avec le Moonrock Preroll de SpaceXotics, o\u00f9 la sophistication rencontre l&#8217;indulgence.<\/p>\n","protected":false},"featured_media":69878,"comment_status":"open","ping_status":"closed","template":"","meta":[],"product_brand":[],"product_cat":[245,293,294,534,548,391,295],"product_tag":[],"class_list":{"0":"post-69887","1":"product","2":"type-product","3":"status-publish","4":"has-post-thumbnail","6":"product_cat-fleurs-cannabis","7":"product_cat-hybrid-fr","8":"product_cat-indica-fr","9":"product_cat-kief-fr","10":"product_cat-moonrocks-fr","11":"product_cat-preroules","12":"product_cat-sativa-fr","14":"first","15":"outofstock","16":"shipping-taxable","17":"purchasable","18":"product-type-variable","19":"has-default-attributes"},"yoast_head":"\n<title>Acheter Pr\u00e9-roul\u00e9s Infus\u00e9s au Moonrock Canada | BC Weed Edible<\/title>\n<meta name=\"robots\" content=\"index, follow, max-snippet:-1, max-image-preview:large, max-video-preview:-1\" \/>\n<link rel=\"canonical\" href=\"https:\/\/stgbc.bcweededible.net\/fr\/buy\/concentres\/kief-fr\/pre-roules-infuses-au-moonrock\/\" \/>\n<meta property=\"og:locale\" content=\"fr_FR\" \/>\n<meta property=\"og:type\" content=\"article\" \/>\n<meta property=\"og:title\" content=\"Acheter Pr\u00e9-roul\u00e9s Infus\u00e9s au Moonrock Canada | BC Weed Edible\" \/>\n<meta property=\"og:description\" content=\"Offrez-vous l&#039;opulence du preroll infus\u00e9 Moonrock de SpaceXotics. Ce preroll contient 1,2 g de fleurs de premi\u00e8re qualit\u00e9, m\u00e9ticuleusement infus\u00e9es avec un distillat de THC de premi\u00e8re qualit\u00e9 et enrichies de kief . Abandonnez-vous \u00e0 la douceur succulente de saveurs savamment m\u00e9lang\u00e9es, qui vous invitent \u00e0 un voyage sensoriel sans pareil. Plongez dans le royaume du raffinement avec le Moonrock Preroll de SpaceXotics, o\u00f9 la sophistication rencontre l&#039;indulgence.\" \/>\n<meta property=\"og:url\" content=\"https:\/\/stgbc.bcweededible.net\/fr\/buy\/concentres\/kief-fr\/pre-roules-infuses-au-moonrock\/\" \/>\n<meta property=\"og:site_name\" content=\"BC Weed Edible\" \/>\n<meta property=\"article:modified_time\" content=\"2024-11-14T17:17:51+00:00\" \/>\n<meta property=\"og:image\" content=\"https:\/\/stgbc.bcweededible.net\/wp-content\/uploads\/2024\/03\/moonrock-infused-pre-roll-strawberry.webp\" \/>\n\t<meta property=\"og:image:width\" content=\"1000\" \/>\n\t<meta property=\"og:image:height\" content=\"1000\" \/>\n\t<meta property=\"og:image:type\" content=\"image\/webp\" \/>\n<meta name=\"twitter:card\" content=\"summary_large_image\" \/>\n<script type=\"application\/ld+json\" class=\"yoast-schema-graph\">{\"@context\":\"https:\\\/\\\/schema.org\",\"@graph\":[{\"@type\":\"WebPage\",\"@id\":\"https:\\\/\\\/stgbc.bcweededible.net\\\/fr\\\/buy\\\/concentres\\\/kief-fr\\\/pre-roules-infuses-au-moonrock\\\/\",\"url\":\"https:\\\/\\\/stgbc.bcweededible.net\\\/fr\\\/buy\\\/concentres\\\/kief-fr\\\/pre-roules-infuses-au-moonrock\\\/\",\"name\":\"Acheter Pr\u00e9-roul\u00e9s Infus\u00e9s au Moonrock Canada | BC Weed Edible\",\"isPartOf\":{\"@id\":\"https:\\\/\\\/stgbc.bcweededible.net\\\/fr\\\/#website\"},\"primaryImageOfPage\":{\"@id\":\"https:\\\/\\\/stgbc.bcweededible.net\\\/fr\\\/buy\\\/concentres\\\/kief-fr\\\/pre-roules-infuses-au-moonrock\\\/#primaryimage\"},\"image\":{\"@id\":\"https:\\\/\\\/stgbc.bcweededible.net\\\/fr\\\/buy\\\/concentres\\\/kief-fr\\\/pre-roules-infuses-au-moonrock\\\/#primaryimage\"},\"thumbnailUrl\":\"https:\\\/\\\/stgbc.bcweededible.net\\\/wp-content\\\/uploads\\\/2024\\\/03\\\/moonrock-infused-pre-roll-strawberry.webp\",\"datePublished\":\"2024-03-13T00:26:48+00:00\",\"dateModified\":\"2024-11-14T17:17:51+00:00\",\"breadcrumb\":{\"@id\":\"https:\\\/\\\/stgbc.bcweededible.net\\\/fr\\\/buy\\\/concentres\\\/kief-fr\\\/pre-roules-infuses-au-moonrock\\\/#breadcrumb\"},\"inLanguage\":\"fr-FR\",\"potentialAction\":[{\"@type\":\"ReadAction\",\"target\":[\"https:\\\/\\\/stgbc.bcweededible.net\\\/fr\\\/buy\\\/concentres\\\/kief-fr\\\/pre-roules-infuses-au-moonrock\\\/\"]}]},{\"@type\":\"ImageObject\",\"inLanguage\":\"fr-FR\",\"@id\":\"https:\\\/\\\/stgbc.bcweededible.net\\\/fr\\\/buy\\\/concentres\\\/kief-fr\\\/pre-roules-infuses-au-moonrock\\\/#primaryimage\",\"url\":\"https:\\\/\\\/stgbc.bcweededible.net\\\/wp-content\\\/uploads\\\/2024\\\/03\\\/moonrock-infused-pre-roll-strawberry.webp\",\"contentUrl\":\"https:\\\/\\\/stgbc.bcweededible.net\\\/wp-content\\\/uploads\\\/2024\\\/03\\\/moonrock-infused-pre-roll-strawberry.webp\",\"width\":1000,\"height\":1000},{\"@type\":\"BreadcrumbList\",\"@id\":\"https:\\\/\\\/stgbc.bcweededible.net\\\/fr\\\/buy\\\/concentres\\\/kief-fr\\\/pre-roules-infuses-au-moonrock\\\/#breadcrumb\",\"itemListElement\":[{\"@type\":\"ListItem\",\"position\":1,\"name\":\"Jujubes au Pot Canada\",\"item\":\"https:\\\/\\\/stgbc.bcweededible.net\\\/fr\\\/shop\\\/\"},{\"@type\":\"ListItem\",\"position\":2,\"name\":\"Pr\u00e9-roul\u00e9s Infus\u00e9s au Moonrock\"}]},{\"@type\":\"WebSite\",\"@id\":\"https:\\\/\\\/stgbc.bcweededible.net\\\/fr\\\/#website\",\"url\":\"https:\\\/\\\/stgbc.bcweededible.net\\\/fr\\\/\",\"name\":\"BC Weed Edible\",\"description\":\"\",\"publisher\":{\"@id\":\"https:\\\/\\\/stgbc.bcweededible.net\\\/fr\\\/#organization\"},\"potentialAction\":[{\"@type\":\"SearchAction\",\"target\":{\"@type\":\"EntryPoint\",\"urlTemplate\":\"https:\\\/\\\/stgbc.bcweededible.net\\\/fr\\\/?s={search_term_string}\"},\"query-input\":{\"@type\":\"PropertyValueSpecification\",\"valueRequired\":true,\"valueName\":\"search_term_string\"}}],\"inLanguage\":\"fr-FR\"},{\"@type\":\"Organization\",\"@id\":\"https:\\\/\\\/stgbc.bcweededible.net\\\/fr\\\/#organization\",\"name\":\"BC Weed Edible\",\"url\":\"https:\\\/\\\/stgbc.bcweededible.net\\\/fr\\\/\",\"logo\":{\"@type\":\"ImageObject\",\"inLanguage\":\"fr-FR\",\"@id\":\"https:\\\/\\\/stgbc.bcweededible.net\\\/fr\\\/#\\\/schema\\\/logo\\\/image\\\/\",\"url\":\"https:\\\/\\\/stgbc.bcweededible.net\\\/wp-content\\\/uploads\\\/2021\\\/12\\\/bc-weed-edible-canada.png\",\"contentUrl\":\"https:\\\/\\\/stgbc.bcweededible.net\\\/wp-content\\\/uploads\\\/2021\\\/12\\\/bc-weed-edible-canada.png\",\"width\":270,\"height\":185,\"caption\":\"BC Weed Edible\"},\"image\":{\"@id\":\"https:\\\/\\\/stgbc.bcweededible.net\\\/fr\\\/#\\\/schema\\\/logo\\\/image\\\/\"}}]}<\/script>\n","yoast_head_json":{"title":"Acheter Pr\u00e9-roul\u00e9s Infus\u00e9s au Moonrock Canada | BC Weed Edible","robots":{"index":"index","follow":"follow","max-snippet":"max-snippet:-1","max-image-preview":"max-image-preview:large","max-video-preview":"max-video-preview:-1"},"canonical":"https:\/\/stgbc.bcweededible.net\/fr\/buy\/concentres\/kief-fr\/pre-roules-infuses-au-moonrock\/","og_locale":"fr_FR","og_type":"article","og_title":"Acheter Pr\u00e9-roul\u00e9s Infus\u00e9s au Moonrock Canada | BC Weed Edible","og_description":"Offrez-vous l'opulence du preroll infus\u00e9 Moonrock de SpaceXotics. Ce preroll contient 1,2 g de fleurs de premi\u00e8re qualit\u00e9, m\u00e9ticuleusement infus\u00e9es avec un distillat de THC de premi\u00e8re qualit\u00e9 et enrichies de kief . Abandonnez-vous \u00e0 la douceur succulente de saveurs savamment m\u00e9lang\u00e9es, qui vous invitent \u00e0 un voyage sensoriel sans pareil. Plongez dans le royaume du raffinement avec le Moonrock Preroll de SpaceXotics, o\u00f9 la sophistication rencontre l'indulgence.","og_url":"https:\/\/stgbc.bcweededible.net\/fr\/buy\/concentres\/kief-fr\/pre-roules-infuses-au-moonrock\/","og_site_name":"BC Weed Edible","article_modified_time":"2024-11-14T17:17:51+00:00","og_image":[{"width":1000,"height":1000,"url":"https:\/\/stgbc.bcweededible.net\/wp-content\/uploads\/2024\/03\/moonrock-infused-pre-roll-strawberry.webp","type":"image\/webp"}],"twitter_card":"summary_large_image","schema":{"@context":"https:\/\/schema.org","@graph":[{"@type":"WebPage","@id":"https:\/\/stgbc.bcweededible.net\/fr\/buy\/concentres\/kief-fr\/pre-roules-infuses-au-moonrock\/","url":"https:\/\/stgbc.bcweededible.net\/fr\/buy\/concentres\/kief-fr\/pre-roules-infuses-au-moonrock\/","name":"Acheter Pr\u00e9-roul\u00e9s Infus\u00e9s au Moonrock Canada | BC Weed Edible","isPartOf":{"@id":"https:\/\/stgbc.bcweededible.net\/fr\/#website"},"primaryImageOfPage":{"@id":"https:\/\/stgbc.bcweededible.net\/fr\/buy\/concentres\/kief-fr\/pre-roules-infuses-au-moonrock\/#primaryimage"},"image":{"@id":"https:\/\/stgbc.bcweededible.net\/fr\/buy\/concentres\/kief-fr\/pre-roules-infuses-au-moonrock\/#primaryimage"},"thumbnailUrl":"https:\/\/stgbc.bcweededible.net\/wp-content\/uploads\/2024\/03\/moonrock-infused-pre-roll-strawberry.webp","datePublished":"2024-03-13T00:26:48+00:00","dateModified":"2024-11-14T17:17:51+00:00","breadcrumb":{"@id":"https:\/\/stgbc.bcweededible.net\/fr\/buy\/concentres\/kief-fr\/pre-roules-infuses-au-moonrock\/#breadcrumb"},"inLanguage":"fr-FR","potentialAction":[{"@type":"ReadAction","target":["https:\/\/stgbc.bcweededible.net\/fr\/buy\/concentres\/kief-fr\/pre-roules-infuses-au-moonrock\/"]}]},{"@type":"ImageObject","inLanguage":"fr-FR","@id":"https:\/\/stgbc.bcweededible.net\/fr\/buy\/concentres\/kief-fr\/pre-roules-infuses-au-moonrock\/#primaryimage","url":"https:\/\/stgbc.bcweededible.net\/wp-content\/uploads\/2024\/03\/moonrock-infused-pre-roll-strawberry.webp","contentUrl":"https:\/\/stgbc.bcweededible.net\/wp-content\/uploads\/2024\/03\/moonrock-infused-pre-roll-strawberry.webp","width":1000,"height":1000},{"@type":"BreadcrumbList","@id":"https:\/\/stgbc.bcweededible.net\/fr\/buy\/concentres\/kief-fr\/pre-roules-infuses-au-moonrock\/#breadcrumb","itemListElement":[{"@type":"ListItem","position":1,"name":"Jujubes au Pot Canada","item":"https:\/\/stgbc.bcweededible.net\/fr\/shop\/"},{"@type":"ListItem","position":2,"name":"Pr\u00e9-roul\u00e9s Infus\u00e9s au Moonrock"}]},{"@type":"WebSite","@id":"https:\/\/stgbc.bcweededible.net\/fr\/#website","url":"https:\/\/stgbc.bcweededible.net\/fr\/","name":"BC Weed Edible","description":"","publisher":{"@id":"https:\/\/stgbc.bcweededible.net\/fr\/#organization"},"potentialAction":[{"@type":"SearchAction","target":{"@type":"EntryPoint","urlTemplate":"https:\/\/stgbc.bcweededible.net\/fr\/?s={search_term_string}"},"query-input":{"@type":"PropertyValueSpecification","valueRequired":true,"valueName":"search_term_string"}}],"inLanguage":"fr-FR"},{"@type":"Organization","@id":"https:\/\/stgbc.bcweededible.net\/fr\/#organization","name":"BC Weed Edible","url":"https:\/\/stgbc.bcweededible.net\/fr\/","logo":{"@type":"ImageObject","inLanguage":"fr-FR","@id":"https:\/\/stgbc.bcweededible.net\/fr\/#\/schema\/logo\/image\/","url":"https:\/\/stgbc.bcweededible.net\/wp-content\/uploads\/2021\/12\/bc-weed-edible-canada.png","contentUrl":"https:\/\/stgbc.bcweededible.net\/wp-content\/uploads\/2021\/12\/bc-weed-edible-canada.png","width":270,"height":185,"caption":"BC Weed Edible"},"image":{"@id":"https:\/\/stgbc.bcweededible.net\/fr\/#\/schema\/logo\/image\/"}}]}},"_links":{"self":[{"href":"https:\/\/stgbc.bcweededible.net\/fr\/wp-json\/wp\/v2\/product\/69887","targetHints":{"allow":["GET"]}}],"collection":[{"href":"https:\/\/stgbc.bcweededible.net\/fr\/wp-json\/wp\/v2\/product"}],"about":[{"href":"https:\/\/stgbc.bcweededible.net\/fr\/wp-json\/wp\/v2\/types\/product"}],"replies":[{"embeddable":true,"href":"https:\/\/stgbc.bcweededible.net\/fr\/wp-json\/wp\/v2\/comments?post=69887"}],"wp:featuredmedia":[{"embeddable":true,"href":"https:\/\/stgbc.bcweededible.net\/fr\/wp-json\/wp\/v2\/media\/69878"}],"wp:attachment":[{"href":"https:\/\/stgbc.bcweededible.net\/fr\/wp-json\/wp\/v2\/media?parent=69887"}],"wp:term":[{"taxonomy":"product_brand","embeddable":true,"href":"https:\/\/stgbc.bcweededible.net\/fr\/wp-json\/wp\/v2\/product_brand?post=69887"},{"taxonomy":"product_cat","embeddable":true,"href":"https:\/\/stgbc.bcweededible.net\/fr\/wp-json\/wp\/v2\/product_cat?post=69887"},{"taxonomy":"product_tag","embeddable":true,"href":"https:\/\/stgbc.bcweededible.net\/fr\/wp-json\/wp\/v2\/product_tag?post=69887"}],"curies":[{"name":"wp","href":"https:\/\/api.w.org\/{rel}","templated":true}]}}