{"id":69322,"date":"2022-12-02T16:05:01","date_gmt":"2024-03-07T00:57:38","guid":{"rendered":"https:\/\/bcweededible.net\/buy\/non%20class\u00e9\/shake-de-pot-aaaa-29oz\/"},"modified":"2025-11-18T21:42:39","modified_gmt":"2025-11-19T05:42:39","slug":"shake-de-pot-aaaa-29oz","status":"publish","type":"product","link":"https:\/\/stgbc.bcweededible.net\/fr\/buy\/fleurs-cannabis\/99-oz-fr\/shake-de-pot-aaaa-29oz\/","title":{"rendered":"Shake de pot AAAA (29oz)"},"content":{"rendered":"<h2>Acheter AAAA Weed Shake au Canada<\/h2>\n<p>AAAA Weed Shake est un <strong>produit de cannabis de haute qualit\u00e9 et de grande puissance<\/strong> disponible au Canada. Il est fabriqu\u00e9 \u00e0 partir de fleurs de cannabis de qualit\u00e9 AAAA qui ont \u00e9t\u00e9 fragment\u00e9es en petits morceaux. Ce shake peut \u00eatre fum\u00e9, vaporis\u00e9, transform\u00e9 en edibles ou brass\u00e9 pour une exp\u00e9rience unique et agr\u00e9able. Si vous cherchez \u00e0<strong> acheter du Weed Shake AAAA<\/strong>, BC Weed Edible propose ce produit. Vous pouvez \u00e9galement le trouver dans de nombreux dispensaires locaux.<\/p>\n<h2>Qu&#8217;est-ce que l&#8217;agitation du pot AAAA ?<\/h2>\n<p>AAAA Weed Shake est un m\u00e9lange de<strong> vari\u00e9t\u00e9s de cannabis Indica de haute qualit\u00e9<\/strong>qui ont \u00e9t\u00e9 broy\u00e9es en petits morceaux. Comme son nom l&#8217;indique, il s&#8217;agit d&#8217;un m\u00e9lange de &#8220;shake&#8221;, qui d\u00e9signe les petits morceaux de feuilles, de tiges et de buds qui tombent g\u00e9n\u00e9ralement lors de la taille. Malgr\u00e9 son nom et son apparence, AAAA Weed Shake contient du cannabis de qualit\u00e9 sup\u00e9rieure qui a \u00e9t\u00e9 soigneusement s\u00e9lectionn\u00e9 et trait\u00e9 par des cultivateurs professionnels. Il est \u00e9galement parfait pour ceux qui pr\u00e9f\u00e8rent <strong>rouler leurs articulations ou emballer leurs bols<\/strong>, car il offre un moyen facile et pratique de le faire.<\/p>\n<p>Dans l&#8217;ensemble, AAAA Weed Shake est un produit de haute qualit\u00e9 qui offre un <strong>moyen abordable et pratique de profiter d&#8217;un cannabis de qualit\u00e9 sup\u00e9rieure<\/strong>. Que vous soyez un consommateur de cannabis exp\u00e9riment\u00e9 ou d\u00e9butant, ce produit vous procurera \u00e0 coup s\u00fbr une exp\u00e9rience satisfaisante et agr\u00e9able.<\/p>\n<h2>Comment consommer AAAA Weed Shake ?<\/h2>\n<p>Il existe plusieurs fa\u00e7ons de consommer AAAA Weed Shake, et les m\u00e9thodes les plus courantes sont les suivantes :<\/p>\n<ul>\n<li><strong>Fumer :<\/strong> L&#8217;une des fa\u00e7ons les plus populaires de consommer le AAAA Weed Shake est de le fumer dans un joint ou une pipe. Il est important de noter que le shake br\u00fble plus rapidement que les buds ordinaires, il est donc recommand\u00e9 de bien tasser votre bol ou de rouler votre joint pour ne pas gaspiller de produit.<\/li>\n<li><strong>Vaporisation :<\/strong> Une autre option consiste \u00e0 vaporiser AAAA Weed Shake \u00e0 l&#8217;aide d&#8217;un vaporisateur d&#8217;herbe s\u00e8che. Cette m\u00e9thode est id\u00e9ale pour ceux qui pr\u00e9f\u00e8rent inhaler du cannabis sans les risques potentiels pour la sant\u00e9 associ\u00e9s au tabagisme.<\/li>\n<li><strong>Produits comestibles :<\/strong> AAAA Weed Shake peut \u00e9galement \u00eatre utilis\u00e9 pour pr\u00e9parer des edibles tels que des brownies, des cookies ou du beurre infus\u00e9. Gardez \u00e0 l&#8217;esprit que la puissance des edibles peut varier, il est donc essentiel de commencer par une faible dose et d&#8217;attendre que les effets se fassent sentir avant d&#8217;en consommer davantage.<\/li>\n<li><strong>Teintures :<\/strong> AAAA Weed Shake peut \u00eatre utilis\u00e9 pour fabriquer des teintures de cannabis en le faisant tremper dans de l&#8217;alcool \u00e0 haute teneur en alcool pendant quelques semaines. Cette m\u00e9thode offre un moyen discret et sans fum\u00e9e de consommer du cannabis, mais il est important de se rappeler que les teintures peuvent \u00eatre tr\u00e8s puissantes, et qu&#8217;il est donc crucial de commencer par un faible dosage.<\/li>\n<li><strong>Produits topiques :<\/strong> Enfin, AAAA Weed Shake peut \u00eatre utilis\u00e9 pour fabriquer des topiques \u00e0 base de cannabis, qui sont des cr\u00e8mes, des lotions ou des baumes infus\u00e9s avec des cannabino\u00efdes. Ces produits sont appliqu\u00e9s directement sur la peau et peuvent aider \u00e0 soulager la douleur, l&#8217;inflammation et d&#8217;autres affections cutan\u00e9es.<\/li>\n<\/ul>\n<p>Dans l&#8217;ensemble, il existe de nombreuses fa\u00e7ons de consommer AAAA Weed Shake, et la meilleure m\u00e9thode d\u00e9pend des pr\u00e9f\u00e9rences et des objectifs de chacun. Il est important d&#8217;aborder la consommation de cannabis avec prudence et respect, quelle que soit la m\u00e9thode choisie.<\/p>\n<h2>Comment conserver le pot de d\u00e9sherbage ?<\/h2>\n<p>Il est important de conserver correctement le potage pour en pr\u00e9server la qualit\u00e9 et l&#8217;efficacit\u00e9. Voici quelques conseils pour conserver efficacement le pot de d\u00e9sherbage :<\/p>\n<ul>\n<li><strong>Utilisez des r\u00e9cipients herm\u00e9tiques :<\/strong> Transf\u00e9rez l&#8217;agitation de pot dans un r\u00e9cipient herm\u00e9tique tel qu&#8217;un bocal en verre ou un r\u00e9cipient en plastique muni d&#8217;un couvercle herm\u00e9tique. Cela permet d&#8217;\u00e9viter que l&#8217;humidit\u00e9, l&#8217;air et les odeurs n&#8217;affectent le shake.<\/li>\n<li><strong>Conserver dans un endroit frais et sombre :<\/strong> Conserver le r\u00e9cipient dans un endroit frais et sombre, \u00e0 l&#8217;abri de la lumi\u00e8re directe du soleil ou de sources de chaleur. La chaleur et la lumi\u00e8re excessives peuvent d\u00e9grader les cannabino\u00efdes et les terp\u00e8nes pr\u00e9sents dans le shake.<\/li>\n<li><strong>\u00c9vitez les manipulations excessives :<\/strong> Essayez de minimiser le temps d&#8217;exposition \u00e0 l&#8217;air et de manipulation du shake. Cela permet de pr\u00e9server la puissance et de pr\u00e9venir l&#8217;oxydation.<\/li>\n<li><strong>Pensez \u00e0 contr\u00f4ler l&#8217;humidit\u00e9 :<\/strong> Si vous vivez dans une r\u00e9gion o\u00f9 l&#8217;humidit\u00e9 est \u00e9lev\u00e9e, vous pouvez inclure un sachet de contr\u00f4le de l&#8217;humidit\u00e9 (tel qu&#8217;un sachet Boveda) dans le conteneur afin de maintenir un niveau d&#8217;humidit\u00e9 optimal et d&#8217;\u00e9viter la formation de moisissures.<\/li>\n<li><strong>\u00c9tiqueter le r\u00e9cipient :<\/strong> Il est utile d&#8217;\u00e9tiqueter le r\u00e9cipient avec le nom de la vari\u00e9t\u00e9 et la date de conservation. Vous pouvez ainsi v\u00e9rifier la fra\u00eecheur et l&#8217;efficacit\u00e9 du shake au fil du temps.<\/li>\n<\/ul>\n<p>En suivant ces conseils, vous pouvez conserver votre pot de d\u00e9sherbage de mani\u00e8re \u00e0 en pr\u00e9server la qualit\u00e9 pendant une p\u00e9riode plus longue.<\/p>\n<p>&nbsp;<\/p>\n","protected":false},"excerpt":{"rendered":"<p>Si vous \u00eates \u00e0 la recherche d&#8217;une option de cannabis abordable et riche<strong> en trichomes<\/strong>, notre <strong>Weed Shake<\/strong> est un excellent choix ! Notre shake provient des <strong>restes de fleurs de notre <a href=\"https:\/\/stgbc.bcweededible.net\/shop\/cannabis-flowers\/aaaa-grade\/\">AAAA Weed<\/a><\/strong>, vous savez donc que vous obtenez un produit qui est d\u00e9j\u00e0 de grande qualit\u00e9. Si vous avez un peu de patience, vous pouvez facilement s\u00e9parer les trichomes du reste et <strong>faire votre propre hasch ou <a href=\"https:\/\/stgbc.bcweededible.net\/how-to-make-cbd-oil\/\">huile de cannabis<\/a><\/strong> par exemple.<\/p>\n<p>D&#8217;autres entreprises peuvent essayer de vous vendre des feuilles d&#8217;\u00e9ventail en guise de garniture, mais celles-ci sont de moindre qualit\u00e9 et ne sont pas aussi efficaces. Avec notre garniture de qualit\u00e9 AAAA+, vous savez que vous obtenez un produit <strong>parfait pour la cuisson, l&#8217;extraction, le fumage et bien plus encore<\/strong>!<\/p>\n","protected":false},"featured_media":84199,"comment_status":"open","ping_status":"closed","template":"","meta":[],"product_brand":[],"product_cat":[245,293,294,289,292,720],"product_tag":[],"class_list":{"0":"post-69322","1":"product","2":"type-product","3":"status-publish","4":"has-post-thumbnail","6":"product_cat-fleurs-cannabis","7":"product_cat-hybrid-fr","8":"product_cat-indica-fr","9":"product_cat-99-oz-fr","10":"product_cat-ounces-pas-cher","11":"product_cat-trim-shake-fr","13":"first","14":"outofstock","15":"sale","16":"shipping-taxable","17":"purchasable","18":"product-type-variable","19":"has-default-attributes"},"yoast_head":"\n<title>Acheter Shake de pot AAAA (29oz) en Ligne Canada | BC Weed Edible<\/title>\n<meta name=\"robots\" content=\"index, follow, max-snippet:-1, max-image-preview:large, max-video-preview:-1\" \/>\n<link rel=\"canonical\" href=\"https:\/\/stgbc.bcweededible.net\/fr\/buy\/fleurs-cannabis\/99-oz-fr\/shake-de-pot-aaaa-29oz\/\" \/>\n<meta property=\"og:locale\" content=\"fr_FR\" \/>\n<meta property=\"og:type\" content=\"article\" \/>\n<meta property=\"og:title\" content=\"Acheter Shake de pot AAAA (29oz) en Ligne Canada | BC Weed Edible\" \/>\n<meta property=\"og:description\" content=\"Si vous \u00eates \u00e0 la recherche d&#039;une option de cannabis abordable et riche en trichomes, notre Weed Shake est un excellent choix ! Notre shake provient des restes de fleurs de notre AAAA Weed, vous savez donc que vous obtenez un produit qui est d\u00e9j\u00e0 de grande qualit\u00e9. Si vous avez un peu de patience, vous pouvez facilement s\u00e9parer les trichomes du reste et faire votre propre hasch ou huile de cannabis par exemple. D&#039;autres entreprises peuvent essayer de vous vendre des feuilles d&#039;\u00e9ventail en guise de garniture, mais celles-ci sont de moindre qualit\u00e9 et ne sont pas aussi efficaces. Avec notre garniture de qualit\u00e9 AAAA+, vous savez que vous obtenez un produit parfait pour la cuisson, l&#039;extraction, le fumage et bien plus encore!\" \/>\n<meta property=\"og:url\" content=\"https:\/\/stgbc.bcweededible.net\/fr\/buy\/fleurs-cannabis\/99-oz-fr\/shake-de-pot-aaaa-29oz\/\" \/>\n<meta property=\"og:site_name\" content=\"BC Weed Edible\" \/>\n<meta property=\"article:modified_time\" content=\"2025-11-19T05:42:39+00:00\" \/>\n<meta property=\"og:image\" content=\"https:\/\/stgbc.bcweededible.net\/wp-content\/uploads\/2022\/12\/weed-shake.png\" \/>\n\t<meta property=\"og:image:width\" content=\"918\" \/>\n\t<meta property=\"og:image:height\" content=\"920\" \/>\n\t<meta property=\"og:image:type\" content=\"image\/png\" \/>\n<meta name=\"twitter:card\" content=\"summary_large_image\" \/>\n<meta name=\"twitter:label1\" content=\"Dur\u00e9e de lecture estim\u00e9e\" \/>\n\t<meta name=\"twitter:data1\" content=\"4 minutes\" \/>\n<script type=\"application\/ld+json\" class=\"yoast-schema-graph\">{\"@context\":\"https:\\\/\\\/schema.org\",\"@graph\":[{\"@type\":\"WebPage\",\"@id\":\"https:\\\/\\\/stgbc.bcweededible.net\\\/fr\\\/buy\\\/fleurs-cannabis\\\/99-oz-fr\\\/shake-de-pot-aaaa-29oz\\\/\",\"url\":\"https:\\\/\\\/stgbc.bcweededible.net\\\/fr\\\/buy\\\/fleurs-cannabis\\\/99-oz-fr\\\/shake-de-pot-aaaa-29oz\\\/\",\"name\":\"Acheter Shake de pot AAAA (29oz) en Ligne Canada | BC Weed Edible\",\"isPartOf\":{\"@id\":\"https:\\\/\\\/stgbc.bcweededible.net\\\/fr\\\/#website\"},\"primaryImageOfPage\":{\"@id\":\"https:\\\/\\\/stgbc.bcweededible.net\\\/fr\\\/buy\\\/fleurs-cannabis\\\/99-oz-fr\\\/shake-de-pot-aaaa-29oz\\\/#primaryimage\"},\"image\":{\"@id\":\"https:\\\/\\\/stgbc.bcweededible.net\\\/fr\\\/buy\\\/fleurs-cannabis\\\/99-oz-fr\\\/shake-de-pot-aaaa-29oz\\\/#primaryimage\"},\"thumbnailUrl\":\"https:\\\/\\\/stgbc.bcweededible.net\\\/wp-content\\\/uploads\\\/2022\\\/12\\\/weed-shake.png\",\"datePublished\":\"2024-03-07T00:57:38+00:00\",\"dateModified\":\"2025-11-19T05:42:39+00:00\",\"breadcrumb\":{\"@id\":\"https:\\\/\\\/stgbc.bcweededible.net\\\/fr\\\/buy\\\/fleurs-cannabis\\\/99-oz-fr\\\/shake-de-pot-aaaa-29oz\\\/#breadcrumb\"},\"inLanguage\":\"fr-FR\",\"potentialAction\":[{\"@type\":\"ReadAction\",\"target\":[\"https:\\\/\\\/stgbc.bcweededible.net\\\/fr\\\/buy\\\/fleurs-cannabis\\\/99-oz-fr\\\/shake-de-pot-aaaa-29oz\\\/\"]}]},{\"@type\":\"ImageObject\",\"inLanguage\":\"fr-FR\",\"@id\":\"https:\\\/\\\/stgbc.bcweededible.net\\\/fr\\\/buy\\\/fleurs-cannabis\\\/99-oz-fr\\\/shake-de-pot-aaaa-29oz\\\/#primaryimage\",\"url\":\"https:\\\/\\\/stgbc.bcweededible.net\\\/wp-content\\\/uploads\\\/2022\\\/12\\\/weed-shake.png\",\"contentUrl\":\"https:\\\/\\\/stgbc.bcweededible.net\\\/wp-content\\\/uploads\\\/2022\\\/12\\\/weed-shake.png\",\"width\":918,\"height\":920,\"caption\":\"weed shake\"},{\"@type\":\"BreadcrumbList\",\"@id\":\"https:\\\/\\\/stgbc.bcweededible.net\\\/fr\\\/buy\\\/fleurs-cannabis\\\/99-oz-fr\\\/shake-de-pot-aaaa-29oz\\\/#breadcrumb\",\"itemListElement\":[{\"@type\":\"ListItem\",\"position\":1,\"name\":\"Jujubes au Pot Canada\",\"item\":\"https:\\\/\\\/stgbc.bcweededible.net\\\/fr\\\/shop\\\/\"},{\"@type\":\"ListItem\",\"position\":2,\"name\":\"Shake de pot AAAA (29oz)\"}]},{\"@type\":\"WebSite\",\"@id\":\"https:\\\/\\\/stgbc.bcweededible.net\\\/fr\\\/#website\",\"url\":\"https:\\\/\\\/stgbc.bcweededible.net\\\/fr\\\/\",\"name\":\"BC Weed Edible\",\"description\":\"\",\"publisher\":{\"@id\":\"https:\\\/\\\/stgbc.bcweededible.net\\\/fr\\\/#organization\"},\"potentialAction\":[{\"@type\":\"SearchAction\",\"target\":{\"@type\":\"EntryPoint\",\"urlTemplate\":\"https:\\\/\\\/stgbc.bcweededible.net\\\/fr\\\/?s={search_term_string}\"},\"query-input\":{\"@type\":\"PropertyValueSpecification\",\"valueRequired\":true,\"valueName\":\"search_term_string\"}}],\"inLanguage\":\"fr-FR\"},{\"@type\":\"Organization\",\"@id\":\"https:\\\/\\\/stgbc.bcweededible.net\\\/fr\\\/#organization\",\"name\":\"BC Weed Edible\",\"url\":\"https:\\\/\\\/stgbc.bcweededible.net\\\/fr\\\/\",\"logo\":{\"@type\":\"ImageObject\",\"inLanguage\":\"fr-FR\",\"@id\":\"https:\\\/\\\/stgbc.bcweededible.net\\\/fr\\\/#\\\/schema\\\/logo\\\/image\\\/\",\"url\":\"https:\\\/\\\/stgbc.bcweededible.net\\\/wp-content\\\/uploads\\\/2021\\\/12\\\/bc-weed-edible-canada.png\",\"contentUrl\":\"https:\\\/\\\/stgbc.bcweededible.net\\\/wp-content\\\/uploads\\\/2021\\\/12\\\/bc-weed-edible-canada.png\",\"width\":270,\"height\":185,\"caption\":\"BC Weed Edible\"},\"image\":{\"@id\":\"https:\\\/\\\/stgbc.bcweededible.net\\\/fr\\\/#\\\/schema\\\/logo\\\/image\\\/\"}}]}<\/script>\n","yoast_head_json":{"title":"Acheter Shake de pot AAAA (29oz) en Ligne Canada | BC Weed Edible","robots":{"index":"index","follow":"follow","max-snippet":"max-snippet:-1","max-image-preview":"max-image-preview:large","max-video-preview":"max-video-preview:-1"},"canonical":"https:\/\/stgbc.bcweededible.net\/fr\/buy\/fleurs-cannabis\/99-oz-fr\/shake-de-pot-aaaa-29oz\/","og_locale":"fr_FR","og_type":"article","og_title":"Acheter Shake de pot AAAA (29oz) en Ligne Canada | BC Weed Edible","og_description":"Si vous \u00eates \u00e0 la recherche d'une option de cannabis abordable et riche en trichomes, notre Weed Shake est un excellent choix ! Notre shake provient des restes de fleurs de notre AAAA Weed, vous savez donc que vous obtenez un produit qui est d\u00e9j\u00e0 de grande qualit\u00e9. Si vous avez un peu de patience, vous pouvez facilement s\u00e9parer les trichomes du reste et faire votre propre hasch ou huile de cannabis par exemple. D'autres entreprises peuvent essayer de vous vendre des feuilles d'\u00e9ventail en guise de garniture, mais celles-ci sont de moindre qualit\u00e9 et ne sont pas aussi efficaces. Avec notre garniture de qualit\u00e9 AAAA+, vous savez que vous obtenez un produit parfait pour la cuisson, l'extraction, le fumage et bien plus encore!","og_url":"https:\/\/stgbc.bcweededible.net\/fr\/buy\/fleurs-cannabis\/99-oz-fr\/shake-de-pot-aaaa-29oz\/","og_site_name":"BC Weed Edible","article_modified_time":"2025-11-19T05:42:39+00:00","og_image":[{"width":918,"height":920,"url":"https:\/\/stgbc.bcweededible.net\/wp-content\/uploads\/2022\/12\/weed-shake.png","type":"image\/png"}],"twitter_card":"summary_large_image","twitter_misc":{"Dur\u00e9e de lecture estim\u00e9e":"4 minutes"},"schema":{"@context":"https:\/\/schema.org","@graph":[{"@type":"WebPage","@id":"https:\/\/stgbc.bcweededible.net\/fr\/buy\/fleurs-cannabis\/99-oz-fr\/shake-de-pot-aaaa-29oz\/","url":"https:\/\/stgbc.bcweededible.net\/fr\/buy\/fleurs-cannabis\/99-oz-fr\/shake-de-pot-aaaa-29oz\/","name":"Acheter Shake de pot AAAA (29oz) en Ligne Canada | BC Weed Edible","isPartOf":{"@id":"https:\/\/stgbc.bcweededible.net\/fr\/#website"},"primaryImageOfPage":{"@id":"https:\/\/stgbc.bcweededible.net\/fr\/buy\/fleurs-cannabis\/99-oz-fr\/shake-de-pot-aaaa-29oz\/#primaryimage"},"image":{"@id":"https:\/\/stgbc.bcweededible.net\/fr\/buy\/fleurs-cannabis\/99-oz-fr\/shake-de-pot-aaaa-29oz\/#primaryimage"},"thumbnailUrl":"https:\/\/stgbc.bcweededible.net\/wp-content\/uploads\/2022\/12\/weed-shake.png","datePublished":"2024-03-07T00:57:38+00:00","dateModified":"2025-11-19T05:42:39+00:00","breadcrumb":{"@id":"https:\/\/stgbc.bcweededible.net\/fr\/buy\/fleurs-cannabis\/99-oz-fr\/shake-de-pot-aaaa-29oz\/#breadcrumb"},"inLanguage":"fr-FR","potentialAction":[{"@type":"ReadAction","target":["https:\/\/stgbc.bcweededible.net\/fr\/buy\/fleurs-cannabis\/99-oz-fr\/shake-de-pot-aaaa-29oz\/"]}]},{"@type":"ImageObject","inLanguage":"fr-FR","@id":"https:\/\/stgbc.bcweededible.net\/fr\/buy\/fleurs-cannabis\/99-oz-fr\/shake-de-pot-aaaa-29oz\/#primaryimage","url":"https:\/\/stgbc.bcweededible.net\/wp-content\/uploads\/2022\/12\/weed-shake.png","contentUrl":"https:\/\/stgbc.bcweededible.net\/wp-content\/uploads\/2022\/12\/weed-shake.png","width":918,"height":920,"caption":"weed shake"},{"@type":"BreadcrumbList","@id":"https:\/\/stgbc.bcweededible.net\/fr\/buy\/fleurs-cannabis\/99-oz-fr\/shake-de-pot-aaaa-29oz\/#breadcrumb","itemListElement":[{"@type":"ListItem","position":1,"name":"Jujubes au Pot Canada","item":"https:\/\/stgbc.bcweededible.net\/fr\/shop\/"},{"@type":"ListItem","position":2,"name":"Shake de pot AAAA (29oz)"}]},{"@type":"WebSite","@id":"https:\/\/stgbc.bcweededible.net\/fr\/#website","url":"https:\/\/stgbc.bcweededible.net\/fr\/","name":"BC Weed Edible","description":"","publisher":{"@id":"https:\/\/stgbc.bcweededible.net\/fr\/#organization"},"potentialAction":[{"@type":"SearchAction","target":{"@type":"EntryPoint","urlTemplate":"https:\/\/stgbc.bcweededible.net\/fr\/?s={search_term_string}"},"query-input":{"@type":"PropertyValueSpecification","valueRequired":true,"valueName":"search_term_string"}}],"inLanguage":"fr-FR"},{"@type":"Organization","@id":"https:\/\/stgbc.bcweededible.net\/fr\/#organization","name":"BC Weed Edible","url":"https:\/\/stgbc.bcweededible.net\/fr\/","logo":{"@type":"ImageObject","inLanguage":"fr-FR","@id":"https:\/\/stgbc.bcweededible.net\/fr\/#\/schema\/logo\/image\/","url":"https:\/\/stgbc.bcweededible.net\/wp-content\/uploads\/2021\/12\/bc-weed-edible-canada.png","contentUrl":"https:\/\/stgbc.bcweededible.net\/wp-content\/uploads\/2021\/12\/bc-weed-edible-canada.png","width":270,"height":185,"caption":"BC Weed Edible"},"image":{"@id":"https:\/\/stgbc.bcweededible.net\/fr\/#\/schema\/logo\/image\/"}}]}},"_links":{"self":[{"href":"https:\/\/stgbc.bcweededible.net\/fr\/wp-json\/wp\/v2\/product\/69322","targetHints":{"allow":["GET"]}}],"collection":[{"href":"https:\/\/stgbc.bcweededible.net\/fr\/wp-json\/wp\/v2\/product"}],"about":[{"href":"https:\/\/stgbc.bcweededible.net\/fr\/wp-json\/wp\/v2\/types\/product"}],"replies":[{"embeddable":true,"href":"https:\/\/stgbc.bcweededible.net\/fr\/wp-json\/wp\/v2\/comments?post=69322"}],"wp:featuredmedia":[{"embeddable":true,"href":"https:\/\/stgbc.bcweededible.net\/fr\/wp-json\/wp\/v2\/media\/84199"}],"wp:attachment":[{"href":"https:\/\/stgbc.bcweededible.net\/fr\/wp-json\/wp\/v2\/media?parent=69322"}],"wp:term":[{"taxonomy":"product_brand","embeddable":true,"href":"https:\/\/stgbc.bcweededible.net\/fr\/wp-json\/wp\/v2\/product_brand?post=69322"},{"taxonomy":"product_cat","embeddable":true,"href":"https:\/\/stgbc.bcweededible.net\/fr\/wp-json\/wp\/v2\/product_cat?post=69322"},{"taxonomy":"product_tag","embeddable":true,"href":"https:\/\/stgbc.bcweededible.net\/fr\/wp-json\/wp\/v2\/product_tag?post=69322"}],"curies":[{"name":"wp","href":"https:\/\/api.w.org\/{rel}","templated":true}]}}