{"id":69189,"date":"2022-04-22T13:26:57","date_gmt":"2024-03-05T18:25:46","guid":{"rendered":"https:\/\/bcweededible.net\/buy\/non class\u00e9\/gelato-aaa-69oz\/"},"modified":"2026-03-19T06:27:40","modified_gmt":"2026-03-19T13:27:40","slug":"gelato-aaa-69oz","status":"publish","type":"product","link":"https:\/\/stgbc.bcweededible.net\/fr\/buy\/fleurs-cannabis\/99-oz-fr\/gelato-aaa-69oz\/","title":{"rendered":"Gelato AAA (69oz)"},"content":{"rendered":"","protected":false},"excerpt":{"rendered":"<p><strong>Gelato est une<\/strong> vari\u00e9t\u00e9 <strong>hybride \u00e0 dominante l\u00e9g\u00e8rement indica (55 % indica\/45 % sativa)<\/strong> cr\u00e9\u00e9e \u00e0 partir d&#8217;un croisement des fameuses vari\u00e9t\u00e9s Sunset Sherbet X Thin Mint Girl Scout Cookies. Ce Buds dank est tristement c\u00e9l\u00e8bre pour sa saveur follement d\u00e9licieuse et ses effets extr\u00eamement puissants.<\/p>\n<p><strong>Les Buds de taille moyenne sont tr\u00e8s denses. Vert for\u00eat fonc\u00e9 et riches nuances violettes ! Fleurs de qualit\u00e9 AAA<\/strong><strong>. Prix incroyable, profitez-en jusqu&#8217;\u00e0 \u00e9puisement des stocks&nbsp;!<\/strong><\/p>\n","protected":false},"featured_media":49259,"comment_status":"open","ping_status":"closed","template":"","meta":[],"product_brand":[],"product_cat":[291,245,293,294,470,289,292,295],"product_tag":[],"class_list":{"0":"post-69189","1":"product","2":"type-product","3":"status-publish","4":"has-post-thumbnail","6":"product_cat-aaaa","7":"product_cat-fleurs-cannabis","8":"product_cat-hybrid-fr","9":"product_cat-indica-fr","10":"product_cat-livre-de-pot","11":"product_cat-99-oz-fr","12":"product_cat-ounces-pas-cher","13":"product_cat-sativa-fr","15":"first","16":"instock","17":"shipping-taxable","18":"purchasable","19":"product-type-variable","20":"has-default-attributes"},"yoast_head":"\n<title>Acheter Gelato AAA (69oz) en Ligne Canada | BC Weed Edible<\/title>\n<meta name=\"robots\" content=\"index, follow, max-snippet:-1, max-image-preview:large, max-video-preview:-1\" \/>\n<link rel=\"canonical\" href=\"https:\/\/stgbc.bcweededible.net\/fr\/buy\/fleurs-cannabis\/99-oz-fr\/gelato-aaa-69oz\/\" \/>\n<meta property=\"og:locale\" content=\"fr_FR\" \/>\n<meta property=\"og:type\" content=\"article\" \/>\n<meta property=\"og:title\" content=\"Acheter Gelato AAA (69oz) en Ligne Canada | BC Weed Edible\" \/>\n<meta property=\"og:description\" content=\"Gelato est une vari\u00e9t\u00e9 hybride \u00e0 dominante l\u00e9g\u00e8rement indica (55 % indica\/45 % sativa) cr\u00e9\u00e9e \u00e0 partir d&#039;un croisement des fameuses vari\u00e9t\u00e9s Sunset Sherbet X Thin Mint Girl Scout Cookies. Ce Buds dank est tristement c\u00e9l\u00e8bre pour sa saveur follement d\u00e9licieuse et ses effets extr\u00eamement puissants. Les Buds de taille moyenne sont tr\u00e8s denses. Vert for\u00eat fonc\u00e9 et riches nuances violettes ! Fleurs de qualit\u00e9 AAA. Prix incroyable, profitez-en jusqu&#039;\u00e0 \u00e9puisement des stocks&nbsp;!\" \/>\n<meta property=\"og:url\" content=\"https:\/\/stgbc.bcweededible.net\/fr\/buy\/fleurs-cannabis\/99-oz-fr\/gelato-aaa-69oz\/\" \/>\n<meta property=\"og:site_name\" content=\"BC Weed Edible\" \/>\n<meta property=\"article:modified_time\" content=\"2026-03-19T13:27:40+00:00\" \/>\n<meta property=\"og:image\" content=\"https:\/\/stgbc.bcweededible.net\/wp-content\/uploads\/2022\/04\/Gelato-2.jpg\" \/>\n\t<meta property=\"og:image:width\" content=\"1000\" \/>\n\t<meta property=\"og:image:height\" content=\"1000\" \/>\n\t<meta property=\"og:image:type\" content=\"image\/jpeg\" \/>\n<meta name=\"twitter:card\" content=\"summary_large_image\" \/>\n<script type=\"application\/ld+json\" class=\"yoast-schema-graph\">{\"@context\":\"https:\\\/\\\/schema.org\",\"@graph\":[{\"@type\":\"WebPage\",\"@id\":\"https:\\\/\\\/stgbc.bcweededible.net\\\/fr\\\/buy\\\/fleurs-cannabis\\\/99-oz-fr\\\/gelato-aaa-69oz\\\/\",\"url\":\"https:\\\/\\\/stgbc.bcweededible.net\\\/fr\\\/buy\\\/fleurs-cannabis\\\/99-oz-fr\\\/gelato-aaa-69oz\\\/\",\"name\":\"Acheter Gelato AAA (69oz) en Ligne Canada | BC Weed Edible\",\"isPartOf\":{\"@id\":\"https:\\\/\\\/stgbc.bcweededible.net\\\/fr\\\/#website\"},\"primaryImageOfPage\":{\"@id\":\"https:\\\/\\\/stgbc.bcweededible.net\\\/fr\\\/buy\\\/fleurs-cannabis\\\/99-oz-fr\\\/gelato-aaa-69oz\\\/#primaryimage\"},\"image\":{\"@id\":\"https:\\\/\\\/stgbc.bcweededible.net\\\/fr\\\/buy\\\/fleurs-cannabis\\\/99-oz-fr\\\/gelato-aaa-69oz\\\/#primaryimage\"},\"thumbnailUrl\":\"https:\\\/\\\/stgbc.bcweededible.net\\\/wp-content\\\/uploads\\\/2022\\\/04\\\/Gelato-2.jpg\",\"datePublished\":\"2024-03-05T18:25:46+00:00\",\"dateModified\":\"2026-03-19T13:27:40+00:00\",\"breadcrumb\":{\"@id\":\"https:\\\/\\\/stgbc.bcweededible.net\\\/fr\\\/buy\\\/fleurs-cannabis\\\/99-oz-fr\\\/gelato-aaa-69oz\\\/#breadcrumb\"},\"inLanguage\":\"fr-FR\",\"potentialAction\":[{\"@type\":\"ReadAction\",\"target\":[\"https:\\\/\\\/stgbc.bcweededible.net\\\/fr\\\/buy\\\/fleurs-cannabis\\\/99-oz-fr\\\/gelato-aaa-69oz\\\/\"]}]},{\"@type\":\"ImageObject\",\"inLanguage\":\"fr-FR\",\"@id\":\"https:\\\/\\\/stgbc.bcweededible.net\\\/fr\\\/buy\\\/fleurs-cannabis\\\/99-oz-fr\\\/gelato-aaa-69oz\\\/#primaryimage\",\"url\":\"https:\\\/\\\/stgbc.bcweededible.net\\\/wp-content\\\/uploads\\\/2022\\\/04\\\/Gelato-2.jpg\",\"contentUrl\":\"https:\\\/\\\/stgbc.bcweededible.net\\\/wp-content\\\/uploads\\\/2022\\\/04\\\/Gelato-2.jpg\",\"width\":1000,\"height\":1000,\"caption\":\"gelato strain 1 bud\"},{\"@type\":\"BreadcrumbList\",\"@id\":\"https:\\\/\\\/stgbc.bcweededible.net\\\/fr\\\/buy\\\/fleurs-cannabis\\\/99-oz-fr\\\/gelato-aaa-69oz\\\/#breadcrumb\",\"itemListElement\":[{\"@type\":\"ListItem\",\"position\":1,\"name\":\"Jujubes au Pot Canada\",\"item\":\"https:\\\/\\\/stgbc.bcweededible.net\\\/fr\\\/shop\\\/\"},{\"@type\":\"ListItem\",\"position\":2,\"name\":\"Gelato AAA (69oz)\"}]},{\"@type\":\"WebSite\",\"@id\":\"https:\\\/\\\/stgbc.bcweededible.net\\\/fr\\\/#website\",\"url\":\"https:\\\/\\\/stgbc.bcweededible.net\\\/fr\\\/\",\"name\":\"BC Weed Edible\",\"description\":\"\",\"publisher\":{\"@id\":\"https:\\\/\\\/stgbc.bcweededible.net\\\/fr\\\/#organization\"},\"potentialAction\":[{\"@type\":\"SearchAction\",\"target\":{\"@type\":\"EntryPoint\",\"urlTemplate\":\"https:\\\/\\\/stgbc.bcweededible.net\\\/fr\\\/?s={search_term_string}\"},\"query-input\":{\"@type\":\"PropertyValueSpecification\",\"valueRequired\":true,\"valueName\":\"search_term_string\"}}],\"inLanguage\":\"fr-FR\"},{\"@type\":\"Organization\",\"@id\":\"https:\\\/\\\/stgbc.bcweededible.net\\\/fr\\\/#organization\",\"name\":\"BC Weed Edible\",\"url\":\"https:\\\/\\\/stgbc.bcweededible.net\\\/fr\\\/\",\"logo\":{\"@type\":\"ImageObject\",\"inLanguage\":\"fr-FR\",\"@id\":\"https:\\\/\\\/stgbc.bcweededible.net\\\/fr\\\/#\\\/schema\\\/logo\\\/image\\\/\",\"url\":\"https:\\\/\\\/stgbc.bcweededible.net\\\/wp-content\\\/uploads\\\/2021\\\/12\\\/bc-weed-edible-canada.png\",\"contentUrl\":\"https:\\\/\\\/stgbc.bcweededible.net\\\/wp-content\\\/uploads\\\/2021\\\/12\\\/bc-weed-edible-canada.png\",\"width\":270,\"height\":185,\"caption\":\"BC Weed Edible\"},\"image\":{\"@id\":\"https:\\\/\\\/stgbc.bcweededible.net\\\/fr\\\/#\\\/schema\\\/logo\\\/image\\\/\"}}]}<\/script>\n","yoast_head_json":{"title":"Acheter Gelato AAA (69oz) en Ligne Canada | BC Weed Edible","robots":{"index":"index","follow":"follow","max-snippet":"max-snippet:-1","max-image-preview":"max-image-preview:large","max-video-preview":"max-video-preview:-1"},"canonical":"https:\/\/stgbc.bcweededible.net\/fr\/buy\/fleurs-cannabis\/99-oz-fr\/gelato-aaa-69oz\/","og_locale":"fr_FR","og_type":"article","og_title":"Acheter Gelato AAA (69oz) en Ligne Canada | BC Weed Edible","og_description":"Gelato est une vari\u00e9t\u00e9 hybride \u00e0 dominante l\u00e9g\u00e8rement indica (55 % indica\/45 % sativa) cr\u00e9\u00e9e \u00e0 partir d'un croisement des fameuses vari\u00e9t\u00e9s Sunset Sherbet X Thin Mint Girl Scout Cookies. Ce Buds dank est tristement c\u00e9l\u00e8bre pour sa saveur follement d\u00e9licieuse et ses effets extr\u00eamement puissants. Les Buds de taille moyenne sont tr\u00e8s denses. Vert for\u00eat fonc\u00e9 et riches nuances violettes ! Fleurs de qualit\u00e9 AAA. Prix incroyable, profitez-en jusqu'\u00e0 \u00e9puisement des stocks&nbsp;!","og_url":"https:\/\/stgbc.bcweededible.net\/fr\/buy\/fleurs-cannabis\/99-oz-fr\/gelato-aaa-69oz\/","og_site_name":"BC Weed Edible","article_modified_time":"2026-03-19T13:27:40+00:00","og_image":[{"width":1000,"height":1000,"url":"https:\/\/stgbc.bcweededible.net\/wp-content\/uploads\/2022\/04\/Gelato-2.jpg","type":"image\/jpeg"}],"twitter_card":"summary_large_image","schema":{"@context":"https:\/\/schema.org","@graph":[{"@type":"WebPage","@id":"https:\/\/stgbc.bcweededible.net\/fr\/buy\/fleurs-cannabis\/99-oz-fr\/gelato-aaa-69oz\/","url":"https:\/\/stgbc.bcweededible.net\/fr\/buy\/fleurs-cannabis\/99-oz-fr\/gelato-aaa-69oz\/","name":"Acheter Gelato AAA (69oz) en Ligne Canada | BC Weed Edible","isPartOf":{"@id":"https:\/\/stgbc.bcweededible.net\/fr\/#website"},"primaryImageOfPage":{"@id":"https:\/\/stgbc.bcweededible.net\/fr\/buy\/fleurs-cannabis\/99-oz-fr\/gelato-aaa-69oz\/#primaryimage"},"image":{"@id":"https:\/\/stgbc.bcweededible.net\/fr\/buy\/fleurs-cannabis\/99-oz-fr\/gelato-aaa-69oz\/#primaryimage"},"thumbnailUrl":"https:\/\/stgbc.bcweededible.net\/wp-content\/uploads\/2022\/04\/Gelato-2.jpg","datePublished":"2024-03-05T18:25:46+00:00","dateModified":"2026-03-19T13:27:40+00:00","breadcrumb":{"@id":"https:\/\/stgbc.bcweededible.net\/fr\/buy\/fleurs-cannabis\/99-oz-fr\/gelato-aaa-69oz\/#breadcrumb"},"inLanguage":"fr-FR","potentialAction":[{"@type":"ReadAction","target":["https:\/\/stgbc.bcweededible.net\/fr\/buy\/fleurs-cannabis\/99-oz-fr\/gelato-aaa-69oz\/"]}]},{"@type":"ImageObject","inLanguage":"fr-FR","@id":"https:\/\/stgbc.bcweededible.net\/fr\/buy\/fleurs-cannabis\/99-oz-fr\/gelato-aaa-69oz\/#primaryimage","url":"https:\/\/stgbc.bcweededible.net\/wp-content\/uploads\/2022\/04\/Gelato-2.jpg","contentUrl":"https:\/\/stgbc.bcweededible.net\/wp-content\/uploads\/2022\/04\/Gelato-2.jpg","width":1000,"height":1000,"caption":"gelato strain 1 bud"},{"@type":"BreadcrumbList","@id":"https:\/\/stgbc.bcweededible.net\/fr\/buy\/fleurs-cannabis\/99-oz-fr\/gelato-aaa-69oz\/#breadcrumb","itemListElement":[{"@type":"ListItem","position":1,"name":"Jujubes au Pot Canada","item":"https:\/\/stgbc.bcweededible.net\/fr\/shop\/"},{"@type":"ListItem","position":2,"name":"Gelato AAA (69oz)"}]},{"@type":"WebSite","@id":"https:\/\/stgbc.bcweededible.net\/fr\/#website","url":"https:\/\/stgbc.bcweededible.net\/fr\/","name":"BC Weed Edible","description":"","publisher":{"@id":"https:\/\/stgbc.bcweededible.net\/fr\/#organization"},"potentialAction":[{"@type":"SearchAction","target":{"@type":"EntryPoint","urlTemplate":"https:\/\/stgbc.bcweededible.net\/fr\/?s={search_term_string}"},"query-input":{"@type":"PropertyValueSpecification","valueRequired":true,"valueName":"search_term_string"}}],"inLanguage":"fr-FR"},{"@type":"Organization","@id":"https:\/\/stgbc.bcweededible.net\/fr\/#organization","name":"BC Weed Edible","url":"https:\/\/stgbc.bcweededible.net\/fr\/","logo":{"@type":"ImageObject","inLanguage":"fr-FR","@id":"https:\/\/stgbc.bcweededible.net\/fr\/#\/schema\/logo\/image\/","url":"https:\/\/stgbc.bcweededible.net\/wp-content\/uploads\/2021\/12\/bc-weed-edible-canada.png","contentUrl":"https:\/\/stgbc.bcweededible.net\/wp-content\/uploads\/2021\/12\/bc-weed-edible-canada.png","width":270,"height":185,"caption":"BC Weed Edible"},"image":{"@id":"https:\/\/stgbc.bcweededible.net\/fr\/#\/schema\/logo\/image\/"}}]}},"_links":{"self":[{"href":"https:\/\/stgbc.bcweededible.net\/fr\/wp-json\/wp\/v2\/product\/69189","targetHints":{"allow":["GET"]}}],"collection":[{"href":"https:\/\/stgbc.bcweededible.net\/fr\/wp-json\/wp\/v2\/product"}],"about":[{"href":"https:\/\/stgbc.bcweededible.net\/fr\/wp-json\/wp\/v2\/types\/product"}],"replies":[{"embeddable":true,"href":"https:\/\/stgbc.bcweededible.net\/fr\/wp-json\/wp\/v2\/comments?post=69189"}],"wp:featuredmedia":[{"embeddable":true,"href":"https:\/\/stgbc.bcweededible.net\/fr\/wp-json\/wp\/v2\/media\/49259"}],"wp:attachment":[{"href":"https:\/\/stgbc.bcweededible.net\/fr\/wp-json\/wp\/v2\/media?parent=69189"}],"wp:term":[{"taxonomy":"product_brand","embeddable":true,"href":"https:\/\/stgbc.bcweededible.net\/fr\/wp-json\/wp\/v2\/product_brand?post=69189"},{"taxonomy":"product_cat","embeddable":true,"href":"https:\/\/stgbc.bcweededible.net\/fr\/wp-json\/wp\/v2\/product_cat?post=69189"},{"taxonomy":"product_tag","embeddable":true,"href":"https:\/\/stgbc.bcweededible.net\/fr\/wp-json\/wp\/v2\/product_tag?post=69189"}],"curies":[{"name":"wp","href":"https:\/\/api.w.org\/{rel}","templated":true}]}}