{"id":69178,"date":"2022-06-02T13:20:29","date_gmt":"2024-03-05T17:49:23","guid":{"rendered":"https:\/\/bcweededible.net\/buy\/non%20class\u00e9\/twisted-extracts-jelly-bites-10x50mg-thc\/"},"modified":"2026-02-23T16:41:47","modified_gmt":"2026-02-24T00:41:47","slug":"twisted-extracts-jelly-bites-10x50mg-thc","status":"publish","type":"product","link":"https:\/\/stgbc.bcweededible.net\/fr\/buy\/marques\/twisted-extracts-fr\/twisted-extracts-jelly-bites-10x50mg-thc\/","title":{"rendered":"Twisted Extracts &#8211; Jelly Bites (10x50mg THC)"},"content":{"rendered":"","protected":false},"excerpt":{"rendered":"<p>Vous cherchez une fa\u00e7on d\u00e9licieuse et puissante de consommer du cannabis ? Ne cherchez pas plus loin que <a href=\"http:\/\/bcweededible.net\/buy\/brands\/twisted-extracts\/\"><strong>Extraits tordus<\/strong><\/a> Jelly Bites, vous pouvez <strong>choisissez entre les effets Sativa et Indica !<\/strong> Ces jujubes m\u00e2cher sont pleines de <strong>50mg THC jujubes<\/strong>avec toute la saveur, la consistance et les effets puissants de l&#8217;huile d&#8217;olive. <a href=\"http:\/\/bcweededible.net\/buy\/brands\/twisted-extracts\/jelly-bomb-sativa\/\">Les Jelly Bombs de Twisted Extracts<\/a>et <a href=\"http:\/\/bcweededible.net\/buy\/brands\/twisted-extracts\/zzz-bomb-indica\/\">Bombe ZZZ<\/a> ce qui en fait le choix id\u00e9al pour ceux qui veulent profiter de tous les avantages du cannabis sans avoir \u00e0 le fumer.<\/p>\n<p>Chaque bouch\u00e9e de gel\u00e9e contient une quantit\u00e9 pr\u00e9cis\u00e9ment mesur\u00e9e de THC, ce qui permet de contr\u00f4ler facilement votre dosage et de vous assurer que vous obtenez l&#8217;effet d\u00e9sir\u00e9. Que vous soyez \u00e0 la recherche d&#8217;un high doux ou d&#8217;un buzz euphorique puissant, les Jelly Bites sont s\u00fbres de vous satisfaire. Et parce qu&#8217;ils sont si petits et pratiques, ils sont parfaits pour les m\u00e9dicaments en d\u00e9placement.<\/p>\n<p><strong>Effets : <\/strong>Euphorie, relaxation, \u00e9nergie, cr\u00e9ativit\u00e9, sommeil,<\/p>\n<p><strong>Ingr\u00e9dients :<\/strong> Sucres (sirop de ma\u00efs, sucre de betterave), eau, g\u00e9latine, pectine de fruits, acide citrique, ar\u00f4mes artificiels, huile de coco, extrait de cannabis, cire d&#8217;abeille, FD&amp;C jaune n\u00b05, FD&amp;C bleu n\u00b01, FD&amp;C rouge n\u00b040.<\/p>\n<p><strong>Conservation :<\/strong> les jujubes peuvent se ramollir lorsqu&#8217;elles sont expos\u00e9es \u00e0 des temp\u00e9ratures sup\u00e9rieures \u00e0 38 degr\u00e9s Celsius. <b>Conservez-les dans un endroit frais et sombre, \u00e0 l&#8217;abri de la lumi\u00e8re directe du soleil.<\/b><\/p>\n","protected":false},"featured_media":16125,"comment_status":"open","ping_status":"closed","template":"","meta":[],"product_brand":[],"product_cat":[270,268,244,276,557],"product_tag":[353],"class_list":{"0":"post-69178","1":"product","2":"type-product","3":"status-publish","4":"has-post-thumbnail","6":"product_cat-500mg-fr","7":"product_cat-50mg-fr","8":"product_cat-comestibles","9":"product_cat-jujubes","10":"product_cat-twisted-extracts-fr","11":"product_tag-50mg-fr","13":"first","14":"instock","15":"shipping-taxable","16":"purchasable","17":"product-type-variable"},"yoast_head":"\n<title>Acheter Twisted Extracts - Jelly Bites (10x50mg THC) Canada | BC Weed Edible<\/title>\n<meta name=\"robots\" content=\"index, follow, max-snippet:-1, max-image-preview:large, max-video-preview:-1\" \/>\n<link rel=\"canonical\" href=\"https:\/\/stgbc.bcweededible.net\/fr\/buy\/marques\/twisted-extracts-fr\/twisted-extracts-jelly-bites-10x50mg-thc\/\" \/>\n<meta property=\"og:locale\" content=\"fr_FR\" \/>\n<meta property=\"og:type\" content=\"article\" \/>\n<meta property=\"og:title\" content=\"Acheter Twisted Extracts - Jelly Bites (10x50mg THC) Canada | BC Weed Edible\" \/>\n<meta property=\"og:description\" content=\"Vous cherchez une fa\u00e7on d\u00e9licieuse et puissante de consommer du cannabis ? Ne cherchez pas plus loin que Extraits tordus Jelly Bites, vous pouvez choisissez entre les effets Sativa et Indica ! Ces jujubes m\u00e2cher sont pleines de 50mg THC jujubesavec toute la saveur, la consistance et les effets puissants de l&#039;huile d&#039;olive. Les Jelly Bombs de Twisted Extractset Bombe ZZZ ce qui en fait le choix id\u00e9al pour ceux qui veulent profiter de tous les avantages du cannabis sans avoir \u00e0 le fumer. Chaque bouch\u00e9e de gel\u00e9e contient une quantit\u00e9 pr\u00e9cis\u00e9ment mesur\u00e9e de THC, ce qui permet de contr\u00f4ler facilement votre dosage et de vous assurer que vous obtenez l&#039;effet d\u00e9sir\u00e9. Que vous soyez \u00e0 la recherche d&#039;un high doux ou d&#039;un buzz euphorique puissant, les Jelly Bites sont s\u00fbres de vous satisfaire. Et parce qu&#039;ils sont si petits et pratiques, ils sont parfaits pour les m\u00e9dicaments en d\u00e9placement. Effets : Euphorie, relaxation, \u00e9nergie, cr\u00e9ativit\u00e9, sommeil, Ingr\u00e9dients : Sucres (sirop de ma\u00efs, sucre de betterave), eau, g\u00e9latine, pectine de fruits, acide citrique, ar\u00f4mes artificiels, huile de coco, extrait de cannabis, cire d&#039;abeille, FD&amp;C jaune n\u00b05, FD&amp;C bleu n\u00b01, FD&amp;C rouge n\u00b040. Conservation : les jujubes peuvent se ramollir lorsqu&#039;elles sont expos\u00e9es \u00e0 des temp\u00e9ratures sup\u00e9rieures \u00e0 38 degr\u00e9s Celsius. Conservez-les dans un endroit frais et sombre, \u00e0 l&#039;abri de la lumi\u00e8re directe du soleil.\" \/>\n<meta property=\"og:url\" content=\"https:\/\/stgbc.bcweededible.net\/fr\/buy\/marques\/twisted-extracts-fr\/twisted-extracts-jelly-bites-10x50mg-thc\/\" \/>\n<meta property=\"og:site_name\" content=\"BC Weed Edible\" \/>\n<meta property=\"article:modified_time\" content=\"2026-02-24T00:41:47+00:00\" \/>\n<meta property=\"og:image\" content=\"https:\/\/stgbc.bcweededible.net\/wp-content\/uploads\/2022\/06\/twisted-extracts-jelly-bites-500mg-thc-sativa.jpeg\" \/>\n\t<meta property=\"og:image:width\" content=\"1000\" \/>\n\t<meta property=\"og:image:height\" content=\"1000\" \/>\n\t<meta property=\"og:image:type\" content=\"image\/jpeg\" \/>\n<meta name=\"twitter:card\" content=\"summary_large_image\" \/>\n<script type=\"application\/ld+json\" class=\"yoast-schema-graph\">{\"@context\":\"https:\\\/\\\/schema.org\",\"@graph\":[{\"@type\":\"WebPage\",\"@id\":\"https:\\\/\\\/stgbc.bcweededible.net\\\/fr\\\/buy\\\/marques\\\/twisted-extracts-fr\\\/twisted-extracts-jelly-bites-10x50mg-thc\\\/\",\"url\":\"https:\\\/\\\/stgbc.bcweededible.net\\\/fr\\\/buy\\\/marques\\\/twisted-extracts-fr\\\/twisted-extracts-jelly-bites-10x50mg-thc\\\/\",\"name\":\"Acheter Twisted Extracts - Jelly Bites (10x50mg THC) Canada | BC Weed Edible\",\"isPartOf\":{\"@id\":\"https:\\\/\\\/stgbc.bcweededible.net\\\/fr\\\/#website\"},\"primaryImageOfPage\":{\"@id\":\"https:\\\/\\\/stgbc.bcweededible.net\\\/fr\\\/buy\\\/marques\\\/twisted-extracts-fr\\\/twisted-extracts-jelly-bites-10x50mg-thc\\\/#primaryimage\"},\"image\":{\"@id\":\"https:\\\/\\\/stgbc.bcweededible.net\\\/fr\\\/buy\\\/marques\\\/twisted-extracts-fr\\\/twisted-extracts-jelly-bites-10x50mg-thc\\\/#primaryimage\"},\"thumbnailUrl\":\"https:\\\/\\\/stgbc.bcweededible.net\\\/wp-content\\\/uploads\\\/2022\\\/06\\\/twisted-extracts-jelly-bites-500mg-thc-sativa.jpeg\",\"datePublished\":\"2024-03-05T17:49:23+00:00\",\"dateModified\":\"2026-02-24T00:41:47+00:00\",\"breadcrumb\":{\"@id\":\"https:\\\/\\\/stgbc.bcweededible.net\\\/fr\\\/buy\\\/marques\\\/twisted-extracts-fr\\\/twisted-extracts-jelly-bites-10x50mg-thc\\\/#breadcrumb\"},\"inLanguage\":\"fr-FR\",\"potentialAction\":[{\"@type\":\"ReadAction\",\"target\":[\"https:\\\/\\\/stgbc.bcweededible.net\\\/fr\\\/buy\\\/marques\\\/twisted-extracts-fr\\\/twisted-extracts-jelly-bites-10x50mg-thc\\\/\"]}]},{\"@type\":\"ImageObject\",\"inLanguage\":\"fr-FR\",\"@id\":\"https:\\\/\\\/stgbc.bcweededible.net\\\/fr\\\/buy\\\/marques\\\/twisted-extracts-fr\\\/twisted-extracts-jelly-bites-10x50mg-thc\\\/#primaryimage\",\"url\":\"https:\\\/\\\/stgbc.bcweededible.net\\\/wp-content\\\/uploads\\\/2022\\\/06\\\/twisted-extracts-jelly-bites-500mg-thc-sativa.jpeg\",\"contentUrl\":\"https:\\\/\\\/stgbc.bcweededible.net\\\/wp-content\\\/uploads\\\/2022\\\/06\\\/twisted-extracts-jelly-bites-500mg-thc-sativa.jpeg\",\"width\":1000,\"height\":1000,\"caption\":\"twisted extracts jelly bites 500mg thc sativa\"},{\"@type\":\"BreadcrumbList\",\"@id\":\"https:\\\/\\\/stgbc.bcweededible.net\\\/fr\\\/buy\\\/marques\\\/twisted-extracts-fr\\\/twisted-extracts-jelly-bites-10x50mg-thc\\\/#breadcrumb\",\"itemListElement\":[{\"@type\":\"ListItem\",\"position\":1,\"name\":\"Jujubes au Pot Canada\",\"item\":\"https:\\\/\\\/stgbc.bcweededible.net\\\/fr\\\/shop\\\/\"},{\"@type\":\"ListItem\",\"position\":2,\"name\":\"Twisted Extracts &#8211; Jelly Bites (10x50mg THC)\"}]},{\"@type\":\"WebSite\",\"@id\":\"https:\\\/\\\/stgbc.bcweededible.net\\\/fr\\\/#website\",\"url\":\"https:\\\/\\\/stgbc.bcweededible.net\\\/fr\\\/\",\"name\":\"BC Weed Edible\",\"description\":\"\",\"publisher\":{\"@id\":\"https:\\\/\\\/stgbc.bcweededible.net\\\/fr\\\/#organization\"},\"potentialAction\":[{\"@type\":\"SearchAction\",\"target\":{\"@type\":\"EntryPoint\",\"urlTemplate\":\"https:\\\/\\\/stgbc.bcweededible.net\\\/fr\\\/?s={search_term_string}\"},\"query-input\":{\"@type\":\"PropertyValueSpecification\",\"valueRequired\":true,\"valueName\":\"search_term_string\"}}],\"inLanguage\":\"fr-FR\"},{\"@type\":\"Organization\",\"@id\":\"https:\\\/\\\/stgbc.bcweededible.net\\\/fr\\\/#organization\",\"name\":\"BC Weed Edible\",\"url\":\"https:\\\/\\\/stgbc.bcweededible.net\\\/fr\\\/\",\"logo\":{\"@type\":\"ImageObject\",\"inLanguage\":\"fr-FR\",\"@id\":\"https:\\\/\\\/stgbc.bcweededible.net\\\/fr\\\/#\\\/schema\\\/logo\\\/image\\\/\",\"url\":\"https:\\\/\\\/stgbc.bcweededible.net\\\/wp-content\\\/uploads\\\/2021\\\/12\\\/bc-weed-edible-canada.png\",\"contentUrl\":\"https:\\\/\\\/stgbc.bcweededible.net\\\/wp-content\\\/uploads\\\/2021\\\/12\\\/bc-weed-edible-canada.png\",\"width\":270,\"height\":185,\"caption\":\"BC Weed Edible\"},\"image\":{\"@id\":\"https:\\\/\\\/stgbc.bcweededible.net\\\/fr\\\/#\\\/schema\\\/logo\\\/image\\\/\"}}]}<\/script>\n","yoast_head_json":{"title":"Acheter Twisted Extracts - Jelly Bites (10x50mg THC) Canada | BC Weed Edible","robots":{"index":"index","follow":"follow","max-snippet":"max-snippet:-1","max-image-preview":"max-image-preview:large","max-video-preview":"max-video-preview:-1"},"canonical":"https:\/\/stgbc.bcweededible.net\/fr\/buy\/marques\/twisted-extracts-fr\/twisted-extracts-jelly-bites-10x50mg-thc\/","og_locale":"fr_FR","og_type":"article","og_title":"Acheter Twisted Extracts - Jelly Bites (10x50mg THC) Canada | BC Weed Edible","og_description":"Vous cherchez une fa\u00e7on d\u00e9licieuse et puissante de consommer du cannabis ? Ne cherchez pas plus loin que Extraits tordus Jelly Bites, vous pouvez choisissez entre les effets Sativa et Indica ! Ces jujubes m\u00e2cher sont pleines de 50mg THC jujubesavec toute la saveur, la consistance et les effets puissants de l'huile d'olive. Les Jelly Bombs de Twisted Extractset Bombe ZZZ ce qui en fait le choix id\u00e9al pour ceux qui veulent profiter de tous les avantages du cannabis sans avoir \u00e0 le fumer. Chaque bouch\u00e9e de gel\u00e9e contient une quantit\u00e9 pr\u00e9cis\u00e9ment mesur\u00e9e de THC, ce qui permet de contr\u00f4ler facilement votre dosage et de vous assurer que vous obtenez l'effet d\u00e9sir\u00e9. Que vous soyez \u00e0 la recherche d'un high doux ou d'un buzz euphorique puissant, les Jelly Bites sont s\u00fbres de vous satisfaire. Et parce qu'ils sont si petits et pratiques, ils sont parfaits pour les m\u00e9dicaments en d\u00e9placement. Effets : Euphorie, relaxation, \u00e9nergie, cr\u00e9ativit\u00e9, sommeil, Ingr\u00e9dients : Sucres (sirop de ma\u00efs, sucre de betterave), eau, g\u00e9latine, pectine de fruits, acide citrique, ar\u00f4mes artificiels, huile de coco, extrait de cannabis, cire d'abeille, FD&amp;C jaune n\u00b05, FD&amp;C bleu n\u00b01, FD&amp;C rouge n\u00b040. Conservation : les jujubes peuvent se ramollir lorsqu'elles sont expos\u00e9es \u00e0 des temp\u00e9ratures sup\u00e9rieures \u00e0 38 degr\u00e9s Celsius. Conservez-les dans un endroit frais et sombre, \u00e0 l'abri de la lumi\u00e8re directe du soleil.","og_url":"https:\/\/stgbc.bcweededible.net\/fr\/buy\/marques\/twisted-extracts-fr\/twisted-extracts-jelly-bites-10x50mg-thc\/","og_site_name":"BC Weed Edible","article_modified_time":"2026-02-24T00:41:47+00:00","og_image":[{"width":1000,"height":1000,"url":"https:\/\/stgbc.bcweededible.net\/wp-content\/uploads\/2022\/06\/twisted-extracts-jelly-bites-500mg-thc-sativa.jpeg","type":"image\/jpeg"}],"twitter_card":"summary_large_image","schema":{"@context":"https:\/\/schema.org","@graph":[{"@type":"WebPage","@id":"https:\/\/stgbc.bcweededible.net\/fr\/buy\/marques\/twisted-extracts-fr\/twisted-extracts-jelly-bites-10x50mg-thc\/","url":"https:\/\/stgbc.bcweededible.net\/fr\/buy\/marques\/twisted-extracts-fr\/twisted-extracts-jelly-bites-10x50mg-thc\/","name":"Acheter Twisted Extracts - Jelly Bites (10x50mg THC) Canada | BC Weed Edible","isPartOf":{"@id":"https:\/\/stgbc.bcweededible.net\/fr\/#website"},"primaryImageOfPage":{"@id":"https:\/\/stgbc.bcweededible.net\/fr\/buy\/marques\/twisted-extracts-fr\/twisted-extracts-jelly-bites-10x50mg-thc\/#primaryimage"},"image":{"@id":"https:\/\/stgbc.bcweededible.net\/fr\/buy\/marques\/twisted-extracts-fr\/twisted-extracts-jelly-bites-10x50mg-thc\/#primaryimage"},"thumbnailUrl":"https:\/\/stgbc.bcweededible.net\/wp-content\/uploads\/2022\/06\/twisted-extracts-jelly-bites-500mg-thc-sativa.jpeg","datePublished":"2024-03-05T17:49:23+00:00","dateModified":"2026-02-24T00:41:47+00:00","breadcrumb":{"@id":"https:\/\/stgbc.bcweededible.net\/fr\/buy\/marques\/twisted-extracts-fr\/twisted-extracts-jelly-bites-10x50mg-thc\/#breadcrumb"},"inLanguage":"fr-FR","potentialAction":[{"@type":"ReadAction","target":["https:\/\/stgbc.bcweededible.net\/fr\/buy\/marques\/twisted-extracts-fr\/twisted-extracts-jelly-bites-10x50mg-thc\/"]}]},{"@type":"ImageObject","inLanguage":"fr-FR","@id":"https:\/\/stgbc.bcweededible.net\/fr\/buy\/marques\/twisted-extracts-fr\/twisted-extracts-jelly-bites-10x50mg-thc\/#primaryimage","url":"https:\/\/stgbc.bcweededible.net\/wp-content\/uploads\/2022\/06\/twisted-extracts-jelly-bites-500mg-thc-sativa.jpeg","contentUrl":"https:\/\/stgbc.bcweededible.net\/wp-content\/uploads\/2022\/06\/twisted-extracts-jelly-bites-500mg-thc-sativa.jpeg","width":1000,"height":1000,"caption":"twisted extracts jelly bites 500mg thc sativa"},{"@type":"BreadcrumbList","@id":"https:\/\/stgbc.bcweededible.net\/fr\/buy\/marques\/twisted-extracts-fr\/twisted-extracts-jelly-bites-10x50mg-thc\/#breadcrumb","itemListElement":[{"@type":"ListItem","position":1,"name":"Jujubes au Pot Canada","item":"https:\/\/stgbc.bcweededible.net\/fr\/shop\/"},{"@type":"ListItem","position":2,"name":"Twisted Extracts &#8211; Jelly Bites (10x50mg THC)"}]},{"@type":"WebSite","@id":"https:\/\/stgbc.bcweededible.net\/fr\/#website","url":"https:\/\/stgbc.bcweededible.net\/fr\/","name":"BC Weed Edible","description":"","publisher":{"@id":"https:\/\/stgbc.bcweededible.net\/fr\/#organization"},"potentialAction":[{"@type":"SearchAction","target":{"@type":"EntryPoint","urlTemplate":"https:\/\/stgbc.bcweededible.net\/fr\/?s={search_term_string}"},"query-input":{"@type":"PropertyValueSpecification","valueRequired":true,"valueName":"search_term_string"}}],"inLanguage":"fr-FR"},{"@type":"Organization","@id":"https:\/\/stgbc.bcweededible.net\/fr\/#organization","name":"BC Weed Edible","url":"https:\/\/stgbc.bcweededible.net\/fr\/","logo":{"@type":"ImageObject","inLanguage":"fr-FR","@id":"https:\/\/stgbc.bcweededible.net\/fr\/#\/schema\/logo\/image\/","url":"https:\/\/stgbc.bcweededible.net\/wp-content\/uploads\/2021\/12\/bc-weed-edible-canada.png","contentUrl":"https:\/\/stgbc.bcweededible.net\/wp-content\/uploads\/2021\/12\/bc-weed-edible-canada.png","width":270,"height":185,"caption":"BC Weed Edible"},"image":{"@id":"https:\/\/stgbc.bcweededible.net\/fr\/#\/schema\/logo\/image\/"}}]}},"_links":{"self":[{"href":"https:\/\/stgbc.bcweededible.net\/fr\/wp-json\/wp\/v2\/product\/69178","targetHints":{"allow":["GET"]}}],"collection":[{"href":"https:\/\/stgbc.bcweededible.net\/fr\/wp-json\/wp\/v2\/product"}],"about":[{"href":"https:\/\/stgbc.bcweededible.net\/fr\/wp-json\/wp\/v2\/types\/product"}],"replies":[{"embeddable":true,"href":"https:\/\/stgbc.bcweededible.net\/fr\/wp-json\/wp\/v2\/comments?post=69178"}],"wp:featuredmedia":[{"embeddable":true,"href":"https:\/\/stgbc.bcweededible.net\/fr\/wp-json\/wp\/v2\/media\/16125"}],"wp:attachment":[{"href":"https:\/\/stgbc.bcweededible.net\/fr\/wp-json\/wp\/v2\/media?parent=69178"}],"wp:term":[{"taxonomy":"product_brand","embeddable":true,"href":"https:\/\/stgbc.bcweededible.net\/fr\/wp-json\/wp\/v2\/product_brand?post=69178"},{"taxonomy":"product_cat","embeddable":true,"href":"https:\/\/stgbc.bcweededible.net\/fr\/wp-json\/wp\/v2\/product_cat?post=69178"},{"taxonomy":"product_tag","embeddable":true,"href":"https:\/\/stgbc.bcweededible.net\/fr\/wp-json\/wp\/v2\/product_tag?post=69178"}],"curies":[{"name":"wp","href":"https:\/\/api.w.org\/{rel}","templated":true}]}}