{"id":69161,"date":"2024-02-21T09:21:46","date_gmt":"2024-03-05T17:46:48","guid":{"rendered":"https:\/\/bcweededible.net\/buy\/non%20class\u00e9\/aaaa-kush-mac-139oz\/"},"modified":"2025-06-07T08:02:37","modified_gmt":"2025-06-07T15:02:37","slug":"aaaa-kush-mac-139oz","status":"publish","type":"product","link":"https:\/\/stgbc.bcweededible.net\/fr\/buy\/fleurs-cannabis\/aaaa\/aaaa-kush-mac-139oz\/","title":{"rendered":"AAAA Kush MAC (139oz)"},"content":{"rendered":"","protected":false},"excerpt":{"rendered":"<p><strong>Kmac<\/strong> est une <strong>vari\u00e9t\u00e9 hybride<\/strong> exquise, issue de la <strong>fusion d&#8217;Animal Cookies et de Kush Mints<\/strong>. Ce m\u00e9lange pr\u00e9sente un \u00e9quilibre parfait, avec une r\u00e9partition \u00e9gale de <strong>50 % de g\u00e8nes sativa et 50 % de g\u00e8nes indica<\/strong>. Le Kmac, qui se distingue par sa lign\u00e9e exclusive, est c\u00e9l\u00e9br\u00e9 pour ses caract\u00e9ristiques uniques. Avec une <strong>teneur en THC de 22-25%<\/strong>, il est con\u00e7u pour satisfaire les d\u00e9sirs des amateurs de cannabis exp\u00e9riment\u00e9s \u00e0 la recherche d&#8217;effets intenses.<\/p>\n<p>Le Kmac est appr\u00e9ci\u00e9 pour son profil complexe de <strong>saveurs terreuses et menthol\u00e9es<\/strong>, avec un c\u00f4t\u00e9 gazeux distinct. La pr\u00e9sence de limon\u00e8ne comme terp\u00e8ne principal amplifie les qualit\u00e9s ascendantes. Kmac pr\u00e9sente un parfum et une saveur d\u00e9lectable rappelant la <strong>menthe et les biscuits<\/strong>. La raret\u00e9 du Kmac renforce son attrait. Cette vari\u00e9t\u00e9 exceptionnelle promet une exp\u00e9rience in\u00e9gal\u00e9e \u00e0 ceux qui ont la chance de la d\u00e9couvrir.<\/p>\n<div class=\"ng-star-inserted\">\n<p><strong>Buds moyens, givr\u00e9s et denses, pleins de puissance<\/strong>. Le nez est fou, il faut le sentir pour le croire ! 139oz seulement, c&#8217;est une aubaine !<\/p>\n<\/div>\n","protected":false},"featured_media":66739,"comment_status":"open","ping_status":"closed","template":"","meta":[],"product_brand":[],"product_cat":[291,245,737,293,294],"product_tag":[],"class_list":{"0":"post-69161","1":"product","2":"type-product","3":"status-publish","4":"has-post-thumbnail","6":"product_cat-aaaa","7":"product_cat-fleurs-cannabis","8":"product_cat-haute-teneur-en-thc","9":"product_cat-hybrid-fr","10":"product_cat-indica-fr","12":"first","13":"outofstock","14":"shipping-taxable","15":"purchasable","16":"product-type-variable","17":"has-default-attributes"},"yoast_head":"\n<title>Acheter AAAA Kush MAC (139oz) en Ligne Canada | BC Weed Edible<\/title>\n<meta name=\"robots\" content=\"index, follow, max-snippet:-1, max-image-preview:large, max-video-preview:-1\" \/>\n<link rel=\"canonical\" href=\"https:\/\/stgbc.bcweededible.net\/fr\/buy\/fleurs-cannabis\/aaaa\/aaaa-kush-mac-139oz\/\" \/>\n<meta property=\"og:locale\" content=\"fr_FR\" \/>\n<meta property=\"og:type\" content=\"article\" \/>\n<meta property=\"og:title\" content=\"Acheter AAAA Kush MAC (139oz) en Ligne Canada | BC Weed Edible\" \/>\n<meta property=\"og:description\" content=\"Kmac est une vari\u00e9t\u00e9 hybride exquise, issue de la fusion d&#039;Animal Cookies et de Kush Mints. Ce m\u00e9lange pr\u00e9sente un \u00e9quilibre parfait, avec une r\u00e9partition \u00e9gale de 50 % de g\u00e8nes sativa et 50 % de g\u00e8nes indica. Le Kmac, qui se distingue par sa lign\u00e9e exclusive, est c\u00e9l\u00e9br\u00e9 pour ses caract\u00e9ristiques uniques. Avec une teneur en THC de 22-25%, il est con\u00e7u pour satisfaire les d\u00e9sirs des amateurs de cannabis exp\u00e9riment\u00e9s \u00e0 la recherche d&#039;effets intenses. Le Kmac est appr\u00e9ci\u00e9 pour son profil complexe de saveurs terreuses et menthol\u00e9es, avec un c\u00f4t\u00e9 gazeux distinct. La pr\u00e9sence de limon\u00e8ne comme terp\u00e8ne principal amplifie les qualit\u00e9s ascendantes. Kmac pr\u00e9sente un parfum et une saveur d\u00e9lectable rappelant la menthe et les biscuits. La raret\u00e9 du Kmac renforce son attrait. Cette vari\u00e9t\u00e9 exceptionnelle promet une exp\u00e9rience in\u00e9gal\u00e9e \u00e0 ceux qui ont la chance de la d\u00e9couvrir. Buds moyens, givr\u00e9s et denses, pleins de puissance. Le nez est fou, il faut le sentir pour le croire ! 139oz seulement, c&#039;est une aubaine !\" \/>\n<meta property=\"og:url\" content=\"https:\/\/stgbc.bcweededible.net\/fr\/buy\/fleurs-cannabis\/aaaa\/aaaa-kush-mac-139oz\/\" \/>\n<meta property=\"og:site_name\" content=\"BC Weed Edible\" \/>\n<meta property=\"article:modified_time\" content=\"2025-06-07T15:02:37+00:00\" \/>\n<meta property=\"og:image\" content=\"https:\/\/stgbc.bcweededible.net\/wp-content\/uploads\/2024\/02\/KMAC-1.jpg\" \/>\n\t<meta property=\"og:image:width\" content=\"1000\" \/>\n\t<meta property=\"og:image:height\" content=\"1000\" \/>\n\t<meta property=\"og:image:type\" content=\"image\/jpeg\" \/>\n<meta name=\"twitter:card\" content=\"summary_large_image\" \/>\n<script type=\"application\/ld+json\" class=\"yoast-schema-graph\">{\"@context\":\"https:\\\/\\\/schema.org\",\"@graph\":[{\"@type\":\"WebPage\",\"@id\":\"https:\\\/\\\/stgbc.bcweededible.net\\\/fr\\\/buy\\\/fleurs-cannabis\\\/aaaa\\\/aaaa-kush-mac-139oz\\\/\",\"url\":\"https:\\\/\\\/stgbc.bcweededible.net\\\/fr\\\/buy\\\/fleurs-cannabis\\\/aaaa\\\/aaaa-kush-mac-139oz\\\/\",\"name\":\"Acheter AAAA Kush MAC (139oz) en Ligne Canada | BC Weed Edible\",\"isPartOf\":{\"@id\":\"https:\\\/\\\/stgbc.bcweededible.net\\\/fr\\\/#website\"},\"primaryImageOfPage\":{\"@id\":\"https:\\\/\\\/stgbc.bcweededible.net\\\/fr\\\/buy\\\/fleurs-cannabis\\\/aaaa\\\/aaaa-kush-mac-139oz\\\/#primaryimage\"},\"image\":{\"@id\":\"https:\\\/\\\/stgbc.bcweededible.net\\\/fr\\\/buy\\\/fleurs-cannabis\\\/aaaa\\\/aaaa-kush-mac-139oz\\\/#primaryimage\"},\"thumbnailUrl\":\"https:\\\/\\\/stgbc.bcweededible.net\\\/wp-content\\\/uploads\\\/2024\\\/02\\\/KMAC-1.jpg\",\"datePublished\":\"2024-03-05T17:46:48+00:00\",\"dateModified\":\"2025-06-07T15:02:37+00:00\",\"breadcrumb\":{\"@id\":\"https:\\\/\\\/stgbc.bcweededible.net\\\/fr\\\/buy\\\/fleurs-cannabis\\\/aaaa\\\/aaaa-kush-mac-139oz\\\/#breadcrumb\"},\"inLanguage\":\"fr-FR\",\"potentialAction\":[{\"@type\":\"ReadAction\",\"target\":[\"https:\\\/\\\/stgbc.bcweededible.net\\\/fr\\\/buy\\\/fleurs-cannabis\\\/aaaa\\\/aaaa-kush-mac-139oz\\\/\"]}]},{\"@type\":\"ImageObject\",\"inLanguage\":\"fr-FR\",\"@id\":\"https:\\\/\\\/stgbc.bcweededible.net\\\/fr\\\/buy\\\/fleurs-cannabis\\\/aaaa\\\/aaaa-kush-mac-139oz\\\/#primaryimage\",\"url\":\"https:\\\/\\\/stgbc.bcweededible.net\\\/wp-content\\\/uploads\\\/2024\\\/02\\\/KMAC-1.jpg\",\"contentUrl\":\"https:\\\/\\\/stgbc.bcweededible.net\\\/wp-content\\\/uploads\\\/2024\\\/02\\\/KMAC-1.jpg\",\"width\":1000,\"height\":1000},{\"@type\":\"BreadcrumbList\",\"@id\":\"https:\\\/\\\/stgbc.bcweededible.net\\\/fr\\\/buy\\\/fleurs-cannabis\\\/aaaa\\\/aaaa-kush-mac-139oz\\\/#breadcrumb\",\"itemListElement\":[{\"@type\":\"ListItem\",\"position\":1,\"name\":\"Jujubes au Pot Canada\",\"item\":\"https:\\\/\\\/stgbc.bcweededible.net\\\/fr\\\/shop\\\/\"},{\"@type\":\"ListItem\",\"position\":2,\"name\":\"AAAA Kush MAC (139oz)\"}]},{\"@type\":\"WebSite\",\"@id\":\"https:\\\/\\\/stgbc.bcweededible.net\\\/fr\\\/#website\",\"url\":\"https:\\\/\\\/stgbc.bcweededible.net\\\/fr\\\/\",\"name\":\"BC Weed Edible\",\"description\":\"\",\"publisher\":{\"@id\":\"https:\\\/\\\/stgbc.bcweededible.net\\\/fr\\\/#organization\"},\"potentialAction\":[{\"@type\":\"SearchAction\",\"target\":{\"@type\":\"EntryPoint\",\"urlTemplate\":\"https:\\\/\\\/stgbc.bcweededible.net\\\/fr\\\/?s={search_term_string}\"},\"query-input\":{\"@type\":\"PropertyValueSpecification\",\"valueRequired\":true,\"valueName\":\"search_term_string\"}}],\"inLanguage\":\"fr-FR\"},{\"@type\":\"Organization\",\"@id\":\"https:\\\/\\\/stgbc.bcweededible.net\\\/fr\\\/#organization\",\"name\":\"BC Weed Edible\",\"url\":\"https:\\\/\\\/stgbc.bcweededible.net\\\/fr\\\/\",\"logo\":{\"@type\":\"ImageObject\",\"inLanguage\":\"fr-FR\",\"@id\":\"https:\\\/\\\/stgbc.bcweededible.net\\\/fr\\\/#\\\/schema\\\/logo\\\/image\\\/\",\"url\":\"https:\\\/\\\/stgbc.bcweededible.net\\\/wp-content\\\/uploads\\\/2021\\\/12\\\/bc-weed-edible-canada.png\",\"contentUrl\":\"https:\\\/\\\/stgbc.bcweededible.net\\\/wp-content\\\/uploads\\\/2021\\\/12\\\/bc-weed-edible-canada.png\",\"width\":270,\"height\":185,\"caption\":\"BC Weed Edible\"},\"image\":{\"@id\":\"https:\\\/\\\/stgbc.bcweededible.net\\\/fr\\\/#\\\/schema\\\/logo\\\/image\\\/\"}}]}<\/script>\n","yoast_head_json":{"title":"Acheter AAAA Kush MAC (139oz) en Ligne Canada | BC Weed Edible","robots":{"index":"index","follow":"follow","max-snippet":"max-snippet:-1","max-image-preview":"max-image-preview:large","max-video-preview":"max-video-preview:-1"},"canonical":"https:\/\/stgbc.bcweededible.net\/fr\/buy\/fleurs-cannabis\/aaaa\/aaaa-kush-mac-139oz\/","og_locale":"fr_FR","og_type":"article","og_title":"Acheter AAAA Kush MAC (139oz) en Ligne Canada | BC Weed Edible","og_description":"Kmac est une vari\u00e9t\u00e9 hybride exquise, issue de la fusion d'Animal Cookies et de Kush Mints. Ce m\u00e9lange pr\u00e9sente un \u00e9quilibre parfait, avec une r\u00e9partition \u00e9gale de 50 % de g\u00e8nes sativa et 50 % de g\u00e8nes indica. Le Kmac, qui se distingue par sa lign\u00e9e exclusive, est c\u00e9l\u00e9br\u00e9 pour ses caract\u00e9ristiques uniques. Avec une teneur en THC de 22-25%, il est con\u00e7u pour satisfaire les d\u00e9sirs des amateurs de cannabis exp\u00e9riment\u00e9s \u00e0 la recherche d'effets intenses. Le Kmac est appr\u00e9ci\u00e9 pour son profil complexe de saveurs terreuses et menthol\u00e9es, avec un c\u00f4t\u00e9 gazeux distinct. La pr\u00e9sence de limon\u00e8ne comme terp\u00e8ne principal amplifie les qualit\u00e9s ascendantes. Kmac pr\u00e9sente un parfum et une saveur d\u00e9lectable rappelant la menthe et les biscuits. La raret\u00e9 du Kmac renforce son attrait. Cette vari\u00e9t\u00e9 exceptionnelle promet une exp\u00e9rience in\u00e9gal\u00e9e \u00e0 ceux qui ont la chance de la d\u00e9couvrir. Buds moyens, givr\u00e9s et denses, pleins de puissance. Le nez est fou, il faut le sentir pour le croire ! 139oz seulement, c'est une aubaine !","og_url":"https:\/\/stgbc.bcweededible.net\/fr\/buy\/fleurs-cannabis\/aaaa\/aaaa-kush-mac-139oz\/","og_site_name":"BC Weed Edible","article_modified_time":"2025-06-07T15:02:37+00:00","og_image":[{"width":1000,"height":1000,"url":"https:\/\/stgbc.bcweededible.net\/wp-content\/uploads\/2024\/02\/KMAC-1.jpg","type":"image\/jpeg"}],"twitter_card":"summary_large_image","schema":{"@context":"https:\/\/schema.org","@graph":[{"@type":"WebPage","@id":"https:\/\/stgbc.bcweededible.net\/fr\/buy\/fleurs-cannabis\/aaaa\/aaaa-kush-mac-139oz\/","url":"https:\/\/stgbc.bcweededible.net\/fr\/buy\/fleurs-cannabis\/aaaa\/aaaa-kush-mac-139oz\/","name":"Acheter AAAA Kush MAC (139oz) en Ligne Canada | BC Weed Edible","isPartOf":{"@id":"https:\/\/stgbc.bcweededible.net\/fr\/#website"},"primaryImageOfPage":{"@id":"https:\/\/stgbc.bcweededible.net\/fr\/buy\/fleurs-cannabis\/aaaa\/aaaa-kush-mac-139oz\/#primaryimage"},"image":{"@id":"https:\/\/stgbc.bcweededible.net\/fr\/buy\/fleurs-cannabis\/aaaa\/aaaa-kush-mac-139oz\/#primaryimage"},"thumbnailUrl":"https:\/\/stgbc.bcweededible.net\/wp-content\/uploads\/2024\/02\/KMAC-1.jpg","datePublished":"2024-03-05T17:46:48+00:00","dateModified":"2025-06-07T15:02:37+00:00","breadcrumb":{"@id":"https:\/\/stgbc.bcweededible.net\/fr\/buy\/fleurs-cannabis\/aaaa\/aaaa-kush-mac-139oz\/#breadcrumb"},"inLanguage":"fr-FR","potentialAction":[{"@type":"ReadAction","target":["https:\/\/stgbc.bcweededible.net\/fr\/buy\/fleurs-cannabis\/aaaa\/aaaa-kush-mac-139oz\/"]}]},{"@type":"ImageObject","inLanguage":"fr-FR","@id":"https:\/\/stgbc.bcweededible.net\/fr\/buy\/fleurs-cannabis\/aaaa\/aaaa-kush-mac-139oz\/#primaryimage","url":"https:\/\/stgbc.bcweededible.net\/wp-content\/uploads\/2024\/02\/KMAC-1.jpg","contentUrl":"https:\/\/stgbc.bcweededible.net\/wp-content\/uploads\/2024\/02\/KMAC-1.jpg","width":1000,"height":1000},{"@type":"BreadcrumbList","@id":"https:\/\/stgbc.bcweededible.net\/fr\/buy\/fleurs-cannabis\/aaaa\/aaaa-kush-mac-139oz\/#breadcrumb","itemListElement":[{"@type":"ListItem","position":1,"name":"Jujubes au Pot Canada","item":"https:\/\/stgbc.bcweededible.net\/fr\/shop\/"},{"@type":"ListItem","position":2,"name":"AAAA Kush MAC (139oz)"}]},{"@type":"WebSite","@id":"https:\/\/stgbc.bcweededible.net\/fr\/#website","url":"https:\/\/stgbc.bcweededible.net\/fr\/","name":"BC Weed Edible","description":"","publisher":{"@id":"https:\/\/stgbc.bcweededible.net\/fr\/#organization"},"potentialAction":[{"@type":"SearchAction","target":{"@type":"EntryPoint","urlTemplate":"https:\/\/stgbc.bcweededible.net\/fr\/?s={search_term_string}"},"query-input":{"@type":"PropertyValueSpecification","valueRequired":true,"valueName":"search_term_string"}}],"inLanguage":"fr-FR"},{"@type":"Organization","@id":"https:\/\/stgbc.bcweededible.net\/fr\/#organization","name":"BC Weed Edible","url":"https:\/\/stgbc.bcweededible.net\/fr\/","logo":{"@type":"ImageObject","inLanguage":"fr-FR","@id":"https:\/\/stgbc.bcweededible.net\/fr\/#\/schema\/logo\/image\/","url":"https:\/\/stgbc.bcweededible.net\/wp-content\/uploads\/2021\/12\/bc-weed-edible-canada.png","contentUrl":"https:\/\/stgbc.bcweededible.net\/wp-content\/uploads\/2021\/12\/bc-weed-edible-canada.png","width":270,"height":185,"caption":"BC Weed Edible"},"image":{"@id":"https:\/\/stgbc.bcweededible.net\/fr\/#\/schema\/logo\/image\/"}}]}},"_links":{"self":[{"href":"https:\/\/stgbc.bcweededible.net\/fr\/wp-json\/wp\/v2\/product\/69161","targetHints":{"allow":["GET"]}}],"collection":[{"href":"https:\/\/stgbc.bcweededible.net\/fr\/wp-json\/wp\/v2\/product"}],"about":[{"href":"https:\/\/stgbc.bcweededible.net\/fr\/wp-json\/wp\/v2\/types\/product"}],"replies":[{"embeddable":true,"href":"https:\/\/stgbc.bcweededible.net\/fr\/wp-json\/wp\/v2\/comments?post=69161"}],"wp:featuredmedia":[{"embeddable":true,"href":"https:\/\/stgbc.bcweededible.net\/fr\/wp-json\/wp\/v2\/media\/66739"}],"wp:attachment":[{"href":"https:\/\/stgbc.bcweededible.net\/fr\/wp-json\/wp\/v2\/media?parent=69161"}],"wp:term":[{"taxonomy":"product_brand","embeddable":true,"href":"https:\/\/stgbc.bcweededible.net\/fr\/wp-json\/wp\/v2\/product_brand?post=69161"},{"taxonomy":"product_cat","embeddable":true,"href":"https:\/\/stgbc.bcweededible.net\/fr\/wp-json\/wp\/v2\/product_cat?post=69161"},{"taxonomy":"product_tag","embeddable":true,"href":"https:\/\/stgbc.bcweededible.net\/fr\/wp-json\/wp\/v2\/product_tag?post=69161"}],"curies":[{"name":"wp","href":"https:\/\/api.w.org\/{rel}","templated":true}]}}