{"id":69160,"date":"2024-02-21T09:21:19","date_gmt":"2024-03-05T17:46:48","guid":{"rendered":"https:\/\/bcweededible.net\/buy\/non%20class\u00e9\/aaaa-burt-reynolds-kootenay-exotics\/"},"modified":"2026-03-17T15:42:58","modified_gmt":"2026-03-17T22:42:58","slug":"aaaa-burt-reynolds-kootenay-exotics","status":"publish","type":"product","link":"https:\/\/stgbc.bcweededible.net\/fr\/buy\/fleurs-cannabis\/aaaa\/aaaa-burt-reynolds-kootenay-exotics\/","title":{"rendered":"AAAA+ Burt Reynolds (Kootenay Exotics)"},"content":{"rendered":"","protected":false},"excerpt":{"rendered":"<p><strong>Burt Reynolds<\/strong>, une vari\u00e9t\u00e9 hybride \u00e0 dominance indica <strong>(70% indica\/30% sativa<\/strong>), est n\u00e9e du trio embl\u00e9matique<a href=\"https:\/\/stgbc.bcweededible.net\/fr\/buy\/gros\/pot-gros\/og-kush\/\"> OG Kush<\/a>, Chemdawg et Hash Plant. Ce m\u00e9lange de c\u00e9l\u00e9brit\u00e9s produit un Buds puissant connu pour ses effets intenses et durables qui induisent un sommeil profond. Avec une <strong>concentration en THC de 23 \u00e0 25 %<\/strong>, la saveur est un m\u00e9lange classique de kush au citron acidul\u00e9 avec des notes \u00e9pic\u00e9es et terreuses.<\/p>\n<div class=\"ng-star-inserted\">\n<p><strong>GROS &amp; Denses Buds couverts de cristaux blancs dor\u00e9s. Les Buds sont collants et l&#8217;odeur est incroyable.<\/strong> D\u00e9finitivement une vari\u00e9t\u00e9 dont vous devriez vous vanter et que vous devriez partager avec vos amis proches.<\/p>\n<\/div>\n","protected":false},"featured_media":66727,"comment_status":"open","ping_status":"closed","template":"","meta":[],"product_brand":[],"product_cat":[291,245,737,293,294],"product_tag":[],"class_list":{"0":"post-69160","1":"product","2":"type-product","3":"status-publish","4":"has-post-thumbnail","6":"product_cat-aaaa","7":"product_cat-fleurs-cannabis","8":"product_cat-haute-teneur-en-thc","9":"product_cat-hybrid-fr","10":"product_cat-indica-fr","12":"first","13":"outofstock","14":"shipping-taxable","15":"purchasable","16":"product-type-variable","17":"has-default-attributes"},"yoast_head":"\n<title>Acheter AAAA+ Burt Reynolds (Kootenay Exotics) en Ligne Canada | BC Weed Edible<\/title>\n<meta name=\"robots\" content=\"index, follow, max-snippet:-1, max-image-preview:large, max-video-preview:-1\" \/>\n<link rel=\"canonical\" href=\"https:\/\/stgbc.bcweededible.net\/fr\/buy\/fleurs-cannabis\/aaaa\/aaaa-burt-reynolds-kootenay-exotics\/\" \/>\n<meta property=\"og:locale\" content=\"fr_FR\" \/>\n<meta property=\"og:type\" content=\"article\" \/>\n<meta property=\"og:title\" content=\"Acheter AAAA+ Burt Reynolds (Kootenay Exotics) en Ligne Canada | BC Weed Edible\" \/>\n<meta property=\"og:description\" content=\"Burt Reynolds, une vari\u00e9t\u00e9 hybride \u00e0 dominance indica (70% indica\/30% sativa), est n\u00e9e du trio embl\u00e9matique OG Kush, Chemdawg et Hash Plant. Ce m\u00e9lange de c\u00e9l\u00e9brit\u00e9s produit un Buds puissant connu pour ses effets intenses et durables qui induisent un sommeil profond. Avec une concentration en THC de 23 \u00e0 25 %, la saveur est un m\u00e9lange classique de kush au citron acidul\u00e9 avec des notes \u00e9pic\u00e9es et terreuses. GROS &amp; Denses Buds couverts de cristaux blancs dor\u00e9s. Les Buds sont collants et l&#039;odeur est incroyable. D\u00e9finitivement une vari\u00e9t\u00e9 dont vous devriez vous vanter et que vous devriez partager avec vos amis proches.\" \/>\n<meta property=\"og:url\" content=\"https:\/\/stgbc.bcweededible.net\/fr\/buy\/fleurs-cannabis\/aaaa\/aaaa-burt-reynolds-kootenay-exotics\/\" \/>\n<meta property=\"og:site_name\" content=\"BC Weed Edible\" \/>\n<meta property=\"article:modified_time\" content=\"2026-03-17T22:42:58+00:00\" \/>\n<meta property=\"og:image\" content=\"https:\/\/stgbc.bcweededible.net\/wp-content\/uploads\/2024\/02\/Burt-reynolds2.jpg\" \/>\n\t<meta property=\"og:image:width\" content=\"1000\" \/>\n\t<meta property=\"og:image:height\" content=\"1000\" \/>\n\t<meta property=\"og:image:type\" content=\"image\/jpeg\" \/>\n<meta name=\"twitter:card\" content=\"summary_large_image\" \/>\n<script type=\"application\/ld+json\" class=\"yoast-schema-graph\">{\"@context\":\"https:\\\/\\\/schema.org\",\"@graph\":[{\"@type\":\"WebPage\",\"@id\":\"https:\\\/\\\/stgbc.bcweededible.net\\\/fr\\\/buy\\\/fleurs-cannabis\\\/aaaa\\\/aaaa-burt-reynolds-kootenay-exotics\\\/\",\"url\":\"https:\\\/\\\/stgbc.bcweededible.net\\\/fr\\\/buy\\\/fleurs-cannabis\\\/aaaa\\\/aaaa-burt-reynolds-kootenay-exotics\\\/\",\"name\":\"Acheter AAAA+ Burt Reynolds (Kootenay Exotics) en Ligne Canada | BC Weed Edible\",\"isPartOf\":{\"@id\":\"https:\\\/\\\/stgbc.bcweededible.net\\\/fr\\\/#website\"},\"primaryImageOfPage\":{\"@id\":\"https:\\\/\\\/stgbc.bcweededible.net\\\/fr\\\/buy\\\/fleurs-cannabis\\\/aaaa\\\/aaaa-burt-reynolds-kootenay-exotics\\\/#primaryimage\"},\"image\":{\"@id\":\"https:\\\/\\\/stgbc.bcweededible.net\\\/fr\\\/buy\\\/fleurs-cannabis\\\/aaaa\\\/aaaa-burt-reynolds-kootenay-exotics\\\/#primaryimage\"},\"thumbnailUrl\":\"https:\\\/\\\/stgbc.bcweededible.net\\\/wp-content\\\/uploads\\\/2024\\\/02\\\/Burt-reynolds2.jpg\",\"datePublished\":\"2024-03-05T17:46:48+00:00\",\"dateModified\":\"2026-03-17T22:42:58+00:00\",\"breadcrumb\":{\"@id\":\"https:\\\/\\\/stgbc.bcweededible.net\\\/fr\\\/buy\\\/fleurs-cannabis\\\/aaaa\\\/aaaa-burt-reynolds-kootenay-exotics\\\/#breadcrumb\"},\"inLanguage\":\"fr-FR\",\"potentialAction\":[{\"@type\":\"ReadAction\",\"target\":[\"https:\\\/\\\/stgbc.bcweededible.net\\\/fr\\\/buy\\\/fleurs-cannabis\\\/aaaa\\\/aaaa-burt-reynolds-kootenay-exotics\\\/\"]}]},{\"@type\":\"ImageObject\",\"inLanguage\":\"fr-FR\",\"@id\":\"https:\\\/\\\/stgbc.bcweededible.net\\\/fr\\\/buy\\\/fleurs-cannabis\\\/aaaa\\\/aaaa-burt-reynolds-kootenay-exotics\\\/#primaryimage\",\"url\":\"https:\\\/\\\/stgbc.bcweededible.net\\\/wp-content\\\/uploads\\\/2024\\\/02\\\/Burt-reynolds2.jpg\",\"contentUrl\":\"https:\\\/\\\/stgbc.bcweededible.net\\\/wp-content\\\/uploads\\\/2024\\\/02\\\/Burt-reynolds2.jpg\",\"width\":1000,\"height\":1000},{\"@type\":\"BreadcrumbList\",\"@id\":\"https:\\\/\\\/stgbc.bcweededible.net\\\/fr\\\/buy\\\/fleurs-cannabis\\\/aaaa\\\/aaaa-burt-reynolds-kootenay-exotics\\\/#breadcrumb\",\"itemListElement\":[{\"@type\":\"ListItem\",\"position\":1,\"name\":\"Jujubes au Pot Canada\",\"item\":\"https:\\\/\\\/stgbc.bcweededible.net\\\/fr\\\/shop\\\/\"},{\"@type\":\"ListItem\",\"position\":2,\"name\":\"AAAA+ Burt Reynolds (Kootenay Exotics)\"}]},{\"@type\":\"WebSite\",\"@id\":\"https:\\\/\\\/stgbc.bcweededible.net\\\/fr\\\/#website\",\"url\":\"https:\\\/\\\/stgbc.bcweededible.net\\\/fr\\\/\",\"name\":\"BC Weed Edible\",\"description\":\"\",\"publisher\":{\"@id\":\"https:\\\/\\\/stgbc.bcweededible.net\\\/fr\\\/#organization\"},\"potentialAction\":[{\"@type\":\"SearchAction\",\"target\":{\"@type\":\"EntryPoint\",\"urlTemplate\":\"https:\\\/\\\/stgbc.bcweededible.net\\\/fr\\\/?s={search_term_string}\"},\"query-input\":{\"@type\":\"PropertyValueSpecification\",\"valueRequired\":true,\"valueName\":\"search_term_string\"}}],\"inLanguage\":\"fr-FR\"},{\"@type\":\"Organization\",\"@id\":\"https:\\\/\\\/stgbc.bcweededible.net\\\/fr\\\/#organization\",\"name\":\"BC Weed Edible\",\"url\":\"https:\\\/\\\/stgbc.bcweededible.net\\\/fr\\\/\",\"logo\":{\"@type\":\"ImageObject\",\"inLanguage\":\"fr-FR\",\"@id\":\"https:\\\/\\\/stgbc.bcweededible.net\\\/fr\\\/#\\\/schema\\\/logo\\\/image\\\/\",\"url\":\"https:\\\/\\\/stgbc.bcweededible.net\\\/wp-content\\\/uploads\\\/2021\\\/12\\\/bc-weed-edible-canada.png\",\"contentUrl\":\"https:\\\/\\\/stgbc.bcweededible.net\\\/wp-content\\\/uploads\\\/2021\\\/12\\\/bc-weed-edible-canada.png\",\"width\":270,\"height\":185,\"caption\":\"BC Weed Edible\"},\"image\":{\"@id\":\"https:\\\/\\\/stgbc.bcweededible.net\\\/fr\\\/#\\\/schema\\\/logo\\\/image\\\/\"}}]}<\/script>\n","yoast_head_json":{"title":"Acheter AAAA+ Burt Reynolds (Kootenay Exotics) en Ligne Canada | BC Weed Edible","robots":{"index":"index","follow":"follow","max-snippet":"max-snippet:-1","max-image-preview":"max-image-preview:large","max-video-preview":"max-video-preview:-1"},"canonical":"https:\/\/stgbc.bcweededible.net\/fr\/buy\/fleurs-cannabis\/aaaa\/aaaa-burt-reynolds-kootenay-exotics\/","og_locale":"fr_FR","og_type":"article","og_title":"Acheter AAAA+ Burt Reynolds (Kootenay Exotics) en Ligne Canada | BC Weed Edible","og_description":"Burt Reynolds, une vari\u00e9t\u00e9 hybride \u00e0 dominance indica (70% indica\/30% sativa), est n\u00e9e du trio embl\u00e9matique OG Kush, Chemdawg et Hash Plant. Ce m\u00e9lange de c\u00e9l\u00e9brit\u00e9s produit un Buds puissant connu pour ses effets intenses et durables qui induisent un sommeil profond. Avec une concentration en THC de 23 \u00e0 25 %, la saveur est un m\u00e9lange classique de kush au citron acidul\u00e9 avec des notes \u00e9pic\u00e9es et terreuses. GROS &amp; Denses Buds couverts de cristaux blancs dor\u00e9s. Les Buds sont collants et l'odeur est incroyable. D\u00e9finitivement une vari\u00e9t\u00e9 dont vous devriez vous vanter et que vous devriez partager avec vos amis proches.","og_url":"https:\/\/stgbc.bcweededible.net\/fr\/buy\/fleurs-cannabis\/aaaa\/aaaa-burt-reynolds-kootenay-exotics\/","og_site_name":"BC Weed Edible","article_modified_time":"2026-03-17T22:42:58+00:00","og_image":[{"width":1000,"height":1000,"url":"https:\/\/stgbc.bcweededible.net\/wp-content\/uploads\/2024\/02\/Burt-reynolds2.jpg","type":"image\/jpeg"}],"twitter_card":"summary_large_image","schema":{"@context":"https:\/\/schema.org","@graph":[{"@type":"WebPage","@id":"https:\/\/stgbc.bcweededible.net\/fr\/buy\/fleurs-cannabis\/aaaa\/aaaa-burt-reynolds-kootenay-exotics\/","url":"https:\/\/stgbc.bcweededible.net\/fr\/buy\/fleurs-cannabis\/aaaa\/aaaa-burt-reynolds-kootenay-exotics\/","name":"Acheter AAAA+ Burt Reynolds (Kootenay Exotics) en Ligne Canada | BC Weed Edible","isPartOf":{"@id":"https:\/\/stgbc.bcweededible.net\/fr\/#website"},"primaryImageOfPage":{"@id":"https:\/\/stgbc.bcweededible.net\/fr\/buy\/fleurs-cannabis\/aaaa\/aaaa-burt-reynolds-kootenay-exotics\/#primaryimage"},"image":{"@id":"https:\/\/stgbc.bcweededible.net\/fr\/buy\/fleurs-cannabis\/aaaa\/aaaa-burt-reynolds-kootenay-exotics\/#primaryimage"},"thumbnailUrl":"https:\/\/stgbc.bcweededible.net\/wp-content\/uploads\/2024\/02\/Burt-reynolds2.jpg","datePublished":"2024-03-05T17:46:48+00:00","dateModified":"2026-03-17T22:42:58+00:00","breadcrumb":{"@id":"https:\/\/stgbc.bcweededible.net\/fr\/buy\/fleurs-cannabis\/aaaa\/aaaa-burt-reynolds-kootenay-exotics\/#breadcrumb"},"inLanguage":"fr-FR","potentialAction":[{"@type":"ReadAction","target":["https:\/\/stgbc.bcweededible.net\/fr\/buy\/fleurs-cannabis\/aaaa\/aaaa-burt-reynolds-kootenay-exotics\/"]}]},{"@type":"ImageObject","inLanguage":"fr-FR","@id":"https:\/\/stgbc.bcweededible.net\/fr\/buy\/fleurs-cannabis\/aaaa\/aaaa-burt-reynolds-kootenay-exotics\/#primaryimage","url":"https:\/\/stgbc.bcweededible.net\/wp-content\/uploads\/2024\/02\/Burt-reynolds2.jpg","contentUrl":"https:\/\/stgbc.bcweededible.net\/wp-content\/uploads\/2024\/02\/Burt-reynolds2.jpg","width":1000,"height":1000},{"@type":"BreadcrumbList","@id":"https:\/\/stgbc.bcweededible.net\/fr\/buy\/fleurs-cannabis\/aaaa\/aaaa-burt-reynolds-kootenay-exotics\/#breadcrumb","itemListElement":[{"@type":"ListItem","position":1,"name":"Jujubes au Pot Canada","item":"https:\/\/stgbc.bcweededible.net\/fr\/shop\/"},{"@type":"ListItem","position":2,"name":"AAAA+ Burt Reynolds (Kootenay Exotics)"}]},{"@type":"WebSite","@id":"https:\/\/stgbc.bcweededible.net\/fr\/#website","url":"https:\/\/stgbc.bcweededible.net\/fr\/","name":"BC Weed Edible","description":"","publisher":{"@id":"https:\/\/stgbc.bcweededible.net\/fr\/#organization"},"potentialAction":[{"@type":"SearchAction","target":{"@type":"EntryPoint","urlTemplate":"https:\/\/stgbc.bcweededible.net\/fr\/?s={search_term_string}"},"query-input":{"@type":"PropertyValueSpecification","valueRequired":true,"valueName":"search_term_string"}}],"inLanguage":"fr-FR"},{"@type":"Organization","@id":"https:\/\/stgbc.bcweededible.net\/fr\/#organization","name":"BC Weed Edible","url":"https:\/\/stgbc.bcweededible.net\/fr\/","logo":{"@type":"ImageObject","inLanguage":"fr-FR","@id":"https:\/\/stgbc.bcweededible.net\/fr\/#\/schema\/logo\/image\/","url":"https:\/\/stgbc.bcweededible.net\/wp-content\/uploads\/2021\/12\/bc-weed-edible-canada.png","contentUrl":"https:\/\/stgbc.bcweededible.net\/wp-content\/uploads\/2021\/12\/bc-weed-edible-canada.png","width":270,"height":185,"caption":"BC Weed Edible"},"image":{"@id":"https:\/\/stgbc.bcweededible.net\/fr\/#\/schema\/logo\/image\/"}}]}},"_links":{"self":[{"href":"https:\/\/stgbc.bcweededible.net\/fr\/wp-json\/wp\/v2\/product\/69160","targetHints":{"allow":["GET"]}}],"collection":[{"href":"https:\/\/stgbc.bcweededible.net\/fr\/wp-json\/wp\/v2\/product"}],"about":[{"href":"https:\/\/stgbc.bcweededible.net\/fr\/wp-json\/wp\/v2\/types\/product"}],"replies":[{"embeddable":true,"href":"https:\/\/stgbc.bcweededible.net\/fr\/wp-json\/wp\/v2\/comments?post=69160"}],"wp:featuredmedia":[{"embeddable":true,"href":"https:\/\/stgbc.bcweededible.net\/fr\/wp-json\/wp\/v2\/media\/66727"}],"wp:attachment":[{"href":"https:\/\/stgbc.bcweededible.net\/fr\/wp-json\/wp\/v2\/media?parent=69160"}],"wp:term":[{"taxonomy":"product_brand","embeddable":true,"href":"https:\/\/stgbc.bcweededible.net\/fr\/wp-json\/wp\/v2\/product_brand?post=69160"},{"taxonomy":"product_cat","embeddable":true,"href":"https:\/\/stgbc.bcweededible.net\/fr\/wp-json\/wp\/v2\/product_cat?post=69160"},{"taxonomy":"product_tag","embeddable":true,"href":"https:\/\/stgbc.bcweededible.net\/fr\/wp-json\/wp\/v2\/product_tag?post=69160"}],"curies":[{"name":"wp","href":"https:\/\/api.w.org\/{rel}","templated":true}]}}