{"id":69159,"date":"2024-02-21T09:21:32","date_gmt":"2024-03-05T17:46:48","guid":{"rendered":"https:\/\/bcweededible.net\/buy\/non%20class\u00e9\/aaaa-dark-matter-kootenay-exotics\/"},"modified":"2024-04-15T10:24:49","modified_gmt":"2024-04-15T17:24:49","slug":"aaaa-dark-matter-kootenay-exotics","status":"publish","type":"product","link":"https:\/\/stgbc.bcweededible.net\/fr\/buy\/fleurs-cannabis\/aaaa\/aaaa-dark-matter-kootenay-exotics\/","title":{"rendered":"AAAA+ Dark Matter (Kootenay Exotics)"},"content":{"rendered":"","protected":false},"excerpt":{"rendered":"<p><strong>Dark Matter<\/strong>, un <strong>hybride<\/strong> rare et parfaitement <strong>\u00e9quilibr\u00e9 (50% indica\/50% sativa<\/strong>), est issu du croisement entre Cherry Thunderfuck et Rusty Haze. Avec un <strong>taux de THC de 25-28%<\/strong>, elle procure un high puissant et un profil de saveur exceptionnel, ce qui en fait un choix id\u00e9al pour les amateurs d&#8217;hybrides. Le go\u00fbt est un d\u00e9licieux<strong> m\u00e9lange de cerise sucr\u00e9e avec un soup\u00e7on d&#8217;\u00e9pices et de notes florales \u00e0 base de plantes<\/strong>. Son ar\u00f4me m\u00eale des bois riches, des \u00e9pices florales et une douceur de baies qui devient plus \u00e9pic\u00e9e au fur et \u00e0 mesure que l&#8217;on manipule les bourgeons.<\/p>\n<div class=\"ng-star-inserted\">\n<p><strong>Des Buds \u00e9normes, glac\u00e9s, super collants et denses, bourr\u00e9s de puissance<\/strong>. Il suffit de le toucher avec les doigts pour qu&#8217;ils soient recouverts de neige. Fleur rare, id\u00e9ale pour se vanter et partager avec ses amis.<\/p>\n<\/div>\n","protected":false},"featured_media":66733,"comment_status":"open","ping_status":"closed","template":"","meta":[],"product_brand":[],"product_cat":[291,245,737,293,294],"product_tag":[],"class_list":{"0":"post-69159","1":"product","2":"type-product","3":"status-publish","4":"has-post-thumbnail","6":"product_cat-aaaa","7":"product_cat-fleurs-cannabis","8":"product_cat-haute-teneur-en-thc","9":"product_cat-hybrid-fr","10":"product_cat-indica-fr","12":"first","13":"outofstock","14":"shipping-taxable","15":"purchasable","16":"product-type-variable","17":"has-default-attributes"},"yoast_head":"\n<title>Acheter AAAA+ Dark Matter (Kootenay Exotics) en Ligne Canada | BC Weed Edible<\/title>\n<meta name=\"robots\" content=\"index, follow, max-snippet:-1, max-image-preview:large, max-video-preview:-1\" \/>\n<link rel=\"canonical\" href=\"https:\/\/stgbc.bcweededible.net\/fr\/buy\/fleurs-cannabis\/aaaa\/aaaa-dark-matter-kootenay-exotics\/\" \/>\n<meta property=\"og:locale\" content=\"fr_FR\" \/>\n<meta property=\"og:type\" content=\"article\" \/>\n<meta property=\"og:title\" content=\"Acheter AAAA+ Dark Matter (Kootenay Exotics) en Ligne Canada | BC Weed Edible\" \/>\n<meta property=\"og:description\" content=\"Dark Matter, un hybride rare et parfaitement \u00e9quilibr\u00e9 (50% indica\/50% sativa), est issu du croisement entre Cherry Thunderfuck et Rusty Haze. Avec un taux de THC de 25-28%, elle procure un high puissant et un profil de saveur exceptionnel, ce qui en fait un choix id\u00e9al pour les amateurs d&#039;hybrides. Le go\u00fbt est un d\u00e9licieux m\u00e9lange de cerise sucr\u00e9e avec un soup\u00e7on d&#039;\u00e9pices et de notes florales \u00e0 base de plantes. Son ar\u00f4me m\u00eale des bois riches, des \u00e9pices florales et une douceur de baies qui devient plus \u00e9pic\u00e9e au fur et \u00e0 mesure que l&#039;on manipule les bourgeons. Des Buds \u00e9normes, glac\u00e9s, super collants et denses, bourr\u00e9s de puissance. Il suffit de le toucher avec les doigts pour qu&#039;ils soient recouverts de neige. Fleur rare, id\u00e9ale pour se vanter et partager avec ses amis.\" \/>\n<meta property=\"og:url\" content=\"https:\/\/stgbc.bcweededible.net\/fr\/buy\/fleurs-cannabis\/aaaa\/aaaa-dark-matter-kootenay-exotics\/\" \/>\n<meta property=\"og:site_name\" content=\"BC Weed Edible\" \/>\n<meta property=\"article:modified_time\" content=\"2024-04-15T17:24:49+00:00\" \/>\n<meta property=\"og:image\" content=\"https:\/\/stgbc.bcweededible.net\/wp-content\/uploads\/2024\/02\/Dark-Matter-strain1.jpg\" \/>\n\t<meta property=\"og:image:width\" content=\"1000\" \/>\n\t<meta property=\"og:image:height\" content=\"1000\" \/>\n\t<meta property=\"og:image:type\" content=\"image\/jpeg\" \/>\n<meta name=\"twitter:card\" content=\"summary_large_image\" \/>\n<script type=\"application\/ld+json\" class=\"yoast-schema-graph\">{\"@context\":\"https:\\\/\\\/schema.org\",\"@graph\":[{\"@type\":\"WebPage\",\"@id\":\"https:\\\/\\\/stgbc.bcweededible.net\\\/fr\\\/buy\\\/fleurs-cannabis\\\/aaaa\\\/aaaa-dark-matter-kootenay-exotics\\\/\",\"url\":\"https:\\\/\\\/stgbc.bcweededible.net\\\/fr\\\/buy\\\/fleurs-cannabis\\\/aaaa\\\/aaaa-dark-matter-kootenay-exotics\\\/\",\"name\":\"Acheter AAAA+ Dark Matter (Kootenay Exotics) en Ligne Canada | BC Weed Edible\",\"isPartOf\":{\"@id\":\"https:\\\/\\\/stgbc.bcweededible.net\\\/fr\\\/#website\"},\"primaryImageOfPage\":{\"@id\":\"https:\\\/\\\/stgbc.bcweededible.net\\\/fr\\\/buy\\\/fleurs-cannabis\\\/aaaa\\\/aaaa-dark-matter-kootenay-exotics\\\/#primaryimage\"},\"image\":{\"@id\":\"https:\\\/\\\/stgbc.bcweededible.net\\\/fr\\\/buy\\\/fleurs-cannabis\\\/aaaa\\\/aaaa-dark-matter-kootenay-exotics\\\/#primaryimage\"},\"thumbnailUrl\":\"https:\\\/\\\/stgbc.bcweededible.net\\\/wp-content\\\/uploads\\\/2024\\\/02\\\/Dark-Matter-strain1.jpg\",\"datePublished\":\"2024-03-05T17:46:48+00:00\",\"dateModified\":\"2024-04-15T17:24:49+00:00\",\"breadcrumb\":{\"@id\":\"https:\\\/\\\/stgbc.bcweededible.net\\\/fr\\\/buy\\\/fleurs-cannabis\\\/aaaa\\\/aaaa-dark-matter-kootenay-exotics\\\/#breadcrumb\"},\"inLanguage\":\"fr-FR\",\"potentialAction\":[{\"@type\":\"ReadAction\",\"target\":[\"https:\\\/\\\/stgbc.bcweededible.net\\\/fr\\\/buy\\\/fleurs-cannabis\\\/aaaa\\\/aaaa-dark-matter-kootenay-exotics\\\/\"]}]},{\"@type\":\"ImageObject\",\"inLanguage\":\"fr-FR\",\"@id\":\"https:\\\/\\\/stgbc.bcweededible.net\\\/fr\\\/buy\\\/fleurs-cannabis\\\/aaaa\\\/aaaa-dark-matter-kootenay-exotics\\\/#primaryimage\",\"url\":\"https:\\\/\\\/stgbc.bcweededible.net\\\/wp-content\\\/uploads\\\/2024\\\/02\\\/Dark-Matter-strain1.jpg\",\"contentUrl\":\"https:\\\/\\\/stgbc.bcweededible.net\\\/wp-content\\\/uploads\\\/2024\\\/02\\\/Dark-Matter-strain1.jpg\",\"width\":1000,\"height\":1000},{\"@type\":\"BreadcrumbList\",\"@id\":\"https:\\\/\\\/stgbc.bcweededible.net\\\/fr\\\/buy\\\/fleurs-cannabis\\\/aaaa\\\/aaaa-dark-matter-kootenay-exotics\\\/#breadcrumb\",\"itemListElement\":[{\"@type\":\"ListItem\",\"position\":1,\"name\":\"Jujubes au Pot Canada\",\"item\":\"https:\\\/\\\/stgbc.bcweededible.net\\\/fr\\\/shop\\\/\"},{\"@type\":\"ListItem\",\"position\":2,\"name\":\"AAAA+ Dark Matter (Kootenay Exotics)\"}]},{\"@type\":\"WebSite\",\"@id\":\"https:\\\/\\\/stgbc.bcweededible.net\\\/fr\\\/#website\",\"url\":\"https:\\\/\\\/stgbc.bcweededible.net\\\/fr\\\/\",\"name\":\"BC Weed Edible\",\"description\":\"\",\"publisher\":{\"@id\":\"https:\\\/\\\/stgbc.bcweededible.net\\\/fr\\\/#organization\"},\"potentialAction\":[{\"@type\":\"SearchAction\",\"target\":{\"@type\":\"EntryPoint\",\"urlTemplate\":\"https:\\\/\\\/stgbc.bcweededible.net\\\/fr\\\/?s={search_term_string}\"},\"query-input\":{\"@type\":\"PropertyValueSpecification\",\"valueRequired\":true,\"valueName\":\"search_term_string\"}}],\"inLanguage\":\"fr-FR\"},{\"@type\":\"Organization\",\"@id\":\"https:\\\/\\\/stgbc.bcweededible.net\\\/fr\\\/#organization\",\"name\":\"BC Weed Edible\",\"url\":\"https:\\\/\\\/stgbc.bcweededible.net\\\/fr\\\/\",\"logo\":{\"@type\":\"ImageObject\",\"inLanguage\":\"fr-FR\",\"@id\":\"https:\\\/\\\/stgbc.bcweededible.net\\\/fr\\\/#\\\/schema\\\/logo\\\/image\\\/\",\"url\":\"https:\\\/\\\/stgbc.bcweededible.net\\\/wp-content\\\/uploads\\\/2021\\\/12\\\/bc-weed-edible-canada.png\",\"contentUrl\":\"https:\\\/\\\/stgbc.bcweededible.net\\\/wp-content\\\/uploads\\\/2021\\\/12\\\/bc-weed-edible-canada.png\",\"width\":270,\"height\":185,\"caption\":\"BC Weed Edible\"},\"image\":{\"@id\":\"https:\\\/\\\/stgbc.bcweededible.net\\\/fr\\\/#\\\/schema\\\/logo\\\/image\\\/\"}}]}<\/script>\n","yoast_head_json":{"title":"Acheter AAAA+ Dark Matter (Kootenay Exotics) en Ligne Canada | BC Weed Edible","robots":{"index":"index","follow":"follow","max-snippet":"max-snippet:-1","max-image-preview":"max-image-preview:large","max-video-preview":"max-video-preview:-1"},"canonical":"https:\/\/stgbc.bcweededible.net\/fr\/buy\/fleurs-cannabis\/aaaa\/aaaa-dark-matter-kootenay-exotics\/","og_locale":"fr_FR","og_type":"article","og_title":"Acheter AAAA+ Dark Matter (Kootenay Exotics) en Ligne Canada | BC Weed Edible","og_description":"Dark Matter, un hybride rare et parfaitement \u00e9quilibr\u00e9 (50% indica\/50% sativa), est issu du croisement entre Cherry Thunderfuck et Rusty Haze. Avec un taux de THC de 25-28%, elle procure un high puissant et un profil de saveur exceptionnel, ce qui en fait un choix id\u00e9al pour les amateurs d'hybrides. Le go\u00fbt est un d\u00e9licieux m\u00e9lange de cerise sucr\u00e9e avec un soup\u00e7on d'\u00e9pices et de notes florales \u00e0 base de plantes. Son ar\u00f4me m\u00eale des bois riches, des \u00e9pices florales et une douceur de baies qui devient plus \u00e9pic\u00e9e au fur et \u00e0 mesure que l'on manipule les bourgeons. Des Buds \u00e9normes, glac\u00e9s, super collants et denses, bourr\u00e9s de puissance. Il suffit de le toucher avec les doigts pour qu'ils soient recouverts de neige. Fleur rare, id\u00e9ale pour se vanter et partager avec ses amis.","og_url":"https:\/\/stgbc.bcweededible.net\/fr\/buy\/fleurs-cannabis\/aaaa\/aaaa-dark-matter-kootenay-exotics\/","og_site_name":"BC Weed Edible","article_modified_time":"2024-04-15T17:24:49+00:00","og_image":[{"width":1000,"height":1000,"url":"https:\/\/stgbc.bcweededible.net\/wp-content\/uploads\/2024\/02\/Dark-Matter-strain1.jpg","type":"image\/jpeg"}],"twitter_card":"summary_large_image","schema":{"@context":"https:\/\/schema.org","@graph":[{"@type":"WebPage","@id":"https:\/\/stgbc.bcweededible.net\/fr\/buy\/fleurs-cannabis\/aaaa\/aaaa-dark-matter-kootenay-exotics\/","url":"https:\/\/stgbc.bcweededible.net\/fr\/buy\/fleurs-cannabis\/aaaa\/aaaa-dark-matter-kootenay-exotics\/","name":"Acheter AAAA+ Dark Matter (Kootenay Exotics) en Ligne Canada | BC Weed Edible","isPartOf":{"@id":"https:\/\/stgbc.bcweededible.net\/fr\/#website"},"primaryImageOfPage":{"@id":"https:\/\/stgbc.bcweededible.net\/fr\/buy\/fleurs-cannabis\/aaaa\/aaaa-dark-matter-kootenay-exotics\/#primaryimage"},"image":{"@id":"https:\/\/stgbc.bcweededible.net\/fr\/buy\/fleurs-cannabis\/aaaa\/aaaa-dark-matter-kootenay-exotics\/#primaryimage"},"thumbnailUrl":"https:\/\/stgbc.bcweededible.net\/wp-content\/uploads\/2024\/02\/Dark-Matter-strain1.jpg","datePublished":"2024-03-05T17:46:48+00:00","dateModified":"2024-04-15T17:24:49+00:00","breadcrumb":{"@id":"https:\/\/stgbc.bcweededible.net\/fr\/buy\/fleurs-cannabis\/aaaa\/aaaa-dark-matter-kootenay-exotics\/#breadcrumb"},"inLanguage":"fr-FR","potentialAction":[{"@type":"ReadAction","target":["https:\/\/stgbc.bcweededible.net\/fr\/buy\/fleurs-cannabis\/aaaa\/aaaa-dark-matter-kootenay-exotics\/"]}]},{"@type":"ImageObject","inLanguage":"fr-FR","@id":"https:\/\/stgbc.bcweededible.net\/fr\/buy\/fleurs-cannabis\/aaaa\/aaaa-dark-matter-kootenay-exotics\/#primaryimage","url":"https:\/\/stgbc.bcweededible.net\/wp-content\/uploads\/2024\/02\/Dark-Matter-strain1.jpg","contentUrl":"https:\/\/stgbc.bcweededible.net\/wp-content\/uploads\/2024\/02\/Dark-Matter-strain1.jpg","width":1000,"height":1000},{"@type":"BreadcrumbList","@id":"https:\/\/stgbc.bcweededible.net\/fr\/buy\/fleurs-cannabis\/aaaa\/aaaa-dark-matter-kootenay-exotics\/#breadcrumb","itemListElement":[{"@type":"ListItem","position":1,"name":"Jujubes au Pot Canada","item":"https:\/\/stgbc.bcweededible.net\/fr\/shop\/"},{"@type":"ListItem","position":2,"name":"AAAA+ Dark Matter (Kootenay Exotics)"}]},{"@type":"WebSite","@id":"https:\/\/stgbc.bcweededible.net\/fr\/#website","url":"https:\/\/stgbc.bcweededible.net\/fr\/","name":"BC Weed Edible","description":"","publisher":{"@id":"https:\/\/stgbc.bcweededible.net\/fr\/#organization"},"potentialAction":[{"@type":"SearchAction","target":{"@type":"EntryPoint","urlTemplate":"https:\/\/stgbc.bcweededible.net\/fr\/?s={search_term_string}"},"query-input":{"@type":"PropertyValueSpecification","valueRequired":true,"valueName":"search_term_string"}}],"inLanguage":"fr-FR"},{"@type":"Organization","@id":"https:\/\/stgbc.bcweededible.net\/fr\/#organization","name":"BC Weed Edible","url":"https:\/\/stgbc.bcweededible.net\/fr\/","logo":{"@type":"ImageObject","inLanguage":"fr-FR","@id":"https:\/\/stgbc.bcweededible.net\/fr\/#\/schema\/logo\/image\/","url":"https:\/\/stgbc.bcweededible.net\/wp-content\/uploads\/2021\/12\/bc-weed-edible-canada.png","contentUrl":"https:\/\/stgbc.bcweededible.net\/wp-content\/uploads\/2021\/12\/bc-weed-edible-canada.png","width":270,"height":185,"caption":"BC Weed Edible"},"image":{"@id":"https:\/\/stgbc.bcweededible.net\/fr\/#\/schema\/logo\/image\/"}}]}},"_links":{"self":[{"href":"https:\/\/stgbc.bcweededible.net\/fr\/wp-json\/wp\/v2\/product\/69159","targetHints":{"allow":["GET"]}}],"collection":[{"href":"https:\/\/stgbc.bcweededible.net\/fr\/wp-json\/wp\/v2\/product"}],"about":[{"href":"https:\/\/stgbc.bcweededible.net\/fr\/wp-json\/wp\/v2\/types\/product"}],"replies":[{"embeddable":true,"href":"https:\/\/stgbc.bcweededible.net\/fr\/wp-json\/wp\/v2\/comments?post=69159"}],"wp:featuredmedia":[{"embeddable":true,"href":"https:\/\/stgbc.bcweededible.net\/fr\/wp-json\/wp\/v2\/media\/66733"}],"wp:attachment":[{"href":"https:\/\/stgbc.bcweededible.net\/fr\/wp-json\/wp\/v2\/media?parent=69159"}],"wp:term":[{"taxonomy":"product_brand","embeddable":true,"href":"https:\/\/stgbc.bcweededible.net\/fr\/wp-json\/wp\/v2\/product_brand?post=69159"},{"taxonomy":"product_cat","embeddable":true,"href":"https:\/\/stgbc.bcweededible.net\/fr\/wp-json\/wp\/v2\/product_cat?post=69159"},{"taxonomy":"product_tag","embeddable":true,"href":"https:\/\/stgbc.bcweededible.net\/fr\/wp-json\/wp\/v2\/product_tag?post=69159"}],"curies":[{"name":"wp","href":"https:\/\/api.w.org\/{rel}","templated":true}]}}