{"id":68389,"date":"2022-09-26T11:57:49","date_gmt":"2024-02-26T07:18:18","guid":{"rendered":"https:\/\/bcweededible.net\/buy\/non%20class\u00e9\/peanut-butter-breath-live-resin-hybride\/"},"modified":"2025-05-04T18:42:54","modified_gmt":"2025-05-05T01:42:54","slug":"peanut-butter-breath-live-resin-hybride","status":"publish","type":"product","link":"https:\/\/stgbc.bcweededible.net\/fr\/buy\/concentres\/live-resine\/peanut-butter-breath-live-resin-hybride\/","title":{"rendered":"Peanut Butter Breath Live Resin (Hybride)"},"content":{"rendered":"<h2>Description de Peanut Butter Breath Live Resin<\/h2>\n<p>Peanut Butter Breath est une vari\u00e9t\u00e9 hybride rare et \u00e9quilibr\u00e9e (50 % indica\/50 % sativa) cr\u00e9\u00e9e par le croisement des vari\u00e9t\u00e9s classiques Dosidos X Mendobreath F2. La saveur est de noix et de terre avec une touche herbale. Teneur moyenne en THC de 18 \u00e0 28 %.<\/p>\n<h2>Qu&#8217;est-ce que la Live Resin ?<\/h2>\n<p>La Live Resin est la forme la plus savoureuse et la plus agr\u00e9able des concentr\u00e9s de cannabis. Elle est extraite de plantes de marijuana fra\u00eechement r\u00e9colt\u00e9es qui ont \u00e9t\u00e9 surgel\u00e9es (ou fra\u00eechement surgel\u00e9es) \u00e0 des temp\u00e9ratures inf\u00e9rieures \u00e0 la normale, soumises \u00e0 des solvants tels que le butane ou l&#8217;huile de haschisch au propane (BHO), puis press\u00e9es afin d&#8217;en extraire tous les compos\u00e9s b\u00e9n\u00e9fiques.<\/p>\n<p><strong>Qu&#8217;est-ce qui rend ce produit si sp\u00e9cial ?<\/strong> La Live Resin contient plus de terp\u00e8nes ce qui permet de d\u00e9gager plus d&#8217;ar\u00f4me que les autres formes ; ces compos\u00e9s chimiques contribuent \u00e0 g\u00e9n\u00e9rer des odeurs associ\u00e9es \u00e0 diff\u00e9rents types de vari\u00e9t\u00e9s de cannabis.<\/p>\n<p>&nbsp;<\/p>\n","protected":false},"excerpt":{"rendered":"<p>\u00c0 la recherche d&#8217;un concentr\u00e9 surpuissant qui vous fera planer \u00e0 coup s\u00fbr? Ne cherchez pas plus loin que <strong>notre Live Resin Peanut Butter Breath<\/strong>. Cet extrait est l&#8217;un des plus populaires au Canada et est parfait pour ceux qui veulent un high puissant. <b>Live Resin <\/b>est une forme tr\u00e8s concentr\u00e9e de cannabis connue pour ses effets intenses.<\/p>\n<p>Toutes nos Live Resins <strong>sont disponibles \u00e0 partir de $8 le gramme !<\/strong> Nous avons des quantit\u00e9s limit\u00e9es, alors profitez-en tant qu&#8217;il en reste !<\/p>\n<h2>Informations sur Peanut Butter Breath Live Resin<\/h2>\n<ul>\n<li><strong>Consistance :<\/strong> Live Resin (R\u00e9sine vivante)<\/li>\n<li><strong>Ph\u00e9notype :<\/strong> Hybride<\/li>\n<li><strong>Teneur en THC :<\/strong> entre 70% et 80%<\/li>\n<li><strong>Effets : <\/strong>high corporel, c\u00e9r\u00e9bral, affam\u00e9, relaxant, euphorisant<\/li>\n<li><strong>Ar\u00f4mes : <\/strong>Herbal, de pin, bois\u00e9<strong><br \/>\n<\/strong><\/li>\n<li><strong>Fabriqu\u00e9 en :<\/strong> Colombie-Britannique<\/li>\n<\/ul>\n","protected":false},"featured_media":20344,"comment_status":"open","ping_status":"closed","template":"","meta":[],"product_brand":[],"product_cat":[305,558,390],"product_tag":[],"class_list":{"0":"post-68389","1":"product","2":"type-product","3":"status-publish","4":"has-post-thumbnail","6":"product_cat-concentres","7":"product_cat-gros","8":"product_cat-live-resine","10":"first","11":"outofstock","12":"sale","13":"shipping-taxable","14":"purchasable","15":"product-type-variable"},"yoast_head":"\n<title>Acheter Peanut Butter Breath Live Resin (Hybride) en ligne | Acheter Live Resin Canada | BC Weed Edible.<\/title>\n<meta name=\"robots\" content=\"index, follow, max-snippet:-1, max-image-preview:large, max-video-preview:-1\" \/>\n<link rel=\"canonical\" href=\"https:\/\/stgbc.bcweededible.net\/fr\/buy\/concentres\/live-resine\/peanut-butter-breath-live-resin-hybride\/\" \/>\n<meta property=\"og:locale\" content=\"fr_FR\" \/>\n<meta property=\"og:type\" content=\"article\" \/>\n<meta property=\"og:title\" content=\"Acheter Peanut Butter Breath Live Resin (Hybride) en ligne | Acheter Live Resin Canada | BC Weed Edible.\" \/>\n<meta property=\"og:description\" content=\"\u00c0 la recherche d&#039;un concentr\u00e9 surpuissant qui vous fera planer \u00e0 coup s\u00fbr? Ne cherchez pas plus loin que notre Live Resin Peanut Butter Breath. Cet extrait est l&#039;un des plus populaires au Canada et est parfait pour ceux qui veulent un high puissant. Live Resin est une forme tr\u00e8s concentr\u00e9e de cannabis connue pour ses effets intenses. Toutes nos Live Resins sont disponibles \u00e0 partir de $8 le gramme ! Nous avons des quantit\u00e9s limit\u00e9es, alors profitez-en tant qu&#039;il en reste ! Informations sur Peanut Butter Breath Live Resin Consistance : Live Resin (R\u00e9sine vivante) Ph\u00e9notype : Hybride Teneur en THC : entre 70% et 80% Effets : high corporel, c\u00e9r\u00e9bral, affam\u00e9, relaxant, euphorisant Ar\u00f4mes : Herbal, de pin, bois\u00e9 Fabriqu\u00e9 en : Colombie-Britannique\" \/>\n<meta property=\"og:url\" content=\"https:\/\/stgbc.bcweededible.net\/fr\/buy\/concentres\/live-resine\/peanut-butter-breath-live-resin-hybride\/\" \/>\n<meta property=\"og:site_name\" content=\"BC Weed Edible\" \/>\n<meta property=\"article:modified_time\" content=\"2025-05-05T01:42:54+00:00\" \/>\n<meta property=\"og:image\" content=\"https:\/\/stgbc.bcweededible.net\/wp-content\/uploads\/2022\/09\/alaskan-thunder-fuck-live-resin.jpg\" \/>\n\t<meta property=\"og:image:width\" content=\"720\" \/>\n\t<meta property=\"og:image:height\" content=\"720\" \/>\n\t<meta property=\"og:image:type\" content=\"image\/jpeg\" \/>\n<meta name=\"twitter:card\" content=\"summary_large_image\" \/>\n<meta name=\"twitter:label1\" content=\"Dur\u00e9e de lecture estim\u00e9e\" \/>\n\t<meta name=\"twitter:data1\" content=\"1 minute\" \/>\n<script type=\"application\/ld+json\" class=\"yoast-schema-graph\">{\"@context\":\"https:\\\/\\\/schema.org\",\"@graph\":[{\"@type\":\"WebPage\",\"@id\":\"https:\\\/\\\/stgbc.bcweededible.net\\\/fr\\\/buy\\\/concentres\\\/live-resine\\\/peanut-butter-breath-live-resin-hybride\\\/\",\"url\":\"https:\\\/\\\/stgbc.bcweededible.net\\\/fr\\\/buy\\\/concentres\\\/live-resine\\\/peanut-butter-breath-live-resin-hybride\\\/\",\"name\":\"Acheter Peanut Butter Breath Live Resin (Hybride) en ligne | Acheter Live Resin Canada | BC Weed Edible.\",\"isPartOf\":{\"@id\":\"https:\\\/\\\/stgbc.bcweededible.net\\\/fr\\\/#website\"},\"primaryImageOfPage\":{\"@id\":\"https:\\\/\\\/stgbc.bcweededible.net\\\/fr\\\/buy\\\/concentres\\\/live-resine\\\/peanut-butter-breath-live-resin-hybride\\\/#primaryimage\"},\"image\":{\"@id\":\"https:\\\/\\\/stgbc.bcweededible.net\\\/fr\\\/buy\\\/concentres\\\/live-resine\\\/peanut-butter-breath-live-resin-hybride\\\/#primaryimage\"},\"thumbnailUrl\":\"https:\\\/\\\/stgbc.bcweededible.net\\\/wp-content\\\/uploads\\\/2022\\\/09\\\/alaskan-thunder-fuck-live-resin.jpg\",\"datePublished\":\"2024-02-26T07:18:18+00:00\",\"dateModified\":\"2025-05-05T01:42:54+00:00\",\"breadcrumb\":{\"@id\":\"https:\\\/\\\/stgbc.bcweededible.net\\\/fr\\\/buy\\\/concentres\\\/live-resine\\\/peanut-butter-breath-live-resin-hybride\\\/#breadcrumb\"},\"inLanguage\":\"fr-FR\",\"potentialAction\":[{\"@type\":\"ReadAction\",\"target\":[\"https:\\\/\\\/stgbc.bcweededible.net\\\/fr\\\/buy\\\/concentres\\\/live-resine\\\/peanut-butter-breath-live-resin-hybride\\\/\"]}]},{\"@type\":\"ImageObject\",\"inLanguage\":\"fr-FR\",\"@id\":\"https:\\\/\\\/stgbc.bcweededible.net\\\/fr\\\/buy\\\/concentres\\\/live-resine\\\/peanut-butter-breath-live-resin-hybride\\\/#primaryimage\",\"url\":\"https:\\\/\\\/stgbc.bcweededible.net\\\/wp-content\\\/uploads\\\/2022\\\/09\\\/alaskan-thunder-fuck-live-resin.jpg\",\"contentUrl\":\"https:\\\/\\\/stgbc.bcweededible.net\\\/wp-content\\\/uploads\\\/2022\\\/09\\\/alaskan-thunder-fuck-live-resin.jpg\",\"width\":720,\"height\":720,\"caption\":\"atf live resin jar\"},{\"@type\":\"BreadcrumbList\",\"@id\":\"https:\\\/\\\/stgbc.bcweededible.net\\\/fr\\\/buy\\\/concentres\\\/live-resine\\\/peanut-butter-breath-live-resin-hybride\\\/#breadcrumb\",\"itemListElement\":[{\"@type\":\"ListItem\",\"position\":1,\"name\":\"Jujubes au Pot Canada\",\"item\":\"https:\\\/\\\/stgbc.bcweededible.net\\\/fr\\\/shop\\\/\"},{\"@type\":\"ListItem\",\"position\":2,\"name\":\"Peanut Butter Breath Live Resin (Hybride)\"}]},{\"@type\":\"WebSite\",\"@id\":\"https:\\\/\\\/stgbc.bcweededible.net\\\/fr\\\/#website\",\"url\":\"https:\\\/\\\/stgbc.bcweededible.net\\\/fr\\\/\",\"name\":\"BC Weed Edible\",\"description\":\"\",\"publisher\":{\"@id\":\"https:\\\/\\\/stgbc.bcweededible.net\\\/fr\\\/#organization\"},\"potentialAction\":[{\"@type\":\"SearchAction\",\"target\":{\"@type\":\"EntryPoint\",\"urlTemplate\":\"https:\\\/\\\/stgbc.bcweededible.net\\\/fr\\\/?s={search_term_string}\"},\"query-input\":{\"@type\":\"PropertyValueSpecification\",\"valueRequired\":true,\"valueName\":\"search_term_string\"}}],\"inLanguage\":\"fr-FR\"},{\"@type\":\"Organization\",\"@id\":\"https:\\\/\\\/stgbc.bcweededible.net\\\/fr\\\/#organization\",\"name\":\"BC Weed Edible\",\"url\":\"https:\\\/\\\/stgbc.bcweededible.net\\\/fr\\\/\",\"logo\":{\"@type\":\"ImageObject\",\"inLanguage\":\"fr-FR\",\"@id\":\"https:\\\/\\\/stgbc.bcweededible.net\\\/fr\\\/#\\\/schema\\\/logo\\\/image\\\/\",\"url\":\"https:\\\/\\\/stgbc.bcweededible.net\\\/wp-content\\\/uploads\\\/2021\\\/12\\\/bc-weed-edible-canada.png\",\"contentUrl\":\"https:\\\/\\\/stgbc.bcweededible.net\\\/wp-content\\\/uploads\\\/2021\\\/12\\\/bc-weed-edible-canada.png\",\"width\":270,\"height\":185,\"caption\":\"BC Weed Edible\"},\"image\":{\"@id\":\"https:\\\/\\\/stgbc.bcweededible.net\\\/fr\\\/#\\\/schema\\\/logo\\\/image\\\/\"}}]}<\/script>\n","yoast_head_json":{"title":"Acheter Peanut Butter Breath Live Resin (Hybride) en ligne | Acheter Live Resin Canada | BC Weed Edible.","robots":{"index":"index","follow":"follow","max-snippet":"max-snippet:-1","max-image-preview":"max-image-preview:large","max-video-preview":"max-video-preview:-1"},"canonical":"https:\/\/stgbc.bcweededible.net\/fr\/buy\/concentres\/live-resine\/peanut-butter-breath-live-resin-hybride\/","og_locale":"fr_FR","og_type":"article","og_title":"Acheter Peanut Butter Breath Live Resin (Hybride) en ligne | Acheter Live Resin Canada | BC Weed Edible.","og_description":"\u00c0 la recherche d'un concentr\u00e9 surpuissant qui vous fera planer \u00e0 coup s\u00fbr? Ne cherchez pas plus loin que notre Live Resin Peanut Butter Breath. Cet extrait est l'un des plus populaires au Canada et est parfait pour ceux qui veulent un high puissant. Live Resin est une forme tr\u00e8s concentr\u00e9e de cannabis connue pour ses effets intenses. Toutes nos Live Resins sont disponibles \u00e0 partir de $8 le gramme ! Nous avons des quantit\u00e9s limit\u00e9es, alors profitez-en tant qu'il en reste ! Informations sur Peanut Butter Breath Live Resin Consistance : Live Resin (R\u00e9sine vivante) Ph\u00e9notype : Hybride Teneur en THC : entre 70% et 80% Effets : high corporel, c\u00e9r\u00e9bral, affam\u00e9, relaxant, euphorisant Ar\u00f4mes : Herbal, de pin, bois\u00e9 Fabriqu\u00e9 en : Colombie-Britannique","og_url":"https:\/\/stgbc.bcweededible.net\/fr\/buy\/concentres\/live-resine\/peanut-butter-breath-live-resin-hybride\/","og_site_name":"BC Weed Edible","article_modified_time":"2025-05-05T01:42:54+00:00","og_image":[{"width":720,"height":720,"url":"https:\/\/stgbc.bcweededible.net\/wp-content\/uploads\/2022\/09\/alaskan-thunder-fuck-live-resin.jpg","type":"image\/jpeg"}],"twitter_card":"summary_large_image","twitter_misc":{"Dur\u00e9e de lecture estim\u00e9e":"1 minute"},"schema":{"@context":"https:\/\/schema.org","@graph":[{"@type":"WebPage","@id":"https:\/\/stgbc.bcweededible.net\/fr\/buy\/concentres\/live-resine\/peanut-butter-breath-live-resin-hybride\/","url":"https:\/\/stgbc.bcweededible.net\/fr\/buy\/concentres\/live-resine\/peanut-butter-breath-live-resin-hybride\/","name":"Acheter Peanut Butter Breath Live Resin (Hybride) en ligne | Acheter Live Resin Canada | BC Weed Edible.","isPartOf":{"@id":"https:\/\/stgbc.bcweededible.net\/fr\/#website"},"primaryImageOfPage":{"@id":"https:\/\/stgbc.bcweededible.net\/fr\/buy\/concentres\/live-resine\/peanut-butter-breath-live-resin-hybride\/#primaryimage"},"image":{"@id":"https:\/\/stgbc.bcweededible.net\/fr\/buy\/concentres\/live-resine\/peanut-butter-breath-live-resin-hybride\/#primaryimage"},"thumbnailUrl":"https:\/\/stgbc.bcweededible.net\/wp-content\/uploads\/2022\/09\/alaskan-thunder-fuck-live-resin.jpg","datePublished":"2024-02-26T07:18:18+00:00","dateModified":"2025-05-05T01:42:54+00:00","breadcrumb":{"@id":"https:\/\/stgbc.bcweededible.net\/fr\/buy\/concentres\/live-resine\/peanut-butter-breath-live-resin-hybride\/#breadcrumb"},"inLanguage":"fr-FR","potentialAction":[{"@type":"ReadAction","target":["https:\/\/stgbc.bcweededible.net\/fr\/buy\/concentres\/live-resine\/peanut-butter-breath-live-resin-hybride\/"]}]},{"@type":"ImageObject","inLanguage":"fr-FR","@id":"https:\/\/stgbc.bcweededible.net\/fr\/buy\/concentres\/live-resine\/peanut-butter-breath-live-resin-hybride\/#primaryimage","url":"https:\/\/stgbc.bcweededible.net\/wp-content\/uploads\/2022\/09\/alaskan-thunder-fuck-live-resin.jpg","contentUrl":"https:\/\/stgbc.bcweededible.net\/wp-content\/uploads\/2022\/09\/alaskan-thunder-fuck-live-resin.jpg","width":720,"height":720,"caption":"atf live resin jar"},{"@type":"BreadcrumbList","@id":"https:\/\/stgbc.bcweededible.net\/fr\/buy\/concentres\/live-resine\/peanut-butter-breath-live-resin-hybride\/#breadcrumb","itemListElement":[{"@type":"ListItem","position":1,"name":"Jujubes au Pot Canada","item":"https:\/\/stgbc.bcweededible.net\/fr\/shop\/"},{"@type":"ListItem","position":2,"name":"Peanut Butter Breath Live Resin (Hybride)"}]},{"@type":"WebSite","@id":"https:\/\/stgbc.bcweededible.net\/fr\/#website","url":"https:\/\/stgbc.bcweededible.net\/fr\/","name":"BC Weed Edible","description":"","publisher":{"@id":"https:\/\/stgbc.bcweededible.net\/fr\/#organization"},"potentialAction":[{"@type":"SearchAction","target":{"@type":"EntryPoint","urlTemplate":"https:\/\/stgbc.bcweededible.net\/fr\/?s={search_term_string}"},"query-input":{"@type":"PropertyValueSpecification","valueRequired":true,"valueName":"search_term_string"}}],"inLanguage":"fr-FR"},{"@type":"Organization","@id":"https:\/\/stgbc.bcweededible.net\/fr\/#organization","name":"BC Weed Edible","url":"https:\/\/stgbc.bcweededible.net\/fr\/","logo":{"@type":"ImageObject","inLanguage":"fr-FR","@id":"https:\/\/stgbc.bcweededible.net\/fr\/#\/schema\/logo\/image\/","url":"https:\/\/stgbc.bcweededible.net\/wp-content\/uploads\/2021\/12\/bc-weed-edible-canada.png","contentUrl":"https:\/\/stgbc.bcweededible.net\/wp-content\/uploads\/2021\/12\/bc-weed-edible-canada.png","width":270,"height":185,"caption":"BC Weed Edible"},"image":{"@id":"https:\/\/stgbc.bcweededible.net\/fr\/#\/schema\/logo\/image\/"}}]}},"_links":{"self":[{"href":"https:\/\/stgbc.bcweededible.net\/fr\/wp-json\/wp\/v2\/product\/68389","targetHints":{"allow":["GET"]}}],"collection":[{"href":"https:\/\/stgbc.bcweededible.net\/fr\/wp-json\/wp\/v2\/product"}],"about":[{"href":"https:\/\/stgbc.bcweededible.net\/fr\/wp-json\/wp\/v2\/types\/product"}],"replies":[{"embeddable":true,"href":"https:\/\/stgbc.bcweededible.net\/fr\/wp-json\/wp\/v2\/comments?post=68389"}],"wp:featuredmedia":[{"embeddable":true,"href":"https:\/\/stgbc.bcweededible.net\/fr\/wp-json\/wp\/v2\/media\/20344"}],"wp:attachment":[{"href":"https:\/\/stgbc.bcweededible.net\/fr\/wp-json\/wp\/v2\/media?parent=68389"}],"wp:term":[{"taxonomy":"product_brand","embeddable":true,"href":"https:\/\/stgbc.bcweededible.net\/fr\/wp-json\/wp\/v2\/product_brand?post=68389"},{"taxonomy":"product_cat","embeddable":true,"href":"https:\/\/stgbc.bcweededible.net\/fr\/wp-json\/wp\/v2\/product_cat?post=68389"},{"taxonomy":"product_tag","embeddable":true,"href":"https:\/\/stgbc.bcweededible.net\/fr\/wp-json\/wp\/v2\/product_tag?post=68389"}],"curies":[{"name":"wp","href":"https:\/\/api.w.org\/{rel}","templated":true}]}}