{"id":68387,"date":"2022-09-26T13:31:38","date_gmt":"2024-02-26T07:18:17","guid":{"rendered":"https:\/\/bcweededible.net\/buy\/non%20class\u00e9\/gelato-zkittlez-live-resin-hybride\/"},"modified":"2026-03-25T05:19:23","modified_gmt":"2026-03-25T12:19:23","slug":"gelato-zkittlez-live-resin-hybride","status":"publish","type":"product","link":"https:\/\/stgbc.bcweededible.net\/fr\/buy\/concentres\/live-resine\/gelato-zkittlez-live-resin-hybride\/","title":{"rendered":"Gelato Zkittlez Live Resin (Hybride)"},"content":{"rendered":"","protected":false},"excerpt":{"rendered":"<p>\u00c0 la recherche d&#8217;un concentr\u00e9 surpuissant? Voici<strong> Gelato Zkittlez (\u00e9galement connu sous le nom de Runtz<\/strong> )\u00a0qui vous fera planer \u00e0 coup s\u00fbr ? Ne cherchez pas plus loin que <strong>notre Gelato Zkittlez Live Resin<\/strong>. Cet extrait puissant est l&#8217;un des plus populaires au Canada et est parfait pour ceux qui veulent un high puissant . La <a href=\"https:\/\/stgbc.bcweededible.net\/fr\/shop\/concentres\/live-resine\/\"><b>Live Resin <\/b><\/a>est une forme tr\u00e8s concentr\u00e9e de cannabis connue pour ses effets intenses.<\/p>\n<p>Toutes nos Live Resins <strong>sont disponibles \u00e0 partir de $8 le gramme !<\/strong> Nous avons des quantit\u00e9s limit\u00e9es, alors profitez-en tant qu&#8217;il en reste !<\/p>\n<h2>Informations sur Gelato Zkittlez Live Resin<\/h2>\n<table>\n<tbody>\n<tr>\n<td class=\"has-text-align-center\" style=\"text-align: left;\" data-align=\"center\"><strong>Ph\u00e9notype<\/strong><\/td>\n<td class=\"has-text-align-center\" style=\"text-align: left;\" data-align=\"center\">Hybride<\/td>\n<\/tr>\n<tr>\n<td class=\"has-text-align-center\" data-align=\"center\"><strong>Teneur en THC<\/strong><\/td>\n<td class=\"has-text-align-center\" data-align=\"center\">70-80%<\/td>\n<\/tr>\n<tr>\n<td class=\"has-text-align-center\" data-align=\"center\"><strong>Consistance<\/strong><\/td>\n<td class=\"has-text-align-center\" data-align=\"center\">Live Resin (R\u00e9sine Vivante)<\/td>\n<\/tr>\n<tr>\n<td class=\"has-text-align-center\" style=\"text-align: left;\" data-align=\"center\"><strong>Grade<\/strong><\/td>\n<td class=\"has-text-align-center\" style=\"text-align: left;\" data-align=\"center\">AAAA+<\/td>\n<\/tr>\n<tr>\n<td class=\"has-text-align-center\" style=\"text-align: left;\" data-align=\"center\"><strong>Effets<\/strong><\/td>\n<td class=\"has-text-align-center\" style=\"text-align: left;\" data-align=\"center\">Calmant, faim, relaxant, sommeil, stimulant<\/td>\n<\/tr>\n<tr>\n<td class=\"has-text-align-center\" style=\"text-align: left;\" data-align=\"center\"><strong>Profil des terp\u00e8nes<\/strong><\/td>\n<td class=\"has-text-align-center\" style=\"text-align: left;\" data-align=\"center\">Fruit\u00e9, ananas, \u00e9pic\u00e9, sucr\u00e9, tropical<\/td>\n<\/tr>\n<\/tbody>\n<\/table>\n","protected":false},"featured_media":20360,"comment_status":"open","ping_status":"closed","template":"","meta":[],"product_brand":[],"product_cat":[305,558,390],"product_tag":[],"class_list":{"0":"post-68387","1":"product","2":"type-product","3":"status-publish","4":"has-post-thumbnail","6":"product_cat-concentres","7":"product_cat-gros","8":"product_cat-live-resine","10":"first","11":"instock","12":"sale","13":"shipping-taxable","14":"purchasable","15":"product-type-variable","16":"has-default-attributes"},"yoast_head":"\n<title>Acheter Gelato Zkittlez Live Resin (Hybride) en ligne | Acheter Live Resin Canada | BC Weed Edible.<\/title>\n<meta name=\"robots\" content=\"index, follow, max-snippet:-1, max-image-preview:large, max-video-preview:-1\" \/>\n<link rel=\"canonical\" href=\"https:\/\/stgbc.bcweededible.net\/fr\/buy\/concentres\/live-resine\/gelato-zkittlez-live-resin-hybride\/\" \/>\n<meta property=\"og:locale\" content=\"fr_FR\" \/>\n<meta property=\"og:type\" content=\"article\" \/>\n<meta property=\"og:title\" content=\"Acheter Gelato Zkittlez Live Resin (Hybride) en ligne | Acheter Live Resin Canada | BC Weed Edible.\" \/>\n<meta property=\"og:description\" content=\"\u00c0 la recherche d&#039;un concentr\u00e9 surpuissant? Voici Gelato Zkittlez (\u00e9galement connu sous le nom de Runtz )\u00a0qui vous fera planer \u00e0 coup s\u00fbr ? Ne cherchez pas plus loin que notre Gelato Zkittlez Live Resin. Cet extrait puissant est l&#039;un des plus populaires au Canada et est parfait pour ceux qui veulent un high puissant . La Live Resin est une forme tr\u00e8s concentr\u00e9e de cannabis connue pour ses effets intenses. Toutes nos Live Resins sont disponibles \u00e0 partir de $8 le gramme ! Nous avons des quantit\u00e9s limit\u00e9es, alors profitez-en tant qu&#039;il en reste ! Informations sur Gelato Zkittlez Live Resin Ph\u00e9notype Hybride Teneur en THC 70-80% Consistance Live Resin (R\u00e9sine Vivante) Grade AAAA+ Effets Calmant, faim, relaxant, sommeil, stimulant Profil des terp\u00e8nes Fruit\u00e9, ananas, \u00e9pic\u00e9, sucr\u00e9, tropical\" \/>\n<meta property=\"og:url\" content=\"https:\/\/stgbc.bcweededible.net\/fr\/buy\/concentres\/live-resine\/gelato-zkittlez-live-resin-hybride\/\" \/>\n<meta property=\"og:site_name\" content=\"BC Weed Edible\" \/>\n<meta property=\"article:modified_time\" content=\"2026-03-25T12:19:23+00:00\" \/>\n<meta property=\"og:image\" content=\"https:\/\/stgbc.bcweededible.net\/wp-content\/uploads\/2022\/09\/wedding-cake-live-resin.jpg\" \/>\n\t<meta property=\"og:image:width\" content=\"720\" \/>\n\t<meta property=\"og:image:height\" content=\"720\" \/>\n\t<meta property=\"og:image:type\" content=\"image\/jpeg\" \/>\n<meta name=\"twitter:card\" content=\"summary_large_image\" \/>\n<script type=\"application\/ld+json\" class=\"yoast-schema-graph\">{\"@context\":\"https:\\\/\\\/schema.org\",\"@graph\":[{\"@type\":\"WebPage\",\"@id\":\"https:\\\/\\\/stgbc.bcweededible.net\\\/fr\\\/buy\\\/concentres\\\/live-resine\\\/gelato-zkittlez-live-resin-hybride\\\/\",\"url\":\"https:\\\/\\\/stgbc.bcweededible.net\\\/fr\\\/buy\\\/concentres\\\/live-resine\\\/gelato-zkittlez-live-resin-hybride\\\/\",\"name\":\"Acheter Gelato Zkittlez Live Resin (Hybride) en ligne | Acheter Live Resin Canada | BC Weed Edible.\",\"isPartOf\":{\"@id\":\"https:\\\/\\\/stgbc.bcweededible.net\\\/fr\\\/#website\"},\"primaryImageOfPage\":{\"@id\":\"https:\\\/\\\/stgbc.bcweededible.net\\\/fr\\\/buy\\\/concentres\\\/live-resine\\\/gelato-zkittlez-live-resin-hybride\\\/#primaryimage\"},\"image\":{\"@id\":\"https:\\\/\\\/stgbc.bcweededible.net\\\/fr\\\/buy\\\/concentres\\\/live-resine\\\/gelato-zkittlez-live-resin-hybride\\\/#primaryimage\"},\"thumbnailUrl\":\"https:\\\/\\\/stgbc.bcweededible.net\\\/wp-content\\\/uploads\\\/2022\\\/09\\\/wedding-cake-live-resin.jpg\",\"datePublished\":\"2024-02-26T07:18:17+00:00\",\"dateModified\":\"2026-03-25T12:19:23+00:00\",\"breadcrumb\":{\"@id\":\"https:\\\/\\\/stgbc.bcweededible.net\\\/fr\\\/buy\\\/concentres\\\/live-resine\\\/gelato-zkittlez-live-resin-hybride\\\/#breadcrumb\"},\"inLanguage\":\"fr-FR\",\"potentialAction\":[{\"@type\":\"ReadAction\",\"target\":[\"https:\\\/\\\/stgbc.bcweededible.net\\\/fr\\\/buy\\\/concentres\\\/live-resine\\\/gelato-zkittlez-live-resin-hybride\\\/\"]}]},{\"@type\":\"ImageObject\",\"inLanguage\":\"fr-FR\",\"@id\":\"https:\\\/\\\/stgbc.bcweededible.net\\\/fr\\\/buy\\\/concentres\\\/live-resine\\\/gelato-zkittlez-live-resin-hybride\\\/#primaryimage\",\"url\":\"https:\\\/\\\/stgbc.bcweededible.net\\\/wp-content\\\/uploads\\\/2022\\\/09\\\/wedding-cake-live-resin.jpg\",\"contentUrl\":\"https:\\\/\\\/stgbc.bcweededible.net\\\/wp-content\\\/uploads\\\/2022\\\/09\\\/wedding-cake-live-resin.jpg\",\"width\":720,\"height\":720,\"caption\":\"wedding cake live resin\"},{\"@type\":\"BreadcrumbList\",\"@id\":\"https:\\\/\\\/stgbc.bcweededible.net\\\/fr\\\/buy\\\/concentres\\\/live-resine\\\/gelato-zkittlez-live-resin-hybride\\\/#breadcrumb\",\"itemListElement\":[{\"@type\":\"ListItem\",\"position\":1,\"name\":\"Jujubes au Pot Canada\",\"item\":\"https:\\\/\\\/stgbc.bcweededible.net\\\/fr\\\/shop\\\/\"},{\"@type\":\"ListItem\",\"position\":2,\"name\":\"Gelato Zkittlez Live Resin (Hybride)\"}]},{\"@type\":\"WebSite\",\"@id\":\"https:\\\/\\\/stgbc.bcweededible.net\\\/fr\\\/#website\",\"url\":\"https:\\\/\\\/stgbc.bcweededible.net\\\/fr\\\/\",\"name\":\"BC Weed Edible\",\"description\":\"\",\"publisher\":{\"@id\":\"https:\\\/\\\/stgbc.bcweededible.net\\\/fr\\\/#organization\"},\"potentialAction\":[{\"@type\":\"SearchAction\",\"target\":{\"@type\":\"EntryPoint\",\"urlTemplate\":\"https:\\\/\\\/stgbc.bcweededible.net\\\/fr\\\/?s={search_term_string}\"},\"query-input\":{\"@type\":\"PropertyValueSpecification\",\"valueRequired\":true,\"valueName\":\"search_term_string\"}}],\"inLanguage\":\"fr-FR\"},{\"@type\":\"Organization\",\"@id\":\"https:\\\/\\\/stgbc.bcweededible.net\\\/fr\\\/#organization\",\"name\":\"BC Weed Edible\",\"url\":\"https:\\\/\\\/stgbc.bcweededible.net\\\/fr\\\/\",\"logo\":{\"@type\":\"ImageObject\",\"inLanguage\":\"fr-FR\",\"@id\":\"https:\\\/\\\/stgbc.bcweededible.net\\\/fr\\\/#\\\/schema\\\/logo\\\/image\\\/\",\"url\":\"https:\\\/\\\/stgbc.bcweededible.net\\\/wp-content\\\/uploads\\\/2021\\\/12\\\/bc-weed-edible-canada.png\",\"contentUrl\":\"https:\\\/\\\/stgbc.bcweededible.net\\\/wp-content\\\/uploads\\\/2021\\\/12\\\/bc-weed-edible-canada.png\",\"width\":270,\"height\":185,\"caption\":\"BC Weed Edible\"},\"image\":{\"@id\":\"https:\\\/\\\/stgbc.bcweededible.net\\\/fr\\\/#\\\/schema\\\/logo\\\/image\\\/\"}}]}<\/script>\n","yoast_head_json":{"title":"Acheter Gelato Zkittlez Live Resin (Hybride) en ligne | Acheter Live Resin Canada | BC Weed Edible.","robots":{"index":"index","follow":"follow","max-snippet":"max-snippet:-1","max-image-preview":"max-image-preview:large","max-video-preview":"max-video-preview:-1"},"canonical":"https:\/\/stgbc.bcweededible.net\/fr\/buy\/concentres\/live-resine\/gelato-zkittlez-live-resin-hybride\/","og_locale":"fr_FR","og_type":"article","og_title":"Acheter Gelato Zkittlez Live Resin (Hybride) en ligne | Acheter Live Resin Canada | BC Weed Edible.","og_description":"\u00c0 la recherche d'un concentr\u00e9 surpuissant? Voici Gelato Zkittlez (\u00e9galement connu sous le nom de Runtz )\u00a0qui vous fera planer \u00e0 coup s\u00fbr ? Ne cherchez pas plus loin que notre Gelato Zkittlez Live Resin. Cet extrait puissant est l'un des plus populaires au Canada et est parfait pour ceux qui veulent un high puissant . La Live Resin est une forme tr\u00e8s concentr\u00e9e de cannabis connue pour ses effets intenses. Toutes nos Live Resins sont disponibles \u00e0 partir de $8 le gramme ! Nous avons des quantit\u00e9s limit\u00e9es, alors profitez-en tant qu'il en reste ! Informations sur Gelato Zkittlez Live Resin Ph\u00e9notype Hybride Teneur en THC 70-80% Consistance Live Resin (R\u00e9sine Vivante) Grade AAAA+ Effets Calmant, faim, relaxant, sommeil, stimulant Profil des terp\u00e8nes Fruit\u00e9, ananas, \u00e9pic\u00e9, sucr\u00e9, tropical","og_url":"https:\/\/stgbc.bcweededible.net\/fr\/buy\/concentres\/live-resine\/gelato-zkittlez-live-resin-hybride\/","og_site_name":"BC Weed Edible","article_modified_time":"2026-03-25T12:19:23+00:00","og_image":[{"width":720,"height":720,"url":"https:\/\/stgbc.bcweededible.net\/wp-content\/uploads\/2022\/09\/wedding-cake-live-resin.jpg","type":"image\/jpeg"}],"twitter_card":"summary_large_image","schema":{"@context":"https:\/\/schema.org","@graph":[{"@type":"WebPage","@id":"https:\/\/stgbc.bcweededible.net\/fr\/buy\/concentres\/live-resine\/gelato-zkittlez-live-resin-hybride\/","url":"https:\/\/stgbc.bcweededible.net\/fr\/buy\/concentres\/live-resine\/gelato-zkittlez-live-resin-hybride\/","name":"Acheter Gelato Zkittlez Live Resin (Hybride) en ligne | Acheter Live Resin Canada | BC Weed Edible.","isPartOf":{"@id":"https:\/\/stgbc.bcweededible.net\/fr\/#website"},"primaryImageOfPage":{"@id":"https:\/\/stgbc.bcweededible.net\/fr\/buy\/concentres\/live-resine\/gelato-zkittlez-live-resin-hybride\/#primaryimage"},"image":{"@id":"https:\/\/stgbc.bcweededible.net\/fr\/buy\/concentres\/live-resine\/gelato-zkittlez-live-resin-hybride\/#primaryimage"},"thumbnailUrl":"https:\/\/stgbc.bcweededible.net\/wp-content\/uploads\/2022\/09\/wedding-cake-live-resin.jpg","datePublished":"2024-02-26T07:18:17+00:00","dateModified":"2026-03-25T12:19:23+00:00","breadcrumb":{"@id":"https:\/\/stgbc.bcweededible.net\/fr\/buy\/concentres\/live-resine\/gelato-zkittlez-live-resin-hybride\/#breadcrumb"},"inLanguage":"fr-FR","potentialAction":[{"@type":"ReadAction","target":["https:\/\/stgbc.bcweededible.net\/fr\/buy\/concentres\/live-resine\/gelato-zkittlez-live-resin-hybride\/"]}]},{"@type":"ImageObject","inLanguage":"fr-FR","@id":"https:\/\/stgbc.bcweededible.net\/fr\/buy\/concentres\/live-resine\/gelato-zkittlez-live-resin-hybride\/#primaryimage","url":"https:\/\/stgbc.bcweededible.net\/wp-content\/uploads\/2022\/09\/wedding-cake-live-resin.jpg","contentUrl":"https:\/\/stgbc.bcweededible.net\/wp-content\/uploads\/2022\/09\/wedding-cake-live-resin.jpg","width":720,"height":720,"caption":"wedding cake live resin"},{"@type":"BreadcrumbList","@id":"https:\/\/stgbc.bcweededible.net\/fr\/buy\/concentres\/live-resine\/gelato-zkittlez-live-resin-hybride\/#breadcrumb","itemListElement":[{"@type":"ListItem","position":1,"name":"Jujubes au Pot Canada","item":"https:\/\/stgbc.bcweededible.net\/fr\/shop\/"},{"@type":"ListItem","position":2,"name":"Gelato Zkittlez Live Resin (Hybride)"}]},{"@type":"WebSite","@id":"https:\/\/stgbc.bcweededible.net\/fr\/#website","url":"https:\/\/stgbc.bcweededible.net\/fr\/","name":"BC Weed Edible","description":"","publisher":{"@id":"https:\/\/stgbc.bcweededible.net\/fr\/#organization"},"potentialAction":[{"@type":"SearchAction","target":{"@type":"EntryPoint","urlTemplate":"https:\/\/stgbc.bcweededible.net\/fr\/?s={search_term_string}"},"query-input":{"@type":"PropertyValueSpecification","valueRequired":true,"valueName":"search_term_string"}}],"inLanguage":"fr-FR"},{"@type":"Organization","@id":"https:\/\/stgbc.bcweededible.net\/fr\/#organization","name":"BC Weed Edible","url":"https:\/\/stgbc.bcweededible.net\/fr\/","logo":{"@type":"ImageObject","inLanguage":"fr-FR","@id":"https:\/\/stgbc.bcweededible.net\/fr\/#\/schema\/logo\/image\/","url":"https:\/\/stgbc.bcweededible.net\/wp-content\/uploads\/2021\/12\/bc-weed-edible-canada.png","contentUrl":"https:\/\/stgbc.bcweededible.net\/wp-content\/uploads\/2021\/12\/bc-weed-edible-canada.png","width":270,"height":185,"caption":"BC Weed Edible"},"image":{"@id":"https:\/\/stgbc.bcweededible.net\/fr\/#\/schema\/logo\/image\/"}}]}},"_links":{"self":[{"href":"https:\/\/stgbc.bcweededible.net\/fr\/wp-json\/wp\/v2\/product\/68387","targetHints":{"allow":["GET"]}}],"collection":[{"href":"https:\/\/stgbc.bcweededible.net\/fr\/wp-json\/wp\/v2\/product"}],"about":[{"href":"https:\/\/stgbc.bcweededible.net\/fr\/wp-json\/wp\/v2\/types\/product"}],"replies":[{"embeddable":true,"href":"https:\/\/stgbc.bcweededible.net\/fr\/wp-json\/wp\/v2\/comments?post=68387"}],"wp:featuredmedia":[{"embeddable":true,"href":"https:\/\/stgbc.bcweededible.net\/fr\/wp-json\/wp\/v2\/media\/20360"}],"wp:attachment":[{"href":"https:\/\/stgbc.bcweededible.net\/fr\/wp-json\/wp\/v2\/media?parent=68387"}],"wp:term":[{"taxonomy":"product_brand","embeddable":true,"href":"https:\/\/stgbc.bcweededible.net\/fr\/wp-json\/wp\/v2\/product_brand?post=68387"},{"taxonomy":"product_cat","embeddable":true,"href":"https:\/\/stgbc.bcweededible.net\/fr\/wp-json\/wp\/v2\/product_cat?post=68387"},{"taxonomy":"product_tag","embeddable":true,"href":"https:\/\/stgbc.bcweededible.net\/fr\/wp-json\/wp\/v2\/product_tag?post=68387"}],"curies":[{"name":"wp","href":"https:\/\/api.w.org\/{rel}","templated":true}]}}