{"id":68385,"date":"2022-09-26T12:15:30","date_gmt":"2024-02-26T07:18:17","guid":{"rendered":"https:\/\/bcweededible.net\/buy\/non%20class\u00e9\/apple-fritter-live-resin-hybride\/"},"modified":"2025-05-05T14:38:01","modified_gmt":"2025-05-05T21:38:01","slug":"apple-fritter-live-resin-hybride","status":"publish","type":"product","link":"https:\/\/stgbc.bcweededible.net\/fr\/buy\/gros\/concentres-en-gros\/apple-fritter-live-resin-hybride\/","title":{"rendered":"Apple Fritter Live Resin (Hybride)"},"content":{"rendered":"","protected":false},"excerpt":{"rendered":"<p>Voici Apple Fritter Live Resin, un concentr\u00e9 de cannabis tr\u00e8s puissant et tr\u00e8s populaire au Canada.<br \/>\nCe produit est reconnu pour ses effets intenses et son &#8221;high&#8221; puissant. N&#8217;attendez plus pour l&#8217;essayer tant pour un usage m\u00e9dical que r\u00e9cr\u00e9atif.<\/p>\n<p>Toutes nos Live Resins <strong>sont disponibles \u00e0 partir de $8 le gramme !<\/strong> Nous avons des quantit\u00e9s limit\u00e9es, alors profitez-en tant qu&#8217;il en reste !<\/p>\n<h2>Informations sur Apple Fritter Live Resin<\/h2>\n<table>\n<tbody>\n<tr>\n<td class=\"has-text-align-center\" style=\"text-align: left;\" data-align=\"center\"><strong>Ph\u00e9notype<\/strong><\/td>\n<td class=\"has-text-align-center\" style=\"text-align: left;\" data-align=\"center\">Hybride<\/td>\n<\/tr>\n<tr>\n<td class=\"has-text-align-center\" data-align=\"center\"><strong>Teneur en THC<\/strong><\/td>\n<td class=\"has-text-align-center\" data-align=\"center\">70-80%<\/td>\n<\/tr>\n<tr>\n<td class=\"has-text-align-center\" data-align=\"center\"><strong>Consistance<\/strong><\/td>\n<td class=\"has-text-align-center\" data-align=\"center\">Live Resin (R\u00e9sine vivante)<\/td>\n<\/tr>\n<tr>\n<td class=\"has-text-align-center\" style=\"text-align: left;\" data-align=\"center\"><strong>Grade<\/strong><\/td>\n<td class=\"has-text-align-center\" style=\"text-align: left;\" data-align=\"center\">AAAA+<\/td>\n<\/tr>\n<tr>\n<td class=\"has-text-align-center\" style=\"text-align: left;\" data-align=\"center\"><strong>Effets<\/strong><\/td>\n<td class=\"has-text-align-center\" style=\"text-align: left;\" data-align=\"center\">Euphorie, bonheur, faim, d\u00e9tente, picotement<\/td>\n<\/tr>\n<tr>\n<td class=\"has-text-align-center\" style=\"text-align: left;\" data-align=\"center\"><strong>Profil des terp\u00e8nes<\/strong><\/td>\n<td class=\"has-text-align-center\" style=\"text-align: left;\" data-align=\"center\">Pomme, Fruit\u00e9, Herbes, Sucr\u00e9, Vanille<\/td>\n<\/tr>\n<\/tbody>\n<\/table>\n","protected":false},"featured_media":20352,"comment_status":"open","ping_status":"closed","template":"","meta":[],"product_brand":[],"product_cat":[305,535,558,390],"product_tag":[],"class_list":{"0":"post-68385","1":"product","2":"type-product","3":"status-publish","4":"has-post-thumbnail","6":"product_cat-concentres","7":"product_cat-concentres-en-gros","8":"product_cat-gros","9":"product_cat-live-resine","11":"first","12":"instock","13":"sale","14":"shipping-taxable","15":"purchasable","16":"product-type-variable","17":"has-default-attributes"},"yoast_head":"\n<title>Acheter Apple Fritter Live Resin (Hybride) en ligne | Acheter Live Resin Canada | BC Weed Edible.<\/title>\n<meta name=\"robots\" content=\"index, follow, max-snippet:-1, max-image-preview:large, max-video-preview:-1\" \/>\n<link rel=\"canonical\" href=\"https:\/\/stgbc.bcweededible.net\/fr\/buy\/gros\/concentres-en-gros\/apple-fritter-live-resin-hybride\/\" \/>\n<meta property=\"og:locale\" content=\"fr_FR\" \/>\n<meta property=\"og:type\" content=\"article\" \/>\n<meta property=\"og:title\" content=\"Acheter Apple Fritter Live Resin (Hybride) en ligne | Acheter Live Resin Canada | BC Weed Edible.\" \/>\n<meta property=\"og:description\" content=\"Voici Apple Fritter Live Resin, un concentr\u00e9 de cannabis tr\u00e8s puissant et tr\u00e8s populaire au Canada. Ce produit est reconnu pour ses effets intenses et son &#039;&#039;high&#039;&#039; puissant. N&#039;attendez plus pour l&#039;essayer tant pour un usage m\u00e9dical que r\u00e9cr\u00e9atif. Toutes nos Live Resins sont disponibles \u00e0 partir de $8 le gramme ! Nous avons des quantit\u00e9s limit\u00e9es, alors profitez-en tant qu&#039;il en reste ! Informations sur Apple Fritter Live Resin Ph\u00e9notype Hybride Teneur en THC 70-80% Consistance Live Resin (R\u00e9sine vivante) Grade AAAA+ Effets Euphorie, bonheur, faim, d\u00e9tente, picotement Profil des terp\u00e8nes Pomme, Fruit\u00e9, Herbes, Sucr\u00e9, Vanille\" \/>\n<meta property=\"og:url\" content=\"https:\/\/stgbc.bcweededible.net\/fr\/buy\/gros\/concentres-en-gros\/apple-fritter-live-resin-hybride\/\" \/>\n<meta property=\"og:site_name\" content=\"BC Weed Edible\" \/>\n<meta property=\"article:modified_time\" content=\"2025-05-05T21:38:01+00:00\" \/>\n<meta property=\"og:image\" content=\"https:\/\/stgbc.bcweededible.net\/wp-content\/uploads\/2022\/09\/gorilla-glue-4-live-resin.jpg\" \/>\n\t<meta property=\"og:image:width\" content=\"720\" \/>\n\t<meta property=\"og:image:height\" content=\"720\" \/>\n\t<meta property=\"og:image:type\" content=\"image\/jpeg\" \/>\n<meta name=\"twitter:card\" content=\"summary_large_image\" \/>\n<script type=\"application\/ld+json\" class=\"yoast-schema-graph\">{\"@context\":\"https:\\\/\\\/schema.org\",\"@graph\":[{\"@type\":\"WebPage\",\"@id\":\"https:\\\/\\\/stgbc.bcweededible.net\\\/fr\\\/buy\\\/gros\\\/concentres-en-gros\\\/apple-fritter-live-resin-hybride\\\/\",\"url\":\"https:\\\/\\\/stgbc.bcweededible.net\\\/fr\\\/buy\\\/gros\\\/concentres-en-gros\\\/apple-fritter-live-resin-hybride\\\/\",\"name\":\"Acheter Apple Fritter Live Resin (Hybride) en ligne | Acheter Live Resin Canada | BC Weed Edible.\",\"isPartOf\":{\"@id\":\"https:\\\/\\\/stgbc.bcweededible.net\\\/fr\\\/#website\"},\"primaryImageOfPage\":{\"@id\":\"https:\\\/\\\/stgbc.bcweededible.net\\\/fr\\\/buy\\\/gros\\\/concentres-en-gros\\\/apple-fritter-live-resin-hybride\\\/#primaryimage\"},\"image\":{\"@id\":\"https:\\\/\\\/stgbc.bcweededible.net\\\/fr\\\/buy\\\/gros\\\/concentres-en-gros\\\/apple-fritter-live-resin-hybride\\\/#primaryimage\"},\"thumbnailUrl\":\"https:\\\/\\\/stgbc.bcweededible.net\\\/wp-content\\\/uploads\\\/2022\\\/09\\\/gorilla-glue-4-live-resin.jpg\",\"datePublished\":\"2024-02-26T07:18:17+00:00\",\"dateModified\":\"2025-05-05T21:38:01+00:00\",\"breadcrumb\":{\"@id\":\"https:\\\/\\\/stgbc.bcweededible.net\\\/fr\\\/buy\\\/gros\\\/concentres-en-gros\\\/apple-fritter-live-resin-hybride\\\/#breadcrumb\"},\"inLanguage\":\"fr-FR\",\"potentialAction\":[{\"@type\":\"ReadAction\",\"target\":[\"https:\\\/\\\/stgbc.bcweededible.net\\\/fr\\\/buy\\\/gros\\\/concentres-en-gros\\\/apple-fritter-live-resin-hybride\\\/\"]}]},{\"@type\":\"ImageObject\",\"inLanguage\":\"fr-FR\",\"@id\":\"https:\\\/\\\/stgbc.bcweededible.net\\\/fr\\\/buy\\\/gros\\\/concentres-en-gros\\\/apple-fritter-live-resin-hybride\\\/#primaryimage\",\"url\":\"https:\\\/\\\/stgbc.bcweededible.net\\\/wp-content\\\/uploads\\\/2022\\\/09\\\/gorilla-glue-4-live-resin.jpg\",\"contentUrl\":\"https:\\\/\\\/stgbc.bcweededible.net\\\/wp-content\\\/uploads\\\/2022\\\/09\\\/gorilla-glue-4-live-resin.jpg\",\"width\":720,\"height\":720,\"caption\":\"gorilla glue 4 live resin\"},{\"@type\":\"BreadcrumbList\",\"@id\":\"https:\\\/\\\/stgbc.bcweededible.net\\\/fr\\\/buy\\\/gros\\\/concentres-en-gros\\\/apple-fritter-live-resin-hybride\\\/#breadcrumb\",\"itemListElement\":[{\"@type\":\"ListItem\",\"position\":1,\"name\":\"Jujubes au Pot Canada\",\"item\":\"https:\\\/\\\/stgbc.bcweededible.net\\\/fr\\\/shop\\\/\"},{\"@type\":\"ListItem\",\"position\":2,\"name\":\"Apple Fritter Live Resin (Hybride)\"}]},{\"@type\":\"WebSite\",\"@id\":\"https:\\\/\\\/stgbc.bcweededible.net\\\/fr\\\/#website\",\"url\":\"https:\\\/\\\/stgbc.bcweededible.net\\\/fr\\\/\",\"name\":\"BC Weed Edible\",\"description\":\"\",\"publisher\":{\"@id\":\"https:\\\/\\\/stgbc.bcweededible.net\\\/fr\\\/#organization\"},\"potentialAction\":[{\"@type\":\"SearchAction\",\"target\":{\"@type\":\"EntryPoint\",\"urlTemplate\":\"https:\\\/\\\/stgbc.bcweededible.net\\\/fr\\\/?s={search_term_string}\"},\"query-input\":{\"@type\":\"PropertyValueSpecification\",\"valueRequired\":true,\"valueName\":\"search_term_string\"}}],\"inLanguage\":\"fr-FR\"},{\"@type\":\"Organization\",\"@id\":\"https:\\\/\\\/stgbc.bcweededible.net\\\/fr\\\/#organization\",\"name\":\"BC Weed Edible\",\"url\":\"https:\\\/\\\/stgbc.bcweededible.net\\\/fr\\\/\",\"logo\":{\"@type\":\"ImageObject\",\"inLanguage\":\"fr-FR\",\"@id\":\"https:\\\/\\\/stgbc.bcweededible.net\\\/fr\\\/#\\\/schema\\\/logo\\\/image\\\/\",\"url\":\"https:\\\/\\\/stgbc.bcweededible.net\\\/wp-content\\\/uploads\\\/2021\\\/12\\\/bc-weed-edible-canada.png\",\"contentUrl\":\"https:\\\/\\\/stgbc.bcweededible.net\\\/wp-content\\\/uploads\\\/2021\\\/12\\\/bc-weed-edible-canada.png\",\"width\":270,\"height\":185,\"caption\":\"BC Weed Edible\"},\"image\":{\"@id\":\"https:\\\/\\\/stgbc.bcweededible.net\\\/fr\\\/#\\\/schema\\\/logo\\\/image\\\/\"}}]}<\/script>\n","yoast_head_json":{"title":"Acheter Apple Fritter Live Resin (Hybride) en ligne | Acheter Live Resin Canada | BC Weed Edible.","robots":{"index":"index","follow":"follow","max-snippet":"max-snippet:-1","max-image-preview":"max-image-preview:large","max-video-preview":"max-video-preview:-1"},"canonical":"https:\/\/stgbc.bcweededible.net\/fr\/buy\/gros\/concentres-en-gros\/apple-fritter-live-resin-hybride\/","og_locale":"fr_FR","og_type":"article","og_title":"Acheter Apple Fritter Live Resin (Hybride) en ligne | Acheter Live Resin Canada | BC Weed Edible.","og_description":"Voici Apple Fritter Live Resin, un concentr\u00e9 de cannabis tr\u00e8s puissant et tr\u00e8s populaire au Canada. Ce produit est reconnu pour ses effets intenses et son ''high'' puissant. N'attendez plus pour l'essayer tant pour un usage m\u00e9dical que r\u00e9cr\u00e9atif. Toutes nos Live Resins sont disponibles \u00e0 partir de $8 le gramme ! Nous avons des quantit\u00e9s limit\u00e9es, alors profitez-en tant qu'il en reste ! Informations sur Apple Fritter Live Resin Ph\u00e9notype Hybride Teneur en THC 70-80% Consistance Live Resin (R\u00e9sine vivante) Grade AAAA+ Effets Euphorie, bonheur, faim, d\u00e9tente, picotement Profil des terp\u00e8nes Pomme, Fruit\u00e9, Herbes, Sucr\u00e9, Vanille","og_url":"https:\/\/stgbc.bcweededible.net\/fr\/buy\/gros\/concentres-en-gros\/apple-fritter-live-resin-hybride\/","og_site_name":"BC Weed Edible","article_modified_time":"2025-05-05T21:38:01+00:00","og_image":[{"width":720,"height":720,"url":"https:\/\/stgbc.bcweededible.net\/wp-content\/uploads\/2022\/09\/gorilla-glue-4-live-resin.jpg","type":"image\/jpeg"}],"twitter_card":"summary_large_image","schema":{"@context":"https:\/\/schema.org","@graph":[{"@type":"WebPage","@id":"https:\/\/stgbc.bcweededible.net\/fr\/buy\/gros\/concentres-en-gros\/apple-fritter-live-resin-hybride\/","url":"https:\/\/stgbc.bcweededible.net\/fr\/buy\/gros\/concentres-en-gros\/apple-fritter-live-resin-hybride\/","name":"Acheter Apple Fritter Live Resin (Hybride) en ligne | Acheter Live Resin Canada | BC Weed Edible.","isPartOf":{"@id":"https:\/\/stgbc.bcweededible.net\/fr\/#website"},"primaryImageOfPage":{"@id":"https:\/\/stgbc.bcweededible.net\/fr\/buy\/gros\/concentres-en-gros\/apple-fritter-live-resin-hybride\/#primaryimage"},"image":{"@id":"https:\/\/stgbc.bcweededible.net\/fr\/buy\/gros\/concentres-en-gros\/apple-fritter-live-resin-hybride\/#primaryimage"},"thumbnailUrl":"https:\/\/stgbc.bcweededible.net\/wp-content\/uploads\/2022\/09\/gorilla-glue-4-live-resin.jpg","datePublished":"2024-02-26T07:18:17+00:00","dateModified":"2025-05-05T21:38:01+00:00","breadcrumb":{"@id":"https:\/\/stgbc.bcweededible.net\/fr\/buy\/gros\/concentres-en-gros\/apple-fritter-live-resin-hybride\/#breadcrumb"},"inLanguage":"fr-FR","potentialAction":[{"@type":"ReadAction","target":["https:\/\/stgbc.bcweededible.net\/fr\/buy\/gros\/concentres-en-gros\/apple-fritter-live-resin-hybride\/"]}]},{"@type":"ImageObject","inLanguage":"fr-FR","@id":"https:\/\/stgbc.bcweededible.net\/fr\/buy\/gros\/concentres-en-gros\/apple-fritter-live-resin-hybride\/#primaryimage","url":"https:\/\/stgbc.bcweededible.net\/wp-content\/uploads\/2022\/09\/gorilla-glue-4-live-resin.jpg","contentUrl":"https:\/\/stgbc.bcweededible.net\/wp-content\/uploads\/2022\/09\/gorilla-glue-4-live-resin.jpg","width":720,"height":720,"caption":"gorilla glue 4 live resin"},{"@type":"BreadcrumbList","@id":"https:\/\/stgbc.bcweededible.net\/fr\/buy\/gros\/concentres-en-gros\/apple-fritter-live-resin-hybride\/#breadcrumb","itemListElement":[{"@type":"ListItem","position":1,"name":"Jujubes au Pot Canada","item":"https:\/\/stgbc.bcweededible.net\/fr\/shop\/"},{"@type":"ListItem","position":2,"name":"Apple Fritter Live Resin (Hybride)"}]},{"@type":"WebSite","@id":"https:\/\/stgbc.bcweededible.net\/fr\/#website","url":"https:\/\/stgbc.bcweededible.net\/fr\/","name":"BC Weed Edible","description":"","publisher":{"@id":"https:\/\/stgbc.bcweededible.net\/fr\/#organization"},"potentialAction":[{"@type":"SearchAction","target":{"@type":"EntryPoint","urlTemplate":"https:\/\/stgbc.bcweededible.net\/fr\/?s={search_term_string}"},"query-input":{"@type":"PropertyValueSpecification","valueRequired":true,"valueName":"search_term_string"}}],"inLanguage":"fr-FR"},{"@type":"Organization","@id":"https:\/\/stgbc.bcweededible.net\/fr\/#organization","name":"BC Weed Edible","url":"https:\/\/stgbc.bcweededible.net\/fr\/","logo":{"@type":"ImageObject","inLanguage":"fr-FR","@id":"https:\/\/stgbc.bcweededible.net\/fr\/#\/schema\/logo\/image\/","url":"https:\/\/stgbc.bcweededible.net\/wp-content\/uploads\/2021\/12\/bc-weed-edible-canada.png","contentUrl":"https:\/\/stgbc.bcweededible.net\/wp-content\/uploads\/2021\/12\/bc-weed-edible-canada.png","width":270,"height":185,"caption":"BC Weed Edible"},"image":{"@id":"https:\/\/stgbc.bcweededible.net\/fr\/#\/schema\/logo\/image\/"}}]}},"_links":{"self":[{"href":"https:\/\/stgbc.bcweededible.net\/fr\/wp-json\/wp\/v2\/product\/68385","targetHints":{"allow":["GET"]}}],"collection":[{"href":"https:\/\/stgbc.bcweededible.net\/fr\/wp-json\/wp\/v2\/product"}],"about":[{"href":"https:\/\/stgbc.bcweededible.net\/fr\/wp-json\/wp\/v2\/types\/product"}],"replies":[{"embeddable":true,"href":"https:\/\/stgbc.bcweededible.net\/fr\/wp-json\/wp\/v2\/comments?post=68385"}],"wp:featuredmedia":[{"embeddable":true,"href":"https:\/\/stgbc.bcweededible.net\/fr\/wp-json\/wp\/v2\/media\/20352"}],"wp:attachment":[{"href":"https:\/\/stgbc.bcweededible.net\/fr\/wp-json\/wp\/v2\/media?parent=68385"}],"wp:term":[{"taxonomy":"product_brand","embeddable":true,"href":"https:\/\/stgbc.bcweededible.net\/fr\/wp-json\/wp\/v2\/product_brand?post=68385"},{"taxonomy":"product_cat","embeddable":true,"href":"https:\/\/stgbc.bcweededible.net\/fr\/wp-json\/wp\/v2\/product_cat?post=68385"},{"taxonomy":"product_tag","embeddable":true,"href":"https:\/\/stgbc.bcweededible.net\/fr\/wp-json\/wp\/v2\/product_tag?post=68385"}],"curies":[{"name":"wp","href":"https:\/\/api.w.org\/{rel}","templated":true}]}}