{"id":67668,"date":"2023-01-22T21:19:22","date_gmt":"2024-02-19T07:03:03","guid":{"rendered":"https:\/\/bcweededible.net\/buy\/non%20class\u00e9\/cherry-mints-live-resin-sativa\/"},"modified":"2026-01-20T08:48:43","modified_gmt":"2026-01-20T16:48:43","slug":"cherry-mints-live-resin-sativa","status":"publish","type":"product","link":"https:\/\/stgbc.bcweededible.net\/fr\/buy\/concentres\/live-resine\/cherry-mints-live-resin-sativa\/","title":{"rendered":"Cherry Mints Live Resin (Sativa)"},"content":{"rendered":"","protected":false},"excerpt":{"rendered":"<p>A la recherche d&#8217;un concentr\u00e9 <strong>au go\u00fbt de menthe et de cerise<\/strong> surpuissant<b><\/b>qui vous fera planer \u00e0 coup s\u00fbr ? Ne cherchez pas plus loin que <strong>notre Cherry Mints Live Resin (Sativa)<\/strong>. Ce croisement de Cherry AK-47 x Kush Mints #11 est l&#8217;un des plus populaires au Canada et est parfait pour ceux qui veulent un high puissant. La <a href=\"https:\/\/stgbc.bcweededible.net\/fr\/shop\/concentres\/live-resine\/\"><b>Live Resin <\/b><\/a>est une forme tr\u00e8s concentr\u00e9e de cannabis connue pour ses effets intenses.<\/p>\n<p>Toutes nos live resins <strong>sont disponibles \u00e0 partir de 8 $ par gramme !<\/strong> L&#8217;offre est limit\u00e9e, profitez-en tant qu&#8217;elle dure !<\/p>\n<h2>Informations sur Cherry Mints Live Resin (Sativa)<\/h2>\n<table>\n<tbody>\n<tr>\n<td class=\"has-text-align-center\" style=\"text-align: left;\" data-align=\"center\"><strong>Ph\u00e9notype<\/strong><\/td>\n<td class=\"has-text-align-center\" style=\"text-align: left;\" data-align=\"center\">Dominante Sativa<\/td>\n<\/tr>\n<tr>\n<td class=\"has-text-align-center\" data-align=\"center\"><strong>Teneur en THC<\/strong><\/td>\n<td class=\"has-text-align-center\" data-align=\"center\">70-80%<\/td>\n<\/tr>\n<tr>\n<td class=\"has-text-align-center\" data-align=\"center\"><strong>Consistance<\/strong><\/td>\n<td class=\"has-text-align-center\" data-align=\"center\">Live Resin (R\u00e9sine vivante)<\/td>\n<\/tr>\n<tr>\n<td class=\"has-text-align-center\" style=\"text-align: left;\" data-align=\"center\"><strong>Grade<\/strong><\/td>\n<td class=\"has-text-align-center\" style=\"text-align: left;\" data-align=\"center\">AAAA+<\/td>\n<\/tr>\n<tr>\n<td class=\"has-text-align-center\" style=\"text-align: left;\" data-align=\"center\"><strong>Effets<\/strong><\/td>\n<td class=\"has-text-align-center\" style=\"text-align: left;\" data-align=\"center\">Heureux, d\u00e9tendu, euphorique<\/td>\n<\/tr>\n<tr>\n<td class=\"has-text-align-center\" style=\"text-align: left;\" data-align=\"center\"><strong>Profil des terp\u00e8nes<\/strong><\/td>\n<td class=\"has-text-align-center\" style=\"text-align: left;\" data-align=\"center\">Cerise, menthe, diesel<\/td>\n<\/tr>\n<\/tbody>\n<\/table>\n","protected":false},"featured_media":26756,"comment_status":"open","ping_status":"closed","template":"","meta":[],"product_brand":[],"product_cat":[244,305,558,390],"product_tag":[],"class_list":{"0":"post-67668","1":"product","2":"type-product","3":"status-publish","4":"has-post-thumbnail","6":"product_cat-comestibles","7":"product_cat-concentres","8":"product_cat-gros","9":"product_cat-live-resine","11":"first","12":"instock","13":"sale","14":"shipping-taxable","15":"purchasable","16":"product-type-variable"},"yoast_head":"\n<title>Acheter Cherry Mints Live Resin (Sativa) en ligne | Acheter Live Resin Canada | BC Weed Edible.<\/title>\n<meta name=\"robots\" content=\"index, follow, max-snippet:-1, max-image-preview:large, max-video-preview:-1\" \/>\n<link rel=\"canonical\" href=\"https:\/\/stgbc.bcweededible.net\/fr\/buy\/concentres\/live-resine\/cherry-mints-live-resin-sativa\/\" \/>\n<meta property=\"og:locale\" content=\"fr_FR\" \/>\n<meta property=\"og:type\" content=\"article\" \/>\n<meta property=\"og:title\" content=\"Acheter Cherry Mints Live Resin (Sativa) en ligne | Acheter Live Resin Canada | BC Weed Edible.\" \/>\n<meta property=\"og:description\" content=\"A la recherche d&#039;un concentr\u00e9 au go\u00fbt de menthe et de cerise surpuissant qui vous fera planer \u00e0 coup s\u00fbr ? Ne cherchez pas plus loin que notre Cherry Mints Live Resin (Sativa). Ce croisement de Cherry AK-47 x Kush Mints #11 est l&#039;un des plus populaires au Canada et est parfait pour ceux qui veulent un high puissant. La Live Resin est une forme tr\u00e8s concentr\u00e9e de cannabis connue pour ses effets intenses. Toutes nos live resins sont disponibles \u00e0 partir de 8 $ par gramme ! L&#039;offre est limit\u00e9e, profitez-en tant qu&#039;elle dure ! Informations sur Cherry Mints Live Resin (Sativa) Ph\u00e9notype Dominante Sativa Teneur en THC 70-80% Consistance Live Resin (R\u00e9sine vivante) Grade AAAA+ Effets Heureux, d\u00e9tendu, euphorique Profil des terp\u00e8nes Cerise, menthe, diesel\" \/>\n<meta property=\"og:url\" content=\"https:\/\/stgbc.bcweededible.net\/fr\/buy\/concentres\/live-resine\/cherry-mints-live-resin-sativa\/\" \/>\n<meta property=\"og:site_name\" content=\"BC Weed Edible\" \/>\n<meta property=\"article:modified_time\" content=\"2026-01-20T16:48:43+00:00\" \/>\n<meta property=\"og:image\" content=\"https:\/\/stgbc.bcweededible.net\/wp-content\/uploads\/2023\/01\/sour-tangie-live-resin-bulk.jpg\" \/>\n\t<meta property=\"og:image:width\" content=\"1024\" \/>\n\t<meta property=\"og:image:height\" content=\"1024\" \/>\n\t<meta property=\"og:image:type\" content=\"image\/jpeg\" \/>\n<meta name=\"twitter:card\" content=\"summary_large_image\" \/>\n<script type=\"application\/ld+json\" class=\"yoast-schema-graph\">{\"@context\":\"https:\\\/\\\/schema.org\",\"@graph\":[{\"@type\":\"WebPage\",\"@id\":\"https:\\\/\\\/stgbc.bcweededible.net\\\/fr\\\/buy\\\/concentres\\\/live-resine\\\/cherry-mints-live-resin-sativa\\\/\",\"url\":\"https:\\\/\\\/stgbc.bcweededible.net\\\/fr\\\/buy\\\/concentres\\\/live-resine\\\/cherry-mints-live-resin-sativa\\\/\",\"name\":\"Acheter Cherry Mints Live Resin (Sativa) en ligne | Acheter Live Resin Canada | BC Weed Edible.\",\"isPartOf\":{\"@id\":\"https:\\\/\\\/stgbc.bcweededible.net\\\/fr\\\/#website\"},\"primaryImageOfPage\":{\"@id\":\"https:\\\/\\\/stgbc.bcweededible.net\\\/fr\\\/buy\\\/concentres\\\/live-resine\\\/cherry-mints-live-resin-sativa\\\/#primaryimage\"},\"image\":{\"@id\":\"https:\\\/\\\/stgbc.bcweededible.net\\\/fr\\\/buy\\\/concentres\\\/live-resine\\\/cherry-mints-live-resin-sativa\\\/#primaryimage\"},\"thumbnailUrl\":\"https:\\\/\\\/stgbc.bcweededible.net\\\/wp-content\\\/uploads\\\/2023\\\/01\\\/sour-tangie-live-resin-bulk.jpg\",\"datePublished\":\"2024-02-19T07:03:03+00:00\",\"dateModified\":\"2026-01-20T16:48:43+00:00\",\"breadcrumb\":{\"@id\":\"https:\\\/\\\/stgbc.bcweededible.net\\\/fr\\\/buy\\\/concentres\\\/live-resine\\\/cherry-mints-live-resin-sativa\\\/#breadcrumb\"},\"inLanguage\":\"fr-FR\",\"potentialAction\":[{\"@type\":\"ReadAction\",\"target\":[\"https:\\\/\\\/stgbc.bcweededible.net\\\/fr\\\/buy\\\/concentres\\\/live-resine\\\/cherry-mints-live-resin-sativa\\\/\"]}]},{\"@type\":\"ImageObject\",\"inLanguage\":\"fr-FR\",\"@id\":\"https:\\\/\\\/stgbc.bcweededible.net\\\/fr\\\/buy\\\/concentres\\\/live-resine\\\/cherry-mints-live-resin-sativa\\\/#primaryimage\",\"url\":\"https:\\\/\\\/stgbc.bcweededible.net\\\/wp-content\\\/uploads\\\/2023\\\/01\\\/sour-tangie-live-resin-bulk.jpg\",\"contentUrl\":\"https:\\\/\\\/stgbc.bcweededible.net\\\/wp-content\\\/uploads\\\/2023\\\/01\\\/sour-tangie-live-resin-bulk.jpg\",\"width\":1024,\"height\":1024,\"caption\":\"live resin sour tangie jar\"},{\"@type\":\"BreadcrumbList\",\"@id\":\"https:\\\/\\\/stgbc.bcweededible.net\\\/fr\\\/buy\\\/concentres\\\/live-resine\\\/cherry-mints-live-resin-sativa\\\/#breadcrumb\",\"itemListElement\":[{\"@type\":\"ListItem\",\"position\":1,\"name\":\"Jujubes au Pot Canada\",\"item\":\"https:\\\/\\\/stgbc.bcweededible.net\\\/fr\\\/shop\\\/\"},{\"@type\":\"ListItem\",\"position\":2,\"name\":\"Cherry Mints Live Resin (Sativa)\"}]},{\"@type\":\"WebSite\",\"@id\":\"https:\\\/\\\/stgbc.bcweededible.net\\\/fr\\\/#website\",\"url\":\"https:\\\/\\\/stgbc.bcweededible.net\\\/fr\\\/\",\"name\":\"BC Weed Edible\",\"description\":\"\",\"publisher\":{\"@id\":\"https:\\\/\\\/stgbc.bcweededible.net\\\/fr\\\/#organization\"},\"potentialAction\":[{\"@type\":\"SearchAction\",\"target\":{\"@type\":\"EntryPoint\",\"urlTemplate\":\"https:\\\/\\\/stgbc.bcweededible.net\\\/fr\\\/?s={search_term_string}\"},\"query-input\":{\"@type\":\"PropertyValueSpecification\",\"valueRequired\":true,\"valueName\":\"search_term_string\"}}],\"inLanguage\":\"fr-FR\"},{\"@type\":\"Organization\",\"@id\":\"https:\\\/\\\/stgbc.bcweededible.net\\\/fr\\\/#organization\",\"name\":\"BC Weed Edible\",\"url\":\"https:\\\/\\\/stgbc.bcweededible.net\\\/fr\\\/\",\"logo\":{\"@type\":\"ImageObject\",\"inLanguage\":\"fr-FR\",\"@id\":\"https:\\\/\\\/stgbc.bcweededible.net\\\/fr\\\/#\\\/schema\\\/logo\\\/image\\\/\",\"url\":\"https:\\\/\\\/stgbc.bcweededible.net\\\/wp-content\\\/uploads\\\/2021\\\/12\\\/bc-weed-edible-canada.png\",\"contentUrl\":\"https:\\\/\\\/stgbc.bcweededible.net\\\/wp-content\\\/uploads\\\/2021\\\/12\\\/bc-weed-edible-canada.png\",\"width\":270,\"height\":185,\"caption\":\"BC Weed Edible\"},\"image\":{\"@id\":\"https:\\\/\\\/stgbc.bcweededible.net\\\/fr\\\/#\\\/schema\\\/logo\\\/image\\\/\"}}]}<\/script>\n","yoast_head_json":{"title":"Acheter Cherry Mints Live Resin (Sativa) en ligne | Acheter Live Resin Canada | BC Weed Edible.","robots":{"index":"index","follow":"follow","max-snippet":"max-snippet:-1","max-image-preview":"max-image-preview:large","max-video-preview":"max-video-preview:-1"},"canonical":"https:\/\/stgbc.bcweededible.net\/fr\/buy\/concentres\/live-resine\/cherry-mints-live-resin-sativa\/","og_locale":"fr_FR","og_type":"article","og_title":"Acheter Cherry Mints Live Resin (Sativa) en ligne | Acheter Live Resin Canada | BC Weed Edible.","og_description":"A la recherche d'un concentr\u00e9 au go\u00fbt de menthe et de cerise surpuissant qui vous fera planer \u00e0 coup s\u00fbr ? Ne cherchez pas plus loin que notre Cherry Mints Live Resin (Sativa). Ce croisement de Cherry AK-47 x Kush Mints #11 est l'un des plus populaires au Canada et est parfait pour ceux qui veulent un high puissant. La Live Resin est une forme tr\u00e8s concentr\u00e9e de cannabis connue pour ses effets intenses. Toutes nos live resins sont disponibles \u00e0 partir de 8 $ par gramme ! L'offre est limit\u00e9e, profitez-en tant qu'elle dure ! Informations sur Cherry Mints Live Resin (Sativa) Ph\u00e9notype Dominante Sativa Teneur en THC 70-80% Consistance Live Resin (R\u00e9sine vivante) Grade AAAA+ Effets Heureux, d\u00e9tendu, euphorique Profil des terp\u00e8nes Cerise, menthe, diesel","og_url":"https:\/\/stgbc.bcweededible.net\/fr\/buy\/concentres\/live-resine\/cherry-mints-live-resin-sativa\/","og_site_name":"BC Weed Edible","article_modified_time":"2026-01-20T16:48:43+00:00","og_image":[{"width":1024,"height":1024,"url":"https:\/\/stgbc.bcweededible.net\/wp-content\/uploads\/2023\/01\/sour-tangie-live-resin-bulk.jpg","type":"image\/jpeg"}],"twitter_card":"summary_large_image","schema":{"@context":"https:\/\/schema.org","@graph":[{"@type":"WebPage","@id":"https:\/\/stgbc.bcweededible.net\/fr\/buy\/concentres\/live-resine\/cherry-mints-live-resin-sativa\/","url":"https:\/\/stgbc.bcweededible.net\/fr\/buy\/concentres\/live-resine\/cherry-mints-live-resin-sativa\/","name":"Acheter Cherry Mints Live Resin (Sativa) en ligne | Acheter Live Resin Canada | BC Weed Edible.","isPartOf":{"@id":"https:\/\/stgbc.bcweededible.net\/fr\/#website"},"primaryImageOfPage":{"@id":"https:\/\/stgbc.bcweededible.net\/fr\/buy\/concentres\/live-resine\/cherry-mints-live-resin-sativa\/#primaryimage"},"image":{"@id":"https:\/\/stgbc.bcweededible.net\/fr\/buy\/concentres\/live-resine\/cherry-mints-live-resin-sativa\/#primaryimage"},"thumbnailUrl":"https:\/\/stgbc.bcweededible.net\/wp-content\/uploads\/2023\/01\/sour-tangie-live-resin-bulk.jpg","datePublished":"2024-02-19T07:03:03+00:00","dateModified":"2026-01-20T16:48:43+00:00","breadcrumb":{"@id":"https:\/\/stgbc.bcweededible.net\/fr\/buy\/concentres\/live-resine\/cherry-mints-live-resin-sativa\/#breadcrumb"},"inLanguage":"fr-FR","potentialAction":[{"@type":"ReadAction","target":["https:\/\/stgbc.bcweededible.net\/fr\/buy\/concentres\/live-resine\/cherry-mints-live-resin-sativa\/"]}]},{"@type":"ImageObject","inLanguage":"fr-FR","@id":"https:\/\/stgbc.bcweededible.net\/fr\/buy\/concentres\/live-resine\/cherry-mints-live-resin-sativa\/#primaryimage","url":"https:\/\/stgbc.bcweededible.net\/wp-content\/uploads\/2023\/01\/sour-tangie-live-resin-bulk.jpg","contentUrl":"https:\/\/stgbc.bcweededible.net\/wp-content\/uploads\/2023\/01\/sour-tangie-live-resin-bulk.jpg","width":1024,"height":1024,"caption":"live resin sour tangie jar"},{"@type":"BreadcrumbList","@id":"https:\/\/stgbc.bcweededible.net\/fr\/buy\/concentres\/live-resine\/cherry-mints-live-resin-sativa\/#breadcrumb","itemListElement":[{"@type":"ListItem","position":1,"name":"Jujubes au Pot Canada","item":"https:\/\/stgbc.bcweededible.net\/fr\/shop\/"},{"@type":"ListItem","position":2,"name":"Cherry Mints Live Resin (Sativa)"}]},{"@type":"WebSite","@id":"https:\/\/stgbc.bcweededible.net\/fr\/#website","url":"https:\/\/stgbc.bcweededible.net\/fr\/","name":"BC Weed Edible","description":"","publisher":{"@id":"https:\/\/stgbc.bcweededible.net\/fr\/#organization"},"potentialAction":[{"@type":"SearchAction","target":{"@type":"EntryPoint","urlTemplate":"https:\/\/stgbc.bcweededible.net\/fr\/?s={search_term_string}"},"query-input":{"@type":"PropertyValueSpecification","valueRequired":true,"valueName":"search_term_string"}}],"inLanguage":"fr-FR"},{"@type":"Organization","@id":"https:\/\/stgbc.bcweededible.net\/fr\/#organization","name":"BC Weed Edible","url":"https:\/\/stgbc.bcweededible.net\/fr\/","logo":{"@type":"ImageObject","inLanguage":"fr-FR","@id":"https:\/\/stgbc.bcweededible.net\/fr\/#\/schema\/logo\/image\/","url":"https:\/\/stgbc.bcweededible.net\/wp-content\/uploads\/2021\/12\/bc-weed-edible-canada.png","contentUrl":"https:\/\/stgbc.bcweededible.net\/wp-content\/uploads\/2021\/12\/bc-weed-edible-canada.png","width":270,"height":185,"caption":"BC Weed Edible"},"image":{"@id":"https:\/\/stgbc.bcweededible.net\/fr\/#\/schema\/logo\/image\/"}}]}},"_links":{"self":[{"href":"https:\/\/stgbc.bcweededible.net\/fr\/wp-json\/wp\/v2\/product\/67668","targetHints":{"allow":["GET"]}}],"collection":[{"href":"https:\/\/stgbc.bcweededible.net\/fr\/wp-json\/wp\/v2\/product"}],"about":[{"href":"https:\/\/stgbc.bcweededible.net\/fr\/wp-json\/wp\/v2\/types\/product"}],"replies":[{"embeddable":true,"href":"https:\/\/stgbc.bcweededible.net\/fr\/wp-json\/wp\/v2\/comments?post=67668"}],"wp:featuredmedia":[{"embeddable":true,"href":"https:\/\/stgbc.bcweededible.net\/fr\/wp-json\/wp\/v2\/media\/26756"}],"wp:attachment":[{"href":"https:\/\/stgbc.bcweededible.net\/fr\/wp-json\/wp\/v2\/media?parent=67668"}],"wp:term":[{"taxonomy":"product_brand","embeddable":true,"href":"https:\/\/stgbc.bcweededible.net\/fr\/wp-json\/wp\/v2\/product_brand?post=67668"},{"taxonomy":"product_cat","embeddable":true,"href":"https:\/\/stgbc.bcweededible.net\/fr\/wp-json\/wp\/v2\/product_cat?post=67668"},{"taxonomy":"product_tag","embeddable":true,"href":"https:\/\/stgbc.bcweededible.net\/fr\/wp-json\/wp\/v2\/product_tag?post=67668"}],"curies":[{"name":"wp","href":"https:\/\/api.w.org\/{rel}","templated":true}]}}