{"id":67476,"date":"2023-07-28T14:54:40","date_gmt":"2024-02-17T01:55:45","guid":{"rendered":"https:\/\/bcweededible.net\/buy\/non%20class\u00e9\/sceau-dor-hash\/"},"modified":"2025-11-20T02:23:20","modified_gmt":"2025-11-20T10:23:20","slug":"sceau-dor-hash","status":"publish","type":"product","link":"https:\/\/stgbc.bcweededible.net\/fr\/buy\/concentres\/hasch\/hash-importe\/sceau-dor-hash\/","title":{"rendered":"Hash Gold Seal"},"content":{"rendered":"<h2>Acheter du haschisch Gold Seal au Canada<\/h2>\n<p>Vous souhaitez d\u00e9couvrir le summum du concentr\u00e9 de cannabis ? Ne cherchez pas plus loin ! <strong>Achetez Gold Seal Hash au Canada<\/strong> et offrez-vous un produit exceptionnel r\u00e9put\u00e9 pour sa qualit\u00e9 de fabrication et ses effets puissants. Que vous soyez un amateur de haschisch chevronn\u00e9 ou un nouveau venu curieux, l&#8217;achat de Gold Seal Hash vous garantit une exp\u00e9rience d\u00e9licieuse et m\u00e9morable.<\/p>\n<h2>Qu&#8217;est-ce que le Gold Seal Hash ?<\/h2>\n<p>Gold Seal Hash est un <strong>concentr\u00e9 de cannabis de premi\u00e8re qualit\u00e9<\/strong> qui se situe \u00e0 l&#8217;avant-garde du monde du haschisch. Fabriqu\u00e9 avec pr\u00e9cision et soin, ce produit recherch\u00e9 offre une exp\u00e9rience in\u00e9gal\u00e9e aux amateurs de haschisch. Que vous soyez un nouveau venu dans le monde du haschisch ou un connaisseur chevronn\u00e9, acheter du Gold Seal Hash vous assure d&#8217;acc\u00e9der \u00e0 l&#8217;un des meilleurs produits du march\u00e9.<\/p>\n<h2>Comment consommer le haschisch Gold Seal ?<\/h2>\n<p>Lorsque vous achetez du haschisch Sceau d&#8217;or, vous ouvrez la porte \u00e0 un monde de possibilit\u00e9s de consommation. Voici quelques moyens populaires de profiter de ce concentr\u00e9 remarquable :<\/p>\n<ul>\n<li>\u00c9miettez-les et saupoudrez-les dans un joint pour donner un coup de fouet suppl\u00e9mentaire.<\/li>\n<li>Fumez dans une pipe, un bang ou un narguil\u00e9 pour savourer ses saveurs et ses effets uniques.<\/li>\n<\/ul>\n","protected":false},"excerpt":{"rendered":"<p>Laissez-vous tenter par le summum de la perfection en mati\u00e8re de <a href=\"https:\/\/stgbc.bcweededible.net\/shop\/concentrates\/\">concentr\u00e9 de cannabis<\/a> avec <strong>Gold Seal Hash<\/strong>. Ce produit exquis renferme l&#8217;essence du <strong>haschisch traditionnel<\/strong>, fabriqu\u00e9 \u00e0 la main \u00e0 la perfection pour une exp\u00e9rience in\u00e9gal\u00e9e. \u00c9levez vos sens avec <strong>son ar\u00f4me riche, sa texture douce et ses effets puissants <\/strong>. Ce hash hybride procure un high corporel lourd et satisfaisant, combin\u00e9 \u00e0 un head high d\u00e9licieux. <strong>Achetez Gold Seal Hash<\/strong> aujourd&#8217;hui et plongez dans l&#8217;art ancestral du haschisch, dont l&#8217;attrait et l&#8217;attrait sont in\u00e9gal\u00e9s.<\/p>\n<h2>Informations sur le haschisch Gold Seal<\/h2>\n<table>\n<tbody>\n<tr>\n<td class=\"has-text-align-center\" style=\"text-align: left;\" data-align=\"center\">Ph\u00e9notype<\/td>\n<td class=\"has-text-align-center\" style=\"text-align: left;\" data-align=\"center\">Hybride<\/td>\n<\/tr>\n<tr>\n<td class=\"has-text-align-center\" data-align=\"center\">Teneur en THC<\/td>\n<td class=\"has-text-align-center\" data-align=\"center\">30%-35%<\/td>\n<\/tr>\n<tr>\n<td class=\"has-text-align-center\" data-align=\"center\">Consistence<\/td>\n<td class=\"has-text-align-center\" data-align=\"center\">Souple et mall\u00e9able<\/td>\n<\/tr>\n<tr>\n<td class=\"has-text-align-center\" style=\"text-align: left;\" data-align=\"center\">Couleur<\/td>\n<td class=\"has-text-align-center\" style=\"text-align: left;\" data-align=\"center\">Marron<\/td>\n<\/tr>\n<tr>\n<td class=\"has-text-align-center\" style=\"text-align: left;\" data-align=\"center\">Effets<\/td>\n<td class=\"has-text-align-center\" style=\"text-align: left;\" data-align=\"center\">Un corps lourd et une t\u00eate bien haute<\/td>\n<\/tr>\n<tr>\n<td class=\"has-text-align-center\" style=\"text-align: left;\" data-align=\"center\">Profil des terp\u00e8nes<\/td>\n<td class=\"has-text-align-center\" style=\"text-align: left;\" data-align=\"center\">Fruit\u00e9, \u00e9pic\u00e9 et terreux<\/td>\n<\/tr>\n<\/tbody>\n<\/table>\n","protected":false},"featured_media":39249,"comment_status":"open","ping_status":"closed","template":"","meta":[],"product_brand":[],"product_cat":[305,660,628,636],"product_tag":[],"class_list":{"0":"post-67476","1":"product","2":"type-product","3":"status-publish","4":"has-post-thumbnail","6":"product_cat-concentres","7":"product_cat-bulk-hash-fr","8":"product_cat-hasch","9":"product_cat-hash-importe","11":"first","12":"instock","13":"shipping-taxable","14":"purchasable","15":"product-type-variable","16":"has-default-attributes"},"yoast_head":"\n<title>Acheter Hash Gold Seal | Acheter des haschisch en vrac et \u00e0 bas prix en ligne BC Weed Edible %.<\/title>\n<meta name=\"robots\" content=\"index, follow, max-snippet:-1, max-image-preview:large, max-video-preview:-1\" \/>\n<link rel=\"canonical\" href=\"https:\/\/stgbc.bcweededible.net\/fr\/buy\/concentres\/hasch\/hash-importe\/sceau-dor-hash\/\" \/>\n<meta property=\"og:locale\" content=\"fr_FR\" \/>\n<meta property=\"og:type\" content=\"article\" \/>\n<meta property=\"og:title\" content=\"Acheter Hash Gold Seal | Acheter des haschisch en vrac et \u00e0 bas prix en ligne BC Weed Edible %.\" \/>\n<meta property=\"og:description\" content=\"Laissez-vous tenter par le summum de la perfection en mati\u00e8re de concentr\u00e9 de cannabis avec Gold Seal Hash. Ce produit exquis renferme l&#039;essence du haschisch traditionnel, fabriqu\u00e9 \u00e0 la main \u00e0 la perfection pour une exp\u00e9rience in\u00e9gal\u00e9e. \u00c9levez vos sens avec son ar\u00f4me riche, sa texture douce et ses effets puissants . Ce hash hybride procure un high corporel lourd et satisfaisant, combin\u00e9 \u00e0 un head high d\u00e9licieux. Achetez Gold Seal Hash aujourd&#039;hui et plongez dans l&#039;art ancestral du haschisch, dont l&#039;attrait et l&#039;attrait sont in\u00e9gal\u00e9s. Informations sur le haschisch Gold Seal Ph\u00e9notype Hybride Teneur en THC 30%-35% Consistence Souple et mall\u00e9able Couleur Marron Effets Un corps lourd et une t\u00eate bien haute Profil des terp\u00e8nes Fruit\u00e9, \u00e9pic\u00e9 et terreux\" \/>\n<meta property=\"og:url\" content=\"https:\/\/stgbc.bcweededible.net\/fr\/buy\/concentres\/hasch\/hash-importe\/sceau-dor-hash\/\" \/>\n<meta property=\"og:site_name\" content=\"BC Weed Edible\" \/>\n<meta property=\"article:modified_time\" content=\"2025-11-20T10:23:20+00:00\" \/>\n<meta property=\"og:image\" content=\"https:\/\/stgbc.bcweededible.net\/wp-content\/uploads\/2023\/07\/Gold-Seal-Hash-4.jpg\" \/>\n\t<meta property=\"og:image:width\" content=\"1000\" \/>\n\t<meta property=\"og:image:height\" content=\"1000\" \/>\n\t<meta property=\"og:image:type\" content=\"image\/jpeg\" \/>\n<meta name=\"twitter:card\" content=\"summary_large_image\" \/>\n<meta name=\"twitter:label1\" content=\"Dur\u00e9e de lecture estim\u00e9e\" \/>\n\t<meta name=\"twitter:data1\" content=\"1 minute\" \/>\n<script type=\"application\/ld+json\" class=\"yoast-schema-graph\">{\"@context\":\"https:\\\/\\\/schema.org\",\"@graph\":[{\"@type\":\"WebPage\",\"@id\":\"https:\\\/\\\/stgbc.bcweededible.net\\\/fr\\\/buy\\\/concentres\\\/hasch\\\/hash-importe\\\/sceau-dor-hash\\\/\",\"url\":\"https:\\\/\\\/stgbc.bcweededible.net\\\/fr\\\/buy\\\/concentres\\\/hasch\\\/hash-importe\\\/sceau-dor-hash\\\/\",\"name\":\"Acheter Hash Gold Seal | Acheter des haschisch en vrac et \u00e0 bas prix en ligne BC Weed Edible %.\",\"isPartOf\":{\"@id\":\"https:\\\/\\\/stgbc.bcweededible.net\\\/fr\\\/#website\"},\"primaryImageOfPage\":{\"@id\":\"https:\\\/\\\/stgbc.bcweededible.net\\\/fr\\\/buy\\\/concentres\\\/hasch\\\/hash-importe\\\/sceau-dor-hash\\\/#primaryimage\"},\"image\":{\"@id\":\"https:\\\/\\\/stgbc.bcweededible.net\\\/fr\\\/buy\\\/concentres\\\/hasch\\\/hash-importe\\\/sceau-dor-hash\\\/#primaryimage\"},\"thumbnailUrl\":\"https:\\\/\\\/stgbc.bcweededible.net\\\/wp-content\\\/uploads\\\/2023\\\/07\\\/Gold-Seal-Hash-4.jpg\",\"datePublished\":\"2024-02-17T01:55:45+00:00\",\"dateModified\":\"2025-11-20T10:23:20+00:00\",\"breadcrumb\":{\"@id\":\"https:\\\/\\\/stgbc.bcweededible.net\\\/fr\\\/buy\\\/concentres\\\/hasch\\\/hash-importe\\\/sceau-dor-hash\\\/#breadcrumb\"},\"inLanguage\":\"fr-FR\",\"potentialAction\":[{\"@type\":\"ReadAction\",\"target\":[\"https:\\\/\\\/stgbc.bcweededible.net\\\/fr\\\/buy\\\/concentres\\\/hasch\\\/hash-importe\\\/sceau-dor-hash\\\/\"]}]},{\"@type\":\"ImageObject\",\"inLanguage\":\"fr-FR\",\"@id\":\"https:\\\/\\\/stgbc.bcweededible.net\\\/fr\\\/buy\\\/concentres\\\/hasch\\\/hash-importe\\\/sceau-dor-hash\\\/#primaryimage\",\"url\":\"https:\\\/\\\/stgbc.bcweededible.net\\\/wp-content\\\/uploads\\\/2023\\\/07\\\/Gold-Seal-Hash-4.jpg\",\"contentUrl\":\"https:\\\/\\\/stgbc.bcweededible.net\\\/wp-content\\\/uploads\\\/2023\\\/07\\\/Gold-Seal-Hash-4.jpg\",\"width\":1000,\"height\":1000,\"caption\":\"gold seal hash canada\"},{\"@type\":\"BreadcrumbList\",\"@id\":\"https:\\\/\\\/stgbc.bcweededible.net\\\/fr\\\/buy\\\/concentres\\\/hasch\\\/hash-importe\\\/sceau-dor-hash\\\/#breadcrumb\",\"itemListElement\":[{\"@type\":\"ListItem\",\"position\":1,\"name\":\"Jujubes au Pot Canada\",\"item\":\"https:\\\/\\\/stgbc.bcweededible.net\\\/fr\\\/shop\\\/\"},{\"@type\":\"ListItem\",\"position\":2,\"name\":\"Hash Gold Seal\"}]},{\"@type\":\"WebSite\",\"@id\":\"https:\\\/\\\/stgbc.bcweededible.net\\\/fr\\\/#website\",\"url\":\"https:\\\/\\\/stgbc.bcweededible.net\\\/fr\\\/\",\"name\":\"BC Weed Edible\",\"description\":\"\",\"publisher\":{\"@id\":\"https:\\\/\\\/stgbc.bcweededible.net\\\/fr\\\/#organization\"},\"potentialAction\":[{\"@type\":\"SearchAction\",\"target\":{\"@type\":\"EntryPoint\",\"urlTemplate\":\"https:\\\/\\\/stgbc.bcweededible.net\\\/fr\\\/?s={search_term_string}\"},\"query-input\":{\"@type\":\"PropertyValueSpecification\",\"valueRequired\":true,\"valueName\":\"search_term_string\"}}],\"inLanguage\":\"fr-FR\"},{\"@type\":\"Organization\",\"@id\":\"https:\\\/\\\/stgbc.bcweededible.net\\\/fr\\\/#organization\",\"name\":\"BC Weed Edible\",\"url\":\"https:\\\/\\\/stgbc.bcweededible.net\\\/fr\\\/\",\"logo\":{\"@type\":\"ImageObject\",\"inLanguage\":\"fr-FR\",\"@id\":\"https:\\\/\\\/stgbc.bcweededible.net\\\/fr\\\/#\\\/schema\\\/logo\\\/image\\\/\",\"url\":\"https:\\\/\\\/stgbc.bcweededible.net\\\/wp-content\\\/uploads\\\/2021\\\/12\\\/bc-weed-edible-canada.png\",\"contentUrl\":\"https:\\\/\\\/stgbc.bcweededible.net\\\/wp-content\\\/uploads\\\/2021\\\/12\\\/bc-weed-edible-canada.png\",\"width\":270,\"height\":185,\"caption\":\"BC Weed Edible\"},\"image\":{\"@id\":\"https:\\\/\\\/stgbc.bcweededible.net\\\/fr\\\/#\\\/schema\\\/logo\\\/image\\\/\"}}]}<\/script>\n","yoast_head_json":{"title":"Acheter Hash Gold Seal | Acheter des haschisch en vrac et \u00e0 bas prix en ligne BC Weed Edible %.","robots":{"index":"index","follow":"follow","max-snippet":"max-snippet:-1","max-image-preview":"max-image-preview:large","max-video-preview":"max-video-preview:-1"},"canonical":"https:\/\/stgbc.bcweededible.net\/fr\/buy\/concentres\/hasch\/hash-importe\/sceau-dor-hash\/","og_locale":"fr_FR","og_type":"article","og_title":"Acheter Hash Gold Seal | Acheter des haschisch en vrac et \u00e0 bas prix en ligne BC Weed Edible %.","og_description":"Laissez-vous tenter par le summum de la perfection en mati\u00e8re de concentr\u00e9 de cannabis avec Gold Seal Hash. Ce produit exquis renferme l'essence du haschisch traditionnel, fabriqu\u00e9 \u00e0 la main \u00e0 la perfection pour une exp\u00e9rience in\u00e9gal\u00e9e. \u00c9levez vos sens avec son ar\u00f4me riche, sa texture douce et ses effets puissants . Ce hash hybride procure un high corporel lourd et satisfaisant, combin\u00e9 \u00e0 un head high d\u00e9licieux. Achetez Gold Seal Hash aujourd'hui et plongez dans l'art ancestral du haschisch, dont l'attrait et l'attrait sont in\u00e9gal\u00e9s. Informations sur le haschisch Gold Seal Ph\u00e9notype Hybride Teneur en THC 30%-35% Consistence Souple et mall\u00e9able Couleur Marron Effets Un corps lourd et une t\u00eate bien haute Profil des terp\u00e8nes Fruit\u00e9, \u00e9pic\u00e9 et terreux","og_url":"https:\/\/stgbc.bcweededible.net\/fr\/buy\/concentres\/hasch\/hash-importe\/sceau-dor-hash\/","og_site_name":"BC Weed Edible","article_modified_time":"2025-11-20T10:23:20+00:00","og_image":[{"width":1000,"height":1000,"url":"https:\/\/stgbc.bcweededible.net\/wp-content\/uploads\/2023\/07\/Gold-Seal-Hash-4.jpg","type":"image\/jpeg"}],"twitter_card":"summary_large_image","twitter_misc":{"Dur\u00e9e de lecture estim\u00e9e":"1 minute"},"schema":{"@context":"https:\/\/schema.org","@graph":[{"@type":"WebPage","@id":"https:\/\/stgbc.bcweededible.net\/fr\/buy\/concentres\/hasch\/hash-importe\/sceau-dor-hash\/","url":"https:\/\/stgbc.bcweededible.net\/fr\/buy\/concentres\/hasch\/hash-importe\/sceau-dor-hash\/","name":"Acheter Hash Gold Seal | Acheter des haschisch en vrac et \u00e0 bas prix en ligne BC Weed Edible %.","isPartOf":{"@id":"https:\/\/stgbc.bcweededible.net\/fr\/#website"},"primaryImageOfPage":{"@id":"https:\/\/stgbc.bcweededible.net\/fr\/buy\/concentres\/hasch\/hash-importe\/sceau-dor-hash\/#primaryimage"},"image":{"@id":"https:\/\/stgbc.bcweededible.net\/fr\/buy\/concentres\/hasch\/hash-importe\/sceau-dor-hash\/#primaryimage"},"thumbnailUrl":"https:\/\/stgbc.bcweededible.net\/wp-content\/uploads\/2023\/07\/Gold-Seal-Hash-4.jpg","datePublished":"2024-02-17T01:55:45+00:00","dateModified":"2025-11-20T10:23:20+00:00","breadcrumb":{"@id":"https:\/\/stgbc.bcweededible.net\/fr\/buy\/concentres\/hasch\/hash-importe\/sceau-dor-hash\/#breadcrumb"},"inLanguage":"fr-FR","potentialAction":[{"@type":"ReadAction","target":["https:\/\/stgbc.bcweededible.net\/fr\/buy\/concentres\/hasch\/hash-importe\/sceau-dor-hash\/"]}]},{"@type":"ImageObject","inLanguage":"fr-FR","@id":"https:\/\/stgbc.bcweededible.net\/fr\/buy\/concentres\/hasch\/hash-importe\/sceau-dor-hash\/#primaryimage","url":"https:\/\/stgbc.bcweededible.net\/wp-content\/uploads\/2023\/07\/Gold-Seal-Hash-4.jpg","contentUrl":"https:\/\/stgbc.bcweededible.net\/wp-content\/uploads\/2023\/07\/Gold-Seal-Hash-4.jpg","width":1000,"height":1000,"caption":"gold seal hash canada"},{"@type":"BreadcrumbList","@id":"https:\/\/stgbc.bcweededible.net\/fr\/buy\/concentres\/hasch\/hash-importe\/sceau-dor-hash\/#breadcrumb","itemListElement":[{"@type":"ListItem","position":1,"name":"Jujubes au Pot Canada","item":"https:\/\/stgbc.bcweededible.net\/fr\/shop\/"},{"@type":"ListItem","position":2,"name":"Hash Gold Seal"}]},{"@type":"WebSite","@id":"https:\/\/stgbc.bcweededible.net\/fr\/#website","url":"https:\/\/stgbc.bcweededible.net\/fr\/","name":"BC Weed Edible","description":"","publisher":{"@id":"https:\/\/stgbc.bcweededible.net\/fr\/#organization"},"potentialAction":[{"@type":"SearchAction","target":{"@type":"EntryPoint","urlTemplate":"https:\/\/stgbc.bcweededible.net\/fr\/?s={search_term_string}"},"query-input":{"@type":"PropertyValueSpecification","valueRequired":true,"valueName":"search_term_string"}}],"inLanguage":"fr-FR"},{"@type":"Organization","@id":"https:\/\/stgbc.bcweededible.net\/fr\/#organization","name":"BC Weed Edible","url":"https:\/\/stgbc.bcweededible.net\/fr\/","logo":{"@type":"ImageObject","inLanguage":"fr-FR","@id":"https:\/\/stgbc.bcweededible.net\/fr\/#\/schema\/logo\/image\/","url":"https:\/\/stgbc.bcweededible.net\/wp-content\/uploads\/2021\/12\/bc-weed-edible-canada.png","contentUrl":"https:\/\/stgbc.bcweededible.net\/wp-content\/uploads\/2021\/12\/bc-weed-edible-canada.png","width":270,"height":185,"caption":"BC Weed Edible"},"image":{"@id":"https:\/\/stgbc.bcweededible.net\/fr\/#\/schema\/logo\/image\/"}}]}},"_links":{"self":[{"href":"https:\/\/stgbc.bcweededible.net\/fr\/wp-json\/wp\/v2\/product\/67476","targetHints":{"allow":["GET"]}}],"collection":[{"href":"https:\/\/stgbc.bcweededible.net\/fr\/wp-json\/wp\/v2\/product"}],"about":[{"href":"https:\/\/stgbc.bcweededible.net\/fr\/wp-json\/wp\/v2\/types\/product"}],"replies":[{"embeddable":true,"href":"https:\/\/stgbc.bcweededible.net\/fr\/wp-json\/wp\/v2\/comments?post=67476"}],"wp:featuredmedia":[{"embeddable":true,"href":"https:\/\/stgbc.bcweededible.net\/fr\/wp-json\/wp\/v2\/media\/39249"}],"wp:attachment":[{"href":"https:\/\/stgbc.bcweededible.net\/fr\/wp-json\/wp\/v2\/media?parent=67476"}],"wp:term":[{"taxonomy":"product_brand","embeddable":true,"href":"https:\/\/stgbc.bcweededible.net\/fr\/wp-json\/wp\/v2\/product_brand?post=67476"},{"taxonomy":"product_cat","embeddable":true,"href":"https:\/\/stgbc.bcweededible.net\/fr\/wp-json\/wp\/v2\/product_cat?post=67476"},{"taxonomy":"product_tag","embeddable":true,"href":"https:\/\/stgbc.bcweededible.net\/fr\/wp-json\/wp\/v2\/product_tag?post=67476"}],"curies":[{"name":"wp","href":"https:\/\/api.w.org\/{rel}","templated":true}]}}