{"id":66426,"date":"2024-02-01T17:29:59","date_gmt":"2024-02-06T18:11:43","guid":{"rendered":"https:\/\/bcweededible.net\/buy\/non%20class\u00e9\/pepites-de-chocolat-a-la-menthe-aaaa-139oz\/"},"modified":"2024-11-13T22:45:10","modified_gmt":"2024-11-14T06:45:10","slug":"mint-chocolate-chips","status":"publish","type":"product","link":"https:\/\/stgbc.bcweededible.net\/fr\/buy\/fleurs-cannabis\/aaaa\/mint-chocolate-chips\/","title":{"rendered":"Mint Chocolate Chips AAAA (139oz)"},"content":{"rendered":"","protected":false},"excerpt":{"rendered":"<p>Voici <strong>Mint Chocolate Chips,<\/strong>\u00a0l&#8217;<a href=\"https:\/\/stgbc.bcweededible.net\/shop\/cannabis-flowers\/hybrid\/\">hybride<\/a> le plus sympathique qui soit ! Cette vari\u00e9t\u00e9 parfaitement \u00e9quilibr\u00e9e (50 % indica\/50 % sativa) est une cr\u00e9ation d\u00e9licieuse, r\u00e9unissant les succulents SinMint Cookies et la vari\u00e9t\u00e9 Green Ribbon BX. Imaginez : des biscuits chocolat\u00e9s avec une touche de menthe. Cette vari\u00e9t\u00e9 rare apporte des effets int\u00e9ressants, gr\u00e2ce \u00e0 son <strong>taux moyen de THC<\/strong> \u00e9lev\u00e9 <strong>de plus de 20 %<\/strong>.<\/p>\n<div class=\"ng-star-inserted\">\n<p><strong>Grosses fleurs givr\u00e9es et denses<\/strong>. Il faut le sentir pour le croire ! 139oz seulement, c&#8217;est une aubaine !<\/p>\n<\/div>\n","protected":false},"featured_media":65730,"comment_status":"open","ping_status":"closed","template":"","meta":[],"product_brand":[],"product_cat":[291,245,737,293,294],"product_tag":[],"class_list":{"0":"post-66426","1":"product","2":"type-product","3":"status-publish","4":"has-post-thumbnail","6":"product_cat-aaaa","7":"product_cat-fleurs-cannabis","8":"product_cat-haute-teneur-en-thc","9":"product_cat-hybrid-fr","10":"product_cat-indica-fr","12":"first","13":"outofstock","14":"sale","15":"shipping-taxable","16":"purchasable","17":"product-type-variable","18":"has-default-attributes"},"yoast_head":"\n<title>Acheter Mint Chocolate Chips AAAA (139oz) en Ligne Canada | BC Weed Edible<\/title>\n<meta name=\"robots\" content=\"index, follow, max-snippet:-1, max-image-preview:large, max-video-preview:-1\" \/>\n<link rel=\"canonical\" href=\"https:\/\/stgbc.bcweededible.net\/fr\/buy\/fleurs-cannabis\/aaaa\/mint-chocolate-chips\/\" \/>\n<meta property=\"og:locale\" content=\"fr_FR\" \/>\n<meta property=\"og:type\" content=\"article\" \/>\n<meta property=\"og:title\" content=\"Acheter Mint Chocolate Chips AAAA (139oz) en Ligne Canada | BC Weed Edible\" \/>\n<meta property=\"og:description\" content=\"Voici Mint Chocolate Chips,\u00a0l&#039;hybride le plus sympathique qui soit ! Cette vari\u00e9t\u00e9 parfaitement \u00e9quilibr\u00e9e (50 % indica\/50 % sativa) est une cr\u00e9ation d\u00e9licieuse, r\u00e9unissant les succulents SinMint Cookies et la vari\u00e9t\u00e9 Green Ribbon BX. Imaginez : des biscuits chocolat\u00e9s avec une touche de menthe. Cette vari\u00e9t\u00e9 rare apporte des effets int\u00e9ressants, gr\u00e2ce \u00e0 son taux moyen de THC \u00e9lev\u00e9 de plus de 20 %. Grosses fleurs givr\u00e9es et denses. Il faut le sentir pour le croire ! 139oz seulement, c&#039;est une aubaine !\" \/>\n<meta property=\"og:url\" content=\"https:\/\/stgbc.bcweededible.net\/fr\/buy\/fleurs-cannabis\/aaaa\/mint-chocolate-chips\/\" \/>\n<meta property=\"og:site_name\" content=\"BC Weed Edible\" \/>\n<meta property=\"article:modified_time\" content=\"2024-11-14T06:45:10+00:00\" \/>\n<meta property=\"og:image\" content=\"https:\/\/stgbc.bcweededible.net\/wp-content\/uploads\/2024\/01\/mint-chocolate-chips.jpg\" \/>\n\t<meta property=\"og:image:width\" content=\"1500\" \/>\n\t<meta property=\"og:image:height\" content=\"1500\" \/>\n\t<meta property=\"og:image:type\" content=\"image\/jpeg\" \/>\n<meta name=\"twitter:card\" content=\"summary_large_image\" \/>\n<script type=\"application\/ld+json\" class=\"yoast-schema-graph\">{\"@context\":\"https:\\\/\\\/schema.org\",\"@graph\":[{\"@type\":\"WebPage\",\"@id\":\"https:\\\/\\\/stgbc.bcweededible.net\\\/fr\\\/buy\\\/fleurs-cannabis\\\/aaaa\\\/mint-chocolate-chips\\\/\",\"url\":\"https:\\\/\\\/stgbc.bcweededible.net\\\/fr\\\/buy\\\/fleurs-cannabis\\\/aaaa\\\/mint-chocolate-chips\\\/\",\"name\":\"Acheter Mint Chocolate Chips AAAA (139oz) en Ligne Canada | BC Weed Edible\",\"isPartOf\":{\"@id\":\"https:\\\/\\\/stgbc.bcweededible.net\\\/fr\\\/#website\"},\"primaryImageOfPage\":{\"@id\":\"https:\\\/\\\/stgbc.bcweededible.net\\\/fr\\\/buy\\\/fleurs-cannabis\\\/aaaa\\\/mint-chocolate-chips\\\/#primaryimage\"},\"image\":{\"@id\":\"https:\\\/\\\/stgbc.bcweededible.net\\\/fr\\\/buy\\\/fleurs-cannabis\\\/aaaa\\\/mint-chocolate-chips\\\/#primaryimage\"},\"thumbnailUrl\":\"https:\\\/\\\/stgbc.bcweededible.net\\\/wp-content\\\/uploads\\\/2024\\\/01\\\/mint-chocolate-chips.jpg\",\"datePublished\":\"2024-02-06T18:11:43+00:00\",\"dateModified\":\"2024-11-14T06:45:10+00:00\",\"breadcrumb\":{\"@id\":\"https:\\\/\\\/stgbc.bcweededible.net\\\/fr\\\/buy\\\/fleurs-cannabis\\\/aaaa\\\/mint-chocolate-chips\\\/#breadcrumb\"},\"inLanguage\":\"fr-FR\",\"potentialAction\":[{\"@type\":\"ReadAction\",\"target\":[\"https:\\\/\\\/stgbc.bcweededible.net\\\/fr\\\/buy\\\/fleurs-cannabis\\\/aaaa\\\/mint-chocolate-chips\\\/\"]}]},{\"@type\":\"ImageObject\",\"inLanguage\":\"fr-FR\",\"@id\":\"https:\\\/\\\/stgbc.bcweededible.net\\\/fr\\\/buy\\\/fleurs-cannabis\\\/aaaa\\\/mint-chocolate-chips\\\/#primaryimage\",\"url\":\"https:\\\/\\\/stgbc.bcweededible.net\\\/wp-content\\\/uploads\\\/2024\\\/01\\\/mint-chocolate-chips.jpg\",\"contentUrl\":\"https:\\\/\\\/stgbc.bcweededible.net\\\/wp-content\\\/uploads\\\/2024\\\/01\\\/mint-chocolate-chips.jpg\",\"width\":1500,\"height\":1500},{\"@type\":\"BreadcrumbList\",\"@id\":\"https:\\\/\\\/stgbc.bcweededible.net\\\/fr\\\/buy\\\/fleurs-cannabis\\\/aaaa\\\/mint-chocolate-chips\\\/#breadcrumb\",\"itemListElement\":[{\"@type\":\"ListItem\",\"position\":1,\"name\":\"Jujubes au Pot Canada\",\"item\":\"https:\\\/\\\/stgbc.bcweededible.net\\\/fr\\\/shop\\\/\"},{\"@type\":\"ListItem\",\"position\":2,\"name\":\"Mint Chocolate Chips AAAA (139oz)\"}]},{\"@type\":\"WebSite\",\"@id\":\"https:\\\/\\\/stgbc.bcweededible.net\\\/fr\\\/#website\",\"url\":\"https:\\\/\\\/stgbc.bcweededible.net\\\/fr\\\/\",\"name\":\"BC Weed Edible\",\"description\":\"\",\"publisher\":{\"@id\":\"https:\\\/\\\/stgbc.bcweededible.net\\\/fr\\\/#organization\"},\"potentialAction\":[{\"@type\":\"SearchAction\",\"target\":{\"@type\":\"EntryPoint\",\"urlTemplate\":\"https:\\\/\\\/stgbc.bcweededible.net\\\/fr\\\/?s={search_term_string}\"},\"query-input\":{\"@type\":\"PropertyValueSpecification\",\"valueRequired\":true,\"valueName\":\"search_term_string\"}}],\"inLanguage\":\"fr-FR\"},{\"@type\":\"Organization\",\"@id\":\"https:\\\/\\\/stgbc.bcweededible.net\\\/fr\\\/#organization\",\"name\":\"BC Weed Edible\",\"url\":\"https:\\\/\\\/stgbc.bcweededible.net\\\/fr\\\/\",\"logo\":{\"@type\":\"ImageObject\",\"inLanguage\":\"fr-FR\",\"@id\":\"https:\\\/\\\/stgbc.bcweededible.net\\\/fr\\\/#\\\/schema\\\/logo\\\/image\\\/\",\"url\":\"https:\\\/\\\/stgbc.bcweededible.net\\\/wp-content\\\/uploads\\\/2021\\\/12\\\/bc-weed-edible-canada.png\",\"contentUrl\":\"https:\\\/\\\/stgbc.bcweededible.net\\\/wp-content\\\/uploads\\\/2021\\\/12\\\/bc-weed-edible-canada.png\",\"width\":270,\"height\":185,\"caption\":\"BC Weed Edible\"},\"image\":{\"@id\":\"https:\\\/\\\/stgbc.bcweededible.net\\\/fr\\\/#\\\/schema\\\/logo\\\/image\\\/\"}}]}<\/script>\n","yoast_head_json":{"title":"Acheter Mint Chocolate Chips AAAA (139oz) en Ligne Canada | BC Weed Edible","robots":{"index":"index","follow":"follow","max-snippet":"max-snippet:-1","max-image-preview":"max-image-preview:large","max-video-preview":"max-video-preview:-1"},"canonical":"https:\/\/stgbc.bcweededible.net\/fr\/buy\/fleurs-cannabis\/aaaa\/mint-chocolate-chips\/","og_locale":"fr_FR","og_type":"article","og_title":"Acheter Mint Chocolate Chips AAAA (139oz) en Ligne Canada | BC Weed Edible","og_description":"Voici Mint Chocolate Chips,\u00a0l'hybride le plus sympathique qui soit ! Cette vari\u00e9t\u00e9 parfaitement \u00e9quilibr\u00e9e (50 % indica\/50 % sativa) est une cr\u00e9ation d\u00e9licieuse, r\u00e9unissant les succulents SinMint Cookies et la vari\u00e9t\u00e9 Green Ribbon BX. Imaginez : des biscuits chocolat\u00e9s avec une touche de menthe. Cette vari\u00e9t\u00e9 rare apporte des effets int\u00e9ressants, gr\u00e2ce \u00e0 son taux moyen de THC \u00e9lev\u00e9 de plus de 20 %. Grosses fleurs givr\u00e9es et denses. Il faut le sentir pour le croire ! 139oz seulement, c'est une aubaine !","og_url":"https:\/\/stgbc.bcweededible.net\/fr\/buy\/fleurs-cannabis\/aaaa\/mint-chocolate-chips\/","og_site_name":"BC Weed Edible","article_modified_time":"2024-11-14T06:45:10+00:00","og_image":[{"width":1500,"height":1500,"url":"https:\/\/stgbc.bcweededible.net\/wp-content\/uploads\/2024\/01\/mint-chocolate-chips.jpg","type":"image\/jpeg"}],"twitter_card":"summary_large_image","schema":{"@context":"https:\/\/schema.org","@graph":[{"@type":"WebPage","@id":"https:\/\/stgbc.bcweededible.net\/fr\/buy\/fleurs-cannabis\/aaaa\/mint-chocolate-chips\/","url":"https:\/\/stgbc.bcweededible.net\/fr\/buy\/fleurs-cannabis\/aaaa\/mint-chocolate-chips\/","name":"Acheter Mint Chocolate Chips AAAA (139oz) en Ligne Canada | BC Weed Edible","isPartOf":{"@id":"https:\/\/stgbc.bcweededible.net\/fr\/#website"},"primaryImageOfPage":{"@id":"https:\/\/stgbc.bcweededible.net\/fr\/buy\/fleurs-cannabis\/aaaa\/mint-chocolate-chips\/#primaryimage"},"image":{"@id":"https:\/\/stgbc.bcweededible.net\/fr\/buy\/fleurs-cannabis\/aaaa\/mint-chocolate-chips\/#primaryimage"},"thumbnailUrl":"https:\/\/stgbc.bcweededible.net\/wp-content\/uploads\/2024\/01\/mint-chocolate-chips.jpg","datePublished":"2024-02-06T18:11:43+00:00","dateModified":"2024-11-14T06:45:10+00:00","breadcrumb":{"@id":"https:\/\/stgbc.bcweededible.net\/fr\/buy\/fleurs-cannabis\/aaaa\/mint-chocolate-chips\/#breadcrumb"},"inLanguage":"fr-FR","potentialAction":[{"@type":"ReadAction","target":["https:\/\/stgbc.bcweededible.net\/fr\/buy\/fleurs-cannabis\/aaaa\/mint-chocolate-chips\/"]}]},{"@type":"ImageObject","inLanguage":"fr-FR","@id":"https:\/\/stgbc.bcweededible.net\/fr\/buy\/fleurs-cannabis\/aaaa\/mint-chocolate-chips\/#primaryimage","url":"https:\/\/stgbc.bcweededible.net\/wp-content\/uploads\/2024\/01\/mint-chocolate-chips.jpg","contentUrl":"https:\/\/stgbc.bcweededible.net\/wp-content\/uploads\/2024\/01\/mint-chocolate-chips.jpg","width":1500,"height":1500},{"@type":"BreadcrumbList","@id":"https:\/\/stgbc.bcweededible.net\/fr\/buy\/fleurs-cannabis\/aaaa\/mint-chocolate-chips\/#breadcrumb","itemListElement":[{"@type":"ListItem","position":1,"name":"Jujubes au Pot Canada","item":"https:\/\/stgbc.bcweededible.net\/fr\/shop\/"},{"@type":"ListItem","position":2,"name":"Mint Chocolate Chips AAAA (139oz)"}]},{"@type":"WebSite","@id":"https:\/\/stgbc.bcweededible.net\/fr\/#website","url":"https:\/\/stgbc.bcweededible.net\/fr\/","name":"BC Weed Edible","description":"","publisher":{"@id":"https:\/\/stgbc.bcweededible.net\/fr\/#organization"},"potentialAction":[{"@type":"SearchAction","target":{"@type":"EntryPoint","urlTemplate":"https:\/\/stgbc.bcweededible.net\/fr\/?s={search_term_string}"},"query-input":{"@type":"PropertyValueSpecification","valueRequired":true,"valueName":"search_term_string"}}],"inLanguage":"fr-FR"},{"@type":"Organization","@id":"https:\/\/stgbc.bcweededible.net\/fr\/#organization","name":"BC Weed Edible","url":"https:\/\/stgbc.bcweededible.net\/fr\/","logo":{"@type":"ImageObject","inLanguage":"fr-FR","@id":"https:\/\/stgbc.bcweededible.net\/fr\/#\/schema\/logo\/image\/","url":"https:\/\/stgbc.bcweededible.net\/wp-content\/uploads\/2021\/12\/bc-weed-edible-canada.png","contentUrl":"https:\/\/stgbc.bcweededible.net\/wp-content\/uploads\/2021\/12\/bc-weed-edible-canada.png","width":270,"height":185,"caption":"BC Weed Edible"},"image":{"@id":"https:\/\/stgbc.bcweededible.net\/fr\/#\/schema\/logo\/image\/"}}]}},"_links":{"self":[{"href":"https:\/\/stgbc.bcweededible.net\/fr\/wp-json\/wp\/v2\/product\/66426","targetHints":{"allow":["GET"]}}],"collection":[{"href":"https:\/\/stgbc.bcweededible.net\/fr\/wp-json\/wp\/v2\/product"}],"about":[{"href":"https:\/\/stgbc.bcweededible.net\/fr\/wp-json\/wp\/v2\/types\/product"}],"replies":[{"embeddable":true,"href":"https:\/\/stgbc.bcweededible.net\/fr\/wp-json\/wp\/v2\/comments?post=66426"}],"wp:featuredmedia":[{"embeddable":true,"href":"https:\/\/stgbc.bcweededible.net\/fr\/wp-json\/wp\/v2\/media\/65730"}],"wp:attachment":[{"href":"https:\/\/stgbc.bcweededible.net\/fr\/wp-json\/wp\/v2\/media?parent=66426"}],"wp:term":[{"taxonomy":"product_brand","embeddable":true,"href":"https:\/\/stgbc.bcweededible.net\/fr\/wp-json\/wp\/v2\/product_brand?post=66426"},{"taxonomy":"product_cat","embeddable":true,"href":"https:\/\/stgbc.bcweededible.net\/fr\/wp-json\/wp\/v2\/product_cat?post=66426"},{"taxonomy":"product_tag","embeddable":true,"href":"https:\/\/stgbc.bcweededible.net\/fr\/wp-json\/wp\/v2\/product_tag?post=66426"}],"curies":[{"name":"wp","href":"https:\/\/api.w.org\/{rel}","templated":true}]}}