{"id":66417,"date":"2024-02-01T17:30:20","date_gmt":"2024-02-06T18:11:37","guid":{"rendered":"https:\/\/bcweededible.net\/buy\/non%20class\u00e9\/biscuits-extraterrestres-aaaa-139oz\/"},"modified":"2025-10-11T17:41:11","modified_gmt":"2025-10-12T00:41:11","slug":"alien-cookies","status":"publish","type":"product","link":"https:\/\/stgbc.bcweededible.net\/fr\/buy\/fleurs-cannabis\/aaaa\/alien-cookies\/","title":{"rendered":"Alien Cookies AAAA (139oz)"},"content":{"rendered":"","protected":false},"excerpt":{"rendered":"<p>Dites bonjour \u00e0 <strong>Alien Cookies<\/strong>, l&#8217;<a href=\"https:\/\/stgbc.bcweededible.net\/shop\/cannabis-flowers\/hybrid\/\">hybride<\/a> par excellence ! Cette <strong>vari\u00e9t\u00e9<\/strong> parfaitement <strong>\u00e9quilibr\u00e9e (50 % sativa\/50 % indica)<\/strong> est n\u00e9e de l&#8217;association magique des vari\u00e9t\u00e9s Alien Dawg et <a href=\"https:\/\/stgbc.bcweededible.net\/buy\/bulk\/bulk-weed\/girl-scout-cookies\/\">Girl Scout Cookies<\/a>. Pr\u00e9parez-vous \u00e0 vivre une exp\u00e9rience incroyable avec Alien Cookies, qui vous procurera un high doux, joyeux et relaxant, aliment\u00e9 par un <strong>taux<\/strong> moyen <strong>de THC de 21% ou plus d\u00e8s<\/strong> la premi\u00e8re bouff\u00e9e. Une <strong>douce saveur de vanille<\/strong> avec des notes terreuses.<\/p>\n<div class=\"ng-star-inserted\">\n<p><strong>Grosses fleurs denses et givr\u00e9es, pleines de puissance<\/strong>. Il faut le sentir pour le croire ! 139oz seulement, c&#8217;est une aubaine !<\/p>\n<\/div>\n","protected":false},"featured_media":65724,"comment_status":"open","ping_status":"closed","template":"","meta":[],"product_brand":[],"product_cat":[291,245,737,293,294],"product_tag":[],"class_list":{"0":"post-66417","1":"product","2":"type-product","3":"status-publish","4":"has-post-thumbnail","6":"product_cat-aaaa","7":"product_cat-fleurs-cannabis","8":"product_cat-haute-teneur-en-thc","9":"product_cat-hybrid-fr","10":"product_cat-indica-fr","12":"first","13":"outofstock","14":"sale","15":"shipping-taxable","16":"product-type-variable"},"yoast_head":"\n<title>Acheter Alien Cookies AAAA (139oz) en Ligne Canada | BC Weed Edible<\/title>\n<meta name=\"robots\" content=\"index, follow, max-snippet:-1, max-image-preview:large, max-video-preview:-1\" \/>\n<link rel=\"canonical\" href=\"https:\/\/stgbc.bcweededible.net\/fr\/buy\/fleurs-cannabis\/aaaa\/alien-cookies\/\" \/>\n<meta property=\"og:locale\" content=\"fr_FR\" \/>\n<meta property=\"og:type\" content=\"article\" \/>\n<meta property=\"og:title\" content=\"Acheter Alien Cookies AAAA (139oz) en Ligne Canada | BC Weed Edible\" \/>\n<meta property=\"og:description\" content=\"Dites bonjour \u00e0 Alien Cookies, l&#039;hybride par excellence ! Cette vari\u00e9t\u00e9 parfaitement \u00e9quilibr\u00e9e (50 % sativa\/50 % indica) est n\u00e9e de l&#039;association magique des vari\u00e9t\u00e9s Alien Dawg et Girl Scout Cookies. Pr\u00e9parez-vous \u00e0 vivre une exp\u00e9rience incroyable avec Alien Cookies, qui vous procurera un high doux, joyeux et relaxant, aliment\u00e9 par un taux moyen de THC de 21% ou plus d\u00e8s la premi\u00e8re bouff\u00e9e. Une douce saveur de vanille avec des notes terreuses. Grosses fleurs denses et givr\u00e9es, pleines de puissance. Il faut le sentir pour le croire ! 139oz seulement, c&#039;est une aubaine !\" \/>\n<meta property=\"og:url\" content=\"https:\/\/stgbc.bcweededible.net\/fr\/buy\/fleurs-cannabis\/aaaa\/alien-cookies\/\" \/>\n<meta property=\"og:site_name\" content=\"BC Weed Edible\" \/>\n<meta property=\"article:modified_time\" content=\"2025-10-12T00:41:11+00:00\" \/>\n<meta property=\"og:image\" content=\"https:\/\/stgbc.bcweededible.net\/wp-content\/uploads\/2024\/01\/alien-cookies.jpg\" \/>\n\t<meta property=\"og:image:width\" content=\"1500\" \/>\n\t<meta property=\"og:image:height\" content=\"1500\" \/>\n\t<meta property=\"og:image:type\" content=\"image\/jpeg\" \/>\n<meta name=\"twitter:card\" content=\"summary_large_image\" \/>\n<script type=\"application\/ld+json\" class=\"yoast-schema-graph\">{\"@context\":\"https:\\\/\\\/schema.org\",\"@graph\":[{\"@type\":\"WebPage\",\"@id\":\"https:\\\/\\\/stgbc.bcweededible.net\\\/fr\\\/buy\\\/fleurs-cannabis\\\/aaaa\\\/alien-cookies\\\/\",\"url\":\"https:\\\/\\\/stgbc.bcweededible.net\\\/fr\\\/buy\\\/fleurs-cannabis\\\/aaaa\\\/alien-cookies\\\/\",\"name\":\"Acheter Alien Cookies AAAA (139oz) en Ligne Canada | BC Weed Edible\",\"isPartOf\":{\"@id\":\"https:\\\/\\\/stgbc.bcweededible.net\\\/fr\\\/#website\"},\"primaryImageOfPage\":{\"@id\":\"https:\\\/\\\/stgbc.bcweededible.net\\\/fr\\\/buy\\\/fleurs-cannabis\\\/aaaa\\\/alien-cookies\\\/#primaryimage\"},\"image\":{\"@id\":\"https:\\\/\\\/stgbc.bcweededible.net\\\/fr\\\/buy\\\/fleurs-cannabis\\\/aaaa\\\/alien-cookies\\\/#primaryimage\"},\"thumbnailUrl\":\"https:\\\/\\\/stgbc.bcweededible.net\\\/wp-content\\\/uploads\\\/2024\\\/01\\\/alien-cookies.jpg\",\"datePublished\":\"2024-02-06T18:11:37+00:00\",\"dateModified\":\"2025-10-12T00:41:11+00:00\",\"breadcrumb\":{\"@id\":\"https:\\\/\\\/stgbc.bcweededible.net\\\/fr\\\/buy\\\/fleurs-cannabis\\\/aaaa\\\/alien-cookies\\\/#breadcrumb\"},\"inLanguage\":\"fr-FR\",\"potentialAction\":[{\"@type\":\"ReadAction\",\"target\":[\"https:\\\/\\\/stgbc.bcweededible.net\\\/fr\\\/buy\\\/fleurs-cannabis\\\/aaaa\\\/alien-cookies\\\/\"]}]},{\"@type\":\"ImageObject\",\"inLanguage\":\"fr-FR\",\"@id\":\"https:\\\/\\\/stgbc.bcweededible.net\\\/fr\\\/buy\\\/fleurs-cannabis\\\/aaaa\\\/alien-cookies\\\/#primaryimage\",\"url\":\"https:\\\/\\\/stgbc.bcweededible.net\\\/wp-content\\\/uploads\\\/2024\\\/01\\\/alien-cookies.jpg\",\"contentUrl\":\"https:\\\/\\\/stgbc.bcweededible.net\\\/wp-content\\\/uploads\\\/2024\\\/01\\\/alien-cookies.jpg\",\"width\":1500,\"height\":1500},{\"@type\":\"BreadcrumbList\",\"@id\":\"https:\\\/\\\/stgbc.bcweededible.net\\\/fr\\\/buy\\\/fleurs-cannabis\\\/aaaa\\\/alien-cookies\\\/#breadcrumb\",\"itemListElement\":[{\"@type\":\"ListItem\",\"position\":1,\"name\":\"Jujubes au Pot Canada\",\"item\":\"https:\\\/\\\/stgbc.bcweededible.net\\\/fr\\\/shop\\\/\"},{\"@type\":\"ListItem\",\"position\":2,\"name\":\"Alien Cookies AAAA (139oz)\"}]},{\"@type\":\"WebSite\",\"@id\":\"https:\\\/\\\/stgbc.bcweededible.net\\\/fr\\\/#website\",\"url\":\"https:\\\/\\\/stgbc.bcweededible.net\\\/fr\\\/\",\"name\":\"BC Weed Edible\",\"description\":\"\",\"publisher\":{\"@id\":\"https:\\\/\\\/stgbc.bcweededible.net\\\/fr\\\/#organization\"},\"potentialAction\":[{\"@type\":\"SearchAction\",\"target\":{\"@type\":\"EntryPoint\",\"urlTemplate\":\"https:\\\/\\\/stgbc.bcweededible.net\\\/fr\\\/?s={search_term_string}\"},\"query-input\":{\"@type\":\"PropertyValueSpecification\",\"valueRequired\":true,\"valueName\":\"search_term_string\"}}],\"inLanguage\":\"fr-FR\"},{\"@type\":\"Organization\",\"@id\":\"https:\\\/\\\/stgbc.bcweededible.net\\\/fr\\\/#organization\",\"name\":\"BC Weed Edible\",\"url\":\"https:\\\/\\\/stgbc.bcweededible.net\\\/fr\\\/\",\"logo\":{\"@type\":\"ImageObject\",\"inLanguage\":\"fr-FR\",\"@id\":\"https:\\\/\\\/stgbc.bcweededible.net\\\/fr\\\/#\\\/schema\\\/logo\\\/image\\\/\",\"url\":\"https:\\\/\\\/stgbc.bcweededible.net\\\/wp-content\\\/uploads\\\/2021\\\/12\\\/bc-weed-edible-canada.png\",\"contentUrl\":\"https:\\\/\\\/stgbc.bcweededible.net\\\/wp-content\\\/uploads\\\/2021\\\/12\\\/bc-weed-edible-canada.png\",\"width\":270,\"height\":185,\"caption\":\"BC Weed Edible\"},\"image\":{\"@id\":\"https:\\\/\\\/stgbc.bcweededible.net\\\/fr\\\/#\\\/schema\\\/logo\\\/image\\\/\"}}]}<\/script>\n","yoast_head_json":{"title":"Acheter Alien Cookies AAAA (139oz) en Ligne Canada | BC Weed Edible","robots":{"index":"index","follow":"follow","max-snippet":"max-snippet:-1","max-image-preview":"max-image-preview:large","max-video-preview":"max-video-preview:-1"},"canonical":"https:\/\/stgbc.bcweededible.net\/fr\/buy\/fleurs-cannabis\/aaaa\/alien-cookies\/","og_locale":"fr_FR","og_type":"article","og_title":"Acheter Alien Cookies AAAA (139oz) en Ligne Canada | BC Weed Edible","og_description":"Dites bonjour \u00e0 Alien Cookies, l'hybride par excellence ! Cette vari\u00e9t\u00e9 parfaitement \u00e9quilibr\u00e9e (50 % sativa\/50 % indica) est n\u00e9e de l'association magique des vari\u00e9t\u00e9s Alien Dawg et Girl Scout Cookies. Pr\u00e9parez-vous \u00e0 vivre une exp\u00e9rience incroyable avec Alien Cookies, qui vous procurera un high doux, joyeux et relaxant, aliment\u00e9 par un taux moyen de THC de 21% ou plus d\u00e8s la premi\u00e8re bouff\u00e9e. Une douce saveur de vanille avec des notes terreuses. Grosses fleurs denses et givr\u00e9es, pleines de puissance. Il faut le sentir pour le croire ! 139oz seulement, c'est une aubaine !","og_url":"https:\/\/stgbc.bcweededible.net\/fr\/buy\/fleurs-cannabis\/aaaa\/alien-cookies\/","og_site_name":"BC Weed Edible","article_modified_time":"2025-10-12T00:41:11+00:00","og_image":[{"width":1500,"height":1500,"url":"https:\/\/stgbc.bcweededible.net\/wp-content\/uploads\/2024\/01\/alien-cookies.jpg","type":"image\/jpeg"}],"twitter_card":"summary_large_image","schema":{"@context":"https:\/\/schema.org","@graph":[{"@type":"WebPage","@id":"https:\/\/stgbc.bcweededible.net\/fr\/buy\/fleurs-cannabis\/aaaa\/alien-cookies\/","url":"https:\/\/stgbc.bcweededible.net\/fr\/buy\/fleurs-cannabis\/aaaa\/alien-cookies\/","name":"Acheter Alien Cookies AAAA (139oz) en Ligne Canada | BC Weed Edible","isPartOf":{"@id":"https:\/\/stgbc.bcweededible.net\/fr\/#website"},"primaryImageOfPage":{"@id":"https:\/\/stgbc.bcweededible.net\/fr\/buy\/fleurs-cannabis\/aaaa\/alien-cookies\/#primaryimage"},"image":{"@id":"https:\/\/stgbc.bcweededible.net\/fr\/buy\/fleurs-cannabis\/aaaa\/alien-cookies\/#primaryimage"},"thumbnailUrl":"https:\/\/stgbc.bcweededible.net\/wp-content\/uploads\/2024\/01\/alien-cookies.jpg","datePublished":"2024-02-06T18:11:37+00:00","dateModified":"2025-10-12T00:41:11+00:00","breadcrumb":{"@id":"https:\/\/stgbc.bcweededible.net\/fr\/buy\/fleurs-cannabis\/aaaa\/alien-cookies\/#breadcrumb"},"inLanguage":"fr-FR","potentialAction":[{"@type":"ReadAction","target":["https:\/\/stgbc.bcweededible.net\/fr\/buy\/fleurs-cannabis\/aaaa\/alien-cookies\/"]}]},{"@type":"ImageObject","inLanguage":"fr-FR","@id":"https:\/\/stgbc.bcweededible.net\/fr\/buy\/fleurs-cannabis\/aaaa\/alien-cookies\/#primaryimage","url":"https:\/\/stgbc.bcweededible.net\/wp-content\/uploads\/2024\/01\/alien-cookies.jpg","contentUrl":"https:\/\/stgbc.bcweededible.net\/wp-content\/uploads\/2024\/01\/alien-cookies.jpg","width":1500,"height":1500},{"@type":"BreadcrumbList","@id":"https:\/\/stgbc.bcweededible.net\/fr\/buy\/fleurs-cannabis\/aaaa\/alien-cookies\/#breadcrumb","itemListElement":[{"@type":"ListItem","position":1,"name":"Jujubes au Pot Canada","item":"https:\/\/stgbc.bcweededible.net\/fr\/shop\/"},{"@type":"ListItem","position":2,"name":"Alien Cookies AAAA (139oz)"}]},{"@type":"WebSite","@id":"https:\/\/stgbc.bcweededible.net\/fr\/#website","url":"https:\/\/stgbc.bcweededible.net\/fr\/","name":"BC Weed Edible","description":"","publisher":{"@id":"https:\/\/stgbc.bcweededible.net\/fr\/#organization"},"potentialAction":[{"@type":"SearchAction","target":{"@type":"EntryPoint","urlTemplate":"https:\/\/stgbc.bcweededible.net\/fr\/?s={search_term_string}"},"query-input":{"@type":"PropertyValueSpecification","valueRequired":true,"valueName":"search_term_string"}}],"inLanguage":"fr-FR"},{"@type":"Organization","@id":"https:\/\/stgbc.bcweededible.net\/fr\/#organization","name":"BC Weed Edible","url":"https:\/\/stgbc.bcweededible.net\/fr\/","logo":{"@type":"ImageObject","inLanguage":"fr-FR","@id":"https:\/\/stgbc.bcweededible.net\/fr\/#\/schema\/logo\/image\/","url":"https:\/\/stgbc.bcweededible.net\/wp-content\/uploads\/2021\/12\/bc-weed-edible-canada.png","contentUrl":"https:\/\/stgbc.bcweededible.net\/wp-content\/uploads\/2021\/12\/bc-weed-edible-canada.png","width":270,"height":185,"caption":"BC Weed Edible"},"image":{"@id":"https:\/\/stgbc.bcweededible.net\/fr\/#\/schema\/logo\/image\/"}}]}},"_links":{"self":[{"href":"https:\/\/stgbc.bcweededible.net\/fr\/wp-json\/wp\/v2\/product\/66417","targetHints":{"allow":["GET"]}}],"collection":[{"href":"https:\/\/stgbc.bcweededible.net\/fr\/wp-json\/wp\/v2\/product"}],"about":[{"href":"https:\/\/stgbc.bcweededible.net\/fr\/wp-json\/wp\/v2\/types\/product"}],"replies":[{"embeddable":true,"href":"https:\/\/stgbc.bcweededible.net\/fr\/wp-json\/wp\/v2\/comments?post=66417"}],"wp:featuredmedia":[{"embeddable":true,"href":"https:\/\/stgbc.bcweededible.net\/fr\/wp-json\/wp\/v2\/media\/65724"}],"wp:attachment":[{"href":"https:\/\/stgbc.bcweededible.net\/fr\/wp-json\/wp\/v2\/media?parent=66417"}],"wp:term":[{"taxonomy":"product_brand","embeddable":true,"href":"https:\/\/stgbc.bcweededible.net\/fr\/wp-json\/wp\/v2\/product_brand?post=66417"},{"taxonomy":"product_cat","embeddable":true,"href":"https:\/\/stgbc.bcweededible.net\/fr\/wp-json\/wp\/v2\/product_cat?post=66417"},{"taxonomy":"product_tag","embeddable":true,"href":"https:\/\/stgbc.bcweededible.net\/fr\/wp-json\/wp\/v2\/product_tag?post=66417"}],"curies":[{"name":"wp","href":"https:\/\/api.w.org\/{rel}","templated":true}]}}