{"id":66414,"date":"2024-01-10T13:50:36","date_gmt":"2024-02-06T18:11:30","guid":{"rendered":"https:\/\/bcweededible.net\/buy\/non%20class\u00e9\/teinture-11-thc-cbd-1000mg\/"},"modified":"2025-06-25T11:31:07","modified_gmt":"2025-06-25T18:31:07","slug":"teinture-11-thc-cbd-1000mg","status":"publish","type":"product","link":"https:\/\/stgbc.bcweededible.net\/fr\/buy\/comestibles\/1000mg-edible\/teinture-11-thc-cbd-1000mg\/","title":{"rendered":"Teinture 1:1 THC\/CBD 1000mg"},"content":{"rendered":"<h3>Dosage et utilisation<\/h3>\n<p>Le dosage d\u00e9pendra de la tol\u00e9rance de chaque personne et de la fa\u00e7on dont son corps r\u00e9agit au THC, il est donc pr\u00e9f\u00e9rable de commencer avec une goutte et d&#8217;attendre une \u00e0 deux heures pour obtenir tous les effets. Placez les gouttes sous votre langue ou dans les aliments ou boissons. Consultez notre <a href=\"http:\/\/bcweededible.net\/edible-dosage-chart-by-weight\/\">tableau des doses comestibles<\/a> si vous n&#8217;\u00eates pas s\u00fbr de la quantit\u00e9 de THC dont vous avez besoin.<\/p>\n","protected":false},"excerpt":{"rendered":"<p>Notre teinture 1:1 THC\/CBD contient 1000 mg des deux cannabino\u00efdes. Cette<strong> teinture de ratio 1:1<\/strong> est faite \u00e0 partir des meilleurs<a href=\"http:\/\/bcweededible.net\/buy\/concentrates\/distillate\/bulk-delta-9-distillate-jars\/\"> distillats de THC<\/a> (90 %+) et <a href=\"https:\/\/stgbc.bcweededible.net\/fr\/buy\/gros\/concentres-en-gros\/cbd-isolat-vrac\/\">isolats de CBD<\/a> (99,8 %) disponibles au Canada. Chaque bouteille contient 30 ml d&#8217;huile, chaque compte-gouttes de 1 ml contient <strong>33,3 mg de THC et de CBD par compte-gouttes<\/strong>.<\/p>\n<p><strong>Ingr\u00e9dients :<\/strong> Huile MCT biologique, 90+% de THC extrait de premi\u00e8re qualit\u00e9, isolat de CBD.<\/p>\n","protected":false},"featured_media":12718,"comment_status":"open","ping_status":"closed","template":"","meta":[],"product_brand":[],"product_cat":[207,244,246,278,330,280],"product_tag":[],"class_list":{"0":"post-66414","1":"product","2":"type-product","3":"status-publish","4":"has-post-thumbnail","6":"product_cat-1000mg-edible","7":"product_cat-comestibles","8":"product_cat-pas-cher","9":"product_cat-puissant","10":"product_cat-teintures-thc-cbd","11":"product_cat-vegan-fr","13":"first","14":"outofstock","15":"shipping-taxable","16":"purchasable","17":"product-type-simple"},"yoast_head":"\n<title>Teinture 1:1 THC\/CBD 1000mg | Acheter des teintures en ligne au Canada | BC Weed Edible.<\/title>\n<meta name=\"robots\" content=\"index, follow, max-snippet:-1, max-image-preview:large, max-video-preview:-1\" \/>\n<link rel=\"canonical\" href=\"https:\/\/stgbc.bcweededible.net\/fr\/buy\/comestibles\/1000mg-edible\/teinture-11-thc-cbd-1000mg\/\" \/>\n<meta property=\"og:locale\" content=\"fr_FR\" \/>\n<meta property=\"og:type\" content=\"article\" \/>\n<meta property=\"og:title\" content=\"Teinture 1:1 THC\/CBD 1000mg | Acheter des teintures en ligne au Canada | BC Weed Edible.\" \/>\n<meta property=\"og:description\" content=\"Notre teinture 1:1 THC\/CBD contient 1000 mg des deux cannabino\u00efdes. Cette teinture de ratio 1:1 est faite \u00e0 partir des meilleurs distillats de THC (90 %+) et isolats de CBD (99,8 %) disponibles au Canada. Chaque bouteille contient 30 ml d&#039;huile, chaque compte-gouttes de 1 ml contient 33,3 mg de THC et de CBD par compte-gouttes. Ingr\u00e9dients : Huile MCT biologique, 90+% de THC extrait de premi\u00e8re qualit\u00e9, isolat de CBD.\" \/>\n<meta property=\"og:url\" content=\"https:\/\/stgbc.bcweededible.net\/fr\/buy\/comestibles\/1000mg-edible\/teinture-11-thc-cbd-1000mg\/\" \/>\n<meta property=\"og:site_name\" content=\"BC Weed Edible\" \/>\n<meta property=\"article:modified_time\" content=\"2025-06-25T18:31:07+00:00\" \/>\n<meta property=\"og:image\" content=\"https:\/\/stgbc.bcweededible.net\/wp-content\/uploads\/2022\/03\/1000mg-thc-tincture.jpg\" \/>\n\t<meta property=\"og:image:width\" content=\"800\" \/>\n\t<meta property=\"og:image:height\" content=\"800\" \/>\n\t<meta property=\"og:image:type\" content=\"image\/jpeg\" \/>\n<meta name=\"twitter:card\" content=\"summary_large_image\" \/>\n<meta name=\"twitter:label1\" content=\"Dur\u00e9e de lecture estim\u00e9e\" \/>\n\t<meta name=\"twitter:data1\" content=\"1 minute\" \/>\n<script type=\"application\/ld+json\" class=\"yoast-schema-graph\">{\"@context\":\"https:\\\/\\\/schema.org\",\"@graph\":[{\"@type\":\"WebPage\",\"@id\":\"https:\\\/\\\/stgbc.bcweededible.net\\\/fr\\\/buy\\\/comestibles\\\/1000mg-edible\\\/teinture-11-thc-cbd-1000mg\\\/\",\"url\":\"https:\\\/\\\/stgbc.bcweededible.net\\\/fr\\\/buy\\\/comestibles\\\/1000mg-edible\\\/teinture-11-thc-cbd-1000mg\\\/\",\"name\":\"Teinture 1:1 THC\\\/CBD 1000mg | Acheter des teintures en ligne au Canada | BC Weed Edible.\",\"isPartOf\":{\"@id\":\"https:\\\/\\\/stgbc.bcweededible.net\\\/fr\\\/#website\"},\"primaryImageOfPage\":{\"@id\":\"https:\\\/\\\/stgbc.bcweededible.net\\\/fr\\\/buy\\\/comestibles\\\/1000mg-edible\\\/teinture-11-thc-cbd-1000mg\\\/#primaryimage\"},\"image\":{\"@id\":\"https:\\\/\\\/stgbc.bcweededible.net\\\/fr\\\/buy\\\/comestibles\\\/1000mg-edible\\\/teinture-11-thc-cbd-1000mg\\\/#primaryimage\"},\"thumbnailUrl\":\"https:\\\/\\\/stgbc.bcweededible.net\\\/wp-content\\\/uploads\\\/2022\\\/03\\\/1000mg-thc-tincture.jpg\",\"datePublished\":\"2024-02-06T18:11:30+00:00\",\"dateModified\":\"2025-06-25T18:31:07+00:00\",\"breadcrumb\":{\"@id\":\"https:\\\/\\\/stgbc.bcweededible.net\\\/fr\\\/buy\\\/comestibles\\\/1000mg-edible\\\/teinture-11-thc-cbd-1000mg\\\/#breadcrumb\"},\"inLanguage\":\"fr-FR\",\"potentialAction\":[{\"@type\":\"ReadAction\",\"target\":[\"https:\\\/\\\/stgbc.bcweededible.net\\\/fr\\\/buy\\\/comestibles\\\/1000mg-edible\\\/teinture-11-thc-cbd-1000mg\\\/\"]}]},{\"@type\":\"ImageObject\",\"inLanguage\":\"fr-FR\",\"@id\":\"https:\\\/\\\/stgbc.bcweededible.net\\\/fr\\\/buy\\\/comestibles\\\/1000mg-edible\\\/teinture-11-thc-cbd-1000mg\\\/#primaryimage\",\"url\":\"https:\\\/\\\/stgbc.bcweededible.net\\\/wp-content\\\/uploads\\\/2022\\\/03\\\/1000mg-thc-tincture.jpg\",\"contentUrl\":\"https:\\\/\\\/stgbc.bcweededible.net\\\/wp-content\\\/uploads\\\/2022\\\/03\\\/1000mg-thc-tincture.jpg\",\"width\":800,\"height\":800,\"caption\":\"Teinture \u00e0 l'huile de THC\"},{\"@type\":\"BreadcrumbList\",\"@id\":\"https:\\\/\\\/stgbc.bcweededible.net\\\/fr\\\/buy\\\/comestibles\\\/1000mg-edible\\\/teinture-11-thc-cbd-1000mg\\\/#breadcrumb\",\"itemListElement\":[{\"@type\":\"ListItem\",\"position\":1,\"name\":\"Jujubes au Pot Canada\",\"item\":\"https:\\\/\\\/stgbc.bcweededible.net\\\/fr\\\/shop\\\/\"},{\"@type\":\"ListItem\",\"position\":2,\"name\":\"Teinture 1:1 THC\\\/CBD 1000mg\"}]},{\"@type\":\"WebSite\",\"@id\":\"https:\\\/\\\/stgbc.bcweededible.net\\\/fr\\\/#website\",\"url\":\"https:\\\/\\\/stgbc.bcweededible.net\\\/fr\\\/\",\"name\":\"BC Weed Edible\",\"description\":\"\",\"publisher\":{\"@id\":\"https:\\\/\\\/stgbc.bcweededible.net\\\/fr\\\/#organization\"},\"potentialAction\":[{\"@type\":\"SearchAction\",\"target\":{\"@type\":\"EntryPoint\",\"urlTemplate\":\"https:\\\/\\\/stgbc.bcweededible.net\\\/fr\\\/?s={search_term_string}\"},\"query-input\":{\"@type\":\"PropertyValueSpecification\",\"valueRequired\":true,\"valueName\":\"search_term_string\"}}],\"inLanguage\":\"fr-FR\"},{\"@type\":\"Organization\",\"@id\":\"https:\\\/\\\/stgbc.bcweededible.net\\\/fr\\\/#organization\",\"name\":\"BC Weed Edible\",\"url\":\"https:\\\/\\\/stgbc.bcweededible.net\\\/fr\\\/\",\"logo\":{\"@type\":\"ImageObject\",\"inLanguage\":\"fr-FR\",\"@id\":\"https:\\\/\\\/stgbc.bcweededible.net\\\/fr\\\/#\\\/schema\\\/logo\\\/image\\\/\",\"url\":\"https:\\\/\\\/stgbc.bcweededible.net\\\/wp-content\\\/uploads\\\/2021\\\/12\\\/bc-weed-edible-canada.png\",\"contentUrl\":\"https:\\\/\\\/stgbc.bcweededible.net\\\/wp-content\\\/uploads\\\/2021\\\/12\\\/bc-weed-edible-canada.png\",\"width\":270,\"height\":185,\"caption\":\"BC Weed Edible\"},\"image\":{\"@id\":\"https:\\\/\\\/stgbc.bcweededible.net\\\/fr\\\/#\\\/schema\\\/logo\\\/image\\\/\"}}]}<\/script>\n","yoast_head_json":{"title":"Teinture 1:1 THC\/CBD 1000mg | Acheter des teintures en ligne au Canada | BC Weed Edible.","robots":{"index":"index","follow":"follow","max-snippet":"max-snippet:-1","max-image-preview":"max-image-preview:large","max-video-preview":"max-video-preview:-1"},"canonical":"https:\/\/stgbc.bcweededible.net\/fr\/buy\/comestibles\/1000mg-edible\/teinture-11-thc-cbd-1000mg\/","og_locale":"fr_FR","og_type":"article","og_title":"Teinture 1:1 THC\/CBD 1000mg | Acheter des teintures en ligne au Canada | BC Weed Edible.","og_description":"Notre teinture 1:1 THC\/CBD contient 1000 mg des deux cannabino\u00efdes. Cette teinture de ratio 1:1 est faite \u00e0 partir des meilleurs distillats de THC (90 %+) et isolats de CBD (99,8 %) disponibles au Canada. Chaque bouteille contient 30 ml d'huile, chaque compte-gouttes de 1 ml contient 33,3 mg de THC et de CBD par compte-gouttes. Ingr\u00e9dients : Huile MCT biologique, 90+% de THC extrait de premi\u00e8re qualit\u00e9, isolat de CBD.","og_url":"https:\/\/stgbc.bcweededible.net\/fr\/buy\/comestibles\/1000mg-edible\/teinture-11-thc-cbd-1000mg\/","og_site_name":"BC Weed Edible","article_modified_time":"2025-06-25T18:31:07+00:00","og_image":[{"width":800,"height":800,"url":"https:\/\/stgbc.bcweededible.net\/wp-content\/uploads\/2022\/03\/1000mg-thc-tincture.jpg","type":"image\/jpeg"}],"twitter_card":"summary_large_image","twitter_misc":{"Dur\u00e9e de lecture estim\u00e9e":"1 minute"},"schema":{"@context":"https:\/\/schema.org","@graph":[{"@type":"WebPage","@id":"https:\/\/stgbc.bcweededible.net\/fr\/buy\/comestibles\/1000mg-edible\/teinture-11-thc-cbd-1000mg\/","url":"https:\/\/stgbc.bcweededible.net\/fr\/buy\/comestibles\/1000mg-edible\/teinture-11-thc-cbd-1000mg\/","name":"Teinture 1:1 THC\/CBD 1000mg | Acheter des teintures en ligne au Canada | BC Weed Edible.","isPartOf":{"@id":"https:\/\/stgbc.bcweededible.net\/fr\/#website"},"primaryImageOfPage":{"@id":"https:\/\/stgbc.bcweededible.net\/fr\/buy\/comestibles\/1000mg-edible\/teinture-11-thc-cbd-1000mg\/#primaryimage"},"image":{"@id":"https:\/\/stgbc.bcweededible.net\/fr\/buy\/comestibles\/1000mg-edible\/teinture-11-thc-cbd-1000mg\/#primaryimage"},"thumbnailUrl":"https:\/\/stgbc.bcweededible.net\/wp-content\/uploads\/2022\/03\/1000mg-thc-tincture.jpg","datePublished":"2024-02-06T18:11:30+00:00","dateModified":"2025-06-25T18:31:07+00:00","breadcrumb":{"@id":"https:\/\/stgbc.bcweededible.net\/fr\/buy\/comestibles\/1000mg-edible\/teinture-11-thc-cbd-1000mg\/#breadcrumb"},"inLanguage":"fr-FR","potentialAction":[{"@type":"ReadAction","target":["https:\/\/stgbc.bcweededible.net\/fr\/buy\/comestibles\/1000mg-edible\/teinture-11-thc-cbd-1000mg\/"]}]},{"@type":"ImageObject","inLanguage":"fr-FR","@id":"https:\/\/stgbc.bcweededible.net\/fr\/buy\/comestibles\/1000mg-edible\/teinture-11-thc-cbd-1000mg\/#primaryimage","url":"https:\/\/stgbc.bcweededible.net\/wp-content\/uploads\/2022\/03\/1000mg-thc-tincture.jpg","contentUrl":"https:\/\/stgbc.bcweededible.net\/wp-content\/uploads\/2022\/03\/1000mg-thc-tincture.jpg","width":800,"height":800,"caption":"Teinture \u00e0 l'huile de THC"},{"@type":"BreadcrumbList","@id":"https:\/\/stgbc.bcweededible.net\/fr\/buy\/comestibles\/1000mg-edible\/teinture-11-thc-cbd-1000mg\/#breadcrumb","itemListElement":[{"@type":"ListItem","position":1,"name":"Jujubes au Pot Canada","item":"https:\/\/stgbc.bcweededible.net\/fr\/shop\/"},{"@type":"ListItem","position":2,"name":"Teinture 1:1 THC\/CBD 1000mg"}]},{"@type":"WebSite","@id":"https:\/\/stgbc.bcweededible.net\/fr\/#website","url":"https:\/\/stgbc.bcweededible.net\/fr\/","name":"BC Weed Edible","description":"","publisher":{"@id":"https:\/\/stgbc.bcweededible.net\/fr\/#organization"},"potentialAction":[{"@type":"SearchAction","target":{"@type":"EntryPoint","urlTemplate":"https:\/\/stgbc.bcweededible.net\/fr\/?s={search_term_string}"},"query-input":{"@type":"PropertyValueSpecification","valueRequired":true,"valueName":"search_term_string"}}],"inLanguage":"fr-FR"},{"@type":"Organization","@id":"https:\/\/stgbc.bcweededible.net\/fr\/#organization","name":"BC Weed Edible","url":"https:\/\/stgbc.bcweededible.net\/fr\/","logo":{"@type":"ImageObject","inLanguage":"fr-FR","@id":"https:\/\/stgbc.bcweededible.net\/fr\/#\/schema\/logo\/image\/","url":"https:\/\/stgbc.bcweededible.net\/wp-content\/uploads\/2021\/12\/bc-weed-edible-canada.png","contentUrl":"https:\/\/stgbc.bcweededible.net\/wp-content\/uploads\/2021\/12\/bc-weed-edible-canada.png","width":270,"height":185,"caption":"BC Weed Edible"},"image":{"@id":"https:\/\/stgbc.bcweededible.net\/fr\/#\/schema\/logo\/image\/"}}]}},"_links":{"self":[{"href":"https:\/\/stgbc.bcweededible.net\/fr\/wp-json\/wp\/v2\/product\/66414","targetHints":{"allow":["GET"]}}],"collection":[{"href":"https:\/\/stgbc.bcweededible.net\/fr\/wp-json\/wp\/v2\/product"}],"about":[{"href":"https:\/\/stgbc.bcweededible.net\/fr\/wp-json\/wp\/v2\/types\/product"}],"replies":[{"embeddable":true,"href":"https:\/\/stgbc.bcweededible.net\/fr\/wp-json\/wp\/v2\/comments?post=66414"}],"wp:featuredmedia":[{"embeddable":true,"href":"https:\/\/stgbc.bcweededible.net\/fr\/wp-json\/wp\/v2\/media\/12718"}],"wp:attachment":[{"href":"https:\/\/stgbc.bcweededible.net\/fr\/wp-json\/wp\/v2\/media?parent=66414"}],"wp:term":[{"taxonomy":"product_brand","embeddable":true,"href":"https:\/\/stgbc.bcweededible.net\/fr\/wp-json\/wp\/v2\/product_brand?post=66414"},{"taxonomy":"product_cat","embeddable":true,"href":"https:\/\/stgbc.bcweededible.net\/fr\/wp-json\/wp\/v2\/product_cat?post=66414"},{"taxonomy":"product_tag","embeddable":true,"href":"https:\/\/stgbc.bcweededible.net\/fr\/wp-json\/wp\/v2\/product_tag?post=66414"}],"curies":[{"name":"wp","href":"https:\/\/api.w.org\/{rel}","templated":true}]}}