{"id":66409,"date":"2024-02-01T17:30:36","date_gmt":"2024-02-06T18:11:25","guid":{"rendered":"https:\/\/bcweededible.net\/buy\/non%20class\u00e9\/aaaa-fraise-bubba-139oz\/"},"modified":"2025-04-23T10:07:29","modified_gmt":"2025-04-23T17:07:29","slug":"aaaa-strawberry-bubba","status":"publish","type":"product","link":"https:\/\/stgbc.bcweededible.net\/fr\/buy\/fleurs-cannabis\/aaaa\/aaaa-strawberry-bubba\/","title":{"rendered":"Strawberry Bubba AAAA (139oz)"},"content":{"rendered":"","protected":false},"excerpt":{"rendered":"<p>Voici <strong>Strawberry Bubba<\/strong>, votre nouvel hybride <a href=\"https:\/\/stgbc.bcweededible.net\/shop\/cannabis-flowers\/indica\/\">\u00e0 dominance indica<\/a> (80% indica\/20% sativa) pr\u00e9f\u00e9r\u00e9e. Cette d\u00e9licieuse vari\u00e9t\u00e9 est n\u00e9e du m\u00e9lange parfait de <a href=\"https:\/\/stgbc.bcweededible.net\/fr\/buy\/fleurs-cannabis\/99-oz-fr\/99-oz-strawberry-cough\/\">Strawberry Cough<\/a> et de Bubba Kush, offrant une exp\u00e9rience unique avec <strong>22 % de THC<\/strong>. Savourez le doux m\u00e9lange d&#8217;ar\u00f4mes de baies et de raisin, suivi d&#8217;une touche de caf\u00e9 \u00e9pic\u00e9 \u00e0 l&#8217;expiration. Pr\u00e9parez-vous \u00e0 un voyage amical et d\u00e9licieux vers la relaxation avec la vari\u00e9t\u00e9 Strawberry Bubba.<\/p>\n<div class=\"ng-star-inserted\">\n<p><strong>Grosses fleurs denses et couvertes de trichomes, avec un ar\u00f4me unique<\/strong>. Il faut le sentir pour le croire ! $139oz seulement, c&#8217;est une aubaine !<\/p>\n<\/div>\n","protected":false},"featured_media":65708,"comment_status":"open","ping_status":"closed","template":"","meta":[],"product_brand":[],"product_cat":[291,245,737,293,294],"product_tag":[],"class_list":{"0":"post-66409","1":"product","2":"type-product","3":"status-publish","4":"has-post-thumbnail","6":"product_cat-aaaa","7":"product_cat-fleurs-cannabis","8":"product_cat-haute-teneur-en-thc","9":"product_cat-hybrid-fr","10":"product_cat-indica-fr","12":"first","13":"outofstock","14":"shipping-taxable","15":"purchasable","16":"product-type-variable","17":"has-default-attributes"},"yoast_head":"\n<title>Acheter Strawberry Bubba AAAA (139oz) en Ligne Canada | BC Weed Edible<\/title>\n<meta name=\"robots\" content=\"index, follow, max-snippet:-1, max-image-preview:large, max-video-preview:-1\" \/>\n<link rel=\"canonical\" href=\"https:\/\/stgbc.bcweededible.net\/fr\/buy\/fleurs-cannabis\/aaaa\/aaaa-strawberry-bubba\/\" \/>\n<meta property=\"og:locale\" content=\"fr_FR\" \/>\n<meta property=\"og:type\" content=\"article\" \/>\n<meta property=\"og:title\" content=\"Acheter Strawberry Bubba AAAA (139oz) en Ligne Canada | BC Weed Edible\" \/>\n<meta property=\"og:description\" content=\"Voici Strawberry Bubba, votre nouvel hybride \u00e0 dominance indica (80% indica\/20% sativa) pr\u00e9f\u00e9r\u00e9e. Cette d\u00e9licieuse vari\u00e9t\u00e9 est n\u00e9e du m\u00e9lange parfait de Strawberry Cough et de Bubba Kush, offrant une exp\u00e9rience unique avec 22 % de THC. Savourez le doux m\u00e9lange d&#039;ar\u00f4mes de baies et de raisin, suivi d&#039;une touche de caf\u00e9 \u00e9pic\u00e9 \u00e0 l&#039;expiration. Pr\u00e9parez-vous \u00e0 un voyage amical et d\u00e9licieux vers la relaxation avec la vari\u00e9t\u00e9 Strawberry Bubba. Grosses fleurs denses et couvertes de trichomes, avec un ar\u00f4me unique. Il faut le sentir pour le croire ! $139oz seulement, c&#039;est une aubaine !\" \/>\n<meta property=\"og:url\" content=\"https:\/\/stgbc.bcweededible.net\/fr\/buy\/fleurs-cannabis\/aaaa\/aaaa-strawberry-bubba\/\" \/>\n<meta property=\"og:site_name\" content=\"BC Weed Edible\" \/>\n<meta property=\"article:modified_time\" content=\"2025-04-23T17:07:29+00:00\" \/>\n<meta property=\"og:image\" content=\"https:\/\/stgbc.bcweededible.net\/wp-content\/uploads\/2024\/01\/strawberry-bubba1.jpg\" \/>\n\t<meta property=\"og:image:width\" content=\"1500\" \/>\n\t<meta property=\"og:image:height\" content=\"1500\" \/>\n\t<meta property=\"og:image:type\" content=\"image\/jpeg\" \/>\n<meta name=\"twitter:card\" content=\"summary_large_image\" \/>\n<script type=\"application\/ld+json\" class=\"yoast-schema-graph\">{\"@context\":\"https:\\\/\\\/schema.org\",\"@graph\":[{\"@type\":\"WebPage\",\"@id\":\"https:\\\/\\\/stgbc.bcweededible.net\\\/fr\\\/buy\\\/fleurs-cannabis\\\/aaaa\\\/aaaa-strawberry-bubba\\\/\",\"url\":\"https:\\\/\\\/stgbc.bcweededible.net\\\/fr\\\/buy\\\/fleurs-cannabis\\\/aaaa\\\/aaaa-strawberry-bubba\\\/\",\"name\":\"Acheter Strawberry Bubba AAAA (139oz) en Ligne Canada | BC Weed Edible\",\"isPartOf\":{\"@id\":\"https:\\\/\\\/stgbc.bcweededible.net\\\/fr\\\/#website\"},\"primaryImageOfPage\":{\"@id\":\"https:\\\/\\\/stgbc.bcweededible.net\\\/fr\\\/buy\\\/fleurs-cannabis\\\/aaaa\\\/aaaa-strawberry-bubba\\\/#primaryimage\"},\"image\":{\"@id\":\"https:\\\/\\\/stgbc.bcweededible.net\\\/fr\\\/buy\\\/fleurs-cannabis\\\/aaaa\\\/aaaa-strawberry-bubba\\\/#primaryimage\"},\"thumbnailUrl\":\"https:\\\/\\\/stgbc.bcweededible.net\\\/wp-content\\\/uploads\\\/2024\\\/01\\\/strawberry-bubba1.jpg\",\"datePublished\":\"2024-02-06T18:11:25+00:00\",\"dateModified\":\"2025-04-23T17:07:29+00:00\",\"breadcrumb\":{\"@id\":\"https:\\\/\\\/stgbc.bcweededible.net\\\/fr\\\/buy\\\/fleurs-cannabis\\\/aaaa\\\/aaaa-strawberry-bubba\\\/#breadcrumb\"},\"inLanguage\":\"fr-FR\",\"potentialAction\":[{\"@type\":\"ReadAction\",\"target\":[\"https:\\\/\\\/stgbc.bcweededible.net\\\/fr\\\/buy\\\/fleurs-cannabis\\\/aaaa\\\/aaaa-strawberry-bubba\\\/\"]}]},{\"@type\":\"ImageObject\",\"inLanguage\":\"fr-FR\",\"@id\":\"https:\\\/\\\/stgbc.bcweededible.net\\\/fr\\\/buy\\\/fleurs-cannabis\\\/aaaa\\\/aaaa-strawberry-bubba\\\/#primaryimage\",\"url\":\"https:\\\/\\\/stgbc.bcweededible.net\\\/wp-content\\\/uploads\\\/2024\\\/01\\\/strawberry-bubba1.jpg\",\"contentUrl\":\"https:\\\/\\\/stgbc.bcweededible.net\\\/wp-content\\\/uploads\\\/2024\\\/01\\\/strawberry-bubba1.jpg\",\"width\":1500,\"height\":1500},{\"@type\":\"BreadcrumbList\",\"@id\":\"https:\\\/\\\/stgbc.bcweededible.net\\\/fr\\\/buy\\\/fleurs-cannabis\\\/aaaa\\\/aaaa-strawberry-bubba\\\/#breadcrumb\",\"itemListElement\":[{\"@type\":\"ListItem\",\"position\":1,\"name\":\"Jujubes au Pot Canada\",\"item\":\"https:\\\/\\\/stgbc.bcweededible.net\\\/fr\\\/shop\\\/\"},{\"@type\":\"ListItem\",\"position\":2,\"name\":\"Strawberry Bubba AAAA (139oz)\"}]},{\"@type\":\"WebSite\",\"@id\":\"https:\\\/\\\/stgbc.bcweededible.net\\\/fr\\\/#website\",\"url\":\"https:\\\/\\\/stgbc.bcweededible.net\\\/fr\\\/\",\"name\":\"BC Weed Edible\",\"description\":\"\",\"publisher\":{\"@id\":\"https:\\\/\\\/stgbc.bcweededible.net\\\/fr\\\/#organization\"},\"potentialAction\":[{\"@type\":\"SearchAction\",\"target\":{\"@type\":\"EntryPoint\",\"urlTemplate\":\"https:\\\/\\\/stgbc.bcweededible.net\\\/fr\\\/?s={search_term_string}\"},\"query-input\":{\"@type\":\"PropertyValueSpecification\",\"valueRequired\":true,\"valueName\":\"search_term_string\"}}],\"inLanguage\":\"fr-FR\"},{\"@type\":\"Organization\",\"@id\":\"https:\\\/\\\/stgbc.bcweededible.net\\\/fr\\\/#organization\",\"name\":\"BC Weed Edible\",\"url\":\"https:\\\/\\\/stgbc.bcweededible.net\\\/fr\\\/\",\"logo\":{\"@type\":\"ImageObject\",\"inLanguage\":\"fr-FR\",\"@id\":\"https:\\\/\\\/stgbc.bcweededible.net\\\/fr\\\/#\\\/schema\\\/logo\\\/image\\\/\",\"url\":\"https:\\\/\\\/stgbc.bcweededible.net\\\/wp-content\\\/uploads\\\/2021\\\/12\\\/bc-weed-edible-canada.png\",\"contentUrl\":\"https:\\\/\\\/stgbc.bcweededible.net\\\/wp-content\\\/uploads\\\/2021\\\/12\\\/bc-weed-edible-canada.png\",\"width\":270,\"height\":185,\"caption\":\"BC Weed Edible\"},\"image\":{\"@id\":\"https:\\\/\\\/stgbc.bcweededible.net\\\/fr\\\/#\\\/schema\\\/logo\\\/image\\\/\"}}]}<\/script>\n","yoast_head_json":{"title":"Acheter Strawberry Bubba AAAA (139oz) en Ligne Canada | BC Weed Edible","robots":{"index":"index","follow":"follow","max-snippet":"max-snippet:-1","max-image-preview":"max-image-preview:large","max-video-preview":"max-video-preview:-1"},"canonical":"https:\/\/stgbc.bcweededible.net\/fr\/buy\/fleurs-cannabis\/aaaa\/aaaa-strawberry-bubba\/","og_locale":"fr_FR","og_type":"article","og_title":"Acheter Strawberry Bubba AAAA (139oz) en Ligne Canada | BC Weed Edible","og_description":"Voici Strawberry Bubba, votre nouvel hybride \u00e0 dominance indica (80% indica\/20% sativa) pr\u00e9f\u00e9r\u00e9e. Cette d\u00e9licieuse vari\u00e9t\u00e9 est n\u00e9e du m\u00e9lange parfait de Strawberry Cough et de Bubba Kush, offrant une exp\u00e9rience unique avec 22 % de THC. Savourez le doux m\u00e9lange d'ar\u00f4mes de baies et de raisin, suivi d'une touche de caf\u00e9 \u00e9pic\u00e9 \u00e0 l'expiration. Pr\u00e9parez-vous \u00e0 un voyage amical et d\u00e9licieux vers la relaxation avec la vari\u00e9t\u00e9 Strawberry Bubba. Grosses fleurs denses et couvertes de trichomes, avec un ar\u00f4me unique. Il faut le sentir pour le croire ! $139oz seulement, c'est une aubaine !","og_url":"https:\/\/stgbc.bcweededible.net\/fr\/buy\/fleurs-cannabis\/aaaa\/aaaa-strawberry-bubba\/","og_site_name":"BC Weed Edible","article_modified_time":"2025-04-23T17:07:29+00:00","og_image":[{"width":1500,"height":1500,"url":"https:\/\/stgbc.bcweededible.net\/wp-content\/uploads\/2024\/01\/strawberry-bubba1.jpg","type":"image\/jpeg"}],"twitter_card":"summary_large_image","schema":{"@context":"https:\/\/schema.org","@graph":[{"@type":"WebPage","@id":"https:\/\/stgbc.bcweededible.net\/fr\/buy\/fleurs-cannabis\/aaaa\/aaaa-strawberry-bubba\/","url":"https:\/\/stgbc.bcweededible.net\/fr\/buy\/fleurs-cannabis\/aaaa\/aaaa-strawberry-bubba\/","name":"Acheter Strawberry Bubba AAAA (139oz) en Ligne Canada | BC Weed Edible","isPartOf":{"@id":"https:\/\/stgbc.bcweededible.net\/fr\/#website"},"primaryImageOfPage":{"@id":"https:\/\/stgbc.bcweededible.net\/fr\/buy\/fleurs-cannabis\/aaaa\/aaaa-strawberry-bubba\/#primaryimage"},"image":{"@id":"https:\/\/stgbc.bcweededible.net\/fr\/buy\/fleurs-cannabis\/aaaa\/aaaa-strawberry-bubba\/#primaryimage"},"thumbnailUrl":"https:\/\/stgbc.bcweededible.net\/wp-content\/uploads\/2024\/01\/strawberry-bubba1.jpg","datePublished":"2024-02-06T18:11:25+00:00","dateModified":"2025-04-23T17:07:29+00:00","breadcrumb":{"@id":"https:\/\/stgbc.bcweededible.net\/fr\/buy\/fleurs-cannabis\/aaaa\/aaaa-strawberry-bubba\/#breadcrumb"},"inLanguage":"fr-FR","potentialAction":[{"@type":"ReadAction","target":["https:\/\/stgbc.bcweededible.net\/fr\/buy\/fleurs-cannabis\/aaaa\/aaaa-strawberry-bubba\/"]}]},{"@type":"ImageObject","inLanguage":"fr-FR","@id":"https:\/\/stgbc.bcweededible.net\/fr\/buy\/fleurs-cannabis\/aaaa\/aaaa-strawberry-bubba\/#primaryimage","url":"https:\/\/stgbc.bcweededible.net\/wp-content\/uploads\/2024\/01\/strawberry-bubba1.jpg","contentUrl":"https:\/\/stgbc.bcweededible.net\/wp-content\/uploads\/2024\/01\/strawberry-bubba1.jpg","width":1500,"height":1500},{"@type":"BreadcrumbList","@id":"https:\/\/stgbc.bcweededible.net\/fr\/buy\/fleurs-cannabis\/aaaa\/aaaa-strawberry-bubba\/#breadcrumb","itemListElement":[{"@type":"ListItem","position":1,"name":"Jujubes au Pot Canada","item":"https:\/\/stgbc.bcweededible.net\/fr\/shop\/"},{"@type":"ListItem","position":2,"name":"Strawberry Bubba AAAA (139oz)"}]},{"@type":"WebSite","@id":"https:\/\/stgbc.bcweededible.net\/fr\/#website","url":"https:\/\/stgbc.bcweededible.net\/fr\/","name":"BC Weed Edible","description":"","publisher":{"@id":"https:\/\/stgbc.bcweededible.net\/fr\/#organization"},"potentialAction":[{"@type":"SearchAction","target":{"@type":"EntryPoint","urlTemplate":"https:\/\/stgbc.bcweededible.net\/fr\/?s={search_term_string}"},"query-input":{"@type":"PropertyValueSpecification","valueRequired":true,"valueName":"search_term_string"}}],"inLanguage":"fr-FR"},{"@type":"Organization","@id":"https:\/\/stgbc.bcweededible.net\/fr\/#organization","name":"BC Weed Edible","url":"https:\/\/stgbc.bcweededible.net\/fr\/","logo":{"@type":"ImageObject","inLanguage":"fr-FR","@id":"https:\/\/stgbc.bcweededible.net\/fr\/#\/schema\/logo\/image\/","url":"https:\/\/stgbc.bcweededible.net\/wp-content\/uploads\/2021\/12\/bc-weed-edible-canada.png","contentUrl":"https:\/\/stgbc.bcweededible.net\/wp-content\/uploads\/2021\/12\/bc-weed-edible-canada.png","width":270,"height":185,"caption":"BC Weed Edible"},"image":{"@id":"https:\/\/stgbc.bcweededible.net\/fr\/#\/schema\/logo\/image\/"}}]}},"_links":{"self":[{"href":"https:\/\/stgbc.bcweededible.net\/fr\/wp-json\/wp\/v2\/product\/66409","targetHints":{"allow":["GET"]}}],"collection":[{"href":"https:\/\/stgbc.bcweededible.net\/fr\/wp-json\/wp\/v2\/product"}],"about":[{"href":"https:\/\/stgbc.bcweededible.net\/fr\/wp-json\/wp\/v2\/types\/product"}],"replies":[{"embeddable":true,"href":"https:\/\/stgbc.bcweededible.net\/fr\/wp-json\/wp\/v2\/comments?post=66409"}],"wp:featuredmedia":[{"embeddable":true,"href":"https:\/\/stgbc.bcweededible.net\/fr\/wp-json\/wp\/v2\/media\/65708"}],"wp:attachment":[{"href":"https:\/\/stgbc.bcweededible.net\/fr\/wp-json\/wp\/v2\/media?parent=66409"}],"wp:term":[{"taxonomy":"product_brand","embeddable":true,"href":"https:\/\/stgbc.bcweededible.net\/fr\/wp-json\/wp\/v2\/product_brand?post=66409"},{"taxonomy":"product_cat","embeddable":true,"href":"https:\/\/stgbc.bcweededible.net\/fr\/wp-json\/wp\/v2\/product_cat?post=66409"},{"taxonomy":"product_tag","embeddable":true,"href":"https:\/\/stgbc.bcweededible.net\/fr\/wp-json\/wp\/v2\/product_tag?post=66409"}],"curies":[{"name":"wp","href":"https:\/\/api.w.org\/{rel}","templated":true}]}}