{"id":66401,"date":"2024-01-23T10:22:13","date_gmt":"2024-01-23T18:22:13","guid":{"rendered":"https:\/\/bcweededible.net\/buy\/non%20class\u00e9\/king-size-joints-pre-roules\/"},"modified":"2026-03-23T03:05:24","modified_gmt":"2026-03-23T10:05:24","slug":"king-size-joints-pre-roules","status":"publish","type":"product","link":"https:\/\/stgbc.bcweededible.net\/fr\/buy\/fleurs-cannabis\/hybrid-fr\/king-size-joints-pre-roules\/","title":{"rendered":"Joints Pr\u00e9-Roul\u00e9s King Size"},"content":{"rendered":"","protected":false},"excerpt":{"rendered":"<p>Nos<strong> joints pr\u00e9-roul\u00e9s King Size <\/strong>sont parfaits pour \u00eatre partag\u00e9s avec vos amis ! Chaque joint est un <strong>chef-d&#8217;\u0153uvre<\/strong>, rempli de<strong> 2 grammes de <a href=\"https:\/\/stgbc.bcweededible.net\/shop\/cannabis-flowers\/\">fleurs de<\/a> pop-corn<\/strong> pour assurer une<strong> longue combustion<\/strong>. Con\u00e7us en tenant compte des d\u00e9sirs de notre communaut\u00e9, ces joints pr\u00e9-roul\u00e9s sont disponibles \u00e0 l&#8217;unit\u00e9, jusqu&#8217;\u00e0 50 unit\u00e9s par commande. Vous en aurez pour votre argent!<\/p>\n<h2>Informations sur les joints pr\u00e9-roul\u00e9s<\/h2>\n<table>\n<tbody>\n<tr>\n<td class=\"has-text-align-center\" style=\"text-align: left;\" data-align=\"center\"><strong>Quantit\u00e9<\/strong><\/td>\n<td class=\"has-text-align-center\" style=\"text-align: left;\" data-align=\"center\">Joint pr\u00e9-roul\u00e9s de 2 grammes<\/td>\n<\/tr>\n<tr>\n<td class=\"has-text-align-center\" style=\"text-align: left;\" data-align=\"center\"><strong>Grade<\/strong><\/td>\n<td class=\"has-text-align-center\" style=\"text-align: left;\" data-align=\"center\">AAAA+<\/td>\n<\/tr>\n<tr>\n<td class=\"has-text-align-center\" style=\"text-align: left;\" data-align=\"center\"><strong>THC<\/strong><\/td>\n<td class=\"has-text-align-center\" style=\"text-align: left;\" data-align=\"center\">20%+<\/td>\n<\/tr>\n<tr>\n<td class=\"has-text-align-center\" style=\"text-align: left;\" data-align=\"center\"><strong>Ph\u00e9notype<\/strong><\/td>\n<td class=\"has-text-align-center\" style=\"text-align: left;\" data-align=\"center\">Hybride, Indica, Sativa<\/td>\n<\/tr>\n<tr>\n<td class=\"has-text-align-center\" style=\"text-align: left;\" data-align=\"center\"><strong>Effets<\/strong><\/td>\n<td class=\"has-text-align-center\" style=\"text-align: left;\" data-align=\"center\">Hybride : Boost d&#8217;\u00e9nergie suivi d&#8217;une sensation de fatigue.<br \/>\nIndica : Intens\u00e9ment relaxant.<br \/>\nSativa : Euphorisant et \u00e9nergisant<\/td>\n<\/tr>\n<tr>\n<td class=\"has-text-align-center\" style=\"text-align: left;\" data-align=\"center\"><\/td>\n<td class=\"has-text-align-center\" style=\"text-align: left;\" data-align=\"center\"><\/td>\n<\/tr>\n<tr>\n<td class=\"has-text-align-center\" style=\"text-align: left;\" data-align=\"center\"><strong>Saveurs<\/strong><\/td>\n<td class=\"has-text-align-center\" style=\"text-align: left;\" data-align=\"center\">Terreux, floral, doux, bois\u00e9.<\/td>\n<\/tr>\n<\/tbody>\n<\/table>\n","protected":false},"featured_media":65271,"comment_status":"open","ping_status":"closed","template":"","meta":[],"product_brand":[],"product_cat":[245,293,294,391,295],"product_tag":[],"class_list":{"0":"post-66401","1":"product","2":"type-product","3":"status-publish","4":"has-post-thumbnail","6":"product_cat-fleurs-cannabis","7":"product_cat-hybrid-fr","8":"product_cat-indica-fr","9":"product_cat-preroules","10":"product_cat-sativa-fr","12":"first","13":"instock","14":"shipping-taxable","15":"purchasable","16":"product-type-variable"},"yoast_head":"\n<title>Acheter Joints Pr\u00e9-Roul\u00e9s King Size Canada | BC Weed Edible<\/title>\n<meta name=\"robots\" content=\"index, follow, max-snippet:-1, max-image-preview:large, max-video-preview:-1\" \/>\n<link rel=\"canonical\" href=\"https:\/\/stgbc.bcweededible.net\/fr\/buy\/fleurs-cannabis\/hybrid-fr\/king-size-joints-pre-roules\/\" \/>\n<meta property=\"og:locale\" content=\"fr_FR\" \/>\n<meta property=\"og:type\" content=\"article\" \/>\n<meta property=\"og:title\" content=\"Acheter Joints Pr\u00e9-Roul\u00e9s King Size Canada | BC Weed Edible\" \/>\n<meta property=\"og:description\" content=\"Nos joints pr\u00e9-roul\u00e9s King Size sont parfaits pour \u00eatre partag\u00e9s avec vos amis ! Chaque joint est un chef-d&#039;\u0153uvre, rempli de 2 grammes de fleurs de pop-corn pour assurer une longue combustion. Con\u00e7us en tenant compte des d\u00e9sirs de notre communaut\u00e9, ces joints pr\u00e9-roul\u00e9s sont disponibles \u00e0 l&#039;unit\u00e9, jusqu&#039;\u00e0 50 unit\u00e9s par commande. Vous en aurez pour votre argent! Informations sur les joints pr\u00e9-roul\u00e9s Quantit\u00e9 Joint pr\u00e9-roul\u00e9s de 2 grammes Grade AAAA+ THC 20%+ Ph\u00e9notype Hybride, Indica, Sativa Effets Hybride : Boost d&#039;\u00e9nergie suivi d&#039;une sensation de fatigue. Indica : Intens\u00e9ment relaxant. Sativa : Euphorisant et \u00e9nergisant Saveurs Terreux, floral, doux, bois\u00e9.\" \/>\n<meta property=\"og:url\" content=\"https:\/\/stgbc.bcweededible.net\/fr\/buy\/fleurs-cannabis\/hybrid-fr\/king-size-joints-pre-roules\/\" \/>\n<meta property=\"og:site_name\" content=\"BC Weed Edible\" \/>\n<meta property=\"article:modified_time\" content=\"2026-03-23T10:05:24+00:00\" \/>\n<meta property=\"og:image\" content=\"https:\/\/stgbc.bcweededible.net\/wp-content\/uploads\/2024\/01\/king-size-pre-rolls.jpg\" \/>\n\t<meta property=\"og:image:width\" content=\"510\" \/>\n\t<meta property=\"og:image:height\" content=\"510\" \/>\n\t<meta property=\"og:image:type\" content=\"image\/jpeg\" \/>\n<meta name=\"twitter:card\" content=\"summary_large_image\" \/>\n<script type=\"application\/ld+json\" class=\"yoast-schema-graph\">{\"@context\":\"https:\\\/\\\/schema.org\",\"@graph\":[{\"@type\":\"WebPage\",\"@id\":\"https:\\\/\\\/stgbc.bcweededible.net\\\/fr\\\/buy\\\/fleurs-cannabis\\\/hybrid-fr\\\/king-size-joints-pre-roules\\\/\",\"url\":\"https:\\\/\\\/stgbc.bcweededible.net\\\/fr\\\/buy\\\/fleurs-cannabis\\\/hybrid-fr\\\/king-size-joints-pre-roules\\\/\",\"name\":\"Acheter Joints Pr\u00e9-Roul\u00e9s King Size Canada | BC Weed Edible\",\"isPartOf\":{\"@id\":\"https:\\\/\\\/stgbc.bcweededible.net\\\/fr\\\/#website\"},\"primaryImageOfPage\":{\"@id\":\"https:\\\/\\\/stgbc.bcweededible.net\\\/fr\\\/buy\\\/fleurs-cannabis\\\/hybrid-fr\\\/king-size-joints-pre-roules\\\/#primaryimage\"},\"image\":{\"@id\":\"https:\\\/\\\/stgbc.bcweededible.net\\\/fr\\\/buy\\\/fleurs-cannabis\\\/hybrid-fr\\\/king-size-joints-pre-roules\\\/#primaryimage\"},\"thumbnailUrl\":\"https:\\\/\\\/stgbc.bcweededible.net\\\/wp-content\\\/uploads\\\/2024\\\/01\\\/king-size-pre-rolls.jpg\",\"datePublished\":\"2024-01-23T18:22:13+00:00\",\"dateModified\":\"2026-03-23T10:05:24+00:00\",\"breadcrumb\":{\"@id\":\"https:\\\/\\\/stgbc.bcweededible.net\\\/fr\\\/buy\\\/fleurs-cannabis\\\/hybrid-fr\\\/king-size-joints-pre-roules\\\/#breadcrumb\"},\"inLanguage\":\"fr-FR\",\"potentialAction\":[{\"@type\":\"ReadAction\",\"target\":[\"https:\\\/\\\/stgbc.bcweededible.net\\\/fr\\\/buy\\\/fleurs-cannabis\\\/hybrid-fr\\\/king-size-joints-pre-roules\\\/\"]}]},{\"@type\":\"ImageObject\",\"inLanguage\":\"fr-FR\",\"@id\":\"https:\\\/\\\/stgbc.bcweededible.net\\\/fr\\\/buy\\\/fleurs-cannabis\\\/hybrid-fr\\\/king-size-joints-pre-roules\\\/#primaryimage\",\"url\":\"https:\\\/\\\/stgbc.bcweededible.net\\\/wp-content\\\/uploads\\\/2024\\\/01\\\/king-size-pre-rolls.jpg\",\"contentUrl\":\"https:\\\/\\\/stgbc.bcweededible.net\\\/wp-content\\\/uploads\\\/2024\\\/01\\\/king-size-pre-rolls.jpg\",\"width\":510,\"height\":510,\"caption\":\"king size pre-roll joint\"},{\"@type\":\"BreadcrumbList\",\"@id\":\"https:\\\/\\\/stgbc.bcweededible.net\\\/fr\\\/buy\\\/fleurs-cannabis\\\/hybrid-fr\\\/king-size-joints-pre-roules\\\/#breadcrumb\",\"itemListElement\":[{\"@type\":\"ListItem\",\"position\":1,\"name\":\"Jujubes au Pot Canada\",\"item\":\"https:\\\/\\\/stgbc.bcweededible.net\\\/fr\\\/shop\\\/\"},{\"@type\":\"ListItem\",\"position\":2,\"name\":\"Joints Pr\u00e9-Roul\u00e9s King Size\"}]},{\"@type\":\"WebSite\",\"@id\":\"https:\\\/\\\/stgbc.bcweededible.net\\\/fr\\\/#website\",\"url\":\"https:\\\/\\\/stgbc.bcweededible.net\\\/fr\\\/\",\"name\":\"BC Weed Edible\",\"description\":\"\",\"publisher\":{\"@id\":\"https:\\\/\\\/stgbc.bcweededible.net\\\/fr\\\/#organization\"},\"potentialAction\":[{\"@type\":\"SearchAction\",\"target\":{\"@type\":\"EntryPoint\",\"urlTemplate\":\"https:\\\/\\\/stgbc.bcweededible.net\\\/fr\\\/?s={search_term_string}\"},\"query-input\":{\"@type\":\"PropertyValueSpecification\",\"valueRequired\":true,\"valueName\":\"search_term_string\"}}],\"inLanguage\":\"fr-FR\"},{\"@type\":\"Organization\",\"@id\":\"https:\\\/\\\/stgbc.bcweededible.net\\\/fr\\\/#organization\",\"name\":\"BC Weed Edible\",\"url\":\"https:\\\/\\\/stgbc.bcweededible.net\\\/fr\\\/\",\"logo\":{\"@type\":\"ImageObject\",\"inLanguage\":\"fr-FR\",\"@id\":\"https:\\\/\\\/stgbc.bcweededible.net\\\/fr\\\/#\\\/schema\\\/logo\\\/image\\\/\",\"url\":\"https:\\\/\\\/stgbc.bcweededible.net\\\/wp-content\\\/uploads\\\/2021\\\/12\\\/bc-weed-edible-canada.png\",\"contentUrl\":\"https:\\\/\\\/stgbc.bcweededible.net\\\/wp-content\\\/uploads\\\/2021\\\/12\\\/bc-weed-edible-canada.png\",\"width\":270,\"height\":185,\"caption\":\"BC Weed Edible\"},\"image\":{\"@id\":\"https:\\\/\\\/stgbc.bcweededible.net\\\/fr\\\/#\\\/schema\\\/logo\\\/image\\\/\"}}]}<\/script>\n","yoast_head_json":{"title":"Acheter Joints Pr\u00e9-Roul\u00e9s King Size Canada | BC Weed Edible","robots":{"index":"index","follow":"follow","max-snippet":"max-snippet:-1","max-image-preview":"max-image-preview:large","max-video-preview":"max-video-preview:-1"},"canonical":"https:\/\/stgbc.bcweededible.net\/fr\/buy\/fleurs-cannabis\/hybrid-fr\/king-size-joints-pre-roules\/","og_locale":"fr_FR","og_type":"article","og_title":"Acheter Joints Pr\u00e9-Roul\u00e9s King Size Canada | BC Weed Edible","og_description":"Nos joints pr\u00e9-roul\u00e9s King Size sont parfaits pour \u00eatre partag\u00e9s avec vos amis ! Chaque joint est un chef-d'\u0153uvre, rempli de 2 grammes de fleurs de pop-corn pour assurer une longue combustion. Con\u00e7us en tenant compte des d\u00e9sirs de notre communaut\u00e9, ces joints pr\u00e9-roul\u00e9s sont disponibles \u00e0 l'unit\u00e9, jusqu'\u00e0 50 unit\u00e9s par commande. Vous en aurez pour votre argent! Informations sur les joints pr\u00e9-roul\u00e9s Quantit\u00e9 Joint pr\u00e9-roul\u00e9s de 2 grammes Grade AAAA+ THC 20%+ Ph\u00e9notype Hybride, Indica, Sativa Effets Hybride : Boost d'\u00e9nergie suivi d'une sensation de fatigue. Indica : Intens\u00e9ment relaxant. Sativa : Euphorisant et \u00e9nergisant Saveurs Terreux, floral, doux, bois\u00e9.","og_url":"https:\/\/stgbc.bcweededible.net\/fr\/buy\/fleurs-cannabis\/hybrid-fr\/king-size-joints-pre-roules\/","og_site_name":"BC Weed Edible","article_modified_time":"2026-03-23T10:05:24+00:00","og_image":[{"width":510,"height":510,"url":"https:\/\/stgbc.bcweededible.net\/wp-content\/uploads\/2024\/01\/king-size-pre-rolls.jpg","type":"image\/jpeg"}],"twitter_card":"summary_large_image","schema":{"@context":"https:\/\/schema.org","@graph":[{"@type":"WebPage","@id":"https:\/\/stgbc.bcweededible.net\/fr\/buy\/fleurs-cannabis\/hybrid-fr\/king-size-joints-pre-roules\/","url":"https:\/\/stgbc.bcweededible.net\/fr\/buy\/fleurs-cannabis\/hybrid-fr\/king-size-joints-pre-roules\/","name":"Acheter Joints Pr\u00e9-Roul\u00e9s King Size Canada | BC Weed Edible","isPartOf":{"@id":"https:\/\/stgbc.bcweededible.net\/fr\/#website"},"primaryImageOfPage":{"@id":"https:\/\/stgbc.bcweededible.net\/fr\/buy\/fleurs-cannabis\/hybrid-fr\/king-size-joints-pre-roules\/#primaryimage"},"image":{"@id":"https:\/\/stgbc.bcweededible.net\/fr\/buy\/fleurs-cannabis\/hybrid-fr\/king-size-joints-pre-roules\/#primaryimage"},"thumbnailUrl":"https:\/\/stgbc.bcweededible.net\/wp-content\/uploads\/2024\/01\/king-size-pre-rolls.jpg","datePublished":"2024-01-23T18:22:13+00:00","dateModified":"2026-03-23T10:05:24+00:00","breadcrumb":{"@id":"https:\/\/stgbc.bcweededible.net\/fr\/buy\/fleurs-cannabis\/hybrid-fr\/king-size-joints-pre-roules\/#breadcrumb"},"inLanguage":"fr-FR","potentialAction":[{"@type":"ReadAction","target":["https:\/\/stgbc.bcweededible.net\/fr\/buy\/fleurs-cannabis\/hybrid-fr\/king-size-joints-pre-roules\/"]}]},{"@type":"ImageObject","inLanguage":"fr-FR","@id":"https:\/\/stgbc.bcweededible.net\/fr\/buy\/fleurs-cannabis\/hybrid-fr\/king-size-joints-pre-roules\/#primaryimage","url":"https:\/\/stgbc.bcweededible.net\/wp-content\/uploads\/2024\/01\/king-size-pre-rolls.jpg","contentUrl":"https:\/\/stgbc.bcweededible.net\/wp-content\/uploads\/2024\/01\/king-size-pre-rolls.jpg","width":510,"height":510,"caption":"king size pre-roll joint"},{"@type":"BreadcrumbList","@id":"https:\/\/stgbc.bcweededible.net\/fr\/buy\/fleurs-cannabis\/hybrid-fr\/king-size-joints-pre-roules\/#breadcrumb","itemListElement":[{"@type":"ListItem","position":1,"name":"Jujubes au Pot Canada","item":"https:\/\/stgbc.bcweededible.net\/fr\/shop\/"},{"@type":"ListItem","position":2,"name":"Joints Pr\u00e9-Roul\u00e9s King Size"}]},{"@type":"WebSite","@id":"https:\/\/stgbc.bcweededible.net\/fr\/#website","url":"https:\/\/stgbc.bcweededible.net\/fr\/","name":"BC Weed Edible","description":"","publisher":{"@id":"https:\/\/stgbc.bcweededible.net\/fr\/#organization"},"potentialAction":[{"@type":"SearchAction","target":{"@type":"EntryPoint","urlTemplate":"https:\/\/stgbc.bcweededible.net\/fr\/?s={search_term_string}"},"query-input":{"@type":"PropertyValueSpecification","valueRequired":true,"valueName":"search_term_string"}}],"inLanguage":"fr-FR"},{"@type":"Organization","@id":"https:\/\/stgbc.bcweededible.net\/fr\/#organization","name":"BC Weed Edible","url":"https:\/\/stgbc.bcweededible.net\/fr\/","logo":{"@type":"ImageObject","inLanguage":"fr-FR","@id":"https:\/\/stgbc.bcweededible.net\/fr\/#\/schema\/logo\/image\/","url":"https:\/\/stgbc.bcweededible.net\/wp-content\/uploads\/2021\/12\/bc-weed-edible-canada.png","contentUrl":"https:\/\/stgbc.bcweededible.net\/wp-content\/uploads\/2021\/12\/bc-weed-edible-canada.png","width":270,"height":185,"caption":"BC Weed Edible"},"image":{"@id":"https:\/\/stgbc.bcweededible.net\/fr\/#\/schema\/logo\/image\/"}}]}},"_links":{"self":[{"href":"https:\/\/stgbc.bcweededible.net\/fr\/wp-json\/wp\/v2\/product\/66401","targetHints":{"allow":["GET"]}}],"collection":[{"href":"https:\/\/stgbc.bcweededible.net\/fr\/wp-json\/wp\/v2\/product"}],"about":[{"href":"https:\/\/stgbc.bcweededible.net\/fr\/wp-json\/wp\/v2\/types\/product"}],"replies":[{"embeddable":true,"href":"https:\/\/stgbc.bcweededible.net\/fr\/wp-json\/wp\/v2\/comments?post=66401"}],"wp:featuredmedia":[{"embeddable":true,"href":"https:\/\/stgbc.bcweededible.net\/fr\/wp-json\/wp\/v2\/media\/65271"}],"wp:attachment":[{"href":"https:\/\/stgbc.bcweededible.net\/fr\/wp-json\/wp\/v2\/media?parent=66401"}],"wp:term":[{"taxonomy":"product_brand","embeddable":true,"href":"https:\/\/stgbc.bcweededible.net\/fr\/wp-json\/wp\/v2\/product_brand?post=66401"},{"taxonomy":"product_cat","embeddable":true,"href":"https:\/\/stgbc.bcweededible.net\/fr\/wp-json\/wp\/v2\/product_cat?post=66401"},{"taxonomy":"product_tag","embeddable":true,"href":"https:\/\/stgbc.bcweededible.net\/fr\/wp-json\/wp\/v2\/product_tag?post=66401"}],"curies":[{"name":"wp","href":"https:\/\/api.w.org\/{rel}","templated":true}]}}