{"id":66396,"date":"2024-01-02T16:19:38","date_gmt":"2024-01-03T00:19:38","guid":{"rendered":"https:\/\/bcweededible.net\/buy\/non%20class\u00e9\/blueberry-kush-smalls-69oz\/"},"modified":"2026-02-24T09:24:16","modified_gmt":"2026-02-24T17:24:16","slug":"blueberry-kush-smalls-69oz","status":"publish","type":"product","link":"https:\/\/stgbc.bcweededible.net\/fr\/buy\/gros\/pot-gros\/blueberry-kush-smalls-69oz\/","title":{"rendered":"AAA Mango Cream Smalls ($69oz)"},"content":{"rendered":"","protected":false},"excerpt":{"rendered":"<p>D\u00e9couvrez la douceur tropicale de Mango Cream avec ces petites t\u00eates, aussi appel\u00e9es &#8220;smalls&#8221; ou &#8220;popcorn buds&#8221;. Ces bourgeons plus petits offrent la m\u00eame exp\u00e9rience puissante \u00e0 dominance indica que les fleurs de taille normale, d\u00e9bordant de saveurs cr\u00e9meuses de mangue avec des notes sucr\u00e9es et terreuses. R\u00e9put\u00e9e pour ses effets apaisants, la Mango Cream procure un high relaxant, id\u00e9al pour se d\u00e9tendre sans se ruiner. Profitez d\u2019une qualit\u00e9 premium \u00e0 un excellent rapport qualit\u00e9-prix : ces petites t\u00eates concentrent toute la puissance et la saveur attendues\u2014dans un format plus compact.<\/p>\n","protected":false},"featured_media":63787,"comment_status":"open","ping_status":"closed","template":"","meta":[],"product_brand":[],"product_cat":[245,293,294,470,292,719,452],"product_tag":[],"class_list":{"0":"post-66396","1":"product","2":"type-product","3":"status-publish","4":"has-post-thumbnail","6":"product_cat-fleurs-cannabis","7":"product_cat-hybrid-fr","8":"product_cat-indica-fr","9":"product_cat-livre-de-pot","10":"product_cat-ounces-pas-cher","11":"product_cat-popcorn-smalls-fr","12":"product_cat-pot-gros","14":"first","15":"instock","16":"shipping-taxable","17":"purchasable","18":"product-type-variable","19":"has-default-attributes"},"yoast_head":"\n<title>Acheter AAA Mango Cream Smalls ($69oz) en Ligne Canada | BC Weed Edible<\/title>\n<meta name=\"robots\" content=\"index, follow, max-snippet:-1, max-image-preview:large, max-video-preview:-1\" \/>\n<link rel=\"canonical\" href=\"https:\/\/stgbc.bcweededible.net\/fr\/buy\/gros\/pot-gros\/blueberry-kush-smalls-69oz\/\" \/>\n<meta property=\"og:locale\" content=\"fr_FR\" \/>\n<meta property=\"og:type\" content=\"article\" \/>\n<meta property=\"og:title\" content=\"Acheter AAA Mango Cream Smalls ($69oz) en Ligne Canada | BC Weed Edible\" \/>\n<meta property=\"og:description\" content=\"D\u00e9couvrez la douceur tropicale de Mango Cream avec ces petites t\u00eates, aussi appel\u00e9es &quot;smalls&quot; ou &quot;popcorn buds&quot;. Ces bourgeons plus petits offrent la m\u00eame exp\u00e9rience puissante \u00e0 dominance indica que les fleurs de taille normale, d\u00e9bordant de saveurs cr\u00e9meuses de mangue avec des notes sucr\u00e9es et terreuses. R\u00e9put\u00e9e pour ses effets apaisants, la Mango Cream procure un high relaxant, id\u00e9al pour se d\u00e9tendre sans se ruiner. Profitez d\u2019une qualit\u00e9 premium \u00e0 un excellent rapport qualit\u00e9-prix : ces petites t\u00eates concentrent toute la puissance et la saveur attendues\u2014dans un format plus compact.\" \/>\n<meta property=\"og:url\" content=\"https:\/\/stgbc.bcweededible.net\/fr\/buy\/gros\/pot-gros\/blueberry-kush-smalls-69oz\/\" \/>\n<meta property=\"og:site_name\" content=\"BC Weed Edible\" \/>\n<meta property=\"article:modified_time\" content=\"2026-02-24T17:24:16+00:00\" \/>\n<meta property=\"og:image\" content=\"https:\/\/stgbc.bcweededible.net\/wp-content\/uploads\/2024\/01\/blueberry-kush-Popcorn.jpg\" \/>\n\t<meta property=\"og:image:width\" content=\"1000\" \/>\n\t<meta property=\"og:image:height\" content=\"1000\" \/>\n\t<meta property=\"og:image:type\" content=\"image\/jpeg\" \/>\n<meta name=\"twitter:card\" content=\"summary_large_image\" \/>\n<script type=\"application\/ld+json\" class=\"yoast-schema-graph\">{\"@context\":\"https:\\\/\\\/schema.org\",\"@graph\":[{\"@type\":\"WebPage\",\"@id\":\"https:\\\/\\\/stgbc.bcweededible.net\\\/fr\\\/buy\\\/gros\\\/pot-gros\\\/blueberry-kush-smalls-69oz\\\/\",\"url\":\"https:\\\/\\\/stgbc.bcweededible.net\\\/fr\\\/buy\\\/gros\\\/pot-gros\\\/blueberry-kush-smalls-69oz\\\/\",\"name\":\"Acheter AAA Mango Cream Smalls ($69oz) en Ligne Canada | BC Weed Edible\",\"isPartOf\":{\"@id\":\"https:\\\/\\\/stgbc.bcweededible.net\\\/fr\\\/#website\"},\"primaryImageOfPage\":{\"@id\":\"https:\\\/\\\/stgbc.bcweededible.net\\\/fr\\\/buy\\\/gros\\\/pot-gros\\\/blueberry-kush-smalls-69oz\\\/#primaryimage\"},\"image\":{\"@id\":\"https:\\\/\\\/stgbc.bcweededible.net\\\/fr\\\/buy\\\/gros\\\/pot-gros\\\/blueberry-kush-smalls-69oz\\\/#primaryimage\"},\"thumbnailUrl\":\"https:\\\/\\\/stgbc.bcweededible.net\\\/wp-content\\\/uploads\\\/2024\\\/01\\\/blueberry-kush-Popcorn.jpg\",\"datePublished\":\"2024-01-03T00:19:38+00:00\",\"dateModified\":\"2026-02-24T17:24:16+00:00\",\"breadcrumb\":{\"@id\":\"https:\\\/\\\/stgbc.bcweededible.net\\\/fr\\\/buy\\\/gros\\\/pot-gros\\\/blueberry-kush-smalls-69oz\\\/#breadcrumb\"},\"inLanguage\":\"fr-FR\",\"potentialAction\":[{\"@type\":\"ReadAction\",\"target\":[\"https:\\\/\\\/stgbc.bcweededible.net\\\/fr\\\/buy\\\/gros\\\/pot-gros\\\/blueberry-kush-smalls-69oz\\\/\"]}]},{\"@type\":\"ImageObject\",\"inLanguage\":\"fr-FR\",\"@id\":\"https:\\\/\\\/stgbc.bcweededible.net\\\/fr\\\/buy\\\/gros\\\/pot-gros\\\/blueberry-kush-smalls-69oz\\\/#primaryimage\",\"url\":\"https:\\\/\\\/stgbc.bcweededible.net\\\/wp-content\\\/uploads\\\/2024\\\/01\\\/blueberry-kush-Popcorn.jpg\",\"contentUrl\":\"https:\\\/\\\/stgbc.bcweededible.net\\\/wp-content\\\/uploads\\\/2024\\\/01\\\/blueberry-kush-Popcorn.jpg\",\"width\":1000,\"height\":1000,\"caption\":\"blueberry kush popcorn\"},{\"@type\":\"BreadcrumbList\",\"@id\":\"https:\\\/\\\/stgbc.bcweededible.net\\\/fr\\\/buy\\\/gros\\\/pot-gros\\\/blueberry-kush-smalls-69oz\\\/#breadcrumb\",\"itemListElement\":[{\"@type\":\"ListItem\",\"position\":1,\"name\":\"Jujubes au Pot Canada\",\"item\":\"https:\\\/\\\/stgbc.bcweededible.net\\\/fr\\\/shop\\\/\"},{\"@type\":\"ListItem\",\"position\":2,\"name\":\"AAA Mango Cream Smalls ($69oz)\"}]},{\"@type\":\"WebSite\",\"@id\":\"https:\\\/\\\/stgbc.bcweededible.net\\\/fr\\\/#website\",\"url\":\"https:\\\/\\\/stgbc.bcweededible.net\\\/fr\\\/\",\"name\":\"BC Weed Edible\",\"description\":\"\",\"publisher\":{\"@id\":\"https:\\\/\\\/stgbc.bcweededible.net\\\/fr\\\/#organization\"},\"potentialAction\":[{\"@type\":\"SearchAction\",\"target\":{\"@type\":\"EntryPoint\",\"urlTemplate\":\"https:\\\/\\\/stgbc.bcweededible.net\\\/fr\\\/?s={search_term_string}\"},\"query-input\":{\"@type\":\"PropertyValueSpecification\",\"valueRequired\":true,\"valueName\":\"search_term_string\"}}],\"inLanguage\":\"fr-FR\"},{\"@type\":\"Organization\",\"@id\":\"https:\\\/\\\/stgbc.bcweededible.net\\\/fr\\\/#organization\",\"name\":\"BC Weed Edible\",\"url\":\"https:\\\/\\\/stgbc.bcweededible.net\\\/fr\\\/\",\"logo\":{\"@type\":\"ImageObject\",\"inLanguage\":\"fr-FR\",\"@id\":\"https:\\\/\\\/stgbc.bcweededible.net\\\/fr\\\/#\\\/schema\\\/logo\\\/image\\\/\",\"url\":\"https:\\\/\\\/stgbc.bcweededible.net\\\/wp-content\\\/uploads\\\/2021\\\/12\\\/bc-weed-edible-canada.png\",\"contentUrl\":\"https:\\\/\\\/stgbc.bcweededible.net\\\/wp-content\\\/uploads\\\/2021\\\/12\\\/bc-weed-edible-canada.png\",\"width\":270,\"height\":185,\"caption\":\"BC Weed Edible\"},\"image\":{\"@id\":\"https:\\\/\\\/stgbc.bcweededible.net\\\/fr\\\/#\\\/schema\\\/logo\\\/image\\\/\"}}]}<\/script>\n","yoast_head_json":{"title":"Acheter AAA Mango Cream Smalls ($69oz) en Ligne Canada | BC Weed Edible","robots":{"index":"index","follow":"follow","max-snippet":"max-snippet:-1","max-image-preview":"max-image-preview:large","max-video-preview":"max-video-preview:-1"},"canonical":"https:\/\/stgbc.bcweededible.net\/fr\/buy\/gros\/pot-gros\/blueberry-kush-smalls-69oz\/","og_locale":"fr_FR","og_type":"article","og_title":"Acheter AAA Mango Cream Smalls ($69oz) en Ligne Canada | BC Weed Edible","og_description":"D\u00e9couvrez la douceur tropicale de Mango Cream avec ces petites t\u00eates, aussi appel\u00e9es \"smalls\" ou \"popcorn buds\". Ces bourgeons plus petits offrent la m\u00eame exp\u00e9rience puissante \u00e0 dominance indica que les fleurs de taille normale, d\u00e9bordant de saveurs cr\u00e9meuses de mangue avec des notes sucr\u00e9es et terreuses. R\u00e9put\u00e9e pour ses effets apaisants, la Mango Cream procure un high relaxant, id\u00e9al pour se d\u00e9tendre sans se ruiner. Profitez d\u2019une qualit\u00e9 premium \u00e0 un excellent rapport qualit\u00e9-prix : ces petites t\u00eates concentrent toute la puissance et la saveur attendues\u2014dans un format plus compact.","og_url":"https:\/\/stgbc.bcweededible.net\/fr\/buy\/gros\/pot-gros\/blueberry-kush-smalls-69oz\/","og_site_name":"BC Weed Edible","article_modified_time":"2026-02-24T17:24:16+00:00","og_image":[{"width":1000,"height":1000,"url":"https:\/\/stgbc.bcweededible.net\/wp-content\/uploads\/2024\/01\/blueberry-kush-Popcorn.jpg","type":"image\/jpeg"}],"twitter_card":"summary_large_image","schema":{"@context":"https:\/\/schema.org","@graph":[{"@type":"WebPage","@id":"https:\/\/stgbc.bcweededible.net\/fr\/buy\/gros\/pot-gros\/blueberry-kush-smalls-69oz\/","url":"https:\/\/stgbc.bcweededible.net\/fr\/buy\/gros\/pot-gros\/blueberry-kush-smalls-69oz\/","name":"Acheter AAA Mango Cream Smalls ($69oz) en Ligne Canada | BC Weed Edible","isPartOf":{"@id":"https:\/\/stgbc.bcweededible.net\/fr\/#website"},"primaryImageOfPage":{"@id":"https:\/\/stgbc.bcweededible.net\/fr\/buy\/gros\/pot-gros\/blueberry-kush-smalls-69oz\/#primaryimage"},"image":{"@id":"https:\/\/stgbc.bcweededible.net\/fr\/buy\/gros\/pot-gros\/blueberry-kush-smalls-69oz\/#primaryimage"},"thumbnailUrl":"https:\/\/stgbc.bcweededible.net\/wp-content\/uploads\/2024\/01\/blueberry-kush-Popcorn.jpg","datePublished":"2024-01-03T00:19:38+00:00","dateModified":"2026-02-24T17:24:16+00:00","breadcrumb":{"@id":"https:\/\/stgbc.bcweededible.net\/fr\/buy\/gros\/pot-gros\/blueberry-kush-smalls-69oz\/#breadcrumb"},"inLanguage":"fr-FR","potentialAction":[{"@type":"ReadAction","target":["https:\/\/stgbc.bcweededible.net\/fr\/buy\/gros\/pot-gros\/blueberry-kush-smalls-69oz\/"]}]},{"@type":"ImageObject","inLanguage":"fr-FR","@id":"https:\/\/stgbc.bcweededible.net\/fr\/buy\/gros\/pot-gros\/blueberry-kush-smalls-69oz\/#primaryimage","url":"https:\/\/stgbc.bcweededible.net\/wp-content\/uploads\/2024\/01\/blueberry-kush-Popcorn.jpg","contentUrl":"https:\/\/stgbc.bcweededible.net\/wp-content\/uploads\/2024\/01\/blueberry-kush-Popcorn.jpg","width":1000,"height":1000,"caption":"blueberry kush popcorn"},{"@type":"BreadcrumbList","@id":"https:\/\/stgbc.bcweededible.net\/fr\/buy\/gros\/pot-gros\/blueberry-kush-smalls-69oz\/#breadcrumb","itemListElement":[{"@type":"ListItem","position":1,"name":"Jujubes au Pot Canada","item":"https:\/\/stgbc.bcweededible.net\/fr\/shop\/"},{"@type":"ListItem","position":2,"name":"AAA Mango Cream Smalls ($69oz)"}]},{"@type":"WebSite","@id":"https:\/\/stgbc.bcweededible.net\/fr\/#website","url":"https:\/\/stgbc.bcweededible.net\/fr\/","name":"BC Weed Edible","description":"","publisher":{"@id":"https:\/\/stgbc.bcweededible.net\/fr\/#organization"},"potentialAction":[{"@type":"SearchAction","target":{"@type":"EntryPoint","urlTemplate":"https:\/\/stgbc.bcweededible.net\/fr\/?s={search_term_string}"},"query-input":{"@type":"PropertyValueSpecification","valueRequired":true,"valueName":"search_term_string"}}],"inLanguage":"fr-FR"},{"@type":"Organization","@id":"https:\/\/stgbc.bcweededible.net\/fr\/#organization","name":"BC Weed Edible","url":"https:\/\/stgbc.bcweededible.net\/fr\/","logo":{"@type":"ImageObject","inLanguage":"fr-FR","@id":"https:\/\/stgbc.bcweededible.net\/fr\/#\/schema\/logo\/image\/","url":"https:\/\/stgbc.bcweededible.net\/wp-content\/uploads\/2021\/12\/bc-weed-edible-canada.png","contentUrl":"https:\/\/stgbc.bcweededible.net\/wp-content\/uploads\/2021\/12\/bc-weed-edible-canada.png","width":270,"height":185,"caption":"BC Weed Edible"},"image":{"@id":"https:\/\/stgbc.bcweededible.net\/fr\/#\/schema\/logo\/image\/"}}]}},"_links":{"self":[{"href":"https:\/\/stgbc.bcweededible.net\/fr\/wp-json\/wp\/v2\/product\/66396","targetHints":{"allow":["GET"]}}],"collection":[{"href":"https:\/\/stgbc.bcweededible.net\/fr\/wp-json\/wp\/v2\/product"}],"about":[{"href":"https:\/\/stgbc.bcweededible.net\/fr\/wp-json\/wp\/v2\/types\/product"}],"replies":[{"embeddable":true,"href":"https:\/\/stgbc.bcweededible.net\/fr\/wp-json\/wp\/v2\/comments?post=66396"}],"wp:featuredmedia":[{"embeddable":true,"href":"https:\/\/stgbc.bcweededible.net\/fr\/wp-json\/wp\/v2\/media\/63787"}],"wp:attachment":[{"href":"https:\/\/stgbc.bcweededible.net\/fr\/wp-json\/wp\/v2\/media?parent=66396"}],"wp:term":[{"taxonomy":"product_brand","embeddable":true,"href":"https:\/\/stgbc.bcweededible.net\/fr\/wp-json\/wp\/v2\/product_brand?post=66396"},{"taxonomy":"product_cat","embeddable":true,"href":"https:\/\/stgbc.bcweededible.net\/fr\/wp-json\/wp\/v2\/product_cat?post=66396"},{"taxonomy":"product_tag","embeddable":true,"href":"https:\/\/stgbc.bcweededible.net\/fr\/wp-json\/wp\/v2\/product_tag?post=66396"}],"curies":[{"name":"wp","href":"https:\/\/api.w.org\/{rel}","templated":true}]}}