{"id":49131,"date":"2023-09-18T13:29:47","date_gmt":"2023-11-07T19:35:56","guid":{"rendered":"https:\/\/bcweededible.net\/buy\/non%20class\u00e9\/teinture-de-thc-2000mg-bouteille-de-30-ml\/"},"modified":"2026-03-29T09:09:04","modified_gmt":"2026-03-29T16:09:04","slug":"thc-tincture-2000mg-30-ml-bottle","status":"publish","type":"product","link":"https:\/\/stgbc.bcweededible.net\/fr\/buy\/comestibles\/1000mg-edible\/thc-tincture-2000mg-30-ml-bottle\/","title":{"rendered":"Teinture de THC 2000mg (30 ml)"},"content":{"rendered":"","protected":false},"excerpt":{"rendered":"<p>Voici nos extraordinaires<strong> teintures de THC \u00e0 2000 mg,<\/strong> fabriqu\u00e9es avec expertise \u00e0 partir du meilleur <strong>distillat de THC<\/strong> disponible au Canada, avec une teneur impressionnante en THC <strong>d\u00e9passant les 90 %<\/strong>. Chaque<strong> flacon de 30 ml<\/strong> est g\u00e9n\u00e9reusement rempli d&#8217;<strong> huile de THC<\/strong> puissante, d\u00e9livrant <strong>66,6 mg de THC<\/strong> dans chaque compte-gouttes plein <strong>(1ml)<\/strong>.<\/p>\n<p>Ces gouttes peuvent \u00eatre plac\u00e9es sous la langue ou m\u00e9lang\u00e9es \u00e0 vos<strong> aliments<\/strong> ou boissons<strong>\u00a0pr\u00e9f\u00e9r\u00e9s<\/strong>. Consultez notre <a href=\"http:\/\/bcweededible.net\/edible-dosage-chart-by-weight\/\">tableau des doses comestibles<\/a> si vous n&#8217;\u00eates pas s\u00fbr de la quantit\u00e9 de THC dont vous avez besoin.<\/p>\n<p><strong>Ingr\u00e9dients :<\/strong> Huile MCT biologique, 90+% de THC extrait de premi\u00e8re qualit\u00e9, terp\u00e8nes naturels.<\/p>\n","protected":false},"featured_media":68914,"comment_status":"open","ping_status":"closed","template":"","meta":[],"product_brand":[],"product_cat":[207,244,246,278,330,280],"product_tag":[],"class_list":{"0":"post-49131","1":"product","2":"type-product","3":"status-publish","4":"has-post-thumbnail","6":"product_cat-1000mg-edible","7":"product_cat-comestibles","8":"product_cat-pas-cher","9":"product_cat-puissant","10":"product_cat-teintures-thc-cbd","11":"product_cat-vegan-fr","13":"first","14":"instock","15":"shipping-taxable","16":"purchasable","17":"product-type-variable","18":"has-default-attributes"},"yoast_head":"\n<title>Acheter de la teinture de THC Canada | 2000mg THC Tincture Online | BC Weed Edible.<\/title>\n<meta name=\"robots\" content=\"index, follow, max-snippet:-1, max-image-preview:large, max-video-preview:-1\" \/>\n<link rel=\"canonical\" href=\"https:\/\/stgbc.bcweededible.net\/fr\/buy\/comestibles\/1000mg-edible\/thc-tincture-2000mg-30-ml-bottle\/\" \/>\n<meta property=\"og:locale\" content=\"fr_FR\" \/>\n<meta property=\"og:type\" content=\"article\" \/>\n<meta property=\"og:title\" content=\"Acheter de la teinture de THC Canada | 2000mg THC Tincture Online | BC Weed Edible.\" \/>\n<meta property=\"og:description\" content=\"Voici nos extraordinaires teintures de THC \u00e0 2000 mg, fabriqu\u00e9es avec expertise \u00e0 partir du meilleur distillat de THC disponible au Canada, avec une teneur impressionnante en THC d\u00e9passant les 90 %. Chaque flacon de 30 ml est g\u00e9n\u00e9reusement rempli d&#039; huile de THC puissante, d\u00e9livrant 66,6 mg de THC dans chaque compte-gouttes plein (1ml). Ces gouttes peuvent \u00eatre plac\u00e9es sous la langue ou m\u00e9lang\u00e9es \u00e0 vos aliments ou boissons\u00a0pr\u00e9f\u00e9r\u00e9s. Consultez notre tableau des doses comestibles si vous n&#039;\u00eates pas s\u00fbr de la quantit\u00e9 de THC dont vous avez besoin. Ingr\u00e9dients : Huile MCT biologique, 90+% de THC extrait de premi\u00e8re qualit\u00e9, terp\u00e8nes naturels.\" \/>\n<meta property=\"og:url\" content=\"https:\/\/stgbc.bcweededible.net\/fr\/buy\/comestibles\/1000mg-edible\/thc-tincture-2000mg-30-ml-bottle\/\" \/>\n<meta property=\"og:site_name\" content=\"BC Weed Edible\" \/>\n<meta property=\"article:modified_time\" content=\"2026-03-29T16:09:04+00:00\" \/>\n<meta property=\"og:image\" content=\"https:\/\/stgbc.bcweededible.net\/wp-content\/uploads\/2022\/03\/THC-Indica-Bottle-Yellow.jpg\" \/>\n\t<meta property=\"og:image:width\" content=\"1080\" \/>\n\t<meta property=\"og:image:height\" content=\"1080\" \/>\n\t<meta property=\"og:image:type\" content=\"image\/jpeg\" \/>\n<meta name=\"twitter:card\" content=\"summary_large_image\" \/>\n<script type=\"application\/ld+json\" class=\"yoast-schema-graph\">{\"@context\":\"https:\\\/\\\/schema.org\",\"@graph\":[{\"@type\":\"WebPage\",\"@id\":\"https:\\\/\\\/stgbc.bcweededible.net\\\/fr\\\/buy\\\/comestibles\\\/1000mg-edible\\\/thc-tincture-2000mg-30-ml-bottle\\\/\",\"url\":\"https:\\\/\\\/stgbc.bcweededible.net\\\/fr\\\/buy\\\/comestibles\\\/1000mg-edible\\\/thc-tincture-2000mg-30-ml-bottle\\\/\",\"name\":\"Acheter de la teinture de THC Canada | 2000mg THC Tincture Online | BC Weed Edible.\",\"isPartOf\":{\"@id\":\"https:\\\/\\\/stgbc.bcweededible.net\\\/fr\\\/#website\"},\"primaryImageOfPage\":{\"@id\":\"https:\\\/\\\/stgbc.bcweededible.net\\\/fr\\\/buy\\\/comestibles\\\/1000mg-edible\\\/thc-tincture-2000mg-30-ml-bottle\\\/#primaryimage\"},\"image\":{\"@id\":\"https:\\\/\\\/stgbc.bcweededible.net\\\/fr\\\/buy\\\/comestibles\\\/1000mg-edible\\\/thc-tincture-2000mg-30-ml-bottle\\\/#primaryimage\"},\"thumbnailUrl\":\"https:\\\/\\\/stgbc.bcweededible.net\\\/wp-content\\\/uploads\\\/2022\\\/03\\\/THC-Indica-Bottle-Yellow.jpg\",\"datePublished\":\"2023-11-07T19:35:56+00:00\",\"dateModified\":\"2026-03-29T16:09:04+00:00\",\"breadcrumb\":{\"@id\":\"https:\\\/\\\/stgbc.bcweededible.net\\\/fr\\\/buy\\\/comestibles\\\/1000mg-edible\\\/thc-tincture-2000mg-30-ml-bottle\\\/#breadcrumb\"},\"inLanguage\":\"fr-FR\",\"potentialAction\":[{\"@type\":\"ReadAction\",\"target\":[\"https:\\\/\\\/stgbc.bcweededible.net\\\/fr\\\/buy\\\/comestibles\\\/1000mg-edible\\\/thc-tincture-2000mg-30-ml-bottle\\\/\"]}]},{\"@type\":\"ImageObject\",\"inLanguage\":\"fr-FR\",\"@id\":\"https:\\\/\\\/stgbc.bcweededible.net\\\/fr\\\/buy\\\/comestibles\\\/1000mg-edible\\\/thc-tincture-2000mg-30-ml-bottle\\\/#primaryimage\",\"url\":\"https:\\\/\\\/stgbc.bcweededible.net\\\/wp-content\\\/uploads\\\/2022\\\/03\\\/THC-Indica-Bottle-Yellow.jpg\",\"contentUrl\":\"https:\\\/\\\/stgbc.bcweededible.net\\\/wp-content\\\/uploads\\\/2022\\\/03\\\/THC-Indica-Bottle-Yellow.jpg\",\"width\":1080,\"height\":1080,\"caption\":\"thc tincture yellow\"},{\"@type\":\"BreadcrumbList\",\"@id\":\"https:\\\/\\\/stgbc.bcweededible.net\\\/fr\\\/buy\\\/comestibles\\\/1000mg-edible\\\/thc-tincture-2000mg-30-ml-bottle\\\/#breadcrumb\",\"itemListElement\":[{\"@type\":\"ListItem\",\"position\":1,\"name\":\"Jujubes au Pot Canada\",\"item\":\"https:\\\/\\\/stgbc.bcweededible.net\\\/fr\\\/shop\\\/\"},{\"@type\":\"ListItem\",\"position\":2,\"name\":\"Teinture de THC 2000mg (30 ml)\"}]},{\"@type\":\"WebSite\",\"@id\":\"https:\\\/\\\/stgbc.bcweededible.net\\\/fr\\\/#website\",\"url\":\"https:\\\/\\\/stgbc.bcweededible.net\\\/fr\\\/\",\"name\":\"BC Weed Edible\",\"description\":\"\",\"publisher\":{\"@id\":\"https:\\\/\\\/stgbc.bcweededible.net\\\/fr\\\/#organization\"},\"potentialAction\":[{\"@type\":\"SearchAction\",\"target\":{\"@type\":\"EntryPoint\",\"urlTemplate\":\"https:\\\/\\\/stgbc.bcweededible.net\\\/fr\\\/?s={search_term_string}\"},\"query-input\":{\"@type\":\"PropertyValueSpecification\",\"valueRequired\":true,\"valueName\":\"search_term_string\"}}],\"inLanguage\":\"fr-FR\"},{\"@type\":\"Organization\",\"@id\":\"https:\\\/\\\/stgbc.bcweededible.net\\\/fr\\\/#organization\",\"name\":\"BC Weed Edible\",\"url\":\"https:\\\/\\\/stgbc.bcweededible.net\\\/fr\\\/\",\"logo\":{\"@type\":\"ImageObject\",\"inLanguage\":\"fr-FR\",\"@id\":\"https:\\\/\\\/stgbc.bcweededible.net\\\/fr\\\/#\\\/schema\\\/logo\\\/image\\\/\",\"url\":\"https:\\\/\\\/stgbc.bcweededible.net\\\/wp-content\\\/uploads\\\/2021\\\/12\\\/bc-weed-edible-canada.png\",\"contentUrl\":\"https:\\\/\\\/stgbc.bcweededible.net\\\/wp-content\\\/uploads\\\/2021\\\/12\\\/bc-weed-edible-canada.png\",\"width\":270,\"height\":185,\"caption\":\"BC Weed Edible\"},\"image\":{\"@id\":\"https:\\\/\\\/stgbc.bcweededible.net\\\/fr\\\/#\\\/schema\\\/logo\\\/image\\\/\"}}]}<\/script>\n","yoast_head_json":{"title":"Acheter de la teinture de THC Canada | 2000mg THC Tincture Online | BC Weed Edible.","robots":{"index":"index","follow":"follow","max-snippet":"max-snippet:-1","max-image-preview":"max-image-preview:large","max-video-preview":"max-video-preview:-1"},"canonical":"https:\/\/stgbc.bcweededible.net\/fr\/buy\/comestibles\/1000mg-edible\/thc-tincture-2000mg-30-ml-bottle\/","og_locale":"fr_FR","og_type":"article","og_title":"Acheter de la teinture de THC Canada | 2000mg THC Tincture Online | BC Weed Edible.","og_description":"Voici nos extraordinaires teintures de THC \u00e0 2000 mg, fabriqu\u00e9es avec expertise \u00e0 partir du meilleur distillat de THC disponible au Canada, avec une teneur impressionnante en THC d\u00e9passant les 90 %. Chaque flacon de 30 ml est g\u00e9n\u00e9reusement rempli d' huile de THC puissante, d\u00e9livrant 66,6 mg de THC dans chaque compte-gouttes plein (1ml). Ces gouttes peuvent \u00eatre plac\u00e9es sous la langue ou m\u00e9lang\u00e9es \u00e0 vos aliments ou boissons\u00a0pr\u00e9f\u00e9r\u00e9s. Consultez notre tableau des doses comestibles si vous n'\u00eates pas s\u00fbr de la quantit\u00e9 de THC dont vous avez besoin. Ingr\u00e9dients : Huile MCT biologique, 90+% de THC extrait de premi\u00e8re qualit\u00e9, terp\u00e8nes naturels.","og_url":"https:\/\/stgbc.bcweededible.net\/fr\/buy\/comestibles\/1000mg-edible\/thc-tincture-2000mg-30-ml-bottle\/","og_site_name":"BC Weed Edible","article_modified_time":"2026-03-29T16:09:04+00:00","og_image":[{"width":1080,"height":1080,"url":"https:\/\/stgbc.bcweededible.net\/wp-content\/uploads\/2022\/03\/THC-Indica-Bottle-Yellow.jpg","type":"image\/jpeg"}],"twitter_card":"summary_large_image","schema":{"@context":"https:\/\/schema.org","@graph":[{"@type":"WebPage","@id":"https:\/\/stgbc.bcweededible.net\/fr\/buy\/comestibles\/1000mg-edible\/thc-tincture-2000mg-30-ml-bottle\/","url":"https:\/\/stgbc.bcweededible.net\/fr\/buy\/comestibles\/1000mg-edible\/thc-tincture-2000mg-30-ml-bottle\/","name":"Acheter de la teinture de THC Canada | 2000mg THC Tincture Online | BC Weed Edible.","isPartOf":{"@id":"https:\/\/stgbc.bcweededible.net\/fr\/#website"},"primaryImageOfPage":{"@id":"https:\/\/stgbc.bcweededible.net\/fr\/buy\/comestibles\/1000mg-edible\/thc-tincture-2000mg-30-ml-bottle\/#primaryimage"},"image":{"@id":"https:\/\/stgbc.bcweededible.net\/fr\/buy\/comestibles\/1000mg-edible\/thc-tincture-2000mg-30-ml-bottle\/#primaryimage"},"thumbnailUrl":"https:\/\/stgbc.bcweededible.net\/wp-content\/uploads\/2022\/03\/THC-Indica-Bottle-Yellow.jpg","datePublished":"2023-11-07T19:35:56+00:00","dateModified":"2026-03-29T16:09:04+00:00","breadcrumb":{"@id":"https:\/\/stgbc.bcweededible.net\/fr\/buy\/comestibles\/1000mg-edible\/thc-tincture-2000mg-30-ml-bottle\/#breadcrumb"},"inLanguage":"fr-FR","potentialAction":[{"@type":"ReadAction","target":["https:\/\/stgbc.bcweededible.net\/fr\/buy\/comestibles\/1000mg-edible\/thc-tincture-2000mg-30-ml-bottle\/"]}]},{"@type":"ImageObject","inLanguage":"fr-FR","@id":"https:\/\/stgbc.bcweededible.net\/fr\/buy\/comestibles\/1000mg-edible\/thc-tincture-2000mg-30-ml-bottle\/#primaryimage","url":"https:\/\/stgbc.bcweededible.net\/wp-content\/uploads\/2022\/03\/THC-Indica-Bottle-Yellow.jpg","contentUrl":"https:\/\/stgbc.bcweededible.net\/wp-content\/uploads\/2022\/03\/THC-Indica-Bottle-Yellow.jpg","width":1080,"height":1080,"caption":"thc tincture yellow"},{"@type":"BreadcrumbList","@id":"https:\/\/stgbc.bcweededible.net\/fr\/buy\/comestibles\/1000mg-edible\/thc-tincture-2000mg-30-ml-bottle\/#breadcrumb","itemListElement":[{"@type":"ListItem","position":1,"name":"Jujubes au Pot Canada","item":"https:\/\/stgbc.bcweededible.net\/fr\/shop\/"},{"@type":"ListItem","position":2,"name":"Teinture de THC 2000mg (30 ml)"}]},{"@type":"WebSite","@id":"https:\/\/stgbc.bcweededible.net\/fr\/#website","url":"https:\/\/stgbc.bcweededible.net\/fr\/","name":"BC Weed Edible","description":"","publisher":{"@id":"https:\/\/stgbc.bcweededible.net\/fr\/#organization"},"potentialAction":[{"@type":"SearchAction","target":{"@type":"EntryPoint","urlTemplate":"https:\/\/stgbc.bcweededible.net\/fr\/?s={search_term_string}"},"query-input":{"@type":"PropertyValueSpecification","valueRequired":true,"valueName":"search_term_string"}}],"inLanguage":"fr-FR"},{"@type":"Organization","@id":"https:\/\/stgbc.bcweededible.net\/fr\/#organization","name":"BC Weed Edible","url":"https:\/\/stgbc.bcweededible.net\/fr\/","logo":{"@type":"ImageObject","inLanguage":"fr-FR","@id":"https:\/\/stgbc.bcweededible.net\/fr\/#\/schema\/logo\/image\/","url":"https:\/\/stgbc.bcweededible.net\/wp-content\/uploads\/2021\/12\/bc-weed-edible-canada.png","contentUrl":"https:\/\/stgbc.bcweededible.net\/wp-content\/uploads\/2021\/12\/bc-weed-edible-canada.png","width":270,"height":185,"caption":"BC Weed Edible"},"image":{"@id":"https:\/\/stgbc.bcweededible.net\/fr\/#\/schema\/logo\/image\/"}}]}},"_links":{"self":[{"href":"https:\/\/stgbc.bcweededible.net\/fr\/wp-json\/wp\/v2\/product\/49131","targetHints":{"allow":["GET"]}}],"collection":[{"href":"https:\/\/stgbc.bcweededible.net\/fr\/wp-json\/wp\/v2\/product"}],"about":[{"href":"https:\/\/stgbc.bcweededible.net\/fr\/wp-json\/wp\/v2\/types\/product"}],"replies":[{"embeddable":true,"href":"https:\/\/stgbc.bcweededible.net\/fr\/wp-json\/wp\/v2\/comments?post=49131"}],"wp:featuredmedia":[{"embeddable":true,"href":"https:\/\/stgbc.bcweededible.net\/fr\/wp-json\/wp\/v2\/media\/68914"}],"wp:attachment":[{"href":"https:\/\/stgbc.bcweededible.net\/fr\/wp-json\/wp\/v2\/media?parent=49131"}],"wp:term":[{"taxonomy":"product_brand","embeddable":true,"href":"https:\/\/stgbc.bcweededible.net\/fr\/wp-json\/wp\/v2\/product_brand?post=49131"},{"taxonomy":"product_cat","embeddable":true,"href":"https:\/\/stgbc.bcweededible.net\/fr\/wp-json\/wp\/v2\/product_cat?post=49131"},{"taxonomy":"product_tag","embeddable":true,"href":"https:\/\/stgbc.bcweededible.net\/fr\/wp-json\/wp\/v2\/product_tag?post=49131"}],"curies":[{"name":"wp","href":"https:\/\/api.w.org\/{rel}","templated":true}]}}