{"id":49130,"date":"2023-11-06T11:59:16","date_gmt":"2023-11-06T19:59:16","guid":{"rendered":"https:\/\/bcweededible.net\/buy\/non%20class\u00e9\/popcorn-aa-49oz\/"},"modified":"2026-03-18T15:27:36","modified_gmt":"2026-03-18T22:27:36","slug":"aa-popcorn","status":"publish","type":"product","link":"https:\/\/stgbc.bcweededible.net\/fr\/buy\/fleurs-cannabis\/99-oz-fr\/aa-popcorn\/","title":{"rendered":"Popcorn AA (49oz)"},"content":{"rendered":"<h1 class=\"text-2xl font-bold\">Acheter du cannabis Popcorn AA au Canada<\/h1>\n<p class=\"my-0.5\">Cette vari\u00e9t\u00e9 est connue pour son profil de terp\u00e8nes unique qui comprend des notes de cardamome, de fenouil, de gingembre et de poivre. Vous pouvez trouver cette vari\u00e9t\u00e9 en ligne chez BC Weed Edible, les prix varient de 49 $ l&#8217;once \u00e0 des prix en vrac.<\/p>\n<h1 class=\"text-2xl font-bold\">Qu&#8217;est-ce que c&#8217;est le cannabis Popcorn AA?<\/h1>\n<p class=\"my-0.5\">Le popcorn est un type de fleur de cannabis connu pour sa couleur vert clair et ses fleurs recouvertes de trichomes. Il s&#8217;agit d&#8217;une vari\u00e9t\u00e9 hybride avec un \u00e9quilibre entre l&#8217;indica et la sativa, ce qui lui conf\u00e8re un large \u00e9ventail de bienfaits. L&#8217;ar\u00f4me et la saveur sont d\u00e9crits comme \u00e9tant sucr\u00e9s, fruit\u00e9s et terreux. Les effets se font sentir presque imm\u00e9diatement apr\u00e8s sa consommation. Les utilisateurs d\u00e9clarent<strong> se sentir d\u00e9tendus, heureux et stimul\u00e9s<\/strong>.\u00a0En outre, cette vari\u00e9t\u00e9 peut aider \u00e0 am\u00e9liorer la concentration et la cr\u00e9ativit\u00e9 tout en procurant un sentiment g\u00e9n\u00e9ral de bien-\u00eatre. Dans l&#8217;ensemble, Popcorn AA est un excellent choix pour les consommateurs de cannabis exp\u00e9riment\u00e9s \u00e0 la recherche d&#8217;un effet fort et \u00e9quilibr\u00e9 qui procure \u00e0 la fois clart\u00e9 mentale et relaxation physique.<\/p>\n<h1 class=\"text-2xl font-bold\">Comment consommer ce produit?<\/h1>\n<p class=\"my-0.5\">Il existe plusieurs fa\u00e7ons de consommer le popcorn AA (49oz). Voici quelques id\u00e9es :<\/p>\n<ul>\n<li><strong>Fumer :<\/strong> Vous pouvez fumer ce type de fleur de cannabis \u00e0 l&#8217;aide d&#8217;une pipe ou d&#8217;un bong.<\/li>\n<li><strong>Le vapoter :<\/strong> Vous pouvez \u00e9galement vapoter ce type de fleur de cannabis \u00e0 l&#8217;aide d&#8217;un vape.<\/li>\n<li><strong>Le manger :<\/strong> Vous pouvez \u00e9galement consommer ce type de fleur de cannabis en l&#8217;ajoutant \u00e0 votre nourriture ou \u00e0 vos boissons.<\/li>\n<li><strong>Pr\u00e9parer des comestibles :<\/strong> Vous pouvez \u00e9galement pr\u00e9parer des comestibles avec ce type de fleur de cannabis en l&#8217;infusant dans du beurre ou de l&#8217;huile.<\/li>\n<li><strong>Faire des concentr\u00e9s :<\/strong> Vous pouvez \u00e9galement pr\u00e9parer des concentr\u00e9s avec ce type de fleur de cannabis en extrayant les cannabino\u00efdes \u00e0 l&#8217;aide de solvants tels que le butane ou le CO2.<\/li>\n<\/ul>\n<h1 class=\"text-2xl font-bold\">Quels sont les effets du pop-corn AA ?<\/h1>\n<p class=\"my-0.5\">Les effets du Popcorn AA+ varient en fonction de la vari\u00e9t\u00e9 et de la quantit\u00e9 consomm\u00e9e. D&#8217;une mani\u00e8re g\u00e9n\u00e9rale, la consommation de ce type de fleur de cannabis peut produire des<strong> sentiments de relaxation, d&#8217;euphorie, de cr\u00e9ativit\u00e9 et de concentration accrue<\/strong>. Comme toujours, commencez doucement lorsque vous essayez un nouveau produit et n&#8217;oubliez pas de consulter votre m\u00e9decin si vous avez des questions ou des inqui\u00e9tudes concernant l&#8217;utilisation de produits \u00e0 base de marijuana.<\/p>\n<h2>Quelle est la dur\u00e9e des effets du pop-corn AA ?<\/h2>\n<p>La dur\u00e9e des effets du Popcorn AA d\u00e9pend de plusieurs facteurs, dont le niveau de tol\u00e9rance de l&#8217;utilisateur et la quantit\u00e9 consomm\u00e9e. D&#8217;une mani\u00e8re g\u00e9n\u00e9rale, les utilisateurs peuvent s&#8217;attendre \u00e0 ressentir les effets jusqu&#8217;\u00e0 quatre heures apr\u00e8s la consommation. L&#8217;apparition initiale des effets se produit g\u00e9n\u00e9ralement dans les 10 \u00e0 30 minutes suivant l&#8217;ingestion et atteint son maximum environ une heure plus tard. Pendant cette p\u00e9riode, les utilisateurs peuvent ressentir une intense sensation de relaxation ou d&#8217;euphorie qui s&#8217;estompe lentement au cours de plusieurs heures.<\/p>\n<p>&nbsp;<\/p>\n","protected":false},"excerpt":{"rendered":"<p><strong>Popcorn AA <\/strong>provient de notre<strong> White Tahoe Cookie.<\/strong> Les fleurs sont joliment recouvertes de trichomes et ont une couleur vert clair. Connue pour son profil de terp\u00e8nes \u00e9pic\u00e9, cette vari\u00e9t\u00e9 sent la cardamome, le fenouil, le gingembre et le poivre. Cette collection d&#8217;ar\u00f4mes et le pourcentage de THC naturellement \u00e9lev\u00e9 de la vari\u00e9t\u00e9 en font un choix populaire.<\/p>\n<p><strong>Ce sont de petites fleurs \u00e0 un prix r\u00e9duit. Qualit\u00e9 incroyable pour le prix! <\/strong><\/p>\n<h2 class=\"product_title entry-title wd-entities-title\">Informations sur Popcorn AA<\/h2>\n<ul>\n<li><strong>Vari\u00e9t\u00e9 : <\/strong> White Tahoe Cookie<\/li>\n<li><strong>Apparence :<\/strong> Petites p\u00e9pites en forme de pop-corn<\/li>\n<li><strong>Texture :<\/strong> L\u00e9g\u00e8rement dense et collante<\/li>\n<li><strong>Ar\u00f4me :<\/strong> fort et puissant avec des notes terreuses et fruit\u00e9es.<\/li>\n<li><strong>Saveur :<\/strong> Terreux et l\u00e9g\u00e8rement sucr\u00e9<\/li>\n<li><strong>Effets :<\/strong> Euphorique, heureux, d\u00e9tendu et relaxant<\/li>\n<li><strong>M\u00e9thodes de consommation :<\/strong> Peut \u00eatre fum\u00e9, vaporis\u00e9 ou utilis\u00e9 dans des comestibles ou des teintures.<\/li>\n<\/ul>\n","protected":false},"featured_media":16039,"comment_status":"open","ping_status":"closed","template":"","meta":[],"product_brand":[],"product_cat":[290,245,293,294,289,292,719],"product_tag":[],"class_list":{"0":"post-49130","1":"product","2":"type-product","3":"status-publish","4":"has-post-thumbnail","6":"product_cat-aaa","7":"product_cat-fleurs-cannabis","8":"product_cat-hybrid-fr","9":"product_cat-indica-fr","10":"product_cat-99-oz-fr","11":"product_cat-ounces-pas-cher","12":"product_cat-popcorn-smalls-fr","14":"first","15":"instock","16":"shipping-taxable","17":"purchasable","18":"product-type-variable","19":"has-default-attributes"},"yoast_head":"\n<title>Acheter 49$\/oz Popcorn Weed &amp; Buds en ligne au Canada | BC Weed Edible.<\/title>\n<meta name=\"robots\" content=\"index, follow, max-snippet:-1, max-image-preview:large, max-video-preview:-1\" \/>\n<link rel=\"canonical\" href=\"https:\/\/stgbc.bcweededible.net\/fr\/buy\/fleurs-cannabis\/99-oz-fr\/aa-popcorn\/\" \/>\n<meta property=\"og:locale\" content=\"fr_FR\" \/>\n<meta property=\"og:type\" content=\"article\" \/>\n<meta property=\"og:title\" content=\"Acheter 49$\/oz Popcorn Weed &amp; Buds en ligne au Canada | BC Weed Edible.\" \/>\n<meta property=\"og:description\" content=\"Popcorn AA provient de notre White Tahoe Cookie. Les fleurs sont joliment recouvertes de trichomes et ont une couleur vert clair. Connue pour son profil de terp\u00e8nes \u00e9pic\u00e9, cette vari\u00e9t\u00e9 sent la cardamome, le fenouil, le gingembre et le poivre. Cette collection d&#039;ar\u00f4mes et le pourcentage de THC naturellement \u00e9lev\u00e9 de la vari\u00e9t\u00e9 en font un choix populaire. Ce sont de petites fleurs \u00e0 un prix r\u00e9duit. Qualit\u00e9 incroyable pour le prix! Informations sur Popcorn AA Vari\u00e9t\u00e9 : White Tahoe Cookie Apparence : Petites p\u00e9pites en forme de pop-corn Texture : L\u00e9g\u00e8rement dense et collante Ar\u00f4me : fort et puissant avec des notes terreuses et fruit\u00e9es. Saveur : Terreux et l\u00e9g\u00e8rement sucr\u00e9 Effets : Euphorique, heureux, d\u00e9tendu et relaxant M\u00e9thodes de consommation : Peut \u00eatre fum\u00e9, vaporis\u00e9 ou utilis\u00e9 dans des comestibles ou des teintures.\" \/>\n<meta property=\"og:url\" content=\"https:\/\/stgbc.bcweededible.net\/fr\/buy\/fleurs-cannabis\/99-oz-fr\/aa-popcorn\/\" \/>\n<meta property=\"og:site_name\" content=\"BC Weed Edible\" \/>\n<meta property=\"article:modified_time\" content=\"2026-03-18T22:27:36+00:00\" \/>\n<meta property=\"og:image\" content=\"https:\/\/stgbc.bcweededible.net\/wp-content\/uploads\/2022\/05\/aaa-popcorn-gas.jpeg\" \/>\n\t<meta property=\"og:image:width\" content=\"1000\" \/>\n\t<meta property=\"og:image:height\" content=\"1000\" \/>\n\t<meta property=\"og:image:type\" content=\"image\/jpeg\" \/>\n<meta name=\"twitter:card\" content=\"summary_large_image\" \/>\n<meta name=\"twitter:label1\" content=\"Dur\u00e9e de lecture estim\u00e9e\" \/>\n\t<meta name=\"twitter:data1\" content=\"3 minutes\" \/>\n<script type=\"application\/ld+json\" class=\"yoast-schema-graph\">{\"@context\":\"https:\\\/\\\/schema.org\",\"@graph\":[{\"@type\":\"WebPage\",\"@id\":\"https:\\\/\\\/stgbc.bcweededible.net\\\/fr\\\/buy\\\/fleurs-cannabis\\\/99-oz-fr\\\/aa-popcorn\\\/\",\"url\":\"https:\\\/\\\/stgbc.bcweededible.net\\\/fr\\\/buy\\\/fleurs-cannabis\\\/99-oz-fr\\\/aa-popcorn\\\/\",\"name\":\"Acheter 49$\\\/oz Popcorn Weed & Buds en ligne au Canada | BC Weed Edible.\",\"isPartOf\":{\"@id\":\"https:\\\/\\\/stgbc.bcweededible.net\\\/fr\\\/#website\"},\"primaryImageOfPage\":{\"@id\":\"https:\\\/\\\/stgbc.bcweededible.net\\\/fr\\\/buy\\\/fleurs-cannabis\\\/99-oz-fr\\\/aa-popcorn\\\/#primaryimage\"},\"image\":{\"@id\":\"https:\\\/\\\/stgbc.bcweededible.net\\\/fr\\\/buy\\\/fleurs-cannabis\\\/99-oz-fr\\\/aa-popcorn\\\/#primaryimage\"},\"thumbnailUrl\":\"https:\\\/\\\/stgbc.bcweededible.net\\\/wp-content\\\/uploads\\\/2022\\\/05\\\/aaa-popcorn-gas.jpeg\",\"datePublished\":\"2023-11-06T19:59:16+00:00\",\"dateModified\":\"2026-03-18T22:27:36+00:00\",\"breadcrumb\":{\"@id\":\"https:\\\/\\\/stgbc.bcweededible.net\\\/fr\\\/buy\\\/fleurs-cannabis\\\/99-oz-fr\\\/aa-popcorn\\\/#breadcrumb\"},\"inLanguage\":\"fr-FR\",\"potentialAction\":[{\"@type\":\"ReadAction\",\"target\":[\"https:\\\/\\\/stgbc.bcweededible.net\\\/fr\\\/buy\\\/fleurs-cannabis\\\/99-oz-fr\\\/aa-popcorn\\\/\"]}]},{\"@type\":\"ImageObject\",\"inLanguage\":\"fr-FR\",\"@id\":\"https:\\\/\\\/stgbc.bcweededible.net\\\/fr\\\/buy\\\/fleurs-cannabis\\\/99-oz-fr\\\/aa-popcorn\\\/#primaryimage\",\"url\":\"https:\\\/\\\/stgbc.bcweededible.net\\\/wp-content\\\/uploads\\\/2022\\\/05\\\/aaa-popcorn-gas.jpeg\",\"contentUrl\":\"https:\\\/\\\/stgbc.bcweededible.net\\\/wp-content\\\/uploads\\\/2022\\\/05\\\/aaa-popcorn-gas.jpeg\",\"width\":1000,\"height\":1000,\"caption\":\"aaa popcorn gas\"},{\"@type\":\"BreadcrumbList\",\"@id\":\"https:\\\/\\\/stgbc.bcweededible.net\\\/fr\\\/buy\\\/fleurs-cannabis\\\/99-oz-fr\\\/aa-popcorn\\\/#breadcrumb\",\"itemListElement\":[{\"@type\":\"ListItem\",\"position\":1,\"name\":\"Jujubes au Pot Canada\",\"item\":\"https:\\\/\\\/stgbc.bcweededible.net\\\/fr\\\/shop\\\/\"},{\"@type\":\"ListItem\",\"position\":2,\"name\":\"Popcorn AA (49oz)\"}]},{\"@type\":\"WebSite\",\"@id\":\"https:\\\/\\\/stgbc.bcweededible.net\\\/fr\\\/#website\",\"url\":\"https:\\\/\\\/stgbc.bcweededible.net\\\/fr\\\/\",\"name\":\"BC Weed Edible\",\"description\":\"\",\"publisher\":{\"@id\":\"https:\\\/\\\/stgbc.bcweededible.net\\\/fr\\\/#organization\"},\"potentialAction\":[{\"@type\":\"SearchAction\",\"target\":{\"@type\":\"EntryPoint\",\"urlTemplate\":\"https:\\\/\\\/stgbc.bcweededible.net\\\/fr\\\/?s={search_term_string}\"},\"query-input\":{\"@type\":\"PropertyValueSpecification\",\"valueRequired\":true,\"valueName\":\"search_term_string\"}}],\"inLanguage\":\"fr-FR\"},{\"@type\":\"Organization\",\"@id\":\"https:\\\/\\\/stgbc.bcweededible.net\\\/fr\\\/#organization\",\"name\":\"BC Weed Edible\",\"url\":\"https:\\\/\\\/stgbc.bcweededible.net\\\/fr\\\/\",\"logo\":{\"@type\":\"ImageObject\",\"inLanguage\":\"fr-FR\",\"@id\":\"https:\\\/\\\/stgbc.bcweededible.net\\\/fr\\\/#\\\/schema\\\/logo\\\/image\\\/\",\"url\":\"https:\\\/\\\/stgbc.bcweededible.net\\\/wp-content\\\/uploads\\\/2021\\\/12\\\/bc-weed-edible-canada.png\",\"contentUrl\":\"https:\\\/\\\/stgbc.bcweededible.net\\\/wp-content\\\/uploads\\\/2021\\\/12\\\/bc-weed-edible-canada.png\",\"width\":270,\"height\":185,\"caption\":\"BC Weed Edible\"},\"image\":{\"@id\":\"https:\\\/\\\/stgbc.bcweededible.net\\\/fr\\\/#\\\/schema\\\/logo\\\/image\\\/\"}}]}<\/script>\n","yoast_head_json":{"title":"Acheter 49$\/oz Popcorn Weed & Buds en ligne au Canada | BC Weed Edible.","robots":{"index":"index","follow":"follow","max-snippet":"max-snippet:-1","max-image-preview":"max-image-preview:large","max-video-preview":"max-video-preview:-1"},"canonical":"https:\/\/stgbc.bcweededible.net\/fr\/buy\/fleurs-cannabis\/99-oz-fr\/aa-popcorn\/","og_locale":"fr_FR","og_type":"article","og_title":"Acheter 49$\/oz Popcorn Weed & Buds en ligne au Canada | BC Weed Edible.","og_description":"Popcorn AA provient de notre White Tahoe Cookie. Les fleurs sont joliment recouvertes de trichomes et ont une couleur vert clair. Connue pour son profil de terp\u00e8nes \u00e9pic\u00e9, cette vari\u00e9t\u00e9 sent la cardamome, le fenouil, le gingembre et le poivre. Cette collection d'ar\u00f4mes et le pourcentage de THC naturellement \u00e9lev\u00e9 de la vari\u00e9t\u00e9 en font un choix populaire. Ce sont de petites fleurs \u00e0 un prix r\u00e9duit. Qualit\u00e9 incroyable pour le prix! Informations sur Popcorn AA Vari\u00e9t\u00e9 : White Tahoe Cookie Apparence : Petites p\u00e9pites en forme de pop-corn Texture : L\u00e9g\u00e8rement dense et collante Ar\u00f4me : fort et puissant avec des notes terreuses et fruit\u00e9es. Saveur : Terreux et l\u00e9g\u00e8rement sucr\u00e9 Effets : Euphorique, heureux, d\u00e9tendu et relaxant M\u00e9thodes de consommation : Peut \u00eatre fum\u00e9, vaporis\u00e9 ou utilis\u00e9 dans des comestibles ou des teintures.","og_url":"https:\/\/stgbc.bcweededible.net\/fr\/buy\/fleurs-cannabis\/99-oz-fr\/aa-popcorn\/","og_site_name":"BC Weed Edible","article_modified_time":"2026-03-18T22:27:36+00:00","og_image":[{"width":1000,"height":1000,"url":"https:\/\/stgbc.bcweededible.net\/wp-content\/uploads\/2022\/05\/aaa-popcorn-gas.jpeg","type":"image\/jpeg"}],"twitter_card":"summary_large_image","twitter_misc":{"Dur\u00e9e de lecture estim\u00e9e":"3 minutes"},"schema":{"@context":"https:\/\/schema.org","@graph":[{"@type":"WebPage","@id":"https:\/\/stgbc.bcweededible.net\/fr\/buy\/fleurs-cannabis\/99-oz-fr\/aa-popcorn\/","url":"https:\/\/stgbc.bcweededible.net\/fr\/buy\/fleurs-cannabis\/99-oz-fr\/aa-popcorn\/","name":"Acheter 49$\/oz Popcorn Weed & Buds en ligne au Canada | BC Weed Edible.","isPartOf":{"@id":"https:\/\/stgbc.bcweededible.net\/fr\/#website"},"primaryImageOfPage":{"@id":"https:\/\/stgbc.bcweededible.net\/fr\/buy\/fleurs-cannabis\/99-oz-fr\/aa-popcorn\/#primaryimage"},"image":{"@id":"https:\/\/stgbc.bcweededible.net\/fr\/buy\/fleurs-cannabis\/99-oz-fr\/aa-popcorn\/#primaryimage"},"thumbnailUrl":"https:\/\/stgbc.bcweededible.net\/wp-content\/uploads\/2022\/05\/aaa-popcorn-gas.jpeg","datePublished":"2023-11-06T19:59:16+00:00","dateModified":"2026-03-18T22:27:36+00:00","breadcrumb":{"@id":"https:\/\/stgbc.bcweededible.net\/fr\/buy\/fleurs-cannabis\/99-oz-fr\/aa-popcorn\/#breadcrumb"},"inLanguage":"fr-FR","potentialAction":[{"@type":"ReadAction","target":["https:\/\/stgbc.bcweededible.net\/fr\/buy\/fleurs-cannabis\/99-oz-fr\/aa-popcorn\/"]}]},{"@type":"ImageObject","inLanguage":"fr-FR","@id":"https:\/\/stgbc.bcweededible.net\/fr\/buy\/fleurs-cannabis\/99-oz-fr\/aa-popcorn\/#primaryimage","url":"https:\/\/stgbc.bcweededible.net\/wp-content\/uploads\/2022\/05\/aaa-popcorn-gas.jpeg","contentUrl":"https:\/\/stgbc.bcweededible.net\/wp-content\/uploads\/2022\/05\/aaa-popcorn-gas.jpeg","width":1000,"height":1000,"caption":"aaa popcorn gas"},{"@type":"BreadcrumbList","@id":"https:\/\/stgbc.bcweededible.net\/fr\/buy\/fleurs-cannabis\/99-oz-fr\/aa-popcorn\/#breadcrumb","itemListElement":[{"@type":"ListItem","position":1,"name":"Jujubes au Pot Canada","item":"https:\/\/stgbc.bcweededible.net\/fr\/shop\/"},{"@type":"ListItem","position":2,"name":"Popcorn AA (49oz)"}]},{"@type":"WebSite","@id":"https:\/\/stgbc.bcweededible.net\/fr\/#website","url":"https:\/\/stgbc.bcweededible.net\/fr\/","name":"BC Weed Edible","description":"","publisher":{"@id":"https:\/\/stgbc.bcweededible.net\/fr\/#organization"},"potentialAction":[{"@type":"SearchAction","target":{"@type":"EntryPoint","urlTemplate":"https:\/\/stgbc.bcweededible.net\/fr\/?s={search_term_string}"},"query-input":{"@type":"PropertyValueSpecification","valueRequired":true,"valueName":"search_term_string"}}],"inLanguage":"fr-FR"},{"@type":"Organization","@id":"https:\/\/stgbc.bcweededible.net\/fr\/#organization","name":"BC Weed Edible","url":"https:\/\/stgbc.bcweededible.net\/fr\/","logo":{"@type":"ImageObject","inLanguage":"fr-FR","@id":"https:\/\/stgbc.bcweededible.net\/fr\/#\/schema\/logo\/image\/","url":"https:\/\/stgbc.bcweededible.net\/wp-content\/uploads\/2021\/12\/bc-weed-edible-canada.png","contentUrl":"https:\/\/stgbc.bcweededible.net\/wp-content\/uploads\/2021\/12\/bc-weed-edible-canada.png","width":270,"height":185,"caption":"BC Weed Edible"},"image":{"@id":"https:\/\/stgbc.bcweededible.net\/fr\/#\/schema\/logo\/image\/"}}]}},"_links":{"self":[{"href":"https:\/\/stgbc.bcweededible.net\/fr\/wp-json\/wp\/v2\/product\/49130","targetHints":{"allow":["GET"]}}],"collection":[{"href":"https:\/\/stgbc.bcweededible.net\/fr\/wp-json\/wp\/v2\/product"}],"about":[{"href":"https:\/\/stgbc.bcweededible.net\/fr\/wp-json\/wp\/v2\/types\/product"}],"replies":[{"embeddable":true,"href":"https:\/\/stgbc.bcweededible.net\/fr\/wp-json\/wp\/v2\/comments?post=49130"}],"wp:featuredmedia":[{"embeddable":true,"href":"https:\/\/stgbc.bcweededible.net\/fr\/wp-json\/wp\/v2\/media\/16039"}],"wp:attachment":[{"href":"https:\/\/stgbc.bcweededible.net\/fr\/wp-json\/wp\/v2\/media?parent=49130"}],"wp:term":[{"taxonomy":"product_brand","embeddable":true,"href":"https:\/\/stgbc.bcweededible.net\/fr\/wp-json\/wp\/v2\/product_brand?post=49130"},{"taxonomy":"product_cat","embeddable":true,"href":"https:\/\/stgbc.bcweededible.net\/fr\/wp-json\/wp\/v2\/product_cat?post=49130"},{"taxonomy":"product_tag","embeddable":true,"href":"https:\/\/stgbc.bcweededible.net\/fr\/wp-json\/wp\/v2\/product_tag?post=49130"}],"curies":[{"name":"wp","href":"https:\/\/api.w.org\/{rel}","templated":true}]}}