{"id":49129,"date":"2023-10-26T11:24:07","date_gmt":"2023-11-07T19:26:00","guid":{"rendered":"https:\/\/bcweededible.net\/buy\/non%20class\u00e9\/colophane-de-la-vallee-du-fraser\/"},"modified":"2024-10-28T08:01:09","modified_gmt":"2024-10-28T15:01:09","slug":"fraser-valley-hash-rosin","status":"publish","type":"product","link":"https:\/\/bcweededible.net\/fr\/buy\/concentres\/hasch\/hash-premium\/fraser-valley-hash-rosin\/","title":{"rendered":"Rosin de Fraser Valley"},"content":{"rendered":"","protected":false},"excerpt":{"rendered":"<p class=\"my-0.5\">La <b>Rosin de Fraser Valley <\/b>est extraite du haschisch de premi\u00e8re qualit\u00e9 par la chaleur et la pression. Le r\u00e9sultat est une r\u00e9sine dor\u00e9e et collante qui contient une concentration intense de cannabino\u00efdes, de terp\u00e8nes et d&#8217;autres compos\u00e9s b\u00e9n\u00e9fiques. Avec son ar\u00f4me riche et sa saveur exquise, la Rosin de Fraser Valley <strong>offre une exp\u00e9rience sensorielle sans pareille<\/strong>.<\/p>\n<h3>Informations sur la Rosin de Fraser Valley<\/h3>\n<table>\n<tbody>\n<tr>\n<td class=\"has-text-align-center\" data-align=\"center\"><strong>Ph\u00e9notype<\/strong><\/td>\n<td class=\"has-text-align-center\" data-align=\"center\">Hybride<\/td>\n<\/tr>\n<tr>\n<td class=\"has-text-align-center\" data-align=\"center\"><strong>Teneur en THC<\/strong><\/td>\n<td class=\"has-text-align-center\" data-align=\"center\">70%+<\/td>\n<\/tr>\n<tr>\n<td class=\"has-text-align-center\" data-align=\"center\"><strong>Consistance<\/strong><\/td>\n<td class=\"has-text-align-center\" data-align=\"center\">Cireux, &#8221;buddery&#8221;<\/td>\n<\/tr>\n<tr>\n<td class=\"has-text-align-center\" data-align=\"center\"><strong>Grade<\/strong><\/td>\n<td class=\"has-text-align-center\" data-align=\"center\">AAAA+<\/td>\n<\/tr>\n<tr>\n<td class=\"has-text-align-center\" data-align=\"center\"><strong>Couleur<\/strong><\/td>\n<td class=\"has-text-align-center\" data-align=\"center\">Beige, Brun clair<\/td>\n<\/tr>\n<tr>\n<td class=\"has-text-align-center\" data-align=\"center\"><strong>Effets<\/strong><\/td>\n<td class=\"has-text-align-center\" data-align=\"center\">Un &#8221;high&#8221; un peu plus c\u00e9r\u00e9bral<\/td>\n<\/tr>\n<tr>\n<td class=\"has-text-align-center\" data-align=\"center\"><strong>Profil des terp\u00e8nes<\/strong><\/td>\n<td class=\"has-text-align-center\" data-align=\"center\">\u00c9pic\u00e9 \u00e0 tr\u00e8s \u00e9pic\u00e9, odeur rafra\u00eechissante<\/td>\n<\/tr>\n<\/tbody>\n<\/table>\n","protected":false},"featured_media":48115,"comment_status":"closed","ping_status":"closed","template":"","meta":[],"product_brand":[],"product_cat":[659,628,653,305],"product_tag":[],"class_list":{"0":"post-49129","1":"product","2":"type-product","3":"status-publish","4":"has-post-thumbnail","6":"product_cat-bc-hash-fr","7":"product_cat-hasch","8":"product_cat-hash-premium","9":"product_cat-concentres","11":"first","12":"outofstock","13":"sale","14":"shipping-taxable","15":"purchasable","16":"product-type-variable","17":"has-default-attributes"},"yoast_head":"\n<title>Acheter Rosin de Fraser Valley en Ligne Canada | BC Weed Edible<\/title>\n<meta name=\"robots\" content=\"index, follow, max-snippet:-1, max-image-preview:large, max-video-preview:-1\" \/>\n<link rel=\"canonical\" href=\"https:\/\/bcweededible.net\/fr\/buy\/concentres\/hasch\/hash-premium\/fraser-valley-hash-rosin\/\" \/>\n<meta property=\"og:locale\" content=\"fr_FR\" \/>\n<meta property=\"og:type\" content=\"article\" \/>\n<meta property=\"og:title\" content=\"Acheter Rosin de Fraser Valley en Ligne Canada | BC Weed Edible\" \/>\n<meta property=\"og:description\" content=\"La Rosin de Fraser Valley est extraite du haschisch de premi\u00e8re qualit\u00e9 par la chaleur et la pression. Le r\u00e9sultat est une r\u00e9sine dor\u00e9e et collante qui contient une concentration intense de cannabino\u00efdes, de terp\u00e8nes et d&#039;autres compos\u00e9s b\u00e9n\u00e9fiques. Avec son ar\u00f4me riche et sa saveur exquise, la Rosin de Fraser Valley offre une exp\u00e9rience sensorielle sans pareille. Informations sur la Rosin de Fraser Valley Ph\u00e9notype Hybride Teneur en THC 70%+ Consistance Cireux, &#039;&#039;buddery&#039;&#039; Grade AAAA+ Couleur Beige, Brun clair Effets Un &#039;&#039;high&#039;&#039; un peu plus c\u00e9r\u00e9bral Profil des terp\u00e8nes \u00c9pic\u00e9 \u00e0 tr\u00e8s \u00e9pic\u00e9, odeur rafra\u00eechissante\" \/>\n<meta property=\"og:url\" content=\"https:\/\/bcweededible.net\/fr\/buy\/concentres\/hasch\/hash-premium\/fraser-valley-hash-rosin\/\" \/>\n<meta property=\"og:site_name\" content=\"BC Weed Edible\" \/>\n<meta property=\"article:modified_time\" content=\"2024-10-28T15:01:09+00:00\" \/>\n<meta property=\"og:image\" content=\"https:\/\/stgbc.bcweededible.net\/wp-content\/uploads\/2023\/10\/frazer-valley-live-hash-rosin-1.webp\" \/>\n\t<meta property=\"og:image:width\" content=\"1000\" \/>\n\t<meta property=\"og:image:height\" content=\"1000\" \/>\n\t<meta property=\"og:image:type\" content=\"image\/webp\" \/>\n<meta name=\"twitter:card\" content=\"summary_large_image\" \/>\n<script type=\"application\/ld+json\" class=\"yoast-schema-graph\">{\"@context\":\"https:\\\/\\\/schema.org\",\"@graph\":[{\"@type\":\"WebPage\",\"@id\":\"https:\\\/\\\/bcweededible.net\\\/fr\\\/buy\\\/concentres\\\/hasch\\\/hash-premium\\\/fraser-valley-hash-rosin\\\/\",\"url\":\"https:\\\/\\\/bcweededible.net\\\/fr\\\/buy\\\/concentres\\\/hasch\\\/hash-premium\\\/fraser-valley-hash-rosin\\\/\",\"name\":\"Acheter Rosin de Fraser Valley en Ligne Canada | BC Weed Edible\",\"isPartOf\":{\"@id\":\"https:\\\/\\\/bcweededible.net\\\/fr\\\/#website\"},\"primaryImageOfPage\":{\"@id\":\"https:\\\/\\\/bcweededible.net\\\/fr\\\/buy\\\/concentres\\\/hasch\\\/hash-premium\\\/fraser-valley-hash-rosin\\\/#primaryimage\"},\"image\":{\"@id\":\"https:\\\/\\\/bcweededible.net\\\/fr\\\/buy\\\/concentres\\\/hasch\\\/hash-premium\\\/fraser-valley-hash-rosin\\\/#primaryimage\"},\"thumbnailUrl\":\"https:\\\/\\\/bcweededible.net\\\/wp-content\\\/uploads\\\/2023\\\/10\\\/frazer-valley-live-hash-rosin-1.webp\",\"datePublished\":\"2023-11-07T19:26:00+00:00\",\"dateModified\":\"2024-10-28T15:01:09+00:00\",\"breadcrumb\":{\"@id\":\"https:\\\/\\\/bcweededible.net\\\/fr\\\/buy\\\/concentres\\\/hasch\\\/hash-premium\\\/fraser-valley-hash-rosin\\\/#breadcrumb\"},\"inLanguage\":\"fr-FR\",\"potentialAction\":[{\"@type\":\"ReadAction\",\"target\":[\"https:\\\/\\\/bcweededible.net\\\/fr\\\/buy\\\/concentres\\\/hasch\\\/hash-premium\\\/fraser-valley-hash-rosin\\\/\"]}]},{\"@type\":\"ImageObject\",\"inLanguage\":\"fr-FR\",\"@id\":\"https:\\\/\\\/bcweededible.net\\\/fr\\\/buy\\\/concentres\\\/hasch\\\/hash-premium\\\/fraser-valley-hash-rosin\\\/#primaryimage\",\"url\":\"https:\\\/\\\/bcweededible.net\\\/wp-content\\\/uploads\\\/2023\\\/10\\\/frazer-valley-live-hash-rosin-1.webp\",\"contentUrl\":\"https:\\\/\\\/bcweededible.net\\\/wp-content\\\/uploads\\\/2023\\\/10\\\/frazer-valley-live-hash-rosin-1.webp\",\"width\":1000,\"height\":1000,\"caption\":\"fraser valley hash rosin\"},{\"@type\":\"BreadcrumbList\",\"@id\":\"https:\\\/\\\/bcweededible.net\\\/fr\\\/buy\\\/concentres\\\/hasch\\\/hash-premium\\\/fraser-valley-hash-rosin\\\/#breadcrumb\",\"itemListElement\":[{\"@type\":\"ListItem\",\"position\":1,\"name\":\"Jujubes au Pot Canada\",\"item\":\"https:\\\/\\\/stgbc.bcweededible.net\\\/fr\\\/shop\\\/\"},{\"@type\":\"ListItem\",\"position\":2,\"name\":\"Rosin de Fraser Valley\"}]},{\"@type\":\"WebSite\",\"@id\":\"https:\\\/\\\/bcweededible.net\\\/fr\\\/#website\",\"url\":\"https:\\\/\\\/bcweededible.net\\\/fr\\\/\",\"name\":\"BC Weed Edible\",\"description\":\"\",\"publisher\":{\"@id\":\"https:\\\/\\\/bcweededible.net\\\/fr\\\/#organization\"},\"potentialAction\":[{\"@type\":\"SearchAction\",\"target\":{\"@type\":\"EntryPoint\",\"urlTemplate\":\"https:\\\/\\\/bcweededible.net\\\/fr\\\/?s={search_term_string}\"},\"query-input\":{\"@type\":\"PropertyValueSpecification\",\"valueRequired\":true,\"valueName\":\"search_term_string\"}}],\"inLanguage\":\"fr-FR\"},{\"@type\":\"Organization\",\"@id\":\"https:\\\/\\\/bcweededible.net\\\/fr\\\/#organization\",\"name\":\"BC Weed Edible\",\"url\":\"https:\\\/\\\/bcweededible.net\\\/fr\\\/\",\"logo\":{\"@type\":\"ImageObject\",\"inLanguage\":\"fr-FR\",\"@id\":\"https:\\\/\\\/bcweededible.net\\\/fr\\\/#\\\/schema\\\/logo\\\/image\\\/\",\"url\":\"https:\\\/\\\/bcweededible.net\\\/wp-content\\\/uploads\\\/2021\\\/12\\\/bc-weed-edible-canada.png\",\"contentUrl\":\"https:\\\/\\\/bcweededible.net\\\/wp-content\\\/uploads\\\/2021\\\/12\\\/bc-weed-edible-canada.png\",\"width\":270,\"height\":185,\"caption\":\"BC Weed Edible\"},\"image\":{\"@id\":\"https:\\\/\\\/bcweededible.net\\\/fr\\\/#\\\/schema\\\/logo\\\/image\\\/\"}}]}<\/script>\n","yoast_head_json":{"title":"Acheter Rosin de Fraser Valley en Ligne Canada | BC Weed Edible","robots":{"index":"index","follow":"follow","max-snippet":"max-snippet:-1","max-image-preview":"max-image-preview:large","max-video-preview":"max-video-preview:-1"},"canonical":"https:\/\/bcweededible.net\/fr\/buy\/concentres\/hasch\/hash-premium\/fraser-valley-hash-rosin\/","og_locale":"fr_FR","og_type":"article","og_title":"Acheter Rosin de Fraser Valley en Ligne Canada | BC Weed Edible","og_description":"La Rosin de Fraser Valley est extraite du haschisch de premi\u00e8re qualit\u00e9 par la chaleur et la pression. Le r\u00e9sultat est une r\u00e9sine dor\u00e9e et collante qui contient une concentration intense de cannabino\u00efdes, de terp\u00e8nes et d'autres compos\u00e9s b\u00e9n\u00e9fiques. Avec son ar\u00f4me riche et sa saveur exquise, la Rosin de Fraser Valley offre une exp\u00e9rience sensorielle sans pareille. Informations sur la Rosin de Fraser Valley Ph\u00e9notype Hybride Teneur en THC 70%+ Consistance Cireux, ''buddery'' Grade AAAA+ Couleur Beige, Brun clair Effets Un ''high'' un peu plus c\u00e9r\u00e9bral Profil des terp\u00e8nes \u00c9pic\u00e9 \u00e0 tr\u00e8s \u00e9pic\u00e9, odeur rafra\u00eechissante","og_url":"https:\/\/bcweededible.net\/fr\/buy\/concentres\/hasch\/hash-premium\/fraser-valley-hash-rosin\/","og_site_name":"BC Weed Edible","article_modified_time":"2024-10-28T15:01:09+00:00","og_image":[{"width":1000,"height":1000,"url":"https:\/\/stgbc.bcweededible.net\/wp-content\/uploads\/2023\/10\/frazer-valley-live-hash-rosin-1.webp","type":"image\/webp"}],"twitter_card":"summary_large_image","schema":{"@context":"https:\/\/schema.org","@graph":[{"@type":"WebPage","@id":"https:\/\/bcweededible.net\/fr\/buy\/concentres\/hasch\/hash-premium\/fraser-valley-hash-rosin\/","url":"https:\/\/bcweededible.net\/fr\/buy\/concentres\/hasch\/hash-premium\/fraser-valley-hash-rosin\/","name":"Acheter Rosin de Fraser Valley en Ligne Canada | BC Weed Edible","isPartOf":{"@id":"https:\/\/bcweededible.net\/fr\/#website"},"primaryImageOfPage":{"@id":"https:\/\/bcweededible.net\/fr\/buy\/concentres\/hasch\/hash-premium\/fraser-valley-hash-rosin\/#primaryimage"},"image":{"@id":"https:\/\/bcweededible.net\/fr\/buy\/concentres\/hasch\/hash-premium\/fraser-valley-hash-rosin\/#primaryimage"},"thumbnailUrl":"https:\/\/bcweededible.net\/wp-content\/uploads\/2023\/10\/frazer-valley-live-hash-rosin-1.webp","datePublished":"2023-11-07T19:26:00+00:00","dateModified":"2024-10-28T15:01:09+00:00","breadcrumb":{"@id":"https:\/\/bcweededible.net\/fr\/buy\/concentres\/hasch\/hash-premium\/fraser-valley-hash-rosin\/#breadcrumb"},"inLanguage":"fr-FR","potentialAction":[{"@type":"ReadAction","target":["https:\/\/bcweededible.net\/fr\/buy\/concentres\/hasch\/hash-premium\/fraser-valley-hash-rosin\/"]}]},{"@type":"ImageObject","inLanguage":"fr-FR","@id":"https:\/\/bcweededible.net\/fr\/buy\/concentres\/hasch\/hash-premium\/fraser-valley-hash-rosin\/#primaryimage","url":"https:\/\/bcweededible.net\/wp-content\/uploads\/2023\/10\/frazer-valley-live-hash-rosin-1.webp","contentUrl":"https:\/\/bcweededible.net\/wp-content\/uploads\/2023\/10\/frazer-valley-live-hash-rosin-1.webp","width":1000,"height":1000,"caption":"fraser valley hash rosin"},{"@type":"BreadcrumbList","@id":"https:\/\/bcweededible.net\/fr\/buy\/concentres\/hasch\/hash-premium\/fraser-valley-hash-rosin\/#breadcrumb","itemListElement":[{"@type":"ListItem","position":1,"name":"Jujubes au Pot Canada","item":"https:\/\/stgbc.bcweededible.net\/fr\/shop\/"},{"@type":"ListItem","position":2,"name":"Rosin de Fraser Valley"}]},{"@type":"WebSite","@id":"https:\/\/bcweededible.net\/fr\/#website","url":"https:\/\/bcweededible.net\/fr\/","name":"BC Weed Edible","description":"","publisher":{"@id":"https:\/\/bcweededible.net\/fr\/#organization"},"potentialAction":[{"@type":"SearchAction","target":{"@type":"EntryPoint","urlTemplate":"https:\/\/bcweededible.net\/fr\/?s={search_term_string}"},"query-input":{"@type":"PropertyValueSpecification","valueRequired":true,"valueName":"search_term_string"}}],"inLanguage":"fr-FR"},{"@type":"Organization","@id":"https:\/\/bcweededible.net\/fr\/#organization","name":"BC Weed Edible","url":"https:\/\/bcweededible.net\/fr\/","logo":{"@type":"ImageObject","inLanguage":"fr-FR","@id":"https:\/\/bcweededible.net\/fr\/#\/schema\/logo\/image\/","url":"https:\/\/bcweededible.net\/wp-content\/uploads\/2021\/12\/bc-weed-edible-canada.png","contentUrl":"https:\/\/bcweededible.net\/wp-content\/uploads\/2021\/12\/bc-weed-edible-canada.png","width":270,"height":185,"caption":"BC Weed Edible"},"image":{"@id":"https:\/\/bcweededible.net\/fr\/#\/schema\/logo\/image\/"}}]}},"_links":{"self":[{"href":"https:\/\/bcweededible.net\/fr\/wp-json\/wp\/v2\/product\/49129","targetHints":{"allow":["GET"]}}],"collection":[{"href":"https:\/\/bcweededible.net\/fr\/wp-json\/wp\/v2\/product"}],"about":[{"href":"https:\/\/bcweededible.net\/fr\/wp-json\/wp\/v2\/types\/product"}],"replies":[{"embeddable":true,"href":"https:\/\/bcweededible.net\/fr\/wp-json\/wp\/v2\/comments?post=49129"}],"wp:featuredmedia":[{"embeddable":true,"href":"https:\/\/bcweededible.net\/fr\/wp-json\/wp\/v2\/media\/48115"}],"wp:attachment":[{"href":"https:\/\/bcweededible.net\/fr\/wp-json\/wp\/v2\/media?parent=49129"}],"wp:term":[{"taxonomy":"product_brand","embeddable":true,"href":"https:\/\/bcweededible.net\/fr\/wp-json\/wp\/v2\/product_brand?post=49129"},{"taxonomy":"product_cat","embeddable":true,"href":"https:\/\/bcweededible.net\/fr\/wp-json\/wp\/v2\/product_cat?post=49129"},{"taxonomy":"product_tag","embeddable":true,"href":"https:\/\/bcweededible.net\/fr\/wp-json\/wp\/v2\/product_tag?post=49129"}],"curies":[{"name":"wp","href":"https:\/\/api.w.org\/{rel}","templated":true}]}}