{"id":49128,"date":"2023-11-06T12:06:57","date_gmt":"2023-11-07T19:25:59","guid":{"rendered":"https:\/\/bcweededible.net\/buy\/non%20class\u00e9\/aaa-grand-daddy-purple-79oz\/"},"modified":"2025-08-09T08:02:19","modified_gmt":"2025-08-09T15:02:19","slug":"grand-papa-violet","status":"publish","type":"product","link":"https:\/\/stgbc.bcweededible.net\/fr\/buy\/gros\/pot-gros\/grand-papa-violet\/","title":{"rendered":"AAA Grand Daddy Purple ($79oz)"},"content":{"rendered":"","protected":false},"excerpt":{"rendered":"<p><strong>Grand Daddy Purple,<\/strong>parfois appel\u00e9 GDP ou Grand Daddy Purps,\u00a0 est un<strong> hybride \u00e0 dominance indica (70% Indica \/ 30% Sativa<\/strong>). La teneur en THC est comprise entre <strong>20 et 27 %<\/strong>. Elle est obtenue en croisant la Big Bud et la Purple Urkle. L&#8217;ar\u00f4me est assez puissant avec des notes de raisin sucr\u00e9 et de baies.<\/p>\n<p>La vari\u00e9t\u00e9 GDP procure des<strong> effets relaxants et euphoriques<\/strong> qui calment le corps et l&#8217;esprit. <strong>Fleurs de taille moyenne avec des odeurs sucr\u00e9es et fruit\u00e9es ! <\/strong><strong>Beaucoup de cristaux, prix incroyable !<\/strong><\/p>\n","protected":false},"featured_media":49008,"comment_status":"open","ping_status":"closed","template":"","meta":[],"product_brand":[],"product_cat":[245,293,470,289,292,452,295],"product_tag":[],"class_list":{"0":"post-49128","1":"product","2":"type-product","3":"status-publish","4":"has-post-thumbnail","6":"product_cat-fleurs-cannabis","7":"product_cat-hybrid-fr","8":"product_cat-livre-de-pot","9":"product_cat-99-oz-fr","10":"product_cat-ounces-pas-cher","11":"product_cat-pot-gros","12":"product_cat-sativa-fr","14":"first","15":"outofstock","16":"shipping-taxable","17":"purchasable","18":"product-type-variable","19":"has-default-attributes"},"yoast_head":"\n<title>Acheter AAA Grand Daddy Purple ($79oz) Canada | Wedding Cake Souche en ligne | BC Weed Edible<\/title>\n<meta name=\"robots\" content=\"index, follow, max-snippet:-1, max-image-preview:large, max-video-preview:-1\" \/>\n<link rel=\"canonical\" href=\"https:\/\/stgbc.bcweededible.net\/fr\/buy\/gros\/pot-gros\/grand-papa-violet\/\" \/>\n<meta property=\"og:locale\" content=\"fr_FR\" \/>\n<meta property=\"og:type\" content=\"article\" \/>\n<meta property=\"og:title\" content=\"Acheter AAA Grand Daddy Purple ($79oz) Canada | Wedding Cake Souche en ligne | BC Weed Edible\" \/>\n<meta property=\"og:description\" content=\"Grand Daddy Purple,parfois appel\u00e9 GDP ou Grand Daddy Purps,\u00a0 est un hybride \u00e0 dominance indica (70% Indica \/ 30% Sativa). La teneur en THC est comprise entre 20 et 27 %. Elle est obtenue en croisant la Big Bud et la Purple Urkle. L&#039;ar\u00f4me est assez puissant avec des notes de raisin sucr\u00e9 et de baies. La vari\u00e9t\u00e9 GDP procure des effets relaxants et euphoriques qui calment le corps et l&#039;esprit. Fleurs de taille moyenne avec des odeurs sucr\u00e9es et fruit\u00e9es ! Beaucoup de cristaux, prix incroyable !\" \/>\n<meta property=\"og:url\" content=\"https:\/\/stgbc.bcweededible.net\/fr\/buy\/gros\/pot-gros\/grand-papa-violet\/\" \/>\n<meta property=\"og:site_name\" content=\"BC Weed Edible\" \/>\n<meta property=\"article:modified_time\" content=\"2025-08-09T15:02:19+00:00\" \/>\n<meta property=\"og:image\" content=\"https:\/\/stgbc.bcweededible.net\/wp-content\/uploads\/2022\/04\/Grand-Daddy-Purple-2.jpg\" \/>\n\t<meta property=\"og:image:width\" content=\"1000\" \/>\n\t<meta property=\"og:image:height\" content=\"1000\" \/>\n\t<meta property=\"og:image:type\" content=\"image\/jpeg\" \/>\n<meta name=\"twitter:card\" content=\"summary_large_image\" \/>\n<script type=\"application\/ld+json\" class=\"yoast-schema-graph\">{\"@context\":\"https:\\\/\\\/schema.org\",\"@graph\":[{\"@type\":\"WebPage\",\"@id\":\"https:\\\/\\\/stgbc.bcweededible.net\\\/fr\\\/buy\\\/gros\\\/pot-gros\\\/grand-papa-violet\\\/\",\"url\":\"https:\\\/\\\/stgbc.bcweededible.net\\\/fr\\\/buy\\\/gros\\\/pot-gros\\\/grand-papa-violet\\\/\",\"name\":\"Acheter AAA Grand Daddy Purple ($79oz) Canada | Wedding Cake Souche en ligne | BC Weed Edible\",\"isPartOf\":{\"@id\":\"https:\\\/\\\/stgbc.bcweededible.net\\\/fr\\\/#website\"},\"primaryImageOfPage\":{\"@id\":\"https:\\\/\\\/stgbc.bcweededible.net\\\/fr\\\/buy\\\/gros\\\/pot-gros\\\/grand-papa-violet\\\/#primaryimage\"},\"image\":{\"@id\":\"https:\\\/\\\/stgbc.bcweededible.net\\\/fr\\\/buy\\\/gros\\\/pot-gros\\\/grand-papa-violet\\\/#primaryimage\"},\"thumbnailUrl\":\"https:\\\/\\\/stgbc.bcweededible.net\\\/wp-content\\\/uploads\\\/2022\\\/04\\\/Grand-Daddy-Purple-2.jpg\",\"datePublished\":\"2023-11-07T19:25:59+00:00\",\"dateModified\":\"2025-08-09T15:02:19+00:00\",\"breadcrumb\":{\"@id\":\"https:\\\/\\\/stgbc.bcweededible.net\\\/fr\\\/buy\\\/gros\\\/pot-gros\\\/grand-papa-violet\\\/#breadcrumb\"},\"inLanguage\":\"fr-FR\",\"potentialAction\":[{\"@type\":\"ReadAction\",\"target\":[\"https:\\\/\\\/stgbc.bcweededible.net\\\/fr\\\/buy\\\/gros\\\/pot-gros\\\/grand-papa-violet\\\/\"]}]},{\"@type\":\"ImageObject\",\"inLanguage\":\"fr-FR\",\"@id\":\"https:\\\/\\\/stgbc.bcweededible.net\\\/fr\\\/buy\\\/gros\\\/pot-gros\\\/grand-papa-violet\\\/#primaryimage\",\"url\":\"https:\\\/\\\/stgbc.bcweededible.net\\\/wp-content\\\/uploads\\\/2022\\\/04\\\/Grand-Daddy-Purple-2.jpg\",\"contentUrl\":\"https:\\\/\\\/stgbc.bcweededible.net\\\/wp-content\\\/uploads\\\/2022\\\/04\\\/Grand-Daddy-Purple-2.jpg\",\"width\":1000,\"height\":1000},{\"@type\":\"BreadcrumbList\",\"@id\":\"https:\\\/\\\/stgbc.bcweededible.net\\\/fr\\\/buy\\\/gros\\\/pot-gros\\\/grand-papa-violet\\\/#breadcrumb\",\"itemListElement\":[{\"@type\":\"ListItem\",\"position\":1,\"name\":\"Jujubes au Pot Canada\",\"item\":\"https:\\\/\\\/stgbc.bcweededible.net\\\/fr\\\/shop\\\/\"},{\"@type\":\"ListItem\",\"position\":2,\"name\":\"AAA Grand Daddy Purple ($79oz)\"}]},{\"@type\":\"WebSite\",\"@id\":\"https:\\\/\\\/stgbc.bcweededible.net\\\/fr\\\/#website\",\"url\":\"https:\\\/\\\/stgbc.bcweededible.net\\\/fr\\\/\",\"name\":\"BC Weed Edible\",\"description\":\"\",\"publisher\":{\"@id\":\"https:\\\/\\\/stgbc.bcweededible.net\\\/fr\\\/#organization\"},\"potentialAction\":[{\"@type\":\"SearchAction\",\"target\":{\"@type\":\"EntryPoint\",\"urlTemplate\":\"https:\\\/\\\/stgbc.bcweededible.net\\\/fr\\\/?s={search_term_string}\"},\"query-input\":{\"@type\":\"PropertyValueSpecification\",\"valueRequired\":true,\"valueName\":\"search_term_string\"}}],\"inLanguage\":\"fr-FR\"},{\"@type\":\"Organization\",\"@id\":\"https:\\\/\\\/stgbc.bcweededible.net\\\/fr\\\/#organization\",\"name\":\"BC Weed Edible\",\"url\":\"https:\\\/\\\/stgbc.bcweededible.net\\\/fr\\\/\",\"logo\":{\"@type\":\"ImageObject\",\"inLanguage\":\"fr-FR\",\"@id\":\"https:\\\/\\\/stgbc.bcweededible.net\\\/fr\\\/#\\\/schema\\\/logo\\\/image\\\/\",\"url\":\"https:\\\/\\\/stgbc.bcweededible.net\\\/wp-content\\\/uploads\\\/2021\\\/12\\\/bc-weed-edible-canada.png\",\"contentUrl\":\"https:\\\/\\\/stgbc.bcweededible.net\\\/wp-content\\\/uploads\\\/2021\\\/12\\\/bc-weed-edible-canada.png\",\"width\":270,\"height\":185,\"caption\":\"BC Weed Edible\"},\"image\":{\"@id\":\"https:\\\/\\\/stgbc.bcweededible.net\\\/fr\\\/#\\\/schema\\\/logo\\\/image\\\/\"}}]}<\/script>\n","yoast_head_json":{"title":"Acheter AAA Grand Daddy Purple ($79oz) Canada | Wedding Cake Souche en ligne | BC Weed Edible","robots":{"index":"index","follow":"follow","max-snippet":"max-snippet:-1","max-image-preview":"max-image-preview:large","max-video-preview":"max-video-preview:-1"},"canonical":"https:\/\/stgbc.bcweededible.net\/fr\/buy\/gros\/pot-gros\/grand-papa-violet\/","og_locale":"fr_FR","og_type":"article","og_title":"Acheter AAA Grand Daddy Purple ($79oz) Canada | Wedding Cake Souche en ligne | BC Weed Edible","og_description":"Grand Daddy Purple,parfois appel\u00e9 GDP ou Grand Daddy Purps,\u00a0 est un hybride \u00e0 dominance indica (70% Indica \/ 30% Sativa). La teneur en THC est comprise entre 20 et 27 %. Elle est obtenue en croisant la Big Bud et la Purple Urkle. L'ar\u00f4me est assez puissant avec des notes de raisin sucr\u00e9 et de baies. La vari\u00e9t\u00e9 GDP procure des effets relaxants et euphoriques qui calment le corps et l'esprit. Fleurs de taille moyenne avec des odeurs sucr\u00e9es et fruit\u00e9es ! Beaucoup de cristaux, prix incroyable !","og_url":"https:\/\/stgbc.bcweededible.net\/fr\/buy\/gros\/pot-gros\/grand-papa-violet\/","og_site_name":"BC Weed Edible","article_modified_time":"2025-08-09T15:02:19+00:00","og_image":[{"width":1000,"height":1000,"url":"https:\/\/stgbc.bcweededible.net\/wp-content\/uploads\/2022\/04\/Grand-Daddy-Purple-2.jpg","type":"image\/jpeg"}],"twitter_card":"summary_large_image","schema":{"@context":"https:\/\/schema.org","@graph":[{"@type":"WebPage","@id":"https:\/\/stgbc.bcweededible.net\/fr\/buy\/gros\/pot-gros\/grand-papa-violet\/","url":"https:\/\/stgbc.bcweededible.net\/fr\/buy\/gros\/pot-gros\/grand-papa-violet\/","name":"Acheter AAA Grand Daddy Purple ($79oz) Canada | Wedding Cake Souche en ligne | BC Weed Edible","isPartOf":{"@id":"https:\/\/stgbc.bcweededible.net\/fr\/#website"},"primaryImageOfPage":{"@id":"https:\/\/stgbc.bcweededible.net\/fr\/buy\/gros\/pot-gros\/grand-papa-violet\/#primaryimage"},"image":{"@id":"https:\/\/stgbc.bcweededible.net\/fr\/buy\/gros\/pot-gros\/grand-papa-violet\/#primaryimage"},"thumbnailUrl":"https:\/\/stgbc.bcweededible.net\/wp-content\/uploads\/2022\/04\/Grand-Daddy-Purple-2.jpg","datePublished":"2023-11-07T19:25:59+00:00","dateModified":"2025-08-09T15:02:19+00:00","breadcrumb":{"@id":"https:\/\/stgbc.bcweededible.net\/fr\/buy\/gros\/pot-gros\/grand-papa-violet\/#breadcrumb"},"inLanguage":"fr-FR","potentialAction":[{"@type":"ReadAction","target":["https:\/\/stgbc.bcweededible.net\/fr\/buy\/gros\/pot-gros\/grand-papa-violet\/"]}]},{"@type":"ImageObject","inLanguage":"fr-FR","@id":"https:\/\/stgbc.bcweededible.net\/fr\/buy\/gros\/pot-gros\/grand-papa-violet\/#primaryimage","url":"https:\/\/stgbc.bcweededible.net\/wp-content\/uploads\/2022\/04\/Grand-Daddy-Purple-2.jpg","contentUrl":"https:\/\/stgbc.bcweededible.net\/wp-content\/uploads\/2022\/04\/Grand-Daddy-Purple-2.jpg","width":1000,"height":1000},{"@type":"BreadcrumbList","@id":"https:\/\/stgbc.bcweededible.net\/fr\/buy\/gros\/pot-gros\/grand-papa-violet\/#breadcrumb","itemListElement":[{"@type":"ListItem","position":1,"name":"Jujubes au Pot Canada","item":"https:\/\/stgbc.bcweededible.net\/fr\/shop\/"},{"@type":"ListItem","position":2,"name":"AAA Grand Daddy Purple ($79oz)"}]},{"@type":"WebSite","@id":"https:\/\/stgbc.bcweededible.net\/fr\/#website","url":"https:\/\/stgbc.bcweededible.net\/fr\/","name":"BC Weed Edible","description":"","publisher":{"@id":"https:\/\/stgbc.bcweededible.net\/fr\/#organization"},"potentialAction":[{"@type":"SearchAction","target":{"@type":"EntryPoint","urlTemplate":"https:\/\/stgbc.bcweededible.net\/fr\/?s={search_term_string}"},"query-input":{"@type":"PropertyValueSpecification","valueRequired":true,"valueName":"search_term_string"}}],"inLanguage":"fr-FR"},{"@type":"Organization","@id":"https:\/\/stgbc.bcweededible.net\/fr\/#organization","name":"BC Weed Edible","url":"https:\/\/stgbc.bcweededible.net\/fr\/","logo":{"@type":"ImageObject","inLanguage":"fr-FR","@id":"https:\/\/stgbc.bcweededible.net\/fr\/#\/schema\/logo\/image\/","url":"https:\/\/stgbc.bcweededible.net\/wp-content\/uploads\/2021\/12\/bc-weed-edible-canada.png","contentUrl":"https:\/\/stgbc.bcweededible.net\/wp-content\/uploads\/2021\/12\/bc-weed-edible-canada.png","width":270,"height":185,"caption":"BC Weed Edible"},"image":{"@id":"https:\/\/stgbc.bcweededible.net\/fr\/#\/schema\/logo\/image\/"}}]}},"_links":{"self":[{"href":"https:\/\/stgbc.bcweededible.net\/fr\/wp-json\/wp\/v2\/product\/49128","targetHints":{"allow":["GET"]}}],"collection":[{"href":"https:\/\/stgbc.bcweededible.net\/fr\/wp-json\/wp\/v2\/product"}],"about":[{"href":"https:\/\/stgbc.bcweededible.net\/fr\/wp-json\/wp\/v2\/types\/product"}],"replies":[{"embeddable":true,"href":"https:\/\/stgbc.bcweededible.net\/fr\/wp-json\/wp\/v2\/comments?post=49128"}],"wp:featuredmedia":[{"embeddable":true,"href":"https:\/\/stgbc.bcweededible.net\/fr\/wp-json\/wp\/v2\/media\/49008"}],"wp:attachment":[{"href":"https:\/\/stgbc.bcweededible.net\/fr\/wp-json\/wp\/v2\/media?parent=49128"}],"wp:term":[{"taxonomy":"product_brand","embeddable":true,"href":"https:\/\/stgbc.bcweededible.net\/fr\/wp-json\/wp\/v2\/product_brand?post=49128"},{"taxonomy":"product_cat","embeddable":true,"href":"https:\/\/stgbc.bcweededible.net\/fr\/wp-json\/wp\/v2\/product_cat?post=49128"},{"taxonomy":"product_tag","embeddable":true,"href":"https:\/\/stgbc.bcweededible.net\/fr\/wp-json\/wp\/v2\/product_tag?post=49128"}],"curies":[{"name":"wp","href":"https:\/\/api.w.org\/{rel}","templated":true}]}}