{"id":43633,"date":"2023-08-17T10:31:48","date_gmt":"2023-09-06T20:42:55","guid":{"rendered":"https:\/\/bcweededible.net\/buy\/non%20class\u00e9\/barre-chocolatee-au-cbd\/"},"modified":"2025-10-12T11:27:36","modified_gmt":"2025-10-12T18:27:36","slug":"barre-chocolatee-au-cbd","status":"publish","type":"product","link":"https:\/\/stgbc.bcweededible.net\/fr\/buy\/marques\/eden-edibles-fr\/barre-chocolatee-au-cbd\/","title":{"rendered":"Barre de Chocolat au CBD"},"content":{"rendered":"","protected":false},"excerpt":{"rendered":"<p>Nos<strong> barres de <a href=\"http:\/\/bcweededible.net\/shop\/edibles\/chocolates\/\">chocolat au<\/a> CBD<\/strong> sont disponibles en <strong>deux concentrations diff\u00e9rentes de CBD<\/strong>. Chaque barre de chocolat contient <strong>24 carr\u00e9s <\/strong>, ce qui permet de consommer la quantit\u00e9 exacte de THC dont vous avez besoin :<\/p>\n<ul>\n<li><strong>Barre chocolat\u00e9e de 500 mg :<\/strong> 20 mg de CBD par carr\u00e9 de chocolat, id\u00e9ale pour <strong>tous ceux qui ont besoin de se d\u00e9tendre<\/strong>.<\/li>\n<li><strong>Barre de chocolat de 1200 mg :<\/strong> 50 mg de CBD par carr\u00e9 de chocolat, id\u00e9al pour les <strong>personnes qui ont besoin d&#8217;un soulagement suppl\u00e9mentaire<\/strong>.<\/li>\n<\/ul>\n<p><span style=\"text-decoration: underline;\"><strong>Veuillez noter qu&#8217;il existe un risque de fonte du chocolat pendant la livraison en raison des conditions m\u00e9t\u00e9orologiques.<\/strong><\/span><\/p>\n<h3>D\u00e9tails de la barre de chocolat au CBD<\/h3>\n<table>\n<tbody>\n<tr>\n<td class=\"has-text-align-center\" data-align=\"center\"><strong>Teneur en THC<\/strong><\/td>\n<td class=\"has-text-align-center\" data-align=\"center\">500mg ou 1200mg<\/td>\n<\/tr>\n<tr>\n<td class=\"has-text-align-center\" data-align=\"center\"><strong>THC par carr\u00e9<\/strong><\/td>\n<td class=\"has-text-align-center\" data-align=\"center\">20mg ou 50mg<\/td>\n<\/tr>\n<tr>\n<td class=\"has-text-align-center\" style=\"text-align: left;\" data-align=\"center\"><strong>Effets<\/strong><\/td>\n<td class=\"has-text-align-center\" style=\"text-align: left;\" data-align=\"center\">Plaisir, Concentration<\/td>\n<\/tr>\n<tr>\n<td class=\"has-text-align-center\" style=\"text-align: left;\" data-align=\"center\"><strong>Ingr\u00e9dients<\/strong><\/td>\n<td class=\"has-text-align-center\" style=\"text-align: left;\" data-align=\"center\">chocolat 72%, <a href=\"https:\/\/stgbc.bcweededible.net\/buy\/bulk\/bulk-concentrates\/cbd-isolate\/\">isolat de CBD<\/a><\/td>\n<\/tr>\n<tr>\n<td class=\"has-text-align-center\" style=\"text-align: left;\" data-align=\"center\"><strong>Entreposage<\/strong><\/td>\n<td class=\"has-text-align-center\" style=\"text-align: left;\" data-align=\"center\">Conserver dans un endroit frais, sec et sombre<\/td>\n<\/tr>\n<\/tbody>\n<\/table>\n","protected":false},"featured_media":42212,"comment_status":"open","ping_status":"closed","template":"","meta":[],"product_brand":[],"product_cat":[447,265,274,244,664],"product_tag":[],"class_list":{"0":"post-43633","1":"product","2":"type-product","3":"status-publish","4":"has-post-thumbnail","6":"product_cat-chocolat-au-cbd","7":"product_cat-comestibles-au-cbd","8":"product_cat-chocolat","9":"product_cat-comestibles","10":"product_cat-eden-edibles-fr","12":"first","13":"outofstock","14":"shipping-taxable","15":"purchasable","16":"product-type-variable","17":"has-default-attributes"},"yoast_head":"\n<title>Acheter Barre de Chocolat au CBD en Ligne Canada | BC Weed Edible<\/title>\n<meta name=\"robots\" content=\"index, follow, max-snippet:-1, max-image-preview:large, max-video-preview:-1\" \/>\n<link rel=\"canonical\" href=\"https:\/\/stgbc.bcweededible.net\/fr\/buy\/marques\/eden-edibles-fr\/barre-chocolatee-au-cbd\/\" \/>\n<meta property=\"og:locale\" content=\"fr_FR\" \/>\n<meta property=\"og:type\" content=\"article\" \/>\n<meta property=\"og:title\" content=\"Acheter Barre de Chocolat au CBD en Ligne Canada | BC Weed Edible\" \/>\n<meta property=\"og:description\" content=\"Nos barres de chocolat au CBD sont disponibles en deux concentrations diff\u00e9rentes de CBD. Chaque barre de chocolat contient 24 carr\u00e9s , ce qui permet de consommer la quantit\u00e9 exacte de THC dont vous avez besoin : Barre chocolat\u00e9e de 500 mg : 20 mg de CBD par carr\u00e9 de chocolat, id\u00e9ale pour tous ceux qui ont besoin de se d\u00e9tendre. Barre de chocolat de 1200 mg : 50 mg de CBD par carr\u00e9 de chocolat, id\u00e9al pour les personnes qui ont besoin d&#039;un soulagement suppl\u00e9mentaire. Veuillez noter qu&#039;il existe un risque de fonte du chocolat pendant la livraison en raison des conditions m\u00e9t\u00e9orologiques. D\u00e9tails de la barre de chocolat au CBD Teneur en THC 500mg ou 1200mg THC par carr\u00e9 20mg ou 50mg Effets Plaisir, Concentration Ingr\u00e9dients chocolat 72%, isolat de CBD Entreposage Conserver dans un endroit frais, sec et sombre\" \/>\n<meta property=\"og:url\" content=\"https:\/\/stgbc.bcweededible.net\/fr\/buy\/marques\/eden-edibles-fr\/barre-chocolatee-au-cbd\/\" \/>\n<meta property=\"og:site_name\" content=\"BC Weed Edible\" \/>\n<meta property=\"article:modified_time\" content=\"2025-10-12T18:27:36+00:00\" \/>\n<meta property=\"og:image\" content=\"https:\/\/stgbc.bcweededible.net\/wp-content\/uploads\/2023\/08\/CBD-chocolate-bar.jpg\" \/>\n\t<meta property=\"og:image:width\" content=\"1080\" \/>\n\t<meta property=\"og:image:height\" content=\"1080\" \/>\n\t<meta property=\"og:image:type\" content=\"image\/jpeg\" \/>\n<meta name=\"twitter:card\" content=\"summary_large_image\" \/>\n<script type=\"application\/ld+json\" class=\"yoast-schema-graph\">{\"@context\":\"https:\\\/\\\/schema.org\",\"@graph\":[{\"@type\":\"WebPage\",\"@id\":\"https:\\\/\\\/stgbc.bcweededible.net\\\/fr\\\/buy\\\/marques\\\/eden-edibles-fr\\\/barre-chocolatee-au-cbd\\\/\",\"url\":\"https:\\\/\\\/stgbc.bcweededible.net\\\/fr\\\/buy\\\/marques\\\/eden-edibles-fr\\\/barre-chocolatee-au-cbd\\\/\",\"name\":\"Acheter Barre de Chocolat au CBD en Ligne Canada | BC Weed Edible\",\"isPartOf\":{\"@id\":\"https:\\\/\\\/stgbc.bcweededible.net\\\/fr\\\/#website\"},\"primaryImageOfPage\":{\"@id\":\"https:\\\/\\\/stgbc.bcweededible.net\\\/fr\\\/buy\\\/marques\\\/eden-edibles-fr\\\/barre-chocolatee-au-cbd\\\/#primaryimage\"},\"image\":{\"@id\":\"https:\\\/\\\/stgbc.bcweededible.net\\\/fr\\\/buy\\\/marques\\\/eden-edibles-fr\\\/barre-chocolatee-au-cbd\\\/#primaryimage\"},\"thumbnailUrl\":\"https:\\\/\\\/stgbc.bcweededible.net\\\/wp-content\\\/uploads\\\/2023\\\/08\\\/CBD-chocolate-bar.jpg\",\"datePublished\":\"2023-09-06T20:42:55+00:00\",\"dateModified\":\"2025-10-12T18:27:36+00:00\",\"breadcrumb\":{\"@id\":\"https:\\\/\\\/stgbc.bcweededible.net\\\/fr\\\/buy\\\/marques\\\/eden-edibles-fr\\\/barre-chocolatee-au-cbd\\\/#breadcrumb\"},\"inLanguage\":\"fr-FR\",\"potentialAction\":[{\"@type\":\"ReadAction\",\"target\":[\"https:\\\/\\\/stgbc.bcweededible.net\\\/fr\\\/buy\\\/marques\\\/eden-edibles-fr\\\/barre-chocolatee-au-cbd\\\/\"]}]},{\"@type\":\"ImageObject\",\"inLanguage\":\"fr-FR\",\"@id\":\"https:\\\/\\\/stgbc.bcweededible.net\\\/fr\\\/buy\\\/marques\\\/eden-edibles-fr\\\/barre-chocolatee-au-cbd\\\/#primaryimage\",\"url\":\"https:\\\/\\\/stgbc.bcweededible.net\\\/wp-content\\\/uploads\\\/2023\\\/08\\\/CBD-chocolate-bar.jpg\",\"contentUrl\":\"https:\\\/\\\/stgbc.bcweededible.net\\\/wp-content\\\/uploads\\\/2023\\\/08\\\/CBD-chocolate-bar.jpg\",\"width\":1080,\"height\":1080,\"caption\":\"cbd chocolate bars\"},{\"@type\":\"BreadcrumbList\",\"@id\":\"https:\\\/\\\/stgbc.bcweededible.net\\\/fr\\\/buy\\\/marques\\\/eden-edibles-fr\\\/barre-chocolatee-au-cbd\\\/#breadcrumb\",\"itemListElement\":[{\"@type\":\"ListItem\",\"position\":1,\"name\":\"Jujubes au Pot Canada\",\"item\":\"https:\\\/\\\/stgbc.bcweededible.net\\\/fr\\\/shop\\\/\"},{\"@type\":\"ListItem\",\"position\":2,\"name\":\"Barre de Chocolat au CBD\"}]},{\"@type\":\"WebSite\",\"@id\":\"https:\\\/\\\/stgbc.bcweededible.net\\\/fr\\\/#website\",\"url\":\"https:\\\/\\\/stgbc.bcweededible.net\\\/fr\\\/\",\"name\":\"BC Weed Edible\",\"description\":\"\",\"publisher\":{\"@id\":\"https:\\\/\\\/stgbc.bcweededible.net\\\/fr\\\/#organization\"},\"potentialAction\":[{\"@type\":\"SearchAction\",\"target\":{\"@type\":\"EntryPoint\",\"urlTemplate\":\"https:\\\/\\\/stgbc.bcweededible.net\\\/fr\\\/?s={search_term_string}\"},\"query-input\":{\"@type\":\"PropertyValueSpecification\",\"valueRequired\":true,\"valueName\":\"search_term_string\"}}],\"inLanguage\":\"fr-FR\"},{\"@type\":\"Organization\",\"@id\":\"https:\\\/\\\/stgbc.bcweededible.net\\\/fr\\\/#organization\",\"name\":\"BC Weed Edible\",\"url\":\"https:\\\/\\\/stgbc.bcweededible.net\\\/fr\\\/\",\"logo\":{\"@type\":\"ImageObject\",\"inLanguage\":\"fr-FR\",\"@id\":\"https:\\\/\\\/stgbc.bcweededible.net\\\/fr\\\/#\\\/schema\\\/logo\\\/image\\\/\",\"url\":\"https:\\\/\\\/stgbc.bcweededible.net\\\/wp-content\\\/uploads\\\/2021\\\/12\\\/bc-weed-edible-canada.png\",\"contentUrl\":\"https:\\\/\\\/stgbc.bcweededible.net\\\/wp-content\\\/uploads\\\/2021\\\/12\\\/bc-weed-edible-canada.png\",\"width\":270,\"height\":185,\"caption\":\"BC Weed Edible\"},\"image\":{\"@id\":\"https:\\\/\\\/stgbc.bcweededible.net\\\/fr\\\/#\\\/schema\\\/logo\\\/image\\\/\"}}]}<\/script>\n","yoast_head_json":{"title":"Acheter Barre de Chocolat au CBD en Ligne Canada | BC Weed Edible","robots":{"index":"index","follow":"follow","max-snippet":"max-snippet:-1","max-image-preview":"max-image-preview:large","max-video-preview":"max-video-preview:-1"},"canonical":"https:\/\/stgbc.bcweededible.net\/fr\/buy\/marques\/eden-edibles-fr\/barre-chocolatee-au-cbd\/","og_locale":"fr_FR","og_type":"article","og_title":"Acheter Barre de Chocolat au CBD en Ligne Canada | BC Weed Edible","og_description":"Nos barres de chocolat au CBD sont disponibles en deux concentrations diff\u00e9rentes de CBD. Chaque barre de chocolat contient 24 carr\u00e9s , ce qui permet de consommer la quantit\u00e9 exacte de THC dont vous avez besoin : Barre chocolat\u00e9e de 500 mg : 20 mg de CBD par carr\u00e9 de chocolat, id\u00e9ale pour tous ceux qui ont besoin de se d\u00e9tendre. Barre de chocolat de 1200 mg : 50 mg de CBD par carr\u00e9 de chocolat, id\u00e9al pour les personnes qui ont besoin d'un soulagement suppl\u00e9mentaire. Veuillez noter qu'il existe un risque de fonte du chocolat pendant la livraison en raison des conditions m\u00e9t\u00e9orologiques. D\u00e9tails de la barre de chocolat au CBD Teneur en THC 500mg ou 1200mg THC par carr\u00e9 20mg ou 50mg Effets Plaisir, Concentration Ingr\u00e9dients chocolat 72%, isolat de CBD Entreposage Conserver dans un endroit frais, sec et sombre","og_url":"https:\/\/stgbc.bcweededible.net\/fr\/buy\/marques\/eden-edibles-fr\/barre-chocolatee-au-cbd\/","og_site_name":"BC Weed Edible","article_modified_time":"2025-10-12T18:27:36+00:00","og_image":[{"width":1080,"height":1080,"url":"https:\/\/stgbc.bcweededible.net\/wp-content\/uploads\/2023\/08\/CBD-chocolate-bar.jpg","type":"image\/jpeg"}],"twitter_card":"summary_large_image","schema":{"@context":"https:\/\/schema.org","@graph":[{"@type":"WebPage","@id":"https:\/\/stgbc.bcweededible.net\/fr\/buy\/marques\/eden-edibles-fr\/barre-chocolatee-au-cbd\/","url":"https:\/\/stgbc.bcweededible.net\/fr\/buy\/marques\/eden-edibles-fr\/barre-chocolatee-au-cbd\/","name":"Acheter Barre de Chocolat au CBD en Ligne Canada | BC Weed Edible","isPartOf":{"@id":"https:\/\/stgbc.bcweededible.net\/fr\/#website"},"primaryImageOfPage":{"@id":"https:\/\/stgbc.bcweededible.net\/fr\/buy\/marques\/eden-edibles-fr\/barre-chocolatee-au-cbd\/#primaryimage"},"image":{"@id":"https:\/\/stgbc.bcweededible.net\/fr\/buy\/marques\/eden-edibles-fr\/barre-chocolatee-au-cbd\/#primaryimage"},"thumbnailUrl":"https:\/\/stgbc.bcweededible.net\/wp-content\/uploads\/2023\/08\/CBD-chocolate-bar.jpg","datePublished":"2023-09-06T20:42:55+00:00","dateModified":"2025-10-12T18:27:36+00:00","breadcrumb":{"@id":"https:\/\/stgbc.bcweededible.net\/fr\/buy\/marques\/eden-edibles-fr\/barre-chocolatee-au-cbd\/#breadcrumb"},"inLanguage":"fr-FR","potentialAction":[{"@type":"ReadAction","target":["https:\/\/stgbc.bcweededible.net\/fr\/buy\/marques\/eden-edibles-fr\/barre-chocolatee-au-cbd\/"]}]},{"@type":"ImageObject","inLanguage":"fr-FR","@id":"https:\/\/stgbc.bcweededible.net\/fr\/buy\/marques\/eden-edibles-fr\/barre-chocolatee-au-cbd\/#primaryimage","url":"https:\/\/stgbc.bcweededible.net\/wp-content\/uploads\/2023\/08\/CBD-chocolate-bar.jpg","contentUrl":"https:\/\/stgbc.bcweededible.net\/wp-content\/uploads\/2023\/08\/CBD-chocolate-bar.jpg","width":1080,"height":1080,"caption":"cbd chocolate bars"},{"@type":"BreadcrumbList","@id":"https:\/\/stgbc.bcweededible.net\/fr\/buy\/marques\/eden-edibles-fr\/barre-chocolatee-au-cbd\/#breadcrumb","itemListElement":[{"@type":"ListItem","position":1,"name":"Jujubes au Pot Canada","item":"https:\/\/stgbc.bcweededible.net\/fr\/shop\/"},{"@type":"ListItem","position":2,"name":"Barre de Chocolat au CBD"}]},{"@type":"WebSite","@id":"https:\/\/stgbc.bcweededible.net\/fr\/#website","url":"https:\/\/stgbc.bcweededible.net\/fr\/","name":"BC Weed Edible","description":"","publisher":{"@id":"https:\/\/stgbc.bcweededible.net\/fr\/#organization"},"potentialAction":[{"@type":"SearchAction","target":{"@type":"EntryPoint","urlTemplate":"https:\/\/stgbc.bcweededible.net\/fr\/?s={search_term_string}"},"query-input":{"@type":"PropertyValueSpecification","valueRequired":true,"valueName":"search_term_string"}}],"inLanguage":"fr-FR"},{"@type":"Organization","@id":"https:\/\/stgbc.bcweededible.net\/fr\/#organization","name":"BC Weed Edible","url":"https:\/\/stgbc.bcweededible.net\/fr\/","logo":{"@type":"ImageObject","inLanguage":"fr-FR","@id":"https:\/\/stgbc.bcweededible.net\/fr\/#\/schema\/logo\/image\/","url":"https:\/\/stgbc.bcweededible.net\/wp-content\/uploads\/2021\/12\/bc-weed-edible-canada.png","contentUrl":"https:\/\/stgbc.bcweededible.net\/wp-content\/uploads\/2021\/12\/bc-weed-edible-canada.png","width":270,"height":185,"caption":"BC Weed Edible"},"image":{"@id":"https:\/\/stgbc.bcweededible.net\/fr\/#\/schema\/logo\/image\/"}}]}},"_links":{"self":[{"href":"https:\/\/stgbc.bcweededible.net\/fr\/wp-json\/wp\/v2\/product\/43633","targetHints":{"allow":["GET"]}}],"collection":[{"href":"https:\/\/stgbc.bcweededible.net\/fr\/wp-json\/wp\/v2\/product"}],"about":[{"href":"https:\/\/stgbc.bcweededible.net\/fr\/wp-json\/wp\/v2\/types\/product"}],"replies":[{"embeddable":true,"href":"https:\/\/stgbc.bcweededible.net\/fr\/wp-json\/wp\/v2\/comments?post=43633"}],"wp:featuredmedia":[{"embeddable":true,"href":"https:\/\/stgbc.bcweededible.net\/fr\/wp-json\/wp\/v2\/media\/42212"}],"wp:attachment":[{"href":"https:\/\/stgbc.bcweededible.net\/fr\/wp-json\/wp\/v2\/media?parent=43633"}],"wp:term":[{"taxonomy":"product_brand","embeddable":true,"href":"https:\/\/stgbc.bcweededible.net\/fr\/wp-json\/wp\/v2\/product_brand?post=43633"},{"taxonomy":"product_cat","embeddable":true,"href":"https:\/\/stgbc.bcweededible.net\/fr\/wp-json\/wp\/v2\/product_cat?post=43633"},{"taxonomy":"product_tag","embeddable":true,"href":"https:\/\/stgbc.bcweededible.net\/fr\/wp-json\/wp\/v2\/product_tag?post=43633"}],"curies":[{"name":"wp","href":"https:\/\/api.w.org\/{rel}","templated":true}]}}