{"id":43621,"date":"2023-08-17T12:34:17","date_gmt":"2023-09-06T20:42:49","guid":{"rendered":"https:\/\/bcweededible.net\/buy\/non%20class\u00e9\/50mg-thc-50mg-cbd-jujubes-10x50mg-11\/"},"modified":"2025-04-27T08:04:13","modified_gmt":"2025-04-27T15:04:13","slug":"50mg-thc-50mg-cbd-jujubes-10x50mg-11","status":"publish","type":"product","link":"https:\/\/stgbc.bcweededible.net\/fr\/buy\/marques\/eden-edibles-fr\/50mg-thc-50mg-cbd-jujubes-10x50mg-11\/","title":{"rendered":"Jujubes THC\/CBD 1:1 (10x50mg)"},"content":{"rendered":"","protected":false},"excerpt":{"rendered":"<p>Entrez dans un monde de plaisir \u00e9lev\u00e9 avec nos <strong>Jujubes au coca-cola 1:1 THC\/CBD<\/strong>, une cr\u00e9ation m\u00e9ticuleusement concoct\u00e9e pour ceux qui recherchent une exploration avanc\u00e9e des <a href=\"https:\/\/stgbc.bcweededible.net\/fr\/acheter\/comestibles\/jujubes\/\">jujubes au cannabis<\/a>. Plongez dans la <strong>synergie \u00e9quilibr\u00e9e<\/strong> d&#8217;une composition de 50mg de THC et 50mg de CBD, pr\u00e9cis\u00e9ment calibr\u00e9e pour offrir une exp\u00e9rience nuanc\u00e9e qui pla\u00eet aux amateurs confirm\u00e9s de cannabis.<\/p>\n<p>Ce produit <a href=\"https:\/\/stgbc.bcweededible.net\/fr\/acheter\/comestibles\/puissant\/\">comestible puissant<\/a> t\u00e9moigne de la danse harmonieuse entre les cannabino\u00efdes, offrant une passerelle vers l&#8217;effet que le THC et le CBD peuvent produire conjointement. Fabriqu\u00e9s avec soin, ces jujubes offrent une <strong>rencontre profonde que recherchent les amateurs de cannabis.<\/strong><\/p>\n<h2><strong>Informations sur les jujubes THC\/CBD 1:1<\/strong><\/h2>\n<table>\n<tbody>\n<tr>\n<td><strong>Produit<\/strong><\/td>\n<td>JUJUBES AU COCA-COLA P\u00c9TILLANT 1:1<\/td>\n<\/tr>\n<tr>\n<td><strong>Quantit\u00e9<\/strong><\/td>\n<td>10 jujubes<\/td>\n<\/tr>\n<tr>\n<td><strong>Rapport THC:CBD<\/strong><\/td>\n<td>500mg THC \/500mg CBD par jujube<\/td>\n<\/tr>\n<tr>\n<td><strong>Souche<\/strong><\/td>\n<td><a href=\"https:\/\/stgbc.bcweededible.net\/shop\/cannabis-flowers\/indica\/\">Indica<\/a> et <a href=\"https:\/\/stgbc.bcweededible.net\/shop\/cannabis-flowers\/sativa\/\">Sativa<\/a><\/td>\n<\/tr>\n<tr>\n<td><strong>Convient pour<\/strong><\/td>\n<td>Les amateurs avanc\u00e9s de cannabis<\/td>\n<\/tr>\n<tr>\n<td><strong>Saveur<\/strong><\/td>\n<td>\u00a0Go\u00fbt de coca-cola<\/td>\n<\/tr>\n<tr>\n<td><strong>Commodit\u00e9<\/strong><\/td>\n<td>Discret et transportable<\/td>\n<\/tr>\n<tr>\n<td><strong>Entreposage<\/strong><\/td>\n<td>6 mois au r\u00e9frig\u00e9rateur, 2 mois \u00e0 temp\u00e9rature ambiante<\/td>\n<\/tr>\n<\/tbody>\n<\/table>\n","protected":false},"featured_media":42583,"comment_status":"open","ping_status":"closed","template":"","meta":[],"product_brand":[],"product_cat":[270,268,265,244,278,664,276,266],"product_tag":[588],"class_list":{"0":"post-43621","1":"product","2":"type-product","3":"status-publish","4":"has-post-thumbnail","6":"product_cat-500mg-fr","7":"product_cat-50mg-fr","8":"product_cat-comestibles-au-cbd","9":"product_cat-comestibles","10":"product_cat-puissant","11":"product_cat-eden-edibles-fr","12":"product_cat-jujubes","13":"product_cat-cbd-jujubes","14":"product_tag-10mg-gummies","16":"first","17":"outofstock","18":"shipping-taxable","19":"purchasable","20":"product-type-variable"},"yoast_head":"\n<title>Acheter Jujubes THC\/CBD 1:1 (10x50mg) | BC Weed Edible.<\/title>\n<meta name=\"robots\" content=\"index, follow, max-snippet:-1, max-image-preview:large, max-video-preview:-1\" \/>\n<link rel=\"canonical\" href=\"https:\/\/stgbc.bcweededible.net\/fr\/buy\/marques\/eden-edibles-fr\/50mg-thc-50mg-cbd-jujubes-10x50mg-11\/\" \/>\n<meta property=\"og:locale\" content=\"fr_FR\" \/>\n<meta property=\"og:type\" content=\"article\" \/>\n<meta property=\"og:title\" content=\"Acheter Jujubes THC\/CBD 1:1 (10x50mg) | BC Weed Edible.\" \/>\n<meta property=\"og:description\" content=\"Entrez dans un monde de plaisir \u00e9lev\u00e9 avec nos Jujubes au coca-cola 1:1 THC\/CBD, une cr\u00e9ation m\u00e9ticuleusement concoct\u00e9e pour ceux qui recherchent une exploration avanc\u00e9e des jujubes au cannabis. Plongez dans la synergie \u00e9quilibr\u00e9e d&#039;une composition de 50mg de THC et 50mg de CBD, pr\u00e9cis\u00e9ment calibr\u00e9e pour offrir une exp\u00e9rience nuanc\u00e9e qui pla\u00eet aux amateurs confirm\u00e9s de cannabis. Ce produit comestible puissant t\u00e9moigne de la danse harmonieuse entre les cannabino\u00efdes, offrant une passerelle vers l&#039;effet que le THC et le CBD peuvent produire conjointement. Fabriqu\u00e9s avec soin, ces jujubes offrent une rencontre profonde que recherchent les amateurs de cannabis. Informations sur les jujubes THC\/CBD 1:1 Produit JUJUBES AU COCA-COLA P\u00c9TILLANT 1:1 Quantit\u00e9 10 jujubes Rapport THC:CBD 500mg THC \/500mg CBD par jujube Souche Indica et Sativa Convient pour Les amateurs avanc\u00e9s de cannabis Saveur \u00a0Go\u00fbt de coca-cola Commodit\u00e9 Discret et transportable Entreposage 6 mois au r\u00e9frig\u00e9rateur, 2 mois \u00e0 temp\u00e9rature ambiante\" \/>\n<meta property=\"og:url\" content=\"https:\/\/stgbc.bcweededible.net\/fr\/buy\/marques\/eden-edibles-fr\/50mg-thc-50mg-cbd-jujubes-10x50mg-11\/\" \/>\n<meta property=\"og:site_name\" content=\"BC Weed Edible\" \/>\n<meta property=\"article:modified_time\" content=\"2025-04-27T15:04:13+00:00\" \/>\n<meta property=\"og:image\" content=\"https:\/\/stgbc.bcweededible.net\/wp-content\/uploads\/2023\/08\/Eden-Cola-Gummies-50mg-THC-50mg-CBD-Gummies-10x50mg.jpg\" \/>\n\t<meta property=\"og:image:width\" content=\"1080\" \/>\n\t<meta property=\"og:image:height\" content=\"1080\" \/>\n\t<meta property=\"og:image:type\" content=\"image\/jpeg\" \/>\n<meta name=\"twitter:card\" content=\"summary_large_image\" \/>\n<script type=\"application\/ld+json\" class=\"yoast-schema-graph\">{\"@context\":\"https:\\\/\\\/schema.org\",\"@graph\":[{\"@type\":\"WebPage\",\"@id\":\"https:\\\/\\\/stgbc.bcweededible.net\\\/fr\\\/buy\\\/marques\\\/eden-edibles-fr\\\/50mg-thc-50mg-cbd-jujubes-10x50mg-11\\\/\",\"url\":\"https:\\\/\\\/stgbc.bcweededible.net\\\/fr\\\/buy\\\/marques\\\/eden-edibles-fr\\\/50mg-thc-50mg-cbd-jujubes-10x50mg-11\\\/\",\"name\":\"Acheter Jujubes THC\\\/CBD 1:1 (10x50mg) | BC Weed Edible.\",\"isPartOf\":{\"@id\":\"https:\\\/\\\/stgbc.bcweededible.net\\\/fr\\\/#website\"},\"primaryImageOfPage\":{\"@id\":\"https:\\\/\\\/stgbc.bcweededible.net\\\/fr\\\/buy\\\/marques\\\/eden-edibles-fr\\\/50mg-thc-50mg-cbd-jujubes-10x50mg-11\\\/#primaryimage\"},\"image\":{\"@id\":\"https:\\\/\\\/stgbc.bcweededible.net\\\/fr\\\/buy\\\/marques\\\/eden-edibles-fr\\\/50mg-thc-50mg-cbd-jujubes-10x50mg-11\\\/#primaryimage\"},\"thumbnailUrl\":\"https:\\\/\\\/stgbc.bcweededible.net\\\/wp-content\\\/uploads\\\/2023\\\/08\\\/Eden-Cola-Gummies-50mg-THC-50mg-CBD-Gummies-10x50mg.jpg\",\"datePublished\":\"2023-09-06T20:42:49+00:00\",\"dateModified\":\"2025-04-27T15:04:13+00:00\",\"breadcrumb\":{\"@id\":\"https:\\\/\\\/stgbc.bcweededible.net\\\/fr\\\/buy\\\/marques\\\/eden-edibles-fr\\\/50mg-thc-50mg-cbd-jujubes-10x50mg-11\\\/#breadcrumb\"},\"inLanguage\":\"fr-FR\",\"potentialAction\":[{\"@type\":\"ReadAction\",\"target\":[\"https:\\\/\\\/stgbc.bcweededible.net\\\/fr\\\/buy\\\/marques\\\/eden-edibles-fr\\\/50mg-thc-50mg-cbd-jujubes-10x50mg-11\\\/\"]}]},{\"@type\":\"ImageObject\",\"inLanguage\":\"fr-FR\",\"@id\":\"https:\\\/\\\/stgbc.bcweededible.net\\\/fr\\\/buy\\\/marques\\\/eden-edibles-fr\\\/50mg-thc-50mg-cbd-jujubes-10x50mg-11\\\/#primaryimage\",\"url\":\"https:\\\/\\\/stgbc.bcweededible.net\\\/wp-content\\\/uploads\\\/2023\\\/08\\\/Eden-Cola-Gummies-50mg-THC-50mg-CBD-Gummies-10x50mg.jpg\",\"contentUrl\":\"https:\\\/\\\/stgbc.bcweededible.net\\\/wp-content\\\/uploads\\\/2023\\\/08\\\/Eden-Cola-Gummies-50mg-THC-50mg-CBD-Gummies-10x50mg.jpg\",\"width\":1080,\"height\":1080,\"caption\":\"50mg THC\\\/50mg CBD Gummies (10x50mg) 1:1\"},{\"@type\":\"BreadcrumbList\",\"@id\":\"https:\\\/\\\/stgbc.bcweededible.net\\\/fr\\\/buy\\\/marques\\\/eden-edibles-fr\\\/50mg-thc-50mg-cbd-jujubes-10x50mg-11\\\/#breadcrumb\",\"itemListElement\":[{\"@type\":\"ListItem\",\"position\":1,\"name\":\"Jujubes au Pot Canada\",\"item\":\"https:\\\/\\\/stgbc.bcweededible.net\\\/fr\\\/shop\\\/\"},{\"@type\":\"ListItem\",\"position\":2,\"name\":\"Jujubes THC\\\/CBD 1:1 (10x50mg)\"}]},{\"@type\":\"WebSite\",\"@id\":\"https:\\\/\\\/stgbc.bcweededible.net\\\/fr\\\/#website\",\"url\":\"https:\\\/\\\/stgbc.bcweededible.net\\\/fr\\\/\",\"name\":\"BC Weed Edible\",\"description\":\"\",\"publisher\":{\"@id\":\"https:\\\/\\\/stgbc.bcweededible.net\\\/fr\\\/#organization\"},\"potentialAction\":[{\"@type\":\"SearchAction\",\"target\":{\"@type\":\"EntryPoint\",\"urlTemplate\":\"https:\\\/\\\/stgbc.bcweededible.net\\\/fr\\\/?s={search_term_string}\"},\"query-input\":{\"@type\":\"PropertyValueSpecification\",\"valueRequired\":true,\"valueName\":\"search_term_string\"}}],\"inLanguage\":\"fr-FR\"},{\"@type\":\"Organization\",\"@id\":\"https:\\\/\\\/stgbc.bcweededible.net\\\/fr\\\/#organization\",\"name\":\"BC Weed Edible\",\"url\":\"https:\\\/\\\/stgbc.bcweededible.net\\\/fr\\\/\",\"logo\":{\"@type\":\"ImageObject\",\"inLanguage\":\"fr-FR\",\"@id\":\"https:\\\/\\\/stgbc.bcweededible.net\\\/fr\\\/#\\\/schema\\\/logo\\\/image\\\/\",\"url\":\"https:\\\/\\\/stgbc.bcweededible.net\\\/wp-content\\\/uploads\\\/2021\\\/12\\\/bc-weed-edible-canada.png\",\"contentUrl\":\"https:\\\/\\\/stgbc.bcweededible.net\\\/wp-content\\\/uploads\\\/2021\\\/12\\\/bc-weed-edible-canada.png\",\"width\":270,\"height\":185,\"caption\":\"BC Weed Edible\"},\"image\":{\"@id\":\"https:\\\/\\\/stgbc.bcweededible.net\\\/fr\\\/#\\\/schema\\\/logo\\\/image\\\/\"}}]}<\/script>\n","yoast_head_json":{"title":"Acheter Jujubes THC\/CBD 1:1 (10x50mg) | BC Weed Edible.","robots":{"index":"index","follow":"follow","max-snippet":"max-snippet:-1","max-image-preview":"max-image-preview:large","max-video-preview":"max-video-preview:-1"},"canonical":"https:\/\/stgbc.bcweededible.net\/fr\/buy\/marques\/eden-edibles-fr\/50mg-thc-50mg-cbd-jujubes-10x50mg-11\/","og_locale":"fr_FR","og_type":"article","og_title":"Acheter Jujubes THC\/CBD 1:1 (10x50mg) | BC Weed Edible.","og_description":"Entrez dans un monde de plaisir \u00e9lev\u00e9 avec nos Jujubes au coca-cola 1:1 THC\/CBD, une cr\u00e9ation m\u00e9ticuleusement concoct\u00e9e pour ceux qui recherchent une exploration avanc\u00e9e des jujubes au cannabis. Plongez dans la synergie \u00e9quilibr\u00e9e d'une composition de 50mg de THC et 50mg de CBD, pr\u00e9cis\u00e9ment calibr\u00e9e pour offrir une exp\u00e9rience nuanc\u00e9e qui pla\u00eet aux amateurs confirm\u00e9s de cannabis. Ce produit comestible puissant t\u00e9moigne de la danse harmonieuse entre les cannabino\u00efdes, offrant une passerelle vers l'effet que le THC et le CBD peuvent produire conjointement. Fabriqu\u00e9s avec soin, ces jujubes offrent une rencontre profonde que recherchent les amateurs de cannabis. Informations sur les jujubes THC\/CBD 1:1 Produit JUJUBES AU COCA-COLA P\u00c9TILLANT 1:1 Quantit\u00e9 10 jujubes Rapport THC:CBD 500mg THC \/500mg CBD par jujube Souche Indica et Sativa Convient pour Les amateurs avanc\u00e9s de cannabis Saveur \u00a0Go\u00fbt de coca-cola Commodit\u00e9 Discret et transportable Entreposage 6 mois au r\u00e9frig\u00e9rateur, 2 mois \u00e0 temp\u00e9rature ambiante","og_url":"https:\/\/stgbc.bcweededible.net\/fr\/buy\/marques\/eden-edibles-fr\/50mg-thc-50mg-cbd-jujubes-10x50mg-11\/","og_site_name":"BC Weed Edible","article_modified_time":"2025-04-27T15:04:13+00:00","og_image":[{"width":1080,"height":1080,"url":"https:\/\/stgbc.bcweededible.net\/wp-content\/uploads\/2023\/08\/Eden-Cola-Gummies-50mg-THC-50mg-CBD-Gummies-10x50mg.jpg","type":"image\/jpeg"}],"twitter_card":"summary_large_image","schema":{"@context":"https:\/\/schema.org","@graph":[{"@type":"WebPage","@id":"https:\/\/stgbc.bcweededible.net\/fr\/buy\/marques\/eden-edibles-fr\/50mg-thc-50mg-cbd-jujubes-10x50mg-11\/","url":"https:\/\/stgbc.bcweededible.net\/fr\/buy\/marques\/eden-edibles-fr\/50mg-thc-50mg-cbd-jujubes-10x50mg-11\/","name":"Acheter Jujubes THC\/CBD 1:1 (10x50mg) | BC Weed Edible.","isPartOf":{"@id":"https:\/\/stgbc.bcweededible.net\/fr\/#website"},"primaryImageOfPage":{"@id":"https:\/\/stgbc.bcweededible.net\/fr\/buy\/marques\/eden-edibles-fr\/50mg-thc-50mg-cbd-jujubes-10x50mg-11\/#primaryimage"},"image":{"@id":"https:\/\/stgbc.bcweededible.net\/fr\/buy\/marques\/eden-edibles-fr\/50mg-thc-50mg-cbd-jujubes-10x50mg-11\/#primaryimage"},"thumbnailUrl":"https:\/\/stgbc.bcweededible.net\/wp-content\/uploads\/2023\/08\/Eden-Cola-Gummies-50mg-THC-50mg-CBD-Gummies-10x50mg.jpg","datePublished":"2023-09-06T20:42:49+00:00","dateModified":"2025-04-27T15:04:13+00:00","breadcrumb":{"@id":"https:\/\/stgbc.bcweededible.net\/fr\/buy\/marques\/eden-edibles-fr\/50mg-thc-50mg-cbd-jujubes-10x50mg-11\/#breadcrumb"},"inLanguage":"fr-FR","potentialAction":[{"@type":"ReadAction","target":["https:\/\/stgbc.bcweededible.net\/fr\/buy\/marques\/eden-edibles-fr\/50mg-thc-50mg-cbd-jujubes-10x50mg-11\/"]}]},{"@type":"ImageObject","inLanguage":"fr-FR","@id":"https:\/\/stgbc.bcweededible.net\/fr\/buy\/marques\/eden-edibles-fr\/50mg-thc-50mg-cbd-jujubes-10x50mg-11\/#primaryimage","url":"https:\/\/stgbc.bcweededible.net\/wp-content\/uploads\/2023\/08\/Eden-Cola-Gummies-50mg-THC-50mg-CBD-Gummies-10x50mg.jpg","contentUrl":"https:\/\/stgbc.bcweededible.net\/wp-content\/uploads\/2023\/08\/Eden-Cola-Gummies-50mg-THC-50mg-CBD-Gummies-10x50mg.jpg","width":1080,"height":1080,"caption":"50mg THC\/50mg CBD Gummies (10x50mg) 1:1"},{"@type":"BreadcrumbList","@id":"https:\/\/stgbc.bcweededible.net\/fr\/buy\/marques\/eden-edibles-fr\/50mg-thc-50mg-cbd-jujubes-10x50mg-11\/#breadcrumb","itemListElement":[{"@type":"ListItem","position":1,"name":"Jujubes au Pot Canada","item":"https:\/\/stgbc.bcweededible.net\/fr\/shop\/"},{"@type":"ListItem","position":2,"name":"Jujubes THC\/CBD 1:1 (10x50mg)"}]},{"@type":"WebSite","@id":"https:\/\/stgbc.bcweededible.net\/fr\/#website","url":"https:\/\/stgbc.bcweededible.net\/fr\/","name":"BC Weed Edible","description":"","publisher":{"@id":"https:\/\/stgbc.bcweededible.net\/fr\/#organization"},"potentialAction":[{"@type":"SearchAction","target":{"@type":"EntryPoint","urlTemplate":"https:\/\/stgbc.bcweededible.net\/fr\/?s={search_term_string}"},"query-input":{"@type":"PropertyValueSpecification","valueRequired":true,"valueName":"search_term_string"}}],"inLanguage":"fr-FR"},{"@type":"Organization","@id":"https:\/\/stgbc.bcweededible.net\/fr\/#organization","name":"BC Weed Edible","url":"https:\/\/stgbc.bcweededible.net\/fr\/","logo":{"@type":"ImageObject","inLanguage":"fr-FR","@id":"https:\/\/stgbc.bcweededible.net\/fr\/#\/schema\/logo\/image\/","url":"https:\/\/stgbc.bcweededible.net\/wp-content\/uploads\/2021\/12\/bc-weed-edible-canada.png","contentUrl":"https:\/\/stgbc.bcweededible.net\/wp-content\/uploads\/2021\/12\/bc-weed-edible-canada.png","width":270,"height":185,"caption":"BC Weed Edible"},"image":{"@id":"https:\/\/stgbc.bcweededible.net\/fr\/#\/schema\/logo\/image\/"}}]}},"_links":{"self":[{"href":"https:\/\/stgbc.bcweededible.net\/fr\/wp-json\/wp\/v2\/product\/43621","targetHints":{"allow":["GET"]}}],"collection":[{"href":"https:\/\/stgbc.bcweededible.net\/fr\/wp-json\/wp\/v2\/product"}],"about":[{"href":"https:\/\/stgbc.bcweededible.net\/fr\/wp-json\/wp\/v2\/types\/product"}],"replies":[{"embeddable":true,"href":"https:\/\/stgbc.bcweededible.net\/fr\/wp-json\/wp\/v2\/comments?post=43621"}],"wp:featuredmedia":[{"embeddable":true,"href":"https:\/\/stgbc.bcweededible.net\/fr\/wp-json\/wp\/v2\/media\/42583"}],"wp:attachment":[{"href":"https:\/\/stgbc.bcweededible.net\/fr\/wp-json\/wp\/v2\/media?parent=43621"}],"wp:term":[{"taxonomy":"product_brand","embeddable":true,"href":"https:\/\/stgbc.bcweededible.net\/fr\/wp-json\/wp\/v2\/product_brand?post=43621"},{"taxonomy":"product_cat","embeddable":true,"href":"https:\/\/stgbc.bcweededible.net\/fr\/wp-json\/wp\/v2\/product_cat?post=43621"},{"taxonomy":"product_tag","embeddable":true,"href":"https:\/\/stgbc.bcweededible.net\/fr\/wp-json\/wp\/v2\/product_tag?post=43621"}],"curies":[{"name":"wp","href":"https:\/\/api.w.org\/{rel}","templated":true}]}}