{"id":43607,"date":"2023-08-04T14:38:31","date_gmt":"2023-09-06T20:42:41","guid":{"rendered":"https:\/\/bcweededible.net\/buy\/non%20class\u00e9\/cachet-vangyptien\/"},"modified":"2025-11-18T21:10:24","modified_gmt":"2025-11-19T05:10:24","slug":"vangyptian-hash","status":"publish","type":"product","link":"https:\/\/stgbc.bcweededible.net\/fr\/buy\/concentres\/hasch\/hash-importe\/vangyptian-hash\/","title":{"rendered":"Hash Vangyptian"},"content":{"rendered":"","protected":false},"excerpt":{"rendered":"<p>Voici le <strong>Hash Vangyptian<\/strong> &#8211; l&#8217;artisan des <a href=\"https:\/\/stgbc.bcweededible.net\/shop\/concentrates\/\">concentr\u00e9s de cannabis<\/a> qui apporte sa passion et son expertise \u00e0 l&#8217;\u00e9laboration des concentr\u00e9s de haschisch et des concentr\u00e9s sans solvant. Au Canada, Vangyptian est le nom de r\u00e9f\u00e9rence pour ceux qui recherchent les<strong> exp\u00e9riences de hash les plus fines et les plus d\u00e9licieuses<\/strong>. Vous serez captiv\u00e9s par l&#8217;amour et le d\u00e9vouement mis dans chaque lot de ce produit, m\u00e9ticuleusement cr\u00e9\u00e9 par le <a href=\"https:\/\/honestmarijuana.com\/ice-water-extraction\/#:~:text=Ice%20water%20extraction%20is%20the,the%20material%20in%20cold%20water.\">processus Ice Water<\/a>. Le r\u00e9sultat est un haschisch dur et friable qui incarne l&#8217;essence de l&#8217;artisanat pur.<\/p>\n<h2>Informations sur le hash Vangyptian<\/h2>\n<table>\n<tbody>\n<tr>\n<td><strong>Puissance<\/strong><\/td>\n<td>environ 60 % de THC<\/td>\n<\/tr>\n<tr>\n<td><strong>M\u00e9thode d&#8217;extraction<\/strong><\/td>\n<td>Traitement \u00e0 l&#8217;eau glac\u00e9e avec un sac \u00e0 mailles de 45 microns<\/td>\n<\/tr>\n<tr>\n<td><strong>Style<\/strong><\/td>\n<td>Style Hashish dur et friable<\/td>\n<\/tr>\n<tr>\n<td><strong>M\u00e9thode du haschisch<\/strong><\/td>\n<td>Extraction \u00e0 l&#8217;eau glac\u00e9e<\/td>\n<\/tr>\n<tr>\n<td><strong>Processus de s\u00e9chage<\/strong><\/td>\n<td>S\u00e9ch\u00e9 \u00e0 l&#8217;air libre \u00e0 la perfection<\/td>\n<\/tr>\n<tr>\n<td><strong>Approche<\/strong><\/td>\n<td>Combine les m\u00e9thodes de l&#8217;ancienne \u00e9cole avec les technologies de la nouvelle \u00e9cole<\/td>\n<\/tr>\n<tr>\n<td><strong>Assurance qualit\u00e9<\/strong><\/td>\n<td>Une attention m\u00e9ticuleuse \u00e0 la qualit\u00e9<\/td>\n<\/tr>\n<\/tbody>\n<\/table>\n","protected":false},"featured_media":39196,"comment_status":"open","ping_status":"closed","template":"","meta":[],"product_brand":[],"product_cat":[800,305,628,636,653],"product_tag":[],"class_list":{"0":"post-43607","1":"product","2":"type-product","3":"status-publish","4":"has-post-thumbnail","6":"product_cat-bubble-hash-fr","7":"product_cat-concentres","8":"product_cat-hasch","9":"product_cat-hash-importe","10":"product_cat-hash-premium","12":"first","13":"instock","14":"shipping-taxable","15":"purchasable","16":"product-type-variable"},"yoast_head":"\n<title>Acheter Hash Vangyptian en Ligne Canada | BC Weed Edible<\/title>\n<meta name=\"robots\" content=\"index, follow, max-snippet:-1, max-image-preview:large, max-video-preview:-1\" \/>\n<link rel=\"canonical\" href=\"https:\/\/stgbc.bcweededible.net\/fr\/buy\/concentres\/hasch\/hash-importe\/vangyptian-hash\/\" \/>\n<meta property=\"og:locale\" content=\"fr_FR\" \/>\n<meta property=\"og:type\" content=\"article\" \/>\n<meta property=\"og:title\" content=\"Acheter Hash Vangyptian en Ligne Canada | BC Weed Edible\" \/>\n<meta property=\"og:description\" content=\"Voici le Hash Vangyptian - l&#039;artisan des concentr\u00e9s de cannabis qui apporte sa passion et son expertise \u00e0 l&#039;\u00e9laboration des concentr\u00e9s de haschisch et des concentr\u00e9s sans solvant. Au Canada, Vangyptian est le nom de r\u00e9f\u00e9rence pour ceux qui recherchent les exp\u00e9riences de hash les plus fines et les plus d\u00e9licieuses. Vous serez captiv\u00e9s par l&#039;amour et le d\u00e9vouement mis dans chaque lot de ce produit, m\u00e9ticuleusement cr\u00e9\u00e9 par le processus Ice Water. Le r\u00e9sultat est un haschisch dur et friable qui incarne l&#039;essence de l&#039;artisanat pur. Informations sur le hash Vangyptian Puissance environ 60 % de THC M\u00e9thode d&#039;extraction Traitement \u00e0 l&#039;eau glac\u00e9e avec un sac \u00e0 mailles de 45 microns Style Style Hashish dur et friable M\u00e9thode du haschisch Extraction \u00e0 l&#039;eau glac\u00e9e Processus de s\u00e9chage S\u00e9ch\u00e9 \u00e0 l&#039;air libre \u00e0 la perfection Approche Combine les m\u00e9thodes de l&#039;ancienne \u00e9cole avec les technologies de la nouvelle \u00e9cole Assurance qualit\u00e9 Une attention m\u00e9ticuleuse \u00e0 la qualit\u00e9\" \/>\n<meta property=\"og:url\" content=\"https:\/\/stgbc.bcweededible.net\/fr\/buy\/concentres\/hasch\/hash-importe\/vangyptian-hash\/\" \/>\n<meta property=\"og:site_name\" content=\"BC Weed Edible\" \/>\n<meta property=\"article:modified_time\" content=\"2025-11-19T05:10:24+00:00\" \/>\n<meta property=\"og:image\" content=\"https:\/\/stgbc.bcweededible.net\/wp-content\/uploads\/2023\/07\/Vangyptian-hash-min.png\" \/>\n\t<meta property=\"og:image:width\" content=\"800\" \/>\n\t<meta property=\"og:image:height\" content=\"800\" \/>\n\t<meta property=\"og:image:type\" content=\"image\/png\" \/>\n<meta name=\"twitter:card\" content=\"summary_large_image\" \/>\n<meta name=\"twitter:label1\" content=\"Dur\u00e9e de lecture estim\u00e9e\" \/>\n\t<meta name=\"twitter:data1\" content=\"2 minutes\" \/>\n<script type=\"application\/ld+json\" class=\"yoast-schema-graph\">{\"@context\":\"https:\\\/\\\/schema.org\",\"@graph\":[{\"@type\":\"WebPage\",\"@id\":\"https:\\\/\\\/stgbc.bcweededible.net\\\/fr\\\/buy\\\/concentres\\\/hasch\\\/hash-importe\\\/vangyptian-hash\\\/\",\"url\":\"https:\\\/\\\/stgbc.bcweededible.net\\\/fr\\\/buy\\\/concentres\\\/hasch\\\/hash-importe\\\/vangyptian-hash\\\/\",\"name\":\"Acheter Hash Vangyptian en Ligne Canada | BC Weed Edible\",\"isPartOf\":{\"@id\":\"https:\\\/\\\/stgbc.bcweededible.net\\\/fr\\\/#website\"},\"primaryImageOfPage\":{\"@id\":\"https:\\\/\\\/stgbc.bcweededible.net\\\/fr\\\/buy\\\/concentres\\\/hasch\\\/hash-importe\\\/vangyptian-hash\\\/#primaryimage\"},\"image\":{\"@id\":\"https:\\\/\\\/stgbc.bcweededible.net\\\/fr\\\/buy\\\/concentres\\\/hasch\\\/hash-importe\\\/vangyptian-hash\\\/#primaryimage\"},\"thumbnailUrl\":\"https:\\\/\\\/stgbc.bcweededible.net\\\/wp-content\\\/uploads\\\/2023\\\/07\\\/Vangyptian-hash-min.png\",\"datePublished\":\"2023-09-06T20:42:41+00:00\",\"dateModified\":\"2025-11-19T05:10:24+00:00\",\"breadcrumb\":{\"@id\":\"https:\\\/\\\/stgbc.bcweededible.net\\\/fr\\\/buy\\\/concentres\\\/hasch\\\/hash-importe\\\/vangyptian-hash\\\/#breadcrumb\"},\"inLanguage\":\"fr-FR\",\"potentialAction\":[{\"@type\":\"ReadAction\",\"target\":[\"https:\\\/\\\/stgbc.bcweededible.net\\\/fr\\\/buy\\\/concentres\\\/hasch\\\/hash-importe\\\/vangyptian-hash\\\/\"]}]},{\"@type\":\"ImageObject\",\"inLanguage\":\"fr-FR\",\"@id\":\"https:\\\/\\\/stgbc.bcweededible.net\\\/fr\\\/buy\\\/concentres\\\/hasch\\\/hash-importe\\\/vangyptian-hash\\\/#primaryimage\",\"url\":\"https:\\\/\\\/stgbc.bcweededible.net\\\/wp-content\\\/uploads\\\/2023\\\/07\\\/Vangyptian-hash-min.png\",\"contentUrl\":\"https:\\\/\\\/stgbc.bcweededible.net\\\/wp-content\\\/uploads\\\/2023\\\/07\\\/Vangyptian-hash-min.png\",\"width\":800,\"height\":800,\"caption\":\"vangyptian has\"},{\"@type\":\"BreadcrumbList\",\"@id\":\"https:\\\/\\\/stgbc.bcweededible.net\\\/fr\\\/buy\\\/concentres\\\/hasch\\\/hash-importe\\\/vangyptian-hash\\\/#breadcrumb\",\"itemListElement\":[{\"@type\":\"ListItem\",\"position\":1,\"name\":\"Jujubes au Pot Canada\",\"item\":\"https:\\\/\\\/stgbc.bcweededible.net\\\/fr\\\/shop\\\/\"},{\"@type\":\"ListItem\",\"position\":2,\"name\":\"Hash Vangyptian\"}]},{\"@type\":\"WebSite\",\"@id\":\"https:\\\/\\\/stgbc.bcweededible.net\\\/fr\\\/#website\",\"url\":\"https:\\\/\\\/stgbc.bcweededible.net\\\/fr\\\/\",\"name\":\"BC Weed Edible\",\"description\":\"\",\"publisher\":{\"@id\":\"https:\\\/\\\/stgbc.bcweededible.net\\\/fr\\\/#organization\"},\"potentialAction\":[{\"@type\":\"SearchAction\",\"target\":{\"@type\":\"EntryPoint\",\"urlTemplate\":\"https:\\\/\\\/stgbc.bcweededible.net\\\/fr\\\/?s={search_term_string}\"},\"query-input\":{\"@type\":\"PropertyValueSpecification\",\"valueRequired\":true,\"valueName\":\"search_term_string\"}}],\"inLanguage\":\"fr-FR\"},{\"@type\":\"Organization\",\"@id\":\"https:\\\/\\\/stgbc.bcweededible.net\\\/fr\\\/#organization\",\"name\":\"BC Weed Edible\",\"url\":\"https:\\\/\\\/stgbc.bcweededible.net\\\/fr\\\/\",\"logo\":{\"@type\":\"ImageObject\",\"inLanguage\":\"fr-FR\",\"@id\":\"https:\\\/\\\/stgbc.bcweededible.net\\\/fr\\\/#\\\/schema\\\/logo\\\/image\\\/\",\"url\":\"https:\\\/\\\/stgbc.bcweededible.net\\\/wp-content\\\/uploads\\\/2021\\\/12\\\/bc-weed-edible-canada.png\",\"contentUrl\":\"https:\\\/\\\/stgbc.bcweededible.net\\\/wp-content\\\/uploads\\\/2021\\\/12\\\/bc-weed-edible-canada.png\",\"width\":270,\"height\":185,\"caption\":\"BC Weed Edible\"},\"image\":{\"@id\":\"https:\\\/\\\/stgbc.bcweededible.net\\\/fr\\\/#\\\/schema\\\/logo\\\/image\\\/\"}}]}<\/script>\n","yoast_head_json":{"title":"Acheter Hash Vangyptian en Ligne Canada | BC Weed Edible","robots":{"index":"index","follow":"follow","max-snippet":"max-snippet:-1","max-image-preview":"max-image-preview:large","max-video-preview":"max-video-preview:-1"},"canonical":"https:\/\/stgbc.bcweededible.net\/fr\/buy\/concentres\/hasch\/hash-importe\/vangyptian-hash\/","og_locale":"fr_FR","og_type":"article","og_title":"Acheter Hash Vangyptian en Ligne Canada | BC Weed Edible","og_description":"Voici le Hash Vangyptian - l'artisan des concentr\u00e9s de cannabis qui apporte sa passion et son expertise \u00e0 l'\u00e9laboration des concentr\u00e9s de haschisch et des concentr\u00e9s sans solvant. Au Canada, Vangyptian est le nom de r\u00e9f\u00e9rence pour ceux qui recherchent les exp\u00e9riences de hash les plus fines et les plus d\u00e9licieuses. Vous serez captiv\u00e9s par l'amour et le d\u00e9vouement mis dans chaque lot de ce produit, m\u00e9ticuleusement cr\u00e9\u00e9 par le processus Ice Water. Le r\u00e9sultat est un haschisch dur et friable qui incarne l'essence de l'artisanat pur. Informations sur le hash Vangyptian Puissance environ 60 % de THC M\u00e9thode d'extraction Traitement \u00e0 l'eau glac\u00e9e avec un sac \u00e0 mailles de 45 microns Style Style Hashish dur et friable M\u00e9thode du haschisch Extraction \u00e0 l'eau glac\u00e9e Processus de s\u00e9chage S\u00e9ch\u00e9 \u00e0 l'air libre \u00e0 la perfection Approche Combine les m\u00e9thodes de l'ancienne \u00e9cole avec les technologies de la nouvelle \u00e9cole Assurance qualit\u00e9 Une attention m\u00e9ticuleuse \u00e0 la qualit\u00e9","og_url":"https:\/\/stgbc.bcweededible.net\/fr\/buy\/concentres\/hasch\/hash-importe\/vangyptian-hash\/","og_site_name":"BC Weed Edible","article_modified_time":"2025-11-19T05:10:24+00:00","og_image":[{"width":800,"height":800,"url":"https:\/\/stgbc.bcweededible.net\/wp-content\/uploads\/2023\/07\/Vangyptian-hash-min.png","type":"image\/png"}],"twitter_card":"summary_large_image","twitter_misc":{"Dur\u00e9e de lecture estim\u00e9e":"2 minutes"},"schema":{"@context":"https:\/\/schema.org","@graph":[{"@type":"WebPage","@id":"https:\/\/stgbc.bcweededible.net\/fr\/buy\/concentres\/hasch\/hash-importe\/vangyptian-hash\/","url":"https:\/\/stgbc.bcweededible.net\/fr\/buy\/concentres\/hasch\/hash-importe\/vangyptian-hash\/","name":"Acheter Hash Vangyptian en Ligne Canada | BC Weed Edible","isPartOf":{"@id":"https:\/\/stgbc.bcweededible.net\/fr\/#website"},"primaryImageOfPage":{"@id":"https:\/\/stgbc.bcweededible.net\/fr\/buy\/concentres\/hasch\/hash-importe\/vangyptian-hash\/#primaryimage"},"image":{"@id":"https:\/\/stgbc.bcweededible.net\/fr\/buy\/concentres\/hasch\/hash-importe\/vangyptian-hash\/#primaryimage"},"thumbnailUrl":"https:\/\/stgbc.bcweededible.net\/wp-content\/uploads\/2023\/07\/Vangyptian-hash-min.png","datePublished":"2023-09-06T20:42:41+00:00","dateModified":"2025-11-19T05:10:24+00:00","breadcrumb":{"@id":"https:\/\/stgbc.bcweededible.net\/fr\/buy\/concentres\/hasch\/hash-importe\/vangyptian-hash\/#breadcrumb"},"inLanguage":"fr-FR","potentialAction":[{"@type":"ReadAction","target":["https:\/\/stgbc.bcweededible.net\/fr\/buy\/concentres\/hasch\/hash-importe\/vangyptian-hash\/"]}]},{"@type":"ImageObject","inLanguage":"fr-FR","@id":"https:\/\/stgbc.bcweededible.net\/fr\/buy\/concentres\/hasch\/hash-importe\/vangyptian-hash\/#primaryimage","url":"https:\/\/stgbc.bcweededible.net\/wp-content\/uploads\/2023\/07\/Vangyptian-hash-min.png","contentUrl":"https:\/\/stgbc.bcweededible.net\/wp-content\/uploads\/2023\/07\/Vangyptian-hash-min.png","width":800,"height":800,"caption":"vangyptian has"},{"@type":"BreadcrumbList","@id":"https:\/\/stgbc.bcweededible.net\/fr\/buy\/concentres\/hasch\/hash-importe\/vangyptian-hash\/#breadcrumb","itemListElement":[{"@type":"ListItem","position":1,"name":"Jujubes au Pot Canada","item":"https:\/\/stgbc.bcweededible.net\/fr\/shop\/"},{"@type":"ListItem","position":2,"name":"Hash Vangyptian"}]},{"@type":"WebSite","@id":"https:\/\/stgbc.bcweededible.net\/fr\/#website","url":"https:\/\/stgbc.bcweededible.net\/fr\/","name":"BC Weed Edible","description":"","publisher":{"@id":"https:\/\/stgbc.bcweededible.net\/fr\/#organization"},"potentialAction":[{"@type":"SearchAction","target":{"@type":"EntryPoint","urlTemplate":"https:\/\/stgbc.bcweededible.net\/fr\/?s={search_term_string}"},"query-input":{"@type":"PropertyValueSpecification","valueRequired":true,"valueName":"search_term_string"}}],"inLanguage":"fr-FR"},{"@type":"Organization","@id":"https:\/\/stgbc.bcweededible.net\/fr\/#organization","name":"BC Weed Edible","url":"https:\/\/stgbc.bcweededible.net\/fr\/","logo":{"@type":"ImageObject","inLanguage":"fr-FR","@id":"https:\/\/stgbc.bcweededible.net\/fr\/#\/schema\/logo\/image\/","url":"https:\/\/stgbc.bcweededible.net\/wp-content\/uploads\/2021\/12\/bc-weed-edible-canada.png","contentUrl":"https:\/\/stgbc.bcweededible.net\/wp-content\/uploads\/2021\/12\/bc-weed-edible-canada.png","width":270,"height":185,"caption":"BC Weed Edible"},"image":{"@id":"https:\/\/stgbc.bcweededible.net\/fr\/#\/schema\/logo\/image\/"}}]}},"_links":{"self":[{"href":"https:\/\/stgbc.bcweededible.net\/fr\/wp-json\/wp\/v2\/product\/43607","targetHints":{"allow":["GET"]}}],"collection":[{"href":"https:\/\/stgbc.bcweededible.net\/fr\/wp-json\/wp\/v2\/product"}],"about":[{"href":"https:\/\/stgbc.bcweededible.net\/fr\/wp-json\/wp\/v2\/types\/product"}],"replies":[{"embeddable":true,"href":"https:\/\/stgbc.bcweededible.net\/fr\/wp-json\/wp\/v2\/comments?post=43607"}],"wp:featuredmedia":[{"embeddable":true,"href":"https:\/\/stgbc.bcweededible.net\/fr\/wp-json\/wp\/v2\/media\/39196"}],"wp:attachment":[{"href":"https:\/\/stgbc.bcweededible.net\/fr\/wp-json\/wp\/v2\/media?parent=43607"}],"wp:term":[{"taxonomy":"product_brand","embeddable":true,"href":"https:\/\/stgbc.bcweededible.net\/fr\/wp-json\/wp\/v2\/product_brand?post=43607"},{"taxonomy":"product_cat","embeddable":true,"href":"https:\/\/stgbc.bcweededible.net\/fr\/wp-json\/wp\/v2\/product_cat?post=43607"},{"taxonomy":"product_tag","embeddable":true,"href":"https:\/\/stgbc.bcweededible.net\/fr\/wp-json\/wp\/v2\/product_tag?post=43607"}],"curies":[{"name":"wp","href":"https:\/\/api.w.org\/{rel}","templated":true}]}}