{"id":43605,"date":"2023-08-10T10:51:19","date_gmt":"2023-09-06T20:42:34","guid":{"rendered":"https:\/\/bcweededible.net\/buy\/non%20class\u00e9\/premium-hash-sampler-pack-8grammes\/"},"modified":"2025-05-04T17:24:45","modified_gmt":"2025-05-05T00:24:45","slug":"premium-hash-sampler-pack-8gram","status":"publish","type":"product","link":"https:\/\/stgbc.bcweededible.net\/fr\/buy\/concentres\/hasch\/hash-importe\/premium-hash-sampler-pack-8gram\/","title":{"rendered":"\u00c9chantillons de Hash Premium (8gr)"},"content":{"rendered":"<h2>Comment consommer du hash ?<\/h2>\n<ul>\n<li>\u00c9mietter et saupoudrer dans un joint<\/li>\n<li>Fumer avec une pipe\/un bong\/un hookah<\/li>\n<li>Fumer avec un &#8221;one-hitter&#8221;<\/li>\n<\/ul>\n","protected":false},"excerpt":{"rendered":"<p><strong>8 grammes assortis de <a href=\"https:\/\/stgbc.bcweededible.net\/fr\/shop\/concentres\/hasch\/hash-premium\/\">hash de qualit\u00e9 sup\u00e9rieure<\/a> pour SEULEMENT 149 $ (18,5 $\/g) !<\/strong> Notre hash de qualit\u00e9 sup\u00e9rieure est import\u00e9 du Maroc, des Pays-Bas, du N\u00e9pal&#8230; ce qui nous permet d&#8217;obtenir la meilleure qualit\u00e9 disponible au Canada.<\/p>\n<p>Cet \u00e9chantillon est un excellent moyen d&#8217;<strong> essayer notre s\u00e9lection compl\u00e8te de hash \u00e0 un prix r\u00e9duit et pour d\u00e9couvrir votre produit pr\u00e9f\u00e9r\u00e9 !\u00a0<\/strong><\/p>\n<h2>Quels sont les types de hash dans cet \u00e9chantillon premium ?<\/h2>\n<p>Nous faisons de notre mieux pour vous envoyer les vari\u00e9t\u00e9s \u00e9num\u00e9r\u00e9es ci-dessous. En cas d&#8217;\u00e9puisement d&#8217;un type de produit, nous pouvons le remplacer par une option \u00e9quivalente ou meilleure. Voici ce \u00e0 quoi vous pouvez vous attendre :<\/p>\n<ol>\n<li><a href=\"https:\/\/stgbc.bcweededible.net\/fr\/buy\/concentres\/hasch\/hash-importe\/nepalais-temple-balls\/\">AAAA Temple Nepalese Ball Hash<\/a><\/li>\n<li><a href=\"https:\/\/stgbc.bcweededible.net\/fr\/buy\/concentres\/hasch\/hash-importe\/hachis-de-triticana-marocain\/\">Moroccan Triticana Hash<\/a><\/li>\n<li><a href=\"https:\/\/stgbc.bcweededible.net\/fr\/buy\/concentres\/hasch\/hash-importe\/rouge-turc-hache\/\">Red Turk Hash<\/a><\/li>\n<li><a href=\"https:\/\/stgbc.bcweededible.net\/fr\/buy\/concentres\/hasch\/hash-importe\/gevalia-hash\/\">Gevalia Hash<\/a><\/li>\n<li><a href=\"https:\/\/stgbc.bcweededible.net\/fr\/buy\/concentres\/hasch\/hash-importe\/hachis-marocain-la-main\/\">La Main Moroccan Hash<\/a><\/li>\n<li><a href=\"https:\/\/stgbc.bcweededible.net\/fr\/buy\/concentres\/hasch\/hash-importe\/haschisch-vaudou\/\">Voodoo Hash<\/a><\/li>\n<li><a href=\"https:\/\/stgbc.bcweededible.net\/fr\/buy\/concentres\/hasch\/hash-importe\/pays-bas-chasseur-hachage\/\">Netherlands Hunter Hash<\/a><\/li>\n<li><a href=\"https:\/\/stgbc.bcweededible.net\/fr\/buy\/concentres\/hasch\/hash-importe\/bugatti-hash\/\">Bugatti Hash<\/a><\/li>\n<\/ol>\n<p><a href=\"https:\/\/stgbc.bcweededible.net\/shop\/concentrates\/hash\/premium-hash\/\">Cliquez ici<\/a> pour acheter individuellement.<\/p>\n<p>&nbsp;<\/p>\n","protected":false},"featured_media":40934,"comment_status":"open","ping_status":"closed","template":"","meta":[],"product_brand":[],"product_cat":[305,628,636,653],"product_tag":[],"class_list":{"0":"post-43605","1":"product","2":"type-product","3":"status-publish","4":"has-post-thumbnail","6":"product_cat-concentres","7":"product_cat-hasch","8":"product_cat-hash-importe","9":"product_cat-hash-premium","11":"first","12":"outofstock","13":"sale","14":"shipping-taxable","15":"purchasable","16":"product-type-simple"},"yoast_head":"\n<title>Acheter \u00c9chantillons de Hash Premium (8gr) | Acheter du hasch en vrac et pas cher en ligne | BC Weed Edible<\/title>\n<meta name=\"robots\" content=\"index, follow, max-snippet:-1, max-image-preview:large, max-video-preview:-1\" \/>\n<link rel=\"canonical\" href=\"https:\/\/stgbc.bcweededible.net\/fr\/buy\/concentres\/hasch\/hash-importe\/premium-hash-sampler-pack-8gram\/\" \/>\n<meta property=\"og:locale\" content=\"fr_FR\" \/>\n<meta property=\"og:type\" content=\"article\" \/>\n<meta property=\"og:title\" content=\"Acheter \u00c9chantillons de Hash Premium (8gr) | Acheter du hasch en vrac et pas cher en ligne | BC Weed Edible\" \/>\n<meta property=\"og:description\" content=\"8 grammes assortis de hash de qualit\u00e9 sup\u00e9rieure pour SEULEMENT 149 $ (18,5 $\/g) ! Notre hash de qualit\u00e9 sup\u00e9rieure est import\u00e9 du Maroc, des Pays-Bas, du N\u00e9pal... ce qui nous permet d&#039;obtenir la meilleure qualit\u00e9 disponible au Canada. Cet \u00e9chantillon est un excellent moyen d&#039; essayer notre s\u00e9lection compl\u00e8te de hash \u00e0 un prix r\u00e9duit et pour d\u00e9couvrir votre produit pr\u00e9f\u00e9r\u00e9 !\u00a0 Quels sont les types de hash dans cet \u00e9chantillon premium ? Nous faisons de notre mieux pour vous envoyer les vari\u00e9t\u00e9s \u00e9num\u00e9r\u00e9es ci-dessous. En cas d&#039;\u00e9puisement d&#039;un type de produit, nous pouvons le remplacer par une option \u00e9quivalente ou meilleure. Voici ce \u00e0 quoi vous pouvez vous attendre : AAAA Temple Nepalese Ball Hash Moroccan Triticana Hash Red Turk Hash Gevalia Hash La Main Moroccan Hash Voodoo Hash Netherlands Hunter Hash Bugatti Hash Cliquez ici pour acheter individuellement. &nbsp;\" \/>\n<meta property=\"og:url\" content=\"https:\/\/stgbc.bcweededible.net\/fr\/buy\/concentres\/hasch\/hash-importe\/premium-hash-sampler-pack-8gram\/\" \/>\n<meta property=\"og:site_name\" content=\"BC Weed Edible\" \/>\n<meta property=\"article:modified_time\" content=\"2025-05-05T00:24:45+00:00\" \/>\n<meta property=\"og:image\" content=\"https:\/\/stgbc.bcweededible.net\/wp-content\/uploads\/2023\/08\/premium-hash-sample-pack.jpg\" \/>\n\t<meta property=\"og:image:width\" content=\"720\" \/>\n\t<meta property=\"og:image:height\" content=\"720\" \/>\n\t<meta property=\"og:image:type\" content=\"image\/jpeg\" \/>\n<meta name=\"twitter:card\" content=\"summary_large_image\" \/>\n<meta name=\"twitter:label1\" content=\"Dur\u00e9e de lecture estim\u00e9e\" \/>\n\t<meta name=\"twitter:data1\" content=\"1 minute\" \/>\n<script type=\"application\/ld+json\" class=\"yoast-schema-graph\">{\"@context\":\"https:\\\/\\\/schema.org\",\"@graph\":[{\"@type\":\"WebPage\",\"@id\":\"https:\\\/\\\/stgbc.bcweededible.net\\\/fr\\\/buy\\\/concentres\\\/hasch\\\/hash-importe\\\/premium-hash-sampler-pack-8gram\\\/\",\"url\":\"https:\\\/\\\/stgbc.bcweededible.net\\\/fr\\\/buy\\\/concentres\\\/hasch\\\/hash-importe\\\/premium-hash-sampler-pack-8gram\\\/\",\"name\":\"Acheter \u00c9chantillons de Hash Premium (8gr) | Acheter du hasch en vrac et pas cher en ligne | BC Weed Edible\",\"isPartOf\":{\"@id\":\"https:\\\/\\\/stgbc.bcweededible.net\\\/fr\\\/#website\"},\"primaryImageOfPage\":{\"@id\":\"https:\\\/\\\/stgbc.bcweededible.net\\\/fr\\\/buy\\\/concentres\\\/hasch\\\/hash-importe\\\/premium-hash-sampler-pack-8gram\\\/#primaryimage\"},\"image\":{\"@id\":\"https:\\\/\\\/stgbc.bcweededible.net\\\/fr\\\/buy\\\/concentres\\\/hasch\\\/hash-importe\\\/premium-hash-sampler-pack-8gram\\\/#primaryimage\"},\"thumbnailUrl\":\"https:\\\/\\\/stgbc.bcweededible.net\\\/wp-content\\\/uploads\\\/2023\\\/08\\\/premium-hash-sample-pack.jpg\",\"datePublished\":\"2023-09-06T20:42:34+00:00\",\"dateModified\":\"2025-05-05T00:24:45+00:00\",\"breadcrumb\":{\"@id\":\"https:\\\/\\\/stgbc.bcweededible.net\\\/fr\\\/buy\\\/concentres\\\/hasch\\\/hash-importe\\\/premium-hash-sampler-pack-8gram\\\/#breadcrumb\"},\"inLanguage\":\"fr-FR\",\"potentialAction\":[{\"@type\":\"ReadAction\",\"target\":[\"https:\\\/\\\/stgbc.bcweededible.net\\\/fr\\\/buy\\\/concentres\\\/hasch\\\/hash-importe\\\/premium-hash-sampler-pack-8gram\\\/\"]}]},{\"@type\":\"ImageObject\",\"inLanguage\":\"fr-FR\",\"@id\":\"https:\\\/\\\/stgbc.bcweededible.net\\\/fr\\\/buy\\\/concentres\\\/hasch\\\/hash-importe\\\/premium-hash-sampler-pack-8gram\\\/#primaryimage\",\"url\":\"https:\\\/\\\/stgbc.bcweededible.net\\\/wp-content\\\/uploads\\\/2023\\\/08\\\/premium-hash-sample-pack.jpg\",\"contentUrl\":\"https:\\\/\\\/stgbc.bcweededible.net\\\/wp-content\\\/uploads\\\/2023\\\/08\\\/premium-hash-sample-pack.jpg\",\"width\":720,\"height\":720,\"caption\":\"premium hash sample pack\"},{\"@type\":\"BreadcrumbList\",\"@id\":\"https:\\\/\\\/stgbc.bcweededible.net\\\/fr\\\/buy\\\/concentres\\\/hasch\\\/hash-importe\\\/premium-hash-sampler-pack-8gram\\\/#breadcrumb\",\"itemListElement\":[{\"@type\":\"ListItem\",\"position\":1,\"name\":\"Jujubes au Pot Canada\",\"item\":\"https:\\\/\\\/stgbc.bcweededible.net\\\/fr\\\/shop\\\/\"},{\"@type\":\"ListItem\",\"position\":2,\"name\":\"\u00c9chantillons de Hash Premium (8gr)\"}]},{\"@type\":\"WebSite\",\"@id\":\"https:\\\/\\\/stgbc.bcweededible.net\\\/fr\\\/#website\",\"url\":\"https:\\\/\\\/stgbc.bcweededible.net\\\/fr\\\/\",\"name\":\"BC Weed Edible\",\"description\":\"\",\"publisher\":{\"@id\":\"https:\\\/\\\/stgbc.bcweededible.net\\\/fr\\\/#organization\"},\"potentialAction\":[{\"@type\":\"SearchAction\",\"target\":{\"@type\":\"EntryPoint\",\"urlTemplate\":\"https:\\\/\\\/stgbc.bcweededible.net\\\/fr\\\/?s={search_term_string}\"},\"query-input\":{\"@type\":\"PropertyValueSpecification\",\"valueRequired\":true,\"valueName\":\"search_term_string\"}}],\"inLanguage\":\"fr-FR\"},{\"@type\":\"Organization\",\"@id\":\"https:\\\/\\\/stgbc.bcweededible.net\\\/fr\\\/#organization\",\"name\":\"BC Weed Edible\",\"url\":\"https:\\\/\\\/stgbc.bcweededible.net\\\/fr\\\/\",\"logo\":{\"@type\":\"ImageObject\",\"inLanguage\":\"fr-FR\",\"@id\":\"https:\\\/\\\/stgbc.bcweededible.net\\\/fr\\\/#\\\/schema\\\/logo\\\/image\\\/\",\"url\":\"https:\\\/\\\/stgbc.bcweededible.net\\\/wp-content\\\/uploads\\\/2021\\\/12\\\/bc-weed-edible-canada.png\",\"contentUrl\":\"https:\\\/\\\/stgbc.bcweededible.net\\\/wp-content\\\/uploads\\\/2021\\\/12\\\/bc-weed-edible-canada.png\",\"width\":270,\"height\":185,\"caption\":\"BC Weed Edible\"},\"image\":{\"@id\":\"https:\\\/\\\/stgbc.bcweededible.net\\\/fr\\\/#\\\/schema\\\/logo\\\/image\\\/\"}}]}<\/script>\n","yoast_head_json":{"title":"Acheter \u00c9chantillons de Hash Premium (8gr) | Acheter du hasch en vrac et pas cher en ligne | BC Weed Edible","robots":{"index":"index","follow":"follow","max-snippet":"max-snippet:-1","max-image-preview":"max-image-preview:large","max-video-preview":"max-video-preview:-1"},"canonical":"https:\/\/stgbc.bcweededible.net\/fr\/buy\/concentres\/hasch\/hash-importe\/premium-hash-sampler-pack-8gram\/","og_locale":"fr_FR","og_type":"article","og_title":"Acheter \u00c9chantillons de Hash Premium (8gr) | Acheter du hasch en vrac et pas cher en ligne | BC Weed Edible","og_description":"8 grammes assortis de hash de qualit\u00e9 sup\u00e9rieure pour SEULEMENT 149 $ (18,5 $\/g) ! Notre hash de qualit\u00e9 sup\u00e9rieure est import\u00e9 du Maroc, des Pays-Bas, du N\u00e9pal... ce qui nous permet d'obtenir la meilleure qualit\u00e9 disponible au Canada. Cet \u00e9chantillon est un excellent moyen d' essayer notre s\u00e9lection compl\u00e8te de hash \u00e0 un prix r\u00e9duit et pour d\u00e9couvrir votre produit pr\u00e9f\u00e9r\u00e9 !\u00a0 Quels sont les types de hash dans cet \u00e9chantillon premium ? Nous faisons de notre mieux pour vous envoyer les vari\u00e9t\u00e9s \u00e9num\u00e9r\u00e9es ci-dessous. En cas d'\u00e9puisement d'un type de produit, nous pouvons le remplacer par une option \u00e9quivalente ou meilleure. Voici ce \u00e0 quoi vous pouvez vous attendre : AAAA Temple Nepalese Ball Hash Moroccan Triticana Hash Red Turk Hash Gevalia Hash La Main Moroccan Hash Voodoo Hash Netherlands Hunter Hash Bugatti Hash Cliquez ici pour acheter individuellement. &nbsp;","og_url":"https:\/\/stgbc.bcweededible.net\/fr\/buy\/concentres\/hasch\/hash-importe\/premium-hash-sampler-pack-8gram\/","og_site_name":"BC Weed Edible","article_modified_time":"2025-05-05T00:24:45+00:00","og_image":[{"width":720,"height":720,"url":"https:\/\/stgbc.bcweededible.net\/wp-content\/uploads\/2023\/08\/premium-hash-sample-pack.jpg","type":"image\/jpeg"}],"twitter_card":"summary_large_image","twitter_misc":{"Dur\u00e9e de lecture estim\u00e9e":"1 minute"},"schema":{"@context":"https:\/\/schema.org","@graph":[{"@type":"WebPage","@id":"https:\/\/stgbc.bcweededible.net\/fr\/buy\/concentres\/hasch\/hash-importe\/premium-hash-sampler-pack-8gram\/","url":"https:\/\/stgbc.bcweededible.net\/fr\/buy\/concentres\/hasch\/hash-importe\/premium-hash-sampler-pack-8gram\/","name":"Acheter \u00c9chantillons de Hash Premium (8gr) | Acheter du hasch en vrac et pas cher en ligne | BC Weed Edible","isPartOf":{"@id":"https:\/\/stgbc.bcweededible.net\/fr\/#website"},"primaryImageOfPage":{"@id":"https:\/\/stgbc.bcweededible.net\/fr\/buy\/concentres\/hasch\/hash-importe\/premium-hash-sampler-pack-8gram\/#primaryimage"},"image":{"@id":"https:\/\/stgbc.bcweededible.net\/fr\/buy\/concentres\/hasch\/hash-importe\/premium-hash-sampler-pack-8gram\/#primaryimage"},"thumbnailUrl":"https:\/\/stgbc.bcweededible.net\/wp-content\/uploads\/2023\/08\/premium-hash-sample-pack.jpg","datePublished":"2023-09-06T20:42:34+00:00","dateModified":"2025-05-05T00:24:45+00:00","breadcrumb":{"@id":"https:\/\/stgbc.bcweededible.net\/fr\/buy\/concentres\/hasch\/hash-importe\/premium-hash-sampler-pack-8gram\/#breadcrumb"},"inLanguage":"fr-FR","potentialAction":[{"@type":"ReadAction","target":["https:\/\/stgbc.bcweededible.net\/fr\/buy\/concentres\/hasch\/hash-importe\/premium-hash-sampler-pack-8gram\/"]}]},{"@type":"ImageObject","inLanguage":"fr-FR","@id":"https:\/\/stgbc.bcweededible.net\/fr\/buy\/concentres\/hasch\/hash-importe\/premium-hash-sampler-pack-8gram\/#primaryimage","url":"https:\/\/stgbc.bcweededible.net\/wp-content\/uploads\/2023\/08\/premium-hash-sample-pack.jpg","contentUrl":"https:\/\/stgbc.bcweededible.net\/wp-content\/uploads\/2023\/08\/premium-hash-sample-pack.jpg","width":720,"height":720,"caption":"premium hash sample pack"},{"@type":"BreadcrumbList","@id":"https:\/\/stgbc.bcweededible.net\/fr\/buy\/concentres\/hasch\/hash-importe\/premium-hash-sampler-pack-8gram\/#breadcrumb","itemListElement":[{"@type":"ListItem","position":1,"name":"Jujubes au Pot Canada","item":"https:\/\/stgbc.bcweededible.net\/fr\/shop\/"},{"@type":"ListItem","position":2,"name":"\u00c9chantillons de Hash Premium (8gr)"}]},{"@type":"WebSite","@id":"https:\/\/stgbc.bcweededible.net\/fr\/#website","url":"https:\/\/stgbc.bcweededible.net\/fr\/","name":"BC Weed Edible","description":"","publisher":{"@id":"https:\/\/stgbc.bcweededible.net\/fr\/#organization"},"potentialAction":[{"@type":"SearchAction","target":{"@type":"EntryPoint","urlTemplate":"https:\/\/stgbc.bcweededible.net\/fr\/?s={search_term_string}"},"query-input":{"@type":"PropertyValueSpecification","valueRequired":true,"valueName":"search_term_string"}}],"inLanguage":"fr-FR"},{"@type":"Organization","@id":"https:\/\/stgbc.bcweededible.net\/fr\/#organization","name":"BC Weed Edible","url":"https:\/\/stgbc.bcweededible.net\/fr\/","logo":{"@type":"ImageObject","inLanguage":"fr-FR","@id":"https:\/\/stgbc.bcweededible.net\/fr\/#\/schema\/logo\/image\/","url":"https:\/\/stgbc.bcweededible.net\/wp-content\/uploads\/2021\/12\/bc-weed-edible-canada.png","contentUrl":"https:\/\/stgbc.bcweededible.net\/wp-content\/uploads\/2021\/12\/bc-weed-edible-canada.png","width":270,"height":185,"caption":"BC Weed Edible"},"image":{"@id":"https:\/\/stgbc.bcweededible.net\/fr\/#\/schema\/logo\/image\/"}}]}},"_links":{"self":[{"href":"https:\/\/stgbc.bcweededible.net\/fr\/wp-json\/wp\/v2\/product\/43605","targetHints":{"allow":["GET"]}}],"collection":[{"href":"https:\/\/stgbc.bcweededible.net\/fr\/wp-json\/wp\/v2\/product"}],"about":[{"href":"https:\/\/stgbc.bcweededible.net\/fr\/wp-json\/wp\/v2\/types\/product"}],"replies":[{"embeddable":true,"href":"https:\/\/stgbc.bcweededible.net\/fr\/wp-json\/wp\/v2\/comments?post=43605"}],"wp:featuredmedia":[{"embeddable":true,"href":"https:\/\/stgbc.bcweededible.net\/fr\/wp-json\/wp\/v2\/media\/40934"}],"wp:attachment":[{"href":"https:\/\/stgbc.bcweededible.net\/fr\/wp-json\/wp\/v2\/media?parent=43605"}],"wp:term":[{"taxonomy":"product_brand","embeddable":true,"href":"https:\/\/stgbc.bcweededible.net\/fr\/wp-json\/wp\/v2\/product_brand?post=43605"},{"taxonomy":"product_cat","embeddable":true,"href":"https:\/\/stgbc.bcweededible.net\/fr\/wp-json\/wp\/v2\/product_cat?post=43605"},{"taxonomy":"product_tag","embeddable":true,"href":"https:\/\/stgbc.bcweededible.net\/fr\/wp-json\/wp\/v2\/product_tag?post=43605"}],"curies":[{"name":"wp","href":"https:\/\/api.w.org\/{rel}","templated":true}]}}