{"id":40222,"date":"2023-05-12T09:45:42","date_gmt":"2023-08-04T21:09:35","guid":{"rendered":"https:\/\/bcweededible.net\/buy\/non%20class\u00e9\/aaa-super-lemon-haze-89oz\/"},"modified":"2024-08-23T09:39:55","modified_gmt":"2024-08-23T16:39:55","slug":"aaa-super-lemon-haze-89oz","status":"publish","type":"product","link":"https:\/\/stgbc.bcweededible.net\/fr\/buy\/gros\/pot-gros\/aaa-super-lemon-haze-89oz\/","title":{"rendered":"AAA Super Lemon Haze (89oz)"},"content":{"rendered":"<p><strong>Super Lemon Haze<\/strong> est une vari\u00e9t\u00e9 connue pour avoir \u00e9t\u00e9 deux fois r\u00e9cipiendaire de la High Times Cannabis Cup. Pour une vari\u00e9t\u00e9 Sativa, Super Lemon Haze contient des niveaux de THC d\u00e9cents, en moyenne autour de 22-25 %.\u00a0 Ses caract\u00e9ristiques douces le rendent id\u00e9al pour une utilisation de jour.<\/p>\n<h2><strong>Effets<\/strong><\/h2>\n<ul>\n<li class=\"text-sm font-bold text-deep-green\">Joie<\/li>\n<li class=\"text-sm font-bold text-deep-green\">Cr\u00e9ativit\u00e9 augment\u00e9e<\/li>\n<li class=\"text-sm font-bold text-deep-green\">Meilleure concentration<\/li>\n<li class=\"text-sm font-bold text-deep-green\">Euphorie<\/li>\n<li class=\"text-sm font-bold text-deep-green\">\u00c9nergisant<\/li>\n<\/ul>\n<h2>Apparence, ar\u00f4me et go\u00fbt<\/h2>\n<p>En tant que croisement entre Lemon Skunk et Super Silver Haze, cette vari\u00e9t\u00e9 produit des fleurs qui ont beaucoup de trichomes. Il a \u00e9galement des trichomes givr\u00e9s avec des accents orange. L&#8217;odeur est tr\u00e8s acide mais aussi sucr\u00e9e \u00e0 la fois.<\/p>\n","protected":false},"excerpt":{"rendered":"<p><strong>Super Lemon Haze<\/strong> est une vari\u00e9t\u00e9 de marijuana hybride \u00e0 dominance sativa qui a \u00e9t\u00e9 class\u00e9e comme \u00e9tant la meilleure dans trois Cannabis Cups diff\u00e9rentes. Les effets sont tr\u00e8s \u00e9nerg\u00e9tiques et am\u00e9liorent la cr\u00e9ativit\u00e9. Comme son nom l&#8217;indique, cette vari\u00e9t\u00e9 a un parfum citronn\u00e9 qui passe par dessus tout ar\u00f4me terreux typique des autres vari\u00e9t\u00e9s.<\/p>\n<p><strong>Un prix incroyable pour une qualit\u00e9 AA+ !<\/strong><\/p>\n","protected":false},"featured_media":9819,"comment_status":"open","ping_status":"closed","template":"","meta":[],"product_brand":[],"product_cat":[245,293,470,289,292,452,295],"product_tag":[],"class_list":{"0":"post-40222","1":"product","2":"type-product","3":"status-publish","4":"has-post-thumbnail","6":"product_cat-fleurs-cannabis","7":"product_cat-hybrid-fr","8":"product_cat-livre-de-pot","9":"product_cat-99-oz-fr","10":"product_cat-ounces-pas-cher","11":"product_cat-pot-gros","12":"product_cat-sativa-fr","14":"first","15":"outofstock","16":"shipping-taxable","17":"purchasable","18":"product-type-variable","19":"has-default-attributes"},"yoast_head":"\n<title>Acheter AAA Super Lemon Haze (89oz) en Ligne Canada | BC Weed Edible<\/title>\n<meta name=\"robots\" content=\"index, follow, max-snippet:-1, max-image-preview:large, max-video-preview:-1\" \/>\n<link rel=\"canonical\" href=\"https:\/\/stgbc.bcweededible.net\/fr\/buy\/gros\/pot-gros\/aaa-super-lemon-haze-89oz\/\" \/>\n<meta property=\"og:locale\" content=\"fr_FR\" \/>\n<meta property=\"og:type\" content=\"article\" \/>\n<meta property=\"og:title\" content=\"Acheter AAA Super Lemon Haze (89oz) en Ligne Canada | BC Weed Edible\" \/>\n<meta property=\"og:description\" content=\"Super Lemon Haze est une vari\u00e9t\u00e9 de marijuana hybride \u00e0 dominance sativa qui a \u00e9t\u00e9 class\u00e9e comme \u00e9tant la meilleure dans trois Cannabis Cups diff\u00e9rentes. Les effets sont tr\u00e8s \u00e9nerg\u00e9tiques et am\u00e9liorent la cr\u00e9ativit\u00e9. Comme son nom l&#039;indique, cette vari\u00e9t\u00e9 a un parfum citronn\u00e9 qui passe par dessus tout ar\u00f4me terreux typique des autres vari\u00e9t\u00e9s. Un prix incroyable pour une qualit\u00e9 AA+ !\" \/>\n<meta property=\"og:url\" content=\"https:\/\/stgbc.bcweededible.net\/fr\/buy\/gros\/pot-gros\/aaa-super-lemon-haze-89oz\/\" \/>\n<meta property=\"og:site_name\" content=\"BC Weed Edible\" \/>\n<meta property=\"article:modified_time\" content=\"2024-08-23T16:39:55+00:00\" \/>\n<meta property=\"og:image\" content=\"https:\/\/stgbc.bcweededible.net\/wp-content\/uploads\/2021\/12\/super-lemon-haze-strain2.jpg\" \/>\n\t<meta property=\"og:image:width\" content=\"720\" \/>\n\t<meta property=\"og:image:height\" content=\"530\" \/>\n\t<meta property=\"og:image:type\" content=\"image\/jpeg\" \/>\n<meta name=\"twitter:card\" content=\"summary_large_image\" \/>\n<meta name=\"twitter:label1\" content=\"Dur\u00e9e de lecture estim\u00e9e\" \/>\n\t<meta name=\"twitter:data1\" content=\"1 minute\" \/>\n<script type=\"application\/ld+json\" class=\"yoast-schema-graph\">{\"@context\":\"https:\\\/\\\/schema.org\",\"@graph\":[{\"@type\":\"WebPage\",\"@id\":\"https:\\\/\\\/stgbc.bcweededible.net\\\/fr\\\/buy\\\/gros\\\/pot-gros\\\/aaa-super-lemon-haze-89oz\\\/\",\"url\":\"https:\\\/\\\/stgbc.bcweededible.net\\\/fr\\\/buy\\\/gros\\\/pot-gros\\\/aaa-super-lemon-haze-89oz\\\/\",\"name\":\"Acheter AAA Super Lemon Haze (89oz) en Ligne Canada | BC Weed Edible\",\"isPartOf\":{\"@id\":\"https:\\\/\\\/stgbc.bcweededible.net\\\/fr\\\/#website\"},\"primaryImageOfPage\":{\"@id\":\"https:\\\/\\\/stgbc.bcweededible.net\\\/fr\\\/buy\\\/gros\\\/pot-gros\\\/aaa-super-lemon-haze-89oz\\\/#primaryimage\"},\"image\":{\"@id\":\"https:\\\/\\\/stgbc.bcweededible.net\\\/fr\\\/buy\\\/gros\\\/pot-gros\\\/aaa-super-lemon-haze-89oz\\\/#primaryimage\"},\"thumbnailUrl\":\"https:\\\/\\\/stgbc.bcweededible.net\\\/wp-content\\\/uploads\\\/2021\\\/12\\\/super-lemon-haze-strain2.jpg\",\"datePublished\":\"2023-08-04T21:09:35+00:00\",\"dateModified\":\"2024-08-23T16:39:55+00:00\",\"breadcrumb\":{\"@id\":\"https:\\\/\\\/stgbc.bcweededible.net\\\/fr\\\/buy\\\/gros\\\/pot-gros\\\/aaa-super-lemon-haze-89oz\\\/#breadcrumb\"},\"inLanguage\":\"fr-FR\",\"potentialAction\":[{\"@type\":\"ReadAction\",\"target\":[\"https:\\\/\\\/stgbc.bcweededible.net\\\/fr\\\/buy\\\/gros\\\/pot-gros\\\/aaa-super-lemon-haze-89oz\\\/\"]}]},{\"@type\":\"ImageObject\",\"inLanguage\":\"fr-FR\",\"@id\":\"https:\\\/\\\/stgbc.bcweededible.net\\\/fr\\\/buy\\\/gros\\\/pot-gros\\\/aaa-super-lemon-haze-89oz\\\/#primaryimage\",\"url\":\"https:\\\/\\\/stgbc.bcweededible.net\\\/wp-content\\\/uploads\\\/2021\\\/12\\\/super-lemon-haze-strain2.jpg\",\"contentUrl\":\"https:\\\/\\\/stgbc.bcweededible.net\\\/wp-content\\\/uploads\\\/2021\\\/12\\\/super-lemon-haze-strain2.jpg\",\"width\":720,\"height\":530,\"caption\":\"bourgeon de metor super citron haze\"},{\"@type\":\"BreadcrumbList\",\"@id\":\"https:\\\/\\\/stgbc.bcweededible.net\\\/fr\\\/buy\\\/gros\\\/pot-gros\\\/aaa-super-lemon-haze-89oz\\\/#breadcrumb\",\"itemListElement\":[{\"@type\":\"ListItem\",\"position\":1,\"name\":\"Jujubes au Pot Canada\",\"item\":\"https:\\\/\\\/stgbc.bcweededible.net\\\/fr\\\/shop\\\/\"},{\"@type\":\"ListItem\",\"position\":2,\"name\":\"AAA Super Lemon Haze (89oz)\"}]},{\"@type\":\"WebSite\",\"@id\":\"https:\\\/\\\/stgbc.bcweededible.net\\\/fr\\\/#website\",\"url\":\"https:\\\/\\\/stgbc.bcweededible.net\\\/fr\\\/\",\"name\":\"BC Weed Edible\",\"description\":\"\",\"publisher\":{\"@id\":\"https:\\\/\\\/stgbc.bcweededible.net\\\/fr\\\/#organization\"},\"potentialAction\":[{\"@type\":\"SearchAction\",\"target\":{\"@type\":\"EntryPoint\",\"urlTemplate\":\"https:\\\/\\\/stgbc.bcweededible.net\\\/fr\\\/?s={search_term_string}\"},\"query-input\":{\"@type\":\"PropertyValueSpecification\",\"valueRequired\":true,\"valueName\":\"search_term_string\"}}],\"inLanguage\":\"fr-FR\"},{\"@type\":\"Organization\",\"@id\":\"https:\\\/\\\/stgbc.bcweededible.net\\\/fr\\\/#organization\",\"name\":\"BC Weed Edible\",\"url\":\"https:\\\/\\\/stgbc.bcweededible.net\\\/fr\\\/\",\"logo\":{\"@type\":\"ImageObject\",\"inLanguage\":\"fr-FR\",\"@id\":\"https:\\\/\\\/stgbc.bcweededible.net\\\/fr\\\/#\\\/schema\\\/logo\\\/image\\\/\",\"url\":\"https:\\\/\\\/stgbc.bcweededible.net\\\/wp-content\\\/uploads\\\/2021\\\/12\\\/bc-weed-edible-canada.png\",\"contentUrl\":\"https:\\\/\\\/stgbc.bcweededible.net\\\/wp-content\\\/uploads\\\/2021\\\/12\\\/bc-weed-edible-canada.png\",\"width\":270,\"height\":185,\"caption\":\"BC Weed Edible\"},\"image\":{\"@id\":\"https:\\\/\\\/stgbc.bcweededible.net\\\/fr\\\/#\\\/schema\\\/logo\\\/image\\\/\"}}]}<\/script>\n","yoast_head_json":{"title":"Acheter AAA Super Lemon Haze (89oz) en Ligne Canada | BC Weed Edible","robots":{"index":"index","follow":"follow","max-snippet":"max-snippet:-1","max-image-preview":"max-image-preview:large","max-video-preview":"max-video-preview:-1"},"canonical":"https:\/\/stgbc.bcweededible.net\/fr\/buy\/gros\/pot-gros\/aaa-super-lemon-haze-89oz\/","og_locale":"fr_FR","og_type":"article","og_title":"Acheter AAA Super Lemon Haze (89oz) en Ligne Canada | BC Weed Edible","og_description":"Super Lemon Haze est une vari\u00e9t\u00e9 de marijuana hybride \u00e0 dominance sativa qui a \u00e9t\u00e9 class\u00e9e comme \u00e9tant la meilleure dans trois Cannabis Cups diff\u00e9rentes. Les effets sont tr\u00e8s \u00e9nerg\u00e9tiques et am\u00e9liorent la cr\u00e9ativit\u00e9. Comme son nom l'indique, cette vari\u00e9t\u00e9 a un parfum citronn\u00e9 qui passe par dessus tout ar\u00f4me terreux typique des autres vari\u00e9t\u00e9s. Un prix incroyable pour une qualit\u00e9 AA+ !","og_url":"https:\/\/stgbc.bcweededible.net\/fr\/buy\/gros\/pot-gros\/aaa-super-lemon-haze-89oz\/","og_site_name":"BC Weed Edible","article_modified_time":"2024-08-23T16:39:55+00:00","og_image":[{"width":720,"height":530,"url":"https:\/\/stgbc.bcweededible.net\/wp-content\/uploads\/2021\/12\/super-lemon-haze-strain2.jpg","type":"image\/jpeg"}],"twitter_card":"summary_large_image","twitter_misc":{"Dur\u00e9e de lecture estim\u00e9e":"1 minute"},"schema":{"@context":"https:\/\/schema.org","@graph":[{"@type":"WebPage","@id":"https:\/\/stgbc.bcweededible.net\/fr\/buy\/gros\/pot-gros\/aaa-super-lemon-haze-89oz\/","url":"https:\/\/stgbc.bcweededible.net\/fr\/buy\/gros\/pot-gros\/aaa-super-lemon-haze-89oz\/","name":"Acheter AAA Super Lemon Haze (89oz) en Ligne Canada | BC Weed Edible","isPartOf":{"@id":"https:\/\/stgbc.bcweededible.net\/fr\/#website"},"primaryImageOfPage":{"@id":"https:\/\/stgbc.bcweededible.net\/fr\/buy\/gros\/pot-gros\/aaa-super-lemon-haze-89oz\/#primaryimage"},"image":{"@id":"https:\/\/stgbc.bcweededible.net\/fr\/buy\/gros\/pot-gros\/aaa-super-lemon-haze-89oz\/#primaryimage"},"thumbnailUrl":"https:\/\/stgbc.bcweededible.net\/wp-content\/uploads\/2021\/12\/super-lemon-haze-strain2.jpg","datePublished":"2023-08-04T21:09:35+00:00","dateModified":"2024-08-23T16:39:55+00:00","breadcrumb":{"@id":"https:\/\/stgbc.bcweededible.net\/fr\/buy\/gros\/pot-gros\/aaa-super-lemon-haze-89oz\/#breadcrumb"},"inLanguage":"fr-FR","potentialAction":[{"@type":"ReadAction","target":["https:\/\/stgbc.bcweededible.net\/fr\/buy\/gros\/pot-gros\/aaa-super-lemon-haze-89oz\/"]}]},{"@type":"ImageObject","inLanguage":"fr-FR","@id":"https:\/\/stgbc.bcweededible.net\/fr\/buy\/gros\/pot-gros\/aaa-super-lemon-haze-89oz\/#primaryimage","url":"https:\/\/stgbc.bcweededible.net\/wp-content\/uploads\/2021\/12\/super-lemon-haze-strain2.jpg","contentUrl":"https:\/\/stgbc.bcweededible.net\/wp-content\/uploads\/2021\/12\/super-lemon-haze-strain2.jpg","width":720,"height":530,"caption":"bourgeon de metor super citron haze"},{"@type":"BreadcrumbList","@id":"https:\/\/stgbc.bcweededible.net\/fr\/buy\/gros\/pot-gros\/aaa-super-lemon-haze-89oz\/#breadcrumb","itemListElement":[{"@type":"ListItem","position":1,"name":"Jujubes au Pot Canada","item":"https:\/\/stgbc.bcweededible.net\/fr\/shop\/"},{"@type":"ListItem","position":2,"name":"AAA Super Lemon Haze (89oz)"}]},{"@type":"WebSite","@id":"https:\/\/stgbc.bcweededible.net\/fr\/#website","url":"https:\/\/stgbc.bcweededible.net\/fr\/","name":"BC Weed Edible","description":"","publisher":{"@id":"https:\/\/stgbc.bcweededible.net\/fr\/#organization"},"potentialAction":[{"@type":"SearchAction","target":{"@type":"EntryPoint","urlTemplate":"https:\/\/stgbc.bcweededible.net\/fr\/?s={search_term_string}"},"query-input":{"@type":"PropertyValueSpecification","valueRequired":true,"valueName":"search_term_string"}}],"inLanguage":"fr-FR"},{"@type":"Organization","@id":"https:\/\/stgbc.bcweededible.net\/fr\/#organization","name":"BC Weed Edible","url":"https:\/\/stgbc.bcweededible.net\/fr\/","logo":{"@type":"ImageObject","inLanguage":"fr-FR","@id":"https:\/\/stgbc.bcweededible.net\/fr\/#\/schema\/logo\/image\/","url":"https:\/\/stgbc.bcweededible.net\/wp-content\/uploads\/2021\/12\/bc-weed-edible-canada.png","contentUrl":"https:\/\/stgbc.bcweededible.net\/wp-content\/uploads\/2021\/12\/bc-weed-edible-canada.png","width":270,"height":185,"caption":"BC Weed Edible"},"image":{"@id":"https:\/\/stgbc.bcweededible.net\/fr\/#\/schema\/logo\/image\/"}}]}},"_links":{"self":[{"href":"https:\/\/stgbc.bcweededible.net\/fr\/wp-json\/wp\/v2\/product\/40222","targetHints":{"allow":["GET"]}}],"collection":[{"href":"https:\/\/stgbc.bcweededible.net\/fr\/wp-json\/wp\/v2\/product"}],"about":[{"href":"https:\/\/stgbc.bcweededible.net\/fr\/wp-json\/wp\/v2\/types\/product"}],"replies":[{"embeddable":true,"href":"https:\/\/stgbc.bcweededible.net\/fr\/wp-json\/wp\/v2\/comments?post=40222"}],"wp:featuredmedia":[{"embeddable":true,"href":"https:\/\/stgbc.bcweededible.net\/fr\/wp-json\/wp\/v2\/media\/9819"}],"wp:attachment":[{"href":"https:\/\/stgbc.bcweededible.net\/fr\/wp-json\/wp\/v2\/media?parent=40222"}],"wp:term":[{"taxonomy":"product_brand","embeddable":true,"href":"https:\/\/stgbc.bcweededible.net\/fr\/wp-json\/wp\/v2\/product_brand?post=40222"},{"taxonomy":"product_cat","embeddable":true,"href":"https:\/\/stgbc.bcweededible.net\/fr\/wp-json\/wp\/v2\/product_cat?post=40222"},{"taxonomy":"product_tag","embeddable":true,"href":"https:\/\/stgbc.bcweededible.net\/fr\/wp-json\/wp\/v2\/product_tag?post=40222"}],"curies":[{"name":"wp","href":"https:\/\/api.w.org\/{rel}","templated":true}]}}