{"id":40098,"date":"2023-02-16T00:14:17","date_gmt":"2023-08-04T21:08:41","guid":{"rendered":"https:\/\/bcweededible.net\/buy\/non%20class\u00e9\/79oz-aaa-purple-candy\/"},"modified":"2025-06-02T06:36:10","modified_gmt":"2025-06-02T13:36:10","slug":"purple-candy","status":"publish","type":"product","link":"https:\/\/stgbc.bcweededible.net\/fr\/buy\/gros\/pot-gros\/purple-candy\/","title":{"rendered":"79oz AAA+ Purple Candy"},"content":{"rendered":"","protected":false},"excerpt":{"rendered":"<p><strong>Purple Candy<\/strong> est une d\u00e9licieuse <strong>vari\u00e9t\u00e9 hybride \u00e0 dominance indica<\/strong> dont le profil de saveur rappelle le jus de raisin fruit\u00e9. Vous ressentirez des effets c\u00e9r\u00e9braux euphorisants qui am\u00e9lioreront votre humeur et vous soulageront du stress. Au fur et \u00e0 mesure que le &#8221;high&#8221; progresse, vous commencerez \u00e0 ressentir une profonde relaxation et aurez m\u00eame du mal \u00e0 rester \u00e9veill\u00e9 &#8211; c&#8217;est aussi puissant que cela ! Pour cette raison, Purple Candy peut \u00eatre appr\u00e9ci\u00e9 pour \u00eatre bien confortable dans son sofa ou utilis\u00e9 pour obtenir un sommeil r\u00e9parateur la nuit.<\/p>\n<p><strong>Il s&#8217;agit de fleurs de taille moyenne, de qualit\u00e9 AAA+, \u00e0 un prix r\u00e9duit. Qualit\u00e9 incroyable pour le prix! <\/strong><strong>Toujours frais, de nouveaux lots en stock chaque semaine\u00a0!<\/strong><\/p>\n","protected":false},"featured_media":28225,"comment_status":"open","ping_status":"closed","template":"","meta":[],"product_brand":[],"product_cat":[245,293,294,470,289,292,452],"product_tag":[],"class_list":{"0":"post-40098","1":"product","2":"type-product","3":"status-publish","4":"has-post-thumbnail","6":"product_cat-fleurs-cannabis","7":"product_cat-hybrid-fr","8":"product_cat-indica-fr","9":"product_cat-livre-de-pot","10":"product_cat-99-oz-fr","11":"product_cat-ounces-pas-cher","12":"product_cat-pot-gros","14":"first","15":"outofstock","16":"shipping-taxable","17":"purchasable","18":"product-type-variable","19":"has-default-attributes"},"yoast_head":"\n<title>Acheter 79oz AAA+ Purple Candy en Ligne Canada | BC Weed Edible<\/title>\n<meta name=\"robots\" content=\"index, follow, max-snippet:-1, max-image-preview:large, max-video-preview:-1\" \/>\n<link rel=\"canonical\" href=\"https:\/\/stgbc.bcweededible.net\/fr\/buy\/gros\/pot-gros\/purple-candy\/\" \/>\n<meta property=\"og:locale\" content=\"fr_FR\" \/>\n<meta property=\"og:type\" content=\"article\" \/>\n<meta property=\"og:title\" content=\"Acheter 79oz AAA+ Purple Candy en Ligne Canada | BC Weed Edible\" \/>\n<meta property=\"og:description\" content=\"Purple Candy est une d\u00e9licieuse vari\u00e9t\u00e9 hybride \u00e0 dominance indica dont le profil de saveur rappelle le jus de raisin fruit\u00e9. Vous ressentirez des effets c\u00e9r\u00e9braux euphorisants qui am\u00e9lioreront votre humeur et vous soulageront du stress. Au fur et \u00e0 mesure que le &#039;&#039;high&#039;&#039; progresse, vous commencerez \u00e0 ressentir une profonde relaxation et aurez m\u00eame du mal \u00e0 rester \u00e9veill\u00e9 - c&#039;est aussi puissant que cela ! Pour cette raison, Purple Candy peut \u00eatre appr\u00e9ci\u00e9 pour \u00eatre bien confortable dans son sofa ou utilis\u00e9 pour obtenir un sommeil r\u00e9parateur la nuit. Il s&#039;agit de fleurs de taille moyenne, de qualit\u00e9 AAA+, \u00e0 un prix r\u00e9duit. Qualit\u00e9 incroyable pour le prix! Toujours frais, de nouveaux lots en stock chaque semaine\u00a0!\" \/>\n<meta property=\"og:url\" content=\"https:\/\/stgbc.bcweededible.net\/fr\/buy\/gros\/pot-gros\/purple-candy\/\" \/>\n<meta property=\"og:site_name\" content=\"BC Weed Edible\" \/>\n<meta property=\"article:modified_time\" content=\"2025-06-02T13:36:10+00:00\" \/>\n<meta property=\"og:image\" content=\"https:\/\/stgbc.bcweededible.net\/wp-content\/uploads\/2023\/02\/purple-candy-strain.jpg\" \/>\n\t<meta property=\"og:image:width\" content=\"900\" \/>\n\t<meta property=\"og:image:height\" content=\"900\" \/>\n\t<meta property=\"og:image:type\" content=\"image\/jpeg\" \/>\n<meta name=\"twitter:card\" content=\"summary_large_image\" \/>\n<script type=\"application\/ld+json\" class=\"yoast-schema-graph\">{\"@context\":\"https:\\\/\\\/schema.org\",\"@graph\":[{\"@type\":\"WebPage\",\"@id\":\"https:\\\/\\\/stgbc.bcweededible.net\\\/fr\\\/buy\\\/gros\\\/pot-gros\\\/purple-candy\\\/\",\"url\":\"https:\\\/\\\/stgbc.bcweededible.net\\\/fr\\\/buy\\\/gros\\\/pot-gros\\\/purple-candy\\\/\",\"name\":\"Acheter 79oz AAA+ Purple Candy en Ligne Canada | BC Weed Edible\",\"isPartOf\":{\"@id\":\"https:\\\/\\\/stgbc.bcweededible.net\\\/fr\\\/#website\"},\"primaryImageOfPage\":{\"@id\":\"https:\\\/\\\/stgbc.bcweededible.net\\\/fr\\\/buy\\\/gros\\\/pot-gros\\\/purple-candy\\\/#primaryimage\"},\"image\":{\"@id\":\"https:\\\/\\\/stgbc.bcweededible.net\\\/fr\\\/buy\\\/gros\\\/pot-gros\\\/purple-candy\\\/#primaryimage\"},\"thumbnailUrl\":\"https:\\\/\\\/stgbc.bcweededible.net\\\/wp-content\\\/uploads\\\/2023\\\/02\\\/purple-candy-strain.jpg\",\"datePublished\":\"2023-08-04T21:08:41+00:00\",\"dateModified\":\"2025-06-02T13:36:10+00:00\",\"breadcrumb\":{\"@id\":\"https:\\\/\\\/stgbc.bcweededible.net\\\/fr\\\/buy\\\/gros\\\/pot-gros\\\/purple-candy\\\/#breadcrumb\"},\"inLanguage\":\"fr-FR\",\"potentialAction\":[{\"@type\":\"ReadAction\",\"target\":[\"https:\\\/\\\/stgbc.bcweededible.net\\\/fr\\\/buy\\\/gros\\\/pot-gros\\\/purple-candy\\\/\"]}]},{\"@type\":\"ImageObject\",\"inLanguage\":\"fr-FR\",\"@id\":\"https:\\\/\\\/stgbc.bcweededible.net\\\/fr\\\/buy\\\/gros\\\/pot-gros\\\/purple-candy\\\/#primaryimage\",\"url\":\"https:\\\/\\\/stgbc.bcweededible.net\\\/wp-content\\\/uploads\\\/2023\\\/02\\\/purple-candy-strain.jpg\",\"contentUrl\":\"https:\\\/\\\/stgbc.bcweededible.net\\\/wp-content\\\/uploads\\\/2023\\\/02\\\/purple-candy-strain.jpg\",\"width\":900,\"height\":900,\"caption\":\"buy purple candy weed\"},{\"@type\":\"BreadcrumbList\",\"@id\":\"https:\\\/\\\/stgbc.bcweededible.net\\\/fr\\\/buy\\\/gros\\\/pot-gros\\\/purple-candy\\\/#breadcrumb\",\"itemListElement\":[{\"@type\":\"ListItem\",\"position\":1,\"name\":\"Jujubes au Pot Canada\",\"item\":\"https:\\\/\\\/stgbc.bcweededible.net\\\/fr\\\/shop\\\/\"},{\"@type\":\"ListItem\",\"position\":2,\"name\":\"79oz AAA+ Purple Candy\"}]},{\"@type\":\"WebSite\",\"@id\":\"https:\\\/\\\/stgbc.bcweededible.net\\\/fr\\\/#website\",\"url\":\"https:\\\/\\\/stgbc.bcweededible.net\\\/fr\\\/\",\"name\":\"BC Weed Edible\",\"description\":\"\",\"publisher\":{\"@id\":\"https:\\\/\\\/stgbc.bcweededible.net\\\/fr\\\/#organization\"},\"potentialAction\":[{\"@type\":\"SearchAction\",\"target\":{\"@type\":\"EntryPoint\",\"urlTemplate\":\"https:\\\/\\\/stgbc.bcweededible.net\\\/fr\\\/?s={search_term_string}\"},\"query-input\":{\"@type\":\"PropertyValueSpecification\",\"valueRequired\":true,\"valueName\":\"search_term_string\"}}],\"inLanguage\":\"fr-FR\"},{\"@type\":\"Organization\",\"@id\":\"https:\\\/\\\/stgbc.bcweededible.net\\\/fr\\\/#organization\",\"name\":\"BC Weed Edible\",\"url\":\"https:\\\/\\\/stgbc.bcweededible.net\\\/fr\\\/\",\"logo\":{\"@type\":\"ImageObject\",\"inLanguage\":\"fr-FR\",\"@id\":\"https:\\\/\\\/stgbc.bcweededible.net\\\/fr\\\/#\\\/schema\\\/logo\\\/image\\\/\",\"url\":\"https:\\\/\\\/stgbc.bcweededible.net\\\/wp-content\\\/uploads\\\/2021\\\/12\\\/bc-weed-edible-canada.png\",\"contentUrl\":\"https:\\\/\\\/stgbc.bcweededible.net\\\/wp-content\\\/uploads\\\/2021\\\/12\\\/bc-weed-edible-canada.png\",\"width\":270,\"height\":185,\"caption\":\"BC Weed Edible\"},\"image\":{\"@id\":\"https:\\\/\\\/stgbc.bcweededible.net\\\/fr\\\/#\\\/schema\\\/logo\\\/image\\\/\"}}]}<\/script>\n","yoast_head_json":{"title":"Acheter 79oz AAA+ Purple Candy en Ligne Canada | BC Weed Edible","robots":{"index":"index","follow":"follow","max-snippet":"max-snippet:-1","max-image-preview":"max-image-preview:large","max-video-preview":"max-video-preview:-1"},"canonical":"https:\/\/stgbc.bcweededible.net\/fr\/buy\/gros\/pot-gros\/purple-candy\/","og_locale":"fr_FR","og_type":"article","og_title":"Acheter 79oz AAA+ Purple Candy en Ligne Canada | BC Weed Edible","og_description":"Purple Candy est une d\u00e9licieuse vari\u00e9t\u00e9 hybride \u00e0 dominance indica dont le profil de saveur rappelle le jus de raisin fruit\u00e9. Vous ressentirez des effets c\u00e9r\u00e9braux euphorisants qui am\u00e9lioreront votre humeur et vous soulageront du stress. Au fur et \u00e0 mesure que le ''high'' progresse, vous commencerez \u00e0 ressentir une profonde relaxation et aurez m\u00eame du mal \u00e0 rester \u00e9veill\u00e9 - c'est aussi puissant que cela ! Pour cette raison, Purple Candy peut \u00eatre appr\u00e9ci\u00e9 pour \u00eatre bien confortable dans son sofa ou utilis\u00e9 pour obtenir un sommeil r\u00e9parateur la nuit. Il s'agit de fleurs de taille moyenne, de qualit\u00e9 AAA+, \u00e0 un prix r\u00e9duit. Qualit\u00e9 incroyable pour le prix! Toujours frais, de nouveaux lots en stock chaque semaine\u00a0!","og_url":"https:\/\/stgbc.bcweededible.net\/fr\/buy\/gros\/pot-gros\/purple-candy\/","og_site_name":"BC Weed Edible","article_modified_time":"2025-06-02T13:36:10+00:00","og_image":[{"width":900,"height":900,"url":"https:\/\/stgbc.bcweededible.net\/wp-content\/uploads\/2023\/02\/purple-candy-strain.jpg","type":"image\/jpeg"}],"twitter_card":"summary_large_image","schema":{"@context":"https:\/\/schema.org","@graph":[{"@type":"WebPage","@id":"https:\/\/stgbc.bcweededible.net\/fr\/buy\/gros\/pot-gros\/purple-candy\/","url":"https:\/\/stgbc.bcweededible.net\/fr\/buy\/gros\/pot-gros\/purple-candy\/","name":"Acheter 79oz AAA+ Purple Candy en Ligne Canada | BC Weed Edible","isPartOf":{"@id":"https:\/\/stgbc.bcweededible.net\/fr\/#website"},"primaryImageOfPage":{"@id":"https:\/\/stgbc.bcweededible.net\/fr\/buy\/gros\/pot-gros\/purple-candy\/#primaryimage"},"image":{"@id":"https:\/\/stgbc.bcweededible.net\/fr\/buy\/gros\/pot-gros\/purple-candy\/#primaryimage"},"thumbnailUrl":"https:\/\/stgbc.bcweededible.net\/wp-content\/uploads\/2023\/02\/purple-candy-strain.jpg","datePublished":"2023-08-04T21:08:41+00:00","dateModified":"2025-06-02T13:36:10+00:00","breadcrumb":{"@id":"https:\/\/stgbc.bcweededible.net\/fr\/buy\/gros\/pot-gros\/purple-candy\/#breadcrumb"},"inLanguage":"fr-FR","potentialAction":[{"@type":"ReadAction","target":["https:\/\/stgbc.bcweededible.net\/fr\/buy\/gros\/pot-gros\/purple-candy\/"]}]},{"@type":"ImageObject","inLanguage":"fr-FR","@id":"https:\/\/stgbc.bcweededible.net\/fr\/buy\/gros\/pot-gros\/purple-candy\/#primaryimage","url":"https:\/\/stgbc.bcweededible.net\/wp-content\/uploads\/2023\/02\/purple-candy-strain.jpg","contentUrl":"https:\/\/stgbc.bcweededible.net\/wp-content\/uploads\/2023\/02\/purple-candy-strain.jpg","width":900,"height":900,"caption":"buy purple candy weed"},{"@type":"BreadcrumbList","@id":"https:\/\/stgbc.bcweededible.net\/fr\/buy\/gros\/pot-gros\/purple-candy\/#breadcrumb","itemListElement":[{"@type":"ListItem","position":1,"name":"Jujubes au Pot Canada","item":"https:\/\/stgbc.bcweededible.net\/fr\/shop\/"},{"@type":"ListItem","position":2,"name":"79oz AAA+ Purple Candy"}]},{"@type":"WebSite","@id":"https:\/\/stgbc.bcweededible.net\/fr\/#website","url":"https:\/\/stgbc.bcweededible.net\/fr\/","name":"BC Weed Edible","description":"","publisher":{"@id":"https:\/\/stgbc.bcweededible.net\/fr\/#organization"},"potentialAction":[{"@type":"SearchAction","target":{"@type":"EntryPoint","urlTemplate":"https:\/\/stgbc.bcweededible.net\/fr\/?s={search_term_string}"},"query-input":{"@type":"PropertyValueSpecification","valueRequired":true,"valueName":"search_term_string"}}],"inLanguage":"fr-FR"},{"@type":"Organization","@id":"https:\/\/stgbc.bcweededible.net\/fr\/#organization","name":"BC Weed Edible","url":"https:\/\/stgbc.bcweededible.net\/fr\/","logo":{"@type":"ImageObject","inLanguage":"fr-FR","@id":"https:\/\/stgbc.bcweededible.net\/fr\/#\/schema\/logo\/image\/","url":"https:\/\/stgbc.bcweededible.net\/wp-content\/uploads\/2021\/12\/bc-weed-edible-canada.png","contentUrl":"https:\/\/stgbc.bcweededible.net\/wp-content\/uploads\/2021\/12\/bc-weed-edible-canada.png","width":270,"height":185,"caption":"BC Weed Edible"},"image":{"@id":"https:\/\/stgbc.bcweededible.net\/fr\/#\/schema\/logo\/image\/"}}]}},"_links":{"self":[{"href":"https:\/\/stgbc.bcweededible.net\/fr\/wp-json\/wp\/v2\/product\/40098","targetHints":{"allow":["GET"]}}],"collection":[{"href":"https:\/\/stgbc.bcweededible.net\/fr\/wp-json\/wp\/v2\/product"}],"about":[{"href":"https:\/\/stgbc.bcweededible.net\/fr\/wp-json\/wp\/v2\/types\/product"}],"replies":[{"embeddable":true,"href":"https:\/\/stgbc.bcweededible.net\/fr\/wp-json\/wp\/v2\/comments?post=40098"}],"wp:featuredmedia":[{"embeddable":true,"href":"https:\/\/stgbc.bcweededible.net\/fr\/wp-json\/wp\/v2\/media\/28225"}],"wp:attachment":[{"href":"https:\/\/stgbc.bcweededible.net\/fr\/wp-json\/wp\/v2\/media?parent=40098"}],"wp:term":[{"taxonomy":"product_brand","embeddable":true,"href":"https:\/\/stgbc.bcweededible.net\/fr\/wp-json\/wp\/v2\/product_brand?post=40098"},{"taxonomy":"product_cat","embeddable":true,"href":"https:\/\/stgbc.bcweededible.net\/fr\/wp-json\/wp\/v2\/product_cat?post=40098"},{"taxonomy":"product_tag","embeddable":true,"href":"https:\/\/stgbc.bcweededible.net\/fr\/wp-json\/wp\/v2\/product_tag?post=40098"}],"curies":[{"name":"wp","href":"https:\/\/api.w.org\/{rel}","templated":true}]}}