{"id":39822,"date":"2023-07-14T10:51:23","date_gmt":"2023-08-04T01:15:51","guid":{"rendered":"https:\/\/bcweededible.net\/buy\/non%20class\u00e9\/hachis-aux-myrtilles\/"},"modified":"2026-03-07T15:18:04","modified_gmt":"2026-03-07T23:18:04","slug":"hachis-aux-myrtilles","status":"publish","type":"product","link":"https:\/\/stgbc.bcweededible.net\/fr\/buy\/concentres\/hasch\/bc-hash-fr\/hachis-aux-myrtilles\/","title":{"rendered":"Hash Blueberry"},"content":{"rendered":"","protected":false},"excerpt":{"rendered":"<p>Fabriqu\u00e9 avec soin \u00e0 partir de vari\u00e9t\u00e9s de cannabis de qualit\u00e9 sup\u00e9rieure et des derni\u00e8res techniques d&#8217;extraction, le <strong>hash Blueberry<\/strong> offre une fum\u00e9e agr\u00e9able et un go\u00fbt juste assez sucr\u00e9. Et gr\u00e2ce \u00e0 sa puissante teneur en THC, ce haschisch est s\u00fbr de procurer un &#8221;high&#8221;<strong> fort et durable<\/strong>, parfait pour se d\u00e9tendre apr\u00e8s une longue journ\u00e9e ou pour profiter d&#8217;un moment de d\u00e9tente avec des amis.<\/p>\n","protected":false},"featured_media":37924,"comment_status":"open","ping_status":"closed","template":"","meta":[],"product_brand":[],"product_cat":[659,305,660,661,628],"product_tag":[],"class_list":{"0":"post-39822","1":"product","2":"type-product","3":"status-publish","4":"has-post-thumbnail","6":"product_cat-bc-hash-fr","7":"product_cat-concentres","8":"product_cat-bulk-hash-fr","9":"product_cat-haschisch-bon-marche","10":"product_cat-hasch","12":"first","13":"instock","14":"shipping-taxable","15":"purchasable","16":"product-type-variable","17":"has-default-attributes"},"yoast_head":"\n<title>Acheter Hash Blueberry Canada | Acheter Hash en vrac et bon march\u00e9 en ligne BC Weed Edible %.<\/title>\n<meta name=\"robots\" content=\"index, follow, max-snippet:-1, max-image-preview:large, max-video-preview:-1\" \/>\n<link rel=\"canonical\" href=\"https:\/\/stgbc.bcweededible.net\/fr\/buy\/concentres\/hasch\/bc-hash-fr\/hachis-aux-myrtilles\/\" \/>\n<meta property=\"og:locale\" content=\"fr_FR\" \/>\n<meta property=\"og:type\" content=\"article\" \/>\n<meta property=\"og:title\" content=\"Acheter Hash Blueberry Canada | Acheter Hash en vrac et bon march\u00e9 en ligne BC Weed Edible %.\" \/>\n<meta property=\"og:description\" content=\"Fabriqu\u00e9 avec soin \u00e0 partir de vari\u00e9t\u00e9s de cannabis de qualit\u00e9 sup\u00e9rieure et des derni\u00e8res techniques d&#039;extraction, le hash Blueberry offre une fum\u00e9e agr\u00e9able et un go\u00fbt juste assez sucr\u00e9. Et gr\u00e2ce \u00e0 sa puissante teneur en THC, ce haschisch est s\u00fbr de procurer un &#039;&#039;high&#039;&#039; fort et durable, parfait pour se d\u00e9tendre apr\u00e8s une longue journ\u00e9e ou pour profiter d&#039;un moment de d\u00e9tente avec des amis.\" \/>\n<meta property=\"og:url\" content=\"https:\/\/stgbc.bcweededible.net\/fr\/buy\/concentres\/hasch\/bc-hash-fr\/hachis-aux-myrtilles\/\" \/>\n<meta property=\"og:site_name\" content=\"BC Weed Edible\" \/>\n<meta property=\"article:modified_time\" content=\"2026-03-07T23:18:04+00:00\" \/>\n<meta property=\"og:image\" content=\"https:\/\/stgbc.bcweededible.net\/wp-content\/uploads\/2023\/07\/Blueberry-Hash-1-1.jpg\" \/>\n\t<meta property=\"og:image:width\" content=\"900\" \/>\n\t<meta property=\"og:image:height\" content=\"900\" \/>\n\t<meta property=\"og:image:type\" content=\"image\/jpeg\" \/>\n<meta name=\"twitter:card\" content=\"summary_large_image\" \/>\n<script type=\"application\/ld+json\" class=\"yoast-schema-graph\">{\"@context\":\"https:\\\/\\\/schema.org\",\"@graph\":[{\"@type\":\"WebPage\",\"@id\":\"https:\\\/\\\/stgbc.bcweededible.net\\\/fr\\\/buy\\\/concentres\\\/hasch\\\/bc-hash-fr\\\/hachis-aux-myrtilles\\\/\",\"url\":\"https:\\\/\\\/stgbc.bcweededible.net\\\/fr\\\/buy\\\/concentres\\\/hasch\\\/bc-hash-fr\\\/hachis-aux-myrtilles\\\/\",\"name\":\"Acheter Hash Blueberry Canada | Acheter Hash en vrac et bon march\u00e9 en ligne BC Weed Edible %.\",\"isPartOf\":{\"@id\":\"https:\\\/\\\/stgbc.bcweededible.net\\\/fr\\\/#website\"},\"primaryImageOfPage\":{\"@id\":\"https:\\\/\\\/stgbc.bcweededible.net\\\/fr\\\/buy\\\/concentres\\\/hasch\\\/bc-hash-fr\\\/hachis-aux-myrtilles\\\/#primaryimage\"},\"image\":{\"@id\":\"https:\\\/\\\/stgbc.bcweededible.net\\\/fr\\\/buy\\\/concentres\\\/hasch\\\/bc-hash-fr\\\/hachis-aux-myrtilles\\\/#primaryimage\"},\"thumbnailUrl\":\"https:\\\/\\\/stgbc.bcweededible.net\\\/wp-content\\\/uploads\\\/2023\\\/07\\\/Blueberry-Hash-1-1.jpg\",\"datePublished\":\"2023-08-04T01:15:51+00:00\",\"dateModified\":\"2026-03-07T23:18:04+00:00\",\"breadcrumb\":{\"@id\":\"https:\\\/\\\/stgbc.bcweededible.net\\\/fr\\\/buy\\\/concentres\\\/hasch\\\/bc-hash-fr\\\/hachis-aux-myrtilles\\\/#breadcrumb\"},\"inLanguage\":\"fr-FR\",\"potentialAction\":[{\"@type\":\"ReadAction\",\"target\":[\"https:\\\/\\\/stgbc.bcweededible.net\\\/fr\\\/buy\\\/concentres\\\/hasch\\\/bc-hash-fr\\\/hachis-aux-myrtilles\\\/\"]}]},{\"@type\":\"ImageObject\",\"inLanguage\":\"fr-FR\",\"@id\":\"https:\\\/\\\/stgbc.bcweededible.net\\\/fr\\\/buy\\\/concentres\\\/hasch\\\/bc-hash-fr\\\/hachis-aux-myrtilles\\\/#primaryimage\",\"url\":\"https:\\\/\\\/stgbc.bcweededible.net\\\/wp-content\\\/uploads\\\/2023\\\/07\\\/Blueberry-Hash-1-1.jpg\",\"contentUrl\":\"https:\\\/\\\/stgbc.bcweededible.net\\\/wp-content\\\/uploads\\\/2023\\\/07\\\/Blueberry-Hash-1-1.jpg\",\"width\":900,\"height\":900,\"caption\":\"blueberry hash bar\"},{\"@type\":\"BreadcrumbList\",\"@id\":\"https:\\\/\\\/stgbc.bcweededible.net\\\/fr\\\/buy\\\/concentres\\\/hasch\\\/bc-hash-fr\\\/hachis-aux-myrtilles\\\/#breadcrumb\",\"itemListElement\":[{\"@type\":\"ListItem\",\"position\":1,\"name\":\"Jujubes au Pot Canada\",\"item\":\"https:\\\/\\\/stgbc.bcweededible.net\\\/fr\\\/shop\\\/\"},{\"@type\":\"ListItem\",\"position\":2,\"name\":\"Hash Blueberry\"}]},{\"@type\":\"WebSite\",\"@id\":\"https:\\\/\\\/stgbc.bcweededible.net\\\/fr\\\/#website\",\"url\":\"https:\\\/\\\/stgbc.bcweededible.net\\\/fr\\\/\",\"name\":\"BC Weed Edible\",\"description\":\"\",\"publisher\":{\"@id\":\"https:\\\/\\\/stgbc.bcweededible.net\\\/fr\\\/#organization\"},\"potentialAction\":[{\"@type\":\"SearchAction\",\"target\":{\"@type\":\"EntryPoint\",\"urlTemplate\":\"https:\\\/\\\/stgbc.bcweededible.net\\\/fr\\\/?s={search_term_string}\"},\"query-input\":{\"@type\":\"PropertyValueSpecification\",\"valueRequired\":true,\"valueName\":\"search_term_string\"}}],\"inLanguage\":\"fr-FR\"},{\"@type\":\"Organization\",\"@id\":\"https:\\\/\\\/stgbc.bcweededible.net\\\/fr\\\/#organization\",\"name\":\"BC Weed Edible\",\"url\":\"https:\\\/\\\/stgbc.bcweededible.net\\\/fr\\\/\",\"logo\":{\"@type\":\"ImageObject\",\"inLanguage\":\"fr-FR\",\"@id\":\"https:\\\/\\\/stgbc.bcweededible.net\\\/fr\\\/#\\\/schema\\\/logo\\\/image\\\/\",\"url\":\"https:\\\/\\\/stgbc.bcweededible.net\\\/wp-content\\\/uploads\\\/2021\\\/12\\\/bc-weed-edible-canada.png\",\"contentUrl\":\"https:\\\/\\\/stgbc.bcweededible.net\\\/wp-content\\\/uploads\\\/2021\\\/12\\\/bc-weed-edible-canada.png\",\"width\":270,\"height\":185,\"caption\":\"BC Weed Edible\"},\"image\":{\"@id\":\"https:\\\/\\\/stgbc.bcweededible.net\\\/fr\\\/#\\\/schema\\\/logo\\\/image\\\/\"}}]}<\/script>\n","yoast_head_json":{"title":"Acheter Hash Blueberry Canada | Acheter Hash en vrac et bon march\u00e9 en ligne BC Weed Edible %.","robots":{"index":"index","follow":"follow","max-snippet":"max-snippet:-1","max-image-preview":"max-image-preview:large","max-video-preview":"max-video-preview:-1"},"canonical":"https:\/\/stgbc.bcweededible.net\/fr\/buy\/concentres\/hasch\/bc-hash-fr\/hachis-aux-myrtilles\/","og_locale":"fr_FR","og_type":"article","og_title":"Acheter Hash Blueberry Canada | Acheter Hash en vrac et bon march\u00e9 en ligne BC Weed Edible %.","og_description":"Fabriqu\u00e9 avec soin \u00e0 partir de vari\u00e9t\u00e9s de cannabis de qualit\u00e9 sup\u00e9rieure et des derni\u00e8res techniques d'extraction, le hash Blueberry offre une fum\u00e9e agr\u00e9able et un go\u00fbt juste assez sucr\u00e9. Et gr\u00e2ce \u00e0 sa puissante teneur en THC, ce haschisch est s\u00fbr de procurer un ''high'' fort et durable, parfait pour se d\u00e9tendre apr\u00e8s une longue journ\u00e9e ou pour profiter d'un moment de d\u00e9tente avec des amis.","og_url":"https:\/\/stgbc.bcweededible.net\/fr\/buy\/concentres\/hasch\/bc-hash-fr\/hachis-aux-myrtilles\/","og_site_name":"BC Weed Edible","article_modified_time":"2026-03-07T23:18:04+00:00","og_image":[{"width":900,"height":900,"url":"https:\/\/stgbc.bcweededible.net\/wp-content\/uploads\/2023\/07\/Blueberry-Hash-1-1.jpg","type":"image\/jpeg"}],"twitter_card":"summary_large_image","schema":{"@context":"https:\/\/schema.org","@graph":[{"@type":"WebPage","@id":"https:\/\/stgbc.bcweededible.net\/fr\/buy\/concentres\/hasch\/bc-hash-fr\/hachis-aux-myrtilles\/","url":"https:\/\/stgbc.bcweededible.net\/fr\/buy\/concentres\/hasch\/bc-hash-fr\/hachis-aux-myrtilles\/","name":"Acheter Hash Blueberry Canada | Acheter Hash en vrac et bon march\u00e9 en ligne BC Weed Edible %.","isPartOf":{"@id":"https:\/\/stgbc.bcweededible.net\/fr\/#website"},"primaryImageOfPage":{"@id":"https:\/\/stgbc.bcweededible.net\/fr\/buy\/concentres\/hasch\/bc-hash-fr\/hachis-aux-myrtilles\/#primaryimage"},"image":{"@id":"https:\/\/stgbc.bcweededible.net\/fr\/buy\/concentres\/hasch\/bc-hash-fr\/hachis-aux-myrtilles\/#primaryimage"},"thumbnailUrl":"https:\/\/stgbc.bcweededible.net\/wp-content\/uploads\/2023\/07\/Blueberry-Hash-1-1.jpg","datePublished":"2023-08-04T01:15:51+00:00","dateModified":"2026-03-07T23:18:04+00:00","breadcrumb":{"@id":"https:\/\/stgbc.bcweededible.net\/fr\/buy\/concentres\/hasch\/bc-hash-fr\/hachis-aux-myrtilles\/#breadcrumb"},"inLanguage":"fr-FR","potentialAction":[{"@type":"ReadAction","target":["https:\/\/stgbc.bcweededible.net\/fr\/buy\/concentres\/hasch\/bc-hash-fr\/hachis-aux-myrtilles\/"]}]},{"@type":"ImageObject","inLanguage":"fr-FR","@id":"https:\/\/stgbc.bcweededible.net\/fr\/buy\/concentres\/hasch\/bc-hash-fr\/hachis-aux-myrtilles\/#primaryimage","url":"https:\/\/stgbc.bcweededible.net\/wp-content\/uploads\/2023\/07\/Blueberry-Hash-1-1.jpg","contentUrl":"https:\/\/stgbc.bcweededible.net\/wp-content\/uploads\/2023\/07\/Blueberry-Hash-1-1.jpg","width":900,"height":900,"caption":"blueberry hash bar"},{"@type":"BreadcrumbList","@id":"https:\/\/stgbc.bcweededible.net\/fr\/buy\/concentres\/hasch\/bc-hash-fr\/hachis-aux-myrtilles\/#breadcrumb","itemListElement":[{"@type":"ListItem","position":1,"name":"Jujubes au Pot Canada","item":"https:\/\/stgbc.bcweededible.net\/fr\/shop\/"},{"@type":"ListItem","position":2,"name":"Hash Blueberry"}]},{"@type":"WebSite","@id":"https:\/\/stgbc.bcweededible.net\/fr\/#website","url":"https:\/\/stgbc.bcweededible.net\/fr\/","name":"BC Weed Edible","description":"","publisher":{"@id":"https:\/\/stgbc.bcweededible.net\/fr\/#organization"},"potentialAction":[{"@type":"SearchAction","target":{"@type":"EntryPoint","urlTemplate":"https:\/\/stgbc.bcweededible.net\/fr\/?s={search_term_string}"},"query-input":{"@type":"PropertyValueSpecification","valueRequired":true,"valueName":"search_term_string"}}],"inLanguage":"fr-FR"},{"@type":"Organization","@id":"https:\/\/stgbc.bcweededible.net\/fr\/#organization","name":"BC Weed Edible","url":"https:\/\/stgbc.bcweededible.net\/fr\/","logo":{"@type":"ImageObject","inLanguage":"fr-FR","@id":"https:\/\/stgbc.bcweededible.net\/fr\/#\/schema\/logo\/image\/","url":"https:\/\/stgbc.bcweededible.net\/wp-content\/uploads\/2021\/12\/bc-weed-edible-canada.png","contentUrl":"https:\/\/stgbc.bcweededible.net\/wp-content\/uploads\/2021\/12\/bc-weed-edible-canada.png","width":270,"height":185,"caption":"BC Weed Edible"},"image":{"@id":"https:\/\/stgbc.bcweededible.net\/fr\/#\/schema\/logo\/image\/"}}]}},"_links":{"self":[{"href":"https:\/\/stgbc.bcweededible.net\/fr\/wp-json\/wp\/v2\/product\/39822","targetHints":{"allow":["GET"]}}],"collection":[{"href":"https:\/\/stgbc.bcweededible.net\/fr\/wp-json\/wp\/v2\/product"}],"about":[{"href":"https:\/\/stgbc.bcweededible.net\/fr\/wp-json\/wp\/v2\/types\/product"}],"replies":[{"embeddable":true,"href":"https:\/\/stgbc.bcweededible.net\/fr\/wp-json\/wp\/v2\/comments?post=39822"}],"wp:featuredmedia":[{"embeddable":true,"href":"https:\/\/stgbc.bcweededible.net\/fr\/wp-json\/wp\/v2\/media\/37924"}],"wp:attachment":[{"href":"https:\/\/stgbc.bcweededible.net\/fr\/wp-json\/wp\/v2\/media?parent=39822"}],"wp:term":[{"taxonomy":"product_brand","embeddable":true,"href":"https:\/\/stgbc.bcweededible.net\/fr\/wp-json\/wp\/v2\/product_brand?post=39822"},{"taxonomy":"product_cat","embeddable":true,"href":"https:\/\/stgbc.bcweededible.net\/fr\/wp-json\/wp\/v2\/product_cat?post=39822"},{"taxonomy":"product_tag","embeddable":true,"href":"https:\/\/stgbc.bcweededible.net\/fr\/wp-json\/wp\/v2\/product_tag?post=39822"}],"curies":[{"name":"wp","href":"https:\/\/api.w.org\/{rel}","templated":true}]}}