{"id":39795,"date":"2023-06-16T12:18:19","date_gmt":"2023-08-04T01:15:39","guid":{"rendered":"https:\/\/bcweededible.net\/buy\/non%20class\u00e9\/aa-sour-diesel-smalls-59oz\/"},"modified":"2025-05-07T11:21:13","modified_gmt":"2025-05-07T18:21:13","slug":"aa-popcorn-sour-diesel-smalls","status":"publish","type":"product","link":"https:\/\/stgbc.bcweededible.net\/fr\/buy\/gros\/pot-gros\/aa-popcorn-sour-diesel-smalls\/","title":{"rendered":"AA+ Sour Diesel Smalls (59oz)"},"content":{"rendered":"<h1 class=\"text-2xl font-bold\">Acheter AA+ Sour Diesel Smalls au Canada<\/h1>\n<p class=\"my-0.5\">Laissez-vous s\u00e9duire par l&#8217;<strong>ar\u00f4me captivant et les effets revigorants<\/strong> de <strong>AA+ Sour Diesel Smalls<\/strong>, maintenant disponible \u00e0 l&#8217;achat au Canada. Cette <strong>vari\u00e9t\u00e9 de qualit\u00e9 sup\u00e9rieure<\/strong>, propos\u00e9e \u00e0 un prix incroyable, offre une <strong>exp\u00e9rience d\u00e9licieuse<\/strong> aux amateurs de cannabis. Vous pouvez trouver cette vari\u00e9t\u00e9 en ligne dans BC Weed Edible <a href=\"https:\/\/stgbc.bcweededible.net\/\">,<\/a> les prix vont de 69 $ l&#8217;once \u00e0 des prix de d\u00e9tail en vrac.<\/p>\n<h1 class=\"text-2xl font-bold\">Qu&#8217;est-ce que le AA+ Sour Diesel Smalls ?<\/h1>\n<p class=\"my-0.5\">AA+ Sour Diesel Smalls fait r\u00e9f\u00e9rence \u00e0 une <strong>variante<\/strong> sp\u00e9cifique <strong>de la vari\u00e9t\u00e9 de cannabis Sour Diesel<\/strong>. Le terme &#8220;Smalls&#8221; indique g\u00e9n\u00e9ralement des bourgeons de plus petite taille, qui sont tout aussi <strong>puissants et savoureux<\/strong>, mais dont l&#8217;apparence peut varier par rapport aux fleurs de plus grande taille. Le AA+ Sour Diesel est connu pour ses caract\u00e9ristiques uniques, notamment ses effets \u00e9nergisants distincts. C&#8217;est un choix populaire parmi les amateurs de cannabis \u00e0 la recherche d&#8217;une exp\u00e9rience revigorante. Avec son prix abordable et ses attributs de qualit\u00e9, AA+ Sour Diesel Smalls offre une option s\u00e9duisante pour ceux qui cherchent \u00e0 profiter de cette vari\u00e9t\u00e9 particuli\u00e8re sans se ruiner.<\/p>\n<h1 class=\"text-2xl font-bold\">Comment consommer les AA+ Sour Diesel Smalls ?<\/h1>\n<p>Les AA+ Sour Diesel Smalls (69 $\/oz) peuvent \u00eatre consomm\u00e9es selon diff\u00e9rentes m\u00e9thodes, en fonction de vos pr\u00e9f\u00e9rences et de l&#8217;exp\u00e9rience souhait\u00e9e. Voici quelques fa\u00e7ons courantes d&#8217;appr\u00e9cier cette vari\u00e9t\u00e9 :<\/p>\n<ul>\n<li><strong>Fumer :<\/strong> Roulez les AA+ Sour Diesel Smalls dans un joint ou mettez-les dans une pipe ou un bong. Allumez-le et inhalez la fum\u00e9e pour une exp\u00e9rience traditionnelle. N&#8217;oubliez pas d&#8217;y aller doucement et d&#8217;\u00e9valuer votre tol\u00e9rance, car cette vari\u00e9t\u00e9 peut avoir des effets puissants.<\/li>\n<li><strong>Vaporisation :<\/strong> Utilisez un vaporisateur sp\u00e9cialement con\u00e7u pour l&#8217;herbe s\u00e8che ou les fleurs. Cette m\u00e9thode permet de chauffer le cannabis \u00e0 des temp\u00e9ratures plus basses, ce qui lib\u00e8re les compos\u00e9s actifs sans combustion. Il peut offrir une exp\u00e9rience plus douce et mieux contr\u00f4l\u00e9e que la cigarette.<\/li>\n<li><strong>Edibles :<\/strong> Si vous pr\u00e9f\u00e9rez une exp\u00e9rience plus longue et plus intense, pensez \u00e0 infuser AA+ Sour Diesel Smalls dans des comestibles faits maison. D\u00e9carboxylez le cannabis en le chauffant au four, puis incorporez-le dans vos recettes pr\u00e9f\u00e9r\u00e9es telles que les p\u00e2tisseries ou les huiles infus\u00e9es. Veillez \u00e0 bien doser votre consommation, car les comestibles peuvent avoir des effets plus tardifs et plus puissants.<\/li>\n<li><strong>Tamponner :<\/strong> Pour les consommateurs de cannabis exp\u00e9riment\u00e9s, le dabbing consiste \u00e0 utiliser un dispositif de tamponnage et une forme concentr\u00e9e de AA+ Sour Diesel Smalls, comme un shatter ou de la cire. Le concentr\u00e9 est chauff\u00e9 sur une surface chaude, produisant de la vapeur qui est inhal\u00e9e \u00e0 l&#8217;aide d&#8217;un dispositif de tamponnage. Le dabbing offre une exp\u00e9rience rapide et tr\u00e8s puissante.<\/li>\n<\/ul>\n<p>N&#8217;oubliez pas de commencer par un faible dosage, surtout si vous \u00eates novice en mati\u00e8re de cannabis ou si vous ne connaissez pas cette vari\u00e9t\u00e9. La tol\u00e9rance et la sensibilit\u00e9 de chacun peuvent varier, il est donc important de consommer de mani\u00e8re responsable et d&#8217;adapter le dosage en cons\u00e9quence.<\/p>\n<h1 class=\"text-2xl font-bold\">Quels sont les effets de AA+ Sour Diesel Smalls ?<\/h1>\n<p class=\"my-0.5\">AA+ Sour Diesel Smalls pr\u00e9sente une gamme d&#8217;effets bien connus des amateurs de cannabis. Cette vari\u00e9t\u00e9 est connue pour ses <strong>qualit\u00e9s stimulantes et \u00e9nergisantes<\/strong>, procurant un r<strong>egain d&#8217;\u00e9nergie mentale et physique<\/strong>. Les utilisateurs font souvent l&#8217;exp\u00e9rience d&#8217;une meilleure <strong>concentration, d&#8217;une<\/strong> plus grande <strong>cr\u00e9ativit\u00e9 et d&#8217;un sentiment d&#8217;euphorie<\/strong>. AA+ Sour Diesel Smalls peut \u00e9galement favoriser la sociabilit\u00e9, ce qui le rend adapt\u00e9 aux situations sociales et stimule les conversations engageantes. Avec ses effets puissants et son ar\u00f4me caract\u00e9ristique de diesel, cette vari\u00e9t\u00e9 offre une exp\u00e9rience unique et agr\u00e9able \u00e0 ceux qui recherchent une rencontre vivante et revigorante avec le cannabis.<\/p>\n<h2>Quelle est la dur\u00e9e des effets du AA+ Sour Diesel Smalls ?<\/h2>\n<p>La dur\u00e9e des effets de la consommation de AA+ Sour Diesel Smalls peut <strong>varier en fonction de facteurs tels que la tol\u00e9rance individuelle, le dosage et la m\u00e9thode de consommation<\/strong>. En moyenne, les effets de cette vari\u00e9t\u00e9 durent entre 1 et 3 heures. Cependant, il est important de noter que les exp\u00e9riences individuelles peuvent varier et que certains utilisateurs peuvent ressentir les effets pendant une dur\u00e9e plus ou moins longue. Il est conseill\u00e9 de commencer par un dosage plus faible et de l&#8217;augmenter progressivement si n\u00e9cessaire, ce qui vous permettra d&#8217;\u00e9valuer votre r\u00e9action personnelle \u00e0 la vari\u00e9t\u00e9 et de l&#8217;ajuster en cons\u00e9quence. N&#8217;oubliez pas de consommer de mani\u00e8re responsable et d&#8217;\u00eatre attentif aux effets potentiels lorsque vous planifiez votre exp\u00e9rience du cannabis.<\/p>\n<p>&nbsp;<\/p>\n","protected":false},"excerpt":{"rendered":"<p>Laissez-vous s\u00e9duire par l&#8217;ar\u00f4me captivant et les effets revigorants de <strong>AA+ Sour Diesel Smalls<\/strong>. Cette vari\u00e9t\u00e9 est un choix d\u00e9licieux pour les amateurs de cannabis \u00e0 la recherche d&#8217;une <strong>exp\u00e9rience puissante et savoureuse<\/strong>. Avec son odeur unique de diesel et ses propri\u00e9t\u00e9s stimulantes, AA+ Sour Diesel Smalls \u00e9veillera vos sens et enflammera votre cr\u00e9ativit\u00e9.<\/p>\n","protected":false},"featured_media":35984,"comment_status":"open","ping_status":"closed","template":"","meta":[],"product_brand":[],"product_cat":[245,293,294,470,289,292,719,452],"product_tag":[],"class_list":{"0":"post-39795","1":"product","2":"type-product","3":"status-publish","4":"has-post-thumbnail","6":"product_cat-fleurs-cannabis","7":"product_cat-hybrid-fr","8":"product_cat-indica-fr","9":"product_cat-livre-de-pot","10":"product_cat-99-oz-fr","11":"product_cat-ounces-pas-cher","12":"product_cat-popcorn-smalls-fr","13":"product_cat-pot-gros","15":"first","16":"outofstock","17":"shipping-taxable","18":"purchasable","19":"product-type-variable","20":"has-default-attributes"},"yoast_head":"\n<title>Acheter AA+ Sour Diesel Smalls (59oz) en ligne au Canada | BC Weed Edible.<\/title>\n<meta name=\"robots\" content=\"index, follow, max-snippet:-1, max-image-preview:large, max-video-preview:-1\" \/>\n<link rel=\"canonical\" href=\"https:\/\/stgbc.bcweededible.net\/fr\/buy\/gros\/pot-gros\/aa-popcorn-sour-diesel-smalls\/\" \/>\n<meta property=\"og:locale\" content=\"fr_FR\" \/>\n<meta property=\"og:type\" content=\"article\" \/>\n<meta property=\"og:title\" content=\"Acheter AA+ Sour Diesel Smalls (59oz) en ligne au Canada | BC Weed Edible.\" \/>\n<meta property=\"og:description\" content=\"Laissez-vous s\u00e9duire par l&#039;ar\u00f4me captivant et les effets revigorants de AA+ Sour Diesel Smalls. Cette vari\u00e9t\u00e9 est un choix d\u00e9licieux pour les amateurs de cannabis \u00e0 la recherche d&#039;une exp\u00e9rience puissante et savoureuse. Avec son odeur unique de diesel et ses propri\u00e9t\u00e9s stimulantes, AA+ Sour Diesel Smalls \u00e9veillera vos sens et enflammera votre cr\u00e9ativit\u00e9.\" \/>\n<meta property=\"og:url\" content=\"https:\/\/stgbc.bcweededible.net\/fr\/buy\/gros\/pot-gros\/aa-popcorn-sour-diesel-smalls\/\" \/>\n<meta property=\"og:site_name\" content=\"BC Weed Edible\" \/>\n<meta property=\"article:modified_time\" content=\"2025-05-07T18:21:13+00:00\" \/>\n<meta property=\"og:image\" content=\"https:\/\/stgbc.bcweededible.net\/wp-content\/uploads\/2023\/06\/sour-diesel-small-AA.jpg\" \/>\n\t<meta property=\"og:image:width\" content=\"1024\" \/>\n\t<meta property=\"og:image:height\" content=\"1024\" \/>\n\t<meta property=\"og:image:type\" content=\"image\/jpeg\" \/>\n<meta name=\"twitter:card\" content=\"summary_large_image\" \/>\n<meta name=\"twitter:label1\" content=\"Dur\u00e9e de lecture estim\u00e9e\" \/>\n\t<meta name=\"twitter:data1\" content=\"4 minutes\" \/>\n<script type=\"application\/ld+json\" class=\"yoast-schema-graph\">{\"@context\":\"https:\\\/\\\/schema.org\",\"@graph\":[{\"@type\":\"WebPage\",\"@id\":\"https:\\\/\\\/stgbc.bcweededible.net\\\/fr\\\/buy\\\/gros\\\/pot-gros\\\/aa-popcorn-sour-diesel-smalls\\\/\",\"url\":\"https:\\\/\\\/stgbc.bcweededible.net\\\/fr\\\/buy\\\/gros\\\/pot-gros\\\/aa-popcorn-sour-diesel-smalls\\\/\",\"name\":\"Acheter AA+ Sour Diesel Smalls (59oz) en ligne au Canada | BC Weed Edible.\",\"isPartOf\":{\"@id\":\"https:\\\/\\\/stgbc.bcweededible.net\\\/fr\\\/#website\"},\"primaryImageOfPage\":{\"@id\":\"https:\\\/\\\/stgbc.bcweededible.net\\\/fr\\\/buy\\\/gros\\\/pot-gros\\\/aa-popcorn-sour-diesel-smalls\\\/#primaryimage\"},\"image\":{\"@id\":\"https:\\\/\\\/stgbc.bcweededible.net\\\/fr\\\/buy\\\/gros\\\/pot-gros\\\/aa-popcorn-sour-diesel-smalls\\\/#primaryimage\"},\"thumbnailUrl\":\"https:\\\/\\\/stgbc.bcweededible.net\\\/wp-content\\\/uploads\\\/2023\\\/06\\\/sour-diesel-small-AA.jpg\",\"datePublished\":\"2023-08-04T01:15:39+00:00\",\"dateModified\":\"2025-05-07T18:21:13+00:00\",\"breadcrumb\":{\"@id\":\"https:\\\/\\\/stgbc.bcweededible.net\\\/fr\\\/buy\\\/gros\\\/pot-gros\\\/aa-popcorn-sour-diesel-smalls\\\/#breadcrumb\"},\"inLanguage\":\"fr-FR\",\"potentialAction\":[{\"@type\":\"ReadAction\",\"target\":[\"https:\\\/\\\/stgbc.bcweededible.net\\\/fr\\\/buy\\\/gros\\\/pot-gros\\\/aa-popcorn-sour-diesel-smalls\\\/\"]}]},{\"@type\":\"ImageObject\",\"inLanguage\":\"fr-FR\",\"@id\":\"https:\\\/\\\/stgbc.bcweededible.net\\\/fr\\\/buy\\\/gros\\\/pot-gros\\\/aa-popcorn-sour-diesel-smalls\\\/#primaryimage\",\"url\":\"https:\\\/\\\/stgbc.bcweededible.net\\\/wp-content\\\/uploads\\\/2023\\\/06\\\/sour-diesel-small-AA.jpg\",\"contentUrl\":\"https:\\\/\\\/stgbc.bcweededible.net\\\/wp-content\\\/uploads\\\/2023\\\/06\\\/sour-diesel-small-AA.jpg\",\"width\":1024,\"height\":1024},{\"@type\":\"BreadcrumbList\",\"@id\":\"https:\\\/\\\/stgbc.bcweededible.net\\\/fr\\\/buy\\\/gros\\\/pot-gros\\\/aa-popcorn-sour-diesel-smalls\\\/#breadcrumb\",\"itemListElement\":[{\"@type\":\"ListItem\",\"position\":1,\"name\":\"Jujubes au Pot Canada\",\"item\":\"https:\\\/\\\/stgbc.bcweededible.net\\\/fr\\\/shop\\\/\"},{\"@type\":\"ListItem\",\"position\":2,\"name\":\"AA+ Sour Diesel Smalls (59oz)\"}]},{\"@type\":\"WebSite\",\"@id\":\"https:\\\/\\\/stgbc.bcweededible.net\\\/fr\\\/#website\",\"url\":\"https:\\\/\\\/stgbc.bcweededible.net\\\/fr\\\/\",\"name\":\"BC Weed Edible\",\"description\":\"\",\"publisher\":{\"@id\":\"https:\\\/\\\/stgbc.bcweededible.net\\\/fr\\\/#organization\"},\"potentialAction\":[{\"@type\":\"SearchAction\",\"target\":{\"@type\":\"EntryPoint\",\"urlTemplate\":\"https:\\\/\\\/stgbc.bcweededible.net\\\/fr\\\/?s={search_term_string}\"},\"query-input\":{\"@type\":\"PropertyValueSpecification\",\"valueRequired\":true,\"valueName\":\"search_term_string\"}}],\"inLanguage\":\"fr-FR\"},{\"@type\":\"Organization\",\"@id\":\"https:\\\/\\\/stgbc.bcweededible.net\\\/fr\\\/#organization\",\"name\":\"BC Weed Edible\",\"url\":\"https:\\\/\\\/stgbc.bcweededible.net\\\/fr\\\/\",\"logo\":{\"@type\":\"ImageObject\",\"inLanguage\":\"fr-FR\",\"@id\":\"https:\\\/\\\/stgbc.bcweededible.net\\\/fr\\\/#\\\/schema\\\/logo\\\/image\\\/\",\"url\":\"https:\\\/\\\/stgbc.bcweededible.net\\\/wp-content\\\/uploads\\\/2021\\\/12\\\/bc-weed-edible-canada.png\",\"contentUrl\":\"https:\\\/\\\/stgbc.bcweededible.net\\\/wp-content\\\/uploads\\\/2021\\\/12\\\/bc-weed-edible-canada.png\",\"width\":270,\"height\":185,\"caption\":\"BC Weed Edible\"},\"image\":{\"@id\":\"https:\\\/\\\/stgbc.bcweededible.net\\\/fr\\\/#\\\/schema\\\/logo\\\/image\\\/\"}}]}<\/script>\n","yoast_head_json":{"title":"Acheter AA+ Sour Diesel Smalls (59oz) en ligne au Canada | BC Weed Edible.","robots":{"index":"index","follow":"follow","max-snippet":"max-snippet:-1","max-image-preview":"max-image-preview:large","max-video-preview":"max-video-preview:-1"},"canonical":"https:\/\/stgbc.bcweededible.net\/fr\/buy\/gros\/pot-gros\/aa-popcorn-sour-diesel-smalls\/","og_locale":"fr_FR","og_type":"article","og_title":"Acheter AA+ Sour Diesel Smalls (59oz) en ligne au Canada | BC Weed Edible.","og_description":"Laissez-vous s\u00e9duire par l'ar\u00f4me captivant et les effets revigorants de AA+ Sour Diesel Smalls. Cette vari\u00e9t\u00e9 est un choix d\u00e9licieux pour les amateurs de cannabis \u00e0 la recherche d'une exp\u00e9rience puissante et savoureuse. Avec son odeur unique de diesel et ses propri\u00e9t\u00e9s stimulantes, AA+ Sour Diesel Smalls \u00e9veillera vos sens et enflammera votre cr\u00e9ativit\u00e9.","og_url":"https:\/\/stgbc.bcweededible.net\/fr\/buy\/gros\/pot-gros\/aa-popcorn-sour-diesel-smalls\/","og_site_name":"BC Weed Edible","article_modified_time":"2025-05-07T18:21:13+00:00","og_image":[{"width":1024,"height":1024,"url":"https:\/\/stgbc.bcweededible.net\/wp-content\/uploads\/2023\/06\/sour-diesel-small-AA.jpg","type":"image\/jpeg"}],"twitter_card":"summary_large_image","twitter_misc":{"Dur\u00e9e de lecture estim\u00e9e":"4 minutes"},"schema":{"@context":"https:\/\/schema.org","@graph":[{"@type":"WebPage","@id":"https:\/\/stgbc.bcweededible.net\/fr\/buy\/gros\/pot-gros\/aa-popcorn-sour-diesel-smalls\/","url":"https:\/\/stgbc.bcweededible.net\/fr\/buy\/gros\/pot-gros\/aa-popcorn-sour-diesel-smalls\/","name":"Acheter AA+ Sour Diesel Smalls (59oz) en ligne au Canada | BC Weed Edible.","isPartOf":{"@id":"https:\/\/stgbc.bcweededible.net\/fr\/#website"},"primaryImageOfPage":{"@id":"https:\/\/stgbc.bcweededible.net\/fr\/buy\/gros\/pot-gros\/aa-popcorn-sour-diesel-smalls\/#primaryimage"},"image":{"@id":"https:\/\/stgbc.bcweededible.net\/fr\/buy\/gros\/pot-gros\/aa-popcorn-sour-diesel-smalls\/#primaryimage"},"thumbnailUrl":"https:\/\/stgbc.bcweededible.net\/wp-content\/uploads\/2023\/06\/sour-diesel-small-AA.jpg","datePublished":"2023-08-04T01:15:39+00:00","dateModified":"2025-05-07T18:21:13+00:00","breadcrumb":{"@id":"https:\/\/stgbc.bcweededible.net\/fr\/buy\/gros\/pot-gros\/aa-popcorn-sour-diesel-smalls\/#breadcrumb"},"inLanguage":"fr-FR","potentialAction":[{"@type":"ReadAction","target":["https:\/\/stgbc.bcweededible.net\/fr\/buy\/gros\/pot-gros\/aa-popcorn-sour-diesel-smalls\/"]}]},{"@type":"ImageObject","inLanguage":"fr-FR","@id":"https:\/\/stgbc.bcweededible.net\/fr\/buy\/gros\/pot-gros\/aa-popcorn-sour-diesel-smalls\/#primaryimage","url":"https:\/\/stgbc.bcweededible.net\/wp-content\/uploads\/2023\/06\/sour-diesel-small-AA.jpg","contentUrl":"https:\/\/stgbc.bcweededible.net\/wp-content\/uploads\/2023\/06\/sour-diesel-small-AA.jpg","width":1024,"height":1024},{"@type":"BreadcrumbList","@id":"https:\/\/stgbc.bcweededible.net\/fr\/buy\/gros\/pot-gros\/aa-popcorn-sour-diesel-smalls\/#breadcrumb","itemListElement":[{"@type":"ListItem","position":1,"name":"Jujubes au Pot Canada","item":"https:\/\/stgbc.bcweededible.net\/fr\/shop\/"},{"@type":"ListItem","position":2,"name":"AA+ Sour Diesel Smalls (59oz)"}]},{"@type":"WebSite","@id":"https:\/\/stgbc.bcweededible.net\/fr\/#website","url":"https:\/\/stgbc.bcweededible.net\/fr\/","name":"BC Weed Edible","description":"","publisher":{"@id":"https:\/\/stgbc.bcweededible.net\/fr\/#organization"},"potentialAction":[{"@type":"SearchAction","target":{"@type":"EntryPoint","urlTemplate":"https:\/\/stgbc.bcweededible.net\/fr\/?s={search_term_string}"},"query-input":{"@type":"PropertyValueSpecification","valueRequired":true,"valueName":"search_term_string"}}],"inLanguage":"fr-FR"},{"@type":"Organization","@id":"https:\/\/stgbc.bcweededible.net\/fr\/#organization","name":"BC Weed Edible","url":"https:\/\/stgbc.bcweededible.net\/fr\/","logo":{"@type":"ImageObject","inLanguage":"fr-FR","@id":"https:\/\/stgbc.bcweededible.net\/fr\/#\/schema\/logo\/image\/","url":"https:\/\/stgbc.bcweededible.net\/wp-content\/uploads\/2021\/12\/bc-weed-edible-canada.png","contentUrl":"https:\/\/stgbc.bcweededible.net\/wp-content\/uploads\/2021\/12\/bc-weed-edible-canada.png","width":270,"height":185,"caption":"BC Weed Edible"},"image":{"@id":"https:\/\/stgbc.bcweededible.net\/fr\/#\/schema\/logo\/image\/"}}]}},"_links":{"self":[{"href":"https:\/\/stgbc.bcweededible.net\/fr\/wp-json\/wp\/v2\/product\/39795","targetHints":{"allow":["GET"]}}],"collection":[{"href":"https:\/\/stgbc.bcweededible.net\/fr\/wp-json\/wp\/v2\/product"}],"about":[{"href":"https:\/\/stgbc.bcweededible.net\/fr\/wp-json\/wp\/v2\/types\/product"}],"replies":[{"embeddable":true,"href":"https:\/\/stgbc.bcweededible.net\/fr\/wp-json\/wp\/v2\/comments?post=39795"}],"wp:featuredmedia":[{"embeddable":true,"href":"https:\/\/stgbc.bcweededible.net\/fr\/wp-json\/wp\/v2\/media\/35984"}],"wp:attachment":[{"href":"https:\/\/stgbc.bcweededible.net\/fr\/wp-json\/wp\/v2\/media?parent=39795"}],"wp:term":[{"taxonomy":"product_brand","embeddable":true,"href":"https:\/\/stgbc.bcweededible.net\/fr\/wp-json\/wp\/v2\/product_brand?post=39795"},{"taxonomy":"product_cat","embeddable":true,"href":"https:\/\/stgbc.bcweededible.net\/fr\/wp-json\/wp\/v2\/product_cat?post=39795"},{"taxonomy":"product_tag","embeddable":true,"href":"https:\/\/stgbc.bcweededible.net\/fr\/wp-json\/wp\/v2\/product_tag?post=39795"}],"curies":[{"name":"wp","href":"https:\/\/api.w.org\/{rel}","templated":true}]}}