{"id":39792,"date":"2023-07-14T10:45:40","date_gmt":"2023-08-04T01:15:37","guid":{"rendered":"https:\/\/bcweededible.net\/buy\/non%20class\u00e9\/hachis-a-la-peche-et-a-la-creme\/"},"modified":"2025-11-18T21:41:03","modified_gmt":"2025-11-19T05:41:03","slug":"hachis-a-la-peche-et-a-la-creme","status":"publish","type":"product","link":"https:\/\/stgbc.bcweededible.net\/fr\/buy\/concentres\/hasch\/bc-hash-fr\/hachis-a-la-peche-et-a-la-creme\/","title":{"rendered":"Hash Peach &#038; Cream"},"content":{"rendered":"","protected":false},"excerpt":{"rendered":"<p>\u00c9labor\u00e9 avec soin \u00e0 partir de vari\u00e9t\u00e9s de cannabis de qualit\u00e9 sup\u00e9rieure et des derni\u00e8res techniques d&#8217;extraction, le <strong>Hash Peach &amp; Cream<\/strong> offre une fum\u00e9e sucr\u00e9e et satisfaisante. Et gr\u00e2ce \u00e0 sa puissante teneur en THC, ce haschisch est s\u00fbr de procurer un &#8221;high&#8221;<strong> puissant et qui dure longtemps<\/strong>, parfait pour se d\u00e9tendre apr\u00e8s une longue journ\u00e9e ou pour profiter d&#8217;un moment de d\u00e9tente avec des amis.<\/p>\n","protected":false},"featured_media":37892,"comment_status":"open","ping_status":"closed","template":"","meta":[],"product_brand":[],"product_cat":[659,305,660,661,628],"product_tag":[],"class_list":{"0":"post-39792","1":"product","2":"type-product","3":"status-publish","4":"has-post-thumbnail","6":"product_cat-bc-hash-fr","7":"product_cat-concentres","8":"product_cat-bulk-hash-fr","9":"product_cat-haschisch-bon-marche","10":"product_cat-hasch","12":"first","13":"outofstock","14":"shipping-taxable","15":"purchasable","16":"product-type-variable","17":"has-default-attributes"},"yoast_head":"\n<title>Acheter Hash Peach &amp; Cream Canada | Acheter Hash en vrac et bon march\u00e9 en ligne BC Weed Edible %.<\/title>\n<meta name=\"robots\" content=\"index, follow, max-snippet:-1, max-image-preview:large, max-video-preview:-1\" \/>\n<link rel=\"canonical\" href=\"https:\/\/stgbc.bcweededible.net\/fr\/buy\/concentres\/hasch\/bc-hash-fr\/hachis-a-la-peche-et-a-la-creme\/\" \/>\n<meta property=\"og:locale\" content=\"fr_FR\" \/>\n<meta property=\"og:type\" content=\"article\" \/>\n<meta property=\"og:title\" content=\"Acheter Hash Peach &amp; Cream Canada | Acheter Hash en vrac et bon march\u00e9 en ligne BC Weed Edible %.\" \/>\n<meta property=\"og:description\" content=\"\u00c9labor\u00e9 avec soin \u00e0 partir de vari\u00e9t\u00e9s de cannabis de qualit\u00e9 sup\u00e9rieure et des derni\u00e8res techniques d&#039;extraction, le Hash Peach &amp; Cream offre une fum\u00e9e sucr\u00e9e et satisfaisante. Et gr\u00e2ce \u00e0 sa puissante teneur en THC, ce haschisch est s\u00fbr de procurer un &#039;&#039;high&#039;&#039; puissant et qui dure longtemps, parfait pour se d\u00e9tendre apr\u00e8s une longue journ\u00e9e ou pour profiter d&#039;un moment de d\u00e9tente avec des amis.\" \/>\n<meta property=\"og:url\" content=\"https:\/\/stgbc.bcweededible.net\/fr\/buy\/concentres\/hasch\/bc-hash-fr\/hachis-a-la-peche-et-a-la-creme\/\" \/>\n<meta property=\"og:site_name\" content=\"BC Weed Edible\" \/>\n<meta property=\"article:modified_time\" content=\"2025-11-19T05:41:03+00:00\" \/>\n<meta property=\"og:image\" content=\"https:\/\/stgbc.bcweededible.net\/wp-content\/uploads\/2023\/07\/Peach-Hash-canada.jpg\" \/>\n\t<meta property=\"og:image:width\" content=\"1735\" \/>\n\t<meta property=\"og:image:height\" content=\"1440\" \/>\n\t<meta property=\"og:image:type\" content=\"image\/jpeg\" \/>\n<meta name=\"twitter:card\" content=\"summary_large_image\" \/>\n<script type=\"application\/ld+json\" class=\"yoast-schema-graph\">{\"@context\":\"https:\\\/\\\/schema.org\",\"@graph\":[{\"@type\":\"WebPage\",\"@id\":\"https:\\\/\\\/stgbc.bcweededible.net\\\/fr\\\/buy\\\/concentres\\\/hasch\\\/bc-hash-fr\\\/hachis-a-la-peche-et-a-la-creme\\\/\",\"url\":\"https:\\\/\\\/stgbc.bcweededible.net\\\/fr\\\/buy\\\/concentres\\\/hasch\\\/bc-hash-fr\\\/hachis-a-la-peche-et-a-la-creme\\\/\",\"name\":\"Acheter Hash Peach & Cream Canada | Acheter Hash en vrac et bon march\u00e9 en ligne BC Weed Edible %.\",\"isPartOf\":{\"@id\":\"https:\\\/\\\/stgbc.bcweededible.net\\\/fr\\\/#website\"},\"primaryImageOfPage\":{\"@id\":\"https:\\\/\\\/stgbc.bcweededible.net\\\/fr\\\/buy\\\/concentres\\\/hasch\\\/bc-hash-fr\\\/hachis-a-la-peche-et-a-la-creme\\\/#primaryimage\"},\"image\":{\"@id\":\"https:\\\/\\\/stgbc.bcweededible.net\\\/fr\\\/buy\\\/concentres\\\/hasch\\\/bc-hash-fr\\\/hachis-a-la-peche-et-a-la-creme\\\/#primaryimage\"},\"thumbnailUrl\":\"https:\\\/\\\/stgbc.bcweededible.net\\\/wp-content\\\/uploads\\\/2023\\\/07\\\/Peach-Hash-canada.jpg\",\"datePublished\":\"2023-08-04T01:15:37+00:00\",\"dateModified\":\"2025-11-19T05:41:03+00:00\",\"breadcrumb\":{\"@id\":\"https:\\\/\\\/stgbc.bcweededible.net\\\/fr\\\/buy\\\/concentres\\\/hasch\\\/bc-hash-fr\\\/hachis-a-la-peche-et-a-la-creme\\\/#breadcrumb\"},\"inLanguage\":\"fr-FR\",\"potentialAction\":[{\"@type\":\"ReadAction\",\"target\":[\"https:\\\/\\\/stgbc.bcweededible.net\\\/fr\\\/buy\\\/concentres\\\/hasch\\\/bc-hash-fr\\\/hachis-a-la-peche-et-a-la-creme\\\/\"]}]},{\"@type\":\"ImageObject\",\"inLanguage\":\"fr-FR\",\"@id\":\"https:\\\/\\\/stgbc.bcweededible.net\\\/fr\\\/buy\\\/concentres\\\/hasch\\\/bc-hash-fr\\\/hachis-a-la-peche-et-a-la-creme\\\/#primaryimage\",\"url\":\"https:\\\/\\\/stgbc.bcweededible.net\\\/wp-content\\\/uploads\\\/2023\\\/07\\\/Peach-Hash-canada.jpg\",\"contentUrl\":\"https:\\\/\\\/stgbc.bcweededible.net\\\/wp-content\\\/uploads\\\/2023\\\/07\\\/Peach-Hash-canada.jpg\",\"width\":1735,\"height\":1440,\"caption\":\"peach hash canada\"},{\"@type\":\"BreadcrumbList\",\"@id\":\"https:\\\/\\\/stgbc.bcweededible.net\\\/fr\\\/buy\\\/concentres\\\/hasch\\\/bc-hash-fr\\\/hachis-a-la-peche-et-a-la-creme\\\/#breadcrumb\",\"itemListElement\":[{\"@type\":\"ListItem\",\"position\":1,\"name\":\"Jujubes au Pot Canada\",\"item\":\"https:\\\/\\\/stgbc.bcweededible.net\\\/fr\\\/shop\\\/\"},{\"@type\":\"ListItem\",\"position\":2,\"name\":\"Hash Peach &#038; Cream\"}]},{\"@type\":\"WebSite\",\"@id\":\"https:\\\/\\\/stgbc.bcweededible.net\\\/fr\\\/#website\",\"url\":\"https:\\\/\\\/stgbc.bcweededible.net\\\/fr\\\/\",\"name\":\"BC Weed Edible\",\"description\":\"\",\"publisher\":{\"@id\":\"https:\\\/\\\/stgbc.bcweededible.net\\\/fr\\\/#organization\"},\"potentialAction\":[{\"@type\":\"SearchAction\",\"target\":{\"@type\":\"EntryPoint\",\"urlTemplate\":\"https:\\\/\\\/stgbc.bcweededible.net\\\/fr\\\/?s={search_term_string}\"},\"query-input\":{\"@type\":\"PropertyValueSpecification\",\"valueRequired\":true,\"valueName\":\"search_term_string\"}}],\"inLanguage\":\"fr-FR\"},{\"@type\":\"Organization\",\"@id\":\"https:\\\/\\\/stgbc.bcweededible.net\\\/fr\\\/#organization\",\"name\":\"BC Weed Edible\",\"url\":\"https:\\\/\\\/stgbc.bcweededible.net\\\/fr\\\/\",\"logo\":{\"@type\":\"ImageObject\",\"inLanguage\":\"fr-FR\",\"@id\":\"https:\\\/\\\/stgbc.bcweededible.net\\\/fr\\\/#\\\/schema\\\/logo\\\/image\\\/\",\"url\":\"https:\\\/\\\/stgbc.bcweededible.net\\\/wp-content\\\/uploads\\\/2021\\\/12\\\/bc-weed-edible-canada.png\",\"contentUrl\":\"https:\\\/\\\/stgbc.bcweededible.net\\\/wp-content\\\/uploads\\\/2021\\\/12\\\/bc-weed-edible-canada.png\",\"width\":270,\"height\":185,\"caption\":\"BC Weed Edible\"},\"image\":{\"@id\":\"https:\\\/\\\/stgbc.bcweededible.net\\\/fr\\\/#\\\/schema\\\/logo\\\/image\\\/\"}}]}<\/script>\n","yoast_head_json":{"title":"Acheter Hash Peach & Cream Canada | Acheter Hash en vrac et bon march\u00e9 en ligne BC Weed Edible %.","robots":{"index":"index","follow":"follow","max-snippet":"max-snippet:-1","max-image-preview":"max-image-preview:large","max-video-preview":"max-video-preview:-1"},"canonical":"https:\/\/stgbc.bcweededible.net\/fr\/buy\/concentres\/hasch\/bc-hash-fr\/hachis-a-la-peche-et-a-la-creme\/","og_locale":"fr_FR","og_type":"article","og_title":"Acheter Hash Peach & Cream Canada | Acheter Hash en vrac et bon march\u00e9 en ligne BC Weed Edible %.","og_description":"\u00c9labor\u00e9 avec soin \u00e0 partir de vari\u00e9t\u00e9s de cannabis de qualit\u00e9 sup\u00e9rieure et des derni\u00e8res techniques d'extraction, le Hash Peach &amp; Cream offre une fum\u00e9e sucr\u00e9e et satisfaisante. Et gr\u00e2ce \u00e0 sa puissante teneur en THC, ce haschisch est s\u00fbr de procurer un ''high'' puissant et qui dure longtemps, parfait pour se d\u00e9tendre apr\u00e8s une longue journ\u00e9e ou pour profiter d'un moment de d\u00e9tente avec des amis.","og_url":"https:\/\/stgbc.bcweededible.net\/fr\/buy\/concentres\/hasch\/bc-hash-fr\/hachis-a-la-peche-et-a-la-creme\/","og_site_name":"BC Weed Edible","article_modified_time":"2025-11-19T05:41:03+00:00","og_image":[{"width":1735,"height":1440,"url":"https:\/\/stgbc.bcweededible.net\/wp-content\/uploads\/2023\/07\/Peach-Hash-canada.jpg","type":"image\/jpeg"}],"twitter_card":"summary_large_image","schema":{"@context":"https:\/\/schema.org","@graph":[{"@type":"WebPage","@id":"https:\/\/stgbc.bcweededible.net\/fr\/buy\/concentres\/hasch\/bc-hash-fr\/hachis-a-la-peche-et-a-la-creme\/","url":"https:\/\/stgbc.bcweededible.net\/fr\/buy\/concentres\/hasch\/bc-hash-fr\/hachis-a-la-peche-et-a-la-creme\/","name":"Acheter Hash Peach & Cream Canada | Acheter Hash en vrac et bon march\u00e9 en ligne BC Weed Edible %.","isPartOf":{"@id":"https:\/\/stgbc.bcweededible.net\/fr\/#website"},"primaryImageOfPage":{"@id":"https:\/\/stgbc.bcweededible.net\/fr\/buy\/concentres\/hasch\/bc-hash-fr\/hachis-a-la-peche-et-a-la-creme\/#primaryimage"},"image":{"@id":"https:\/\/stgbc.bcweededible.net\/fr\/buy\/concentres\/hasch\/bc-hash-fr\/hachis-a-la-peche-et-a-la-creme\/#primaryimage"},"thumbnailUrl":"https:\/\/stgbc.bcweededible.net\/wp-content\/uploads\/2023\/07\/Peach-Hash-canada.jpg","datePublished":"2023-08-04T01:15:37+00:00","dateModified":"2025-11-19T05:41:03+00:00","breadcrumb":{"@id":"https:\/\/stgbc.bcweededible.net\/fr\/buy\/concentres\/hasch\/bc-hash-fr\/hachis-a-la-peche-et-a-la-creme\/#breadcrumb"},"inLanguage":"fr-FR","potentialAction":[{"@type":"ReadAction","target":["https:\/\/stgbc.bcweededible.net\/fr\/buy\/concentres\/hasch\/bc-hash-fr\/hachis-a-la-peche-et-a-la-creme\/"]}]},{"@type":"ImageObject","inLanguage":"fr-FR","@id":"https:\/\/stgbc.bcweededible.net\/fr\/buy\/concentres\/hasch\/bc-hash-fr\/hachis-a-la-peche-et-a-la-creme\/#primaryimage","url":"https:\/\/stgbc.bcweededible.net\/wp-content\/uploads\/2023\/07\/Peach-Hash-canada.jpg","contentUrl":"https:\/\/stgbc.bcweededible.net\/wp-content\/uploads\/2023\/07\/Peach-Hash-canada.jpg","width":1735,"height":1440,"caption":"peach hash canada"},{"@type":"BreadcrumbList","@id":"https:\/\/stgbc.bcweededible.net\/fr\/buy\/concentres\/hasch\/bc-hash-fr\/hachis-a-la-peche-et-a-la-creme\/#breadcrumb","itemListElement":[{"@type":"ListItem","position":1,"name":"Jujubes au Pot Canada","item":"https:\/\/stgbc.bcweededible.net\/fr\/shop\/"},{"@type":"ListItem","position":2,"name":"Hash Peach &#038; Cream"}]},{"@type":"WebSite","@id":"https:\/\/stgbc.bcweededible.net\/fr\/#website","url":"https:\/\/stgbc.bcweededible.net\/fr\/","name":"BC Weed Edible","description":"","publisher":{"@id":"https:\/\/stgbc.bcweededible.net\/fr\/#organization"},"potentialAction":[{"@type":"SearchAction","target":{"@type":"EntryPoint","urlTemplate":"https:\/\/stgbc.bcweededible.net\/fr\/?s={search_term_string}"},"query-input":{"@type":"PropertyValueSpecification","valueRequired":true,"valueName":"search_term_string"}}],"inLanguage":"fr-FR"},{"@type":"Organization","@id":"https:\/\/stgbc.bcweededible.net\/fr\/#organization","name":"BC Weed Edible","url":"https:\/\/stgbc.bcweededible.net\/fr\/","logo":{"@type":"ImageObject","inLanguage":"fr-FR","@id":"https:\/\/stgbc.bcweededible.net\/fr\/#\/schema\/logo\/image\/","url":"https:\/\/stgbc.bcweededible.net\/wp-content\/uploads\/2021\/12\/bc-weed-edible-canada.png","contentUrl":"https:\/\/stgbc.bcweededible.net\/wp-content\/uploads\/2021\/12\/bc-weed-edible-canada.png","width":270,"height":185,"caption":"BC Weed Edible"},"image":{"@id":"https:\/\/stgbc.bcweededible.net\/fr\/#\/schema\/logo\/image\/"}}]}},"_links":{"self":[{"href":"https:\/\/stgbc.bcweededible.net\/fr\/wp-json\/wp\/v2\/product\/39792","targetHints":{"allow":["GET"]}}],"collection":[{"href":"https:\/\/stgbc.bcweededible.net\/fr\/wp-json\/wp\/v2\/product"}],"about":[{"href":"https:\/\/stgbc.bcweededible.net\/fr\/wp-json\/wp\/v2\/types\/product"}],"replies":[{"embeddable":true,"href":"https:\/\/stgbc.bcweededible.net\/fr\/wp-json\/wp\/v2\/comments?post=39792"}],"wp:featuredmedia":[{"embeddable":true,"href":"https:\/\/stgbc.bcweededible.net\/fr\/wp-json\/wp\/v2\/media\/37892"}],"wp:attachment":[{"href":"https:\/\/stgbc.bcweededible.net\/fr\/wp-json\/wp\/v2\/media?parent=39792"}],"wp:term":[{"taxonomy":"product_brand","embeddable":true,"href":"https:\/\/stgbc.bcweededible.net\/fr\/wp-json\/wp\/v2\/product_brand?post=39792"},{"taxonomy":"product_cat","embeddable":true,"href":"https:\/\/stgbc.bcweededible.net\/fr\/wp-json\/wp\/v2\/product_cat?post=39792"},{"taxonomy":"product_tag","embeddable":true,"href":"https:\/\/stgbc.bcweededible.net\/fr\/wp-json\/wp\/v2\/product_tag?post=39792"}],"curies":[{"name":"wp","href":"https:\/\/api.w.org\/{rel}","templated":true}]}}