{"id":39775,"date":"2023-06-20T12:03:01","date_gmt":"2023-06-20T19:03:01","guid":{"rendered":"https:\/\/bcweededible.net\/buy\/non%20class\u00e9\/dossier-de-bienvenue\/"},"modified":"2025-06-02T06:34:32","modified_gmt":"2025-06-02T13:34:32","slug":"dossier-de-bienvenue","status":"publish","type":"product","link":"https:\/\/stgbc.bcweededible.net\/fr\/buy\/comestibles\/loffre-groupee\/dossier-de-bienvenue\/","title":{"rendered":"Pack de Bienvenue"},"content":{"rendered":"","protected":false},"excerpt":{"rendered":"<p>Dans ce <strong>pack de bienvenue<\/strong>, nous avons inclus certains de nos meilleurs vendeurs chez BC Weed Edible, \u00e9vitez de chercher et d&#8217;ajouter \u00e0 votre panier, tout est d\u00e9j\u00e0 l\u00e0 !<\/p>\n<h2>Que contient ce pack de bienvenue?<\/h2>\n<ol>\n<li><a href=\"https:\/\/stgbc.bcweededible.net\/fr\/buy\/marques\/eden-edibles-fr\/cartouches-thc-vape\/\">Cartouches THC de vape\u00a0 1 gramme<\/a> (sativa ou indica)<\/li>\n<li><a href=\"https:\/\/stgbc.bcweededible.net\/fr\/buy\/brands\/eden\/20mg-thc-jujubes\/\">Jujubes THC 200mg \u00a0(10x20mg)<\/a> (sativa ou indica)<\/li>\n<li><a href=\"https:\/\/stgbc.bcweededible.net\/buy\/bulk\/bulk-weed\/99oz-aaa-wedding-cake\/\">Fleurs s\u00e9ch\u00e9es Wedding Cake AAA+ ($99\/oz)<\/a> (7 grammes)<\/li>\n<li><a href=\"https:\/\/stgbc.bcweededible.net\/fr\/buy\/concentres\/hasch\/bc-hash-fr\/hash-blond-marocain\/\">Hash blond marocain<\/a> (1 gramme)<\/li>\n<\/ol>\n","protected":false},"featured_media":36316,"comment_status":"open","ping_status":"closed","template":"","meta":[],"product_brand":[],"product_cat":[656],"product_tag":[],"class_list":{"0":"post-39775","1":"product","2":"type-product","3":"status-publish","4":"has-post-thumbnail","6":"product_cat-loffre-groupee","8":"first","9":"outofstock","10":"shipping-taxable","11":"purchasable","12":"product-type-simple"},"yoast_head":"\n<title>Acheter Pack de Bienvenue<\/title>\n<meta name=\"robots\" content=\"index, follow, max-snippet:-1, max-image-preview:large, max-video-preview:-1\" \/>\n<link rel=\"canonical\" href=\"https:\/\/stgbc.bcweededible.net\/fr\/buy\/comestibles\/loffre-groupee\/dossier-de-bienvenue\/\" \/>\n<meta property=\"og:locale\" content=\"fr_FR\" \/>\n<meta property=\"og:type\" content=\"article\" \/>\n<meta property=\"og:title\" content=\"Acheter Pack de Bienvenue\" \/>\n<meta property=\"og:description\" content=\"Dans ce pack de bienvenue, nous avons inclus certains de nos meilleurs vendeurs chez BC Weed Edible, \u00e9vitez de chercher et d&#039;ajouter \u00e0 votre panier, tout est d\u00e9j\u00e0 l\u00e0 ! Que contient ce pack de bienvenue? Cartouches THC de vape\u00a0 1 gramme (sativa ou indica) Jujubes THC 200mg \u00a0(10x20mg) (sativa ou indica) Fleurs s\u00e9ch\u00e9es Wedding Cake AAA+ ($99\/oz) (7 grammes) Hash blond marocain (1 gramme)\" \/>\n<meta property=\"og:url\" content=\"https:\/\/stgbc.bcweededible.net\/fr\/buy\/comestibles\/loffre-groupee\/dossier-de-bienvenue\/\" \/>\n<meta property=\"og:site_name\" content=\"BC Weed Edible\" \/>\n<meta property=\"article:modified_time\" content=\"2025-06-02T13:34:32+00:00\" \/>\n<meta property=\"og:image\" content=\"https:\/\/stgbc.bcweededible.net\/wp-content\/uploads\/2023\/06\/welcome-pack-bc-weed-edible.jpg\" \/>\n\t<meta property=\"og:image:width\" content=\"1080\" \/>\n\t<meta property=\"og:image:height\" content=\"1080\" \/>\n\t<meta property=\"og:image:type\" content=\"image\/jpeg\" \/>\n<meta name=\"twitter:card\" content=\"summary_large_image\" \/>\n<script type=\"application\/ld+json\" class=\"yoast-schema-graph\">{\"@context\":\"https:\\\/\\\/schema.org\",\"@graph\":[{\"@type\":\"WebPage\",\"@id\":\"https:\\\/\\\/stgbc.bcweededible.net\\\/fr\\\/buy\\\/comestibles\\\/loffre-groupee\\\/dossier-de-bienvenue\\\/\",\"url\":\"https:\\\/\\\/stgbc.bcweededible.net\\\/fr\\\/buy\\\/comestibles\\\/loffre-groupee\\\/dossier-de-bienvenue\\\/\",\"name\":\"Acheter Pack de Bienvenue\",\"isPartOf\":{\"@id\":\"https:\\\/\\\/stgbc.bcweededible.net\\\/fr\\\/#website\"},\"primaryImageOfPage\":{\"@id\":\"https:\\\/\\\/stgbc.bcweededible.net\\\/fr\\\/buy\\\/comestibles\\\/loffre-groupee\\\/dossier-de-bienvenue\\\/#primaryimage\"},\"image\":{\"@id\":\"https:\\\/\\\/stgbc.bcweededible.net\\\/fr\\\/buy\\\/comestibles\\\/loffre-groupee\\\/dossier-de-bienvenue\\\/#primaryimage\"},\"thumbnailUrl\":\"https:\\\/\\\/stgbc.bcweededible.net\\\/wp-content\\\/uploads\\\/2023\\\/06\\\/welcome-pack-bc-weed-edible.jpg\",\"datePublished\":\"2023-06-20T19:03:01+00:00\",\"dateModified\":\"2025-06-02T13:34:32+00:00\",\"breadcrumb\":{\"@id\":\"https:\\\/\\\/stgbc.bcweededible.net\\\/fr\\\/buy\\\/comestibles\\\/loffre-groupee\\\/dossier-de-bienvenue\\\/#breadcrumb\"},\"inLanguage\":\"fr-FR\",\"potentialAction\":[{\"@type\":\"ReadAction\",\"target\":[\"https:\\\/\\\/stgbc.bcweededible.net\\\/fr\\\/buy\\\/comestibles\\\/loffre-groupee\\\/dossier-de-bienvenue\\\/\"]}]},{\"@type\":\"ImageObject\",\"inLanguage\":\"fr-FR\",\"@id\":\"https:\\\/\\\/stgbc.bcweededible.net\\\/fr\\\/buy\\\/comestibles\\\/loffre-groupee\\\/dossier-de-bienvenue\\\/#primaryimage\",\"url\":\"https:\\\/\\\/stgbc.bcweededible.net\\\/wp-content\\\/uploads\\\/2023\\\/06\\\/welcome-pack-bc-weed-edible.jpg\",\"contentUrl\":\"https:\\\/\\\/stgbc.bcweededible.net\\\/wp-content\\\/uploads\\\/2023\\\/06\\\/welcome-pack-bc-weed-edible.jpg\",\"width\":1080,\"height\":1080},{\"@type\":\"BreadcrumbList\",\"@id\":\"https:\\\/\\\/stgbc.bcweededible.net\\\/fr\\\/buy\\\/comestibles\\\/loffre-groupee\\\/dossier-de-bienvenue\\\/#breadcrumb\",\"itemListElement\":[{\"@type\":\"ListItem\",\"position\":1,\"name\":\"Jujubes au Pot Canada\",\"item\":\"https:\\\/\\\/stgbc.bcweededible.net\\\/fr\\\/shop\\\/\"},{\"@type\":\"ListItem\",\"position\":2,\"name\":\"Pack de Bienvenue\"}]},{\"@type\":\"WebSite\",\"@id\":\"https:\\\/\\\/stgbc.bcweededible.net\\\/fr\\\/#website\",\"url\":\"https:\\\/\\\/stgbc.bcweededible.net\\\/fr\\\/\",\"name\":\"BC Weed Edible\",\"description\":\"\",\"publisher\":{\"@id\":\"https:\\\/\\\/stgbc.bcweededible.net\\\/fr\\\/#organization\"},\"potentialAction\":[{\"@type\":\"SearchAction\",\"target\":{\"@type\":\"EntryPoint\",\"urlTemplate\":\"https:\\\/\\\/stgbc.bcweededible.net\\\/fr\\\/?s={search_term_string}\"},\"query-input\":{\"@type\":\"PropertyValueSpecification\",\"valueRequired\":true,\"valueName\":\"search_term_string\"}}],\"inLanguage\":\"fr-FR\"},{\"@type\":\"Organization\",\"@id\":\"https:\\\/\\\/stgbc.bcweededible.net\\\/fr\\\/#organization\",\"name\":\"BC Weed Edible\",\"url\":\"https:\\\/\\\/stgbc.bcweededible.net\\\/fr\\\/\",\"logo\":{\"@type\":\"ImageObject\",\"inLanguage\":\"fr-FR\",\"@id\":\"https:\\\/\\\/stgbc.bcweededible.net\\\/fr\\\/#\\\/schema\\\/logo\\\/image\\\/\",\"url\":\"https:\\\/\\\/stgbc.bcweededible.net\\\/wp-content\\\/uploads\\\/2021\\\/12\\\/bc-weed-edible-canada.png\",\"contentUrl\":\"https:\\\/\\\/stgbc.bcweededible.net\\\/wp-content\\\/uploads\\\/2021\\\/12\\\/bc-weed-edible-canada.png\",\"width\":270,\"height\":185,\"caption\":\"BC Weed Edible\"},\"image\":{\"@id\":\"https:\\\/\\\/stgbc.bcweededible.net\\\/fr\\\/#\\\/schema\\\/logo\\\/image\\\/\"}}]}<\/script>\n","yoast_head_json":{"title":"Acheter Pack de Bienvenue","robots":{"index":"index","follow":"follow","max-snippet":"max-snippet:-1","max-image-preview":"max-image-preview:large","max-video-preview":"max-video-preview:-1"},"canonical":"https:\/\/stgbc.bcweededible.net\/fr\/buy\/comestibles\/loffre-groupee\/dossier-de-bienvenue\/","og_locale":"fr_FR","og_type":"article","og_title":"Acheter Pack de Bienvenue","og_description":"Dans ce pack de bienvenue, nous avons inclus certains de nos meilleurs vendeurs chez BC Weed Edible, \u00e9vitez de chercher et d'ajouter \u00e0 votre panier, tout est d\u00e9j\u00e0 l\u00e0 ! Que contient ce pack de bienvenue? Cartouches THC de vape\u00a0 1 gramme (sativa ou indica) Jujubes THC 200mg \u00a0(10x20mg) (sativa ou indica) Fleurs s\u00e9ch\u00e9es Wedding Cake AAA+ ($99\/oz) (7 grammes) Hash blond marocain (1 gramme)","og_url":"https:\/\/stgbc.bcweededible.net\/fr\/buy\/comestibles\/loffre-groupee\/dossier-de-bienvenue\/","og_site_name":"BC Weed Edible","article_modified_time":"2025-06-02T13:34:32+00:00","og_image":[{"width":1080,"height":1080,"url":"https:\/\/stgbc.bcweededible.net\/wp-content\/uploads\/2023\/06\/welcome-pack-bc-weed-edible.jpg","type":"image\/jpeg"}],"twitter_card":"summary_large_image","schema":{"@context":"https:\/\/schema.org","@graph":[{"@type":"WebPage","@id":"https:\/\/stgbc.bcweededible.net\/fr\/buy\/comestibles\/loffre-groupee\/dossier-de-bienvenue\/","url":"https:\/\/stgbc.bcweededible.net\/fr\/buy\/comestibles\/loffre-groupee\/dossier-de-bienvenue\/","name":"Acheter Pack de Bienvenue","isPartOf":{"@id":"https:\/\/stgbc.bcweededible.net\/fr\/#website"},"primaryImageOfPage":{"@id":"https:\/\/stgbc.bcweededible.net\/fr\/buy\/comestibles\/loffre-groupee\/dossier-de-bienvenue\/#primaryimage"},"image":{"@id":"https:\/\/stgbc.bcweededible.net\/fr\/buy\/comestibles\/loffre-groupee\/dossier-de-bienvenue\/#primaryimage"},"thumbnailUrl":"https:\/\/stgbc.bcweededible.net\/wp-content\/uploads\/2023\/06\/welcome-pack-bc-weed-edible.jpg","datePublished":"2023-06-20T19:03:01+00:00","dateModified":"2025-06-02T13:34:32+00:00","breadcrumb":{"@id":"https:\/\/stgbc.bcweededible.net\/fr\/buy\/comestibles\/loffre-groupee\/dossier-de-bienvenue\/#breadcrumb"},"inLanguage":"fr-FR","potentialAction":[{"@type":"ReadAction","target":["https:\/\/stgbc.bcweededible.net\/fr\/buy\/comestibles\/loffre-groupee\/dossier-de-bienvenue\/"]}]},{"@type":"ImageObject","inLanguage":"fr-FR","@id":"https:\/\/stgbc.bcweededible.net\/fr\/buy\/comestibles\/loffre-groupee\/dossier-de-bienvenue\/#primaryimage","url":"https:\/\/stgbc.bcweededible.net\/wp-content\/uploads\/2023\/06\/welcome-pack-bc-weed-edible.jpg","contentUrl":"https:\/\/stgbc.bcweededible.net\/wp-content\/uploads\/2023\/06\/welcome-pack-bc-weed-edible.jpg","width":1080,"height":1080},{"@type":"BreadcrumbList","@id":"https:\/\/stgbc.bcweededible.net\/fr\/buy\/comestibles\/loffre-groupee\/dossier-de-bienvenue\/#breadcrumb","itemListElement":[{"@type":"ListItem","position":1,"name":"Jujubes au Pot Canada","item":"https:\/\/stgbc.bcweededible.net\/fr\/shop\/"},{"@type":"ListItem","position":2,"name":"Pack de Bienvenue"}]},{"@type":"WebSite","@id":"https:\/\/stgbc.bcweededible.net\/fr\/#website","url":"https:\/\/stgbc.bcweededible.net\/fr\/","name":"BC Weed Edible","description":"","publisher":{"@id":"https:\/\/stgbc.bcweededible.net\/fr\/#organization"},"potentialAction":[{"@type":"SearchAction","target":{"@type":"EntryPoint","urlTemplate":"https:\/\/stgbc.bcweededible.net\/fr\/?s={search_term_string}"},"query-input":{"@type":"PropertyValueSpecification","valueRequired":true,"valueName":"search_term_string"}}],"inLanguage":"fr-FR"},{"@type":"Organization","@id":"https:\/\/stgbc.bcweededible.net\/fr\/#organization","name":"BC Weed Edible","url":"https:\/\/stgbc.bcweededible.net\/fr\/","logo":{"@type":"ImageObject","inLanguage":"fr-FR","@id":"https:\/\/stgbc.bcweededible.net\/fr\/#\/schema\/logo\/image\/","url":"https:\/\/stgbc.bcweededible.net\/wp-content\/uploads\/2021\/12\/bc-weed-edible-canada.png","contentUrl":"https:\/\/stgbc.bcweededible.net\/wp-content\/uploads\/2021\/12\/bc-weed-edible-canada.png","width":270,"height":185,"caption":"BC Weed Edible"},"image":{"@id":"https:\/\/stgbc.bcweededible.net\/fr\/#\/schema\/logo\/image\/"}}]}},"_links":{"self":[{"href":"https:\/\/stgbc.bcweededible.net\/fr\/wp-json\/wp\/v2\/product\/39775","targetHints":{"allow":["GET"]}}],"collection":[{"href":"https:\/\/stgbc.bcweededible.net\/fr\/wp-json\/wp\/v2\/product"}],"about":[{"href":"https:\/\/stgbc.bcweededible.net\/fr\/wp-json\/wp\/v2\/types\/product"}],"replies":[{"embeddable":true,"href":"https:\/\/stgbc.bcweededible.net\/fr\/wp-json\/wp\/v2\/comments?post=39775"}],"wp:featuredmedia":[{"embeddable":true,"href":"https:\/\/stgbc.bcweededible.net\/fr\/wp-json\/wp\/v2\/media\/36316"}],"wp:attachment":[{"href":"https:\/\/stgbc.bcweededible.net\/fr\/wp-json\/wp\/v2\/media?parent=39775"}],"wp:term":[{"taxonomy":"product_brand","embeddable":true,"href":"https:\/\/stgbc.bcweededible.net\/fr\/wp-json\/wp\/v2\/product_brand?post=39775"},{"taxonomy":"product_cat","embeddable":true,"href":"https:\/\/stgbc.bcweededible.net\/fr\/wp-json\/wp\/v2\/product_cat?post=39775"},{"taxonomy":"product_tag","embeddable":true,"href":"https:\/\/stgbc.bcweededible.net\/fr\/wp-json\/wp\/v2\/product_tag?post=39775"}],"curies":[{"name":"wp","href":"https:\/\/api.w.org\/{rel}","templated":true}]}}