{"id":39741,"date":"2023-07-21T11:37:51","date_gmt":"2023-08-03T19:09:50","guid":{"rendered":"https:\/\/bcweededible.net\/buy\/non%20class\u00e9\/recipient-en-silicone-pour-concentre\/"},"modified":"2026-03-09T07:36:29","modified_gmt":"2026-03-09T14:36:29","slug":"recipient-en-silicone-pour-concentre","status":"publish","type":"product","link":"https:\/\/stgbc.bcweededible.net\/fr\/buy\/accessoires\/recipient-en-silicone-pour-concentre\/","title":{"rendered":"R\u00e9cipient en silicone"},"content":{"rendered":"","protected":false},"excerpt":{"rendered":"<p>D\u00e9couvrez les <a href=\"https:\/\/stgbc.bcweededible.net\/fr\/shop\/accessoires\/\">accessoires de cannabis<\/a> parfaits pour conserver vos pr\u00e9cieux <a href=\"https:\/\/stgbc.bcweededible.net\/fr\/shop\/concentres\/\">concentr\u00e9s<\/a> &#8211; les <strong>r\u00e9cipients en silicone de 2ML ou 5ML<\/strong>! Fabriqu\u00e9s en silicone de premi\u00e8re qualit\u00e9, ces r\u00e9cipients offrent une <strong>solution s\u00fbre et anti-adh\u00e9rente pour vos huiles et extraits<\/strong>. Profitez de la polyvalence et de la durabilit\u00e9 de ces r\u00e9cipients en silicone, qui garantissent la <strong>fra\u00eecheur et l&#8217;accessibilit\u00e9 de<\/strong> vos <strong>concentr\u00e9s<\/strong>. <strong>Am\u00e9liorez votre exp\u00e9rience des concentr\u00e9s avec nos r\u00e9cipients en silicone d\u00e8s aujourd&#8217;hui<\/strong>!<\/p>\n<h2><strong>Informations sur les r\u00e9cipients en silicone<\/strong><\/h2>\n<table class=\"a-normal a-spacing-micro\">\n<tbody>\n<tr>\n<td>Couleur<\/td>\n<td>Multi<\/td>\n<\/tr>\n<tr>\n<td>Mat\u00e9riau<\/td>\n<td>Silicone<\/td>\n<\/tr>\n<tr>\n<td>Caract\u00e9ristiques des mat\u00e9riaux<\/td>\n<td>Va au four et au four \u00e0 micro-ondes<\/td>\n<\/tr>\n<tr>\n<td>Capacit\u00e9<\/td>\n<td>2ml ou 5 ml<\/td>\n<\/tr>\n<tr>\n<td>Caract\u00e9ristiques<\/td>\n<td>Transparent, l\u00e9ger, compatible avec les micro-ondes<\/td>\n<\/tr>\n<\/tbody>\n<\/table>\n","protected":false},"featured_media":38481,"comment_status":"closed","ping_status":"closed","template":"","meta":[],"product_brand":[],"product_cat":[654],"product_tag":[],"class_list":{"0":"post-39741","1":"product","2":"type-product","3":"status-publish","4":"has-post-thumbnail","6":"product_cat-accessoires","8":"first","9":"outofstock","10":"shipping-taxable","11":"purchasable","12":"product-type-variable"},"yoast_head":"\n<title>Acheter R\u00e9cipient en silicone en Ligne Canada | BC Weed Edible<\/title>\n<meta name=\"robots\" content=\"index, follow, max-snippet:-1, max-image-preview:large, max-video-preview:-1\" \/>\n<link rel=\"canonical\" href=\"https:\/\/stgbc.bcweededible.net\/fr\/buy\/accessoires\/recipient-en-silicone-pour-concentre\/\" \/>\n<meta property=\"og:locale\" content=\"fr_FR\" \/>\n<meta property=\"og:type\" content=\"article\" \/>\n<meta property=\"og:title\" content=\"Acheter R\u00e9cipient en silicone en Ligne Canada | BC Weed Edible\" \/>\n<meta property=\"og:description\" content=\"D\u00e9couvrez les accessoires de cannabis parfaits pour conserver vos pr\u00e9cieux concentr\u00e9s - les r\u00e9cipients en silicone de 2ML ou 5ML! Fabriqu\u00e9s en silicone de premi\u00e8re qualit\u00e9, ces r\u00e9cipients offrent une solution s\u00fbre et anti-adh\u00e9rente pour vos huiles et extraits. Profitez de la polyvalence et de la durabilit\u00e9 de ces r\u00e9cipients en silicone, qui garantissent la fra\u00eecheur et l&#039;accessibilit\u00e9 de vos concentr\u00e9s. Am\u00e9liorez votre exp\u00e9rience des concentr\u00e9s avec nos r\u00e9cipients en silicone d\u00e8s aujourd&#039;hui! Informations sur les r\u00e9cipients en silicone Couleur Multi Mat\u00e9riau Silicone Caract\u00e9ristiques des mat\u00e9riaux Va au four et au four \u00e0 micro-ondes Capacit\u00e9 2ml ou 5 ml Caract\u00e9ristiques Transparent, l\u00e9ger, compatible avec les micro-ondes\" \/>\n<meta property=\"og:url\" content=\"https:\/\/stgbc.bcweededible.net\/fr\/buy\/accessoires\/recipient-en-silicone-pour-concentre\/\" \/>\n<meta property=\"og:site_name\" content=\"BC Weed Edible\" \/>\n<meta property=\"article:modified_time\" content=\"2026-03-09T14:36:29+00:00\" \/>\n<meta property=\"og:image\" content=\"https:\/\/stgbc.bcweededible.net\/wp-content\/uploads\/2023\/07\/Gentcy-Silicone-5ML-50pcs-concentrate-Oil-Container-.jpeg\" \/>\n\t<meta property=\"og:image:width\" content=\"991\" \/>\n\t<meta property=\"og:image:height\" content=\"785\" \/>\n\t<meta property=\"og:image:type\" content=\"image\/jpeg\" \/>\n<meta name=\"twitter:card\" content=\"summary_large_image\" \/>\n<script type=\"application\/ld+json\" class=\"yoast-schema-graph\">{\"@context\":\"https:\\\/\\\/schema.org\",\"@graph\":[{\"@type\":\"WebPage\",\"@id\":\"https:\\\/\\\/stgbc.bcweededible.net\\\/fr\\\/buy\\\/accessoires\\\/recipient-en-silicone-pour-concentre\\\/\",\"url\":\"https:\\\/\\\/stgbc.bcweededible.net\\\/fr\\\/buy\\\/accessoires\\\/recipient-en-silicone-pour-concentre\\\/\",\"name\":\"Acheter R\u00e9cipient en silicone en Ligne Canada | BC Weed Edible\",\"isPartOf\":{\"@id\":\"https:\\\/\\\/stgbc.bcweededible.net\\\/fr\\\/#website\"},\"primaryImageOfPage\":{\"@id\":\"https:\\\/\\\/stgbc.bcweededible.net\\\/fr\\\/buy\\\/accessoires\\\/recipient-en-silicone-pour-concentre\\\/#primaryimage\"},\"image\":{\"@id\":\"https:\\\/\\\/stgbc.bcweededible.net\\\/fr\\\/buy\\\/accessoires\\\/recipient-en-silicone-pour-concentre\\\/#primaryimage\"},\"thumbnailUrl\":\"https:\\\/\\\/stgbc.bcweededible.net\\\/wp-content\\\/uploads\\\/2023\\\/07\\\/Gentcy-Silicone-5ML-50pcs-concentrate-Oil-Container-.jpeg\",\"datePublished\":\"2023-08-03T19:09:50+00:00\",\"dateModified\":\"2026-03-09T14:36:29+00:00\",\"breadcrumb\":{\"@id\":\"https:\\\/\\\/stgbc.bcweededible.net\\\/fr\\\/buy\\\/accessoires\\\/recipient-en-silicone-pour-concentre\\\/#breadcrumb\"},\"inLanguage\":\"fr-FR\",\"potentialAction\":[{\"@type\":\"ReadAction\",\"target\":[\"https:\\\/\\\/stgbc.bcweededible.net\\\/fr\\\/buy\\\/accessoires\\\/recipient-en-silicone-pour-concentre\\\/\"]}]},{\"@type\":\"ImageObject\",\"inLanguage\":\"fr-FR\",\"@id\":\"https:\\\/\\\/stgbc.bcweededible.net\\\/fr\\\/buy\\\/accessoires\\\/recipient-en-silicone-pour-concentre\\\/#primaryimage\",\"url\":\"https:\\\/\\\/stgbc.bcweededible.net\\\/wp-content\\\/uploads\\\/2023\\\/07\\\/Gentcy-Silicone-5ML-50pcs-concentrate-Oil-Container-.jpeg\",\"contentUrl\":\"https:\\\/\\\/stgbc.bcweededible.net\\\/wp-content\\\/uploads\\\/2023\\\/07\\\/Gentcy-Silicone-5ML-50pcs-concentrate-Oil-Container-.jpeg\",\"width\":991,\"height\":785},{\"@type\":\"BreadcrumbList\",\"@id\":\"https:\\\/\\\/stgbc.bcweededible.net\\\/fr\\\/buy\\\/accessoires\\\/recipient-en-silicone-pour-concentre\\\/#breadcrumb\",\"itemListElement\":[{\"@type\":\"ListItem\",\"position\":1,\"name\":\"Jujubes au Pot Canada\",\"item\":\"https:\\\/\\\/stgbc.bcweededible.net\\\/fr\\\/shop\\\/\"},{\"@type\":\"ListItem\",\"position\":2,\"name\":\"R\u00e9cipient en silicone\"}]},{\"@type\":\"WebSite\",\"@id\":\"https:\\\/\\\/stgbc.bcweededible.net\\\/fr\\\/#website\",\"url\":\"https:\\\/\\\/stgbc.bcweededible.net\\\/fr\\\/\",\"name\":\"BC Weed Edible\",\"description\":\"\",\"publisher\":{\"@id\":\"https:\\\/\\\/stgbc.bcweededible.net\\\/fr\\\/#organization\"},\"potentialAction\":[{\"@type\":\"SearchAction\",\"target\":{\"@type\":\"EntryPoint\",\"urlTemplate\":\"https:\\\/\\\/stgbc.bcweededible.net\\\/fr\\\/?s={search_term_string}\"},\"query-input\":{\"@type\":\"PropertyValueSpecification\",\"valueRequired\":true,\"valueName\":\"search_term_string\"}}],\"inLanguage\":\"fr-FR\"},{\"@type\":\"Organization\",\"@id\":\"https:\\\/\\\/stgbc.bcweededible.net\\\/fr\\\/#organization\",\"name\":\"BC Weed Edible\",\"url\":\"https:\\\/\\\/stgbc.bcweededible.net\\\/fr\\\/\",\"logo\":{\"@type\":\"ImageObject\",\"inLanguage\":\"fr-FR\",\"@id\":\"https:\\\/\\\/stgbc.bcweededible.net\\\/fr\\\/#\\\/schema\\\/logo\\\/image\\\/\",\"url\":\"https:\\\/\\\/stgbc.bcweededible.net\\\/wp-content\\\/uploads\\\/2021\\\/12\\\/bc-weed-edible-canada.png\",\"contentUrl\":\"https:\\\/\\\/stgbc.bcweededible.net\\\/wp-content\\\/uploads\\\/2021\\\/12\\\/bc-weed-edible-canada.png\",\"width\":270,\"height\":185,\"caption\":\"BC Weed Edible\"},\"image\":{\"@id\":\"https:\\\/\\\/stgbc.bcweededible.net\\\/fr\\\/#\\\/schema\\\/logo\\\/image\\\/\"}}]}<\/script>\n","yoast_head_json":{"title":"Acheter R\u00e9cipient en silicone en Ligne Canada | BC Weed Edible","robots":{"index":"index","follow":"follow","max-snippet":"max-snippet:-1","max-image-preview":"max-image-preview:large","max-video-preview":"max-video-preview:-1"},"canonical":"https:\/\/stgbc.bcweededible.net\/fr\/buy\/accessoires\/recipient-en-silicone-pour-concentre\/","og_locale":"fr_FR","og_type":"article","og_title":"Acheter R\u00e9cipient en silicone en Ligne Canada | BC Weed Edible","og_description":"D\u00e9couvrez les accessoires de cannabis parfaits pour conserver vos pr\u00e9cieux concentr\u00e9s - les r\u00e9cipients en silicone de 2ML ou 5ML! Fabriqu\u00e9s en silicone de premi\u00e8re qualit\u00e9, ces r\u00e9cipients offrent une solution s\u00fbre et anti-adh\u00e9rente pour vos huiles et extraits. Profitez de la polyvalence et de la durabilit\u00e9 de ces r\u00e9cipients en silicone, qui garantissent la fra\u00eecheur et l'accessibilit\u00e9 de vos concentr\u00e9s. Am\u00e9liorez votre exp\u00e9rience des concentr\u00e9s avec nos r\u00e9cipients en silicone d\u00e8s aujourd'hui! Informations sur les r\u00e9cipients en silicone Couleur Multi Mat\u00e9riau Silicone Caract\u00e9ristiques des mat\u00e9riaux Va au four et au four \u00e0 micro-ondes Capacit\u00e9 2ml ou 5 ml Caract\u00e9ristiques Transparent, l\u00e9ger, compatible avec les micro-ondes","og_url":"https:\/\/stgbc.bcweededible.net\/fr\/buy\/accessoires\/recipient-en-silicone-pour-concentre\/","og_site_name":"BC Weed Edible","article_modified_time":"2026-03-09T14:36:29+00:00","og_image":[{"width":991,"height":785,"url":"https:\/\/stgbc.bcweededible.net\/wp-content\/uploads\/2023\/07\/Gentcy-Silicone-5ML-50pcs-concentrate-Oil-Container-.jpeg","type":"image\/jpeg"}],"twitter_card":"summary_large_image","schema":{"@context":"https:\/\/schema.org","@graph":[{"@type":"WebPage","@id":"https:\/\/stgbc.bcweededible.net\/fr\/buy\/accessoires\/recipient-en-silicone-pour-concentre\/","url":"https:\/\/stgbc.bcweededible.net\/fr\/buy\/accessoires\/recipient-en-silicone-pour-concentre\/","name":"Acheter R\u00e9cipient en silicone en Ligne Canada | BC Weed Edible","isPartOf":{"@id":"https:\/\/stgbc.bcweededible.net\/fr\/#website"},"primaryImageOfPage":{"@id":"https:\/\/stgbc.bcweededible.net\/fr\/buy\/accessoires\/recipient-en-silicone-pour-concentre\/#primaryimage"},"image":{"@id":"https:\/\/stgbc.bcweededible.net\/fr\/buy\/accessoires\/recipient-en-silicone-pour-concentre\/#primaryimage"},"thumbnailUrl":"https:\/\/stgbc.bcweededible.net\/wp-content\/uploads\/2023\/07\/Gentcy-Silicone-5ML-50pcs-concentrate-Oil-Container-.jpeg","datePublished":"2023-08-03T19:09:50+00:00","dateModified":"2026-03-09T14:36:29+00:00","breadcrumb":{"@id":"https:\/\/stgbc.bcweededible.net\/fr\/buy\/accessoires\/recipient-en-silicone-pour-concentre\/#breadcrumb"},"inLanguage":"fr-FR","potentialAction":[{"@type":"ReadAction","target":["https:\/\/stgbc.bcweededible.net\/fr\/buy\/accessoires\/recipient-en-silicone-pour-concentre\/"]}]},{"@type":"ImageObject","inLanguage":"fr-FR","@id":"https:\/\/stgbc.bcweededible.net\/fr\/buy\/accessoires\/recipient-en-silicone-pour-concentre\/#primaryimage","url":"https:\/\/stgbc.bcweededible.net\/wp-content\/uploads\/2023\/07\/Gentcy-Silicone-5ML-50pcs-concentrate-Oil-Container-.jpeg","contentUrl":"https:\/\/stgbc.bcweededible.net\/wp-content\/uploads\/2023\/07\/Gentcy-Silicone-5ML-50pcs-concentrate-Oil-Container-.jpeg","width":991,"height":785},{"@type":"BreadcrumbList","@id":"https:\/\/stgbc.bcweededible.net\/fr\/buy\/accessoires\/recipient-en-silicone-pour-concentre\/#breadcrumb","itemListElement":[{"@type":"ListItem","position":1,"name":"Jujubes au Pot Canada","item":"https:\/\/stgbc.bcweededible.net\/fr\/shop\/"},{"@type":"ListItem","position":2,"name":"R\u00e9cipient en silicone"}]},{"@type":"WebSite","@id":"https:\/\/stgbc.bcweededible.net\/fr\/#website","url":"https:\/\/stgbc.bcweededible.net\/fr\/","name":"BC Weed Edible","description":"","publisher":{"@id":"https:\/\/stgbc.bcweededible.net\/fr\/#organization"},"potentialAction":[{"@type":"SearchAction","target":{"@type":"EntryPoint","urlTemplate":"https:\/\/stgbc.bcweededible.net\/fr\/?s={search_term_string}"},"query-input":{"@type":"PropertyValueSpecification","valueRequired":true,"valueName":"search_term_string"}}],"inLanguage":"fr-FR"},{"@type":"Organization","@id":"https:\/\/stgbc.bcweededible.net\/fr\/#organization","name":"BC Weed Edible","url":"https:\/\/stgbc.bcweededible.net\/fr\/","logo":{"@type":"ImageObject","inLanguage":"fr-FR","@id":"https:\/\/stgbc.bcweededible.net\/fr\/#\/schema\/logo\/image\/","url":"https:\/\/stgbc.bcweededible.net\/wp-content\/uploads\/2021\/12\/bc-weed-edible-canada.png","contentUrl":"https:\/\/stgbc.bcweededible.net\/wp-content\/uploads\/2021\/12\/bc-weed-edible-canada.png","width":270,"height":185,"caption":"BC Weed Edible"},"image":{"@id":"https:\/\/stgbc.bcweededible.net\/fr\/#\/schema\/logo\/image\/"}}]}},"_links":{"self":[{"href":"https:\/\/stgbc.bcweededible.net\/fr\/wp-json\/wp\/v2\/product\/39741","targetHints":{"allow":["GET"]}}],"collection":[{"href":"https:\/\/stgbc.bcweededible.net\/fr\/wp-json\/wp\/v2\/product"}],"about":[{"href":"https:\/\/stgbc.bcweededible.net\/fr\/wp-json\/wp\/v2\/types\/product"}],"replies":[{"embeddable":true,"href":"https:\/\/stgbc.bcweededible.net\/fr\/wp-json\/wp\/v2\/comments?post=39741"}],"wp:featuredmedia":[{"embeddable":true,"href":"https:\/\/stgbc.bcweededible.net\/fr\/wp-json\/wp\/v2\/media\/38481"}],"wp:attachment":[{"href":"https:\/\/stgbc.bcweededible.net\/fr\/wp-json\/wp\/v2\/media?parent=39741"}],"wp:term":[{"taxonomy":"product_brand","embeddable":true,"href":"https:\/\/stgbc.bcweededible.net\/fr\/wp-json\/wp\/v2\/product_brand?post=39741"},{"taxonomy":"product_cat","embeddable":true,"href":"https:\/\/stgbc.bcweededible.net\/fr\/wp-json\/wp\/v2\/product_cat?post=39741"},{"taxonomy":"product_tag","embeddable":true,"href":"https:\/\/stgbc.bcweededible.net\/fr\/wp-json\/wp\/v2\/product_tag?post=39741"}],"curies":[{"name":"wp","href":"https:\/\/api.w.org\/{rel}","templated":true}]}}