{"id":39740,"date":"2023-07-21T11:45:37","date_gmt":"2023-07-21T18:45:37","guid":{"rendered":"https:\/\/bcweededible.net\/buy\/non%20class\u00e9\/briquet-bic-classic-maxi\/"},"modified":"2025-10-15T14:06:27","modified_gmt":"2025-10-15T21:06:27","slug":"briquet-bic-classic-maxi","status":"publish","type":"product","link":"https:\/\/bcweededible.net\/fr\/buy\/accessoires\/briquet-bic-classic-maxi\/","title":{"rendered":"Briquet BIC Classic Maxi"},"content":{"rendered":"","protected":false},"excerpt":{"rendered":"<p>Voici l&#8217;embl\u00e9matique <strong>briquet BIC Classic Maxi<\/strong>, un must dans votre collection d&#8217;<a href=\"https:\/\/bcweededible.net\/fr\/shop\/accessoires\/\"> accessoires pour le cannabis<\/a>. Ce briquet fiable et \u00e9l\u00e9gant est parfait pour enflammer votre consommation pr\u00e9f\u00e9r\u00e9e de pot, de hash ou de <a href=\"https:\/\/bcweededible.net\/fr\/shop\/concentres\/\">concentr\u00e9 de cannabis<\/a>. Avec une flamme constante et une conception facile \u00e0 utiliser, il garantit une exp\u00e9rience agr\u00e9able \u00e0 chaque fois. \u00a0<strong>Achetez le briquet BIC Classic Maxi<\/strong>\u00a0 maintenant et allumez votre passion pour les meilleurs moments de cannabis !<\/p>\n<h2>Information sur le briquet BIC Classic Maxi<\/h2>\n<table class=\"a-normal a-spacing-micro\">\n<tbody>\n<tr class=\"a-spacing-small po-brand\">\n<td class=\"a-span3\"><span class=\"a-size-base a-text-bold\">Marque<\/span><\/td>\n<td class=\"a-span9\"><span class=\"a-size-base po-break-word\">BIC<\/span><\/td>\n<\/tr>\n<tr class=\"a-spacing-small po-style\">\n<td class=\"a-span3\"><span class=\"a-size-base a-text-bold\">Style<\/span><\/td>\n<td class=\"a-span9\"><span class=\"a-size-base po-break-word\">Classique<\/span><\/td>\n<\/tr>\n<tr class=\"a-spacing-small po-item_weight\">\n<td class=\"a-span3\"><span class=\"a-size-base a-text-bold\">Poids de l&#8217;article<\/span><\/td>\n<td class=\"a-span9\"><span class=\"a-size-base po-break-word\">45 grammes<\/span><\/td>\n<\/tr>\n<tr class=\"a-spacing-small po-item_length_width_thickness\">\n<td class=\"a-span3\"><span class=\"a-size-base a-text-bold\">Dimensions du produit<\/span><\/td>\n<td class=\"a-span9\"><span class=\"a-size-base po-break-word\">16,3 x 15 x 9,9 centim\u00e8tres<\/span><\/td>\n<\/tr>\n<\/tbody>\n<\/table>\n","protected":false},"featured_media":38489,"comment_status":"open","ping_status":"closed","template":"","meta":[],"product_brand":[],"product_cat":[654],"product_tag":[],"class_list":{"0":"post-39740","1":"product","2":"type-product","3":"status-publish","4":"has-post-thumbnail","6":"product_cat-accessoires","8":"first","9":"instock","10":"shipping-taxable","11":"purchasable","12":"product-type-simple"},"yoast_head":"\n<title>Acheter Briquet BIC Classic Maxi en Ligne Canada | BC Weed Edible<\/title>\n<meta name=\"robots\" content=\"index, follow, max-snippet:-1, max-image-preview:large, max-video-preview:-1\" \/>\n<link rel=\"canonical\" href=\"https:\/\/bcweededible.net\/fr\/buy\/accessoires\/briquet-bic-classic-maxi\/\" \/>\n<meta property=\"og:locale\" content=\"fr_FR\" \/>\n<meta property=\"og:type\" content=\"article\" \/>\n<meta property=\"og:title\" content=\"Acheter Briquet BIC Classic Maxi en Ligne Canada | BC Weed Edible\" \/>\n<meta property=\"og:description\" content=\"Voici l&#039;embl\u00e9matique briquet BIC Classic Maxi, un must dans votre collection d&#039; accessoires pour le cannabis. Ce briquet fiable et \u00e9l\u00e9gant est parfait pour enflammer votre consommation pr\u00e9f\u00e9r\u00e9e de pot, de hash ou de concentr\u00e9 de cannabis. Avec une flamme constante et une conception facile \u00e0 utiliser, il garantit une exp\u00e9rience agr\u00e9able \u00e0 chaque fois. \u00a0Achetez le briquet BIC Classic Maxi\u00a0 maintenant et allumez votre passion pour les meilleurs moments de cannabis ! Information sur le briquet BIC Classic Maxi Marque BIC Style Classique Poids de l&#039;article 45 grammes Dimensions du produit 16,3 x 15 x 9,9 centim\u00e8tres\" \/>\n<meta property=\"og:url\" content=\"https:\/\/bcweededible.net\/fr\/buy\/accessoires\/briquet-bic-classic-maxi\/\" \/>\n<meta property=\"og:site_name\" content=\"BC Weed Edible\" \/>\n<meta property=\"article:modified_time\" content=\"2025-10-15T21:06:27+00:00\" \/>\n<meta property=\"og:image\" content=\"https:\/\/stgbc.bcweededible.net\/wp-content\/uploads\/2023\/07\/BIC-Classic-Maxi-Lighter.png\" \/>\n\t<meta property=\"og:image:width\" content=\"550\" \/>\n\t<meta property=\"og:image:height\" content=\"550\" \/>\n\t<meta property=\"og:image:type\" content=\"image\/png\" \/>\n<meta name=\"twitter:card\" content=\"summary_large_image\" \/>\n<script type=\"application\/ld+json\" class=\"yoast-schema-graph\">{\"@context\":\"https:\\\/\\\/schema.org\",\"@graph\":[{\"@type\":\"WebPage\",\"@id\":\"https:\\\/\\\/bcweededible.net\\\/fr\\\/buy\\\/accessoires\\\/briquet-bic-classic-maxi\\\/\",\"url\":\"https:\\\/\\\/bcweededible.net\\\/fr\\\/buy\\\/accessoires\\\/briquet-bic-classic-maxi\\\/\",\"name\":\"Acheter Briquet BIC Classic Maxi en Ligne Canada | BC Weed Edible\",\"isPartOf\":{\"@id\":\"https:\\\/\\\/bcweededible.net\\\/fr\\\/#website\"},\"primaryImageOfPage\":{\"@id\":\"https:\\\/\\\/bcweededible.net\\\/fr\\\/buy\\\/accessoires\\\/briquet-bic-classic-maxi\\\/#primaryimage\"},\"image\":{\"@id\":\"https:\\\/\\\/bcweededible.net\\\/fr\\\/buy\\\/accessoires\\\/briquet-bic-classic-maxi\\\/#primaryimage\"},\"thumbnailUrl\":\"https:\\\/\\\/bcweededible.net\\\/wp-content\\\/uploads\\\/2023\\\/07\\\/BIC-Classic-Maxi-Lighter.png\",\"datePublished\":\"2023-07-21T18:45:37+00:00\",\"dateModified\":\"2025-10-15T21:06:27+00:00\",\"breadcrumb\":{\"@id\":\"https:\\\/\\\/bcweededible.net\\\/fr\\\/buy\\\/accessoires\\\/briquet-bic-classic-maxi\\\/#breadcrumb\"},\"inLanguage\":\"fr-FR\",\"potentialAction\":[{\"@type\":\"ReadAction\",\"target\":[\"https:\\\/\\\/bcweededible.net\\\/fr\\\/buy\\\/accessoires\\\/briquet-bic-classic-maxi\\\/\"]}]},{\"@type\":\"ImageObject\",\"inLanguage\":\"fr-FR\",\"@id\":\"https:\\\/\\\/bcweededible.net\\\/fr\\\/buy\\\/accessoires\\\/briquet-bic-classic-maxi\\\/#primaryimage\",\"url\":\"https:\\\/\\\/bcweededible.net\\\/wp-content\\\/uploads\\\/2023\\\/07\\\/BIC-Classic-Maxi-Lighter.png\",\"contentUrl\":\"https:\\\/\\\/bcweededible.net\\\/wp-content\\\/uploads\\\/2023\\\/07\\\/BIC-Classic-Maxi-Lighter.png\",\"width\":550,\"height\":550},{\"@type\":\"BreadcrumbList\",\"@id\":\"https:\\\/\\\/bcweededible.net\\\/fr\\\/buy\\\/accessoires\\\/briquet-bic-classic-maxi\\\/#breadcrumb\",\"itemListElement\":[{\"@type\":\"ListItem\",\"position\":1,\"name\":\"Jujubes au Pot Canada\",\"item\":\"https:\\\/\\\/stgbc.bcweededible.net\\\/fr\\\/shop\\\/\"},{\"@type\":\"ListItem\",\"position\":2,\"name\":\"Briquet BIC Classic Maxi\"}]},{\"@type\":\"WebSite\",\"@id\":\"https:\\\/\\\/bcweededible.net\\\/fr\\\/#website\",\"url\":\"https:\\\/\\\/bcweededible.net\\\/fr\\\/\",\"name\":\"BC Weed Edible\",\"description\":\"\",\"publisher\":{\"@id\":\"https:\\\/\\\/bcweededible.net\\\/fr\\\/#organization\"},\"potentialAction\":[{\"@type\":\"SearchAction\",\"target\":{\"@type\":\"EntryPoint\",\"urlTemplate\":\"https:\\\/\\\/bcweededible.net\\\/fr\\\/?s={search_term_string}\"},\"query-input\":{\"@type\":\"PropertyValueSpecification\",\"valueRequired\":true,\"valueName\":\"search_term_string\"}}],\"inLanguage\":\"fr-FR\"},{\"@type\":\"Organization\",\"@id\":\"https:\\\/\\\/bcweededible.net\\\/fr\\\/#organization\",\"name\":\"BC Weed Edible\",\"url\":\"https:\\\/\\\/bcweededible.net\\\/fr\\\/\",\"logo\":{\"@type\":\"ImageObject\",\"inLanguage\":\"fr-FR\",\"@id\":\"https:\\\/\\\/bcweededible.net\\\/fr\\\/#\\\/schema\\\/logo\\\/image\\\/\",\"url\":\"https:\\\/\\\/bcweededible.net\\\/wp-content\\\/uploads\\\/2021\\\/12\\\/bc-weed-edible-canada.png\",\"contentUrl\":\"https:\\\/\\\/bcweededible.net\\\/wp-content\\\/uploads\\\/2021\\\/12\\\/bc-weed-edible-canada.png\",\"width\":270,\"height\":185,\"caption\":\"BC Weed Edible\"},\"image\":{\"@id\":\"https:\\\/\\\/bcweededible.net\\\/fr\\\/#\\\/schema\\\/logo\\\/image\\\/\"}}]}<\/script>\n","yoast_head_json":{"title":"Acheter Briquet BIC Classic Maxi en Ligne Canada | BC Weed Edible","robots":{"index":"index","follow":"follow","max-snippet":"max-snippet:-1","max-image-preview":"max-image-preview:large","max-video-preview":"max-video-preview:-1"},"canonical":"https:\/\/bcweededible.net\/fr\/buy\/accessoires\/briquet-bic-classic-maxi\/","og_locale":"fr_FR","og_type":"article","og_title":"Acheter Briquet BIC Classic Maxi en Ligne Canada | BC Weed Edible","og_description":"Voici l'embl\u00e9matique briquet BIC Classic Maxi, un must dans votre collection d' accessoires pour le cannabis. Ce briquet fiable et \u00e9l\u00e9gant est parfait pour enflammer votre consommation pr\u00e9f\u00e9r\u00e9e de pot, de hash ou de concentr\u00e9 de cannabis. Avec une flamme constante et une conception facile \u00e0 utiliser, il garantit une exp\u00e9rience agr\u00e9able \u00e0 chaque fois. \u00a0Achetez le briquet BIC Classic Maxi\u00a0 maintenant et allumez votre passion pour les meilleurs moments de cannabis ! Information sur le briquet BIC Classic Maxi Marque BIC Style Classique Poids de l'article 45 grammes Dimensions du produit 16,3 x 15 x 9,9 centim\u00e8tres","og_url":"https:\/\/bcweededible.net\/fr\/buy\/accessoires\/briquet-bic-classic-maxi\/","og_site_name":"BC Weed Edible","article_modified_time":"2025-10-15T21:06:27+00:00","og_image":[{"width":550,"height":550,"url":"https:\/\/stgbc.bcweededible.net\/wp-content\/uploads\/2023\/07\/BIC-Classic-Maxi-Lighter.png","type":"image\/png"}],"twitter_card":"summary_large_image","schema":{"@context":"https:\/\/schema.org","@graph":[{"@type":"WebPage","@id":"https:\/\/bcweededible.net\/fr\/buy\/accessoires\/briquet-bic-classic-maxi\/","url":"https:\/\/bcweededible.net\/fr\/buy\/accessoires\/briquet-bic-classic-maxi\/","name":"Acheter Briquet BIC Classic Maxi en Ligne Canada | BC Weed Edible","isPartOf":{"@id":"https:\/\/bcweededible.net\/fr\/#website"},"primaryImageOfPage":{"@id":"https:\/\/bcweededible.net\/fr\/buy\/accessoires\/briquet-bic-classic-maxi\/#primaryimage"},"image":{"@id":"https:\/\/bcweededible.net\/fr\/buy\/accessoires\/briquet-bic-classic-maxi\/#primaryimage"},"thumbnailUrl":"https:\/\/bcweededible.net\/wp-content\/uploads\/2023\/07\/BIC-Classic-Maxi-Lighter.png","datePublished":"2023-07-21T18:45:37+00:00","dateModified":"2025-10-15T21:06:27+00:00","breadcrumb":{"@id":"https:\/\/bcweededible.net\/fr\/buy\/accessoires\/briquet-bic-classic-maxi\/#breadcrumb"},"inLanguage":"fr-FR","potentialAction":[{"@type":"ReadAction","target":["https:\/\/bcweededible.net\/fr\/buy\/accessoires\/briquet-bic-classic-maxi\/"]}]},{"@type":"ImageObject","inLanguage":"fr-FR","@id":"https:\/\/bcweededible.net\/fr\/buy\/accessoires\/briquet-bic-classic-maxi\/#primaryimage","url":"https:\/\/bcweededible.net\/wp-content\/uploads\/2023\/07\/BIC-Classic-Maxi-Lighter.png","contentUrl":"https:\/\/bcweededible.net\/wp-content\/uploads\/2023\/07\/BIC-Classic-Maxi-Lighter.png","width":550,"height":550},{"@type":"BreadcrumbList","@id":"https:\/\/bcweededible.net\/fr\/buy\/accessoires\/briquet-bic-classic-maxi\/#breadcrumb","itemListElement":[{"@type":"ListItem","position":1,"name":"Jujubes au Pot Canada","item":"https:\/\/stgbc.bcweededible.net\/fr\/shop\/"},{"@type":"ListItem","position":2,"name":"Briquet BIC Classic Maxi"}]},{"@type":"WebSite","@id":"https:\/\/bcweededible.net\/fr\/#website","url":"https:\/\/bcweededible.net\/fr\/","name":"BC Weed Edible","description":"","publisher":{"@id":"https:\/\/bcweededible.net\/fr\/#organization"},"potentialAction":[{"@type":"SearchAction","target":{"@type":"EntryPoint","urlTemplate":"https:\/\/bcweededible.net\/fr\/?s={search_term_string}"},"query-input":{"@type":"PropertyValueSpecification","valueRequired":true,"valueName":"search_term_string"}}],"inLanguage":"fr-FR"},{"@type":"Organization","@id":"https:\/\/bcweededible.net\/fr\/#organization","name":"BC Weed Edible","url":"https:\/\/bcweededible.net\/fr\/","logo":{"@type":"ImageObject","inLanguage":"fr-FR","@id":"https:\/\/bcweededible.net\/fr\/#\/schema\/logo\/image\/","url":"https:\/\/bcweededible.net\/wp-content\/uploads\/2021\/12\/bc-weed-edible-canada.png","contentUrl":"https:\/\/bcweededible.net\/wp-content\/uploads\/2021\/12\/bc-weed-edible-canada.png","width":270,"height":185,"caption":"BC Weed Edible"},"image":{"@id":"https:\/\/bcweededible.net\/fr\/#\/schema\/logo\/image\/"}}]}},"_links":{"self":[{"href":"https:\/\/bcweededible.net\/fr\/wp-json\/wp\/v2\/product\/39740","targetHints":{"allow":["GET"]}}],"collection":[{"href":"https:\/\/bcweededible.net\/fr\/wp-json\/wp\/v2\/product"}],"about":[{"href":"https:\/\/bcweededible.net\/fr\/wp-json\/wp\/v2\/types\/product"}],"replies":[{"embeddable":true,"href":"https:\/\/bcweededible.net\/fr\/wp-json\/wp\/v2\/comments?post=39740"}],"wp:featuredmedia":[{"embeddable":true,"href":"https:\/\/bcweededible.net\/fr\/wp-json\/wp\/v2\/media\/38489"}],"wp:attachment":[{"href":"https:\/\/bcweededible.net\/fr\/wp-json\/wp\/v2\/media?parent=39740"}],"wp:term":[{"taxonomy":"product_brand","embeddable":true,"href":"https:\/\/bcweededible.net\/fr\/wp-json\/wp\/v2\/product_brand?post=39740"},{"taxonomy":"product_cat","embeddable":true,"href":"https:\/\/bcweededible.net\/fr\/wp-json\/wp\/v2\/product_cat?post=39740"},{"taxonomy":"product_tag","embeddable":true,"href":"https:\/\/bcweededible.net\/fr\/wp-json\/wp\/v2\/product_tag?post=39740"}],"curies":[{"name":"wp","href":"https:\/\/api.w.org\/{rel}","templated":true}]}}