{"id":39716,"date":"2023-07-25T16:27:31","date_gmt":"2023-08-03T19:08:26","guid":{"rendered":"https:\/\/bcweededible.net\/buy\/non%20class\u00e9\/gevalia-hash\/"},"modified":"2024-10-09T08:08:30","modified_gmt":"2024-10-09T15:08:30","slug":"gevalia-hash","status":"publish","type":"product","link":"https:\/\/stgbc.bcweededible.net\/fr\/buy\/concentres\/hasch\/hash-importe\/gevalia-hash\/","title":{"rendered":"Hash Gevalia"},"content":{"rendered":"","protected":false},"excerpt":{"rendered":"<p>D\u00e9couvrez le summum des <a href=\"https:\/\/stgbc.bcweededible.net\/shop\/concentrates\/\">concentr\u00e9s de cannabis<\/a> avec <strong>le hash Gevalia<\/strong>, un haschisch afghan exceptionnel connu pour ses <strong>effets puissants et de haute qualit\u00e9<\/strong>. D\u00e9lectez-vous de sa saveur l\u00e9g\u00e8rement terreuse et l\u00e9g\u00e8rement \u00e9pic\u00e9e, compl\u00e9t\u00e9e par son parfum aromatique distinct. Que ce soit \u00e0 des fins r\u00e9cr\u00e9atives ou m\u00e9dicales, ce hash offre un <strong>soulagement et une relaxation durables<\/strong>.<\/p>\n<h2>Informations sur le hash Gevalia<\/h2>\n<table>\n<tbody>\n<tr>\n<td>Couleur<\/td>\n<td>Brun fonc\u00e9, noir \u00e0 l&#8217;int\u00e9rieur et \u00e0 l&#8217;ext\u00e9rieur<\/td>\n<\/tr>\n<tr>\n<td>Texture<\/td>\n<td>Collant<\/td>\n<\/tr>\n<tr>\n<td>Ar\u00f4me<\/td>\n<td>Parfum distinctif et aromatique<\/td>\n<\/tr>\n<tr>\n<td>Bulle \u00e0 la chaleur<\/td>\n<td>L\u00e9ger<\/td>\n<\/tr>\n<tr>\n<td>THC-A<\/td>\n<td>12.0%<\/td>\n<\/tr>\n<tr>\n<td>Delta-9 THC<\/td>\n<td>16.5%<\/td>\n<\/tr>\n<tr>\n<td>THC TOTAL<\/td>\n<td>28.5%<\/td>\n<\/tr>\n<tr>\n<td>Effets<\/td>\n<td>Longue dur\u00e9e, puissant, relaxant<\/td>\n<\/tr>\n<\/tbody>\n<\/table>\n","protected":false},"featured_media":38749,"comment_status":"closed","ping_status":"closed","template":"","meta":[],"product_brand":[],"product_cat":[305,628,636,653],"product_tag":[],"class_list":{"0":"post-39716","1":"product","2":"type-product","3":"status-publish","4":"has-post-thumbnail","6":"product_cat-concentres","7":"product_cat-hasch","8":"product_cat-hash-importe","9":"product_cat-hash-premium","11":"first","12":"outofstock","13":"shipping-taxable","14":"purchasable","15":"product-type-variable"},"yoast_head":"\n<title>Acheter Hash Gevalia en Ligne Canada | BC Weed Edible<\/title>\n<meta name=\"description\" content=\"D\u00e9couvrez l&#039;essence de l&#039;indulgence pure avec Gevalia Hash - un concentr\u00e9 de cannabis qui incarne le raffinement et la sophistication. Avec son m\u00e9lange unique de saveurs, son ar\u00f4me exquis et ses effets puissants, ce hash promet une exp\u00e9rience in\u00e9gal\u00e9e. \u00c9levez votre exp\u00e9rience du cannabis et explorez le monde du luxe avec Gevalia Hash. Achetez maintenant pour go\u00fbter au plaisir et \u00e0 la d\u00e9tente.\" \/>\n<meta name=\"robots\" content=\"index, follow, max-snippet:-1, max-image-preview:large, max-video-preview:-1\" \/>\n<link rel=\"canonical\" href=\"https:\/\/stgbc.bcweededible.net\/fr\/buy\/concentres\/hasch\/hash-importe\/gevalia-hash\/\" \/>\n<meta property=\"og:locale\" content=\"fr_FR\" \/>\n<meta property=\"og:type\" content=\"article\" \/>\n<meta property=\"og:title\" content=\"Acheter Hash Gevalia en Ligne Canada | BC Weed Edible\" \/>\n<meta property=\"og:description\" content=\"D\u00e9couvrez l&#039;essence de l&#039;indulgence pure avec Gevalia Hash - un concentr\u00e9 de cannabis qui incarne le raffinement et la sophistication. Avec son m\u00e9lange unique de saveurs, son ar\u00f4me exquis et ses effets puissants, ce hash promet une exp\u00e9rience in\u00e9gal\u00e9e. \u00c9levez votre exp\u00e9rience du cannabis et explorez le monde du luxe avec Gevalia Hash. Achetez maintenant pour go\u00fbter au plaisir et \u00e0 la d\u00e9tente.\" \/>\n<meta property=\"og:url\" content=\"https:\/\/stgbc.bcweededible.net\/fr\/buy\/concentres\/hasch\/hash-importe\/gevalia-hash\/\" \/>\n<meta property=\"og:site_name\" content=\"BC Weed Edible\" \/>\n<meta property=\"article:modified_time\" content=\"2024-10-09T15:08:30+00:00\" \/>\n<meta property=\"og:image\" content=\"https:\/\/stgbc.bcweededible.net\/wp-content\/uploads\/2023\/07\/Afghan\u2013Gevalia-hash.png\" \/>\n\t<meta property=\"og:image:width\" content=\"700\" \/>\n\t<meta property=\"og:image:height\" content=\"700\" \/>\n\t<meta property=\"og:image:type\" content=\"image\/png\" \/>\n<meta name=\"twitter:card\" content=\"summary_large_image\" \/>\n<script type=\"application\/ld+json\" class=\"yoast-schema-graph\">{\"@context\":\"https:\\\/\\\/schema.org\",\"@graph\":[{\"@type\":\"WebPage\",\"@id\":\"https:\\\/\\\/stgbc.bcweededible.net\\\/fr\\\/buy\\\/concentres\\\/hasch\\\/hash-importe\\\/gevalia-hash\\\/\",\"url\":\"https:\\\/\\\/stgbc.bcweededible.net\\\/fr\\\/buy\\\/concentres\\\/hasch\\\/hash-importe\\\/gevalia-hash\\\/\",\"name\":\"Acheter Hash Gevalia en Ligne Canada | BC Weed Edible\",\"isPartOf\":{\"@id\":\"https:\\\/\\\/stgbc.bcweededible.net\\\/fr\\\/#website\"},\"primaryImageOfPage\":{\"@id\":\"https:\\\/\\\/stgbc.bcweededible.net\\\/fr\\\/buy\\\/concentres\\\/hasch\\\/hash-importe\\\/gevalia-hash\\\/#primaryimage\"},\"image\":{\"@id\":\"https:\\\/\\\/stgbc.bcweededible.net\\\/fr\\\/buy\\\/concentres\\\/hasch\\\/hash-importe\\\/gevalia-hash\\\/#primaryimage\"},\"thumbnailUrl\":\"https:\\\/\\\/stgbc.bcweededible.net\\\/wp-content\\\/uploads\\\/2023\\\/07\\\/Afghan\u2013Gevalia-hash.png\",\"datePublished\":\"2023-08-03T19:08:26+00:00\",\"dateModified\":\"2024-10-09T15:08:30+00:00\",\"description\":\"D\u00e9couvrez l'essence de l'indulgence pure avec Gevalia Hash - un concentr\u00e9 de cannabis qui incarne le raffinement et la sophistication. Avec son m\u00e9lange unique de saveurs, son ar\u00f4me exquis et ses effets puissants, ce hash promet une exp\u00e9rience in\u00e9gal\u00e9e. \u00c9levez votre exp\u00e9rience du cannabis et explorez le monde du luxe avec Gevalia Hash. Achetez maintenant pour go\u00fbter au plaisir et \u00e0 la d\u00e9tente.\",\"breadcrumb\":{\"@id\":\"https:\\\/\\\/stgbc.bcweededible.net\\\/fr\\\/buy\\\/concentres\\\/hasch\\\/hash-importe\\\/gevalia-hash\\\/#breadcrumb\"},\"inLanguage\":\"fr-FR\",\"potentialAction\":[{\"@type\":\"ReadAction\",\"target\":[\"https:\\\/\\\/stgbc.bcweededible.net\\\/fr\\\/buy\\\/concentres\\\/hasch\\\/hash-importe\\\/gevalia-hash\\\/\"]}]},{\"@type\":\"ImageObject\",\"inLanguage\":\"fr-FR\",\"@id\":\"https:\\\/\\\/stgbc.bcweededible.net\\\/fr\\\/buy\\\/concentres\\\/hasch\\\/hash-importe\\\/gevalia-hash\\\/#primaryimage\",\"url\":\"https:\\\/\\\/stgbc.bcweededible.net\\\/wp-content\\\/uploads\\\/2023\\\/07\\\/Afghan\u2013Gevalia-hash.png\",\"contentUrl\":\"https:\\\/\\\/stgbc.bcweededible.net\\\/wp-content\\\/uploads\\\/2023\\\/07\\\/Afghan\u2013Gevalia-hash.png\",\"width\":700,\"height\":700,\"caption\":\"Afghan Gevalia Hash\"},{\"@type\":\"BreadcrumbList\",\"@id\":\"https:\\\/\\\/stgbc.bcweededible.net\\\/fr\\\/buy\\\/concentres\\\/hasch\\\/hash-importe\\\/gevalia-hash\\\/#breadcrumb\",\"itemListElement\":[{\"@type\":\"ListItem\",\"position\":1,\"name\":\"Jujubes au Pot Canada\",\"item\":\"https:\\\/\\\/stgbc.bcweededible.net\\\/fr\\\/shop\\\/\"},{\"@type\":\"ListItem\",\"position\":2,\"name\":\"Hash Gevalia\"}]},{\"@type\":\"WebSite\",\"@id\":\"https:\\\/\\\/stgbc.bcweededible.net\\\/fr\\\/#website\",\"url\":\"https:\\\/\\\/stgbc.bcweededible.net\\\/fr\\\/\",\"name\":\"BC Weed Edible\",\"description\":\"\",\"publisher\":{\"@id\":\"https:\\\/\\\/stgbc.bcweededible.net\\\/fr\\\/#organization\"},\"potentialAction\":[{\"@type\":\"SearchAction\",\"target\":{\"@type\":\"EntryPoint\",\"urlTemplate\":\"https:\\\/\\\/stgbc.bcweededible.net\\\/fr\\\/?s={search_term_string}\"},\"query-input\":{\"@type\":\"PropertyValueSpecification\",\"valueRequired\":true,\"valueName\":\"search_term_string\"}}],\"inLanguage\":\"fr-FR\"},{\"@type\":\"Organization\",\"@id\":\"https:\\\/\\\/stgbc.bcweededible.net\\\/fr\\\/#organization\",\"name\":\"BC Weed Edible\",\"url\":\"https:\\\/\\\/stgbc.bcweededible.net\\\/fr\\\/\",\"logo\":{\"@type\":\"ImageObject\",\"inLanguage\":\"fr-FR\",\"@id\":\"https:\\\/\\\/stgbc.bcweededible.net\\\/fr\\\/#\\\/schema\\\/logo\\\/image\\\/\",\"url\":\"https:\\\/\\\/stgbc.bcweededible.net\\\/wp-content\\\/uploads\\\/2021\\\/12\\\/bc-weed-edible-canada.png\",\"contentUrl\":\"https:\\\/\\\/stgbc.bcweededible.net\\\/wp-content\\\/uploads\\\/2021\\\/12\\\/bc-weed-edible-canada.png\",\"width\":270,\"height\":185,\"caption\":\"BC Weed Edible\"},\"image\":{\"@id\":\"https:\\\/\\\/stgbc.bcweededible.net\\\/fr\\\/#\\\/schema\\\/logo\\\/image\\\/\"}}]}<\/script>\n","yoast_head_json":{"title":"Acheter Hash Gevalia en Ligne Canada | BC Weed Edible","description":"D\u00e9couvrez l'essence de l'indulgence pure avec Gevalia Hash - un concentr\u00e9 de cannabis qui incarne le raffinement et la sophistication. Avec son m\u00e9lange unique de saveurs, son ar\u00f4me exquis et ses effets puissants, ce hash promet une exp\u00e9rience in\u00e9gal\u00e9e. \u00c9levez votre exp\u00e9rience du cannabis et explorez le monde du luxe avec Gevalia Hash. Achetez maintenant pour go\u00fbter au plaisir et \u00e0 la d\u00e9tente.","robots":{"index":"index","follow":"follow","max-snippet":"max-snippet:-1","max-image-preview":"max-image-preview:large","max-video-preview":"max-video-preview:-1"},"canonical":"https:\/\/stgbc.bcweededible.net\/fr\/buy\/concentres\/hasch\/hash-importe\/gevalia-hash\/","og_locale":"fr_FR","og_type":"article","og_title":"Acheter Hash Gevalia en Ligne Canada | BC Weed Edible","og_description":"D\u00e9couvrez l'essence de l'indulgence pure avec Gevalia Hash - un concentr\u00e9 de cannabis qui incarne le raffinement et la sophistication. Avec son m\u00e9lange unique de saveurs, son ar\u00f4me exquis et ses effets puissants, ce hash promet une exp\u00e9rience in\u00e9gal\u00e9e. \u00c9levez votre exp\u00e9rience du cannabis et explorez le monde du luxe avec Gevalia Hash. Achetez maintenant pour go\u00fbter au plaisir et \u00e0 la d\u00e9tente.","og_url":"https:\/\/stgbc.bcweededible.net\/fr\/buy\/concentres\/hasch\/hash-importe\/gevalia-hash\/","og_site_name":"BC Weed Edible","article_modified_time":"2024-10-09T15:08:30+00:00","og_image":[{"width":700,"height":700,"url":"https:\/\/stgbc.bcweededible.net\/wp-content\/uploads\/2023\/07\/Afghan\u2013Gevalia-hash.png","type":"image\/png"}],"twitter_card":"summary_large_image","schema":{"@context":"https:\/\/schema.org","@graph":[{"@type":"WebPage","@id":"https:\/\/stgbc.bcweededible.net\/fr\/buy\/concentres\/hasch\/hash-importe\/gevalia-hash\/","url":"https:\/\/stgbc.bcweededible.net\/fr\/buy\/concentres\/hasch\/hash-importe\/gevalia-hash\/","name":"Acheter Hash Gevalia en Ligne Canada | BC Weed Edible","isPartOf":{"@id":"https:\/\/stgbc.bcweededible.net\/fr\/#website"},"primaryImageOfPage":{"@id":"https:\/\/stgbc.bcweededible.net\/fr\/buy\/concentres\/hasch\/hash-importe\/gevalia-hash\/#primaryimage"},"image":{"@id":"https:\/\/stgbc.bcweededible.net\/fr\/buy\/concentres\/hasch\/hash-importe\/gevalia-hash\/#primaryimage"},"thumbnailUrl":"https:\/\/stgbc.bcweededible.net\/wp-content\/uploads\/2023\/07\/Afghan\u2013Gevalia-hash.png","datePublished":"2023-08-03T19:08:26+00:00","dateModified":"2024-10-09T15:08:30+00:00","description":"D\u00e9couvrez l'essence de l'indulgence pure avec Gevalia Hash - un concentr\u00e9 de cannabis qui incarne le raffinement et la sophistication. Avec son m\u00e9lange unique de saveurs, son ar\u00f4me exquis et ses effets puissants, ce hash promet une exp\u00e9rience in\u00e9gal\u00e9e. \u00c9levez votre exp\u00e9rience du cannabis et explorez le monde du luxe avec Gevalia Hash. Achetez maintenant pour go\u00fbter au plaisir et \u00e0 la d\u00e9tente.","breadcrumb":{"@id":"https:\/\/stgbc.bcweededible.net\/fr\/buy\/concentres\/hasch\/hash-importe\/gevalia-hash\/#breadcrumb"},"inLanguage":"fr-FR","potentialAction":[{"@type":"ReadAction","target":["https:\/\/stgbc.bcweededible.net\/fr\/buy\/concentres\/hasch\/hash-importe\/gevalia-hash\/"]}]},{"@type":"ImageObject","inLanguage":"fr-FR","@id":"https:\/\/stgbc.bcweededible.net\/fr\/buy\/concentres\/hasch\/hash-importe\/gevalia-hash\/#primaryimage","url":"https:\/\/stgbc.bcweededible.net\/wp-content\/uploads\/2023\/07\/Afghan\u2013Gevalia-hash.png","contentUrl":"https:\/\/stgbc.bcweededible.net\/wp-content\/uploads\/2023\/07\/Afghan\u2013Gevalia-hash.png","width":700,"height":700,"caption":"Afghan Gevalia Hash"},{"@type":"BreadcrumbList","@id":"https:\/\/stgbc.bcweededible.net\/fr\/buy\/concentres\/hasch\/hash-importe\/gevalia-hash\/#breadcrumb","itemListElement":[{"@type":"ListItem","position":1,"name":"Jujubes au Pot Canada","item":"https:\/\/stgbc.bcweededible.net\/fr\/shop\/"},{"@type":"ListItem","position":2,"name":"Hash Gevalia"}]},{"@type":"WebSite","@id":"https:\/\/stgbc.bcweededible.net\/fr\/#website","url":"https:\/\/stgbc.bcweededible.net\/fr\/","name":"BC Weed Edible","description":"","publisher":{"@id":"https:\/\/stgbc.bcweededible.net\/fr\/#organization"},"potentialAction":[{"@type":"SearchAction","target":{"@type":"EntryPoint","urlTemplate":"https:\/\/stgbc.bcweededible.net\/fr\/?s={search_term_string}"},"query-input":{"@type":"PropertyValueSpecification","valueRequired":true,"valueName":"search_term_string"}}],"inLanguage":"fr-FR"},{"@type":"Organization","@id":"https:\/\/stgbc.bcweededible.net\/fr\/#organization","name":"BC Weed Edible","url":"https:\/\/stgbc.bcweededible.net\/fr\/","logo":{"@type":"ImageObject","inLanguage":"fr-FR","@id":"https:\/\/stgbc.bcweededible.net\/fr\/#\/schema\/logo\/image\/","url":"https:\/\/stgbc.bcweededible.net\/wp-content\/uploads\/2021\/12\/bc-weed-edible-canada.png","contentUrl":"https:\/\/stgbc.bcweededible.net\/wp-content\/uploads\/2021\/12\/bc-weed-edible-canada.png","width":270,"height":185,"caption":"BC Weed Edible"},"image":{"@id":"https:\/\/stgbc.bcweededible.net\/fr\/#\/schema\/logo\/image\/"}}]}},"_links":{"self":[{"href":"https:\/\/stgbc.bcweededible.net\/fr\/wp-json\/wp\/v2\/product\/39716","targetHints":{"allow":["GET"]}}],"collection":[{"href":"https:\/\/stgbc.bcweededible.net\/fr\/wp-json\/wp\/v2\/product"}],"about":[{"href":"https:\/\/stgbc.bcweededible.net\/fr\/wp-json\/wp\/v2\/types\/product"}],"replies":[{"embeddable":true,"href":"https:\/\/stgbc.bcweededible.net\/fr\/wp-json\/wp\/v2\/comments?post=39716"}],"wp:featuredmedia":[{"embeddable":true,"href":"https:\/\/stgbc.bcweededible.net\/fr\/wp-json\/wp\/v2\/media\/38749"}],"wp:attachment":[{"href":"https:\/\/stgbc.bcweededible.net\/fr\/wp-json\/wp\/v2\/media?parent=39716"}],"wp:term":[{"taxonomy":"product_brand","embeddable":true,"href":"https:\/\/stgbc.bcweededible.net\/fr\/wp-json\/wp\/v2\/product_brand?post=39716"},{"taxonomy":"product_cat","embeddable":true,"href":"https:\/\/stgbc.bcweededible.net\/fr\/wp-json\/wp\/v2\/product_cat?post=39716"},{"taxonomy":"product_tag","embeddable":true,"href":"https:\/\/stgbc.bcweededible.net\/fr\/wp-json\/wp\/v2\/product_tag?post=39716"}],"curies":[{"name":"wp","href":"https:\/\/api.w.org\/{rel}","templated":true}]}}