{"id":39715,"date":"2023-07-21T10:24:17","date_gmt":"2023-08-03T19:08:25","guid":{"rendered":"https:\/\/bcweededible.net\/buy\/non%20class\u00e9\/juicy-blunt-wraps-2-par-paquet\/"},"modified":"2025-05-07T12:17:50","modified_gmt":"2025-05-07T19:17:50","slug":"juicy-blunt-wraps-2-par-paquet","status":"publish","type":"product","link":"https:\/\/stgbc.bcweededible.net\/fr\/buy\/accessoires\/juicy-blunt-wraps-2-par-paquet\/","title":{"rendered":"Juicy Blunt Wraps (2 par paquet)"},"content":{"rendered":"","protected":false},"excerpt":{"rendered":"<p>Laissez-vous s\u00e9duire par le monde exquis des <strong>Juicy Hemp Wraps<\/strong>, un choix de premi\u00e8re ronde pour votre plaisir de fumer. Fabriqu\u00e9s \u00e0 partir de chanvre naturel, ces wraps offrent une <strong>exp\u00e9rience de fumage agr\u00e9able et savoureuse. <\/strong>Profitez des avantages de ces wraps &#8211; leur combustion lente et leur go\u00fbt d\u00e9licieux.<\/p>\n<h2>Informations sur les Juicy Hemp Wraps<\/h2>\n<table>\n<thead><\/thead>\n<tbody>\n<tr>\n<td><strong>Tabac<\/strong><\/td>\n<td>Non<\/td>\n<\/tr>\n<tr>\n<td><strong>Mat\u00e9riau<\/strong><\/td>\n<td>Chanvre naturel grill\u00e9<\/td>\n<\/tr>\n<tr>\n<td><strong>Saveur<\/strong><\/td>\n<td>Tropical, raisin, fraise, noir et bleuet<\/td>\n<\/tr>\n<tr>\n<td><strong>Quantit\u00e9 par paquet<\/strong><\/td>\n<td>2<\/td>\n<\/tr>\n<tr>\n<td><strong>Sceau de fra\u00eecheur<\/strong><\/td>\n<td>Oui (scell\u00e9 pour une fra\u00eecheur garantie !)<\/td>\n<\/tr>\n<\/tbody>\n<\/table>\n<p>&nbsp;<\/p>\n","protected":false},"featured_media":38458,"comment_status":"open","ping_status":"closed","template":"","meta":[],"product_brand":[],"product_cat":[654],"product_tag":[],"class_list":{"0":"post-39715","1":"product","2":"type-product","3":"status-publish","4":"has-post-thumbnail","6":"product_cat-accessoires","8":"first","9":"outofstock","10":"shipping-taxable","11":"purchasable","12":"product-type-variable"},"yoast_head":"\n<title>Acheter Juicy Blunt Wraps (2 par paquet) en Ligne Canada | BC Weed Edible<\/title>\n<meta name=\"robots\" content=\"index, follow, max-snippet:-1, max-image-preview:large, max-video-preview:-1\" \/>\n<link rel=\"canonical\" href=\"https:\/\/stgbc.bcweededible.net\/fr\/buy\/accessoires\/juicy-blunt-wraps-2-par-paquet\/\" \/>\n<meta property=\"og:locale\" content=\"fr_FR\" \/>\n<meta property=\"og:type\" content=\"article\" \/>\n<meta property=\"og:title\" content=\"Acheter Juicy Blunt Wraps (2 par paquet) en Ligne Canada | BC Weed Edible\" \/>\n<meta property=\"og:description\" content=\"Laissez-vous s\u00e9duire par le monde exquis des Juicy Hemp Wraps, un choix de premi\u00e8re ronde pour votre plaisir de fumer. Fabriqu\u00e9s \u00e0 partir de chanvre naturel, ces wraps offrent une exp\u00e9rience de fumage agr\u00e9able et savoureuse. Profitez des avantages de ces wraps - leur combustion lente et leur go\u00fbt d\u00e9licieux. Informations sur les Juicy Hemp Wraps Tabac Non Mat\u00e9riau Chanvre naturel grill\u00e9 Saveur Tropical, raisin, fraise, noir et bleuet Quantit\u00e9 par paquet 2 Sceau de fra\u00eecheur Oui (scell\u00e9 pour une fra\u00eecheur garantie !) &nbsp;\" \/>\n<meta property=\"og:url\" content=\"https:\/\/stgbc.bcweededible.net\/fr\/buy\/accessoires\/juicy-blunt-wraps-2-par-paquet\/\" \/>\n<meta property=\"og:site_name\" content=\"BC Weed Edible\" \/>\n<meta property=\"article:modified_time\" content=\"2025-05-07T19:17:50+00:00\" \/>\n<meta property=\"og:image\" content=\"https:\/\/stgbc.bcweededible.net\/wp-content\/uploads\/2023\/07\/Juicy-Hemp-Wraps-Tropical-Passion.jpeg\" \/>\n\t<meta property=\"og:image:width\" content=\"600\" \/>\n\t<meta property=\"og:image:height\" content=\"600\" \/>\n\t<meta property=\"og:image:type\" content=\"image\/jpeg\" \/>\n<meta name=\"twitter:card\" content=\"summary_large_image\" \/>\n<script type=\"application\/ld+json\" class=\"yoast-schema-graph\">{\"@context\":\"https:\\\/\\\/schema.org\",\"@graph\":[{\"@type\":\"WebPage\",\"@id\":\"https:\\\/\\\/stgbc.bcweededible.net\\\/fr\\\/buy\\\/accessoires\\\/juicy-blunt-wraps-2-par-paquet\\\/\",\"url\":\"https:\\\/\\\/stgbc.bcweededible.net\\\/fr\\\/buy\\\/accessoires\\\/juicy-blunt-wraps-2-par-paquet\\\/\",\"name\":\"Acheter Juicy Blunt Wraps (2 par paquet) en Ligne Canada | BC Weed Edible\",\"isPartOf\":{\"@id\":\"https:\\\/\\\/stgbc.bcweededible.net\\\/fr\\\/#website\"},\"primaryImageOfPage\":{\"@id\":\"https:\\\/\\\/stgbc.bcweededible.net\\\/fr\\\/buy\\\/accessoires\\\/juicy-blunt-wraps-2-par-paquet\\\/#primaryimage\"},\"image\":{\"@id\":\"https:\\\/\\\/stgbc.bcweededible.net\\\/fr\\\/buy\\\/accessoires\\\/juicy-blunt-wraps-2-par-paquet\\\/#primaryimage\"},\"thumbnailUrl\":\"https:\\\/\\\/stgbc.bcweededible.net\\\/wp-content\\\/uploads\\\/2023\\\/07\\\/Juicy-Hemp-Wraps-Tropical-Passion.jpeg\",\"datePublished\":\"2023-08-03T19:08:25+00:00\",\"dateModified\":\"2025-05-07T19:17:50+00:00\",\"breadcrumb\":{\"@id\":\"https:\\\/\\\/stgbc.bcweededible.net\\\/fr\\\/buy\\\/accessoires\\\/juicy-blunt-wraps-2-par-paquet\\\/#breadcrumb\"},\"inLanguage\":\"fr-FR\",\"potentialAction\":[{\"@type\":\"ReadAction\",\"target\":[\"https:\\\/\\\/stgbc.bcweededible.net\\\/fr\\\/buy\\\/accessoires\\\/juicy-blunt-wraps-2-par-paquet\\\/\"]}]},{\"@type\":\"ImageObject\",\"inLanguage\":\"fr-FR\",\"@id\":\"https:\\\/\\\/stgbc.bcweededible.net\\\/fr\\\/buy\\\/accessoires\\\/juicy-blunt-wraps-2-par-paquet\\\/#primaryimage\",\"url\":\"https:\\\/\\\/stgbc.bcweededible.net\\\/wp-content\\\/uploads\\\/2023\\\/07\\\/Juicy-Hemp-Wraps-Tropical-Passion.jpeg\",\"contentUrl\":\"https:\\\/\\\/stgbc.bcweededible.net\\\/wp-content\\\/uploads\\\/2023\\\/07\\\/Juicy-Hemp-Wraps-Tropical-Passion.jpeg\",\"width\":600,\"height\":600,\"caption\":\"Juicy Hemp Wraps - Tropical Passion\"},{\"@type\":\"BreadcrumbList\",\"@id\":\"https:\\\/\\\/stgbc.bcweededible.net\\\/fr\\\/buy\\\/accessoires\\\/juicy-blunt-wraps-2-par-paquet\\\/#breadcrumb\",\"itemListElement\":[{\"@type\":\"ListItem\",\"position\":1,\"name\":\"Jujubes au Pot Canada\",\"item\":\"https:\\\/\\\/stgbc.bcweededible.net\\\/fr\\\/shop\\\/\"},{\"@type\":\"ListItem\",\"position\":2,\"name\":\"Juicy Blunt Wraps (2 par paquet)\"}]},{\"@type\":\"WebSite\",\"@id\":\"https:\\\/\\\/stgbc.bcweededible.net\\\/fr\\\/#website\",\"url\":\"https:\\\/\\\/stgbc.bcweededible.net\\\/fr\\\/\",\"name\":\"BC Weed Edible\",\"description\":\"\",\"publisher\":{\"@id\":\"https:\\\/\\\/stgbc.bcweededible.net\\\/fr\\\/#organization\"},\"potentialAction\":[{\"@type\":\"SearchAction\",\"target\":{\"@type\":\"EntryPoint\",\"urlTemplate\":\"https:\\\/\\\/stgbc.bcweededible.net\\\/fr\\\/?s={search_term_string}\"},\"query-input\":{\"@type\":\"PropertyValueSpecification\",\"valueRequired\":true,\"valueName\":\"search_term_string\"}}],\"inLanguage\":\"fr-FR\"},{\"@type\":\"Organization\",\"@id\":\"https:\\\/\\\/stgbc.bcweededible.net\\\/fr\\\/#organization\",\"name\":\"BC Weed Edible\",\"url\":\"https:\\\/\\\/stgbc.bcweededible.net\\\/fr\\\/\",\"logo\":{\"@type\":\"ImageObject\",\"inLanguage\":\"fr-FR\",\"@id\":\"https:\\\/\\\/stgbc.bcweededible.net\\\/fr\\\/#\\\/schema\\\/logo\\\/image\\\/\",\"url\":\"https:\\\/\\\/stgbc.bcweededible.net\\\/wp-content\\\/uploads\\\/2021\\\/12\\\/bc-weed-edible-canada.png\",\"contentUrl\":\"https:\\\/\\\/stgbc.bcweededible.net\\\/wp-content\\\/uploads\\\/2021\\\/12\\\/bc-weed-edible-canada.png\",\"width\":270,\"height\":185,\"caption\":\"BC Weed Edible\"},\"image\":{\"@id\":\"https:\\\/\\\/stgbc.bcweededible.net\\\/fr\\\/#\\\/schema\\\/logo\\\/image\\\/\"}}]}<\/script>\n","yoast_head_json":{"title":"Acheter Juicy Blunt Wraps (2 par paquet) en Ligne Canada | BC Weed Edible","robots":{"index":"index","follow":"follow","max-snippet":"max-snippet:-1","max-image-preview":"max-image-preview:large","max-video-preview":"max-video-preview:-1"},"canonical":"https:\/\/stgbc.bcweededible.net\/fr\/buy\/accessoires\/juicy-blunt-wraps-2-par-paquet\/","og_locale":"fr_FR","og_type":"article","og_title":"Acheter Juicy Blunt Wraps (2 par paquet) en Ligne Canada | BC Weed Edible","og_description":"Laissez-vous s\u00e9duire par le monde exquis des Juicy Hemp Wraps, un choix de premi\u00e8re ronde pour votre plaisir de fumer. Fabriqu\u00e9s \u00e0 partir de chanvre naturel, ces wraps offrent une exp\u00e9rience de fumage agr\u00e9able et savoureuse. Profitez des avantages de ces wraps - leur combustion lente et leur go\u00fbt d\u00e9licieux. Informations sur les Juicy Hemp Wraps Tabac Non Mat\u00e9riau Chanvre naturel grill\u00e9 Saveur Tropical, raisin, fraise, noir et bleuet Quantit\u00e9 par paquet 2 Sceau de fra\u00eecheur Oui (scell\u00e9 pour une fra\u00eecheur garantie !) &nbsp;","og_url":"https:\/\/stgbc.bcweededible.net\/fr\/buy\/accessoires\/juicy-blunt-wraps-2-par-paquet\/","og_site_name":"BC Weed Edible","article_modified_time":"2025-05-07T19:17:50+00:00","og_image":[{"width":600,"height":600,"url":"https:\/\/stgbc.bcweededible.net\/wp-content\/uploads\/2023\/07\/Juicy-Hemp-Wraps-Tropical-Passion.jpeg","type":"image\/jpeg"}],"twitter_card":"summary_large_image","schema":{"@context":"https:\/\/schema.org","@graph":[{"@type":"WebPage","@id":"https:\/\/stgbc.bcweededible.net\/fr\/buy\/accessoires\/juicy-blunt-wraps-2-par-paquet\/","url":"https:\/\/stgbc.bcweededible.net\/fr\/buy\/accessoires\/juicy-blunt-wraps-2-par-paquet\/","name":"Acheter Juicy Blunt Wraps (2 par paquet) en Ligne Canada | BC Weed Edible","isPartOf":{"@id":"https:\/\/stgbc.bcweededible.net\/fr\/#website"},"primaryImageOfPage":{"@id":"https:\/\/stgbc.bcweededible.net\/fr\/buy\/accessoires\/juicy-blunt-wraps-2-par-paquet\/#primaryimage"},"image":{"@id":"https:\/\/stgbc.bcweededible.net\/fr\/buy\/accessoires\/juicy-blunt-wraps-2-par-paquet\/#primaryimage"},"thumbnailUrl":"https:\/\/stgbc.bcweededible.net\/wp-content\/uploads\/2023\/07\/Juicy-Hemp-Wraps-Tropical-Passion.jpeg","datePublished":"2023-08-03T19:08:25+00:00","dateModified":"2025-05-07T19:17:50+00:00","breadcrumb":{"@id":"https:\/\/stgbc.bcweededible.net\/fr\/buy\/accessoires\/juicy-blunt-wraps-2-par-paquet\/#breadcrumb"},"inLanguage":"fr-FR","potentialAction":[{"@type":"ReadAction","target":["https:\/\/stgbc.bcweededible.net\/fr\/buy\/accessoires\/juicy-blunt-wraps-2-par-paquet\/"]}]},{"@type":"ImageObject","inLanguage":"fr-FR","@id":"https:\/\/stgbc.bcweededible.net\/fr\/buy\/accessoires\/juicy-blunt-wraps-2-par-paquet\/#primaryimage","url":"https:\/\/stgbc.bcweededible.net\/wp-content\/uploads\/2023\/07\/Juicy-Hemp-Wraps-Tropical-Passion.jpeg","contentUrl":"https:\/\/stgbc.bcweededible.net\/wp-content\/uploads\/2023\/07\/Juicy-Hemp-Wraps-Tropical-Passion.jpeg","width":600,"height":600,"caption":"Juicy Hemp Wraps - Tropical Passion"},{"@type":"BreadcrumbList","@id":"https:\/\/stgbc.bcweededible.net\/fr\/buy\/accessoires\/juicy-blunt-wraps-2-par-paquet\/#breadcrumb","itemListElement":[{"@type":"ListItem","position":1,"name":"Jujubes au Pot Canada","item":"https:\/\/stgbc.bcweededible.net\/fr\/shop\/"},{"@type":"ListItem","position":2,"name":"Juicy Blunt Wraps (2 par paquet)"}]},{"@type":"WebSite","@id":"https:\/\/stgbc.bcweededible.net\/fr\/#website","url":"https:\/\/stgbc.bcweededible.net\/fr\/","name":"BC Weed Edible","description":"","publisher":{"@id":"https:\/\/stgbc.bcweededible.net\/fr\/#organization"},"potentialAction":[{"@type":"SearchAction","target":{"@type":"EntryPoint","urlTemplate":"https:\/\/stgbc.bcweededible.net\/fr\/?s={search_term_string}"},"query-input":{"@type":"PropertyValueSpecification","valueRequired":true,"valueName":"search_term_string"}}],"inLanguage":"fr-FR"},{"@type":"Organization","@id":"https:\/\/stgbc.bcweededible.net\/fr\/#organization","name":"BC Weed Edible","url":"https:\/\/stgbc.bcweededible.net\/fr\/","logo":{"@type":"ImageObject","inLanguage":"fr-FR","@id":"https:\/\/stgbc.bcweededible.net\/fr\/#\/schema\/logo\/image\/","url":"https:\/\/stgbc.bcweededible.net\/wp-content\/uploads\/2021\/12\/bc-weed-edible-canada.png","contentUrl":"https:\/\/stgbc.bcweededible.net\/wp-content\/uploads\/2021\/12\/bc-weed-edible-canada.png","width":270,"height":185,"caption":"BC Weed Edible"},"image":{"@id":"https:\/\/stgbc.bcweededible.net\/fr\/#\/schema\/logo\/image\/"}}]}},"_links":{"self":[{"href":"https:\/\/stgbc.bcweededible.net\/fr\/wp-json\/wp\/v2\/product\/39715","targetHints":{"allow":["GET"]}}],"collection":[{"href":"https:\/\/stgbc.bcweededible.net\/fr\/wp-json\/wp\/v2\/product"}],"about":[{"href":"https:\/\/stgbc.bcweededible.net\/fr\/wp-json\/wp\/v2\/types\/product"}],"replies":[{"embeddable":true,"href":"https:\/\/stgbc.bcweededible.net\/fr\/wp-json\/wp\/v2\/comments?post=39715"}],"wp:featuredmedia":[{"embeddable":true,"href":"https:\/\/stgbc.bcweededible.net\/fr\/wp-json\/wp\/v2\/media\/38458"}],"wp:attachment":[{"href":"https:\/\/stgbc.bcweededible.net\/fr\/wp-json\/wp\/v2\/media?parent=39715"}],"wp:term":[{"taxonomy":"product_brand","embeddable":true,"href":"https:\/\/stgbc.bcweededible.net\/fr\/wp-json\/wp\/v2\/product_brand?post=39715"},{"taxonomy":"product_cat","embeddable":true,"href":"https:\/\/stgbc.bcweededible.net\/fr\/wp-json\/wp\/v2\/product_cat?post=39715"},{"taxonomy":"product_tag","embeddable":true,"href":"https:\/\/stgbc.bcweededible.net\/fr\/wp-json\/wp\/v2\/product_tag?post=39715"}],"curies":[{"name":"wp","href":"https:\/\/api.w.org\/{rel}","templated":true}]}}