{"id":39714,"date":"2023-07-25T16:27:13","date_gmt":"2023-08-03T19:08:23","guid":{"rendered":"https:\/\/bcweededible.net\/buy\/non%20class\u00e9\/hachis-de-triticana-marocain\/"},"modified":"2025-05-05T18:23:07","modified_gmt":"2025-05-06T01:23:07","slug":"hachis-de-triticana-marocain","status":"publish","type":"product","link":"https:\/\/stgbc.bcweededible.net\/fr\/buy\/concentres\/hasch\/hash-importe\/hachis-de-triticana-marocain\/","title":{"rendered":"Hash Marocain Triticana"},"content":{"rendered":"","protected":false},"excerpt":{"rendered":"<p>D\u00e9couvrez le captivant <strong>Hash Marocain Triticana<\/strong> &#8211; le plus <a href=\"https:\/\/stgbc.bcweededible.net\/fr\/shop\/fleurs-cannabis\/sativa-fr\/\">sativa<\/a> des haschischs avec la meilleure filtration. Ce hash brun p\u00e2le pr\u00e9sente une texture mall\u00e9able et friable, parfaite pour rouler des snake joints ou ajouter \u00e0 vos cigarettes de tabac. Son <strong>profil aromatique<\/strong>\u00a0pr\u00e9sente des notes surprenantes de <strong>chocolat frais et sucr\u00e9<\/strong>. L&#8217;euphorie et l&#8217;exaltation associ\u00e9es \u00e0 une exp\u00e9rience relaxante pour le corps en font un excellent choix \u00e0 tout moment de la journ\u00e9e. <strong>Achetez le hash Marocain Triticana<\/strong> d\u00e8s maintenant et \u00e9levez votre exp\u00e9rience du cannabis!<\/p>\n<h2><strong>Informations sur le hash Marocain Triticana<\/strong><\/h2>\n<table>\n<thead>\n<tr>\n<th>Sp\u00e9cifications<\/th>\n<th>Description<\/th>\n<\/tr>\n<\/thead>\n<tbody>\n<tr>\n<td>Couleur<\/td>\n<td>\u00a0Brun fonc\u00e9 \u00e0 l&#8217;ext\u00e9rieur, brun fonc\u00e9 \u00e0 l&#8217;ext\u00e9rieur<\/td>\n<\/tr>\n<tr>\n<td>Texture<\/td>\n<td>Grasse, mall\u00e9able, collante<\/td>\n<\/tr>\n<tr>\n<td>Distinction<\/td>\n<td>P\u00e9tillant<\/td>\n<\/tr>\n<tr>\n<td>Vari\u00e9t\u00e9<\/td>\n<td>Hybride Sativa<\/td>\n<\/tr>\n<tr>\n<td>M\u00e9thode de filtration<\/td>\n<td>Filtration par tamisage<\/td>\n<\/tr>\n<tr>\n<td>Ar\u00f4mes<\/td>\n<td>Aromatique, riche, \u00e9pic\u00e9, avec des notes de chocolat frais et sucr\u00e9<\/td>\n<\/tr>\n<tr>\n<td>Effets<\/td>\n<td>Euphorie, exaltante, relaxante pour le corps<\/td>\n<\/tr>\n<\/tbody>\n<\/table>\n<p>&nbsp;<\/p>\n","protected":false},"featured_media":38571,"comment_status":"open","ping_status":"closed","template":"","meta":[],"product_brand":[],"product_cat":[305,628,636,653],"product_tag":[],"class_list":{"0":"post-39714","1":"product","2":"type-product","3":"status-publish","4":"has-post-thumbnail","6":"product_cat-concentres","7":"product_cat-hasch","8":"product_cat-hash-importe","9":"product_cat-hash-premium","11":"first","12":"outofstock","13":"shipping-taxable","14":"purchasable","15":"product-type-variable"},"yoast_head":"\n<title>Acheter Hash Marocain Triticana en Ligne Canada | BC Weed Edible<\/title>\n<meta name=\"description\" content=\"D\u00e9couvrez l&#039;attrait du Hash Marocain Triticana - un concentr\u00e9 de cannabis de premi\u00e8re qualit\u00e9 au charme marocain authentique. Laissez-vous s\u00e9duire par son ar\u00f4me riche et distinctif, \u00e9labor\u00e9 selon des traditions s\u00e9culaires. Achetez le Hash Marocain Triticana maintenant et augmentez votre exp\u00e9rience du cannabis avec ce hash exceptionnel.\" \/>\n<meta name=\"robots\" content=\"index, follow, max-snippet:-1, max-image-preview:large, max-video-preview:-1\" \/>\n<link rel=\"canonical\" href=\"https:\/\/stgbc.bcweededible.net\/fr\/buy\/concentres\/hasch\/hash-importe\/hachis-de-triticana-marocain\/\" \/>\n<meta property=\"og:locale\" content=\"fr_FR\" \/>\n<meta property=\"og:type\" content=\"article\" \/>\n<meta property=\"og:title\" content=\"Acheter Hash Marocain Triticana en Ligne Canada | BC Weed Edible\" \/>\n<meta property=\"og:description\" content=\"D\u00e9couvrez l&#039;attrait du Hash Marocain Triticana - un concentr\u00e9 de cannabis de premi\u00e8re qualit\u00e9 au charme marocain authentique. Laissez-vous s\u00e9duire par son ar\u00f4me riche et distinctif, \u00e9labor\u00e9 selon des traditions s\u00e9culaires. Achetez le Hash Marocain Triticana maintenant et augmentez votre exp\u00e9rience du cannabis avec ce hash exceptionnel.\" \/>\n<meta property=\"og:url\" content=\"https:\/\/stgbc.bcweededible.net\/fr\/buy\/concentres\/hasch\/hash-importe\/hachis-de-triticana-marocain\/\" \/>\n<meta property=\"og:site_name\" content=\"BC Weed Edible\" \/>\n<meta property=\"article:modified_time\" content=\"2025-05-06T01:23:07+00:00\" \/>\n<meta property=\"og:image\" content=\"https:\/\/stgbc.bcweededible.net\/wp-content\/uploads\/2023\/07\/Moroccan-Triticana-hash.png\" \/>\n\t<meta property=\"og:image:width\" content=\"600\" \/>\n\t<meta property=\"og:image:height\" content=\"600\" \/>\n\t<meta property=\"og:image:type\" content=\"image\/png\" \/>\n<meta name=\"twitter:card\" content=\"summary_large_image\" \/>\n<script type=\"application\/ld+json\" class=\"yoast-schema-graph\">{\"@context\":\"https:\\\/\\\/schema.org\",\"@graph\":[{\"@type\":\"WebPage\",\"@id\":\"https:\\\/\\\/stgbc.bcweededible.net\\\/fr\\\/buy\\\/concentres\\\/hasch\\\/hash-importe\\\/hachis-de-triticana-marocain\\\/\",\"url\":\"https:\\\/\\\/stgbc.bcweededible.net\\\/fr\\\/buy\\\/concentres\\\/hasch\\\/hash-importe\\\/hachis-de-triticana-marocain\\\/\",\"name\":\"Acheter Hash Marocain Triticana en Ligne Canada | BC Weed Edible\",\"isPartOf\":{\"@id\":\"https:\\\/\\\/stgbc.bcweededible.net\\\/fr\\\/#website\"},\"primaryImageOfPage\":{\"@id\":\"https:\\\/\\\/stgbc.bcweededible.net\\\/fr\\\/buy\\\/concentres\\\/hasch\\\/hash-importe\\\/hachis-de-triticana-marocain\\\/#primaryimage\"},\"image\":{\"@id\":\"https:\\\/\\\/stgbc.bcweededible.net\\\/fr\\\/buy\\\/concentres\\\/hasch\\\/hash-importe\\\/hachis-de-triticana-marocain\\\/#primaryimage\"},\"thumbnailUrl\":\"https:\\\/\\\/stgbc.bcweededible.net\\\/wp-content\\\/uploads\\\/2023\\\/07\\\/Moroccan-Triticana-hash.png\",\"datePublished\":\"2023-08-03T19:08:23+00:00\",\"dateModified\":\"2025-05-06T01:23:07+00:00\",\"description\":\"D\u00e9couvrez l'attrait du Hash Marocain Triticana - un concentr\u00e9 de cannabis de premi\u00e8re qualit\u00e9 au charme marocain authentique. Laissez-vous s\u00e9duire par son ar\u00f4me riche et distinctif, \u00e9labor\u00e9 selon des traditions s\u00e9culaires. Achetez le Hash Marocain Triticana maintenant et augmentez votre exp\u00e9rience du cannabis avec ce hash exceptionnel.\",\"breadcrumb\":{\"@id\":\"https:\\\/\\\/stgbc.bcweededible.net\\\/fr\\\/buy\\\/concentres\\\/hasch\\\/hash-importe\\\/hachis-de-triticana-marocain\\\/#breadcrumb\"},\"inLanguage\":\"fr-FR\",\"potentialAction\":[{\"@type\":\"ReadAction\",\"target\":[\"https:\\\/\\\/stgbc.bcweededible.net\\\/fr\\\/buy\\\/concentres\\\/hasch\\\/hash-importe\\\/hachis-de-triticana-marocain\\\/\"]}]},{\"@type\":\"ImageObject\",\"inLanguage\":\"fr-FR\",\"@id\":\"https:\\\/\\\/stgbc.bcweededible.net\\\/fr\\\/buy\\\/concentres\\\/hasch\\\/hash-importe\\\/hachis-de-triticana-marocain\\\/#primaryimage\",\"url\":\"https:\\\/\\\/stgbc.bcweededible.net\\\/wp-content\\\/uploads\\\/2023\\\/07\\\/Moroccan-Triticana-hash.png\",\"contentUrl\":\"https:\\\/\\\/stgbc.bcweededible.net\\\/wp-content\\\/uploads\\\/2023\\\/07\\\/Moroccan-Triticana-hash.png\",\"width\":600,\"height\":600,\"caption\":\"Moroccan Triticana hash\"},{\"@type\":\"BreadcrumbList\",\"@id\":\"https:\\\/\\\/stgbc.bcweededible.net\\\/fr\\\/buy\\\/concentres\\\/hasch\\\/hash-importe\\\/hachis-de-triticana-marocain\\\/#breadcrumb\",\"itemListElement\":[{\"@type\":\"ListItem\",\"position\":1,\"name\":\"Jujubes au Pot Canada\",\"item\":\"https:\\\/\\\/stgbc.bcweededible.net\\\/fr\\\/shop\\\/\"},{\"@type\":\"ListItem\",\"position\":2,\"name\":\"Hash Marocain Triticana\"}]},{\"@type\":\"WebSite\",\"@id\":\"https:\\\/\\\/stgbc.bcweededible.net\\\/fr\\\/#website\",\"url\":\"https:\\\/\\\/stgbc.bcweededible.net\\\/fr\\\/\",\"name\":\"BC Weed Edible\",\"description\":\"\",\"publisher\":{\"@id\":\"https:\\\/\\\/stgbc.bcweededible.net\\\/fr\\\/#organization\"},\"potentialAction\":[{\"@type\":\"SearchAction\",\"target\":{\"@type\":\"EntryPoint\",\"urlTemplate\":\"https:\\\/\\\/stgbc.bcweededible.net\\\/fr\\\/?s={search_term_string}\"},\"query-input\":{\"@type\":\"PropertyValueSpecification\",\"valueRequired\":true,\"valueName\":\"search_term_string\"}}],\"inLanguage\":\"fr-FR\"},{\"@type\":\"Organization\",\"@id\":\"https:\\\/\\\/stgbc.bcweededible.net\\\/fr\\\/#organization\",\"name\":\"BC Weed Edible\",\"url\":\"https:\\\/\\\/stgbc.bcweededible.net\\\/fr\\\/\",\"logo\":{\"@type\":\"ImageObject\",\"inLanguage\":\"fr-FR\",\"@id\":\"https:\\\/\\\/stgbc.bcweededible.net\\\/fr\\\/#\\\/schema\\\/logo\\\/image\\\/\",\"url\":\"https:\\\/\\\/stgbc.bcweededible.net\\\/wp-content\\\/uploads\\\/2021\\\/12\\\/bc-weed-edible-canada.png\",\"contentUrl\":\"https:\\\/\\\/stgbc.bcweededible.net\\\/wp-content\\\/uploads\\\/2021\\\/12\\\/bc-weed-edible-canada.png\",\"width\":270,\"height\":185,\"caption\":\"BC Weed Edible\"},\"image\":{\"@id\":\"https:\\\/\\\/stgbc.bcweededible.net\\\/fr\\\/#\\\/schema\\\/logo\\\/image\\\/\"}}]}<\/script>\n","yoast_head_json":{"title":"Acheter Hash Marocain Triticana en Ligne Canada | BC Weed Edible","description":"D\u00e9couvrez l'attrait du Hash Marocain Triticana - un concentr\u00e9 de cannabis de premi\u00e8re qualit\u00e9 au charme marocain authentique. Laissez-vous s\u00e9duire par son ar\u00f4me riche et distinctif, \u00e9labor\u00e9 selon des traditions s\u00e9culaires. Achetez le Hash Marocain Triticana maintenant et augmentez votre exp\u00e9rience du cannabis avec ce hash exceptionnel.","robots":{"index":"index","follow":"follow","max-snippet":"max-snippet:-1","max-image-preview":"max-image-preview:large","max-video-preview":"max-video-preview:-1"},"canonical":"https:\/\/stgbc.bcweededible.net\/fr\/buy\/concentres\/hasch\/hash-importe\/hachis-de-triticana-marocain\/","og_locale":"fr_FR","og_type":"article","og_title":"Acheter Hash Marocain Triticana en Ligne Canada | BC Weed Edible","og_description":"D\u00e9couvrez l'attrait du Hash Marocain Triticana - un concentr\u00e9 de cannabis de premi\u00e8re qualit\u00e9 au charme marocain authentique. Laissez-vous s\u00e9duire par son ar\u00f4me riche et distinctif, \u00e9labor\u00e9 selon des traditions s\u00e9culaires. Achetez le Hash Marocain Triticana maintenant et augmentez votre exp\u00e9rience du cannabis avec ce hash exceptionnel.","og_url":"https:\/\/stgbc.bcweededible.net\/fr\/buy\/concentres\/hasch\/hash-importe\/hachis-de-triticana-marocain\/","og_site_name":"BC Weed Edible","article_modified_time":"2025-05-06T01:23:07+00:00","og_image":[{"width":600,"height":600,"url":"https:\/\/stgbc.bcweededible.net\/wp-content\/uploads\/2023\/07\/Moroccan-Triticana-hash.png","type":"image\/png"}],"twitter_card":"summary_large_image","schema":{"@context":"https:\/\/schema.org","@graph":[{"@type":"WebPage","@id":"https:\/\/stgbc.bcweededible.net\/fr\/buy\/concentres\/hasch\/hash-importe\/hachis-de-triticana-marocain\/","url":"https:\/\/stgbc.bcweededible.net\/fr\/buy\/concentres\/hasch\/hash-importe\/hachis-de-triticana-marocain\/","name":"Acheter Hash Marocain Triticana en Ligne Canada | BC Weed Edible","isPartOf":{"@id":"https:\/\/stgbc.bcweededible.net\/fr\/#website"},"primaryImageOfPage":{"@id":"https:\/\/stgbc.bcweededible.net\/fr\/buy\/concentres\/hasch\/hash-importe\/hachis-de-triticana-marocain\/#primaryimage"},"image":{"@id":"https:\/\/stgbc.bcweededible.net\/fr\/buy\/concentres\/hasch\/hash-importe\/hachis-de-triticana-marocain\/#primaryimage"},"thumbnailUrl":"https:\/\/stgbc.bcweededible.net\/wp-content\/uploads\/2023\/07\/Moroccan-Triticana-hash.png","datePublished":"2023-08-03T19:08:23+00:00","dateModified":"2025-05-06T01:23:07+00:00","description":"D\u00e9couvrez l'attrait du Hash Marocain Triticana - un concentr\u00e9 de cannabis de premi\u00e8re qualit\u00e9 au charme marocain authentique. Laissez-vous s\u00e9duire par son ar\u00f4me riche et distinctif, \u00e9labor\u00e9 selon des traditions s\u00e9culaires. Achetez le Hash Marocain Triticana maintenant et augmentez votre exp\u00e9rience du cannabis avec ce hash exceptionnel.","breadcrumb":{"@id":"https:\/\/stgbc.bcweededible.net\/fr\/buy\/concentres\/hasch\/hash-importe\/hachis-de-triticana-marocain\/#breadcrumb"},"inLanguage":"fr-FR","potentialAction":[{"@type":"ReadAction","target":["https:\/\/stgbc.bcweededible.net\/fr\/buy\/concentres\/hasch\/hash-importe\/hachis-de-triticana-marocain\/"]}]},{"@type":"ImageObject","inLanguage":"fr-FR","@id":"https:\/\/stgbc.bcweededible.net\/fr\/buy\/concentres\/hasch\/hash-importe\/hachis-de-triticana-marocain\/#primaryimage","url":"https:\/\/stgbc.bcweededible.net\/wp-content\/uploads\/2023\/07\/Moroccan-Triticana-hash.png","contentUrl":"https:\/\/stgbc.bcweededible.net\/wp-content\/uploads\/2023\/07\/Moroccan-Triticana-hash.png","width":600,"height":600,"caption":"Moroccan Triticana hash"},{"@type":"BreadcrumbList","@id":"https:\/\/stgbc.bcweededible.net\/fr\/buy\/concentres\/hasch\/hash-importe\/hachis-de-triticana-marocain\/#breadcrumb","itemListElement":[{"@type":"ListItem","position":1,"name":"Jujubes au Pot Canada","item":"https:\/\/stgbc.bcweededible.net\/fr\/shop\/"},{"@type":"ListItem","position":2,"name":"Hash Marocain Triticana"}]},{"@type":"WebSite","@id":"https:\/\/stgbc.bcweededible.net\/fr\/#website","url":"https:\/\/stgbc.bcweededible.net\/fr\/","name":"BC Weed Edible","description":"","publisher":{"@id":"https:\/\/stgbc.bcweededible.net\/fr\/#organization"},"potentialAction":[{"@type":"SearchAction","target":{"@type":"EntryPoint","urlTemplate":"https:\/\/stgbc.bcweededible.net\/fr\/?s={search_term_string}"},"query-input":{"@type":"PropertyValueSpecification","valueRequired":true,"valueName":"search_term_string"}}],"inLanguage":"fr-FR"},{"@type":"Organization","@id":"https:\/\/stgbc.bcweededible.net\/fr\/#organization","name":"BC Weed Edible","url":"https:\/\/stgbc.bcweededible.net\/fr\/","logo":{"@type":"ImageObject","inLanguage":"fr-FR","@id":"https:\/\/stgbc.bcweededible.net\/fr\/#\/schema\/logo\/image\/","url":"https:\/\/stgbc.bcweededible.net\/wp-content\/uploads\/2021\/12\/bc-weed-edible-canada.png","contentUrl":"https:\/\/stgbc.bcweededible.net\/wp-content\/uploads\/2021\/12\/bc-weed-edible-canada.png","width":270,"height":185,"caption":"BC Weed Edible"},"image":{"@id":"https:\/\/stgbc.bcweededible.net\/fr\/#\/schema\/logo\/image\/"}}]}},"_links":{"self":[{"href":"https:\/\/stgbc.bcweededible.net\/fr\/wp-json\/wp\/v2\/product\/39714","targetHints":{"allow":["GET"]}}],"collection":[{"href":"https:\/\/stgbc.bcweededible.net\/fr\/wp-json\/wp\/v2\/product"}],"about":[{"href":"https:\/\/stgbc.bcweededible.net\/fr\/wp-json\/wp\/v2\/types\/product"}],"replies":[{"embeddable":true,"href":"https:\/\/stgbc.bcweededible.net\/fr\/wp-json\/wp\/v2\/comments?post=39714"}],"wp:featuredmedia":[{"embeddable":true,"href":"https:\/\/stgbc.bcweededible.net\/fr\/wp-json\/wp\/v2\/media\/38571"}],"wp:attachment":[{"href":"https:\/\/stgbc.bcweededible.net\/fr\/wp-json\/wp\/v2\/media?parent=39714"}],"wp:term":[{"taxonomy":"product_brand","embeddable":true,"href":"https:\/\/stgbc.bcweededible.net\/fr\/wp-json\/wp\/v2\/product_brand?post=39714"},{"taxonomy":"product_cat","embeddable":true,"href":"https:\/\/stgbc.bcweededible.net\/fr\/wp-json\/wp\/v2\/product_cat?post=39714"},{"taxonomy":"product_tag","embeddable":true,"href":"https:\/\/stgbc.bcweededible.net\/fr\/wp-json\/wp\/v2\/product_tag?post=39714"}],"curies":[{"name":"wp","href":"https:\/\/api.w.org\/{rel}","templated":true}]}}